{"id":3254,"date":"2023-11-06T16:32:59","date_gmt":"2023-11-06T16:32:59","guid":{"rendered":"https:\/\/exceladvisor.org\/de\/eine-andere-zelle\/"},"modified":"2023-12-03T11:12:06","modified_gmt":"2023-12-03T11:12:06","slug":"eine-andere-zelle","status":"publish","type":"page","link":"https:\/\/exceladvisor.org\/de\/eine-andere-zelle\/","title":{"rendered":"Bedingte formatierung mit einer anderen zelle"},"content":{"rendered":"<div class=\"excel-vor-dem-inhalt\" id=\"excel-3886022121\"><script type=\"text\/javascript\">\r\n\tatOptions = {\r\n\t\t'key' : 'c1158f160081d6540a8409e6925dab94',\r\n\t\t'format' : 'iframe',\r\n\t\t'height' : 250,\r\n\t\t'width' : 300,\r\n\t\t'params' : {}\r\n\t};\r\n<\/script>\r\n<script type=\"text\/javascript\" src=\"\/\/www.highperformanceformat.com\/c1158f160081d6540a8409e6925dab94\/invoke.js\"><\/script><\/div> <p>In Excel k\u00f6nnen Sie die bedingte Formatierung basierend auf einer anderen Zelle verwenden. Dazu m\u00fcssen Sie in der Regel eine benutzerdefinierte Formel verwenden. <\/p><div class=\"wp-block-image\"><figure class=\"aligncenter size-full is-resized\"><img loading=\"lazy\" decoding=\"async\" class=\"wp-image-90480\" src=\"https:\/\/exceladvisor.org\/wp-content\/uploads\/2023\/08\/1-mise-en-forme-conditionnelle-basee-sur-une-autre-cellule.png\" sizes=\"auto, \" srcset=\"\" alt=\"Bedingte Formatierung basierend auf einer anderen Zelle\" width=\"594\" height=\"182\"><\/figure><\/div><p> In diesem Beispiel haben wir monatliche und j\u00e4hrliche Daten und Sie m\u00fcssen alle Werte \u00fcber einem bestimmten Wert hervorheben, der sich in einer anderen Zelle befinden sollte.<\/p><h2 class=\"wp-block-heading\"> Wenden Sie die bedingte Formatierung mithilfe einer anderen Zelle an.<\/h2><ol><li> W\u00e4hlen Sie zun\u00e4chst den Bereich aus, in dem Sie Daten haben. <br><img loading=\"lazy\" decoding=\"async\" title=\"2-Datenbereich ausw\u00e4hlen\" src=\"https:\/\/exceladvisor.org\/wp-content\/uploads\/2023\/08\/2-selectionnez-la-plage-de-donnees.png\" sizes=\"auto, \" srcset=\"\" alt=\"2-select-the-data-range\" width=\"543\" height=\"184\"><\/li><li> Gehen Sie als N\u00e4chstes zur Registerkarte \u201eStartseite\u201c &gt; \u201eBedingte Formatierung\u201c &gt; \u201eNeue Regel\u201c. <br><img loading=\"lazy\" decoding=\"async\" title=\"3-Klick-auf-neue-Regel\" src=\"https:\/\/exceladvisor.org\/wp-content\/uploads\/2023\/08\/3-cliquez-sur-nouvelle-regle.png\" sizes=\"auto, \" srcset=\"\" alt=\"3-click-on-new-rule\" width=\"219\" height=\"395\"><\/li><li> Klicken Sie im Dialogfeld \u201eNeue Regel\u201c auf \u201eFormel verwenden, um zu bestimmen, welche Zellen formatiert werden sollen\u201c und geben Sie die Formel (=B2&gt;=$O$1) in die Formeleingabeleiste ein. <br><img loading=\"lazy\" decoding=\"async\" title=\"4-Geben Sie die Formel ein\" src=\"https:\/\/exceladvisor.org\/wp-content\/uploads\/2023\/08\/4-entrez-la-formule.png\" sizes=\"auto, \" srcset=\"\" alt=\"4-enter-the-formula\" width=\"513\" height=\"371\"><\/li><li> Klicken Sie anschlie\u00dfend auf die Schaltfl\u00e4che \u201eFormat\u201c, um das Format anzugeben, das Sie anwenden m\u00f6chten. <br><img loading=\"lazy\" decoding=\"async\" title=\"5-geben Sie das anzuwendende Format an\" src=\"https:\/\/exceladvisor.org\/wp-content\/uploads\/2023\/08\/5-preciser-le-format-a-appliquer.png\" sizes=\"auto, \" srcset=\"\" alt=\"5-specify-the-format-to-apply\" width=\"527\" height=\"198\"><\/li><li> Nachdem Sie nun das Format angegeben haben, klicken Sie auf OK, um die bedingte Formatierung anzuwenden. Und noch einmal: OK, schlie\u00dfen Sie den Regelmanager. <br><img loading=\"lazy\" decoding=\"async\" title=\"6-OK-zum-Schlie\u00dfen-Regeln-Manager\" src=\"https:\/\/exceladvisor.org\/wp-content\/uploads\/2023\/08\/6-ok-pour-fermer-le-gestionnaire-de-regles.png\" sizes=\"auto, \" srcset=\"\" alt=\"6-ok-to-close-rules-manager\" width=\"528\" height=\"194\"><\/li><\/ol><p> Im Schnappschuss unten sehen Sie, dass wir in Zelle O1 die Zahl 150 haben, um alle Zahlen <a href=\"https:\/\/exceladvisor.org\/de\/grosser-als-gleich\/\">gleich oder gr\u00f6\u00dfer als<\/a> 150 hervorzuheben. <\/p><div class=\"wp-block-image\"><figure class=\"aligncenter size-full is-resized\"><img loading=\"lazy\" decoding=\"async\" class=\"wp-image-90486\" src=\"https:\/\/exceladvisor.org\/wp-content\/uploads\/2023\/08\/7-cellules-avec-une-valeur-superieure-aux-cellules-de-reference-donnees-en-surbrillance.png\" sizes=\"auto, \" srcset=\"\" alt=\"Zellen-mit-einem-mehr-Wert-als-Referenzzellen-hervorgehobene-Daten\" width=\"646\" height=\"234\"><\/figure><\/div><p> Und wenn Sie die Zahl in Zelle O1 \u00e4ndern, \u00e4ndern sich auch die Hervorhebungswerte in den Daten. <\/p><div class=\"wp-block-image\"><figure class=\"aligncenter size-full is-resized\"><img loading=\"lazy\" decoding=\"async\" class=\"wp-image-90487\" src=\"https:\/\/exceladvisor.org\/wp-content\/uploads\/2023\/08\/8-cellules-en-surbrillance-changent-avec-la-modification-de-la-valeur-de-la-cellule-de-reference.png\" sizes=\"auto, \" srcset=\"\" alt=\"Hervorgehobene Zellen \u00e4ndern sich mit der \u00c4nderung des Referenzzellenwerts\" width=\"666\" height=\"172\"><\/figure><\/div><div class=\"gb-container gb-container-52dfcee1 gb-container-sample-file\"><h2 class=\"gb-headline gb-headline-e289c143 gb-headline-text gb-headline-4f7959c2\"> Holen Sie sich die Excel-Datei<\/h2> <a class=\"gb-button gb-button-e88d6bee gb-button-text gb-button-button1\" href=\"https:\/\/exceladvisor.org\/wp-content\/uploads\/2023\/11\/mise-en-forme-conditionnelle-basee-sur-une-autre-cellule.xlsx\" rel=\"nofollow\">Herunterladen<\/a><\/div><div class=\"gb-container gb-container-6076ba72 gb-container-mt\"> <a class=\"gb-button gb-button-76e6a499 gb-button-text gb-button-mt-button\" href=\"https:\/\/exceladvisor.org\/de\/excel-grundlagen\/\">Lernen Sie die Grundlagen von Excel<\/a><h2 class=\"gb-headline gb-headline-a9e9e206 gb-headline-text gb-headline-mt-heading\"> Erfahren Sie mehr \u00fcber <a href=\"https:\/\/exceladvisor.org\/de\/bedingte-formatierung\/\">bedingte Formatierung<\/a> <\/h2><div class=\"gb-grid-wrapper gb-grid-wrapper-790317cb gb-grid-wrapper-mt-grid\"><div class=\"gb-grid-column gb-grid-column-a9845ede\"><div class=\"gb-container gb-container-a9845ede\"><ul><li> <a href=\"https:\/\/exceladvisor.org\/de\/wenden-sie-eine-bedingte-formatierung-an\/\">Wenden Sie eine bedingte Formatierung auf eine Pivot-Tabelle an<\/a><\/li><li> <a href=\"https:\/\/exceladvisor.org\/de\/zuruckziehen\/\">Bedingte Formatierung entfernen<\/a><\/li><li> <a href=\"https:\/\/exceladvisor.org\/de\/leere-zellen\/\">Wenden Sie bedingte Formatierung auf leere Zellen in Excel an<\/a><\/li><li> <a href=\"https:\/\/exceladvisor.org\/de\/spalten-vergleichen\/\">Vergleichen Sie zwei Spalten mithilfe der bedingten Formatierung<\/a><\/li><li> <a href=\"https:\/\/exceladvisor.org\/de\/eine-weitere-spalte\/\">Wenden Sie eine bedingte Formatierung basierend auf einer anderen Spalte an<\/a><\/li><\/ul><\/div><\/div><\/div><\/div>","protected":false},"excerpt":{"rendered":"","protected":false},"author":1,"featured_media":0,"parent":0,"menu_order":0,"comment_status":"open","ping_status":"closed","template":"","meta":{"ub_ctt_via":"","footnotes":""},"class_list":["post-3254","page","type-page","status-publish","hentry"],"featured_image_src":null,"yoast_head":"<!-- This site is optimized with the Yoast SEO plugin v25.4 - https:\/\/yoast.com\/wordpress\/plugins\/seo\/ -->\n<title>Bedingte Formatierung mithilfe einer anderen Zelle in Excel<\/title>\n<meta name=\"description\" content=\"Dieses Tutorial hilft Ihnen, bedingte Formatierung basierend auf einer anderen Zelle in Excel anzuwenden. Lassen Sie uns das \u00fcberpr\u00fcfen ...\" \/>\n<meta name=\"robots\" content=\"index, follow, max-snippet:-1, max-image-preview:large, max-video-preview:-1\" \/>\n<link rel=\"canonical\" href=\"https:\/\/exceladvisor.org\/de\/eine-andere-zelle\/\" \/>\n<meta property=\"og:locale\" content=\"de_DE\" \/>\n<meta property=\"og:type\" content=\"article\" \/>\n<meta property=\"og:title\" content=\"Bedingte Formatierung mithilfe einer anderen Zelle in Excel\" \/>\n<meta property=\"og:description\" content=\"Dieses Tutorial hilft Ihnen, bedingte Formatierung basierend auf einer anderen Zelle in Excel anzuwenden. Lassen Sie uns das \u00fcberpr\u00fcfen ...\" \/>\n<meta property=\"og:url\" content=\"https:\/\/exceladvisor.org\/de\/eine-andere-zelle\/\" \/>\n<meta property=\"og:site_name\" content=\"Excel Advisor\" \/>\n<meta property=\"article:modified_time\" content=\"2023-12-03T11:12:06+00:00\" \/>\n<meta property=\"og:image\" content=\"https:\/\/exceladvisor.org\/wp-content\/uploads\/2023\/08\/1-mise-en-forme-conditionnelle-basee-sur-une-autre-cellule.png\" \/>\n<meta name=\"twitter:card\" content=\"summary_large_image\" \/>\n<meta name=\"twitter:label1\" content=\"Gesch\u00e4tzte Lesezeit\" \/>\n\t<meta name=\"twitter:data1\" content=\"1\u00a0Minute\" \/>\n<script type=\"application\/ld+json\" class=\"yoast-schema-graph\">{\"@context\":\"https:\/\/schema.org\",\"@graph\":[{\"@type\":\"WebPage\",\"@id\":\"https:\/\/exceladvisor.org\/de\/eine-andere-zelle\/\",\"url\":\"https:\/\/exceladvisor.org\/de\/eine-andere-zelle\/\",\"name\":\"Bedingte Formatierung mithilfe einer anderen Zelle in Excel\",\"isPartOf\":{\"@id\":\"https:\/\/exceladvisor.org\/de\/#website\"},\"primaryImageOfPage\":{\"@id\":\"https:\/\/exceladvisor.org\/de\/eine-andere-zelle\/#primaryimage\"},\"image\":{\"@id\":\"https:\/\/exceladvisor.org\/de\/eine-andere-zelle\/#primaryimage\"},\"thumbnailUrl\":\"https:\/\/exceladvisor.org\/wp-content\/uploads\/2023\/08\/1-mise-en-forme-conditionnelle-basee-sur-une-autre-cellule.png\",\"datePublished\":\"2023-11-06T16:32:59+00:00\",\"dateModified\":\"2023-12-03T11:12:06+00:00\",\"description\":\"Dieses Tutorial hilft Ihnen, bedingte Formatierung basierend auf einer anderen Zelle in Excel anzuwenden. Lassen Sie uns das \u00fcberpr\u00fcfen ...\",\"breadcrumb\":{\"@id\":\"https:\/\/exceladvisor.org\/de\/eine-andere-zelle\/#breadcrumb\"},\"inLanguage\":\"de\",\"potentialAction\":[{\"@type\":\"ReadAction\",\"target\":[\"https:\/\/exceladvisor.org\/de\/eine-andere-zelle\/\"]}]},{\"@type\":\"ImageObject\",\"inLanguage\":\"de\",\"@id\":\"https:\/\/exceladvisor.org\/de\/eine-andere-zelle\/#primaryimage\",\"url\":\"https:\/\/exceladvisor.org\/wp-content\/uploads\/2023\/08\/1-mise-en-forme-conditionnelle-basee-sur-une-autre-cellule.png\",\"contentUrl\":\"https:\/\/exceladvisor.org\/wp-content\/uploads\/2023\/08\/1-mise-en-forme-conditionnelle-basee-sur-une-autre-cellule.png\"},{\"@type\":\"BreadcrumbList\",\"@id\":\"https:\/\/exceladvisor.org\/de\/eine-andere-zelle\/#breadcrumb\",\"itemListElement\":[{\"@type\":\"ListItem\",\"position\":1,\"name\":\"Accueil\",\"item\":\"https:\/\/exceladvisor.org\/de\/\"},{\"@type\":\"ListItem\",\"position\":2,\"name\":\"Bedingte formatierung mit einer anderen zelle\"}]},{\"@type\":\"WebSite\",\"@id\":\"https:\/\/exceladvisor.org\/de\/#website\",\"url\":\"https:\/\/exceladvisor.org\/de\/\",\"name\":\"Excel Advisor\",\"description\":\"Ihr Leitfaden zur Datendominanz\",\"publisher\":{\"@id\":\"https:\/\/exceladvisor.org\/de\/#organization\"},\"potentialAction\":[{\"@type\":\"SearchAction\",\"target\":{\"@type\":\"EntryPoint\",\"urlTemplate\":\"https:\/\/exceladvisor.org\/de\/?s={search_term_string}\"},\"query-input\":{\"@type\":\"PropertyValueSpecification\",\"valueRequired\":true,\"valueName\":\"search_term_string\"}}],\"inLanguage\":\"de\"},{\"@type\":\"Organization\",\"@id\":\"https:\/\/exceladvisor.org\/de\/#organization\",\"name\":\"Excel Advisor\",\"url\":\"https:\/\/exceladvisor.org\/de\/\",\"logo\":{\"@type\":\"ImageObject\",\"inLanguage\":\"de\",\"@id\":\"https:\/\/exceladvisor.org\/de\/#\/schema\/logo\/image\/\",\"url\":\"https:\/\/exceladvisor.org\/de\/wp-content\/uploads\/2023\/11\/exceladvisor.org_.png\",\"contentUrl\":\"https:\/\/exceladvisor.org\/de\/wp-content\/uploads\/2023\/11\/exceladvisor.org_.png\",\"width\":105,\"height\":36,\"caption\":\"Excel Advisor\"},\"image\":{\"@id\":\"https:\/\/exceladvisor.org\/de\/#\/schema\/logo\/image\/\"}}]}<\/script>\n<!-- \/ Yoast SEO plugin. -->","yoast_head_json":{"title":"Bedingte Formatierung mithilfe einer anderen Zelle in Excel","description":"Dieses Tutorial hilft Ihnen, bedingte Formatierung basierend auf einer anderen Zelle in Excel anzuwenden. Lassen Sie uns das \u00fcberpr\u00fcfen ...","robots":{"index":"index","follow":"follow","max-snippet":"max-snippet:-1","max-image-preview":"max-image-preview:large","max-video-preview":"max-video-preview:-1"},"canonical":"https:\/\/exceladvisor.org\/de\/eine-andere-zelle\/","og_locale":"de_DE","og_type":"article","og_title":"Bedingte Formatierung mithilfe einer anderen Zelle in Excel","og_description":"Dieses Tutorial hilft Ihnen, bedingte Formatierung basierend auf einer anderen Zelle in Excel anzuwenden. Lassen Sie uns das \u00fcberpr\u00fcfen ...","og_url":"https:\/\/exceladvisor.org\/de\/eine-andere-zelle\/","og_site_name":"Excel Advisor","article_modified_time":"2023-12-03T11:12:06+00:00","og_image":[{"url":"https:\/\/exceladvisor.org\/wp-content\/uploads\/2023\/08\/1-mise-en-forme-conditionnelle-basee-sur-une-autre-cellule.png","type":"","width":"","height":""}],"twitter_card":"summary_large_image","twitter_misc":{"Gesch\u00e4tzte Lesezeit":"1\u00a0Minute"},"schema":{"@context":"https:\/\/schema.org","@graph":[{"@type":"WebPage","@id":"https:\/\/exceladvisor.org\/de\/eine-andere-zelle\/","url":"https:\/\/exceladvisor.org\/de\/eine-andere-zelle\/","name":"Bedingte Formatierung mithilfe einer anderen Zelle in Excel","isPartOf":{"@id":"https:\/\/exceladvisor.org\/de\/#website"},"primaryImageOfPage":{"@id":"https:\/\/exceladvisor.org\/de\/eine-andere-zelle\/#primaryimage"},"image":{"@id":"https:\/\/exceladvisor.org\/de\/eine-andere-zelle\/#primaryimage"},"thumbnailUrl":"https:\/\/exceladvisor.org\/wp-content\/uploads\/2023\/08\/1-mise-en-forme-conditionnelle-basee-sur-une-autre-cellule.png","datePublished":"2023-11-06T16:32:59+00:00","dateModified":"2023-12-03T11:12:06+00:00","description":"Dieses Tutorial hilft Ihnen, bedingte Formatierung basierend auf einer anderen Zelle in Excel anzuwenden. Lassen Sie uns das \u00fcberpr\u00fcfen ...","breadcrumb":{"@id":"https:\/\/exceladvisor.org\/de\/eine-andere-zelle\/#breadcrumb"},"inLanguage":"de","potentialAction":[{"@type":"ReadAction","target":["https:\/\/exceladvisor.org\/de\/eine-andere-zelle\/"]}]},{"@type":"ImageObject","inLanguage":"de","@id":"https:\/\/exceladvisor.org\/de\/eine-andere-zelle\/#primaryimage","url":"https:\/\/exceladvisor.org\/wp-content\/uploads\/2023\/08\/1-mise-en-forme-conditionnelle-basee-sur-une-autre-cellule.png","contentUrl":"https:\/\/exceladvisor.org\/wp-content\/uploads\/2023\/08\/1-mise-en-forme-conditionnelle-basee-sur-une-autre-cellule.png"},{"@type":"BreadcrumbList","@id":"https:\/\/exceladvisor.org\/de\/eine-andere-zelle\/#breadcrumb","itemListElement":[{"@type":"ListItem","position":1,"name":"Accueil","item":"https:\/\/exceladvisor.org\/de\/"},{"@type":"ListItem","position":2,"name":"Bedingte formatierung mit einer anderen zelle"}]},{"@type":"WebSite","@id":"https:\/\/exceladvisor.org\/de\/#website","url":"https:\/\/exceladvisor.org\/de\/","name":"Excel Advisor","description":"Ihr Leitfaden zur Datendominanz","publisher":{"@id":"https:\/\/exceladvisor.org\/de\/#organization"},"potentialAction":[{"@type":"SearchAction","target":{"@type":"EntryPoint","urlTemplate":"https:\/\/exceladvisor.org\/de\/?s={search_term_string}"},"query-input":{"@type":"PropertyValueSpecification","valueRequired":true,"valueName":"search_term_string"}}],"inLanguage":"de"},{"@type":"Organization","@id":"https:\/\/exceladvisor.org\/de\/#organization","name":"Excel Advisor","url":"https:\/\/exceladvisor.org\/de\/","logo":{"@type":"ImageObject","inLanguage":"de","@id":"https:\/\/exceladvisor.org\/de\/#\/schema\/logo\/image\/","url":"https:\/\/exceladvisor.org\/de\/wp-content\/uploads\/2023\/11\/exceladvisor.org_.png","contentUrl":"https:\/\/exceladvisor.org\/de\/wp-content\/uploads\/2023\/11\/exceladvisor.org_.png","width":105,"height":36,"caption":"Excel Advisor"},"image":{"@id":"https:\/\/exceladvisor.org\/de\/#\/schema\/logo\/image\/"}}]}},"yoast_meta":{"yoast_wpseo_title":"","yoast_wpseo_metadesc":"","yoast_wpseo_canonical":""},"_links":{"self":[{"href":"https:\/\/exceladvisor.org\/de\/wp-json\/wp\/v2\/pages\/3254","targetHints":{"allow":["GET"]}}],"collection":[{"href":"https:\/\/exceladvisor.org\/de\/wp-json\/wp\/v2\/pages"}],"about":[{"href":"https:\/\/exceladvisor.org\/de\/wp-json\/wp\/v2\/types\/page"}],"author":[{"embeddable":true,"href":"https:\/\/exceladvisor.org\/de\/wp-json\/wp\/v2\/users\/1"}],"replies":[{"embeddable":true,"href":"https:\/\/exceladvisor.org\/de\/wp-json\/wp\/v2\/comments?post=3254"}],"version-history":[{"count":1,"href":"https:\/\/exceladvisor.org\/de\/wp-json\/wp\/v2\/pages\/3254\/revisions"}],"predecessor-version":[{"id":3731,"href":"https:\/\/exceladvisor.org\/de\/wp-json\/wp\/v2\/pages\/3254\/revisions\/3731"}],"wp:attachment":[{"href":"https:\/\/exceladvisor.org\/de\/wp-json\/wp\/v2\/media?parent=3254"}],"curies":[{"name":"wp","href":"https:\/\/api.w.org\/{rel}","templated":true}]}}