{"id":3255,"date":"2023-11-06T11:11:53","date_gmt":"2023-11-06T11:11:53","guid":{"rendered":"https:\/\/exceladvisor.org\/de\/automatisch-formatieren\/"},"modified":"2023-12-03T13:06:00","modified_gmt":"2023-12-03T13:06:00","slug":"automatisch-formatieren","status":"publish","type":"page","link":"https:\/\/exceladvisor.org\/de\/automatisch-formatieren\/","title":{"rendered":"Wie verwende ich die option autoformat in excel?"},"content":{"rendered":"<div class=\"excel-vor-dem-inhalt\" id=\"excel-2866787950\"><script type=\"text\/javascript\">\r\n\tatOptions = {\r\n\t\t'key' : 'c1158f160081d6540a8409e6925dab94',\r\n\t\t'format' : 'iframe',\r\n\t\t'height' : 250,\r\n\t\t'width' : 300,\r\n\t\t'params' : {}\r\n\t};\r\n<\/script>\r\n<script type=\"text\/javascript\" src=\"\/\/www.highperformanceformat.com\/c1158f160081d6540a8409e6925dab94\/invoke.js\"><\/script><\/div> <p>Formatieren ist eine m\u00fchsame Aufgabe. Es ist wirklich schwierig, Ihre Daten jedes Mal zu formatieren, wenn Sie sie jemandem pr\u00e4sentieren. Aber nur dadurch werden Ihre Daten umfassender und einfacher nutzbar.<\/p><p> Es w\u00e4re toll, wenn Sie eine Option h\u00e4tten, mit der Sie Ihre Daten ohne gro\u00dfen Zeitverlust formatieren k\u00f6nnen. Wenn es um Excel geht, steht Ihnen also eine erstaunliche Option zur Verf\u00fcgung, mit der Sie Ihre Daten im Handumdrehen formatieren k\u00f6nnen.<\/p><p> Sein Name ist AUTOFORMAT. Beim automatischen Format stehen Ihnen mehrere vordefinierte Formate zur Verf\u00fcgung, die Sie sofort auf Ihre Daten anwenden k\u00f6nnen.<\/p><p> Sie m\u00fcssen lediglich ein Format ausw\u00e4hlen und auf OK klicken, um es anzuwenden. Es ist einfach und leicht. In allen vorgefertigten Formaten stehen Ihnen alle wichtigen Formatierungskomponenten zur Verf\u00fcgung, wie zum Beispiel:<\/p><ul><li> Zahlen formatieren<\/li><li> <a href=\"https:\/\/exceladvisor.org\/de\/grenze\/\">Grenzen<\/a><\/li><li> <a href=\"https:\/\/exceladvisor.org\/de\/standardschriftart\/\">Schriftstil<\/a><\/li><li> Muster und <a href=\"https:\/\/exceladvisor.org\/de\/zellfarbe\/\">Hintergrundfarben<\/a><\/li><li> Textausrichtung<\/li><li> <a href=\"https:\/\/exceladvisor.org\/de\/spaltenbreite\/\">Spalten- und Zeilengr\u00f6\u00dfe<\/a><\/li><\/ul><p> In diesem Artikel erfahren Sie mehr \u00fcber diese erstaunliche Option, mit der Sie in den kommenden Tagen viel Zeit sparen k\u00f6nnen.<\/p><p class=\"qt-tip\"> <strong>Kurzer Hinweis<\/strong> : Dies ist einer dieser <a style=\"outline: none;\" href=\"https:\/\/exceladvisor.org\/de\/beratung\/\" data-wpil=\"url\" data-wpel-link=\"internal\">Excel-Tricks<\/a> , mit denen Sie <a href=\"https:\/\/exceladvisor.org\/de\/hervorragende-fahigkeiten\/\" data-wpel-link=\"internal\">grundlegende Excel-Kenntnisse<\/a> verbessern k\u00f6nnen. Also lasst uns anfangen\u2026<\/p><h2 class=\"wp-block-heading\"> Wo finde ich die Option AUTOFORMAT?<\/h2><p> Wenn Sie die Excel 2003-Version \u00fcberpr\u00fcfen, finden Sie im Men\u00fc die Option zur automatischen Formatierung. Seit der Ver\u00f6ffentlichung von 2007 mit Multifunktionsleiste ist diese Option jedoch auf keiner der Registerkarten verf\u00fcgbar.<\/p><p> Dies bedeutet nicht, dass Sie es nicht in fr\u00fcheren Versionen verwenden k\u00f6nnen. Es ist immer noch da, aber versteckt. Um es also in Excel-Versionen wie 2007, 2010, 2013 und 2016 verwenden zu k\u00f6nnen, m\u00fcssen Sie es zur Excel-Symbolleiste f\u00fcr den Schnellzugriff hinzuf\u00fcgen. Dies ist eine einmalige Einrichtung, sodass Sie sie nicht immer wieder durchf\u00fchren m\u00fcssen.<\/p><h2 id=\"tab-con-2\" class=\"wp-block-heading\"> F\u00fcgen Sie der Symbolleiste f\u00fcr den Schnellzugriff die automatische Formatierung hinzu<\/h2><p> Um AutoFormat zu Ihrer <a style=\"outline: none;\" href=\"https:\/\/exceladvisor.org\/de\/schnellzugriffsleiste\/\" data-wpel-link=\"internal\">Schnellzugriffsleiste hinzuzuf\u00fcgen,<\/a> befolgen Sie bitte diese Schritte.<\/p><ul><li> Gehen Sie zun\u00e4chst zu Ihrer Symbolleiste f\u00fcr den Schnellzugriff und klicken Sie auf den kleinen Abw\u00e4rtspfeil am Ende der Symbolleiste. <\/li><\/ul><div class=\"wp-block-image\"><figure class=\"aligncenter\"><img decoding=\"async\" src=\"https:\/\/exceladvisor.org\/wp-content\/uploads\/2023\/08\/cliquez-sur-la-liste-deroulante-pour-activer-le-format-automatique-dans-Excel-min-1.png\" sizes=\"\" srcset=\"\" alt=\"Klicken Sie auf das Dropdown-Feld, um die automatische Formatierung in Excel zu aktivieren\"><\/figure><\/div><ul><li> Und wenn Sie darauf klicken, wird ein Dropdown-Men\u00fc angezeigt. <\/li><\/ul><div class=\"wp-block-image\"><figure class=\"aligncenter\"><img decoding=\"async\" src=\"https:\/\/exceladvisor.org\/wp-content\/uploads\/2023\/08\/cliquez-sur-plus-de-commandes-pour-activer-le-format-automatique-dans-excel-min-1.png\" sizes=\"\" srcset=\"\" alt=\"Klicken Sie auf weitere Befehle, um die automatische Formatierung in Excel zu aktivieren\"><\/figure><\/div><ul><li> Klicken Sie in diesem Men\u00fc auf \u201eWeitere Bestellungen\u201c. <\/li><\/ul><div class=\"wp-block-image\"><figure class=\"aligncenter\"><img decoding=\"async\" src=\"https:\/\/exceladvisor.org\/wp-content\/uploads\/2023\/08\/cliquez-sur-plus-de-commandes-pour-activer-le-format-automatique-dans-excel-min-1.png\" sizes=\"\" srcset=\"\" alt=\"Klicken Sie auf weitere Befehle, um die automatische Formatierung in Excel zu aktivieren\"><\/figure><\/div><ul><li> Sobald Sie darauf klicken, wird in den Excel-Optionen \u201eSymbolleiste f\u00fcr den Schnellzugriff anpassen\u201c ge\u00f6ffnet.<\/li><li> Klicken Sie dort auf das Dropdown-Men\u00fc \u201eBefehle ausw\u00e4hlen aus\u201c und w\u00e4hlen Sie \u201eBefehle nicht im Men\u00fcband\u201c aus. <\/li><\/ul><div class=\"wp-block-image\"><figure class=\"aligncenter\"><img decoding=\"async\" src=\"https:\/\/exceladvisor.org\/wp-content\/uploads\/2023\/08\/selectionnez-les-commandes-qui-ne-se-trouvent-pas-dans-le-ruban-pour-ajouter-le-format-automatique-dans-la-barre-doutils-dacces-rapide-dExcel-min-1.png\" sizes=\"\" srcset=\"\" alt=\"W\u00e4hlen Sie Befehle aus, die nicht im Men\u00fcband enthalten sind, um der Excel-Symbolleiste f\u00fcr den Schnellzugriff eine automatische Formatierung hinzuzuf\u00fcgen\"><\/figure><\/div><ul><li> Gehen Sie anschlie\u00dfend zu der Liste der Befehle, die sich direkt unter dieser Dropdown-Liste befindet.<\/li><li> W\u00e4hlen Sie au\u00dferdem die Option \u201eAutomatisches Format\u201c und f\u00fcgen Sie sie der Symbolleiste f\u00fcr den Schnellzugriff hinzu. <\/li><\/ul><div class=\"wp-block-image\"><figure class=\"aligncenter\"><img decoding=\"async\" src=\"https:\/\/exceladvisor.org\/wp-content\/uploads\/2023\/08\/selectionner-a-partir-de-la-commande-de-format-automatique-dans-Excel-pour-ajouter-a-la-barre-doutils-dacces-rapide-min-1.png\" sizes=\"\" srcset=\"\" alt=\"W\u00e4hlen Sie den Befehl \u201eAutomatische Formatierung\u201c in Excel aus, um ihn zur Symbolleiste f\u00fcr den Schnellzugriff hinzuzuf\u00fcgen\"><\/figure><\/div><ul><li> OK klicken. <\/li><\/ul><div class=\"wp-block-image\"><figure class=\"aligncenter\"><img decoding=\"async\" src=\"https:\/\/exceladvisor.org\/wp-content\/uploads\/2023\/08\/bouton-de-formatage-automatique-dans-la-barre-doutils-dacces-rapide-dExcel-min-1.png\" sizes=\"\" srcset=\"\" alt=\"Schaltfl\u00e4che \u201eAutomatische Formatierung\u201c in der Excel-Schnellzugriffsleiste\"><\/figure><\/div><p> Jetzt haben Sie das Symbol f\u00fcr die automatische Formatierung in Ihrer Symbolleiste f\u00fcr den Schnellzugriff.<\/p><h2 id=\"tab-con-3\" class=\"wp-block-heading\"> Wie verwende ich die automatische Formatierung?<\/h2><p> Das Anwenden von Formaten mit einer automatischen Formatierungsoption ist sehr einfach. Angenommen, Sie m\u00f6chten die folgende Datentabelle formatieren. <\/p><div class=\"wp-block-image\"><figure class=\"aligncenter\"><img decoding=\"async\" src=\"https:\/\/exceladvisor.org\/wp-content\/uploads\/2023\/08\/table-de-donnees-pour-utiliser-le-format-automatique-dans-excel-min-1.png\" sizes=\"\" srcset=\"\" alt=\"Datentabelle zur Verwendung des automatischen Formats in Excel\"><\/figure><\/div><p> <a style=\"outline: none;\" href=\"https:\/\/exceladvisor.org\/wp-content\/uploads\/2023\/08\/formatage-automatique-des-donnees.xlsx\" rel=\"nofollow\">Laden Sie diese Datei hier herunter,<\/a> um sie zu befolgen, und f\u00fchren Sie die folgenden Schritte aus, um die Tabelle zu formatieren.<\/p><ul><li> W\u00e4hlen Sie eine der Zellen in Ihren Daten aus. <\/li><\/ul><div class=\"wp-block-image\"><figure class=\"aligncenter\"><img decoding=\"async\" src=\"https:\/\/exceladvisor.org\/wp-content\/uploads\/2023\/08\/selectionnez-nimporte-quelle-cellule-des-donnees-pour-appliquer-le-formatage-avec-le-format-automatique-dans-Excel-min-1.png\" sizes=\"\" srcset=\"\" alt=\"W\u00e4hlen Sie eine beliebige Zelle in den Daten aus, um die Formatierung mit der automatischen Formatierung in Excel anzuwenden\"><\/figure><\/div><ul><li> Gehen Sie zur Symbolleiste f\u00fcr den Schnellzugriff und klicken Sie auf die Schaltfl\u00e4che \u201eAutomatisch formatieren\u201c. <\/li><\/ul><div class=\"wp-block-image\"><figure class=\"aligncenter\"><img decoding=\"async\" src=\"https:\/\/exceladvisor.org\/wp-content\/uploads\/2023\/08\/cliquez-sur-le-bouton-de-formatage-automatique-pour-ajouter-un-formatage-sur-la-table-de-donnees-min-1.png\" sizes=\"\" srcset=\"\" alt=\"Klicken Sie auf die Schaltfl\u00e4che \u201eAutomatische Formatierung\u201c, um der Datentabelle eine Formatierung hinzuzuf\u00fcgen\"><\/figure><\/div><ul><li> Jetzt haben Sie ein Fenster, in dem Sie verschiedene Datenformate haben.<\/li><li> W\u00e4hlen Sie eine aus und klicken Sie auf OK. <\/li><\/ul><div class=\"wp-block-image\"><figure class=\"aligncenter\"><img decoding=\"async\" src=\"https:\/\/exceladvisor.org\/wp-content\/uploads\/2023\/08\/selectionnez-le-format-et-cliquez-sur-OK-pour-appliquer-le-formatage-avec-le-format-automatique-dans-Excel-min-1.png\" sizes=\"\" srcset=\"\" alt=\"W\u00e4hlen Sie das Format aus und klicken Sie auf OK, um die Formatierung mit automatischer Formatierung in Excel anzuwenden\"><\/figure><\/div><ul><li> Sobald Sie auf \u201eOK\u201c klicken, wird das von Ihnen gew\u00e4hlte Format sofort auf die Daten angewendet. <\/li><\/ul><div class=\"wp-block-image\"><figure class=\"aligncenter\"><img decoding=\"async\" src=\"https:\/\/exceladvisor.org\/wp-content\/uploads\/2023\/08\/tableau-formate-avec-format-automatique-dans-excel-min-1.png\" sizes=\"\" srcset=\"\" alt=\"Formatierte Tabelle mit automatischer Formatierung in Excel\"><\/figure><\/div><h2 id=\"tab-con-4\" class=\"wp-block-heading\"> Wie \u00e4ndere ich ein Format in ein automatisches Format?<\/h2><p> Wie ich oben erw\u00e4hnt habe, sind alle Formate im Autoformat eine Kombination aus 6 verschiedenen Komponenten. Und Sie k\u00f6nnen diese Komponenten auch zu jedem Format hinzuf\u00fcgen oder daraus entfernen, bevor Sie sie anwenden.<\/p><p> Angenommen, Sie m\u00f6chten der Datentabelle unten eine Formatierung hinzuf\u00fcgen, ohne jedoch den Schriftstil und die Spaltenbreite zu \u00e4ndern. Sie m\u00fcssen das Format anwenden, indem Sie die folgenden Schritte ausf\u00fchren.<\/p><ul><li> W\u00e4hlen Sie Ihre Daten aus und klicken Sie auf die Schaltfl\u00e4che \u201eAutomatische Formatierung\u201c.<\/li><li> W\u00e4hlen Sie ein anzuwendendes Format aus und klicken Sie auf die Schaltfl\u00e4che \u201eOptionen\u201c.<\/li><li> Deaktivieren Sie in den Optionen \u201eSchriftart\u201c und \u201eBreite\/H\u00f6he\u201c. <\/li><\/ul><div class=\"wp-block-image\"><figure class=\"aligncenter\"><img decoding=\"async\" src=\"https:\/\/exceladvisor.org\/wp-content\/uploads\/2023\/08\/modifier-le-format-au-format-automatique-dans-excel-min-1.png\" sizes=\"\" srcset=\"\" alt=\"\u00c4ndern Sie das Format in Excel in das automatische Format\"><\/figure><\/div><ul><li> Und klicken Sie auf OK. <\/li><\/ul><div class=\"wp-block-image\"><figure class=\"aligncenter\"><img decoding=\"async\" src=\"https:\/\/exceladvisor.org\/wp-content\/uploads\/2023\/08\/format-sans-style-de-police-et-largeur-avec-format-automatique-min-1.png\" sizes=\"\" srcset=\"\" alt=\"Format ohne Schriftstil und Breite mit Autoformat\"><\/figure><\/div><p> Jetzt sind beide Komponenten in Ihrer Formatierung nicht vorhanden.<\/p><h2 id=\"tab-con-5\" class=\"wp-block-heading\"> Formatierung entfernen<\/h2><p> Nun, um Datenformatierungen zu entfernen, verwenden Sie am besten die Tastenkombination Alt + H + E + F. Sie k\u00f6nnen aber auch die Option zur automatischen Formatierung verwenden, um Formatierungen aus Ihren Daten zu entfernen.<\/p><ul><li> W\u00e4hlen Sie alle Ihre Daten aus und \u00f6ffnen Sie die automatische Formatierung.<\/li><li> Gehen Sie zum letzten Format in der Liste, in dem Sie das Format \u201eKeine\u201c haben. <\/li><\/ul><div class=\"wp-block-image\"><figure class=\"aligncenter\"><img decoding=\"async\" src=\"https:\/\/exceladvisor.org\/wp-content\/uploads\/2023\/08\/supprimer-le-format-avec-le-format-automatique-min-1.png\" sizes=\"\" srcset=\"\" alt=\"Entfernen Sie das Format mit der automatischen Formatierung\"><\/figure><\/div><ul><li> W\u00e4hlen Sie es aus und klicken Sie auf OK.<\/li><\/ul><h2 id=\"tab-con-6\" class=\"wp-block-heading\"> Wichtige Punkte<\/h2><ol><li> Die automatische Formatierung kann nicht erkennen, ob Ihre Daten bereits formatiert sind. Die neue Formatierung wird ignoriert und entsprechend dem von Ihnen ausgew\u00e4hlten Format angewendet.<\/li><li> Sie ben\u00f6tigen mindestens 2 Zellen, um die Formatierung mit der Option \u201eAutomatische Formatierung\u201c anzuwenden.<\/li><\/ol><div class=\"gb-container gb-container-4db6181c gb-container-mt\"> <a class=\"gb-button gb-button-c5897111 gb-button-text gb-button-mt-button\" href=\"https:\/\/exceladvisor.org\/de\/excel-fortschritt\/\">Erweiterte Excel-Tutorials<\/a><h2 class=\"gb-headline gb-headline-665e5f6b gb-headline-text gb-headline-mt-heading\"> Verwandte Tutorials <\/h2><div class=\"gb-grid-wrapper gb-grid-wrapper-a20baf7c gb-grid-wrapper-mt-grid\"><div class=\"gb-grid-column gb-grid-column-65ddf67e\"><div class=\"gb-container gb-container-65ddf67e\"><ul><li> <a href=\"https:\/\/exceladvisor.org\/de\/formeln-1\/\" data-wpil=\"url\">Formeln in bedingter Formatierung<\/a><\/li><li> <a href=\"https:\/\/exceladvisor.org\/de\/markieren-sie-abwechselnde-zeilen\/\">Markieren Sie alternative Zeilen in Excel mit einem Farbfeld<\/a><\/li><li> <a href=\"https:\/\/exceladvisor.org\/de\/icon-spiele\/\" data-wpil=\"url\">Symbols\u00e4tze in Excel verwenden (bedingte Formatierung)<\/a><\/li><li> <a href=\"https:\/\/exceladvisor.org\/de\/beste-schriftarten\/\">Beste Schriftarten f\u00fcr Microsoft Excel<\/a><\/li><li> <a href=\"https:\/\/exceladvisor.org\/de\/nullen-ausblenden\/\">Nullwerte in Excel ausblenden<\/a> <\/li><\/ul><\/div><\/div><div class=\"gb-grid-column gb-grid-column-50067b57\"><div class=\"gb-container gb-container-50067b57\"><\/div><\/div><\/div><\/div>","protected":false},"excerpt":{"rendered":"","protected":false},"author":1,"featured_media":0,"parent":0,"menu_order":0,"comment_status":"open","ping_status":"closed","template":"","meta":{"ub_ctt_via":"","footnotes":""},"class_list":["post-3255","page","type-page","status-publish","hentry"],"featured_image_src":null,"yoast_head":"<!-- This site is optimized with the Yoast SEO plugin v25.4 - https:\/\/yoast.com\/wordpress\/plugins\/seo\/ -->\n<title>Automatisches Excel-Format | Formatierungsoption, um Zeit zu sparen<\/title>\n<meta name=\"description\" content=\"Wenn Sie Ihre M\u00fche und Zeit nicht mit der Formatierung Ihrer Daten verschwenden m\u00f6chten, k\u00f6nnen Sie die Option zur automatischen Formatierung verwenden, die 16 verschiedene Formate bietet.\" \/>\n<meta name=\"robots\" content=\"index, follow, max-snippet:-1, max-image-preview:large, max-video-preview:-1\" \/>\n<link rel=\"canonical\" href=\"https:\/\/exceladvisor.org\/de\/automatisch-formatieren\/\" \/>\n<meta property=\"og:locale\" content=\"de_DE\" \/>\n<meta property=\"og:type\" content=\"article\" \/>\n<meta property=\"og:title\" content=\"Automatisches Excel-Format | Formatierungsoption, um Zeit zu sparen\" \/>\n<meta property=\"og:description\" content=\"Wenn Sie Ihre M\u00fche und Zeit nicht mit der Formatierung Ihrer Daten verschwenden m\u00f6chten, k\u00f6nnen Sie die Option zur automatischen Formatierung verwenden, die 16 verschiedene Formate bietet.\" \/>\n<meta property=\"og:url\" content=\"https:\/\/exceladvisor.org\/de\/automatisch-formatieren\/\" \/>\n<meta property=\"og:site_name\" content=\"Excel Advisor\" \/>\n<meta property=\"article:modified_time\" content=\"2023-12-03T13:06:00+00:00\" \/>\n<meta property=\"og:image\" content=\"https:\/\/exceladvisor.org\/wp-content\/uploads\/2023\/08\/cliquez-sur-la-liste-deroulante-pour-activer-le-format-automatique-dans-Excel-min-1.png\" \/>\n<meta name=\"twitter:card\" content=\"summary_large_image\" \/>\n<meta name=\"twitter:label1\" content=\"Gesch\u00e4tzte Lesezeit\" \/>\n\t<meta name=\"twitter:data1\" content=\"4\u00a0Minuten\" \/>\n<script type=\"application\/ld+json\" class=\"yoast-schema-graph\">{\"@context\":\"https:\/\/schema.org\",\"@graph\":[{\"@type\":\"WebPage\",\"@id\":\"https:\/\/exceladvisor.org\/de\/automatisch-formatieren\/\",\"url\":\"https:\/\/exceladvisor.org\/de\/automatisch-formatieren\/\",\"name\":\"Automatisches Excel-Format | Formatierungsoption, um Zeit zu sparen\",\"isPartOf\":{\"@id\":\"https:\/\/exceladvisor.org\/de\/#website\"},\"primaryImageOfPage\":{\"@id\":\"https:\/\/exceladvisor.org\/de\/automatisch-formatieren\/#primaryimage\"},\"image\":{\"@id\":\"https:\/\/exceladvisor.org\/de\/automatisch-formatieren\/#primaryimage\"},\"thumbnailUrl\":\"https:\/\/exceladvisor.org\/wp-content\/uploads\/2023\/08\/cliquez-sur-la-liste-deroulante-pour-activer-le-format-automatique-dans-Excel-min-1.png\",\"datePublished\":\"2023-11-06T11:11:53+00:00\",\"dateModified\":\"2023-12-03T13:06:00+00:00\",\"description\":\"Wenn Sie Ihre M\u00fche und Zeit nicht mit der Formatierung Ihrer Daten verschwenden m\u00f6chten, k\u00f6nnen Sie die Option zur automatischen Formatierung verwenden, die 16 verschiedene Formate bietet.\",\"breadcrumb\":{\"@id\":\"https:\/\/exceladvisor.org\/de\/automatisch-formatieren\/#breadcrumb\"},\"inLanguage\":\"de\",\"potentialAction\":[{\"@type\":\"ReadAction\",\"target\":[\"https:\/\/exceladvisor.org\/de\/automatisch-formatieren\/\"]}]},{\"@type\":\"ImageObject\",\"inLanguage\":\"de\",\"@id\":\"https:\/\/exceladvisor.org\/de\/automatisch-formatieren\/#primaryimage\",\"url\":\"https:\/\/exceladvisor.org\/wp-content\/uploads\/2023\/08\/cliquez-sur-la-liste-deroulante-pour-activer-le-format-automatique-dans-Excel-min-1.png\",\"contentUrl\":\"https:\/\/exceladvisor.org\/wp-content\/uploads\/2023\/08\/cliquez-sur-la-liste-deroulante-pour-activer-le-format-automatique-dans-Excel-min-1.png\"},{\"@type\":\"BreadcrumbList\",\"@id\":\"https:\/\/exceladvisor.org\/de\/automatisch-formatieren\/#breadcrumb\",\"itemListElement\":[{\"@type\":\"ListItem\",\"position\":1,\"name\":\"Accueil\",\"item\":\"https:\/\/exceladvisor.org\/de\/\"},{\"@type\":\"ListItem\",\"position\":2,\"name\":\"Wie verwende ich die option autoformat in excel?\"}]},{\"@type\":\"WebSite\",\"@id\":\"https:\/\/exceladvisor.org\/de\/#website\",\"url\":\"https:\/\/exceladvisor.org\/de\/\",\"name\":\"Excel Advisor\",\"description\":\"Ihr Leitfaden zur Datendominanz\",\"publisher\":{\"@id\":\"https:\/\/exceladvisor.org\/de\/#organization\"},\"potentialAction\":[{\"@type\":\"SearchAction\",\"target\":{\"@type\":\"EntryPoint\",\"urlTemplate\":\"https:\/\/exceladvisor.org\/de\/?s={search_term_string}\"},\"query-input\":{\"@type\":\"PropertyValueSpecification\",\"valueRequired\":true,\"valueName\":\"search_term_string\"}}],\"inLanguage\":\"de\"},{\"@type\":\"Organization\",\"@id\":\"https:\/\/exceladvisor.org\/de\/#organization\",\"name\":\"Excel Advisor\",\"url\":\"https:\/\/exceladvisor.org\/de\/\",\"logo\":{\"@type\":\"ImageObject\",\"inLanguage\":\"de\",\"@id\":\"https:\/\/exceladvisor.org\/de\/#\/schema\/logo\/image\/\",\"url\":\"https:\/\/exceladvisor.org\/de\/wp-content\/uploads\/2023\/11\/exceladvisor.org_.png\",\"contentUrl\":\"https:\/\/exceladvisor.org\/de\/wp-content\/uploads\/2023\/11\/exceladvisor.org_.png\",\"width\":105,\"height\":36,\"caption\":\"Excel Advisor\"},\"image\":{\"@id\":\"https:\/\/exceladvisor.org\/de\/#\/schema\/logo\/image\/\"}}]}<\/script>\n<!-- \/ Yoast SEO plugin. -->","yoast_head_json":{"title":"Automatisches Excel-Format | Formatierungsoption, um Zeit zu sparen","description":"Wenn Sie Ihre M\u00fche und Zeit nicht mit der Formatierung Ihrer Daten verschwenden m\u00f6chten, k\u00f6nnen Sie die Option zur automatischen Formatierung verwenden, die 16 verschiedene Formate bietet.","robots":{"index":"index","follow":"follow","max-snippet":"max-snippet:-1","max-image-preview":"max-image-preview:large","max-video-preview":"max-video-preview:-1"},"canonical":"https:\/\/exceladvisor.org\/de\/automatisch-formatieren\/","og_locale":"de_DE","og_type":"article","og_title":"Automatisches Excel-Format | Formatierungsoption, um Zeit zu sparen","og_description":"Wenn Sie Ihre M\u00fche und Zeit nicht mit der Formatierung Ihrer Daten verschwenden m\u00f6chten, k\u00f6nnen Sie die Option zur automatischen Formatierung verwenden, die 16 verschiedene Formate bietet.","og_url":"https:\/\/exceladvisor.org\/de\/automatisch-formatieren\/","og_site_name":"Excel Advisor","article_modified_time":"2023-12-03T13:06:00+00:00","og_image":[{"url":"https:\/\/exceladvisor.org\/wp-content\/uploads\/2023\/08\/cliquez-sur-la-liste-deroulante-pour-activer-le-format-automatique-dans-Excel-min-1.png","type":"","width":"","height":""}],"twitter_card":"summary_large_image","twitter_misc":{"Gesch\u00e4tzte Lesezeit":"4\u00a0Minuten"},"schema":{"@context":"https:\/\/schema.org","@graph":[{"@type":"WebPage","@id":"https:\/\/exceladvisor.org\/de\/automatisch-formatieren\/","url":"https:\/\/exceladvisor.org\/de\/automatisch-formatieren\/","name":"Automatisches Excel-Format | Formatierungsoption, um Zeit zu sparen","isPartOf":{"@id":"https:\/\/exceladvisor.org\/de\/#website"},"primaryImageOfPage":{"@id":"https:\/\/exceladvisor.org\/de\/automatisch-formatieren\/#primaryimage"},"image":{"@id":"https:\/\/exceladvisor.org\/de\/automatisch-formatieren\/#primaryimage"},"thumbnailUrl":"https:\/\/exceladvisor.org\/wp-content\/uploads\/2023\/08\/cliquez-sur-la-liste-deroulante-pour-activer-le-format-automatique-dans-Excel-min-1.png","datePublished":"2023-11-06T11:11:53+00:00","dateModified":"2023-12-03T13:06:00+00:00","description":"Wenn Sie Ihre M\u00fche und Zeit nicht mit der Formatierung Ihrer Daten verschwenden m\u00f6chten, k\u00f6nnen Sie die Option zur automatischen Formatierung verwenden, die 16 verschiedene Formate bietet.","breadcrumb":{"@id":"https:\/\/exceladvisor.org\/de\/automatisch-formatieren\/#breadcrumb"},"inLanguage":"de","potentialAction":[{"@type":"ReadAction","target":["https:\/\/exceladvisor.org\/de\/automatisch-formatieren\/"]}]},{"@type":"ImageObject","inLanguage":"de","@id":"https:\/\/exceladvisor.org\/de\/automatisch-formatieren\/#primaryimage","url":"https:\/\/exceladvisor.org\/wp-content\/uploads\/2023\/08\/cliquez-sur-la-liste-deroulante-pour-activer-le-format-automatique-dans-Excel-min-1.png","contentUrl":"https:\/\/exceladvisor.org\/wp-content\/uploads\/2023\/08\/cliquez-sur-la-liste-deroulante-pour-activer-le-format-automatique-dans-Excel-min-1.png"},{"@type":"BreadcrumbList","@id":"https:\/\/exceladvisor.org\/de\/automatisch-formatieren\/#breadcrumb","itemListElement":[{"@type":"ListItem","position":1,"name":"Accueil","item":"https:\/\/exceladvisor.org\/de\/"},{"@type":"ListItem","position":2,"name":"Wie verwende ich die option autoformat in excel?"}]},{"@type":"WebSite","@id":"https:\/\/exceladvisor.org\/de\/#website","url":"https:\/\/exceladvisor.org\/de\/","name":"Excel Advisor","description":"Ihr Leitfaden zur Datendominanz","publisher":{"@id":"https:\/\/exceladvisor.org\/de\/#organization"},"potentialAction":[{"@type":"SearchAction","target":{"@type":"EntryPoint","urlTemplate":"https:\/\/exceladvisor.org\/de\/?s={search_term_string}"},"query-input":{"@type":"PropertyValueSpecification","valueRequired":true,"valueName":"search_term_string"}}],"inLanguage":"de"},{"@type":"Organization","@id":"https:\/\/exceladvisor.org\/de\/#organization","name":"Excel Advisor","url":"https:\/\/exceladvisor.org\/de\/","logo":{"@type":"ImageObject","inLanguage":"de","@id":"https:\/\/exceladvisor.org\/de\/#\/schema\/logo\/image\/","url":"https:\/\/exceladvisor.org\/de\/wp-content\/uploads\/2023\/11\/exceladvisor.org_.png","contentUrl":"https:\/\/exceladvisor.org\/de\/wp-content\/uploads\/2023\/11\/exceladvisor.org_.png","width":105,"height":36,"caption":"Excel Advisor"},"image":{"@id":"https:\/\/exceladvisor.org\/de\/#\/schema\/logo\/image\/"}}]}},"yoast_meta":{"yoast_wpseo_title":"","yoast_wpseo_metadesc":"","yoast_wpseo_canonical":""},"_links":{"self":[{"href":"https:\/\/exceladvisor.org\/de\/wp-json\/wp\/v2\/pages\/3255","targetHints":{"allow":["GET"]}}],"collection":[{"href":"https:\/\/exceladvisor.org\/de\/wp-json\/wp\/v2\/pages"}],"about":[{"href":"https:\/\/exceladvisor.org\/de\/wp-json\/wp\/v2\/types\/page"}],"author":[{"embeddable":true,"href":"https:\/\/exceladvisor.org\/de\/wp-json\/wp\/v2\/users\/1"}],"replies":[{"embeddable":true,"href":"https:\/\/exceladvisor.org\/de\/wp-json\/wp\/v2\/comments?post=3255"}],"version-history":[{"count":1,"href":"https:\/\/exceladvisor.org\/de\/wp-json\/wp\/v2\/pages\/3255\/revisions"}],"predecessor-version":[{"id":4250,"href":"https:\/\/exceladvisor.org\/de\/wp-json\/wp\/v2\/pages\/3255\/revisions\/4250"}],"wp:attachment":[{"href":"https:\/\/exceladvisor.org\/de\/wp-json\/wp\/v2\/media?parent=3255"}],"curies":[{"name":"wp","href":"https:\/\/api.w.org\/{rel}","templated":true}]}}