{"id":3256,"date":"2023-11-06T10:44:49","date_gmt":"2023-11-06T10:44:49","guid":{"rendered":"https:\/\/exceladvisor.org\/de\/durchschnittszeit-2\/"},"modified":"2023-12-03T11:14:06","modified_gmt":"2023-12-03T11:14:06","slug":"durchschnittszeit-2","status":"publish","type":"page","link":"https:\/\/exceladvisor.org\/de\/durchschnittszeit-2\/","title":{"rendered":"Wie berechnet man den durchschnitt der zeitwerte?"},"content":{"rendered":"<div class=\"excel-vor-dem-inhalt\" id=\"excel-2429245623\"><script type=\"text\/javascript\">\r\n\tatOptions = {\r\n\t\t'key' : 'c1158f160081d6540a8409e6925dab94',\r\n\t\t'format' : 'iframe',\r\n\t\t'height' : 250,\r\n\t\t'width' : 300,\r\n\t\t'params' : {}\r\n\t};\r\n<\/script>\r\n<script type=\"text\/javascript\" src=\"\/\/www.highperformanceformat.com\/c1158f160081d6540a8409e6925dab94\/invoke.js\"><\/script><\/div> <p>In diesem Tutorial erfahren Sie, wie Sie den Durchschnitt der Zeitwerte berechnen, die Sie in einem Bereich von Zellen haben.<\/p><h2 class=\"wp-block-heading\"> Durchschnittszeitformel<\/h2><p> Im folgenden Beispiel haben Sie in Spalte A drei Zeitwerte im Bereich A1:A3. Sie m\u00fcssen nun den Durchschnitt dieser Zeitwerte berechnen. <\/p><div class=\"wp-block-image\"><figure class=\"aligncenter size-full is-resized\"><img loading=\"lazy\" decoding=\"async\" class=\"wp-image-79293\" src=\"https:\/\/exceladvisor.org\/wp-content\/uploads\/2023\/08\/1-calculer-la-moyenne-des-valeurs-de-temps.png\" sizes=\"auto, \" srcset=\"\" alt=\"Berechnen Sie den Durchschnitt der Zeitwerte\" width=\"442\" height=\"364\"><\/figure><\/div><p> Dazu m\u00fcssen Sie die Funktion AVERAGE verwenden.<\/p><ol type=\"1\"><li> Geben Sie die Durchschnittsfunktion mit dem Gleichheitszeichen in eine Zelle ein.<\/li><li> Geben Sie dann die Funktion AVERAGE ein und beginnen Sie mit den Klammern.<\/li><li> Beziehen Sie sich auf den Bereich, in dem Sie Zeit haben.<\/li><li> Geben Sie am Ende die schlie\u00dfenden Klammern ein und dr\u00fccken Sie die Eingabetaste, um das Ergebnis zu erhalten. <\/li><\/ol><div class=\"wp-block-image\"><figure class=\"aligncenter size-full is-resized\"><img loading=\"lazy\" decoding=\"async\" class=\"wp-image-79294\" src=\"https:\/\/exceladvisor.org\/wp-content\/uploads\/2023\/08\/2-moyenne-pour-trouver-la-moyenne-de-la-valeur-du-temps.png\" sizes=\"auto, \" srcset=\"\" alt=\"Durchschnitt, um den durchschnittlichen Zeitwert zu ermitteln\" width=\"560\" height=\"358\"><\/figure><\/div><pre class=\"wp-block-code\"> <code class=\"language-excel-formula\" lang=\"excel-formula\">=AVERAGE(A1:A3)<\/code><\/pre><p> In der Zelle, in der Sie den Zeitdurchschnitt berechnen m\u00f6chten, m\u00fcssen Sie sicherstellen, dass das Zeitformat f\u00fcr diese Zelle vorhanden ist. Auch wenn Sie das Format nicht \u00e4ndern, ist Excel intelligent genug, dieses Format f\u00fcr Sie zu \u00e4ndern, wenn Sie die Formel eingeben.<\/p><h2 class=\"wp-block-heading\"> Zeit in Excel verstehen<\/h2><p> <strong><mark class=\"has-inline-color\" style=\"background-color: #eedc82;\">Wenn Sie in Excel eine Zeit in eine Zelle eingeben, weist Excel ihr automatisch ein Format zu<\/mark><\/strong> . Es gibt zwei M\u00f6glichkeiten, einen Zeitwert zu formatieren: eine im 12-Stunden-Format und die andere im 24-Stunden-Format. Wenn Sie die Zeit mitteln und ein 12-Stunden-Format haben, m\u00fcssen Sie etwas vorsichtig sein. <\/p><div class=\"wp-block-image\"><figure class=\"aligncenter size-full is-resized\"><img loading=\"lazy\" decoding=\"async\" class=\"wp-image-79295\" src=\"https:\/\/exceladvisor.org\/wp-content\/uploads\/2023\/08\/3-comprendre-le-temps-dans-excel.png\" sizes=\"auto, \" srcset=\"\" alt=\"Zeit in Excel verstehen\" width=\"325\" height=\"154\"><\/figure><\/div><p> Oben haben wir zwei verschiedene Zeiten angegeben, eine ist 6:30 Uhr und die zweite ist 18:30 Uhr. Aus diesem Grund ist der Durchschnitt bei beiden Formeln unterschiedlich.<\/p><h2 class=\"wp-block-heading\"> Warum erhalte ich #DIV\/0! Fehler bei der Mittelung der Zeit<\/h2><p> Wenn Ihre Zeitwerte als Text in der Zelle gespeichert sind, kann es sein, dass Sie auf <a href=\"https:\/\/exceladvisor.org\/de\/divisionsfehler\/\">#DIV\/0 sto\u00dfen! Fehler<\/a> . Unten haben wir eine Liste von Zeitwerten, die als Text gespeichert werden und bei der Mittelwertbildung erhalten wir eine Fehlermeldung. <\/p><div class=\"wp-block-image\"><figure class=\"aligncenter size-full is-resized\"><img loading=\"lazy\" decoding=\"async\" class=\"wp-image-79297\" src=\"https:\/\/exceladvisor.org\/wp-content\/uploads\/2023\/08\/Erreur-de-4-div-lors-de-la-moyenne-du-temps.png\" sizes=\"auto, \" srcset=\"\" alt=\"#div-error-while-average-time\" width=\"346\" height=\"185\"><\/figure><\/div><p> Um dieses Problem zu l\u00f6sen, k\u00f6nnen Sie die folgende Formel verwenden. <\/p><div class=\"wp-block-image\"><figure class=\"aligncenter size-full is-resized\"><img loading=\"lazy\" decoding=\"async\" class=\"wp-image-79298\" src=\"https:\/\/exceladvisor.org\/wp-content\/uploads\/2023\/08\/5-formule-pour-ignorer-lerreur-div.png\" sizes=\"auto, \" srcset=\"\" alt=\"Formel-zu-ignorieren-#div-Fehler\" width=\"575\" height=\"368\"><\/figure><\/div><p> Sie m\u00fcssen diese Formel als Matrixformel mit <strong><mark class=\"has-inline-color\" style=\"background-color: #eedc82;\">Strg + Umschalt + Eingabetaste<\/mark><\/strong> eingeben. <\/p><div class=\"gb-container gb-container-52dfcee1 gb-container-sample-file\"><h2 class=\"gb-headline gb-headline-e289c143 gb-headline-text gb-headline-4f7959c2\"> Holen Sie sich die Excel-Datei<\/h2><p> <a class=\"gb-button gb-button-e88d6bee gb-button-text gb-button-button1\" href=\"https:\/\/exceladvisor.org\/wp-content\/uploads\/2023\/11\/temps-moyen.xlsx\" rel=\"nofollow\">Herunterladen<\/a><\/p><\/div><div class=\"gb-container gb-container-0df56012 gb-container-mt\"> <a class=\"gb-button gb-button-f9f432f4 gb-button-text gb-button-mt-button\" href=\"https:\/\/exceladvisor.org\/de\/formeln\/\">Liste der Excel-Formeln<\/a><h2 class=\"gb-headline gb-headline-233444e8 gb-headline-text gb-headline-mt-heading\"> Verwandte Formeln <\/h2><div class=\"gb-grid-wrapper gb-grid-wrapper-a16fa65c gb-grid-wrapper-mt-grid\"><div class=\"gb-grid-column gb-grid-column-50d07e0d\"><div class=\"gb-container gb-container-50d07e0d\"><ul><li> <a href=\"https:\/\/exceladvisor.org\/de\/durchschnittliche-maximalwerte\/\">Durchschnitt der 5 h\u00f6chsten Werte in Excel<\/a><\/li><li> <a href=\"https:\/\/exceladvisor.org\/de\/gewichteter-durchschnitt\/\">Berechnen Sie den gewichteten Durchschnitt in Excel<\/a><\/li><li> <a href=\"https:\/\/exceladvisor.org\/de\/durchschnittlich-ignorierte-fehler-2\/\">Durchschnittlich, aber Fehler ignorieren (#N\/A und andere Fehler)<\/a><\/li><li> <a href=\"https:\/\/exceladvisor.org\/de\/der-durchschnitt-schliesst-nullen-aus-2\/\">Durchschnittliche Zahl, jedoch ohne Nullen<\/a><\/li><\/ul><\/div><\/div><\/div><\/div>","protected":false},"excerpt":{"rendered":"","protected":false},"author":1,"featured_media":0,"parent":0,"menu_order":0,"comment_status":"open","ping_status":"closed","template":"","meta":{"ub_ctt_via":"","footnotes":""},"class_list":["post-3256","page","type-page","status-publish","hentry"],"featured_image_src":null,"yoast_head":"<!-- This site is optimized with the Yoast SEO plugin v25.4 - https:\/\/yoast.com\/wordpress\/plugins\/seo\/ -->\n<title>Wie berechnet man den Durchschnitt der Zeitwerte?<\/title>\n<meta name=\"description\" content=\"In diesem Tutorial erfahren Sie, wie Sie eine Excel-Formel f\u00fcr einen durchschnittlichen Zeitwert aus einer Reihe von Zellen schreiben. Lassen Sie uns das \u00fcberpr\u00fcfen ...\" \/>\n<meta name=\"robots\" content=\"index, follow, max-snippet:-1, max-image-preview:large, max-video-preview:-1\" \/>\n<link rel=\"canonical\" href=\"https:\/\/exceladvisor.org\/de\/durchschnittszeit-2\/\" \/>\n<meta property=\"og:locale\" content=\"de_DE\" \/>\n<meta property=\"og:type\" content=\"article\" \/>\n<meta property=\"og:title\" content=\"Wie berechnet man den Durchschnitt der Zeitwerte?\" \/>\n<meta property=\"og:description\" content=\"In diesem Tutorial erfahren Sie, wie Sie eine Excel-Formel f\u00fcr einen durchschnittlichen Zeitwert aus einer Reihe von Zellen schreiben. Lassen Sie uns das \u00fcberpr\u00fcfen ...\" \/>\n<meta property=\"og:url\" content=\"https:\/\/exceladvisor.org\/de\/durchschnittszeit-2\/\" \/>\n<meta property=\"og:site_name\" content=\"Excel Advisor\" \/>\n<meta property=\"article:modified_time\" content=\"2023-12-03T11:14:06+00:00\" \/>\n<meta property=\"og:image\" content=\"https:\/\/exceladvisor.org\/wp-content\/uploads\/2023\/08\/1-calculer-la-moyenne-des-valeurs-de-temps.png\" \/>\n<meta name=\"twitter:card\" content=\"summary_large_image\" \/>\n<meta name=\"twitter:label1\" content=\"Gesch\u00e4tzte Lesezeit\" \/>\n\t<meta name=\"twitter:data1\" content=\"2\u00a0Minuten\" \/>\n<script type=\"application\/ld+json\" class=\"yoast-schema-graph\">{\"@context\":\"https:\/\/schema.org\",\"@graph\":[{\"@type\":\"WebPage\",\"@id\":\"https:\/\/exceladvisor.org\/de\/durchschnittszeit-2\/\",\"url\":\"https:\/\/exceladvisor.org\/de\/durchschnittszeit-2\/\",\"name\":\"Wie berechnet man den Durchschnitt der Zeitwerte?\",\"isPartOf\":{\"@id\":\"https:\/\/exceladvisor.org\/de\/#website\"},\"primaryImageOfPage\":{\"@id\":\"https:\/\/exceladvisor.org\/de\/durchschnittszeit-2\/#primaryimage\"},\"image\":{\"@id\":\"https:\/\/exceladvisor.org\/de\/durchschnittszeit-2\/#primaryimage\"},\"thumbnailUrl\":\"https:\/\/exceladvisor.org\/wp-content\/uploads\/2023\/08\/1-calculer-la-moyenne-des-valeurs-de-temps.png\",\"datePublished\":\"2023-11-06T10:44:49+00:00\",\"dateModified\":\"2023-12-03T11:14:06+00:00\",\"description\":\"In diesem Tutorial erfahren Sie, wie Sie eine Excel-Formel f\u00fcr einen durchschnittlichen Zeitwert aus einer Reihe von Zellen schreiben. Lassen Sie uns das \u00fcberpr\u00fcfen ...\",\"breadcrumb\":{\"@id\":\"https:\/\/exceladvisor.org\/de\/durchschnittszeit-2\/#breadcrumb\"},\"inLanguage\":\"de\",\"potentialAction\":[{\"@type\":\"ReadAction\",\"target\":[\"https:\/\/exceladvisor.org\/de\/durchschnittszeit-2\/\"]}]},{\"@type\":\"ImageObject\",\"inLanguage\":\"de\",\"@id\":\"https:\/\/exceladvisor.org\/de\/durchschnittszeit-2\/#primaryimage\",\"url\":\"https:\/\/exceladvisor.org\/wp-content\/uploads\/2023\/08\/1-calculer-la-moyenne-des-valeurs-de-temps.png\",\"contentUrl\":\"https:\/\/exceladvisor.org\/wp-content\/uploads\/2023\/08\/1-calculer-la-moyenne-des-valeurs-de-temps.png\"},{\"@type\":\"BreadcrumbList\",\"@id\":\"https:\/\/exceladvisor.org\/de\/durchschnittszeit-2\/#breadcrumb\",\"itemListElement\":[{\"@type\":\"ListItem\",\"position\":1,\"name\":\"Accueil\",\"item\":\"https:\/\/exceladvisor.org\/de\/\"},{\"@type\":\"ListItem\",\"position\":2,\"name\":\"Wie berechnet man den durchschnitt der zeitwerte?\"}]},{\"@type\":\"WebSite\",\"@id\":\"https:\/\/exceladvisor.org\/de\/#website\",\"url\":\"https:\/\/exceladvisor.org\/de\/\",\"name\":\"Excel Advisor\",\"description\":\"Ihr Leitfaden zur Datendominanz\",\"publisher\":{\"@id\":\"https:\/\/exceladvisor.org\/de\/#organization\"},\"potentialAction\":[{\"@type\":\"SearchAction\",\"target\":{\"@type\":\"EntryPoint\",\"urlTemplate\":\"https:\/\/exceladvisor.org\/de\/?s={search_term_string}\"},\"query-input\":{\"@type\":\"PropertyValueSpecification\",\"valueRequired\":true,\"valueName\":\"search_term_string\"}}],\"inLanguage\":\"de\"},{\"@type\":\"Organization\",\"@id\":\"https:\/\/exceladvisor.org\/de\/#organization\",\"name\":\"Excel Advisor\",\"url\":\"https:\/\/exceladvisor.org\/de\/\",\"logo\":{\"@type\":\"ImageObject\",\"inLanguage\":\"de\",\"@id\":\"https:\/\/exceladvisor.org\/de\/#\/schema\/logo\/image\/\",\"url\":\"https:\/\/exceladvisor.org\/de\/wp-content\/uploads\/2023\/11\/exceladvisor.org_.png\",\"contentUrl\":\"https:\/\/exceladvisor.org\/de\/wp-content\/uploads\/2023\/11\/exceladvisor.org_.png\",\"width\":105,\"height\":36,\"caption\":\"Excel Advisor\"},\"image\":{\"@id\":\"https:\/\/exceladvisor.org\/de\/#\/schema\/logo\/image\/\"}}]}<\/script>\n<!-- \/ Yoast SEO plugin. -->","yoast_head_json":{"title":"Wie berechnet man den Durchschnitt der Zeitwerte?","description":"In diesem Tutorial erfahren Sie, wie Sie eine Excel-Formel f\u00fcr einen durchschnittlichen Zeitwert aus einer Reihe von Zellen schreiben. Lassen Sie uns das \u00fcberpr\u00fcfen ...","robots":{"index":"index","follow":"follow","max-snippet":"max-snippet:-1","max-image-preview":"max-image-preview:large","max-video-preview":"max-video-preview:-1"},"canonical":"https:\/\/exceladvisor.org\/de\/durchschnittszeit-2\/","og_locale":"de_DE","og_type":"article","og_title":"Wie berechnet man den Durchschnitt der Zeitwerte?","og_description":"In diesem Tutorial erfahren Sie, wie Sie eine Excel-Formel f\u00fcr einen durchschnittlichen Zeitwert aus einer Reihe von Zellen schreiben. Lassen Sie uns das \u00fcberpr\u00fcfen ...","og_url":"https:\/\/exceladvisor.org\/de\/durchschnittszeit-2\/","og_site_name":"Excel Advisor","article_modified_time":"2023-12-03T11:14:06+00:00","og_image":[{"url":"https:\/\/exceladvisor.org\/wp-content\/uploads\/2023\/08\/1-calculer-la-moyenne-des-valeurs-de-temps.png","type":"","width":"","height":""}],"twitter_card":"summary_large_image","twitter_misc":{"Gesch\u00e4tzte Lesezeit":"2\u00a0Minuten"},"schema":{"@context":"https:\/\/schema.org","@graph":[{"@type":"WebPage","@id":"https:\/\/exceladvisor.org\/de\/durchschnittszeit-2\/","url":"https:\/\/exceladvisor.org\/de\/durchschnittszeit-2\/","name":"Wie berechnet man den Durchschnitt der Zeitwerte?","isPartOf":{"@id":"https:\/\/exceladvisor.org\/de\/#website"},"primaryImageOfPage":{"@id":"https:\/\/exceladvisor.org\/de\/durchschnittszeit-2\/#primaryimage"},"image":{"@id":"https:\/\/exceladvisor.org\/de\/durchschnittszeit-2\/#primaryimage"},"thumbnailUrl":"https:\/\/exceladvisor.org\/wp-content\/uploads\/2023\/08\/1-calculer-la-moyenne-des-valeurs-de-temps.png","datePublished":"2023-11-06T10:44:49+00:00","dateModified":"2023-12-03T11:14:06+00:00","description":"In diesem Tutorial erfahren Sie, wie Sie eine Excel-Formel f\u00fcr einen durchschnittlichen Zeitwert aus einer Reihe von Zellen schreiben. Lassen Sie uns das \u00fcberpr\u00fcfen ...","breadcrumb":{"@id":"https:\/\/exceladvisor.org\/de\/durchschnittszeit-2\/#breadcrumb"},"inLanguage":"de","potentialAction":[{"@type":"ReadAction","target":["https:\/\/exceladvisor.org\/de\/durchschnittszeit-2\/"]}]},{"@type":"ImageObject","inLanguage":"de","@id":"https:\/\/exceladvisor.org\/de\/durchschnittszeit-2\/#primaryimage","url":"https:\/\/exceladvisor.org\/wp-content\/uploads\/2023\/08\/1-calculer-la-moyenne-des-valeurs-de-temps.png","contentUrl":"https:\/\/exceladvisor.org\/wp-content\/uploads\/2023\/08\/1-calculer-la-moyenne-des-valeurs-de-temps.png"},{"@type":"BreadcrumbList","@id":"https:\/\/exceladvisor.org\/de\/durchschnittszeit-2\/#breadcrumb","itemListElement":[{"@type":"ListItem","position":1,"name":"Accueil","item":"https:\/\/exceladvisor.org\/de\/"},{"@type":"ListItem","position":2,"name":"Wie berechnet man den durchschnitt der zeitwerte?"}]},{"@type":"WebSite","@id":"https:\/\/exceladvisor.org\/de\/#website","url":"https:\/\/exceladvisor.org\/de\/","name":"Excel Advisor","description":"Ihr Leitfaden zur Datendominanz","publisher":{"@id":"https:\/\/exceladvisor.org\/de\/#organization"},"potentialAction":[{"@type":"SearchAction","target":{"@type":"EntryPoint","urlTemplate":"https:\/\/exceladvisor.org\/de\/?s={search_term_string}"},"query-input":{"@type":"PropertyValueSpecification","valueRequired":true,"valueName":"search_term_string"}}],"inLanguage":"de"},{"@type":"Organization","@id":"https:\/\/exceladvisor.org\/de\/#organization","name":"Excel Advisor","url":"https:\/\/exceladvisor.org\/de\/","logo":{"@type":"ImageObject","inLanguage":"de","@id":"https:\/\/exceladvisor.org\/de\/#\/schema\/logo\/image\/","url":"https:\/\/exceladvisor.org\/de\/wp-content\/uploads\/2023\/11\/exceladvisor.org_.png","contentUrl":"https:\/\/exceladvisor.org\/de\/wp-content\/uploads\/2023\/11\/exceladvisor.org_.png","width":105,"height":36,"caption":"Excel Advisor"},"image":{"@id":"https:\/\/exceladvisor.org\/de\/#\/schema\/logo\/image\/"}}]}},"yoast_meta":{"yoast_wpseo_title":"","yoast_wpseo_metadesc":"","yoast_wpseo_canonical":""},"_links":{"self":[{"href":"https:\/\/exceladvisor.org\/de\/wp-json\/wp\/v2\/pages\/3256","targetHints":{"allow":["GET"]}}],"collection":[{"href":"https:\/\/exceladvisor.org\/de\/wp-json\/wp\/v2\/pages"}],"about":[{"href":"https:\/\/exceladvisor.org\/de\/wp-json\/wp\/v2\/types\/page"}],"author":[{"embeddable":true,"href":"https:\/\/exceladvisor.org\/de\/wp-json\/wp\/v2\/users\/1"}],"replies":[{"embeddable":true,"href":"https:\/\/exceladvisor.org\/de\/wp-json\/wp\/v2\/comments?post=3256"}],"version-history":[{"count":1,"href":"https:\/\/exceladvisor.org\/de\/wp-json\/wp\/v2\/pages\/3256\/revisions"}],"predecessor-version":[{"id":3883,"href":"https:\/\/exceladvisor.org\/de\/wp-json\/wp\/v2\/pages\/3256\/revisions\/3883"}],"wp:attachment":[{"href":"https:\/\/exceladvisor.org\/de\/wp-json\/wp\/v2\/media?parent=3256"}],"curies":[{"name":"wp","href":"https:\/\/api.w.org\/{rel}","templated":true}]}}