{"id":3257,"date":"2023-11-06T01:04:21","date_gmt":"2023-11-06T01:04:21","guid":{"rendered":"https:\/\/exceladvisor.org\/de\/text-nachher-vorher\/"},"modified":"2023-12-03T11:12:33","modified_gmt":"2023-12-03T11:12:33","slug":"text-nachher-vorher","status":"publish","type":"page","link":"https:\/\/exceladvisor.org\/de\/text-nachher-vorher\/","title":{"rendered":"Extrahieren sie text nach und vor einem zeichen in excel"},"content":{"rendered":"<div class=\"excel-vor-dem-inhalt\" id=\"excel-3928543571\"><script type=\"text\/javascript\">\r\n\tatOptions = {\r\n\t\t'key' : 'c1158f160081d6540a8409e6925dab94',\r\n\t\t'format' : 'iframe',\r\n\t\t'height' : 250,\r\n\t\t'width' : 300,\r\n\t\t'params' : {}\r\n\t};\r\n<\/script>\r\n<script type=\"text\/javascript\" src=\"\/\/www.highperformanceformat.com\/c1158f160081d6540a8409e6925dab94\/invoke.js\"><\/script><\/div> <p>In Excel k\u00f6nnen Sie Formeln schreiben, um Text nach oder vor einem bestimmten Zeichen zu extrahieren. Und in diesem Tutorial lernen wir, wie man diese Formeln schreibt.<\/p><h2 class=\"wp-block-heading\"> Text nach einem Zeichen extrahieren<\/h2><p> In dieser Formel m\u00fcssen wir TRIM, RIGHT, SUBSTITUTE, REPT und LEN verwenden. Und im folgenden Beispiel haben wir zwei Wortwerte in den Werten und das Zeichen dazwischen. <\/p><div class=\"wp-block-image\"><figure class=\"aligncenter size-full is-resized\"><img loading=\"lazy\" decoding=\"async\" class=\"wp-image-85943\" src=\"https:\/\/exceladvisor.org\/wp-content\/uploads\/2023\/08\/1-extraire-le-texte-apres-et-avant-le-caractere.png\" sizes=\"auto, \" srcset=\"\" alt=\"snippet-text-after-and-before-character\" width=\"674\" height=\"278\"><\/figure><\/div><pre class=\"wp-block-code\"> <code class=\"language-excel-formula\" lang=\"excel-formula\">=TRIM(RIGHT(SUBSTITUTE(A1,B1,REPT(\" \",LEN(A1))),LEN(A1))) =TRIM(RIGHT(SUBSTITUTE(original_text,character,REPT(\" \",LEN(original_text))),LEN(original_text)))<\/code><\/pre><p> Um diese Formel zu verstehen, m\u00fcssen Sie sie in mehrere Teile unterteilen:<\/p><p class=\"in-code\"> Im ersten Teil haben wir <code>SUBSTITUTE(A1,B1,REPT(\" \",LEN(A1)))<\/code> . Dies ist Teil der Formel, die das Zeichen (,) durch die Anzahl der Leerzeichen ersetzt, die der L\u00e4nge des Zeichens entspricht. <\/p><div class=\"wp-block-image\"><figure class=\"aligncenter size-full is-resized\"><img loading=\"lazy\" decoding=\"async\" class=\"wp-image-85944\" src=\"https:\/\/exceladvisor.org\/wp-content\/uploads\/2023\/08\/2-formules-pour-extraire-du-texte.png\" sizes=\"auto, \" srcset=\"\" alt=\"Formel zum Extrahieren von Text\" width=\"704\" height=\"327\"><\/figure><\/div><p> Sie k\u00f6nnen sehen, dass zwischen \u201eExcel-Berater\u201c ein Leerzeichen anstelle des Kommas steht.<\/p><p class=\"in-code\"> Im zweiten Teil extrahiert <code>=TRIM(RIGHT(\"Excel Advisor\",LEN(A1)))<\/code> den Text von der rechten Seite des Textes und schneidet ihn dann ab, um den zus\u00e4tzlichen Leerraum zu entfernen.<\/p><h3 class=\"wp-block-heading\"> Verschiedene Charakterinstanzen?<\/h3><p> Wenn Sie mit Daten arbeiten, verf\u00fcgen Sie m\u00f6glicherweise \u00fcber mehrere Instanzen des Zeichens, und die obige Formel hilft Ihnen m\u00f6glicherweise nicht dabei, damit umzugehen. In diesem Fall m\u00fcssen Sie die folgende Formel verwenden. <\/p><div class=\"wp-block-image\"><figure class=\"aligncenter size-full is-resized\"><img loading=\"lazy\" decoding=\"async\" class=\"wp-image-85945\" src=\"https:\/\/exceladvisor.org\/wp-content\/uploads\/2023\/08\/3-extraire-le-texte-lorsquil-y-a-plusieurs-instances-de-caracteres.png\" sizes=\"auto, \" srcset=\"\" alt=\"Text extrahieren, wenn mehrere Zeicheninstanzen vorhanden sind\" width=\"796\" height=\"129\"><\/figure><\/div><pre class=\"wp-block-code\"> <code class=\"language-excel-formula\" lang=\"excel-formula\">=IF(LEN(A1)-LEN(SUBSTITUTE(A1,B1,\"\"))&lt;=1,\"\",MID(SUBSTITUTE(A1,B1,\"^^\",C1),FIND(\"^^\",SUBSTITUTE(A1,B1,\"^^\",C1))+2,LEN(A1)))<\/code><\/pre><p> Mit dieser Formel m\u00fcssen Sie das Zeichen angeben, um den Text zu extrahieren. Anschlie\u00dfend beginnt die Instanz des Zeichens. <\/p><div class=\"wp-block-image\"><figure class=\"aligncenter size-full is-resized\"><img loading=\"lazy\" decoding=\"async\" class=\"wp-image-85946\" src=\"https:\/\/exceladvisor.org\/wp-content\/uploads\/2023\/08\/4-specifiez-le-caractere-pour-extraire-le-texte.png\" sizes=\"auto, \" srcset=\"\" alt=\"Geben Sie das Zeichen an, das den Text extrahieren soll\" width=\"678\" height=\"195\"><\/figure><\/div><p> Die obige Formel ist komplex, funktioniert aber wie ein Wunder. Der Code f\u00fcr diese Formel ist die SUBSTITUTE-Funktion, die Ihnen hilft, den zweiten oder N-ten Zeitpunkt des Zeichens zu ermitteln. Anschlie\u00dfend k\u00f6nnen Sie diesen Zeitpunkt durch ein \u201e^^\u201c ersetzen, was das Extrahieren des Textes weiter erleichtert.<\/p><p> Sie k\u00f6nnen aber auch die neue Funktion TEXTAFTER (OFFICE 365) verwenden, die alle Optionen bietet, um Text nach einem Zeichen abzurufen, ohne wie oben auf eine komplexe Formel einzugehen. <\/p><div class=\"wp-block-image\"><figure class=\"aligncenter size-full is-resized\"><img loading=\"lazy\" decoding=\"async\" class=\"wp-image-85947\" src=\"https:\/\/exceladvisor.org\/wp-content\/uploads\/2023\/08\/5-fonction-textafter.png\" sizes=\"auto, \" srcset=\"\" alt=\"Textafter-Funktion\" width=\"638\" height=\"192\"><\/figure><\/div><p> Sie m\u00fcssen das Zeichen und die Instanz in der Funktion angeben. <\/p><div class=\"wp-block-image\"><figure class=\"aligncenter size-full is-resized\"><img loading=\"lazy\" decoding=\"async\" class=\"wp-image-85948\" src=\"https:\/\/exceladvisor.org\/wp-content\/uploads\/2023\/08\/6-specifier-le-caractere-et-linstance.png\" sizes=\"auto, \" srcset=\"\" alt=\"Geben Sie Zeichen und Instanz an\" width=\"583\" height=\"170\"><\/figure><\/div><h2 class=\"wp-block-heading\"> Extrahieren Sie Text vor einem Zeichen<\/h2><p> Sie k\u00f6nnen die folgende Formel verwenden, um den Text vor einem Zeichen zu erhalten. <\/p><div class=\"wp-block-image\"><figure class=\"aligncenter size-full is-resized\"><img loading=\"lazy\" decoding=\"async\" class=\"wp-image-85949\" src=\"https:\/\/exceladvisor.org\/wp-content\/uploads\/2023\/08\/7-extraire-le-texte-avant-le-caractere.png\" sizes=\"auto, \" srcset=\"\" alt=\"Textextraktion vor dem Zeichen\" width=\"678\" height=\"231\"><\/figure><\/div><p> Dies ist die genaue Formel, die wir verwendet haben, um den Text nach einem Zeichen zu erhalten. Anstatt RECHTS zu verwenden, sollten Sie LINKS verwenden. Um den linken (vorderen) Text zu erhalten.<\/p><pre class=\"wp-block-code\"> <code class=\"language-Visual Basic\" lang=\"Visual Basic\">=TRIM(LEFT(SUBSTITUTE(A2,B2,REPT(\" \",LEN(A2))),LEN(A2)))<\/code><\/pre><p> Und diese Formel funktioniert genau wie diese Formel. Bitte beziehen Sie sich darauf, um es verst\u00e4ndlich zu machen.<\/p><h3 class=\"wp-block-heading\"> Verschiedene Charakterinstanzen<\/h3><p> Es gibt zwei M\u00f6glichkeiten, den Text vor (oder nach) einem Zeichen abzurufen.<\/p><pre class=\"wp-block-code\"> <code class=\"language-excel-formula\" lang=\"excel-formula\">=IF(LEN(A2)-LEN(SUBSTITUTE(A2,B2,\"\"))&lt;=1,\"\",LEFT(SUBSTITUTE(A2,B2,\"^^\",C2),FIND(\"^^\",SUBSTITUTE(A2,B2,\"^^\",C2))-1))<\/code><\/pre><p> Es kann in jeder Excel-Version verwendet werden; Sie k\u00f6nnen die Zeichen und die Instanz angeben, um den Text zu erhalten. <\/p><div class=\"wp-block-image\"><figure class=\"aligncenter size-full is-resized\"><img loading=\"lazy\" decoding=\"async\" class=\"wp-image-85950\" src=\"https:\/\/exceladvisor.org\/wp-content\/uploads\/2023\/08\/8-formule-pour-extraire-le-texte-avant-le-caractere.png\" sizes=\"auto, \" srcset=\"\" alt=\"Formel zum Extrahieren von Text vor dem Zeichen\" width=\"784\" height=\"198\"><\/figure><\/div><p> Wenn Sie jedoch Excel (Office 365) verwenden, m\u00fcssen Sie diese komplexe Formel nicht verwenden. Stattdessen k\u00f6nnen Sie die Funktion TEXTBEFORE verwenden. <\/p><div class=\"wp-block-image\"><figure class=\"aligncenter size-full is-resized\"><img loading=\"lazy\" decoding=\"async\" class=\"wp-image-85951\" src=\"https:\/\/exceladvisor.org\/wp-content\/uploads\/2023\/08\/9-texte-avant-la-fonction.png\" sizes=\"auto, \" srcset=\"\" alt=\"Textbefore-Funktion\" width=\"615\" height=\"252\"><\/figure><\/div><div class=\"gb-container gb-container-52dfcee1 gb-container-sample-file\"><h2 class=\"gb-headline gb-headline-e289c143 gb-headline-text gb-headline-4f7959c2\"> Holen Sie sich die Excel-Datei<\/h2> <a class=\"gb-button gb-button-e88d6bee gb-button-text gb-button-button1\" href=\"https:\/\/exceladvisor.org\/wp-content\/uploads\/2023\/11\/extrait-avant-apres.xlsx\" rel=\"nofollow\">Herunterladen<\/a><\/div><div class=\"gb-container gb-container-0df56012 gb-container-mt\"> <a class=\"gb-button gb-button-f9f432f4 gb-button-text gb-button-mt-button\" href=\"https:\/\/exceladvisor.org\/de\/formeln\/\">Liste der Excel-Formeln<\/a><h2 class=\"gb-headline gb-headline-233444e8 gb-headline-text gb-headline-mt-heading\"> Verwandte Formeln <\/h2><div class=\"gb-grid-wrapper gb-grid-wrapper-a16fa65c gb-grid-wrapper-mt-grid\"><div class=\"gb-grid-column gb-grid-column-50d07e0d\"><div class=\"gb-container gb-container-50d07e0d\"><ul><li> <a href=\"https:\/\/exceladvisor.org\/de\/horizontaler-filter\/\">Erstellen Sie in Excel einen horizontalen Filter<\/a><\/li><li> <a href=\"https:\/\/exceladvisor.org\/de\/bewertung-in-sternen\/\">Erstellen Sie eine Sternebewertungsvorlage in Excel<\/a><\/li><li> <a href=\"https:\/\/exceladvisor.org\/de\/dateinamen-abrufen\/\">Dateinamen in Excel abrufen<\/a><\/li><li> <a href=\"https:\/\/exceladvisor.org\/de\/holen-sie-sich-den-blattnamen\/\">Blattnamen in Excel abrufen<\/a><\/li><li> <a href=\"https:\/\/exceladvisor.org\/de\/generiere-zufallige-buchstaben\/\">Generieren Sie schnell zuf\u00e4llige Buchstaben in Excel<\/a><\/li><\/ul><\/div><\/div><\/div><\/div>","protected":false},"excerpt":{"rendered":"","protected":false},"author":1,"featured_media":0,"parent":0,"menu_order":0,"comment_status":"open","ping_status":"closed","template":"","meta":{"ub_ctt_via":"","footnotes":""},"class_list":["post-3257","page","type-page","status-publish","hentry"],"featured_image_src":null,"yoast_head":"<!-- This site is optimized with the Yoast SEO plugin v25.4 - https:\/\/yoast.com\/wordpress\/plugins\/seo\/ -->\n<title>Extrahieren Sie Text nach und vor einem Zeichen in Excel<\/title>\n<meta name=\"description\" content=\"In diesem Tutorial erfahren Sie, wie Sie eine Formel schreiben, um Text vor oder nach einem bestimmten Zeichen zu extrahieren. Lassen Sie uns das \u00fcberpr\u00fcfen...\" \/>\n<meta name=\"robots\" content=\"index, follow, max-snippet:-1, max-image-preview:large, max-video-preview:-1\" \/>\n<link rel=\"canonical\" href=\"https:\/\/exceladvisor.org\/de\/text-nachher-vorher\/\" \/>\n<meta property=\"og:locale\" content=\"de_DE\" \/>\n<meta property=\"og:type\" content=\"article\" \/>\n<meta property=\"og:title\" content=\"Extrahieren Sie Text nach und vor einem Zeichen in Excel\" \/>\n<meta property=\"og:description\" content=\"In diesem Tutorial erfahren Sie, wie Sie eine Formel schreiben, um Text vor oder nach einem bestimmten Zeichen zu extrahieren. Lassen Sie uns das \u00fcberpr\u00fcfen...\" \/>\n<meta property=\"og:url\" content=\"https:\/\/exceladvisor.org\/de\/text-nachher-vorher\/\" \/>\n<meta property=\"og:site_name\" content=\"Excel Advisor\" \/>\n<meta property=\"article:modified_time\" content=\"2023-12-03T11:12:33+00:00\" \/>\n<meta property=\"og:image\" content=\"https:\/\/exceladvisor.org\/wp-content\/uploads\/2023\/08\/1-extraire-le-texte-apres-et-avant-le-caractere.png\" \/>\n<meta name=\"twitter:card\" content=\"summary_large_image\" \/>\n<meta name=\"twitter:label1\" content=\"Gesch\u00e4tzte Lesezeit\" \/>\n\t<meta name=\"twitter:data1\" content=\"3\u00a0Minuten\" \/>\n<script type=\"application\/ld+json\" class=\"yoast-schema-graph\">{\"@context\":\"https:\/\/schema.org\",\"@graph\":[{\"@type\":\"WebPage\",\"@id\":\"https:\/\/exceladvisor.org\/de\/text-nachher-vorher\/\",\"url\":\"https:\/\/exceladvisor.org\/de\/text-nachher-vorher\/\",\"name\":\"Extrahieren Sie Text nach und vor einem Zeichen in Excel\",\"isPartOf\":{\"@id\":\"https:\/\/exceladvisor.org\/de\/#website\"},\"primaryImageOfPage\":{\"@id\":\"https:\/\/exceladvisor.org\/de\/text-nachher-vorher\/#primaryimage\"},\"image\":{\"@id\":\"https:\/\/exceladvisor.org\/de\/text-nachher-vorher\/#primaryimage\"},\"thumbnailUrl\":\"https:\/\/exceladvisor.org\/wp-content\/uploads\/2023\/08\/1-extraire-le-texte-apres-et-avant-le-caractere.png\",\"datePublished\":\"2023-11-06T01:04:21+00:00\",\"dateModified\":\"2023-12-03T11:12:33+00:00\",\"description\":\"In diesem Tutorial erfahren Sie, wie Sie eine Formel schreiben, um Text vor oder nach einem bestimmten Zeichen zu extrahieren. Lassen Sie uns das \u00fcberpr\u00fcfen...\",\"breadcrumb\":{\"@id\":\"https:\/\/exceladvisor.org\/de\/text-nachher-vorher\/#breadcrumb\"},\"inLanguage\":\"de\",\"potentialAction\":[{\"@type\":\"ReadAction\",\"target\":[\"https:\/\/exceladvisor.org\/de\/text-nachher-vorher\/\"]}]},{\"@type\":\"ImageObject\",\"inLanguage\":\"de\",\"@id\":\"https:\/\/exceladvisor.org\/de\/text-nachher-vorher\/#primaryimage\",\"url\":\"https:\/\/exceladvisor.org\/wp-content\/uploads\/2023\/08\/1-extraire-le-texte-apres-et-avant-le-caractere.png\",\"contentUrl\":\"https:\/\/exceladvisor.org\/wp-content\/uploads\/2023\/08\/1-extraire-le-texte-apres-et-avant-le-caractere.png\"},{\"@type\":\"BreadcrumbList\",\"@id\":\"https:\/\/exceladvisor.org\/de\/text-nachher-vorher\/#breadcrumb\",\"itemListElement\":[{\"@type\":\"ListItem\",\"position\":1,\"name\":\"Accueil\",\"item\":\"https:\/\/exceladvisor.org\/de\/\"},{\"@type\":\"ListItem\",\"position\":2,\"name\":\"Extrahieren sie text nach und vor einem zeichen in excel\"}]},{\"@type\":\"WebSite\",\"@id\":\"https:\/\/exceladvisor.org\/de\/#website\",\"url\":\"https:\/\/exceladvisor.org\/de\/\",\"name\":\"Excel Advisor\",\"description\":\"Ihr Leitfaden zur Datendominanz\",\"publisher\":{\"@id\":\"https:\/\/exceladvisor.org\/de\/#organization\"},\"potentialAction\":[{\"@type\":\"SearchAction\",\"target\":{\"@type\":\"EntryPoint\",\"urlTemplate\":\"https:\/\/exceladvisor.org\/de\/?s={search_term_string}\"},\"query-input\":{\"@type\":\"PropertyValueSpecification\",\"valueRequired\":true,\"valueName\":\"search_term_string\"}}],\"inLanguage\":\"de\"},{\"@type\":\"Organization\",\"@id\":\"https:\/\/exceladvisor.org\/de\/#organization\",\"name\":\"Excel Advisor\",\"url\":\"https:\/\/exceladvisor.org\/de\/\",\"logo\":{\"@type\":\"ImageObject\",\"inLanguage\":\"de\",\"@id\":\"https:\/\/exceladvisor.org\/de\/#\/schema\/logo\/image\/\",\"url\":\"https:\/\/exceladvisor.org\/de\/wp-content\/uploads\/2023\/11\/exceladvisor.org_.png\",\"contentUrl\":\"https:\/\/exceladvisor.org\/de\/wp-content\/uploads\/2023\/11\/exceladvisor.org_.png\",\"width\":105,\"height\":36,\"caption\":\"Excel Advisor\"},\"image\":{\"@id\":\"https:\/\/exceladvisor.org\/de\/#\/schema\/logo\/image\/\"}}]}<\/script>\n<!-- \/ Yoast SEO plugin. -->","yoast_head_json":{"title":"Extrahieren Sie Text nach und vor einem Zeichen in Excel","description":"In diesem Tutorial erfahren Sie, wie Sie eine Formel schreiben, um Text vor oder nach einem bestimmten Zeichen zu extrahieren. Lassen Sie uns das \u00fcberpr\u00fcfen...","robots":{"index":"index","follow":"follow","max-snippet":"max-snippet:-1","max-image-preview":"max-image-preview:large","max-video-preview":"max-video-preview:-1"},"canonical":"https:\/\/exceladvisor.org\/de\/text-nachher-vorher\/","og_locale":"de_DE","og_type":"article","og_title":"Extrahieren Sie Text nach und vor einem Zeichen in Excel","og_description":"In diesem Tutorial erfahren Sie, wie Sie eine Formel schreiben, um Text vor oder nach einem bestimmten Zeichen zu extrahieren. Lassen Sie uns das \u00fcberpr\u00fcfen...","og_url":"https:\/\/exceladvisor.org\/de\/text-nachher-vorher\/","og_site_name":"Excel Advisor","article_modified_time":"2023-12-03T11:12:33+00:00","og_image":[{"url":"https:\/\/exceladvisor.org\/wp-content\/uploads\/2023\/08\/1-extraire-le-texte-apres-et-avant-le-caractere.png","type":"","width":"","height":""}],"twitter_card":"summary_large_image","twitter_misc":{"Gesch\u00e4tzte Lesezeit":"3\u00a0Minuten"},"schema":{"@context":"https:\/\/schema.org","@graph":[{"@type":"WebPage","@id":"https:\/\/exceladvisor.org\/de\/text-nachher-vorher\/","url":"https:\/\/exceladvisor.org\/de\/text-nachher-vorher\/","name":"Extrahieren Sie Text nach und vor einem Zeichen in Excel","isPartOf":{"@id":"https:\/\/exceladvisor.org\/de\/#website"},"primaryImageOfPage":{"@id":"https:\/\/exceladvisor.org\/de\/text-nachher-vorher\/#primaryimage"},"image":{"@id":"https:\/\/exceladvisor.org\/de\/text-nachher-vorher\/#primaryimage"},"thumbnailUrl":"https:\/\/exceladvisor.org\/wp-content\/uploads\/2023\/08\/1-extraire-le-texte-apres-et-avant-le-caractere.png","datePublished":"2023-11-06T01:04:21+00:00","dateModified":"2023-12-03T11:12:33+00:00","description":"In diesem Tutorial erfahren Sie, wie Sie eine Formel schreiben, um Text vor oder nach einem bestimmten Zeichen zu extrahieren. Lassen Sie uns das \u00fcberpr\u00fcfen...","breadcrumb":{"@id":"https:\/\/exceladvisor.org\/de\/text-nachher-vorher\/#breadcrumb"},"inLanguage":"de","potentialAction":[{"@type":"ReadAction","target":["https:\/\/exceladvisor.org\/de\/text-nachher-vorher\/"]}]},{"@type":"ImageObject","inLanguage":"de","@id":"https:\/\/exceladvisor.org\/de\/text-nachher-vorher\/#primaryimage","url":"https:\/\/exceladvisor.org\/wp-content\/uploads\/2023\/08\/1-extraire-le-texte-apres-et-avant-le-caractere.png","contentUrl":"https:\/\/exceladvisor.org\/wp-content\/uploads\/2023\/08\/1-extraire-le-texte-apres-et-avant-le-caractere.png"},{"@type":"BreadcrumbList","@id":"https:\/\/exceladvisor.org\/de\/text-nachher-vorher\/#breadcrumb","itemListElement":[{"@type":"ListItem","position":1,"name":"Accueil","item":"https:\/\/exceladvisor.org\/de\/"},{"@type":"ListItem","position":2,"name":"Extrahieren sie text nach und vor einem zeichen in excel"}]},{"@type":"WebSite","@id":"https:\/\/exceladvisor.org\/de\/#website","url":"https:\/\/exceladvisor.org\/de\/","name":"Excel Advisor","description":"Ihr Leitfaden zur Datendominanz","publisher":{"@id":"https:\/\/exceladvisor.org\/de\/#organization"},"potentialAction":[{"@type":"SearchAction","target":{"@type":"EntryPoint","urlTemplate":"https:\/\/exceladvisor.org\/de\/?s={search_term_string}"},"query-input":{"@type":"PropertyValueSpecification","valueRequired":true,"valueName":"search_term_string"}}],"inLanguage":"de"},{"@type":"Organization","@id":"https:\/\/exceladvisor.org\/de\/#organization","name":"Excel Advisor","url":"https:\/\/exceladvisor.org\/de\/","logo":{"@type":"ImageObject","inLanguage":"de","@id":"https:\/\/exceladvisor.org\/de\/#\/schema\/logo\/image\/","url":"https:\/\/exceladvisor.org\/de\/wp-content\/uploads\/2023\/11\/exceladvisor.org_.png","contentUrl":"https:\/\/exceladvisor.org\/de\/wp-content\/uploads\/2023\/11\/exceladvisor.org_.png","width":105,"height":36,"caption":"Excel Advisor"},"image":{"@id":"https:\/\/exceladvisor.org\/de\/#\/schema\/logo\/image\/"}}]}},"yoast_meta":{"yoast_wpseo_title":"","yoast_wpseo_metadesc":"","yoast_wpseo_canonical":""},"_links":{"self":[{"href":"https:\/\/exceladvisor.org\/de\/wp-json\/wp\/v2\/pages\/3257","targetHints":{"allow":["GET"]}}],"collection":[{"href":"https:\/\/exceladvisor.org\/de\/wp-json\/wp\/v2\/pages"}],"about":[{"href":"https:\/\/exceladvisor.org\/de\/wp-json\/wp\/v2\/types\/page"}],"author":[{"embeddable":true,"href":"https:\/\/exceladvisor.org\/de\/wp-json\/wp\/v2\/users\/1"}],"replies":[{"embeddable":true,"href":"https:\/\/exceladvisor.org\/de\/wp-json\/wp\/v2\/comments?post=3257"}],"version-history":[{"count":1,"href":"https:\/\/exceladvisor.org\/de\/wp-json\/wp\/v2\/pages\/3257\/revisions"}],"predecessor-version":[{"id":3767,"href":"https:\/\/exceladvisor.org\/de\/wp-json\/wp\/v2\/pages\/3257\/revisions\/3767"}],"wp:attachment":[{"href":"https:\/\/exceladvisor.org\/de\/wp-json\/wp\/v2\/media?parent=3257"}],"curies":[{"name":"wp","href":"https:\/\/api.w.org\/{rel}","templated":true}]}}