{"id":3258,"date":"2023-11-06T00:52:32","date_gmt":"2023-11-06T00:52:32","guid":{"rendered":"https:\/\/exceladvisor.org\/de\/nur-zahlen-extrahieren\/"},"modified":"2023-12-03T11:12:42","modified_gmt":"2023-12-03T11:12:42","slug":"nur-zahlen-extrahieren","status":"publish","type":"page","link":"https:\/\/exceladvisor.org\/de\/nur-zahlen-extrahieren\/","title":{"rendered":"Nur zahlen aus text (string) extrahieren"},"content":{"rendered":"<div class=\"excel-vor-dem-inhalt\" id=\"excel-4140670973\"><script type=\"text\/javascript\">\r\n\tatOptions = {\r\n\t\t'key' : 'c1158f160081d6540a8409e6925dab94',\r\n\t\t'format' : 'iframe',\r\n\t\t'height' : 250,\r\n\t\t'width' : 300,\r\n\t\t'params' : {}\r\n\t};\r\n<\/script>\r\n<script type=\"text\/javascript\" src=\"\/\/www.highperformanceformat.com\/c1158f160081d6540a8409e6925dab94\/invoke.js\"><\/script><\/div> <p>In Excel k\u00f6nnen Sie Formeln verwenden, um die Zahl aus einem Wert zu extrahieren, indem Sie Text und Zahlen kombinieren. Im folgenden Beispiel haben wir eine Formel verwendet, um 1984 aus dem Wert \u201eTPS1984\u201c zu ermitteln. <\/p><div class=\"wp-block-image\"><figure class=\"aligncenter size-full is-resized\"><img loading=\"lazy\" decoding=\"async\" class=\"wp-image-85933\" src=\"https:\/\/exceladvisor.org\/wp-content\/uploads\/2023\/08\/1-extraire-uniquement-des-chiffres.png\" sizes=\"auto, \" srcset=\"\" alt=\"Nur Zahlen extrahieren\" width=\"706\" height=\"284\"><\/figure><\/div><h2 class=\"wp-block-heading\"> Formel zum Extrahieren von Zahlen aus Text<\/h2><pre class=\"wp-block-code\"> <code class=\"language-excel-formula\" lang=\"excel-formula\">=TEXTJOIN(\"\",TRUE,IFERROR((MID(A1,ROW(INDIRECT(\"1:\"&amp;LEN(A1))),1)*1),\"\"))<\/code><\/pre><p> In diesem Tutorial werden wir diese Formel im Detail verstehen. Und um es zu verstehen, m\u00fcssen wir es in mehrere Teile unterteilen:<\/p><ol><li> Zuerst haben wir die LEN-Funktion, um die Anzahl der Zeichen im Wert zu ermitteln. <br><img loading=\"lazy\" decoding=\"async\" title=\"2-Formel-zum-Extrahieren-von-Zahlen-aus-einem-String\" src=\"https:\/\/exceladvisor.org\/wp-content\/uploads\/2023\/08\/2-formules-pour-extraire-des-nombres-dune-chaine.png\" sizes=\"auto, \" srcset=\"\" alt=\"formula-to-extract-numbers-from-a-string\" width=\"486\" height=\"209\"><\/li><li> Danach verwendet INDIRECT eine Zellreferenz unter Verwendung der 1 und 7 (vom LEN zur\u00fcckgegeben). <br><img loading=\"lazy\" decoding=\"async\" title=\"3-indirekte-Verwendungen-einer-Zellenreferenz\" src=\"https:\/\/exceladvisor.org\/wp-content\/uploads\/2023\/08\/3-utilisations-indirectes-dune-reference-de-cellule.png\" sizes=\"auto, \" srcset=\"\" alt=\"indirect-uses-a-cell-reference\" width=\"548\" height=\"80\"><\/li><li> Dann verwendet die ROW-Funktion INDIRECT und gibt ein Array von Zahlen zur\u00fcck, die mit 1 beginnen und mit 7 enden. <br><img loading=\"lazy\" decoding=\"async\" title=\"Die 4-Zeilen-Funktion gibt ein Array zur\u00fcck\" src=\"https:\/\/exceladvisor.org\/wp-content\/uploads\/2023\/08\/La-fonction-a-4-lignes-renvoie-le-tableau.png\" sizes=\"auto, \" srcset=\"\" alt=\"row-function-returns-the-array\" width=\"505\" height=\"192\"><\/li><li> Jetzt verwendet MID dieses Array und gibt ein neues mit den Werten der Zelle zur\u00fcck, auf die Sie verwiesen haben. <br><img loading=\"lazy\" decoding=\"async\" title=\"5-Retouren-bedeutet-Neuwertig\" src=\"https:\/\/exceladvisor.org\/wp-content\/uploads\/2023\/08\/5-mid-renvoie-un-nouveau-avec-valeur.png\" sizes=\"auto, \" srcset=\"\" alt=\"mid-returns-new-one-with-value\" width=\"474\" height=\"203\"><\/li><li> Als n\u00e4chstes haben wir eine einfache Multiplikationsformel, um das Array mit 1 zu multiplizieren. Mit dieser einfachen Multiplikation erhalten Sie ein neues Array, in dem Sie <a href=\"https:\/\/exceladvisor.org\/de\/wertfehler\/\">#WERT haben! Der Fehler<\/a> f\u00fcr Textwerte und Zahlen bleibt bestehen. <br><img loading=\"lazy\" decoding=\"async\" title=\"6-multipliziere-das-array\" src=\"https:\/\/exceladvisor.org\/wp-content\/uploads\/2023\/08\/6-multiplier-le-tableau.png\" sizes=\"auto, \" srcset=\"\" alt=\"multiply-the-array\" width=\"479\" height=\"241\"><\/li><li> Von hier aus konvertiert die IFERROR-Funktion die Fehlerwerte in leere Werte. <br><img loading=\"lazy\" decoding=\"async\" title=\"7-Ferror-um-Fehler-in-Vakuum umzuwandeln\" src=\"https:\/\/exceladvisor.org\/wp-content\/uploads\/2023\/08\/7-iferror-pour-convertir-les-erreurs-en-blanc.png\" sizes=\"auto, \" srcset=\"\" alt=\"iferror-to-convert-errors-into-blank\" width=\"500\" height=\"181\"><\/li><li> Und am Ende kombiniert TEXTJOIN die Werte, und das Ergebnis enth\u00e4lt nur Zahlen. <br><img loading=\"lazy\" decoding=\"async\" title=\"8-Ausz\u00fcge-von-Zahlen-in-alten-Versionen-von-Excel\" src=\"https:\/\/exceladvisor.org\/wp-content\/uploads\/2023\/08\/8-numeros-dextraction-dans-les-anciennes-versions-dExcel.png\" sizes=\"auto, \" srcset=\"\" alt=\"extract-numbers-in-older-excel-versions\" width=\"489\" height=\"125\"><\/li><\/ol><p> Die obige Formel funktioniert nur f\u00fcr Excel 2019 und h\u00f6her. Dies liegt daran, dass wir TEXTJOIN verwenden, das in fr\u00fcheren Versionen nicht verf\u00fcgbar war.<\/p><p class=\"tip-box\"> Wenn Sie einen Wert f\u00fcr einen Teil der Formel w\u00fcnschen, w\u00e4hlen Sie diesen Teil aus und dr\u00fccken Sie die Tastenkombination F9.<\/p><p class=\"alert-box\"> TEXTJOIN ist eine fl\u00fcchtige Funktion, die ihren Wert \u00e4ndert, wenn Sie eine Zelle im Arbeitsblatt aktualisieren. Dadurch kann Ihre Arbeitsmappe etwas langsam werden.<\/p><h2 class=\"wp-block-heading\"> Was aber, wenn ich eine fr\u00fchere Version verwende (2007, 2010, 2013, 2016)?<\/h2><p> Wenn Sie fr\u00fchere Versionen verwenden, m\u00fcssen Sie eine andere Formel verwenden. Eine Formel wie diese:<\/p><pre class=\"wp-block-code\"> <code class=\"language-excel-formula\" lang=\"excel-formula\">=IF(SUM(LEN(A1)-LEN(SUBSTITUTE(A1, {\"0\",\"1\",\"2\",\"3\",\"4\",\"5\",\"6\",\"7\",\"8\",\"9\"}, \"\")))&gt;0, SUMPRODUCT(MID(0&amp;A1, LARGE(INDEX(ISNUMBER(--MID(A1,ROW(INDIRECT(\"$1:$\"&amp;LEN(A1))),1))* ROW(INDIRECT(\"$1:$\"&amp;LEN(A1))),0), ROW(INDIRECT(\"$1:$\"&amp;LEN(A1))))+1,1) * 10^ROW(INDIRECT(\"$1:$\"&amp;LEN(A1)))\/10),\"\")<\/code><\/pre><pre class=\"wp-block-code\"> <code class=\"language-excel-formula\" lang=\"excel-formula\">=SUMPRODUCT(MID(0&amp;A1,LARGE(INDEX(ISNUMBER(--MID(A1,ROW(INDIRECT(\"1:\"&amp;LEN(A1))),1))*ROW(INDIRECT(\"1:\"&amp;LEN(A1))),0),ROW(INDIRECT(\"1:\"&amp;LEN(A1))))+1,1)*10^ROW(INDIRECT(\"1:\"&amp;LEN(A1)))\/10)<\/code><\/pre><p> Die beiden obigen Formeln funktionieren gut mit verschiedenen Arten von Werten. Ich habe es folgenderma\u00dfen getestet. <\/p><div class=\"wp-block-image\"><figure class=\"aligncenter size-full is-resized\"><img loading=\"lazy\" decoding=\"async\" class=\"wp-image-85941\" src=\"https:\/\/exceladvisor.org\/wp-content\/uploads\/2023\/08\/image9.png\" sizes=\"auto, \" srcset=\"\" alt=\"Formeln mit unterschiedlichen Werten\" width=\"640\" height=\"108\"><\/figure><\/div><p> In Zelle A1 oben haben wir einen komplexen Wert bestehend aus Text, Zahlen und Symbolen und im Ergebnis haben wir nur Zahlen. <\/p><div class=\"gb-container gb-container-52dfcee1 gb-container-sample-file\"><h2 class=\"gb-headline gb-headline-e289c143 gb-headline-text gb-headline-4f7959c2\"> Holen Sie sich die Excel-Datei<\/h2> <a class=\"gb-button gb-button-e88d6bee gb-button-text gb-button-button1\" href=\"https:\/\/exceladvisor.org\/wp-content\/uploads\/2023\/08\/extraire-des-numeros.xlsx\" rel=\"nofollow\">Herunterladen<\/a><\/div><div class=\"gb-container gb-container-0df56012 gb-container-mt\"> <a class=\"gb-button gb-button-f9f432f4 gb-button-text gb-button-mt-button\" href=\"https:\/\/exceladvisor.org\/de\/formeln\/\">Liste der Excel-Formeln<\/a><h2 class=\"gb-headline gb-headline-233444e8 gb-headline-text gb-headline-mt-heading\"> Verwandte Formeln <\/h2><div class=\"gb-grid-wrapper gb-grid-wrapper-a16fa65c gb-grid-wrapper-mt-grid\"><div class=\"gb-grid-column gb-grid-column-50d07e0d\"><div class=\"gb-container gb-container-50d07e0d\"><ul><li> <a href=\"https:\/\/exceladvisor.org\/de\/horizontaler-filter\/\">Erstellen Sie in Excel einen horizontalen Filter<\/a><\/li><li> <a href=\"https:\/\/exceladvisor.org\/de\/bewertung-in-sternen\/\">Erstellen Sie eine Sternebewertungsvorlage in Excel<\/a><\/li><li> <a href=\"https:\/\/exceladvisor.org\/de\/dateinamen-abrufen\/\">Dateinamen in Excel abrufen<\/a><\/li><li> <a href=\"https:\/\/exceladvisor.org\/de\/holen-sie-sich-den-blattnamen\/\">Blattnamen in Excel abrufen<\/a><\/li><li> <a href=\"https:\/\/exceladvisor.org\/de\/generiere-zufallige-buchstaben\/\">Generieren Sie schnell zuf\u00e4llige Buchstaben in Excel<\/a><\/li><\/ul><\/div><\/div><\/div><\/div>","protected":false},"excerpt":{"rendered":"","protected":false},"author":1,"featured_media":0,"parent":0,"menu_order":0,"comment_status":"open","ping_status":"closed","template":"","meta":{"ub_ctt_via":"","footnotes":""},"class_list":["post-3258","page","type-page","status-publish","hentry"],"featured_image_src":null,"yoast_head":"<!-- This site is optimized with the Yoast SEO plugin v25.4 - https:\/\/yoast.com\/wordpress\/plugins\/seo\/ -->\n<title>Nur Zahlen aus einem Text (String) extrahieren<\/title>\n<meta name=\"description\" content=\"In diesem Tutorial erfahren Sie, wie Sie eine Excel-Formel schreiben, um nur Zahlen aus Text zu extrahieren. Lassen Sie uns das \u00fcberpr\u00fcfen ...\" \/>\n<meta name=\"robots\" content=\"index, follow, max-snippet:-1, max-image-preview:large, max-video-preview:-1\" \/>\n<link rel=\"canonical\" href=\"https:\/\/exceladvisor.org\/de\/nur-zahlen-extrahieren\/\" \/>\n<meta property=\"og:locale\" content=\"de_DE\" \/>\n<meta property=\"og:type\" content=\"article\" \/>\n<meta property=\"og:title\" content=\"Nur Zahlen aus einem Text (String) extrahieren\" \/>\n<meta property=\"og:description\" content=\"In diesem Tutorial erfahren Sie, wie Sie eine Excel-Formel schreiben, um nur Zahlen aus Text zu extrahieren. Lassen Sie uns das \u00fcberpr\u00fcfen ...\" \/>\n<meta property=\"og:url\" content=\"https:\/\/exceladvisor.org\/de\/nur-zahlen-extrahieren\/\" \/>\n<meta property=\"og:site_name\" content=\"Excel Advisor\" \/>\n<meta property=\"article:modified_time\" content=\"2023-12-03T11:12:42+00:00\" \/>\n<meta property=\"og:image\" content=\"https:\/\/exceladvisor.org\/wp-content\/uploads\/2023\/08\/1-extraire-uniquement-des-chiffres.png\" \/>\n<meta name=\"twitter:card\" content=\"summary_large_image\" \/>\n<meta name=\"twitter:label1\" content=\"Gesch\u00e4tzte Lesezeit\" \/>\n\t<meta name=\"twitter:data1\" content=\"2\u00a0Minuten\" \/>\n<script type=\"application\/ld+json\" class=\"yoast-schema-graph\">{\"@context\":\"https:\/\/schema.org\",\"@graph\":[{\"@type\":\"WebPage\",\"@id\":\"https:\/\/exceladvisor.org\/de\/nur-zahlen-extrahieren\/\",\"url\":\"https:\/\/exceladvisor.org\/de\/nur-zahlen-extrahieren\/\",\"name\":\"Nur Zahlen aus einem Text (String) extrahieren\",\"isPartOf\":{\"@id\":\"https:\/\/exceladvisor.org\/de\/#website\"},\"primaryImageOfPage\":{\"@id\":\"https:\/\/exceladvisor.org\/de\/nur-zahlen-extrahieren\/#primaryimage\"},\"image\":{\"@id\":\"https:\/\/exceladvisor.org\/de\/nur-zahlen-extrahieren\/#primaryimage\"},\"thumbnailUrl\":\"https:\/\/exceladvisor.org\/wp-content\/uploads\/2023\/08\/1-extraire-uniquement-des-chiffres.png\",\"datePublished\":\"2023-11-06T00:52:32+00:00\",\"dateModified\":\"2023-12-03T11:12:42+00:00\",\"description\":\"In diesem Tutorial erfahren Sie, wie Sie eine Excel-Formel schreiben, um nur Zahlen aus Text zu extrahieren. Lassen Sie uns das \u00fcberpr\u00fcfen ...\",\"breadcrumb\":{\"@id\":\"https:\/\/exceladvisor.org\/de\/nur-zahlen-extrahieren\/#breadcrumb\"},\"inLanguage\":\"de\",\"potentialAction\":[{\"@type\":\"ReadAction\",\"target\":[\"https:\/\/exceladvisor.org\/de\/nur-zahlen-extrahieren\/\"]}]},{\"@type\":\"ImageObject\",\"inLanguage\":\"de\",\"@id\":\"https:\/\/exceladvisor.org\/de\/nur-zahlen-extrahieren\/#primaryimage\",\"url\":\"https:\/\/exceladvisor.org\/wp-content\/uploads\/2023\/08\/1-extraire-uniquement-des-chiffres.png\",\"contentUrl\":\"https:\/\/exceladvisor.org\/wp-content\/uploads\/2023\/08\/1-extraire-uniquement-des-chiffres.png\"},{\"@type\":\"BreadcrumbList\",\"@id\":\"https:\/\/exceladvisor.org\/de\/nur-zahlen-extrahieren\/#breadcrumb\",\"itemListElement\":[{\"@type\":\"ListItem\",\"position\":1,\"name\":\"Accueil\",\"item\":\"https:\/\/exceladvisor.org\/de\/\"},{\"@type\":\"ListItem\",\"position\":2,\"name\":\"Nur zahlen aus text (string) extrahieren\"}]},{\"@type\":\"WebSite\",\"@id\":\"https:\/\/exceladvisor.org\/de\/#website\",\"url\":\"https:\/\/exceladvisor.org\/de\/\",\"name\":\"Excel Advisor\",\"description\":\"Ihr Leitfaden zur Datendominanz\",\"publisher\":{\"@id\":\"https:\/\/exceladvisor.org\/de\/#organization\"},\"potentialAction\":[{\"@type\":\"SearchAction\",\"target\":{\"@type\":\"EntryPoint\",\"urlTemplate\":\"https:\/\/exceladvisor.org\/de\/?s={search_term_string}\"},\"query-input\":{\"@type\":\"PropertyValueSpecification\",\"valueRequired\":true,\"valueName\":\"search_term_string\"}}],\"inLanguage\":\"de\"},{\"@type\":\"Organization\",\"@id\":\"https:\/\/exceladvisor.org\/de\/#organization\",\"name\":\"Excel Advisor\",\"url\":\"https:\/\/exceladvisor.org\/de\/\",\"logo\":{\"@type\":\"ImageObject\",\"inLanguage\":\"de\",\"@id\":\"https:\/\/exceladvisor.org\/de\/#\/schema\/logo\/image\/\",\"url\":\"https:\/\/exceladvisor.org\/de\/wp-content\/uploads\/2023\/11\/exceladvisor.org_.png\",\"contentUrl\":\"https:\/\/exceladvisor.org\/de\/wp-content\/uploads\/2023\/11\/exceladvisor.org_.png\",\"width\":105,\"height\":36,\"caption\":\"Excel Advisor\"},\"image\":{\"@id\":\"https:\/\/exceladvisor.org\/de\/#\/schema\/logo\/image\/\"}}]}<\/script>\n<!-- \/ Yoast SEO plugin. -->","yoast_head_json":{"title":"Nur Zahlen aus einem Text (String) extrahieren","description":"In diesem Tutorial erfahren Sie, wie Sie eine Excel-Formel schreiben, um nur Zahlen aus Text zu extrahieren. Lassen Sie uns das \u00fcberpr\u00fcfen ...","robots":{"index":"index","follow":"follow","max-snippet":"max-snippet:-1","max-image-preview":"max-image-preview:large","max-video-preview":"max-video-preview:-1"},"canonical":"https:\/\/exceladvisor.org\/de\/nur-zahlen-extrahieren\/","og_locale":"de_DE","og_type":"article","og_title":"Nur Zahlen aus einem Text (String) extrahieren","og_description":"In diesem Tutorial erfahren Sie, wie Sie eine Excel-Formel schreiben, um nur Zahlen aus Text zu extrahieren. Lassen Sie uns das \u00fcberpr\u00fcfen ...","og_url":"https:\/\/exceladvisor.org\/de\/nur-zahlen-extrahieren\/","og_site_name":"Excel Advisor","article_modified_time":"2023-12-03T11:12:42+00:00","og_image":[{"url":"https:\/\/exceladvisor.org\/wp-content\/uploads\/2023\/08\/1-extraire-uniquement-des-chiffres.png","type":"","width":"","height":""}],"twitter_card":"summary_large_image","twitter_misc":{"Gesch\u00e4tzte Lesezeit":"2\u00a0Minuten"},"schema":{"@context":"https:\/\/schema.org","@graph":[{"@type":"WebPage","@id":"https:\/\/exceladvisor.org\/de\/nur-zahlen-extrahieren\/","url":"https:\/\/exceladvisor.org\/de\/nur-zahlen-extrahieren\/","name":"Nur Zahlen aus einem Text (String) extrahieren","isPartOf":{"@id":"https:\/\/exceladvisor.org\/de\/#website"},"primaryImageOfPage":{"@id":"https:\/\/exceladvisor.org\/de\/nur-zahlen-extrahieren\/#primaryimage"},"image":{"@id":"https:\/\/exceladvisor.org\/de\/nur-zahlen-extrahieren\/#primaryimage"},"thumbnailUrl":"https:\/\/exceladvisor.org\/wp-content\/uploads\/2023\/08\/1-extraire-uniquement-des-chiffres.png","datePublished":"2023-11-06T00:52:32+00:00","dateModified":"2023-12-03T11:12:42+00:00","description":"In diesem Tutorial erfahren Sie, wie Sie eine Excel-Formel schreiben, um nur Zahlen aus Text zu extrahieren. Lassen Sie uns das \u00fcberpr\u00fcfen ...","breadcrumb":{"@id":"https:\/\/exceladvisor.org\/de\/nur-zahlen-extrahieren\/#breadcrumb"},"inLanguage":"de","potentialAction":[{"@type":"ReadAction","target":["https:\/\/exceladvisor.org\/de\/nur-zahlen-extrahieren\/"]}]},{"@type":"ImageObject","inLanguage":"de","@id":"https:\/\/exceladvisor.org\/de\/nur-zahlen-extrahieren\/#primaryimage","url":"https:\/\/exceladvisor.org\/wp-content\/uploads\/2023\/08\/1-extraire-uniquement-des-chiffres.png","contentUrl":"https:\/\/exceladvisor.org\/wp-content\/uploads\/2023\/08\/1-extraire-uniquement-des-chiffres.png"},{"@type":"BreadcrumbList","@id":"https:\/\/exceladvisor.org\/de\/nur-zahlen-extrahieren\/#breadcrumb","itemListElement":[{"@type":"ListItem","position":1,"name":"Accueil","item":"https:\/\/exceladvisor.org\/de\/"},{"@type":"ListItem","position":2,"name":"Nur zahlen aus text (string) extrahieren"}]},{"@type":"WebSite","@id":"https:\/\/exceladvisor.org\/de\/#website","url":"https:\/\/exceladvisor.org\/de\/","name":"Excel Advisor","description":"Ihr Leitfaden zur Datendominanz","publisher":{"@id":"https:\/\/exceladvisor.org\/de\/#organization"},"potentialAction":[{"@type":"SearchAction","target":{"@type":"EntryPoint","urlTemplate":"https:\/\/exceladvisor.org\/de\/?s={search_term_string}"},"query-input":{"@type":"PropertyValueSpecification","valueRequired":true,"valueName":"search_term_string"}}],"inLanguage":"de"},{"@type":"Organization","@id":"https:\/\/exceladvisor.org\/de\/#organization","name":"Excel Advisor","url":"https:\/\/exceladvisor.org\/de\/","logo":{"@type":"ImageObject","inLanguage":"de","@id":"https:\/\/exceladvisor.org\/de\/#\/schema\/logo\/image\/","url":"https:\/\/exceladvisor.org\/de\/wp-content\/uploads\/2023\/11\/exceladvisor.org_.png","contentUrl":"https:\/\/exceladvisor.org\/de\/wp-content\/uploads\/2023\/11\/exceladvisor.org_.png","width":105,"height":36,"caption":"Excel Advisor"},"image":{"@id":"https:\/\/exceladvisor.org\/de\/#\/schema\/logo\/image\/"}}]}},"yoast_meta":{"yoast_wpseo_title":"","yoast_wpseo_metadesc":"","yoast_wpseo_canonical":""},"_links":{"self":[{"href":"https:\/\/exceladvisor.org\/de\/wp-json\/wp\/v2\/pages\/3258","targetHints":{"allow":["GET"]}}],"collection":[{"href":"https:\/\/exceladvisor.org\/de\/wp-json\/wp\/v2\/pages"}],"about":[{"href":"https:\/\/exceladvisor.org\/de\/wp-json\/wp\/v2\/types\/page"}],"author":[{"embeddable":true,"href":"https:\/\/exceladvisor.org\/de\/wp-json\/wp\/v2\/users\/1"}],"replies":[{"embeddable":true,"href":"https:\/\/exceladvisor.org\/de\/wp-json\/wp\/v2\/comments?post=3258"}],"version-history":[{"count":1,"href":"https:\/\/exceladvisor.org\/de\/wp-json\/wp\/v2\/pages\/3258\/revisions"}],"predecessor-version":[{"id":3778,"href":"https:\/\/exceladvisor.org\/de\/wp-json\/wp\/v2\/pages\/3258\/revisions\/3778"}],"wp:attachment":[{"href":"https:\/\/exceladvisor.org\/de\/wp-json\/wp\/v2\/media?parent=3258"}],"curies":[{"name":"wp","href":"https:\/\/api.w.org\/{rel}","templated":true}]}}