{"id":3259,"date":"2023-11-06T00:39:44","date_gmt":"2023-11-06T00:39:44","guid":{"rendered":"https:\/\/exceladvisor.org\/de\/jahre-zwischen-daten\/"},"modified":"2023-12-03T13:06:00","modified_gmt":"2023-12-03T13:06:00","slug":"jahre-zwischen-daten","status":"publish","type":"page","link":"https:\/\/exceladvisor.org\/de\/jahre-zwischen-daten\/","title":{"rendered":"Wie z\u00e4hlt man die jahre zwischen datumsangaben?"},"content":{"rendered":"<div class=\"excel-vor-dem-inhalt\" id=\"excel-3802287345\"><script type=\"text\/javascript\">\r\n\tatOptions = {\r\n\t\t'key' : 'c1158f160081d6540a8409e6925dab94',\r\n\t\t'format' : 'iframe',\r\n\t\t'height' : 250,\r\n\t\t'width' : 300,\r\n\t\t'params' : {}\r\n\t};\r\n<\/script>\r\n<script type=\"text\/javascript\" src=\"\/\/www.highperformanceformat.com\/c1158f160081d6540a8409e6925dab94\/invoke.js\"><\/script><\/div> <p>Wenn Sie in Excel die Anzahl der Jahre zwischen zwei Daten berechnen m\u00f6chten, k\u00f6nnen Sie zwei verschiedene Methoden verwenden. Die erste Methode verwendet die YEARFRAC-Funktion und die zweite die DATEDIF-Funktion. Beide Funktionen funktionieren gleich, Sie m\u00fcssen sie nur verstehen, bevor Sie sie verwenden k\u00f6nnen.<\/p><p> Im folgenden Beispiel haben Sie ein Startdatum in Zelle A1 und ein Enddatum in Zelle B1. <\/p><div class=\"wp-block-image\"><figure class=\"aligncenter size-full is-resized\"><img loading=\"lazy\" decoding=\"async\" class=\"wp-image-70022\" src=\"https:\/\/exceladvisor.org\/wp-content\/uploads\/2023\/08\/1-date-de-debut-et-de-fin.png\" sizes=\"auto, \" srcset=\"\" alt=\"Start- und Enddatum\" width=\"523\" height=\"288\"><\/figure><\/div><h2 id=\"h-using-datedif-to-get-years-between-two-dates\" class=\"wp-block-heading\"> Verwenden Sie DATEDIF, um Jahre zwischen zwei Datumsangaben abzurufen<\/h2><p> Ich habe festgestellt, dass DATEDIF der einfachste Weg ist, die Anzahl der Jahre zwischen zwei Daten zu ermitteln. Das Einzige, was Sie \u00fcber DATEDIF wissen m\u00fcssen: Es ist nicht in der Funktionsliste von Excel enthalten und Sie m\u00fcssen seine Argumente kennen, bevor Sie es verwenden k\u00f6nnen. <\/p><div class=\"wp-block-image\"><figure class=\"aligncenter size-full is-resized\"><img loading=\"lazy\" decoding=\"async\" class=\"wp-image-70023\" src=\"https:\/\/exceladvisor.org\/wp-content\/uploads\/2023\/08\/2-dates-si-pour-obtenir-des-annees.png\" sizes=\"auto, \" srcset=\"\" alt=\"datierte-zu-erhalten-Jahre\" width=\"623\" height=\"274\"><\/figure><\/div><ol type=\"1\"><li> Geben Sie zun\u00e4chst die DATEDIF-Funktion in Zelle C1 ein.<\/li><li> Schauen Sie sich danach Zelle A1 an, in der sich das Startdatum befindet.<\/li><li> Schauen Sie sich als N\u00e4chstes Zelle B1 an, in der sich das Enddatum befindet.<\/li><li> Nun m\u00fcssen Sie im dritten Argument die Einheit \u201ey\u201c eingeben, um die Anzahl der Jahre zu erhalten.<\/li><li> Dr\u00fccken Sie am Ende die Eingabetaste, um das Ergebnis zu erhalten.<\/li><\/ol><pre class=\"wp-block-code\"> <code class=\"language-excel-formula\" lang=\"excel-formula\">=DATEDIF(A1,B1,\"y\")<\/code><\/pre><p> Wie Sie im Ergebnis sehen k\u00f6nnen, haben wir 7, was der Anzahl der vollen Jahre entspricht, die zwischen diesen beiden Daten liegen. Wenn Sie \u201ey\u201c als Einheit verwenden, erhalten Sie im Ergebnis nur die vollen Jahre.<\/p><p> Wenn Sie jedoch die Monate und Tage mit dem Jahr ermitteln m\u00f6chten, m\u00fcssen Sie die Formel wie folgt verwenden. <\/p><pre class=\"wp-block-code\"> <code class=\"language-excel-formula\" lang=\"excel-formula\">=DATEDIF(A1,B1,\"y\")&amp;\"y, \"&amp;DATEDIF(A1,B1,\"ym\")&amp;\"m, \"&amp;DATEDIF(A1,B1,\"md\")&amp;\"d\"<\/code><\/pre><div class=\"wp-block-image\"><figure class=\"aligncenter size-full is-resized\"><img loading=\"lazy\" decoding=\"async\" class=\"wp-image-70024\" src=\"https:\/\/exceladvisor.org\/wp-content\/uploads\/2023\/08\/3-dates-si-pour-obtenir-des-annees-mois-jours.png\" sizes=\"auto, \" srcset=\"\" alt=\"dateif-to-get-years-months-days\" width=\"757\" height=\"247\"><\/figure><\/div><p> Hier in der obigen Formel haben wir DATEDIF dreimal in derselben Formel verwendet, jedoch mit unterschiedlichen Einheiten.<\/p><h2 id=\"h-using-yearfrac-to-count-years-between-two-dates\" class=\"wp-block-heading\"> Verwenden Sie YEARFRAC, um die Jahre zwischen zwei Daten zu z\u00e4hlen<\/h2><p> Wenn Sie DATEDIF nicht verwenden m\u00f6chten, k\u00f6nnen Sie auf YEARFRAC umsteigen. Als n\u00e4chstes haben wir das gleiche Beispiel wie zuvor. <\/p><div class=\"wp-block-image\"><figure class=\"aligncenter size-full is-resized\"><img loading=\"lazy\" decoding=\"async\" class=\"wp-image-70025\" src=\"https:\/\/exceladvisor.org\/wp-content\/uploads\/2023\/08\/4-yearfrac-pour-compter-les-annees.png\" sizes=\"auto, \" srcset=\"\" alt=\"yearfrac-to-count-years\" width=\"495\" height=\"306\"><\/figure><\/div><ol type=\"1\"><li> Geben Sie zun\u00e4chst den YEARFRAC in Zelle C1 ein.<\/li><li> Beziehen Sie sich anschlie\u00dfend im ersten Argument auf Zelle A1, wo Sie das Startdatum haben.<\/li><li> Beziehen Sie sich dann im zweiten Argument auf Zelle B1, wo Sie das Enddatum haben.<\/li><li> Geben Sie am Ende die schlie\u00dfenden Klammern ein und dr\u00fccken Sie die Eingabetaste, um das Ergebnis zu erhalten.<\/li><\/ol><p> Jetzt ergab das Ergebnis 7,5, was bedeutet, dass wir im Ergebnis bei 7,5 liegen. Und im folgenden Ergebnis k\u00f6nnen Sie sehen, dass wir unterschiedliche Daten verwendet haben, um ein anderes Ergebnis zu erhalten. <\/p><div class=\"wp-block-image\"><figure class=\"aligncenter size-full is-resized\"><img loading=\"lazy\" decoding=\"async\" class=\"wp-image-70026\" src=\"https:\/\/exceladvisor.org\/wp-content\/uploads\/2023\/08\/Resultats-frac-sur-5-ans.png\" sizes=\"auto, \" srcset=\"\" alt=\"Yearfrac-Ergebnisse\" width=\"454\" height=\"288\"><\/figure><\/div><p> Hier k\u00f6nnen Sie die zweite Formel sehen, die wir verwendet haben; dass wir zwischen zwei Daten ein genaues Jahr haben. Und in der dritten Formel haben wir Daten, bei denen wir eine Differenz von 6 Monaten haben und das Ergebnis 0,5 ergibt.<\/p><p> In YEARFRAC gibt es au\u00dferdem ein drittes Argument, mit dem Sie die Grundlagen der Differenz \u00e4ndern k\u00f6nnen, die Sie verwenden m\u00f6chten, um Jahre zwischen zwei Datumsangaben z\u00e4hlen zu lassen. <\/p><div class=\"wp-block-image\"><figure class=\"aligncenter size-full is-resized\"><img loading=\"lazy\" decoding=\"async\" class=\"wp-image-70027\" src=\"https:\/\/exceladvisor.org\/wp-content\/uploads\/2023\/08\/Frac-de-6-ans-avec-troisieme-argument.png\" sizes=\"auto, \" srcset=\"\" alt=\"Yearfrac-with-Third-Argument\" width=\"712\" height=\"333\"><\/figure><\/div><p> Von den beiden Funktionen k\u00f6nnen Sie diejenige verwenden, die am besten zu Ihrer Situation passt. <\/p><div class=\"gb-container gb-container-52dfcee1 gb-container-sample-file\"><h2 class=\"gb-headline gb-headline-e289c143 gb-headline-text gb-headline-4f7959c2\"> Holen Sie sich die Excel-Datei<\/h2><p> <a class=\"gb-button gb-button-e88d6bee gb-button-text gb-button-button1\" href=\"https:\/\/exceladvisor.org\/wp-content\/uploads\/2023\/08\/annees-entre-les-dates-2.xlsx\" rel=\"nofollow\">Herunterladen<\/a><\/p><\/div><div class=\"gb-container gb-container-0df56012 gb-container-mt\"> <a class=\"gb-button gb-button-f9f432f4 gb-button-text gb-button-mt-button\" href=\"https:\/\/exceladvisor.org\/de\/formeln\/\">Liste der Excel-Formeln<\/a><h2 class=\"gb-headline gb-headline-233444e8 gb-headline-text gb-headline-mt-heading\"> Verwandte Formeln <\/h2><div class=\"gb-grid-wrapper gb-grid-wrapper-a16fa65c gb-grid-wrapper-mt-grid\"><div class=\"gb-grid-column gb-grid-column-50d07e0d\"><div class=\"gb-container gb-container-50d07e0d\"><ul><li> <a href=\"https:\/\/exceladvisor.org\/de\/fugen-sie-die-bisherigen-jahre-hinzu\/\">F\u00fcgen Sie die bisherigen Jahre in Excel hinzu<\/a><\/li><li> <a href=\"https:\/\/exceladvisor.org\/de\/zahlen-sie-die-jahre-zwischen-zwei-daten\/\">Z\u00e4hlen Sie die Jahre zwischen zwei Daten in Excel<\/a><\/li><li> <a href=\"https:\/\/exceladvisor.org\/de\/holen-sie-sich-die-nummer-des-tages-des-jahres\/\">Ermitteln Sie die Anzahl der Tage im Jahr in Excel<\/a><\/li><li> <a href=\"https:\/\/exceladvisor.org\/de\/erhalten-sie-2-dienstjahre\/\">Erhalten Sie jahrelangen Service in Excel<\/a><\/li><li> <a href=\"https:\/\/exceladvisor.org\/de\/jahr-und-monat-extrahieren\/\">Extrahieren (Get) Sie das Jahr oder den Monat aus einem Datum in Excel<\/a> <\/li><\/ul><\/div><\/div><div class=\"gb-grid-column gb-grid-column-5b4a0cf9\"><div class=\"gb-container gb-container-5b4a0cf9\"><\/div><\/div><\/div><\/div>","protected":false},"excerpt":{"rendered":"","protected":false},"author":1,"featured_media":0,"parent":0,"menu_order":0,"comment_status":"open","ping_status":"closed","template":"","meta":{"ub_ctt_via":"","footnotes":""},"class_list":["post-3259","page","type-page","status-publish","hentry"],"featured_image_src":null,"yoast_head":"<!-- This site is optimized with the Yoast SEO plugin v25.4 - https:\/\/yoast.com\/wordpress\/plugins\/seo\/ -->\n<title>\u25b7 Wie z\u00e4hle ich Jahre zwischen Datumsangaben in Excel?<\/title>\n<meta name=\"description\" content=\"In diesem Formel-Tutorial erfahren Sie, wie Sie mit einfach zu befolgenden Methoden die Anzahl der Jahre zwischen Datumsangaben ermitteln.\" \/>\n<meta name=\"robots\" content=\"index, follow, max-snippet:-1, max-image-preview:large, max-video-preview:-1\" \/>\n<link rel=\"canonical\" href=\"https:\/\/exceladvisor.org\/de\/jahre-zwischen-daten\/\" \/>\n<meta property=\"og:locale\" content=\"de_DE\" \/>\n<meta property=\"og:type\" content=\"article\" \/>\n<meta property=\"og:title\" content=\"\u25b7 Wie z\u00e4hle ich Jahre zwischen Datumsangaben in Excel?\" \/>\n<meta property=\"og:description\" content=\"In diesem Formel-Tutorial erfahren Sie, wie Sie mit einfach zu befolgenden Methoden die Anzahl der Jahre zwischen Datumsangaben ermitteln.\" \/>\n<meta property=\"og:url\" content=\"https:\/\/exceladvisor.org\/de\/jahre-zwischen-daten\/\" \/>\n<meta property=\"og:site_name\" content=\"Excel Advisor\" \/>\n<meta property=\"article:modified_time\" content=\"2023-12-03T13:06:00+00:00\" \/>\n<meta property=\"og:image\" content=\"https:\/\/exceladvisor.org\/wp-content\/uploads\/2023\/08\/1-date-de-debut-et-de-fin.png\" \/>\n<meta name=\"twitter:card\" content=\"summary_large_image\" \/>\n<meta name=\"twitter:label1\" content=\"Gesch\u00e4tzte Lesezeit\" \/>\n\t<meta name=\"twitter:data1\" content=\"3\u00a0Minuten\" \/>\n<script type=\"application\/ld+json\" class=\"yoast-schema-graph\">{\"@context\":\"https:\/\/schema.org\",\"@graph\":[{\"@type\":\"WebPage\",\"@id\":\"https:\/\/exceladvisor.org\/de\/jahre-zwischen-daten\/\",\"url\":\"https:\/\/exceladvisor.org\/de\/jahre-zwischen-daten\/\",\"name\":\"\u25b7 Wie z\u00e4hle ich Jahre zwischen Datumsangaben in Excel?\",\"isPartOf\":{\"@id\":\"https:\/\/exceladvisor.org\/de\/#website\"},\"primaryImageOfPage\":{\"@id\":\"https:\/\/exceladvisor.org\/de\/jahre-zwischen-daten\/#primaryimage\"},\"image\":{\"@id\":\"https:\/\/exceladvisor.org\/de\/jahre-zwischen-daten\/#primaryimage\"},\"thumbnailUrl\":\"https:\/\/exceladvisor.org\/wp-content\/uploads\/2023\/08\/1-date-de-debut-et-de-fin.png\",\"datePublished\":\"2023-11-06T00:39:44+00:00\",\"dateModified\":\"2023-12-03T13:06:00+00:00\",\"description\":\"In diesem Formel-Tutorial erfahren Sie, wie Sie mit einfach zu befolgenden Methoden die Anzahl der Jahre zwischen Datumsangaben ermitteln.\",\"breadcrumb\":{\"@id\":\"https:\/\/exceladvisor.org\/de\/jahre-zwischen-daten\/#breadcrumb\"},\"inLanguage\":\"de\",\"potentialAction\":[{\"@type\":\"ReadAction\",\"target\":[\"https:\/\/exceladvisor.org\/de\/jahre-zwischen-daten\/\"]}]},{\"@type\":\"ImageObject\",\"inLanguage\":\"de\",\"@id\":\"https:\/\/exceladvisor.org\/de\/jahre-zwischen-daten\/#primaryimage\",\"url\":\"https:\/\/exceladvisor.org\/wp-content\/uploads\/2023\/08\/1-date-de-debut-et-de-fin.png\",\"contentUrl\":\"https:\/\/exceladvisor.org\/wp-content\/uploads\/2023\/08\/1-date-de-debut-et-de-fin.png\"},{\"@type\":\"BreadcrumbList\",\"@id\":\"https:\/\/exceladvisor.org\/de\/jahre-zwischen-daten\/#breadcrumb\",\"itemListElement\":[{\"@type\":\"ListItem\",\"position\":1,\"name\":\"Accueil\",\"item\":\"https:\/\/exceladvisor.org\/de\/\"},{\"@type\":\"ListItem\",\"position\":2,\"name\":\"Wie z\u00e4hlt man die jahre zwischen datumsangaben?\"}]},{\"@type\":\"WebSite\",\"@id\":\"https:\/\/exceladvisor.org\/de\/#website\",\"url\":\"https:\/\/exceladvisor.org\/de\/\",\"name\":\"Excel Advisor\",\"description\":\"Ihr Leitfaden zur Datendominanz\",\"publisher\":{\"@id\":\"https:\/\/exceladvisor.org\/de\/#organization\"},\"potentialAction\":[{\"@type\":\"SearchAction\",\"target\":{\"@type\":\"EntryPoint\",\"urlTemplate\":\"https:\/\/exceladvisor.org\/de\/?s={search_term_string}\"},\"query-input\":{\"@type\":\"PropertyValueSpecification\",\"valueRequired\":true,\"valueName\":\"search_term_string\"}}],\"inLanguage\":\"de\"},{\"@type\":\"Organization\",\"@id\":\"https:\/\/exceladvisor.org\/de\/#organization\",\"name\":\"Excel Advisor\",\"url\":\"https:\/\/exceladvisor.org\/de\/\",\"logo\":{\"@type\":\"ImageObject\",\"inLanguage\":\"de\",\"@id\":\"https:\/\/exceladvisor.org\/de\/#\/schema\/logo\/image\/\",\"url\":\"https:\/\/exceladvisor.org\/de\/wp-content\/uploads\/2023\/11\/exceladvisor.org_.png\",\"contentUrl\":\"https:\/\/exceladvisor.org\/de\/wp-content\/uploads\/2023\/11\/exceladvisor.org_.png\",\"width\":105,\"height\":36,\"caption\":\"Excel Advisor\"},\"image\":{\"@id\":\"https:\/\/exceladvisor.org\/de\/#\/schema\/logo\/image\/\"}}]}<\/script>\n<!-- \/ Yoast SEO plugin. -->","yoast_head_json":{"title":"\u25b7 Wie z\u00e4hle ich Jahre zwischen Datumsangaben in Excel?","description":"In diesem Formel-Tutorial erfahren Sie, wie Sie mit einfach zu befolgenden Methoden die Anzahl der Jahre zwischen Datumsangaben ermitteln.","robots":{"index":"index","follow":"follow","max-snippet":"max-snippet:-1","max-image-preview":"max-image-preview:large","max-video-preview":"max-video-preview:-1"},"canonical":"https:\/\/exceladvisor.org\/de\/jahre-zwischen-daten\/","og_locale":"de_DE","og_type":"article","og_title":"\u25b7 Wie z\u00e4hle ich Jahre zwischen Datumsangaben in Excel?","og_description":"In diesem Formel-Tutorial erfahren Sie, wie Sie mit einfach zu befolgenden Methoden die Anzahl der Jahre zwischen Datumsangaben ermitteln.","og_url":"https:\/\/exceladvisor.org\/de\/jahre-zwischen-daten\/","og_site_name":"Excel Advisor","article_modified_time":"2023-12-03T13:06:00+00:00","og_image":[{"url":"https:\/\/exceladvisor.org\/wp-content\/uploads\/2023\/08\/1-date-de-debut-et-de-fin.png","type":"","width":"","height":""}],"twitter_card":"summary_large_image","twitter_misc":{"Gesch\u00e4tzte Lesezeit":"3\u00a0Minuten"},"schema":{"@context":"https:\/\/schema.org","@graph":[{"@type":"WebPage","@id":"https:\/\/exceladvisor.org\/de\/jahre-zwischen-daten\/","url":"https:\/\/exceladvisor.org\/de\/jahre-zwischen-daten\/","name":"\u25b7 Wie z\u00e4hle ich Jahre zwischen Datumsangaben in Excel?","isPartOf":{"@id":"https:\/\/exceladvisor.org\/de\/#website"},"primaryImageOfPage":{"@id":"https:\/\/exceladvisor.org\/de\/jahre-zwischen-daten\/#primaryimage"},"image":{"@id":"https:\/\/exceladvisor.org\/de\/jahre-zwischen-daten\/#primaryimage"},"thumbnailUrl":"https:\/\/exceladvisor.org\/wp-content\/uploads\/2023\/08\/1-date-de-debut-et-de-fin.png","datePublished":"2023-11-06T00:39:44+00:00","dateModified":"2023-12-03T13:06:00+00:00","description":"In diesem Formel-Tutorial erfahren Sie, wie Sie mit einfach zu befolgenden Methoden die Anzahl der Jahre zwischen Datumsangaben ermitteln.","breadcrumb":{"@id":"https:\/\/exceladvisor.org\/de\/jahre-zwischen-daten\/#breadcrumb"},"inLanguage":"de","potentialAction":[{"@type":"ReadAction","target":["https:\/\/exceladvisor.org\/de\/jahre-zwischen-daten\/"]}]},{"@type":"ImageObject","inLanguage":"de","@id":"https:\/\/exceladvisor.org\/de\/jahre-zwischen-daten\/#primaryimage","url":"https:\/\/exceladvisor.org\/wp-content\/uploads\/2023\/08\/1-date-de-debut-et-de-fin.png","contentUrl":"https:\/\/exceladvisor.org\/wp-content\/uploads\/2023\/08\/1-date-de-debut-et-de-fin.png"},{"@type":"BreadcrumbList","@id":"https:\/\/exceladvisor.org\/de\/jahre-zwischen-daten\/#breadcrumb","itemListElement":[{"@type":"ListItem","position":1,"name":"Accueil","item":"https:\/\/exceladvisor.org\/de\/"},{"@type":"ListItem","position":2,"name":"Wie z\u00e4hlt man die jahre zwischen datumsangaben?"}]},{"@type":"WebSite","@id":"https:\/\/exceladvisor.org\/de\/#website","url":"https:\/\/exceladvisor.org\/de\/","name":"Excel Advisor","description":"Ihr Leitfaden zur Datendominanz","publisher":{"@id":"https:\/\/exceladvisor.org\/de\/#organization"},"potentialAction":[{"@type":"SearchAction","target":{"@type":"EntryPoint","urlTemplate":"https:\/\/exceladvisor.org\/de\/?s={search_term_string}"},"query-input":{"@type":"PropertyValueSpecification","valueRequired":true,"valueName":"search_term_string"}}],"inLanguage":"de"},{"@type":"Organization","@id":"https:\/\/exceladvisor.org\/de\/#organization","name":"Excel Advisor","url":"https:\/\/exceladvisor.org\/de\/","logo":{"@type":"ImageObject","inLanguage":"de","@id":"https:\/\/exceladvisor.org\/de\/#\/schema\/logo\/image\/","url":"https:\/\/exceladvisor.org\/de\/wp-content\/uploads\/2023\/11\/exceladvisor.org_.png","contentUrl":"https:\/\/exceladvisor.org\/de\/wp-content\/uploads\/2023\/11\/exceladvisor.org_.png","width":105,"height":36,"caption":"Excel Advisor"},"image":{"@id":"https:\/\/exceladvisor.org\/de\/#\/schema\/logo\/image\/"}}]}},"yoast_meta":{"yoast_wpseo_title":"","yoast_wpseo_metadesc":"","yoast_wpseo_canonical":""},"_links":{"self":[{"href":"https:\/\/exceladvisor.org\/de\/wp-json\/wp\/v2\/pages\/3259","targetHints":{"allow":["GET"]}}],"collection":[{"href":"https:\/\/exceladvisor.org\/de\/wp-json\/wp\/v2\/pages"}],"about":[{"href":"https:\/\/exceladvisor.org\/de\/wp-json\/wp\/v2\/types\/page"}],"author":[{"embeddable":true,"href":"https:\/\/exceladvisor.org\/de\/wp-json\/wp\/v2\/users\/1"}],"replies":[{"embeddable":true,"href":"https:\/\/exceladvisor.org\/de\/wp-json\/wp\/v2\/comments?post=3259"}],"version-history":[{"count":1,"href":"https:\/\/exceladvisor.org\/de\/wp-json\/wp\/v2\/pages\/3259\/revisions"}],"predecessor-version":[{"id":4427,"href":"https:\/\/exceladvisor.org\/de\/wp-json\/wp\/v2\/pages\/3259\/revisions\/4427"}],"wp:attachment":[{"href":"https:\/\/exceladvisor.org\/de\/wp-json\/wp\/v2\/media?parent=3259"}],"curies":[{"name":"wp","href":"https:\/\/api.w.org\/{rel}","templated":true}]}}