{"id":3260,"date":"2023-11-06T00:38:47","date_gmt":"2023-11-06T00:38:47","guid":{"rendered":"https:\/\/exceladvisor.org\/de\/indirekt-mit-vlookup-2\/"},"modified":"2023-12-03T11:12:38","modified_gmt":"2023-12-03T11:12:38","slug":"indirekt-mit-vlookup-2","status":"publish","type":"page","link":"https:\/\/exceladvisor.org\/de\/indirekt-mit-vlookup-2\/","title":{"rendered":"Indirekt mit sverweis in excel"},"content":{"rendered":"<div class=\"excel-vor-dem-inhalt\" id=\"excel-2971812758\"><script type=\"text\/javascript\">\r\n\tatOptions = {\r\n\t\t'key' : 'c1158f160081d6540a8409e6925dab94',\r\n\t\t'format' : 'iframe',\r\n\t\t'height' : 250,\r\n\t\t'width' : 300,\r\n\t\t'params' : {}\r\n\t};\r\n<\/script>\r\n<script type=\"text\/javascript\" src=\"\/\/www.highperformanceformat.com\/c1158f160081d6540a8409e6925dab94\/invoke.js\"><\/script><\/div> <p>Wenn Sie VLOOKUP verwenden m\u00f6chten und sich die zu durchsuchenden Daten in verschiedenen Bl\u00e4ttern befinden, k\u00f6nnen Sie sie mit INDIRECT kombinieren. Es hilft Ihnen, mehrere Bereiche in einer einzigen Formel zu definieren. <\/p><div class=\"wp-block-image\"><figure class=\"aligncenter size-full is-resized\"><img loading=\"lazy\" decoding=\"async\" class=\"wp-image-85926\" src=\"https:\/\/exceladvisor.org\/wp-content\/uploads\/2023\/08\/1-indirect-avec-vlookup.png\" sizes=\"auto, \" srcset=\"\" alt=\"indirekt-mit-vlookup\" width=\"576\" height=\"501\"><\/figure><\/div><p> Im obigen Beispiel haben wir monatliche Daten in drei verschiedenen Tabellenkalkulationen. Aber mit nur einem VLOOKUP + INDIRECT k\u00f6nnen Sie die Menge aller Produkte aller Monate aus mehreren Bl\u00e4ttern ermitteln.<\/p><pre class=\"wp-block-code\"> <code class=\"language-excel-formula\" lang=\"excel-formula\">=VLOOKUP($A2,INDIRECT(\"'\"&amp;B$1&amp;\"'!\"&amp;\"A:B\"),2,FALSE)<\/code><\/pre><p> Um diese Formel zu verstehen, m\u00fcssen Sie sie in zwei Teile teilen:<\/p><p> Im ersten Teil haben wir die Funktion INDIRECT, die mithilfe des Namens von Zeile 1 einen Verweis auf das Blatt erstellt. Im folgenden Beispiel verweisen wir auf den Jan-Bereich A:B des Blattes. <\/p><div class=\"wp-block-image\"><figure class=\"aligncenter size-full is-resized\"><img loading=\"lazy\" decoding=\"async\" class=\"wp-image-85927\" src=\"https:\/\/exceladvisor.org\/wp-content\/uploads\/2023\/08\/2-formule-divisee-en-deux-parties.png\" sizes=\"auto, \" srcset=\"\" alt=\"Formel-in-zwei-Teile-geteilt\" width=\"706\" height=\"379\"><\/figure><\/div><p> Sie m\u00fcssen in INDIRECT eine Struktur erstellen, um auf das Blatt mit dem Namen und Bereich zu verweisen, in dem Sie die Daten haben.<\/p><pre class=\"wp-block-code\"> <code class=\"language-excel-formula\" lang=\"excel-formula\">=INDIRECT(\"'\"&amp;B$1&amp;\"'!\"&amp;\"A:B\")<\/code><\/pre><p> Sobald Sie die Formel in die Spalte \u201eFebruar\u201c verschieben, wird die Referenz in INDIRECT in das Blatt \u201eFebruar\u201c verschoben. <\/p><div class=\"wp-block-image\"><figure class=\"aligncenter size-full is-resized\"><img loading=\"lazy\" decoding=\"async\" class=\"wp-image-85928\" src=\"https:\/\/exceladvisor.org\/wp-content\/uploads\/2023\/08\/3-reference-dans-les-changements-indirects.png\" sizes=\"auto, \" srcset=\"\" alt=\"Referenz-in-indirekte-\u00c4nderungen\" width=\"642\" height=\"265\"><\/figure><\/div><p> Im zweiten Teil verwendet VLOOKUP die von INDIRECT zur\u00fcckgegebene Tabellenbereichsadresse und ruft ihre Werte basierend auf der im Bereich angegebenen col_index_num ab.<\/p><h2 class=\"wp-block-heading\"> Wichtiger Punkt<\/h2><p> In der obigen Formel ben\u00f6tigen Sie die richtige Struktur, um mit dem Blattnamen auf einen Bereich zu verweisen. Wenn Sie die Struktur unten in INDIREKT eingeben:<\/p><pre class=\"wp-block-code\"> <code class=\"language-excel-formula\" lang=\"excel-formula\">\"'\"&amp;B$1&amp;\"'!\"&amp;\"A:B\"<\/code><\/pre><p> Er wird zur\u00fcckkommen:<\/p><pre class=\"wp-block-code\"> <code class=\"language-excel-formula\" lang=\"excel-formula\">\"'Jan'!A:B\"<\/code><\/pre><h2 class=\"wp-block-heading\"> Alternative Methode<\/h2><p> INDIRECT ist eine fl\u00fcchtige Funktion. Es wird aktualisiert, wenn eine \u00c4nderung in der Tabelle vorgenommen wird. Aus diesem Grund k\u00f6nnen Sie die Verwendung von CHOOSE in Betracht ziehen. Mit CHOOSE k\u00f6nnen Sie beispielsweise drei Formeln mit VLOOKUP schreiben. <\/p><pre class=\"wp-block-code\"> <code class=\"language-excel-formula\" lang=\"excel-formula\">=CHOOSE(B$1,VLOOKUP($A2,Jan!$A:$B,2,0),VLOOKUP($A2,Feb!$A:$B,2,0),VLOOKUP($A2,Mar!$A:$B,2,0))<\/code><\/pre><div class=\"wp-block-image\"><figure class=\"aligncenter size-full is-resized\"><img loading=\"lazy\" decoding=\"async\" class=\"wp-image-85929\" src=\"https:\/\/exceladvisor.org\/wp-content\/uploads\/2023\/08\/4-choisir-avec-vlookup.png\" sizes=\"auto, \" srcset=\"\" alt=\"W\u00e4hlen Sie mit vlookup\" width=\"752\" height=\"211\"><\/figure><\/div><p> In dieser Formel haben wir, wie ich bereits sagte, drei VLOOKUPs, und mit der Option CHOOSE k\u00f6nnen Sie entscheiden, das Ergebnis aus einem der VLOOKUPs zu erhalten <\/p><div class=\"wp-block-image\"><figure class=\"aligncenter size-full is-resized\"><img loading=\"lazy\" decoding=\"async\" class=\"wp-image-85930\" src=\"https:\/\/exceladvisor.org\/wp-content\/uploads\/2023\/08\/5-avec-choisir-obtenir-le-resultat-de-nimporte-quel-vlookup.png\" sizes=\"auto, \" srcset=\"\" alt=\"with-choose-get-result-from-any-vlookup\" width=\"416\" height=\"157\"><\/figure><\/div><p> Im CHOOSE haben wir uns auf B1 bezogen; In Zeile 1 stehen Ihnen Indexnummern zur Verf\u00fcgung, mit denen Sie den Formelwert aus SELECT abrufen k\u00f6nnen.<\/p><p> Wenn Sie beispielsweise 2 haben, gibt CHOOSE den Wert des zweiten VLOOKUP zur\u00fcck; ab dem dritten sind es 3. <\/p><div class=\"wp-block-image\"><figure class=\"aligncenter size-full is-resized\"><img loading=\"lazy\" decoding=\"async\" class=\"wp-image-85931\" src=\"https:\/\/exceladvisor.org\/wp-content\/uploads\/2023\/08\/6-valeurs-vlookup-par-reference-choisie.png\" sizes=\"auto, \" srcset=\"\" alt=\"vlookup-value-by-choose-reference\" width=\"588\" height=\"339\"><\/figure><\/div><div class=\"wp-block-group download-box is-layout-constrained\"><div class=\"wp-block-group__inner-container\"><h2 class=\"wp-block-heading\"> Laden Sie eine Beispieldatei herunter <\/h2><ul id=\"ub_styled_list-e2b2c5eb-d85e-4189-8f42-829e40d51a0f\" class=\"ub_styled_list\"><li class=\"ub_styled_list_item\"> <a href=\"https:\/\/exceladvisor.org\/wp-content\/uploads\/2023\/08\/indirect-avec-vlookup.xlsx\" rel=\"nofollow\">Herunterladen<\/a><\/li><\/ul><\/div><\/div>","protected":false},"excerpt":{"rendered":"","protected":false},"author":1,"featured_media":0,"parent":0,"menu_order":0,"comment_status":"open","ping_status":"closed","template":"","meta":{"ub_ctt_via":"","footnotes":""},"class_list":["post-3260","page","type-page","status-publish","hentry"],"featured_image_src":null,"yoast_head":"<!-- This site is optimized with the Yoast SEO plugin v25.4 - https:\/\/yoast.com\/wordpress\/plugins\/seo\/ -->\n<title>Indirekt mit SVERWEIS in Excel \u2013 Excel Advisor<\/title>\n<meta name=\"description\" content=\"In diesem Tutorial erfahren Sie, wie Sie INDIRECT mit VLOOKUP verwenden, wenn Sie in verschiedenen Tabellenbl\u00e4ttern suchen m\u00f6chten.\" \/>\n<meta name=\"robots\" content=\"index, follow, max-snippet:-1, max-image-preview:large, max-video-preview:-1\" \/>\n<link rel=\"canonical\" href=\"https:\/\/exceladvisor.org\/de\/indirekt-mit-vlookup-2\/\" \/>\n<meta property=\"og:locale\" content=\"de_DE\" \/>\n<meta property=\"og:type\" content=\"article\" \/>\n<meta property=\"og:title\" content=\"Indirekt mit SVERWEIS in Excel \u2013 Excel Advisor\" \/>\n<meta property=\"og:description\" content=\"In diesem Tutorial erfahren Sie, wie Sie INDIRECT mit VLOOKUP verwenden, wenn Sie in verschiedenen Tabellenbl\u00e4ttern suchen m\u00f6chten.\" \/>\n<meta property=\"og:url\" content=\"https:\/\/exceladvisor.org\/de\/indirekt-mit-vlookup-2\/\" \/>\n<meta property=\"og:site_name\" content=\"Excel Advisor\" \/>\n<meta property=\"article:modified_time\" content=\"2023-12-03T11:12:38+00:00\" \/>\n<meta property=\"og:image\" content=\"https:\/\/exceladvisor.org\/wp-content\/uploads\/2023\/08\/1-indirect-avec-vlookup.png\" \/>\n<meta name=\"twitter:card\" content=\"summary_large_image\" \/>\n<meta name=\"twitter:label1\" content=\"Gesch\u00e4tzte Lesezeit\" \/>\n\t<meta name=\"twitter:data1\" content=\"2\u00a0Minuten\" \/>\n<script type=\"application\/ld+json\" class=\"yoast-schema-graph\">{\"@context\":\"https:\/\/schema.org\",\"@graph\":[{\"@type\":\"WebPage\",\"@id\":\"https:\/\/exceladvisor.org\/de\/indirekt-mit-vlookup-2\/\",\"url\":\"https:\/\/exceladvisor.org\/de\/indirekt-mit-vlookup-2\/\",\"name\":\"Indirekt mit SVERWEIS in Excel \u2013 Excel Advisor\",\"isPartOf\":{\"@id\":\"https:\/\/exceladvisor.org\/de\/#website\"},\"primaryImageOfPage\":{\"@id\":\"https:\/\/exceladvisor.org\/de\/indirekt-mit-vlookup-2\/#primaryimage\"},\"image\":{\"@id\":\"https:\/\/exceladvisor.org\/de\/indirekt-mit-vlookup-2\/#primaryimage\"},\"thumbnailUrl\":\"https:\/\/exceladvisor.org\/wp-content\/uploads\/2023\/08\/1-indirect-avec-vlookup.png\",\"datePublished\":\"2023-11-06T00:38:47+00:00\",\"dateModified\":\"2023-12-03T11:12:38+00:00\",\"description\":\"In diesem Tutorial erfahren Sie, wie Sie INDIRECT mit VLOOKUP verwenden, wenn Sie in verschiedenen Tabellenbl\u00e4ttern suchen m\u00f6chten.\",\"breadcrumb\":{\"@id\":\"https:\/\/exceladvisor.org\/de\/indirekt-mit-vlookup-2\/#breadcrumb\"},\"inLanguage\":\"de\",\"potentialAction\":[{\"@type\":\"ReadAction\",\"target\":[\"https:\/\/exceladvisor.org\/de\/indirekt-mit-vlookup-2\/\"]}]},{\"@type\":\"ImageObject\",\"inLanguage\":\"de\",\"@id\":\"https:\/\/exceladvisor.org\/de\/indirekt-mit-vlookup-2\/#primaryimage\",\"url\":\"https:\/\/exceladvisor.org\/wp-content\/uploads\/2023\/08\/1-indirect-avec-vlookup.png\",\"contentUrl\":\"https:\/\/exceladvisor.org\/wp-content\/uploads\/2023\/08\/1-indirect-avec-vlookup.png\"},{\"@type\":\"BreadcrumbList\",\"@id\":\"https:\/\/exceladvisor.org\/de\/indirekt-mit-vlookup-2\/#breadcrumb\",\"itemListElement\":[{\"@type\":\"ListItem\",\"position\":1,\"name\":\"Accueil\",\"item\":\"https:\/\/exceladvisor.org\/de\/\"},{\"@type\":\"ListItem\",\"position\":2,\"name\":\"Indirekt mit sverweis in excel\"}]},{\"@type\":\"WebSite\",\"@id\":\"https:\/\/exceladvisor.org\/de\/#website\",\"url\":\"https:\/\/exceladvisor.org\/de\/\",\"name\":\"Excel Advisor\",\"description\":\"Ihr Leitfaden zur Datendominanz\",\"publisher\":{\"@id\":\"https:\/\/exceladvisor.org\/de\/#organization\"},\"potentialAction\":[{\"@type\":\"SearchAction\",\"target\":{\"@type\":\"EntryPoint\",\"urlTemplate\":\"https:\/\/exceladvisor.org\/de\/?s={search_term_string}\"},\"query-input\":{\"@type\":\"PropertyValueSpecification\",\"valueRequired\":true,\"valueName\":\"search_term_string\"}}],\"inLanguage\":\"de\"},{\"@type\":\"Organization\",\"@id\":\"https:\/\/exceladvisor.org\/de\/#organization\",\"name\":\"Excel Advisor\",\"url\":\"https:\/\/exceladvisor.org\/de\/\",\"logo\":{\"@type\":\"ImageObject\",\"inLanguage\":\"de\",\"@id\":\"https:\/\/exceladvisor.org\/de\/#\/schema\/logo\/image\/\",\"url\":\"https:\/\/exceladvisor.org\/de\/wp-content\/uploads\/2023\/11\/exceladvisor.org_.png\",\"contentUrl\":\"https:\/\/exceladvisor.org\/de\/wp-content\/uploads\/2023\/11\/exceladvisor.org_.png\",\"width\":105,\"height\":36,\"caption\":\"Excel Advisor\"},\"image\":{\"@id\":\"https:\/\/exceladvisor.org\/de\/#\/schema\/logo\/image\/\"}}]}<\/script>\n<!-- \/ Yoast SEO plugin. -->","yoast_head_json":{"title":"Indirekt mit SVERWEIS in Excel \u2013 Excel Advisor","description":"In diesem Tutorial erfahren Sie, wie Sie INDIRECT mit VLOOKUP verwenden, wenn Sie in verschiedenen Tabellenbl\u00e4ttern suchen m\u00f6chten.","robots":{"index":"index","follow":"follow","max-snippet":"max-snippet:-1","max-image-preview":"max-image-preview:large","max-video-preview":"max-video-preview:-1"},"canonical":"https:\/\/exceladvisor.org\/de\/indirekt-mit-vlookup-2\/","og_locale":"de_DE","og_type":"article","og_title":"Indirekt mit SVERWEIS in Excel \u2013 Excel Advisor","og_description":"In diesem Tutorial erfahren Sie, wie Sie INDIRECT mit VLOOKUP verwenden, wenn Sie in verschiedenen Tabellenbl\u00e4ttern suchen m\u00f6chten.","og_url":"https:\/\/exceladvisor.org\/de\/indirekt-mit-vlookup-2\/","og_site_name":"Excel Advisor","article_modified_time":"2023-12-03T11:12:38+00:00","og_image":[{"url":"https:\/\/exceladvisor.org\/wp-content\/uploads\/2023\/08\/1-indirect-avec-vlookup.png","type":"","width":"","height":""}],"twitter_card":"summary_large_image","twitter_misc":{"Gesch\u00e4tzte Lesezeit":"2\u00a0Minuten"},"schema":{"@context":"https:\/\/schema.org","@graph":[{"@type":"WebPage","@id":"https:\/\/exceladvisor.org\/de\/indirekt-mit-vlookup-2\/","url":"https:\/\/exceladvisor.org\/de\/indirekt-mit-vlookup-2\/","name":"Indirekt mit SVERWEIS in Excel \u2013 Excel Advisor","isPartOf":{"@id":"https:\/\/exceladvisor.org\/de\/#website"},"primaryImageOfPage":{"@id":"https:\/\/exceladvisor.org\/de\/indirekt-mit-vlookup-2\/#primaryimage"},"image":{"@id":"https:\/\/exceladvisor.org\/de\/indirekt-mit-vlookup-2\/#primaryimage"},"thumbnailUrl":"https:\/\/exceladvisor.org\/wp-content\/uploads\/2023\/08\/1-indirect-avec-vlookup.png","datePublished":"2023-11-06T00:38:47+00:00","dateModified":"2023-12-03T11:12:38+00:00","description":"In diesem Tutorial erfahren Sie, wie Sie INDIRECT mit VLOOKUP verwenden, wenn Sie in verschiedenen Tabellenbl\u00e4ttern suchen m\u00f6chten.","breadcrumb":{"@id":"https:\/\/exceladvisor.org\/de\/indirekt-mit-vlookup-2\/#breadcrumb"},"inLanguage":"de","potentialAction":[{"@type":"ReadAction","target":["https:\/\/exceladvisor.org\/de\/indirekt-mit-vlookup-2\/"]}]},{"@type":"ImageObject","inLanguage":"de","@id":"https:\/\/exceladvisor.org\/de\/indirekt-mit-vlookup-2\/#primaryimage","url":"https:\/\/exceladvisor.org\/wp-content\/uploads\/2023\/08\/1-indirect-avec-vlookup.png","contentUrl":"https:\/\/exceladvisor.org\/wp-content\/uploads\/2023\/08\/1-indirect-avec-vlookup.png"},{"@type":"BreadcrumbList","@id":"https:\/\/exceladvisor.org\/de\/indirekt-mit-vlookup-2\/#breadcrumb","itemListElement":[{"@type":"ListItem","position":1,"name":"Accueil","item":"https:\/\/exceladvisor.org\/de\/"},{"@type":"ListItem","position":2,"name":"Indirekt mit sverweis in excel"}]},{"@type":"WebSite","@id":"https:\/\/exceladvisor.org\/de\/#website","url":"https:\/\/exceladvisor.org\/de\/","name":"Excel Advisor","description":"Ihr Leitfaden zur Datendominanz","publisher":{"@id":"https:\/\/exceladvisor.org\/de\/#organization"},"potentialAction":[{"@type":"SearchAction","target":{"@type":"EntryPoint","urlTemplate":"https:\/\/exceladvisor.org\/de\/?s={search_term_string}"},"query-input":{"@type":"PropertyValueSpecification","valueRequired":true,"valueName":"search_term_string"}}],"inLanguage":"de"},{"@type":"Organization","@id":"https:\/\/exceladvisor.org\/de\/#organization","name":"Excel Advisor","url":"https:\/\/exceladvisor.org\/de\/","logo":{"@type":"ImageObject","inLanguage":"de","@id":"https:\/\/exceladvisor.org\/de\/#\/schema\/logo\/image\/","url":"https:\/\/exceladvisor.org\/de\/wp-content\/uploads\/2023\/11\/exceladvisor.org_.png","contentUrl":"https:\/\/exceladvisor.org\/de\/wp-content\/uploads\/2023\/11\/exceladvisor.org_.png","width":105,"height":36,"caption":"Excel Advisor"},"image":{"@id":"https:\/\/exceladvisor.org\/de\/#\/schema\/logo\/image\/"}}]}},"yoast_meta":{"yoast_wpseo_title":"","yoast_wpseo_metadesc":"","yoast_wpseo_canonical":""},"_links":{"self":[{"href":"https:\/\/exceladvisor.org\/de\/wp-json\/wp\/v2\/pages\/3260","targetHints":{"allow":["GET"]}}],"collection":[{"href":"https:\/\/exceladvisor.org\/de\/wp-json\/wp\/v2\/pages"}],"about":[{"href":"https:\/\/exceladvisor.org\/de\/wp-json\/wp\/v2\/types\/page"}],"author":[{"embeddable":true,"href":"https:\/\/exceladvisor.org\/de\/wp-json\/wp\/v2\/users\/1"}],"replies":[{"embeddable":true,"href":"https:\/\/exceladvisor.org\/de\/wp-json\/wp\/v2\/comments?post=3260"}],"version-history":[{"count":1,"href":"https:\/\/exceladvisor.org\/de\/wp-json\/wp\/v2\/pages\/3260\/revisions"}],"predecessor-version":[{"id":3773,"href":"https:\/\/exceladvisor.org\/de\/wp-json\/wp\/v2\/pages\/3260\/revisions\/3773"}],"wp:attachment":[{"href":"https:\/\/exceladvisor.org\/de\/wp-json\/wp\/v2\/media?parent=3260"}],"curies":[{"name":"wp","href":"https:\/\/api.w.org\/{rel}","templated":true}]}}