{"id":3261,"date":"2023-11-06T00:29:38","date_gmt":"2023-11-06T00:29:38","guid":{"rendered":"https:\/\/exceladvisor.org\/de\/prozentualer-unterschied\/"},"modified":"2023-12-03T11:14:15","modified_gmt":"2023-12-03T11:14:15","slug":"prozentualer-unterschied","status":"publish","type":"page","link":"https:\/\/exceladvisor.org\/de\/prozentualer-unterschied\/","title":{"rendered":"Wie berechnet man die prozentuale varianz in excel?"},"content":{"rendered":"<div class=\"excel-vor-dem-inhalt\" id=\"excel-4252268052\"><script type=\"text\/javascript\">\r\n\tatOptions = {\r\n\t\t'key' : 'c1158f160081d6540a8409e6925dab94',\r\n\t\t'format' : 'iframe',\r\n\t\t'height' : 250,\r\n\t\t'width' : 300,\r\n\t\t'params' : {}\r\n\t};\r\n<\/script>\r\n<script type=\"text\/javascript\" src=\"\/\/www.highperformanceformat.com\/c1158f160081d6540a8409e6925dab94\/invoke.js\"><\/script><\/div> <p>Um eine prozentuale L\u00fccke (Differenz) zwischen zwei Werten in Excel zu berechnen, m\u00fcssen Sie eine einfache Formel verwenden. In dieser Formel k\u00f6nnen Sie die alten Werte von den neuen Werten abziehen und diese Differenz dann durch den alten Wert dividieren. Auf diese Weise erhalten Sie die prozentuale \u00c4nderung gegen\u00fcber dem alten Wert.<\/p><p> Im folgenden Beispiel haben Sie eine Liste alter Werte mit neuen Werten. Jetzt m\u00fcssen Sie hier die prozentuale Varianz berechnen. <\/p><div class=\"wp-block-image\"><figure class=\"aligncenter size-full is-resized\"><img loading=\"lazy\" decoding=\"async\" class=\"wp-image-67613\" src=\"https:\/\/exceladvisor.org\/wp-content\/uploads\/2023\/08\/1-liste-des-anciennes-et-nouvelles-valeurs.png\" sizes=\"auto, \" srcset=\"\" alt=\"Liste alter und neuer Werte\" width=\"317\" height=\"312\"><\/figure><\/div><h2 class=\"wp-block-heading\"> Excel-Formel zur Berechnung der prozentualen Varianz<\/h2><ol type=\"1\"><li> Geben Sie zun\u00e4chst eine Startklammer ein und verweisen Sie dann auf die Zelle, in der Sie einen neuen Wert haben.<\/li><li> Geben Sie anschlie\u00dfend einen Minusoperator ein und beziehen Sie sich dann auf den alten Wert.<\/li><li> Geben Sie dann eine schlie\u00dfende Klammer und den Enter- und Divisionsoperator ein.<\/li><li> Beziehen Sie sich nun auf den alten Wert und dr\u00fccken Sie die Eingabetaste, um das Ergebnis zu erhalten.<\/li><li> Letztendlich m\u00fcssen Sie das Format der Zelle \u00e4ndern, in der Sie den Ergebniswert haben. Verwenden Sie also die Tastenkombination \u201eStrg + Umschalt + %\u201c. <\/li><\/ol><div class=\"wp-block-image\"><figure class=\"aligncenter size-full is-resized\"><img loading=\"lazy\" decoding=\"async\" class=\"wp-image-67614\" src=\"https:\/\/exceladvisor.org\/wp-content\/uploads\/2023\/08\/2-formule-pour-obtenir-la-variance-en-pourcentage.png\" sizes=\"auto, \" srcset=\"\" alt=\"Formel zum Ermitteln der prozentualen Abweichung\" width=\"444\" height=\"395\"><\/figure><\/div><h2 class=\"wp-block-heading\"> Die Formel verstehen<\/h2><p> Um diese Formel zu verstehen, zerlegen wir sie in mehrere Teile. <\/p><div class=\"wp-block-image\"><figure class=\"aligncenter size-full is-resized\"><img loading=\"lazy\" decoding=\"async\" class=\"wp-image-67615\" src=\"https:\/\/exceladvisor.org\/wp-content\/uploads\/2023\/08\/Formule-de-variance-a-3-pourcentages.png\" sizes=\"auto, \" srcset=\"\" alt=\"Prozent-Varianz-Formel\" width=\"610\" height=\"121\"><\/figure><\/div><p> Und so sieht es aus, wenn Sie in der Formel einen realen Wert verwenden. <\/p><div class=\"wp-block-image\"><figure class=\"aligncenter size-full is-resized\"><img loading=\"lazy\" decoding=\"async\" class=\"wp-image-67616\" src=\"https:\/\/exceladvisor.org\/wp-content\/uploads\/2023\/08\/4-valeur-reelle-dans-la-formule.png\" sizes=\"auto, \" srcset=\"\" alt=\"realer Wert in der Formel\" width=\"568\" height=\"143\"><\/figure><\/div><p> Wenn Sie im ersten Teil den neuen Wert vom alten Wert entfernen, erhalten Sie die Differenz zwischen den beiden. <\/p><div class=\"wp-block-image\"><figure class=\"aligncenter size-full is-resized\"><img loading=\"lazy\" decoding=\"async\" class=\"wp-image-67617\" src=\"https:\/\/exceladvisor.org\/wp-content\/uploads\/2023\/08\/5-supprimer-la-nouvelle-valeur-de-lancienne.png\" sizes=\"auto, \" srcset=\"\" alt=\"Neuen Wert aus altem entfernen\" width=\"307\" height=\"109\"><\/figure><\/div><p> Im zweiten Teil dividieren Sie diese Differenz durch den alten Wert, was einen Prozentwert ergibt, der die Varianz zwischen den beiden Werten darstellt. <\/p><div class=\"wp-block-image\"><figure class=\"aligncenter size-full is-resized\"><img loading=\"lazy\" decoding=\"async\" class=\"wp-image-67618\" src=\"https:\/\/exceladvisor.org\/wp-content\/uploads\/2023\/08\/6-diviser-la-difference-avec-lancienne-valeur.png\" sizes=\"auto, \" srcset=\"\" alt=\"Dividiere die Differenz durch den alten Wert\" width=\"264\" height=\"204\"><\/figure><\/div><p> Kehren wir nun zu unserem realen Beispiel zur\u00fcck. <\/p><div class=\"wp-block-image\"><figure class=\"aligncenter size-full is-resized\"><img loading=\"lazy\" decoding=\"async\" class=\"wp-image-67619\" src=\"https:\/\/exceladvisor.org\/wp-content\/uploads\/2023\/08\/7-exemple-avec-un-pourcentage-decart.png\" sizes=\"auto, \" srcset=\"\" alt=\"Beispiel-mit-prozentualer-Varianz\" width=\"504\" height=\"357\"><\/figure><\/div><p> Wenn Sie die Formel auf die restlichen Werte ziehen, sehen Sie, dass sie auch die prozentuale Varianz f\u00fcr alle Werte berechnet. Und es gibt auch einige Werte mit negativen Prozents\u00e4tzen, bei denen der neue Wert kleiner als der alte Wert ist.<\/p><p class=\"qt-tip\"> <strong>Hinweis:<\/strong> Stellen Sie sicher, dass Sie das Zellformat als Prozentsatz f\u00fcr die Ergebniszelle haben. Verwenden Sie die Tastenkombination Strg+Umschalt+%. <\/p><div class=\"gb-container gb-container-52dfcee1 gb-container-sample-file\"><h2 class=\"gb-headline gb-headline-e289c143 gb-headline-text gb-headline-4f7959c2\"> Holen Sie sich die Excel-Datei<\/h2><p> <a class=\"gb-button gb-button-e88d6bee gb-button-text gb-button-button1\" href=\"https:\/\/exceladvisor.org\/wp-content\/uploads\/2023\/11\/pourcentage-decart-2.xlsx\" rel=\"nofollow\">Herunterladen<\/a><\/p><\/div><div class=\"gb-container gb-container-0df56012 gb-container-mt\"> <a class=\"gb-button gb-button-f9f432f4 gb-button-text gb-button-mt-button\" href=\"https:\/\/exceladvisor.org\/de\/formeln\/\">Liste der Excel-Formeln<\/a><h2 class=\"gb-headline gb-headline-233444e8 gb-headline-text gb-headline-mt-heading\"> Verwandte Formeln <\/h2><div class=\"gb-grid-wrapper gb-grid-wrapper-a16fa65c gb-grid-wrapper-mt-grid\"><div class=\"gb-grid-column gb-grid-column-50d07e0d\"><div class=\"gb-container gb-container-50d07e0d\"><ul><li> Kubikwurzel in Excel berechnen<\/li><li> <a href=\"https:\/\/exceladvisor.org\/de\/quadratwurzel\/\">Berechnen Sie die Quadratwurzel in Excel + f\u00fcgen Sie ein Symbol ein<\/a><\/li><li> <a href=\"https:\/\/exceladvisor.org\/de\/ist-nicht-gleich\/\">Entspricht nicht dem Operator in Excel<\/a><\/li><li> <a href=\"https:\/\/exceladvisor.org\/de\/quadratzahl\/\">Quadrieren Sie eine Zahl in Excel<\/a><\/li><li> <a href=\"https:\/\/exceladvisor.org\/de\/addieren-subtrahieren-eines-prozentsatzes-von-einer-zahl\/\">Addiere\/subtrahiere den Prozentsatz einer Zahl<\/a><\/li><li> <a href=\"https:\/\/exceladvisor.org\/de\/kumulierte-summe-2\/\">Berechnen Sie die kumulative Summe der Werte<\/a> <\/li><\/ul><\/div><\/div><div class=\"gb-grid-column gb-grid-column-5b4a0cf9\"><div class=\"gb-container gb-container-5b4a0cf9\"><\/div><\/div><\/div><\/div>","protected":false},"excerpt":{"rendered":"","protected":false},"author":1,"featured_media":0,"parent":0,"menu_order":0,"comment_status":"open","ping_status":"closed","template":"","meta":{"ub_ctt_via":"","footnotes":""},"class_list":["post-3261","page","type-page","status-publish","hentry"],"featured_image_src":null,"yoast_head":"<!-- This site is optimized with the Yoast SEO plugin v25.4 - https:\/\/yoast.com\/wordpress\/plugins\/seo\/ -->\n<title>\u25b7 Wie berechnet man die prozentuale Varianz in Excel?<\/title>\n<meta name=\"description\" content=\"In diesem Tutorial erfahren Sie, wie Sie eine Formel verwenden, um die prozentuale Varianz (Differenz) in Excel zu berechnen.\" \/>\n<meta name=\"robots\" content=\"index, follow, max-snippet:-1, max-image-preview:large, max-video-preview:-1\" \/>\n<link rel=\"canonical\" href=\"https:\/\/exceladvisor.org\/de\/prozentualer-unterschied\/\" \/>\n<meta property=\"og:locale\" content=\"de_DE\" \/>\n<meta property=\"og:type\" content=\"article\" \/>\n<meta property=\"og:title\" content=\"\u25b7 Wie berechnet man die prozentuale Varianz in Excel?\" \/>\n<meta property=\"og:description\" content=\"In diesem Tutorial erfahren Sie, wie Sie eine Formel verwenden, um die prozentuale Varianz (Differenz) in Excel zu berechnen.\" \/>\n<meta property=\"og:url\" content=\"https:\/\/exceladvisor.org\/de\/prozentualer-unterschied\/\" \/>\n<meta property=\"og:site_name\" content=\"Excel Advisor\" \/>\n<meta property=\"article:modified_time\" content=\"2023-12-03T11:14:15+00:00\" \/>\n<meta property=\"og:image\" content=\"https:\/\/exceladvisor.org\/wp-content\/uploads\/2023\/08\/1-liste-des-anciennes-et-nouvelles-valeurs.png\" \/>\n<meta name=\"twitter:card\" content=\"summary_large_image\" \/>\n<meta name=\"twitter:label1\" content=\"Gesch\u00e4tzte Lesezeit\" \/>\n\t<meta name=\"twitter:data1\" content=\"2\u00a0Minuten\" \/>\n<script type=\"application\/ld+json\" class=\"yoast-schema-graph\">{\"@context\":\"https:\/\/schema.org\",\"@graph\":[{\"@type\":\"WebPage\",\"@id\":\"https:\/\/exceladvisor.org\/de\/prozentualer-unterschied\/\",\"url\":\"https:\/\/exceladvisor.org\/de\/prozentualer-unterschied\/\",\"name\":\"\u25b7 Wie berechnet man die prozentuale Varianz in Excel?\",\"isPartOf\":{\"@id\":\"https:\/\/exceladvisor.org\/de\/#website\"},\"primaryImageOfPage\":{\"@id\":\"https:\/\/exceladvisor.org\/de\/prozentualer-unterschied\/#primaryimage\"},\"image\":{\"@id\":\"https:\/\/exceladvisor.org\/de\/prozentualer-unterschied\/#primaryimage\"},\"thumbnailUrl\":\"https:\/\/exceladvisor.org\/wp-content\/uploads\/2023\/08\/1-liste-des-anciennes-et-nouvelles-valeurs.png\",\"datePublished\":\"2023-11-06T00:29:38+00:00\",\"dateModified\":\"2023-12-03T11:14:15+00:00\",\"description\":\"In diesem Tutorial erfahren Sie, wie Sie eine Formel verwenden, um die prozentuale Varianz (Differenz) in Excel zu berechnen.\",\"breadcrumb\":{\"@id\":\"https:\/\/exceladvisor.org\/de\/prozentualer-unterschied\/#breadcrumb\"},\"inLanguage\":\"de\",\"potentialAction\":[{\"@type\":\"ReadAction\",\"target\":[\"https:\/\/exceladvisor.org\/de\/prozentualer-unterschied\/\"]}]},{\"@type\":\"ImageObject\",\"inLanguage\":\"de\",\"@id\":\"https:\/\/exceladvisor.org\/de\/prozentualer-unterschied\/#primaryimage\",\"url\":\"https:\/\/exceladvisor.org\/wp-content\/uploads\/2023\/08\/1-liste-des-anciennes-et-nouvelles-valeurs.png\",\"contentUrl\":\"https:\/\/exceladvisor.org\/wp-content\/uploads\/2023\/08\/1-liste-des-anciennes-et-nouvelles-valeurs.png\"},{\"@type\":\"BreadcrumbList\",\"@id\":\"https:\/\/exceladvisor.org\/de\/prozentualer-unterschied\/#breadcrumb\",\"itemListElement\":[{\"@type\":\"ListItem\",\"position\":1,\"name\":\"Accueil\",\"item\":\"https:\/\/exceladvisor.org\/de\/\"},{\"@type\":\"ListItem\",\"position\":2,\"name\":\"Wie berechnet man die prozentuale varianz in excel?\"}]},{\"@type\":\"WebSite\",\"@id\":\"https:\/\/exceladvisor.org\/de\/#website\",\"url\":\"https:\/\/exceladvisor.org\/de\/\",\"name\":\"Excel Advisor\",\"description\":\"Ihr Leitfaden zur Datendominanz\",\"publisher\":{\"@id\":\"https:\/\/exceladvisor.org\/de\/#organization\"},\"potentialAction\":[{\"@type\":\"SearchAction\",\"target\":{\"@type\":\"EntryPoint\",\"urlTemplate\":\"https:\/\/exceladvisor.org\/de\/?s={search_term_string}\"},\"query-input\":{\"@type\":\"PropertyValueSpecification\",\"valueRequired\":true,\"valueName\":\"search_term_string\"}}],\"inLanguage\":\"de\"},{\"@type\":\"Organization\",\"@id\":\"https:\/\/exceladvisor.org\/de\/#organization\",\"name\":\"Excel Advisor\",\"url\":\"https:\/\/exceladvisor.org\/de\/\",\"logo\":{\"@type\":\"ImageObject\",\"inLanguage\":\"de\",\"@id\":\"https:\/\/exceladvisor.org\/de\/#\/schema\/logo\/image\/\",\"url\":\"https:\/\/exceladvisor.org\/de\/wp-content\/uploads\/2023\/11\/exceladvisor.org_.png\",\"contentUrl\":\"https:\/\/exceladvisor.org\/de\/wp-content\/uploads\/2023\/11\/exceladvisor.org_.png\",\"width\":105,\"height\":36,\"caption\":\"Excel Advisor\"},\"image\":{\"@id\":\"https:\/\/exceladvisor.org\/de\/#\/schema\/logo\/image\/\"}}]}<\/script>\n<!-- \/ Yoast SEO plugin. -->","yoast_head_json":{"title":"\u25b7 Wie berechnet man die prozentuale Varianz in Excel?","description":"In diesem Tutorial erfahren Sie, wie Sie eine Formel verwenden, um die prozentuale Varianz (Differenz) in Excel zu berechnen.","robots":{"index":"index","follow":"follow","max-snippet":"max-snippet:-1","max-image-preview":"max-image-preview:large","max-video-preview":"max-video-preview:-1"},"canonical":"https:\/\/exceladvisor.org\/de\/prozentualer-unterschied\/","og_locale":"de_DE","og_type":"article","og_title":"\u25b7 Wie berechnet man die prozentuale Varianz in Excel?","og_description":"In diesem Tutorial erfahren Sie, wie Sie eine Formel verwenden, um die prozentuale Varianz (Differenz) in Excel zu berechnen.","og_url":"https:\/\/exceladvisor.org\/de\/prozentualer-unterschied\/","og_site_name":"Excel Advisor","article_modified_time":"2023-12-03T11:14:15+00:00","og_image":[{"url":"https:\/\/exceladvisor.org\/wp-content\/uploads\/2023\/08\/1-liste-des-anciennes-et-nouvelles-valeurs.png","type":"","width":"","height":""}],"twitter_card":"summary_large_image","twitter_misc":{"Gesch\u00e4tzte Lesezeit":"2\u00a0Minuten"},"schema":{"@context":"https:\/\/schema.org","@graph":[{"@type":"WebPage","@id":"https:\/\/exceladvisor.org\/de\/prozentualer-unterschied\/","url":"https:\/\/exceladvisor.org\/de\/prozentualer-unterschied\/","name":"\u25b7 Wie berechnet man die prozentuale Varianz in Excel?","isPartOf":{"@id":"https:\/\/exceladvisor.org\/de\/#website"},"primaryImageOfPage":{"@id":"https:\/\/exceladvisor.org\/de\/prozentualer-unterschied\/#primaryimage"},"image":{"@id":"https:\/\/exceladvisor.org\/de\/prozentualer-unterschied\/#primaryimage"},"thumbnailUrl":"https:\/\/exceladvisor.org\/wp-content\/uploads\/2023\/08\/1-liste-des-anciennes-et-nouvelles-valeurs.png","datePublished":"2023-11-06T00:29:38+00:00","dateModified":"2023-12-03T11:14:15+00:00","description":"In diesem Tutorial erfahren Sie, wie Sie eine Formel verwenden, um die prozentuale Varianz (Differenz) in Excel zu berechnen.","breadcrumb":{"@id":"https:\/\/exceladvisor.org\/de\/prozentualer-unterschied\/#breadcrumb"},"inLanguage":"de","potentialAction":[{"@type":"ReadAction","target":["https:\/\/exceladvisor.org\/de\/prozentualer-unterschied\/"]}]},{"@type":"ImageObject","inLanguage":"de","@id":"https:\/\/exceladvisor.org\/de\/prozentualer-unterschied\/#primaryimage","url":"https:\/\/exceladvisor.org\/wp-content\/uploads\/2023\/08\/1-liste-des-anciennes-et-nouvelles-valeurs.png","contentUrl":"https:\/\/exceladvisor.org\/wp-content\/uploads\/2023\/08\/1-liste-des-anciennes-et-nouvelles-valeurs.png"},{"@type":"BreadcrumbList","@id":"https:\/\/exceladvisor.org\/de\/prozentualer-unterschied\/#breadcrumb","itemListElement":[{"@type":"ListItem","position":1,"name":"Accueil","item":"https:\/\/exceladvisor.org\/de\/"},{"@type":"ListItem","position":2,"name":"Wie berechnet man die prozentuale varianz in excel?"}]},{"@type":"WebSite","@id":"https:\/\/exceladvisor.org\/de\/#website","url":"https:\/\/exceladvisor.org\/de\/","name":"Excel Advisor","description":"Ihr Leitfaden zur Datendominanz","publisher":{"@id":"https:\/\/exceladvisor.org\/de\/#organization"},"potentialAction":[{"@type":"SearchAction","target":{"@type":"EntryPoint","urlTemplate":"https:\/\/exceladvisor.org\/de\/?s={search_term_string}"},"query-input":{"@type":"PropertyValueSpecification","valueRequired":true,"valueName":"search_term_string"}}],"inLanguage":"de"},{"@type":"Organization","@id":"https:\/\/exceladvisor.org\/de\/#organization","name":"Excel Advisor","url":"https:\/\/exceladvisor.org\/de\/","logo":{"@type":"ImageObject","inLanguage":"de","@id":"https:\/\/exceladvisor.org\/de\/#\/schema\/logo\/image\/","url":"https:\/\/exceladvisor.org\/de\/wp-content\/uploads\/2023\/11\/exceladvisor.org_.png","contentUrl":"https:\/\/exceladvisor.org\/de\/wp-content\/uploads\/2023\/11\/exceladvisor.org_.png","width":105,"height":36,"caption":"Excel Advisor"},"image":{"@id":"https:\/\/exceladvisor.org\/de\/#\/schema\/logo\/image\/"}}]}},"yoast_meta":{"yoast_wpseo_title":"","yoast_wpseo_metadesc":"","yoast_wpseo_canonical":""},"_links":{"self":[{"href":"https:\/\/exceladvisor.org\/de\/wp-json\/wp\/v2\/pages\/3261","targetHints":{"allow":["GET"]}}],"collection":[{"href":"https:\/\/exceladvisor.org\/de\/wp-json\/wp\/v2\/pages"}],"about":[{"href":"https:\/\/exceladvisor.org\/de\/wp-json\/wp\/v2\/types\/page"}],"author":[{"embeddable":true,"href":"https:\/\/exceladvisor.org\/de\/wp-json\/wp\/v2\/users\/1"}],"replies":[{"embeddable":true,"href":"https:\/\/exceladvisor.org\/de\/wp-json\/wp\/v2\/comments?post=3261"}],"version-history":[{"count":1,"href":"https:\/\/exceladvisor.org\/de\/wp-json\/wp\/v2\/pages\/3261\/revisions"}],"predecessor-version":[{"id":3895,"href":"https:\/\/exceladvisor.org\/de\/wp-json\/wp\/v2\/pages\/3261\/revisions\/3895"}],"wp:attachment":[{"href":"https:\/\/exceladvisor.org\/de\/wp-json\/wp\/v2\/media?parent=3261"}],"curies":[{"name":"wp","href":"https:\/\/api.w.org\/{rel}","templated":true}]}}