{"id":3262,"date":"2023-11-06T00:19:21","date_gmt":"2023-11-06T00:19:21","guid":{"rendered":"https:\/\/exceladvisor.org\/de\/ist-nicht-gleich\/"},"modified":"2023-12-03T13:05:49","modified_gmt":"2023-12-03T13:05:49","slug":"ist-nicht-gleich","status":"publish","type":"page","link":"https:\/\/exceladvisor.org\/de\/ist-nicht-gleich\/","title":{"rendered":"Wie verwende ich den ungleich-operator in excel?"},"content":{"rendered":"<div class=\"excel-vor-dem-inhalt\" id=\"excel-4141725048\"><script type=\"text\/javascript\">\r\n\tatOptions = {\r\n\t\t'key' : 'c1158f160081d6540a8409e6925dab94',\r\n\t\t'format' : 'iframe',\r\n\t\t'height' : 250,\r\n\t\t'width' : 300,\r\n\t\t'params' : {}\r\n\t};\r\n<\/script>\r\n<script type=\"text\/javascript\" src=\"\/\/www.highperformanceformat.com\/c1158f160081d6540a8409e6925dab94\/invoke.js\"><\/script><\/div> <p>Wenn Sie in Excel pr\u00fcfen m\u00f6chten, ob ein Zellenwert nicht mit einem anderen Wert \u00fcbereinstimmt, k\u00f6nnen Sie den Differenzoperator \u201e&lt;&gt;\u201c verwenden. Es gibt FALSE zur\u00fcck, wenn der Wert \u00fcbereinstimmt, und TRUE, wenn er nicht \u00fcbereinstimmt. Sie k\u00f6nnen es als Formel oder auch mit anderen Funktionen wie WENN, ODER und UND verwenden.<\/p><p> Im folgenden Beispiel haben Sie zwei Werte in den Zellen A1 und A2 und m\u00fcssen pr\u00fcfen, ob Wert 1 nicht gleich Wert 2 ist. <\/p><div class=\"wp-block-image\"><figure class=\"aligncenter size-full is-resized\"><img loading=\"lazy\" decoding=\"async\" class=\"wp-image-69533\" src=\"https:\/\/exceladvisor.org\/wp-content\/uploads\/2023\/08\/1-deux-valeurs-dans-les-cellules.png\" sizes=\"auto, \" srcset=\"\" alt=\"zwei Werte in Zellen\" width=\"363\" height=\"274\"><\/figure><\/div><h2 id=\"h-using-does-not-equals-operator\" class=\"wp-block-heading\"> Verwendung des NOT EQUAL-Operators<\/h2><ol type=\"1\"><li> Geben Sie zun\u00e4chst in Zelle B1 den Gleichheitsoperator ein.<\/li><li> Schauen Sie sich danach Zelle A1 an, in der sich der erste Wert befindet.<\/li><li> Geben Sie als N\u00e4chstes den Nicht-\u201e&lt;&gt;\u201c-Operator ein.<\/li><li> Beziehen Sie sich nun auf den zweiten Wert, den wir in Zelle A2 haben.<\/li><li> Dr\u00fccken Sie am Ende die Eingabetaste, um den Wert zu erhalten. <\/li><\/ol><div class=\"wp-block-image\"><figure class=\"aligncenter size-full is-resized\"><img loading=\"lazy\" decoding=\"async\" class=\"wp-image-69534\" src=\"https:\/\/exceladvisor.org\/wp-content\/uploads\/2023\/08\/2-utiliser-loperateur-non-egal-a.png\" sizes=\"auto, \" srcset=\"\" alt=\"use-not-equal-operator\" width=\"379\" height=\"279\"><\/figure><\/div><p> Sobald Sie die Eingabetaste dr\u00fccken, wird im Ergebnis TRUE zur\u00fcckgegeben. Dies liegt daran, dass die beiden Werte nicht gleich sind. Wenn Sie nun \u201eExcel\u201c in Zelle B1 eingeben, wird das Ergebnis, das wir in Zelle A1 haben, FALSCH. Der Grund liegt darin, dass wir in beiden Zellen die gleichen Werte haben. <\/p><div class=\"wp-block-image\"><figure class=\"aligncenter size-full is-resized\"><img loading=\"lazy\" decoding=\"async\" class=\"wp-image-69535\" src=\"https:\/\/exceladvisor.org\/wp-content\/uploads\/2023\/08\/3-changer-la-valeur-dans-la-cellule.png\" sizes=\"auto, \" srcset=\"\" alt=\"\u00c4nderungswert in der Zelle\" width=\"403\" height=\"272\"><\/figure><\/div><h2 id=\"h-using-does-not-equal-with-or-and\" class=\"wp-block-heading\"> Die Verwendung von IST NICHT GLEICH mit ODER \u2013 UND<\/h2><p> Wie gesagt, Sie k\u00f6nnen den unterschiedlichen Operator auch mit anderen Funktionen verwenden. Versuchen wir es mit den Funktionen AND und OR.<\/p><p> Mit der OR-Funktion k\u00f6nnen Sie zwei Bedingungen testen und sie gibt TRUE zur\u00fcck, wenn eine oder beide Bedingungen gleich sind. Im folgenden Beispiel m\u00fcssen wir zwei Bedingungen testen. Vergleich der Werte der Zellen A1 und A2, dann B1 und B2. <\/p><div class=\"wp-block-image\"><figure class=\"aligncenter size-full is-resized\"><img loading=\"lazy\" decoding=\"async\" class=\"wp-image-69536\" src=\"https:\/\/exceladvisor.org\/wp-content\/uploads\/2023\/08\/4-operateur-non-egal-avec-ou.png\" sizes=\"auto, \" srcset=\"\" alt=\"Ungleich-Operator-mit-Oder\" width=\"512\" height=\"269\"><\/figure><\/div><p> Da wir nun in beiden Bedingungen den Operator \u201eist nicht gleich\u201c verwenden und in der ersten Bedingung beide Werte nicht gleich sind, wird TRUE zur\u00fcckgegeben. Danach sind jedoch in der zweiten Bedingung beide Werte gleich, sodass die Bedingung FALSCH ist.<\/p><p> Aber im Ergebnis haben wir WAHR, denn wie wir gesehen haben, gibt OR WAHR zur\u00fcck, wenn nur eine Bedingung WAHR ist.<\/p><p> Dann verwenden Sie dasselbe mit der UND-Funktion. AND gibt TRUE zur\u00fcck, wenn alle angegebenen Bedingungen gleich sind, und FALSE, selbst wenn eine von allen Bedingungen FALSE ist. <\/p><div class=\"wp-block-image\"><figure class=\"aligncenter size-full is-resized\"><img loading=\"lazy\" decoding=\"async\" class=\"wp-image-69537\" src=\"https:\/\/exceladvisor.org\/wp-content\/uploads\/2023\/08\/5-pas-egal-a-loperateur-avec-fin.png\" sizes=\"auto, \" srcset=\"\" alt=\"Ungleich-Operator mit Ende\" width=\"473\" height=\"271\"><\/figure><\/div><p> Im obigen Beispiel haben wir wieder die gleichen Werte, aber wenn Sie die UND-Funktion verwenden, gibt sie im Ergebnis FALSE zur\u00fcck, da die zweite Bedingung (B1&lt;&gt;B2) nicht wahr ist, beide Werte sind identisch.<\/p><h2 id=\"h-use-does-not-equal-operator-with-if-function\" class=\"wp-block-heading\"> Verwendung des NOT EQUAL-Operators mit der IF-Funktion<\/h2><p> Sie k\u00f6nnen in der IF-Funktion auch den Operator \u201eist nicht gleich\u201c verwenden. <\/p><div class=\"wp-block-image\"><figure class=\"aligncenter size-full is-resized\"><img loading=\"lazy\" decoding=\"async\" class=\"wp-image-69538\" src=\"https:\/\/exceladvisor.org\/wp-content\/uploads\/2023\/08\/6-pas-egal-a-loperateur-avec-si.png\" sizes=\"auto, \" srcset=\"\" alt=\"Nicht-Gleich-Operator-mit-Wenn\" width=\"538\" height=\"268\"><\/figure><\/div><ol type=\"1\"><li> Geben Sie die WENN-Funktion in eine Zelle ein, in der Sie das Ergebnis haben m\u00f6chten.<\/li><li> Beziehen Sie sich danach auf Zelle A1, verwenden Sie dann den anderen Operator und beziehen Sie sich auf Zelle A2.<\/li><li> Verwenden Sie dann einen Wert, um festzustellen, ob die Bedingung TRUE ist.<\/li><li> Geben Sie am Ende den Wert an, wenn die Bedingung FALSE ist.<\/li><\/ol><p> Das Beste an der Verwendung von IF mit der Bedingung \u201eist nicht gleich\u201c ist, dass Sie einen bestimmten Wert zur\u00fcckgeben k\u00f6nnen, den Sie erhalten, wenn die Bedingung WAHR oder FALSCH ist. <\/p><div class=\"gb-container gb-container-52dfcee1 gb-container-sample-file\"><h2 class=\"gb-headline gb-headline-e289c143 gb-headline-text gb-headline-4f7959c2\"> Holen Sie sich die Excel-Datei<\/h2> <a href=\"https:\/\/exceladvisor.org\/wp-content\/uploads\/2023\/11\/nest-pas-egal-a-2.xlsx\">Herunterladen<\/a><\/div><div class=\"gb-container gb-container-0df56012 gb-container-mt\"> <a class=\"gb-button gb-button-f9f432f4 gb-button-text gb-button-mt-button\" href=\"https:\/\/exceladvisor.org\/de\/formeln\/\">Liste der Excel-Formeln<\/a><h2 class=\"gb-headline gb-headline-233444e8 gb-headline-text gb-headline-mt-heading\"> Verwandte Formeln <\/h2><div class=\"gb-grid-wrapper gb-grid-wrapper-a16fa65c gb-grid-wrapper-mt-grid\"><div class=\"gb-grid-column gb-grid-column-50d07e0d\"><div class=\"gb-container gb-container-50d07e0d\"><ul><li> Kubikwurzel in Excel berechnen<\/li><li> <a href=\"https:\/\/exceladvisor.org\/de\/prozentualer-unterschied\/\">Berechnen Sie die prozentuale Varianz (Differenz) in Excel<\/a><\/li><li> <a href=\"https:\/\/exceladvisor.org\/de\/quadratwurzel\/\">Berechnen Sie die Quadratwurzel in Excel + f\u00fcgen Sie ein Symbol ein<\/a><\/li><li> <a href=\"https:\/\/exceladvisor.org\/de\/quadratzahl\/\">Quadrieren Sie eine Zahl in Excel<\/a><\/li><li> <a href=\"https:\/\/exceladvisor.org\/de\/addieren-subtrahieren-eines-prozentsatzes-von-einer-zahl\/\">Addiere\/subtrahiere den Prozentsatz einer Zahl<\/a> <\/li><\/ul><\/div><\/div><div class=\"gb-grid-column gb-grid-column-5b4a0cf9\"><div class=\"gb-container gb-container-5b4a0cf9\"><\/div><\/div><\/div><\/div>","protected":false},"excerpt":{"rendered":"","protected":false},"author":1,"featured_media":0,"parent":0,"menu_order":0,"comment_status":"open","ping_status":"closed","template":"","meta":{"ub_ctt_via":"","footnotes":""},"class_list":["post-3262","page","type-page","status-publish","hentry"],"featured_image_src":null,"yoast_head":"<!-- This site is optimized with the Yoast SEO plugin v25.4 - https:\/\/yoast.com\/wordpress\/plugins\/seo\/ -->\n<title>\u25b7 Wie verwende ich den Ist-Ungleich-Operator in Excel?<\/title>\n<meta name=\"description\" content=\"In diesem Tutorial erfahren Sie, wie Sie eine Formel erstellen, die Sie in Excel verwenden k\u00f6nnen. Dieser Operator ist...\" \/>\n<meta name=\"robots\" content=\"index, follow, max-snippet:-1, max-image-preview:large, max-video-preview:-1\" \/>\n<link rel=\"canonical\" href=\"https:\/\/exceladvisor.org\/de\/ist-nicht-gleich\/\" \/>\n<meta property=\"og:locale\" content=\"de_DE\" \/>\n<meta property=\"og:type\" content=\"article\" \/>\n<meta property=\"og:title\" content=\"\u25b7 Wie verwende ich den Ist-Ungleich-Operator in Excel?\" \/>\n<meta property=\"og:description\" content=\"In diesem Tutorial erfahren Sie, wie Sie eine Formel erstellen, die Sie in Excel verwenden k\u00f6nnen. Dieser Operator ist...\" \/>\n<meta property=\"og:url\" content=\"https:\/\/exceladvisor.org\/de\/ist-nicht-gleich\/\" \/>\n<meta property=\"og:site_name\" content=\"Excel Advisor\" \/>\n<meta property=\"article:modified_time\" content=\"2023-12-03T13:05:49+00:00\" \/>\n<meta property=\"og:image\" content=\"https:\/\/exceladvisor.org\/wp-content\/uploads\/2023\/08\/1-deux-valeurs-dans-les-cellules.png\" \/>\n<meta name=\"twitter:card\" content=\"summary_large_image\" \/>\n<meta name=\"twitter:label1\" content=\"Gesch\u00e4tzte Lesezeit\" \/>\n\t<meta name=\"twitter:data1\" content=\"3\u00a0Minuten\" \/>\n<script type=\"application\/ld+json\" class=\"yoast-schema-graph\">{\"@context\":\"https:\/\/schema.org\",\"@graph\":[{\"@type\":\"WebPage\",\"@id\":\"https:\/\/exceladvisor.org\/de\/ist-nicht-gleich\/\",\"url\":\"https:\/\/exceladvisor.org\/de\/ist-nicht-gleich\/\",\"name\":\"\u25b7 Wie verwende ich den Ist-Ungleich-Operator in Excel?\",\"isPartOf\":{\"@id\":\"https:\/\/exceladvisor.org\/de\/#website\"},\"primaryImageOfPage\":{\"@id\":\"https:\/\/exceladvisor.org\/de\/ist-nicht-gleich\/#primaryimage\"},\"image\":{\"@id\":\"https:\/\/exceladvisor.org\/de\/ist-nicht-gleich\/#primaryimage\"},\"thumbnailUrl\":\"https:\/\/exceladvisor.org\/wp-content\/uploads\/2023\/08\/1-deux-valeurs-dans-les-cellules.png\",\"datePublished\":\"2023-11-06T00:19:21+00:00\",\"dateModified\":\"2023-12-03T13:05:49+00:00\",\"description\":\"In diesem Tutorial erfahren Sie, wie Sie eine Formel erstellen, die Sie in Excel verwenden k\u00f6nnen. Dieser Operator ist...\",\"breadcrumb\":{\"@id\":\"https:\/\/exceladvisor.org\/de\/ist-nicht-gleich\/#breadcrumb\"},\"inLanguage\":\"de\",\"potentialAction\":[{\"@type\":\"ReadAction\",\"target\":[\"https:\/\/exceladvisor.org\/de\/ist-nicht-gleich\/\"]}]},{\"@type\":\"ImageObject\",\"inLanguage\":\"de\",\"@id\":\"https:\/\/exceladvisor.org\/de\/ist-nicht-gleich\/#primaryimage\",\"url\":\"https:\/\/exceladvisor.org\/wp-content\/uploads\/2023\/08\/1-deux-valeurs-dans-les-cellules.png\",\"contentUrl\":\"https:\/\/exceladvisor.org\/wp-content\/uploads\/2023\/08\/1-deux-valeurs-dans-les-cellules.png\"},{\"@type\":\"BreadcrumbList\",\"@id\":\"https:\/\/exceladvisor.org\/de\/ist-nicht-gleich\/#breadcrumb\",\"itemListElement\":[{\"@type\":\"ListItem\",\"position\":1,\"name\":\"Accueil\",\"item\":\"https:\/\/exceladvisor.org\/de\/\"},{\"@type\":\"ListItem\",\"position\":2,\"name\":\"Wie verwende ich den ungleich-operator in excel?\"}]},{\"@type\":\"WebSite\",\"@id\":\"https:\/\/exceladvisor.org\/de\/#website\",\"url\":\"https:\/\/exceladvisor.org\/de\/\",\"name\":\"Excel Advisor\",\"description\":\"Ihr Leitfaden zur Datendominanz\",\"publisher\":{\"@id\":\"https:\/\/exceladvisor.org\/de\/#organization\"},\"potentialAction\":[{\"@type\":\"SearchAction\",\"target\":{\"@type\":\"EntryPoint\",\"urlTemplate\":\"https:\/\/exceladvisor.org\/de\/?s={search_term_string}\"},\"query-input\":{\"@type\":\"PropertyValueSpecification\",\"valueRequired\":true,\"valueName\":\"search_term_string\"}}],\"inLanguage\":\"de\"},{\"@type\":\"Organization\",\"@id\":\"https:\/\/exceladvisor.org\/de\/#organization\",\"name\":\"Excel Advisor\",\"url\":\"https:\/\/exceladvisor.org\/de\/\",\"logo\":{\"@type\":\"ImageObject\",\"inLanguage\":\"de\",\"@id\":\"https:\/\/exceladvisor.org\/de\/#\/schema\/logo\/image\/\",\"url\":\"https:\/\/exceladvisor.org\/de\/wp-content\/uploads\/2023\/11\/exceladvisor.org_.png\",\"contentUrl\":\"https:\/\/exceladvisor.org\/de\/wp-content\/uploads\/2023\/11\/exceladvisor.org_.png\",\"width\":105,\"height\":36,\"caption\":\"Excel Advisor\"},\"image\":{\"@id\":\"https:\/\/exceladvisor.org\/de\/#\/schema\/logo\/image\/\"}}]}<\/script>\n<!-- \/ Yoast SEO plugin. -->","yoast_head_json":{"title":"\u25b7 Wie verwende ich den Ist-Ungleich-Operator in Excel?","description":"In diesem Tutorial erfahren Sie, wie Sie eine Formel erstellen, die Sie in Excel verwenden k\u00f6nnen. Dieser Operator ist...","robots":{"index":"index","follow":"follow","max-snippet":"max-snippet:-1","max-image-preview":"max-image-preview:large","max-video-preview":"max-video-preview:-1"},"canonical":"https:\/\/exceladvisor.org\/de\/ist-nicht-gleich\/","og_locale":"de_DE","og_type":"article","og_title":"\u25b7 Wie verwende ich den Ist-Ungleich-Operator in Excel?","og_description":"In diesem Tutorial erfahren Sie, wie Sie eine Formel erstellen, die Sie in Excel verwenden k\u00f6nnen. Dieser Operator ist...","og_url":"https:\/\/exceladvisor.org\/de\/ist-nicht-gleich\/","og_site_name":"Excel Advisor","article_modified_time":"2023-12-03T13:05:49+00:00","og_image":[{"url":"https:\/\/exceladvisor.org\/wp-content\/uploads\/2023\/08\/1-deux-valeurs-dans-les-cellules.png","type":"","width":"","height":""}],"twitter_card":"summary_large_image","twitter_misc":{"Gesch\u00e4tzte Lesezeit":"3\u00a0Minuten"},"schema":{"@context":"https:\/\/schema.org","@graph":[{"@type":"WebPage","@id":"https:\/\/exceladvisor.org\/de\/ist-nicht-gleich\/","url":"https:\/\/exceladvisor.org\/de\/ist-nicht-gleich\/","name":"\u25b7 Wie verwende ich den Ist-Ungleich-Operator in Excel?","isPartOf":{"@id":"https:\/\/exceladvisor.org\/de\/#website"},"primaryImageOfPage":{"@id":"https:\/\/exceladvisor.org\/de\/ist-nicht-gleich\/#primaryimage"},"image":{"@id":"https:\/\/exceladvisor.org\/de\/ist-nicht-gleich\/#primaryimage"},"thumbnailUrl":"https:\/\/exceladvisor.org\/wp-content\/uploads\/2023\/08\/1-deux-valeurs-dans-les-cellules.png","datePublished":"2023-11-06T00:19:21+00:00","dateModified":"2023-12-03T13:05:49+00:00","description":"In diesem Tutorial erfahren Sie, wie Sie eine Formel erstellen, die Sie in Excel verwenden k\u00f6nnen. Dieser Operator ist...","breadcrumb":{"@id":"https:\/\/exceladvisor.org\/de\/ist-nicht-gleich\/#breadcrumb"},"inLanguage":"de","potentialAction":[{"@type":"ReadAction","target":["https:\/\/exceladvisor.org\/de\/ist-nicht-gleich\/"]}]},{"@type":"ImageObject","inLanguage":"de","@id":"https:\/\/exceladvisor.org\/de\/ist-nicht-gleich\/#primaryimage","url":"https:\/\/exceladvisor.org\/wp-content\/uploads\/2023\/08\/1-deux-valeurs-dans-les-cellules.png","contentUrl":"https:\/\/exceladvisor.org\/wp-content\/uploads\/2023\/08\/1-deux-valeurs-dans-les-cellules.png"},{"@type":"BreadcrumbList","@id":"https:\/\/exceladvisor.org\/de\/ist-nicht-gleich\/#breadcrumb","itemListElement":[{"@type":"ListItem","position":1,"name":"Accueil","item":"https:\/\/exceladvisor.org\/de\/"},{"@type":"ListItem","position":2,"name":"Wie verwende ich den ungleich-operator in excel?"}]},{"@type":"WebSite","@id":"https:\/\/exceladvisor.org\/de\/#website","url":"https:\/\/exceladvisor.org\/de\/","name":"Excel Advisor","description":"Ihr Leitfaden zur Datendominanz","publisher":{"@id":"https:\/\/exceladvisor.org\/de\/#organization"},"potentialAction":[{"@type":"SearchAction","target":{"@type":"EntryPoint","urlTemplate":"https:\/\/exceladvisor.org\/de\/?s={search_term_string}"},"query-input":{"@type":"PropertyValueSpecification","valueRequired":true,"valueName":"search_term_string"}}],"inLanguage":"de"},{"@type":"Organization","@id":"https:\/\/exceladvisor.org\/de\/#organization","name":"Excel Advisor","url":"https:\/\/exceladvisor.org\/de\/","logo":{"@type":"ImageObject","inLanguage":"de","@id":"https:\/\/exceladvisor.org\/de\/#\/schema\/logo\/image\/","url":"https:\/\/exceladvisor.org\/de\/wp-content\/uploads\/2023\/11\/exceladvisor.org_.png","contentUrl":"https:\/\/exceladvisor.org\/de\/wp-content\/uploads\/2023\/11\/exceladvisor.org_.png","width":105,"height":36,"caption":"Excel Advisor"},"image":{"@id":"https:\/\/exceladvisor.org\/de\/#\/schema\/logo\/image\/"}}]}},"yoast_meta":{"yoast_wpseo_title":"","yoast_wpseo_metadesc":"","yoast_wpseo_canonical":""},"_links":{"self":[{"href":"https:\/\/exceladvisor.org\/de\/wp-json\/wp\/v2\/pages\/3262","targetHints":{"allow":["GET"]}}],"collection":[{"href":"https:\/\/exceladvisor.org\/de\/wp-json\/wp\/v2\/pages"}],"about":[{"href":"https:\/\/exceladvisor.org\/de\/wp-json\/wp\/v2\/types\/page"}],"author":[{"embeddable":true,"href":"https:\/\/exceladvisor.org\/de\/wp-json\/wp\/v2\/users\/1"}],"replies":[{"embeddable":true,"href":"https:\/\/exceladvisor.org\/de\/wp-json\/wp\/v2\/comments?post=3262"}],"version-history":[{"count":1,"href":"https:\/\/exceladvisor.org\/de\/wp-json\/wp\/v2\/pages\/3262\/revisions"}],"predecessor-version":[{"id":4239,"href":"https:\/\/exceladvisor.org\/de\/wp-json\/wp\/v2\/pages\/3262\/revisions\/4239"}],"wp:attachment":[{"href":"https:\/\/exceladvisor.org\/de\/wp-json\/wp\/v2\/media?parent=3262"}],"curies":[{"name":"wp","href":"https:\/\/api.w.org\/{rel}","templated":true}]}}