{"id":3264,"date":"2023-11-05T18:40:28","date_gmt":"2023-11-05T18:40:28","guid":{"rendered":"https:\/\/exceladvisor.org\/de\/gesamte-spalte\/"},"modified":"2023-12-03T11:12:03","modified_gmt":"2023-12-03T11:12:03","slug":"gesamte-spalte","status":"publish","type":"page","link":"https:\/\/exceladvisor.org\/de\/gesamte-spalte\/","title":{"rendered":"Bedingte formatierung einer spalte in excel"},"content":{"rendered":"<div class=\"excel-vor-dem-inhalt\" id=\"excel-3422101725\"><script type=\"text\/javascript\">\r\n\tatOptions = {\r\n\t\t'key' : 'c1158f160081d6540a8409e6925dab94',\r\n\t\t'format' : 'iframe',\r\n\t\t'height' : 250,\r\n\t\t'width' : 300,\r\n\t\t'params' : {}\r\n\t};\r\n<\/script>\r\n<script type=\"text\/javascript\" src=\"\/\/www.highperformanceformat.com\/c1158f160081d6540a8409e6925dab94\/invoke.js\"><\/script><\/div> <p>Wenn Sie die bedingte Formatierung auf eine ganze Spalte anwenden m\u00f6chten, w\u00e4hlen Sie die gesamte Spalte oder Zeile aus, bevor Sie die anzuwendende Option f\u00fcr die bedingte Formatierung \u00f6ffnen. In diesem Tutorial wird eine schnelle M\u00f6glichkeit beschrieben, dies zu tun. Lass uns anfangen.<\/p><p> Im Beispiel unten haben wir einen Betrag in Spalte A und Sie m\u00fcssen eine bedingte Formatierung auf die gesamte Spalte A anwenden, die alle Zahlen gr\u00f6\u00dfer als 1500 hervorhebt. <\/p><div class=\"wp-block-image\"><figure class=\"aligncenter size-full is-resized\"><img loading=\"lazy\" decoding=\"async\" class=\"wp-image-90539\" src=\"https:\/\/exceladvisor.org\/wp-content\/uploads\/2023\/08\/1-mise-en-forme-conditionnelle-a-une-colonne-entiere.png\" sizes=\"auto, \" srcset=\"\" alt=\"Bedingte-Formatierung-f\u00fcr-eine-gesamte-Spalte\" width=\"423\" height=\"286\"><\/figure><\/div><h2 class=\"wp-block-heading\"> Schritte zum Anwenden der bedingten Formatierung auf eine gesamte Spalte<\/h2><ol><li> W\u00e4hlen Sie zun\u00e4chst die gesamte Spalte mit der Tastenkombination (Strg + Leertaste) aus oder klicken Sie auf die Spalten\u00fcberschrift. <br><img loading=\"lazy\" decoding=\"async\" title=\"2-gesamte Spalte ausw\u00e4hlen\" src=\"https:\/\/exceladvisor.org\/wp-content\/uploads\/2023\/08\/2-selectionner-toute-la-colonne.png\" sizes=\"auto, \" srcset=\"\" alt=\"2-select-the-entire-column\" width=\"451\" height=\"304\"><\/li><li> Gehen Sie als N\u00e4chstes zur Registerkarte \u201eStartseite\u201c &gt; \u201eBedingte Formatierung\u201c &gt; \u201eZellenhervorhebungsregel\u201c &gt; \u201eGr\u00f6\u00dfer als\u201c. <br><img loading=\"lazy\" decoding=\"async\" title=\"Regel 3 markierte Zellen gr\u00f6\u00dfer als\" src=\"https:\/\/exceladvisor.org\/wp-content\/uploads\/2023\/08\/3-cellules-en-surbrillance-regle-superieure-a.png\" sizes=\"auto, \" srcset=\"\" alt=\"3-highlight-cells-rule-greater-than\" width=\"565\" height=\"285\"><\/li><li> Geben Sie nun im Dialogfeld \u201eGr\u00f6\u00dfer als\u201c im Eingabefeld \u201eZellen gr\u00f6\u00dfer als formatieren\u201c den Wert 1500 ein und w\u00e4hlen Sie das Format aus, das Sie auf Zellen anwenden m\u00f6chten, deren Wert gr\u00f6\u00dfer als 1500 ist. <br><img loading=\"lazy\" decoding=\"async\" title=\"4-Geben Sie einen Wert ein, der gr\u00f6\u00dfer als der Wert im Feld ist\" src=\"https:\/\/exceladvisor.org\/wp-content\/uploads\/2023\/08\/4-entrez-superieur-a-la-valeur-dans-la-case.png\" sizes=\"auto, \" srcset=\"\" alt=\"4-enter-greater-than-value-in-box\" width=\"530\" height=\"255\"><\/li><li> Klicken Sie abschlie\u00dfend auf OK, um die Formatierung auf die gesamte Spalte anzuwenden. <br><img loading=\"lazy\" decoding=\"async\" title=\"5-Formatierung-auf-die-gesamte-Spalte anwenden\" src=\"https:\/\/exceladvisor.org\/wp-content\/uploads\/2023\/08\/5-appliquer-le-formatage-a-toute-la-colonne.png\" sizes=\"auto, \" srcset=\"\" alt=\"5-apply-formatting-to-entire-column\" width=\"452\" height=\"305\"><\/li><\/ol><p> Hier wird nun die bedingte Formatierung auf die gesamte Spalte angewendet und wenn Sie am Ende einen neuen Wert eingeben, wird auch gepr\u00fcft, ob die Bedingung lautet, dass der Wert gr\u00f6\u00dfer als 1500 ist oder nicht. <\/p><div class=\"wp-block-image\"><figure class=\"aligncenter size-full is-resized\"><img loading=\"lazy\" decoding=\"async\" class=\"wp-image-90544\" src=\"https:\/\/exceladvisor.org\/wp-content\/uploads\/2023\/08\/6-formatage-conditionnel-applique-a-toute-la-colonne.png\" sizes=\"auto, \" srcset=\"\" alt=\"Bedingte Formatierung wird auf die gesamte Spalte angewendet\" width=\"308\" height=\"227\"><\/figure><\/div><h2 class=\"wp-block-heading\"> Verwenden einer Tabelle anstelle einer ganzen Spalte<\/h2><p> Es ist kein Problem, wenn Sie die bedingte Formatierung auf eine ganze Spalte anwenden. Wenn Sie jedoch eine Excel-Tabelle verwenden (Strg + T zum Anwenden), k\u00f6nnen Sie sie dynamisch machen. Die bedingte Formatierung wird erweitert, sobald Sie einen neuen Wert eingeben. <\/p><div class=\"wp-block-image\"><figure class=\"aligncenter size-full is-resized\"><img loading=\"lazy\" decoding=\"async\" class=\"wp-image-90545\" src=\"https:\/\/exceladvisor.org\/wp-content\/uploads\/2023\/08\/7-utiliser-le-tableau-au-lieu-de-la-colonne-entiere.png\" sizes=\"auto, \" srcset=\"\" alt=\"Verwenden Sie die Tabelle anstelle der gesamten Spalte\" width=\"588\" height=\"444\"><\/figure><\/div><p> Im obigen Beispiel gilt die bedingte Formatierung nur f\u00fcr den Bereich A1:A100. Da wir jedoch die Excel-Tabelle auf die Daten angewendet haben, wenn Sie einen neuen Wert eingeben, um den Datenbereich zu erweitern, wird dadurch auch die bedingte Formatierung erweitert. <\/p><div class=\"wp-block-image\"><figure class=\"aligncenter size-full is-resized\"><img loading=\"lazy\" decoding=\"async\" class=\"wp-image-90546\" src=\"https:\/\/exceladvisor.org\/wp-content\/uploads\/2023\/08\/8-formatage-sapplique-a-la-plage-etendue.png\" sizes=\"auto, \" srcset=\"\" alt=\"Formatierung gilt f\u00fcr den erweiterten Bereich\" width=\"300\" height=\"295\"><\/figure><\/div><p> Beide Methoden funktionieren sehr gut; Sie k\u00f6nnen w\u00e4hlen, was Ihren Bed\u00fcrfnissen entspricht.<\/p><h2 class=\"wp-block-heading\"> Wenden Sie die bedingte Formatierung auf die gesamte Zeile an<\/h2><p> Wenn Sie die bedingte Formatierung auf die gesamte Zeile anwenden m\u00f6chten, k\u00f6nnen Sie die gleichen Schritte ausf\u00fchren, die wir im obigen Beispiel verwendet haben.<\/p><p> Alle Schritte sind gleich; Sie m\u00fcssen zuerst die gesamte Zeile ausw\u00e4hlen und dann eine bedingte Formatierung darauf anwenden. Und um eine ganze Zeile auszuw\u00e4hlen, klicken Sie auf die Zeilen\u00fcberschrift oder verwenden Sie die Tastenkombination Umschalt + Leertaste. <\/p><div class=\"gb-container gb-container-52dfcee1 gb-container-sample-file\"><h2 class=\"gb-headline gb-headline-e289c143 gb-headline-text gb-headline-4f7959c2\"> Holen Sie sich die Excel-Datei<\/h2> <a class=\"gb-button gb-button-e88d6bee gb-button-text gb-button-button1\" href=\"https:\/\/exceladvisor.org\/wp-content\/uploads\/2023\/11\/mise-en-forme-conditionnelle-de-toute-la-colonne.xlsx\" rel=\"nofollow\">Herunterladen<\/a><\/div><div class=\"gb-container gb-container-6076ba72 gb-container-mt\"> <a class=\"gb-button gb-button-76e6a499 gb-button-text gb-button-mt-button\" href=\"https:\/\/exceladvisor.org\/de\/excel-grundlagen\/\">Lernen Sie die Grundlagen von Excel<\/a><h2 class=\"gb-headline gb-headline-a9e9e206 gb-headline-text gb-headline-mt-heading\"> Erfahren Sie mehr \u00fcber <a href=\"https:\/\/exceladvisor.org\/de\/bedingte-formatierung\/\">bedingte Formatierung<\/a> <\/h2><div class=\"gb-grid-wrapper gb-grid-wrapper-790317cb gb-grid-wrapper-mt-grid\"><div class=\"gb-grid-column gb-grid-column-a9845ede\"><div class=\"gb-container gb-container-a9845ede\"><ul><li> <a href=\"https:\/\/exceladvisor.org\/de\/wenden-sie-eine-bedingte-formatierung-an\/\">Wenden Sie eine bedingte Formatierung auf eine Pivot-Tabelle an<\/a><\/li><li> <a href=\"https:\/\/exceladvisor.org\/de\/zuruckziehen\/\">Bedingte Formatierung entfernen<\/a><\/li><li> <a href=\"https:\/\/exceladvisor.org\/de\/leere-zellen\/\">Wenden Sie bedingte Formatierung auf leere Zellen in Excel an<\/a><\/li><li> <a href=\"https:\/\/exceladvisor.org\/de\/spalten-vergleichen\/\">Vergleichen Sie zwei Spalten mithilfe der bedingten Formatierung<\/a><\/li><li> <a href=\"https:\/\/exceladvisor.org\/de\/eine-andere-zelle\/\">Wenden Sie eine bedingte Formatierung basierend auf einer anderen Zelle an<\/a><\/li><\/ul><\/div><\/div><\/div><\/div>","protected":false},"excerpt":{"rendered":"","protected":false},"author":1,"featured_media":0,"parent":0,"menu_order":0,"comment_status":"open","ping_status":"closed","template":"","meta":{"ub_ctt_via":"","footnotes":""},"class_list":["post-3264","page","type-page","status-publish","hentry"],"featured_image_src":null,"yoast_head":"<!-- This site is optimized with the Yoast SEO plugin v25.4 - https:\/\/yoast.com\/wordpress\/plugins\/seo\/ -->\n<title>Bedingte Formatierung einer gesamten Spalte in Excel<\/title>\n<meta name=\"description\" content=\"Dieses Tutorial hilft Ihnen, die bedingte Formatierung auf einmal auf eine ganze Spalte anzuwenden. Lassen Sie uns das \u00fcberpr\u00fcfen...\" \/>\n<meta name=\"robots\" content=\"index, follow, max-snippet:-1, max-image-preview:large, max-video-preview:-1\" \/>\n<link rel=\"canonical\" href=\"https:\/\/exceladvisor.org\/de\/gesamte-spalte\/\" \/>\n<meta property=\"og:locale\" content=\"de_DE\" \/>\n<meta property=\"og:type\" content=\"article\" \/>\n<meta property=\"og:title\" content=\"Bedingte Formatierung einer gesamten Spalte in Excel\" \/>\n<meta property=\"og:description\" content=\"Dieses Tutorial hilft Ihnen, die bedingte Formatierung auf einmal auf eine ganze Spalte anzuwenden. Lassen Sie uns das \u00fcberpr\u00fcfen...\" \/>\n<meta property=\"og:url\" content=\"https:\/\/exceladvisor.org\/de\/gesamte-spalte\/\" \/>\n<meta property=\"og:site_name\" content=\"Excel Advisor\" \/>\n<meta property=\"article:modified_time\" content=\"2023-12-03T11:12:03+00:00\" \/>\n<meta property=\"og:image\" content=\"https:\/\/exceladvisor.org\/wp-content\/uploads\/2023\/08\/1-mise-en-forme-conditionnelle-a-une-colonne-entiere.png\" \/>\n<meta name=\"twitter:card\" content=\"summary_large_image\" \/>\n<meta name=\"twitter:label1\" content=\"Gesch\u00e4tzte Lesezeit\" \/>\n\t<meta name=\"twitter:data1\" content=\"2\u00a0Minuten\" \/>\n<script type=\"application\/ld+json\" class=\"yoast-schema-graph\">{\"@context\":\"https:\/\/schema.org\",\"@graph\":[{\"@type\":\"WebPage\",\"@id\":\"https:\/\/exceladvisor.org\/de\/gesamte-spalte\/\",\"url\":\"https:\/\/exceladvisor.org\/de\/gesamte-spalte\/\",\"name\":\"Bedingte Formatierung einer gesamten Spalte in Excel\",\"isPartOf\":{\"@id\":\"https:\/\/exceladvisor.org\/de\/#website\"},\"primaryImageOfPage\":{\"@id\":\"https:\/\/exceladvisor.org\/de\/gesamte-spalte\/#primaryimage\"},\"image\":{\"@id\":\"https:\/\/exceladvisor.org\/de\/gesamte-spalte\/#primaryimage\"},\"thumbnailUrl\":\"https:\/\/exceladvisor.org\/wp-content\/uploads\/2023\/08\/1-mise-en-forme-conditionnelle-a-une-colonne-entiere.png\",\"datePublished\":\"2023-11-05T18:40:28+00:00\",\"dateModified\":\"2023-12-03T11:12:03+00:00\",\"description\":\"Dieses Tutorial hilft Ihnen, die bedingte Formatierung auf einmal auf eine ganze Spalte anzuwenden. Lassen Sie uns das \u00fcberpr\u00fcfen...\",\"breadcrumb\":{\"@id\":\"https:\/\/exceladvisor.org\/de\/gesamte-spalte\/#breadcrumb\"},\"inLanguage\":\"de\",\"potentialAction\":[{\"@type\":\"ReadAction\",\"target\":[\"https:\/\/exceladvisor.org\/de\/gesamte-spalte\/\"]}]},{\"@type\":\"ImageObject\",\"inLanguage\":\"de\",\"@id\":\"https:\/\/exceladvisor.org\/de\/gesamte-spalte\/#primaryimage\",\"url\":\"https:\/\/exceladvisor.org\/wp-content\/uploads\/2023\/08\/1-mise-en-forme-conditionnelle-a-une-colonne-entiere.png\",\"contentUrl\":\"https:\/\/exceladvisor.org\/wp-content\/uploads\/2023\/08\/1-mise-en-forme-conditionnelle-a-une-colonne-entiere.png\"},{\"@type\":\"BreadcrumbList\",\"@id\":\"https:\/\/exceladvisor.org\/de\/gesamte-spalte\/#breadcrumb\",\"itemListElement\":[{\"@type\":\"ListItem\",\"position\":1,\"name\":\"Accueil\",\"item\":\"https:\/\/exceladvisor.org\/de\/\"},{\"@type\":\"ListItem\",\"position\":2,\"name\":\"Bedingte formatierung einer spalte in excel\"}]},{\"@type\":\"WebSite\",\"@id\":\"https:\/\/exceladvisor.org\/de\/#website\",\"url\":\"https:\/\/exceladvisor.org\/de\/\",\"name\":\"Excel Advisor\",\"description\":\"Ihr Leitfaden zur Datendominanz\",\"publisher\":{\"@id\":\"https:\/\/exceladvisor.org\/de\/#organization\"},\"potentialAction\":[{\"@type\":\"SearchAction\",\"target\":{\"@type\":\"EntryPoint\",\"urlTemplate\":\"https:\/\/exceladvisor.org\/de\/?s={search_term_string}\"},\"query-input\":{\"@type\":\"PropertyValueSpecification\",\"valueRequired\":true,\"valueName\":\"search_term_string\"}}],\"inLanguage\":\"de\"},{\"@type\":\"Organization\",\"@id\":\"https:\/\/exceladvisor.org\/de\/#organization\",\"name\":\"Excel Advisor\",\"url\":\"https:\/\/exceladvisor.org\/de\/\",\"logo\":{\"@type\":\"ImageObject\",\"inLanguage\":\"de\",\"@id\":\"https:\/\/exceladvisor.org\/de\/#\/schema\/logo\/image\/\",\"url\":\"https:\/\/exceladvisor.org\/de\/wp-content\/uploads\/2023\/11\/exceladvisor.org_.png\",\"contentUrl\":\"https:\/\/exceladvisor.org\/de\/wp-content\/uploads\/2023\/11\/exceladvisor.org_.png\",\"width\":105,\"height\":36,\"caption\":\"Excel Advisor\"},\"image\":{\"@id\":\"https:\/\/exceladvisor.org\/de\/#\/schema\/logo\/image\/\"}}]}<\/script>\n<!-- \/ Yoast SEO plugin. -->","yoast_head_json":{"title":"Bedingte Formatierung einer gesamten Spalte in Excel","description":"Dieses Tutorial hilft Ihnen, die bedingte Formatierung auf einmal auf eine ganze Spalte anzuwenden. Lassen Sie uns das \u00fcberpr\u00fcfen...","robots":{"index":"index","follow":"follow","max-snippet":"max-snippet:-1","max-image-preview":"max-image-preview:large","max-video-preview":"max-video-preview:-1"},"canonical":"https:\/\/exceladvisor.org\/de\/gesamte-spalte\/","og_locale":"de_DE","og_type":"article","og_title":"Bedingte Formatierung einer gesamten Spalte in Excel","og_description":"Dieses Tutorial hilft Ihnen, die bedingte Formatierung auf einmal auf eine ganze Spalte anzuwenden. Lassen Sie uns das \u00fcberpr\u00fcfen...","og_url":"https:\/\/exceladvisor.org\/de\/gesamte-spalte\/","og_site_name":"Excel Advisor","article_modified_time":"2023-12-03T11:12:03+00:00","og_image":[{"url":"https:\/\/exceladvisor.org\/wp-content\/uploads\/2023\/08\/1-mise-en-forme-conditionnelle-a-une-colonne-entiere.png","type":"","width":"","height":""}],"twitter_card":"summary_large_image","twitter_misc":{"Gesch\u00e4tzte Lesezeit":"2\u00a0Minuten"},"schema":{"@context":"https:\/\/schema.org","@graph":[{"@type":"WebPage","@id":"https:\/\/exceladvisor.org\/de\/gesamte-spalte\/","url":"https:\/\/exceladvisor.org\/de\/gesamte-spalte\/","name":"Bedingte Formatierung einer gesamten Spalte in Excel","isPartOf":{"@id":"https:\/\/exceladvisor.org\/de\/#website"},"primaryImageOfPage":{"@id":"https:\/\/exceladvisor.org\/de\/gesamte-spalte\/#primaryimage"},"image":{"@id":"https:\/\/exceladvisor.org\/de\/gesamte-spalte\/#primaryimage"},"thumbnailUrl":"https:\/\/exceladvisor.org\/wp-content\/uploads\/2023\/08\/1-mise-en-forme-conditionnelle-a-une-colonne-entiere.png","datePublished":"2023-11-05T18:40:28+00:00","dateModified":"2023-12-03T11:12:03+00:00","description":"Dieses Tutorial hilft Ihnen, die bedingte Formatierung auf einmal auf eine ganze Spalte anzuwenden. Lassen Sie uns das \u00fcberpr\u00fcfen...","breadcrumb":{"@id":"https:\/\/exceladvisor.org\/de\/gesamte-spalte\/#breadcrumb"},"inLanguage":"de","potentialAction":[{"@type":"ReadAction","target":["https:\/\/exceladvisor.org\/de\/gesamte-spalte\/"]}]},{"@type":"ImageObject","inLanguage":"de","@id":"https:\/\/exceladvisor.org\/de\/gesamte-spalte\/#primaryimage","url":"https:\/\/exceladvisor.org\/wp-content\/uploads\/2023\/08\/1-mise-en-forme-conditionnelle-a-une-colonne-entiere.png","contentUrl":"https:\/\/exceladvisor.org\/wp-content\/uploads\/2023\/08\/1-mise-en-forme-conditionnelle-a-une-colonne-entiere.png"},{"@type":"BreadcrumbList","@id":"https:\/\/exceladvisor.org\/de\/gesamte-spalte\/#breadcrumb","itemListElement":[{"@type":"ListItem","position":1,"name":"Accueil","item":"https:\/\/exceladvisor.org\/de\/"},{"@type":"ListItem","position":2,"name":"Bedingte formatierung einer spalte in excel"}]},{"@type":"WebSite","@id":"https:\/\/exceladvisor.org\/de\/#website","url":"https:\/\/exceladvisor.org\/de\/","name":"Excel Advisor","description":"Ihr Leitfaden zur Datendominanz","publisher":{"@id":"https:\/\/exceladvisor.org\/de\/#organization"},"potentialAction":[{"@type":"SearchAction","target":{"@type":"EntryPoint","urlTemplate":"https:\/\/exceladvisor.org\/de\/?s={search_term_string}"},"query-input":{"@type":"PropertyValueSpecification","valueRequired":true,"valueName":"search_term_string"}}],"inLanguage":"de"},{"@type":"Organization","@id":"https:\/\/exceladvisor.org\/de\/#organization","name":"Excel Advisor","url":"https:\/\/exceladvisor.org\/de\/","logo":{"@type":"ImageObject","inLanguage":"de","@id":"https:\/\/exceladvisor.org\/de\/#\/schema\/logo\/image\/","url":"https:\/\/exceladvisor.org\/de\/wp-content\/uploads\/2023\/11\/exceladvisor.org_.png","contentUrl":"https:\/\/exceladvisor.org\/de\/wp-content\/uploads\/2023\/11\/exceladvisor.org_.png","width":105,"height":36,"caption":"Excel Advisor"},"image":{"@id":"https:\/\/exceladvisor.org\/de\/#\/schema\/logo\/image\/"}}]}},"yoast_meta":{"yoast_wpseo_title":"","yoast_wpseo_metadesc":"","yoast_wpseo_canonical":""},"_links":{"self":[{"href":"https:\/\/exceladvisor.org\/de\/wp-json\/wp\/v2\/pages\/3264","targetHints":{"allow":["GET"]}}],"collection":[{"href":"https:\/\/exceladvisor.org\/de\/wp-json\/wp\/v2\/pages"}],"about":[{"href":"https:\/\/exceladvisor.org\/de\/wp-json\/wp\/v2\/types\/page"}],"author":[{"embeddable":true,"href":"https:\/\/exceladvisor.org\/de\/wp-json\/wp\/v2\/users\/1"}],"replies":[{"embeddable":true,"href":"https:\/\/exceladvisor.org\/de\/wp-json\/wp\/v2\/comments?post=3264"}],"version-history":[{"count":1,"href":"https:\/\/exceladvisor.org\/de\/wp-json\/wp\/v2\/pages\/3264\/revisions"}],"predecessor-version":[{"id":3727,"href":"https:\/\/exceladvisor.org\/de\/wp-json\/wp\/v2\/pages\/3264\/revisions\/3727"}],"wp:attachment":[{"href":"https:\/\/exceladvisor.org\/de\/wp-json\/wp\/v2\/media?parent=3264"}],"curies":[{"name":"wp","href":"https:\/\/api.w.org\/{rel}","templated":true}]}}