{"id":3265,"date":"2023-11-05T18:30:11","date_gmt":"2023-11-05T18:30:11","guid":{"rendered":"https:\/\/exceladvisor.org\/de\/wenn-oder-1\/"},"modified":"2023-12-03T11:12:50","modified_gmt":"2023-12-03T11:12:50","slug":"wenn-oder-1","status":"publish","type":"page","link":"https:\/\/exceladvisor.org\/de\/wenn-oder-1\/","title":{"rendered":"So kombinieren sie if- und or-funktionen in excel"},"content":{"rendered":"<div class=\"excel-vor-dem-inhalt\" id=\"excel-2558789762\"><script type=\"text\/javascript\">\r\n\tatOptions = {\r\n\t\t'key' : 'c1158f160081d6540a8409e6925dab94',\r\n\t\t'format' : 'iframe',\r\n\t\t'height' : 250,\r\n\t\t'width' : 300,\r\n\t\t'params' : {}\r\n\t};\r\n<\/script>\r\n<script type=\"text\/javascript\" src=\"\/\/www.highperformanceformat.com\/c1158f160081d6540a8409e6925dab94\/invoke.js\"><\/script><\/div> <p>Die IF-Funktion ist eine der leistungsst\u00e4rksten Funktionen in Excel. Und das Beste daran ist, dass Sie andere Funktionen mit IF kombinieren k\u00f6nnen, um seine Leistung zu erh\u00f6hen.<\/p><p> Die Kombination von WENN- und ODER-Funktionen ist eine der n\u00fctzlichsten Formelkombinationen in Excel. In diesem Artikel zeige ich Ihnen, warum wir IF- und OR-Funktionen kombinieren m\u00fcssen. Und warum es f\u00fcr Sie sehr n\u00fctzlich ist.<\/p><h2 id=\"1\" class=\"wp-block-heading\"> Kurze Einf\u00fchrung<\/h2><p> Ich bin mir sicher, dass Sie beide Funktionen bereits verwendet haben, aber lassen Sie mich Ihnen eine kurze Einf\u00fchrung geben.<\/p><ul><li> <strong>IF<\/strong> \u2013 Verwenden Sie diese Funktion, um eine Bedingung zu testen. Es wird ein bestimmter Wert zur\u00fcckgegeben, wenn diese Bedingung wahr ist, oder ein anderer spezifischer Wert, wenn diese Bedingung falsch ist.<\/li><li> <strong>ODER<\/strong> \u2013 Mehrere Testbedingungen. Es wird \u201etrue\u201c zur\u00fcckgegeben, wenn eine dieser Bedingungen wahr ist, und \u201efalse\u201c, wenn alle dieser Bedingungen falsch sind.<\/li><\/ul><p> <em>Der Clou beider Funktionen besteht darin, dass die IF-Funktion jeweils nur eine Bedingung testen kann. Und die OR-Funktion kann mehrere Bedingungen testen, gibt aber nur wahr\/falsch zur\u00fcck. Und wenn wir diese beiden Funktionen kombinieren, k\u00f6nnen wir mehrere Bedingungen mit OR testen und mit IF einen bestimmten Wert zur\u00fcckgeben.<\/em><\/p><h2 id=\"2\" class=\"wp-block-heading\"> Wie funktionieren die WENN- und ODER-Funktionen?<\/h2><p> In der IF-Funktionssyntax verf\u00fcgen wir \u00fcber ein logisches Testargument, mit dem wir eine zu testende Bedingung angeben.<\/p><p> IF ( <strong>logical_test<\/strong> , value_if_true, value_if_false)<\/p><p> Anschlie\u00dfend wird ein Wert zur\u00fcckgegeben, der auf dem Ergebnis dieser Bedingung basiert. Nun verwenden wir f\u00fcr dieses Argument die OR-Funktion und geben daf\u00fcr mehrere Bedingungen an. <\/p><div class=\"wp-block-image\"><figure class=\"aligncenter\"><img loading=\"lazy\" decoding=\"async\" class=\"wp-image-9594\" src=\"https:\/\/exceladvisor.org\/wp-content\/uploads\/2023\/08\/comment-combiner-les-fonctions-if-et-or-et-remplacer-largument-logique-par-or-1.png\" sizes=\"auto, \" srcset=\"\" alt=\"wie man if- und or-Funktionen kombiniert und logische Argumente durch or ersetzt\" width=\"488\" height=\"139\"><\/figure><\/div><p> Wenn eine der Bedingungen wahr ist, gibt OR \u201etrue\u201c zur\u00fcck und IF gibt den spezifischen Wert zur\u00fcck. Und wenn keine der Bedingungen wahr ist ODER mit der R\u00fcckgabe FALSE IF, wird ein anderer spezifischer Wert zur\u00fcckgegeben. Auf diese Weise k\u00f6nnen wir mehr als einen Wert mit der IF-Funktion testen. Kommen wir zu einigen konkreten Beispielen.<\/p><h2 id=\"3\" class=\"wp-block-heading\"> Beispiele<\/h2><p> Hier habe ich eine Tabelle mit <a href=\"https:\/\/exceladvisor.org\/de\/vorlage-fur-die-bestandsverwaltung-excel-vba-benutzerformulare\/\">Bestandsdetails<\/a> von zwei Lagern. Jetzt m\u00f6chte ich den Status in der Tabelle aktualisieren. <\/p><div class=\"wp-block-image\"><figure class=\"aligncenter\"><img loading=\"lazy\" decoding=\"async\" class=\"wp-image-9595\" src=\"https:\/\/exceladvisor.org\/wp-content\/uploads\/2023\/08\/comment-combiner-les-fonctions-if-et-or-pour-obtenir-le-statut-dans-la-table-des-stocks-1.png\" sizes=\"auto, \" srcset=\"\" alt=\"So kombinieren Sie if- und or-Funktionen, um den Status in der Lagertabelle abzurufen\" width=\"502\" height=\"251\"><\/figure><\/div><p> Wenn in beiden Lagern kein Bestand vorhanden ist, sollte der Status \u201eNicht vorr\u00e4tig\u201c lauten. Und wenn in einem der Lager Lagerbest\u00e4nde vorhanden sind, sollte der Status \u201eAuf Lager\u201c lauten. Hier muss ich also zwei verschiedene Bedingungen \u00fcberpr\u00fcfen: \u201eWarehouse-1\u201c und \u201eWarehouse-2\u201c.<br> Und die Formel wird sein. <\/p><pre class=\"wp-block-code\"> <code class=\"language-excel-formula\" lang=\"excel-formula\">=IF(OR(B2&gt;0,C2&gt;0),\"In-Stock\",\"Out of Stock\")<\/code><\/pre><div class=\"wp-block-image\"><figure class=\"aligncenter\"><img loading=\"lazy\" decoding=\"async\" class=\"wp-image-9596\" src=\"https:\/\/exceladvisor.org\/wp-content\/uploads\/2023\/08\/comment-combiner-les-fonctions-if-et-or-pour-obtenir-le-statut-dans-la-formule-dinsertion-de-la-table-de-stock-1.png\" sizes=\"auto, \" srcset=\"\" alt=\"So kombinieren Sie if- und or-Funktionen, um den Status in der Einf\u00fcgeformel der Lagertabelle abzurufen\" width=\"544\" height=\"297\"><\/figure><\/div><p> Wenn in der obigen Formel in einer der Zellen (B2 und C2) ein Wert gr\u00f6\u00dfer als Null vorhanden ist, gibt die OR-Funktion \u201etrue\u201c zur\u00fcck und IF gibt den Wert \u201eAuf Lager\u201c zur\u00fcck. Wenn jedoch beide Zellen Null haben, gibt OR den Wert \u201eFalsch\u201c und IF den Wert \u201eNicht vorr\u00e4tig\u201c zur\u00fcck. <\/p><div class=\"gb-container gb-container-bafb25cc gb-container-download-2\"><div class=\"gb-grid-wrapper gb-grid-wrapper-91201309\"><div class=\"gb-grid-column gb-grid-column-15a917ef\"><div class=\"gb-container gb-container-15a917ef\"><h2 class=\"gb-headline gb-headline-f2deb261 gb-headline-text gb-headline-download-2\"> Holen Sie sich die Excel-Datei <\/h2><\/div><\/div><div class=\"gb-grid-column gb-grid-column-18357188\"><div class=\"gb-container gb-container-18357188\"><div class=\"gb-container gb-container-76cbe15e\"> <a class=\"gb-button gb-button-cb63d00a gb-button-text gb-button-download-2\" href=\"https:\/\/exceladvisor.org\/wp-content\/uploads\/2023\/11\/comment-combiner-les-fonctions-if-et-or.xlsx\" rel=\"nofollow\">Herunterladen<\/a><\/div><\/div><\/div><\/div><\/div><h2 class=\"wp-block-heading\"> Letzte Worte<\/h2><p> Beide Funktionen sind gleicherma\u00dfen n\u00fctzlich, aber wenn Sie sie kombinieren, k\u00f6nnen Sie sie effektiver nutzen. Wie ich Ihnen bereits sagte, k\u00f6nnen Sie durch die Kombination von WENN- und ODER-Funktionen mehr als eine Bedingung testen. Mit dieser Funktionskombination k\u00f6nnen Sie beide Probleme l\u00f6sen.<\/p><div class=\"gb-container gb-container-0df56012 gb-container-mt\"> <a class=\"gb-button gb-button-f9f432f4 gb-button-text gb-button-mt-button\" href=\"https:\/\/exceladvisor.org\/de\/formeln\/\">Liste der Excel-Formeln<\/a><h2 class=\"gb-headline gb-headline-233444e8 gb-headline-text gb-headline-mt-heading\"> Verwandte Formeln <\/h2><div class=\"gb-grid-wrapper gb-grid-wrapper-a16fa65c gb-grid-wrapper-mt-grid\"><div class=\"gb-grid-column gb-grid-column-50d07e0d\"><div class=\"gb-container gb-container-50d07e0d\"><ul><li> <a href=\"https:\/\/exceladvisor.org\/de\/wenn-null-dann-leer\/\">\u00dcberpr\u00fcfen Sie, ob 0 (Null) ist, und leeren Sie es dann in Excel<\/a><\/li><li> <a href=\"https:\/\/exceladvisor.org\/de\/uberprufen-sie-ob-ein-wert-in-einem-bereich-vorhanden-ist\/\">\u00dcberpr\u00fcfen Sie, ob in einem Bereich in Excel ein Wert vorhanden ist<\/a><\/li><li> <a href=\"https:\/\/exceladvisor.org\/de\/wenn-und-1\/\">Kombinieren Sie WENN- und UND-Funktionen in Excel<\/a><\/li><li> <a href=\"https:\/\/exceladvisor.org\/de\/wenn-die-zelle-leer-ist\/\">IF Zelle ist leer (leer) mit IF + ISBLANK in Excel<\/a><\/li><li> <a href=\"https:\/\/exceladvisor.org\/de\/wenn-negativ-dann-null\/\">WENN negativ, dann Null (0) in Excel<\/a> <\/li><\/ul><\/div><\/div><div class=\"gb-grid-column gb-grid-column-5b4a0cf9\"><div class=\"gb-container gb-container-5b4a0cf9\"><\/div><\/div><\/div><\/div>","protected":false},"excerpt":{"rendered":"","protected":false},"author":1,"featured_media":0,"parent":0,"menu_order":0,"comment_status":"open","ping_status":"closed","template":"","meta":{"ub_ctt_via":"","footnotes":""},"class_list":["post-3265","page","type-page","status-publish","hentry"],"featured_image_src":null,"yoast_head":"<!-- This site is optimized with the Yoast SEO plugin v25.4 - https:\/\/yoast.com\/wordpress\/plugins\/seo\/ -->\n<title>So kombinieren Sie IF- und OR-Funktionen in Excel<\/title>\n<meta name=\"description\" content=\"In diesem Artikel erfahren Sie, wie Sie IF- und OR-Funktionen kombinieren. Sie k\u00f6nnen OR verwenden, um mehrere Bedingungen zu testen.\" \/>\n<meta name=\"robots\" content=\"index, follow, max-snippet:-1, max-image-preview:large, max-video-preview:-1\" \/>\n<link rel=\"canonical\" href=\"https:\/\/exceladvisor.org\/de\/wenn-oder-1\/\" \/>\n<meta property=\"og:locale\" content=\"de_DE\" \/>\n<meta property=\"og:type\" content=\"article\" \/>\n<meta property=\"og:title\" content=\"So kombinieren Sie IF- und OR-Funktionen in Excel\" \/>\n<meta property=\"og:description\" content=\"In diesem Artikel erfahren Sie, wie Sie IF- und OR-Funktionen kombinieren. Sie k\u00f6nnen OR verwenden, um mehrere Bedingungen zu testen.\" \/>\n<meta property=\"og:url\" content=\"https:\/\/exceladvisor.org\/de\/wenn-oder-1\/\" \/>\n<meta property=\"og:site_name\" content=\"Excel Advisor\" \/>\n<meta property=\"article:modified_time\" content=\"2023-12-03T11:12:50+00:00\" \/>\n<meta property=\"og:image\" content=\"https:\/\/exceladvisor.org\/wp-content\/uploads\/2023\/08\/comment-combiner-les-fonctions-if-et-or-et-remplacer-largument-logique-par-or-1.png\" \/>\n<meta name=\"twitter:card\" content=\"summary_large_image\" \/>\n<meta name=\"twitter:label1\" content=\"Gesch\u00e4tzte Lesezeit\" \/>\n\t<meta name=\"twitter:data1\" content=\"3\u00a0Minuten\" \/>\n<script type=\"application\/ld+json\" class=\"yoast-schema-graph\">{\"@context\":\"https:\/\/schema.org\",\"@graph\":[{\"@type\":\"WebPage\",\"@id\":\"https:\/\/exceladvisor.org\/de\/wenn-oder-1\/\",\"url\":\"https:\/\/exceladvisor.org\/de\/wenn-oder-1\/\",\"name\":\"So kombinieren Sie IF- und OR-Funktionen in Excel\",\"isPartOf\":{\"@id\":\"https:\/\/exceladvisor.org\/de\/#website\"},\"primaryImageOfPage\":{\"@id\":\"https:\/\/exceladvisor.org\/de\/wenn-oder-1\/#primaryimage\"},\"image\":{\"@id\":\"https:\/\/exceladvisor.org\/de\/wenn-oder-1\/#primaryimage\"},\"thumbnailUrl\":\"https:\/\/exceladvisor.org\/wp-content\/uploads\/2023\/08\/comment-combiner-les-fonctions-if-et-or-et-remplacer-largument-logique-par-or-1.png\",\"datePublished\":\"2023-11-05T18:30:11+00:00\",\"dateModified\":\"2023-12-03T11:12:50+00:00\",\"description\":\"In diesem Artikel erfahren Sie, wie Sie IF- und OR-Funktionen kombinieren. Sie k\u00f6nnen OR verwenden, um mehrere Bedingungen zu testen.\",\"breadcrumb\":{\"@id\":\"https:\/\/exceladvisor.org\/de\/wenn-oder-1\/#breadcrumb\"},\"inLanguage\":\"de\",\"potentialAction\":[{\"@type\":\"ReadAction\",\"target\":[\"https:\/\/exceladvisor.org\/de\/wenn-oder-1\/\"]}]},{\"@type\":\"ImageObject\",\"inLanguage\":\"de\",\"@id\":\"https:\/\/exceladvisor.org\/de\/wenn-oder-1\/#primaryimage\",\"url\":\"https:\/\/exceladvisor.org\/wp-content\/uploads\/2023\/08\/comment-combiner-les-fonctions-if-et-or-et-remplacer-largument-logique-par-or-1.png\",\"contentUrl\":\"https:\/\/exceladvisor.org\/wp-content\/uploads\/2023\/08\/comment-combiner-les-fonctions-if-et-or-et-remplacer-largument-logique-par-or-1.png\"},{\"@type\":\"BreadcrumbList\",\"@id\":\"https:\/\/exceladvisor.org\/de\/wenn-oder-1\/#breadcrumb\",\"itemListElement\":[{\"@type\":\"ListItem\",\"position\":1,\"name\":\"Accueil\",\"item\":\"https:\/\/exceladvisor.org\/de\/\"},{\"@type\":\"ListItem\",\"position\":2,\"name\":\"So kombinieren sie if- und or-funktionen in excel\"}]},{\"@type\":\"WebSite\",\"@id\":\"https:\/\/exceladvisor.org\/de\/#website\",\"url\":\"https:\/\/exceladvisor.org\/de\/\",\"name\":\"Excel Advisor\",\"description\":\"Ihr Leitfaden zur Datendominanz\",\"publisher\":{\"@id\":\"https:\/\/exceladvisor.org\/de\/#organization\"},\"potentialAction\":[{\"@type\":\"SearchAction\",\"target\":{\"@type\":\"EntryPoint\",\"urlTemplate\":\"https:\/\/exceladvisor.org\/de\/?s={search_term_string}\"},\"query-input\":{\"@type\":\"PropertyValueSpecification\",\"valueRequired\":true,\"valueName\":\"search_term_string\"}}],\"inLanguage\":\"de\"},{\"@type\":\"Organization\",\"@id\":\"https:\/\/exceladvisor.org\/de\/#organization\",\"name\":\"Excel Advisor\",\"url\":\"https:\/\/exceladvisor.org\/de\/\",\"logo\":{\"@type\":\"ImageObject\",\"inLanguage\":\"de\",\"@id\":\"https:\/\/exceladvisor.org\/de\/#\/schema\/logo\/image\/\",\"url\":\"https:\/\/exceladvisor.org\/de\/wp-content\/uploads\/2023\/11\/exceladvisor.org_.png\",\"contentUrl\":\"https:\/\/exceladvisor.org\/de\/wp-content\/uploads\/2023\/11\/exceladvisor.org_.png\",\"width\":105,\"height\":36,\"caption\":\"Excel Advisor\"},\"image\":{\"@id\":\"https:\/\/exceladvisor.org\/de\/#\/schema\/logo\/image\/\"}}]}<\/script>\n<!-- \/ Yoast SEO plugin. -->","yoast_head_json":{"title":"So kombinieren Sie IF- und OR-Funktionen in Excel","description":"In diesem Artikel erfahren Sie, wie Sie IF- und OR-Funktionen kombinieren. Sie k\u00f6nnen OR verwenden, um mehrere Bedingungen zu testen.","robots":{"index":"index","follow":"follow","max-snippet":"max-snippet:-1","max-image-preview":"max-image-preview:large","max-video-preview":"max-video-preview:-1"},"canonical":"https:\/\/exceladvisor.org\/de\/wenn-oder-1\/","og_locale":"de_DE","og_type":"article","og_title":"So kombinieren Sie IF- und OR-Funktionen in Excel","og_description":"In diesem Artikel erfahren Sie, wie Sie IF- und OR-Funktionen kombinieren. Sie k\u00f6nnen OR verwenden, um mehrere Bedingungen zu testen.","og_url":"https:\/\/exceladvisor.org\/de\/wenn-oder-1\/","og_site_name":"Excel Advisor","article_modified_time":"2023-12-03T11:12:50+00:00","og_image":[{"url":"https:\/\/exceladvisor.org\/wp-content\/uploads\/2023\/08\/comment-combiner-les-fonctions-if-et-or-et-remplacer-largument-logique-par-or-1.png","type":"","width":"","height":""}],"twitter_card":"summary_large_image","twitter_misc":{"Gesch\u00e4tzte Lesezeit":"3\u00a0Minuten"},"schema":{"@context":"https:\/\/schema.org","@graph":[{"@type":"WebPage","@id":"https:\/\/exceladvisor.org\/de\/wenn-oder-1\/","url":"https:\/\/exceladvisor.org\/de\/wenn-oder-1\/","name":"So kombinieren Sie IF- und OR-Funktionen in Excel","isPartOf":{"@id":"https:\/\/exceladvisor.org\/de\/#website"},"primaryImageOfPage":{"@id":"https:\/\/exceladvisor.org\/de\/wenn-oder-1\/#primaryimage"},"image":{"@id":"https:\/\/exceladvisor.org\/de\/wenn-oder-1\/#primaryimage"},"thumbnailUrl":"https:\/\/exceladvisor.org\/wp-content\/uploads\/2023\/08\/comment-combiner-les-fonctions-if-et-or-et-remplacer-largument-logique-par-or-1.png","datePublished":"2023-11-05T18:30:11+00:00","dateModified":"2023-12-03T11:12:50+00:00","description":"In diesem Artikel erfahren Sie, wie Sie IF- und OR-Funktionen kombinieren. Sie k\u00f6nnen OR verwenden, um mehrere Bedingungen zu testen.","breadcrumb":{"@id":"https:\/\/exceladvisor.org\/de\/wenn-oder-1\/#breadcrumb"},"inLanguage":"de","potentialAction":[{"@type":"ReadAction","target":["https:\/\/exceladvisor.org\/de\/wenn-oder-1\/"]}]},{"@type":"ImageObject","inLanguage":"de","@id":"https:\/\/exceladvisor.org\/de\/wenn-oder-1\/#primaryimage","url":"https:\/\/exceladvisor.org\/wp-content\/uploads\/2023\/08\/comment-combiner-les-fonctions-if-et-or-et-remplacer-largument-logique-par-or-1.png","contentUrl":"https:\/\/exceladvisor.org\/wp-content\/uploads\/2023\/08\/comment-combiner-les-fonctions-if-et-or-et-remplacer-largument-logique-par-or-1.png"},{"@type":"BreadcrumbList","@id":"https:\/\/exceladvisor.org\/de\/wenn-oder-1\/#breadcrumb","itemListElement":[{"@type":"ListItem","position":1,"name":"Accueil","item":"https:\/\/exceladvisor.org\/de\/"},{"@type":"ListItem","position":2,"name":"So kombinieren sie if- und or-funktionen in excel"}]},{"@type":"WebSite","@id":"https:\/\/exceladvisor.org\/de\/#website","url":"https:\/\/exceladvisor.org\/de\/","name":"Excel Advisor","description":"Ihr Leitfaden zur Datendominanz","publisher":{"@id":"https:\/\/exceladvisor.org\/de\/#organization"},"potentialAction":[{"@type":"SearchAction","target":{"@type":"EntryPoint","urlTemplate":"https:\/\/exceladvisor.org\/de\/?s={search_term_string}"},"query-input":{"@type":"PropertyValueSpecification","valueRequired":true,"valueName":"search_term_string"}}],"inLanguage":"de"},{"@type":"Organization","@id":"https:\/\/exceladvisor.org\/de\/#organization","name":"Excel Advisor","url":"https:\/\/exceladvisor.org\/de\/","logo":{"@type":"ImageObject","inLanguage":"de","@id":"https:\/\/exceladvisor.org\/de\/#\/schema\/logo\/image\/","url":"https:\/\/exceladvisor.org\/de\/wp-content\/uploads\/2023\/11\/exceladvisor.org_.png","contentUrl":"https:\/\/exceladvisor.org\/de\/wp-content\/uploads\/2023\/11\/exceladvisor.org_.png","width":105,"height":36,"caption":"Excel Advisor"},"image":{"@id":"https:\/\/exceladvisor.org\/de\/#\/schema\/logo\/image\/"}}]}},"yoast_meta":{"yoast_wpseo_title":"","yoast_wpseo_metadesc":"","yoast_wpseo_canonical":""},"_links":{"self":[{"href":"https:\/\/exceladvisor.org\/de\/wp-json\/wp\/v2\/pages\/3265","targetHints":{"allow":["GET"]}}],"collection":[{"href":"https:\/\/exceladvisor.org\/de\/wp-json\/wp\/v2\/pages"}],"about":[{"href":"https:\/\/exceladvisor.org\/de\/wp-json\/wp\/v2\/types\/page"}],"author":[{"embeddable":true,"href":"https:\/\/exceladvisor.org\/de\/wp-json\/wp\/v2\/users\/1"}],"replies":[{"embeddable":true,"href":"https:\/\/exceladvisor.org\/de\/wp-json\/wp\/v2\/comments?post=3265"}],"version-history":[{"count":1,"href":"https:\/\/exceladvisor.org\/de\/wp-json\/wp\/v2\/pages\/3265\/revisions"}],"predecessor-version":[{"id":3788,"href":"https:\/\/exceladvisor.org\/de\/wp-json\/wp\/v2\/pages\/3265\/revisions\/3788"}],"wp:attachment":[{"href":"https:\/\/exceladvisor.org\/de\/wp-json\/wp\/v2\/media?parent=3265"}],"curies":[{"name":"wp","href":"https:\/\/api.w.org\/{rel}","templated":true}]}}