{"id":3267,"date":"2023-11-05T17:50:26","date_gmt":"2023-11-05T17:50:26","guid":{"rendered":"https:\/\/exceladvisor.org\/de\/suchev-2\/"},"modified":"2023-12-03T11:21:34","modified_gmt":"2023-12-03T11:21:34","slug":"suchev-2","status":"publish","type":"page","link":"https:\/\/exceladvisor.org\/de\/suchev-2\/","title":{"rendered":"Wie f\u00fchrt man sverweis in power query in excel durch?"},"content":{"rendered":"<div class=\"excel-vor-dem-inhalt\" id=\"excel-3491622788\"><script type=\"text\/javascript\">\r\n\tatOptions = {\r\n\t\t'key' : 'c1158f160081d6540a8409e6925dab94',\r\n\t\t'format' : 'iframe',\r\n\t\t'height' : 250,\r\n\t\t'width' : 300,\r\n\t\t'params' : {}\r\n\t};\r\n<\/script>\r\n<script type=\"text\/javascript\" src=\"\/\/www.highperformanceformat.com\/c1158f160081d6540a8409e6925dab94\/invoke.js\"><\/script><\/div> <p class=\"has-text-align-left\">VLOOKUP ist eine <a href=\"https:\/\/exceladvisor.org\/de\/excel-funktionen\/\">der beliebtesten Funktionen in Excel<\/a> und daran besteht kein Zweifel. Das wissen Sie vom Beginn Ihrer Excel-Reise an. Aber heute habe ich etwas Neues f\u00fcr Sie, und Sie m\u00fcssen es jetzt lernen.<\/p><p> <strong>Das ist der Deal:<\/strong><\/p><p> Sie k\u00f6nnen POWER QUERY verwenden, um zwei Spalten abzugleichen und Werte abzurufen (mithilfe der Zusammenf\u00fchrungsoption). Ja, Sie haben richtig geh\u00f6rt, Sie k\u00f6nnen SVERWEIS in Power Query ausf\u00fchren.<\/p><p> Wie Sie wissen: \u201eVLOOKUP gleicht die Werte einer Spalte ab und gibt dann die Werte derselben Zeile der anderen Spalte oder derselben Spalte zur\u00fcck.\u201c \u00bb<\/p><h2 class=\"wp-block-heading\"> Beginnen wir mit den Daten<\/h2><p> Wenn Sie sich die Daten unten ansehen ( <a href=\"https:\/\/exceladvisor.org\/wp-content\/uploads\/2023\/11\/requete-de-puissance-vlookup-2.xlsx\" rel=\"nofollow\"><strong>KLICKEN SIE HIER ZUM HERUNTERLADEN<\/strong><\/a> ), haben wir zwei verschiedene Tabellen mit dem Preis und der Kategorie des Produkts. <\/p><div class=\"wp-block-image\"><figure class=\"aligncenter\"><img decoding=\"async\" src=\"https:\/\/exceladvisor.org\/wp-content\/uploads\/2023\/08\/table-de-donnees-pour-utiliser-power-query-vlookup-1.png\" sizes=\"\" srcset=\"\" alt=\"Datentabelle zur Verwendung von Power Query Vlookup\"><\/figure><\/div><p> Das einzige, was diese beiden Tabellen gemeinsam haben, sind die Produkt-IDs. Und hier m\u00f6chte ich Kategorien in der Mengentabelle haben.<\/p><h2 class=\"wp-block-heading\"> Warum Power Query statt VLOOKUP?<\/h2><p> Wie Sie sehen, haben wir in beiden Tabellen gemeinsam Produkt-IDs.<\/p><p> Ziel&#8230;Ziel&#8230;Ziel&#8230;<\/p><p> Wenn Sie VLOOKUP verwenden m\u00f6chten, m\u00fcssen Sie die Spalte \u201eProdukt-ID\u201c vor die Spalte \u201eKategorie\u201c in TABELLE 2 verschieben. <\/p><div class=\"wp-block-image\"><figure class=\"aligncenter\"><img decoding=\"async\" src=\"https:\/\/exceladvisor.org\/wp-content\/uploads\/2023\/08\/La-colonne-power-query-vlookup-doit-etre-decalee-1.png\" sizes=\"\" srcset=\"\" alt=\"Die Power-Query-Vlookup-Spalte sollte versetzt sein\"><\/figure><\/div><p> Andernfalls k\u00f6nnen Sie <a style=\"outline: none;\" href=\"https:\/\/exceladvisor.org\/de\/ruckwartssuche\/\">INDEX MATCH<\/a> verwenden. Aber hier machen wir es mit Power Query.<\/p><h2 class=\"wp-block-heading\"> Schritte zum Durchf\u00fchren von SVERWEIS mit Power Query<\/h2><p> Die Verwendung von Power Query zum Ersetzen von VLOOKUP ist nicht nur einfach, sondern auch schnell und das Beste daran ist, dass es sich um eine einmalige Einrichtung handelt.<\/p><p> Es geht eher so:<\/p><ol><li> Erstellen Sie Abfragen (Verbindungen) f\u00fcr beide Tabellen.<\/li><li> W\u00e4hlen Sie die Spalte aus, die beiden Tabellen gemeinsam ist.<\/li><li> F\u00fcge sie zusammen und erhalte die gew\u00fcnschte Spalte.<\/li><\/ol><p> Aber gehen wir Schritt f\u00fcr Schritt vor und laden Sie unbedingt <a href=\"https:\/\/exceladvisor.org\/wp-content\/uploads\/2023\/11\/requete-de-puissance-vlookup-2.xlsx\" rel=\"nofollow\">diese Beispieldatei hier herunter,<\/a> um mitzumachen.<\/p><ul><li> Konvertieren Sie zun\u00e4chst die beiden Tabellen (TABELLE 1 und TABELLE 2) mit Strg + T oder Einf\u00fcgen \u279c Tabellen \u279c Tabelle in Excel-Tabellen. <\/li><\/ul><div class=\"wp-block-image\"><figure class=\"aligncenter\"><img decoding=\"async\" src=\"https:\/\/exceladvisor.org\/wp-content\/uploads\/2023\/08\/appliquer-la-table-aux-donnees-pour-utiliser-power-query-vlookup-1.png\" sizes=\"\" srcset=\"\" alt=\"Wenden Sie die Tabelle auf Daten an, um Power Query Vlookup zu verwenden\"><\/figure><\/div><ul><li> Als N\u00e4chstes m\u00fcssen Sie Daten in den Power Query-Editor laden und gehen dazu zur Registerkarte \u201eDaten\u201c \u279c Daten abrufen und transformieren \u279c Aus Tabelle. <\/li><\/ul><div class=\"wp-block-image\"><figure class=\"aligncenter\"><img decoding=\"async\" src=\"https:\/\/exceladvisor.org\/wp-content\/uploads\/2023\/08\/power-query-vlookup-obtenir-les-donnees-de-la-table-1.png\" sizes=\"\" srcset=\"\" alt=\"Power Query Vlookup ruft Daten aus der Tabelle ab\"><\/figure><\/div><ul><li> Schlie\u00dfen Sie anschlie\u00dfend die Abfrage \u00fcber die Registerkarte \u201eStartseite\u201c \u279c Schlie\u00dfen und laden in \u279c Nur anmelden. (Wiederholen Sie die Schritte 2 und 3 f\u00fcr die zweite Tabelle). <\/li><\/ul><div class=\"wp-block-image\"><figure class=\"aligncenter\"><img decoding=\"async\" src=\"https:\/\/exceladvisor.org\/wp-content\/uploads\/2023\/08\/power-query-vlookup-cliquez-et-chargez-la-table-1.png\" sizes=\"\" srcset=\"\" alt=\"Power-Query-Vlookup-Click-and-Load-Tabelle\"><\/figure><\/div><ul><li> Klicken Sie nun von hier aus mit der rechten Maustaste auf die Abfrage und klicken Sie auf \u201eZusammenf\u00fchren\u201c. Wenn Sie wie ich Office 365 verwenden, finden Sie es dort auf der Registerkarte \u201eDaten\u201c \u279c Daten abrufen \u279c Abfragen kombinieren \u279c Zusammenf\u00fchren. <\/li><\/ul><div class=\"wp-block-image\"><figure class=\"aligncenter\"><img decoding=\"async\" src=\"https:\/\/exceladvisor.org\/wp-content\/uploads\/2023\/08\/power-query-vlookup-option-de-fusion-du-clic-droit-1.png\" sizes=\"\" srcset=\"\" alt=\"\"><\/figure><\/div><ul><li> Sobald Sie auf \u201eZusammenf\u00fchren\u201c klicken, wird das Zusammenf\u00fchrungsfenster angezeigt. <\/li><\/ul><div class=\"wp-block-image\"><figure class=\"aligncenter\"><img decoding=\"async\" src=\"https:\/\/exceladvisor.org\/wp-content\/uploads\/2023\/08\/fenetre-doption-de-fusion-power-query-vlookup-1.png\" sizes=\"\" srcset=\"\" alt=\"\"><\/figure><\/div><ul><li> W\u00e4hlen Sie in diesem Fenster im oberen Bereich die \u201eMengentabelle\u201c und im unteren Bereich die \u201eKategorietabelle\u201c aus.<\/li><li> W\u00e4hlen Sie anschlie\u00dfend die Spalte aus, die beiden Tabellen gemeinsam ist (hier ist die Produkt-ID gleich). <\/li><\/ul><div class=\"wp-block-image\"><figure class=\"aligncenter\"><img decoding=\"async\" src=\"https:\/\/exceladvisor.org\/wp-content\/uploads\/2023\/08\/requete-de-puissance-vlookup-selectionner-la-fenetre-de-fusion-de-colonnes-de-tables-1.png\" sizes=\"\" srcset=\"\" alt=\"\"><\/figure><\/div><ul><li> An diesem Punkt haben Sie eine neue Tabelle im erweiterten Abfrageeditor.<\/li><li> Klicken Sie dort auf die Filterschaltfl\u00e4che in der letzten Spalte der Tabelle, w\u00e4hlen Sie nur die Kategorie aus (heben Sie die Auswahl der Produkt-ID auf) und klicken Sie auf OK. <\/li><\/ul><div class=\"wp-block-image\"><figure class=\"aligncenter\"><img decoding=\"async\" src=\"https:\/\/exceladvisor.org\/wp-content\/uploads\/2023\/08\/power-query-vlookup-selectionnez-la-categorie-de-produit-1.png\" sizes=\"\" srcset=\"\" alt=\"\"><\/figure><\/div><ul><li> Hier haben Sie eine neue Tabelle mit einer Kategoriespalte. <\/li><\/ul><div class=\"wp-block-image\"><figure class=\"aligncenter\"><img decoding=\"async\" src=\"https:\/\/exceladvisor.org\/wp-content\/uploads\/2023\/08\/power-query-vlookup-nouvelle-colonne-de-categorie-de-table-1.png\" sizes=\"\" srcset=\"\" alt=\"\"><\/figure><\/div><ul><li> Klicken Sie am Ende auf \u201eSchlie\u00dfen und laden\u201c, um die Tabelle in die Tabelle zu laden. <\/li><\/ul><div class=\"wp-block-image\"><figure class=\"aligncenter\"><img decoding=\"async\" src=\"https:\/\/exceladvisor.org\/wp-content\/uploads\/2023\/08\/cliquez-sur-fermer-et-chargez-obtenir-la-feuille-de-calcul-de-la-table-1.png\" sizes=\"\" srcset=\"\" alt=\"\"><\/figure><\/div><p> <strong>BOOM<\/strong> ! Sie haben jetzt eine neue Tabelle mit einer Kategoriespalte.<\/p><h2 class=\"wp-block-heading\"> Abschluss<\/h2><p> Bei einer erweiterten Abfrage m\u00fcssen Sie lediglich die Verbindung f\u00fcr die Tabellen erstellen und die Abfragen zusammenf\u00fchren.<\/p><p> Und das Beste daran ist: Sobald Sie neue Daten zur Mengenliste hinzuf\u00fcgen, wird die neue Tabelle sofort aktualisiert. Ich hoffe, Sie fanden diesen Power-Query-Tipp hilfreich, aber jetzt sagen Sie mir noch etwas.<\/p><p> Was sieht f\u00fcr Sie am besten aus? PowerQuery oder VLOOKUP?<\/p><p> Bitte teilen Sie mir Ihre Meinung im Kommentarbereich mit.<\/p><p> Ich w\u00fcrde gerne von Ihnen h\u00f6ren und vergessen Sie bitte nicht, diesen Beitrag mit Ihren Freunden zu teilen. Ich bin sicher, sie werden es zu sch\u00e4tzen wissen. Wenn Sie wissen m\u00f6chten, wie Power Query im Allgemeinen verwendet wird, schauen Sie sich unbedingt diesen Beitrag an <a style=\"outline: none;\" href=\"https:\/\/exceladvisor.org\/de\/leistungsanforderung\/\"><strong>Excel Power Query-Tutorial<\/strong><\/a> .<\/p><div class=\"gb-container gb-container-9e2850fe gb-container-mt\"> <a class=\"gb-button gb-button-71636faa gb-button-text gb-button-mt-button\" href=\"https:\/\/exceladvisor.org\/de\/leistungsanforderung\/\">Power Query in Excel (Tutorial)<\/a><h2 class=\"gb-headline gb-headline-c566b2ed gb-headline-text gb-headline-mt-heading\"> Verwandte Tutorials <\/h2><div class=\"gb-grid-wrapper gb-grid-wrapper-b15ed1bf gb-grid-wrapper-mt-grid\"><div class=\"gb-grid-column gb-grid-column-6e9de105\"><div class=\"gb-container gb-container-6e9de105\"><ul><li> F\u00fchren Sie mehrere Excel-Dateien in EINEM NOTIZBUCH zusammen<\/li><li> <a href=\"https:\/\/exceladvisor.org\/de\/nicht-gedrehte-daten\/\">Entfernen Sie den Daten-Pivot in Excel mithilfe von Power Query<\/a><\/li><li> <a href=\"https:\/\/exceladvisor.org\/de\/kette\/\">Power Query: Werte verketten (Text und Zahlen)<\/a><\/li><li> <a href=\"https:\/\/exceladvisor.org\/de\/unterschied-in-den-daten\/\">Power Query: Datumsunterschied<\/a><\/li><\/ul><\/div><\/div><\/div><\/div>","protected":false},"excerpt":{"rendered":"","protected":false},"author":1,"featured_media":0,"parent":0,"menu_order":0,"comment_status":"open","ping_status":"closed","template":"","meta":{"ub_ctt_via":"","footnotes":""},"class_list":["post-3267","page","type-page","status-publish","hentry"],"featured_image_src":null,"yoast_head":"<!-- This site is optimized with the Yoast SEO plugin v25.4 - https:\/\/yoast.com\/wordpress\/plugins\/seo\/ -->\n<title>So f\u00fchren Sie SVERWEIS in Power Query in Excel durch<\/title>\n<meta name=\"description\" content=\"Die Verwendung von Power Query als Ersatz f\u00fcr VLOOKUP ist nicht nur einfach, sondern auch schnell und erfordert eine einmalige Einrichtung.\" \/>\n<meta name=\"robots\" content=\"index, follow, max-snippet:-1, max-image-preview:large, max-video-preview:-1\" \/>\n<link rel=\"canonical\" href=\"https:\/\/exceladvisor.org\/de\/suchev-2\/\" \/>\n<meta property=\"og:locale\" content=\"de_DE\" \/>\n<meta property=\"og:type\" content=\"article\" \/>\n<meta property=\"og:title\" content=\"So f\u00fchren Sie SVERWEIS in Power Query in Excel durch\" \/>\n<meta property=\"og:description\" content=\"Die Verwendung von Power Query als Ersatz f\u00fcr VLOOKUP ist nicht nur einfach, sondern auch schnell und erfordert eine einmalige Einrichtung.\" \/>\n<meta property=\"og:url\" content=\"https:\/\/exceladvisor.org\/de\/suchev-2\/\" \/>\n<meta property=\"og:site_name\" content=\"Excel Advisor\" \/>\n<meta property=\"article:modified_time\" content=\"2023-12-03T11:21:34+00:00\" \/>\n<meta property=\"og:image\" content=\"https:\/\/exceladvisor.org\/wp-content\/uploads\/2023\/08\/table-de-donnees-pour-utiliser-power-query-vlookup-1.png\" \/>\n<meta name=\"twitter:card\" content=\"summary_large_image\" \/>\n<meta name=\"twitter:label1\" content=\"Gesch\u00e4tzte Lesezeit\" \/>\n\t<meta name=\"twitter:data1\" content=\"3\u00a0Minuten\" \/>\n<script type=\"application\/ld+json\" class=\"yoast-schema-graph\">{\"@context\":\"https:\/\/schema.org\",\"@graph\":[{\"@type\":\"WebPage\",\"@id\":\"https:\/\/exceladvisor.org\/de\/suchev-2\/\",\"url\":\"https:\/\/exceladvisor.org\/de\/suchev-2\/\",\"name\":\"So f\u00fchren Sie SVERWEIS in Power Query in Excel durch\",\"isPartOf\":{\"@id\":\"https:\/\/exceladvisor.org\/de\/#website\"},\"primaryImageOfPage\":{\"@id\":\"https:\/\/exceladvisor.org\/de\/suchev-2\/#primaryimage\"},\"image\":{\"@id\":\"https:\/\/exceladvisor.org\/de\/suchev-2\/#primaryimage\"},\"thumbnailUrl\":\"https:\/\/exceladvisor.org\/wp-content\/uploads\/2023\/08\/table-de-donnees-pour-utiliser-power-query-vlookup-1.png\",\"datePublished\":\"2023-11-05T17:50:26+00:00\",\"dateModified\":\"2023-12-03T11:21:34+00:00\",\"description\":\"Die Verwendung von Power Query als Ersatz f\u00fcr VLOOKUP ist nicht nur einfach, sondern auch schnell und erfordert eine einmalige Einrichtung.\",\"breadcrumb\":{\"@id\":\"https:\/\/exceladvisor.org\/de\/suchev-2\/#breadcrumb\"},\"inLanguage\":\"de\",\"potentialAction\":[{\"@type\":\"ReadAction\",\"target\":[\"https:\/\/exceladvisor.org\/de\/suchev-2\/\"]}]},{\"@type\":\"ImageObject\",\"inLanguage\":\"de\",\"@id\":\"https:\/\/exceladvisor.org\/de\/suchev-2\/#primaryimage\",\"url\":\"https:\/\/exceladvisor.org\/wp-content\/uploads\/2023\/08\/table-de-donnees-pour-utiliser-power-query-vlookup-1.png\",\"contentUrl\":\"https:\/\/exceladvisor.org\/wp-content\/uploads\/2023\/08\/table-de-donnees-pour-utiliser-power-query-vlookup-1.png\"},{\"@type\":\"BreadcrumbList\",\"@id\":\"https:\/\/exceladvisor.org\/de\/suchev-2\/#breadcrumb\",\"itemListElement\":[{\"@type\":\"ListItem\",\"position\":1,\"name\":\"Accueil\",\"item\":\"https:\/\/exceladvisor.org\/de\/\"},{\"@type\":\"ListItem\",\"position\":2,\"name\":\"Wie f\u00fchrt man sverweis in power query in excel durch?\"}]},{\"@type\":\"WebSite\",\"@id\":\"https:\/\/exceladvisor.org\/de\/#website\",\"url\":\"https:\/\/exceladvisor.org\/de\/\",\"name\":\"Excel Advisor\",\"description\":\"Ihr Leitfaden zur Datendominanz\",\"publisher\":{\"@id\":\"https:\/\/exceladvisor.org\/de\/#organization\"},\"potentialAction\":[{\"@type\":\"SearchAction\",\"target\":{\"@type\":\"EntryPoint\",\"urlTemplate\":\"https:\/\/exceladvisor.org\/de\/?s={search_term_string}\"},\"query-input\":{\"@type\":\"PropertyValueSpecification\",\"valueRequired\":true,\"valueName\":\"search_term_string\"}}],\"inLanguage\":\"de\"},{\"@type\":\"Organization\",\"@id\":\"https:\/\/exceladvisor.org\/de\/#organization\",\"name\":\"Excel Advisor\",\"url\":\"https:\/\/exceladvisor.org\/de\/\",\"logo\":{\"@type\":\"ImageObject\",\"inLanguage\":\"de\",\"@id\":\"https:\/\/exceladvisor.org\/de\/#\/schema\/logo\/image\/\",\"url\":\"https:\/\/exceladvisor.org\/de\/wp-content\/uploads\/2023\/11\/exceladvisor.org_.png\",\"contentUrl\":\"https:\/\/exceladvisor.org\/de\/wp-content\/uploads\/2023\/11\/exceladvisor.org_.png\",\"width\":105,\"height\":36,\"caption\":\"Excel Advisor\"},\"image\":{\"@id\":\"https:\/\/exceladvisor.org\/de\/#\/schema\/logo\/image\/\"}}]}<\/script>\n<!-- \/ Yoast SEO plugin. -->","yoast_head_json":{"title":"So f\u00fchren Sie SVERWEIS in Power Query in Excel durch","description":"Die Verwendung von Power Query als Ersatz f\u00fcr VLOOKUP ist nicht nur einfach, sondern auch schnell und erfordert eine einmalige Einrichtung.","robots":{"index":"index","follow":"follow","max-snippet":"max-snippet:-1","max-image-preview":"max-image-preview:large","max-video-preview":"max-video-preview:-1"},"canonical":"https:\/\/exceladvisor.org\/de\/suchev-2\/","og_locale":"de_DE","og_type":"article","og_title":"So f\u00fchren Sie SVERWEIS in Power Query in Excel durch","og_description":"Die Verwendung von Power Query als Ersatz f\u00fcr VLOOKUP ist nicht nur einfach, sondern auch schnell und erfordert eine einmalige Einrichtung.","og_url":"https:\/\/exceladvisor.org\/de\/suchev-2\/","og_site_name":"Excel Advisor","article_modified_time":"2023-12-03T11:21:34+00:00","og_image":[{"url":"https:\/\/exceladvisor.org\/wp-content\/uploads\/2023\/08\/table-de-donnees-pour-utiliser-power-query-vlookup-1.png","type":"","width":"","height":""}],"twitter_card":"summary_large_image","twitter_misc":{"Gesch\u00e4tzte Lesezeit":"3\u00a0Minuten"},"schema":{"@context":"https:\/\/schema.org","@graph":[{"@type":"WebPage","@id":"https:\/\/exceladvisor.org\/de\/suchev-2\/","url":"https:\/\/exceladvisor.org\/de\/suchev-2\/","name":"So f\u00fchren Sie SVERWEIS in Power Query in Excel durch","isPartOf":{"@id":"https:\/\/exceladvisor.org\/de\/#website"},"primaryImageOfPage":{"@id":"https:\/\/exceladvisor.org\/de\/suchev-2\/#primaryimage"},"image":{"@id":"https:\/\/exceladvisor.org\/de\/suchev-2\/#primaryimage"},"thumbnailUrl":"https:\/\/exceladvisor.org\/wp-content\/uploads\/2023\/08\/table-de-donnees-pour-utiliser-power-query-vlookup-1.png","datePublished":"2023-11-05T17:50:26+00:00","dateModified":"2023-12-03T11:21:34+00:00","description":"Die Verwendung von Power Query als Ersatz f\u00fcr VLOOKUP ist nicht nur einfach, sondern auch schnell und erfordert eine einmalige Einrichtung.","breadcrumb":{"@id":"https:\/\/exceladvisor.org\/de\/suchev-2\/#breadcrumb"},"inLanguage":"de","potentialAction":[{"@type":"ReadAction","target":["https:\/\/exceladvisor.org\/de\/suchev-2\/"]}]},{"@type":"ImageObject","inLanguage":"de","@id":"https:\/\/exceladvisor.org\/de\/suchev-2\/#primaryimage","url":"https:\/\/exceladvisor.org\/wp-content\/uploads\/2023\/08\/table-de-donnees-pour-utiliser-power-query-vlookup-1.png","contentUrl":"https:\/\/exceladvisor.org\/wp-content\/uploads\/2023\/08\/table-de-donnees-pour-utiliser-power-query-vlookup-1.png"},{"@type":"BreadcrumbList","@id":"https:\/\/exceladvisor.org\/de\/suchev-2\/#breadcrumb","itemListElement":[{"@type":"ListItem","position":1,"name":"Accueil","item":"https:\/\/exceladvisor.org\/de\/"},{"@type":"ListItem","position":2,"name":"Wie f\u00fchrt man sverweis in power query in excel durch?"}]},{"@type":"WebSite","@id":"https:\/\/exceladvisor.org\/de\/#website","url":"https:\/\/exceladvisor.org\/de\/","name":"Excel Advisor","description":"Ihr Leitfaden zur Datendominanz","publisher":{"@id":"https:\/\/exceladvisor.org\/de\/#organization"},"potentialAction":[{"@type":"SearchAction","target":{"@type":"EntryPoint","urlTemplate":"https:\/\/exceladvisor.org\/de\/?s={search_term_string}"},"query-input":{"@type":"PropertyValueSpecification","valueRequired":true,"valueName":"search_term_string"}}],"inLanguage":"de"},{"@type":"Organization","@id":"https:\/\/exceladvisor.org\/de\/#organization","name":"Excel Advisor","url":"https:\/\/exceladvisor.org\/de\/","logo":{"@type":"ImageObject","inLanguage":"de","@id":"https:\/\/exceladvisor.org\/de\/#\/schema\/logo\/image\/","url":"https:\/\/exceladvisor.org\/de\/wp-content\/uploads\/2023\/11\/exceladvisor.org_.png","contentUrl":"https:\/\/exceladvisor.org\/de\/wp-content\/uploads\/2023\/11\/exceladvisor.org_.png","width":105,"height":36,"caption":"Excel Advisor"},"image":{"@id":"https:\/\/exceladvisor.org\/de\/#\/schema\/logo\/image\/"}}]}},"yoast_meta":{"yoast_wpseo_title":"","yoast_wpseo_metadesc":"","yoast_wpseo_canonical":""},"_links":{"self":[{"href":"https:\/\/exceladvisor.org\/de\/wp-json\/wp\/v2\/pages\/3267","targetHints":{"allow":["GET"]}}],"collection":[{"href":"https:\/\/exceladvisor.org\/de\/wp-json\/wp\/v2\/pages"}],"about":[{"href":"https:\/\/exceladvisor.org\/de\/wp-json\/wp\/v2\/types\/page"}],"author":[{"embeddable":true,"href":"https:\/\/exceladvisor.org\/de\/wp-json\/wp\/v2\/users\/1"}],"replies":[{"embeddable":true,"href":"https:\/\/exceladvisor.org\/de\/wp-json\/wp\/v2\/comments?post=3267"}],"version-history":[{"count":1,"href":"https:\/\/exceladvisor.org\/de\/wp-json\/wp\/v2\/pages\/3267\/revisions"}],"predecessor-version":[{"id":4072,"href":"https:\/\/exceladvisor.org\/de\/wp-json\/wp\/v2\/pages\/3267\/revisions\/4072"}],"wp:attachment":[{"href":"https:\/\/exceladvisor.org\/de\/wp-json\/wp\/v2\/media?parent=3267"}],"curies":[{"name":"wp","href":"https:\/\/api.w.org\/{rel}","templated":true}]}}