{"id":3268,"date":"2023-11-05T12:35:01","date_gmt":"2023-11-05T12:35:01","guid":{"rendered":"https:\/\/exceladvisor.org\/de\/summenprodukt-2\/"},"modified":"2023-12-03T11:12:23","modified_gmt":"2023-12-03T11:12:23","slug":"summenprodukt-2","status":"publish","type":"page","link":"https:\/\/exceladvisor.org\/de\/summenprodukt-2\/","title":{"rendered":"Excel-funktion: summenprodukt"},"content":{"rendered":"<div class=\"excel-vor-dem-inhalt\" id=\"excel-571563031\"><script type=\"text\/javascript\">\r\n\tatOptions = {\r\n\t\t'key' : 'c1158f160081d6540a8409e6925dab94',\r\n\t\t'format' : 'iframe',\r\n\t\t'height' : 250,\r\n\t\t'width' : 300,\r\n\t\t'params' : {}\r\n\t};\r\n<\/script>\r\n<script type=\"text\/javascript\" src=\"\/\/www.highperformanceformat.com\/c1158f160081d6540a8409e6925dab94\/invoke.js\"><\/script><\/div> <p>Die SUMPRODUCT-Funktion kann verwendet werden, um einen Wert nach der Summe zur\u00fcckzugeben und Werte in Bereichen oder Arrays zu multiplizieren. Vereinfacht ausgedr\u00fcckt multipliziert es zun\u00e4chst die passenden Zellen aus den Bereichen und fasst dann alle Werte zusammen. Dies ist eine der n\u00fctzlichsten und leistungsst\u00e4rksten Funktionen in Excel, die zur Datenanalyse verwendet werden kann. <\/p><div class=\"wp-block-image\"><figure class=\"aligncenter size-full is-resized\"><img loading=\"lazy\" decoding=\"async\" class=\"wp-image-66787\" src=\"https:\/\/exceladvisor.org\/wp-content\/uploads\/2023\/08\/introduction-a-la-fonction-sumproduct.png\" sizes=\"auto, \" srcset=\"\" alt=\"sumproduct-function-intro\" width=\"409\" height=\"243\"><\/figure><\/div><h2 class=\"wp-block-heading\"> Syntax<\/h2><p class=\"formula\"> <em>SUMMENPRODUKT(array1, [array2], [array3], \u2026)<\/em><\/p><h2 class=\"wp-block-heading\"> Argumente<\/h2><ul><li> array1: Das erste Array, das Sie multiplizieren und dann addieren m\u00f6chten.<\/li><li> [array2]: Das zweite Array, das Sie multiplizieren und dann addieren m\u00f6chten.<\/li><\/ul><h2 class=\"wp-block-heading\"> Beispiel<\/h2><p> Im folgenden Beispiel haben wir SUMPRODUCT verwendet, um die Werte in Spalte D und Spalte F zu multiplizieren und zu addieren. <\/p><div class=\"wp-block-image\"><figure class=\"aligncenter size-full is-resized\"><img loading=\"lazy\" decoding=\"async\" class=\"wp-image-66784\" src=\"https:\/\/exceladvisor.org\/wp-content\/uploads\/2023\/08\/exemple-de-fonction-sumproduct-1.png\" sizes=\"auto, \" srcset=\"\" alt=\"sumproduct-function-example-1\" width=\"680\" height=\"335\"><\/figure><\/div><p> Hier haben wir in der ersten Tabelle den Bereich A1:A8 und in der zweiten Tabelle den Bereich C1:C8 angegeben.<\/p><p> Was nun passiert, sind die mehreren Werte der beiden Bereiche miteinander (A1xC1, A2xC2 usw.).<\/p><p> Und nachdem alle Werte multipliziert wurden, summiert es sie und zeigt Ihnen diesen Wert im Ergebnis an.<\/p><p> Wie der Name schon sagt, berechnet die SUMPRODUCT-Funktion zun\u00e4chst das Produkt aller Werte und addiert sie dann alle, um es in einer einzigen Zelle zu erhalten.<\/p><p> Damit Sie verstehen, wie leistungsf\u00e4hig SUMPRODUCT ist, erzielen wir im folgenden Beispiel das gleiche Ergebnis mit einer Hilfsspalte und der SUM-Funktion. <\/p><div class=\"wp-block-image\"><figure class=\"aligncenter size-full is-resized\"><img loading=\"lazy\" decoding=\"async\" class=\"wp-image-66785\" src=\"https:\/\/exceladvisor.org\/wp-content\/uploads\/2023\/08\/exemple-de-fonction-sommeproduit-2.png\" sizes=\"auto, \" srcset=\"\" alt=\"sumproduct-function-example-2\" width=\"632\" height=\"254\"><\/figure><\/div><p> Deshalb habe ich gesagt, dass SUMPRODUCT eine der leistungsst\u00e4rksten Funktionen ist, die wir in Excel haben, um Daten zu analysieren und komplexe Berechnungen durchzuf\u00fchren. Und wir gehen noch einen Schritt weiter: Wir haben SUMPRODUCT verwendet, um einen Wert in einer Tabelle nachzuschlagen. <\/p><div class=\"wp-block-image\"><figure class=\"aligncenter size-full is-resized\"><img loading=\"lazy\" decoding=\"async\" class=\"wp-image-66786\" src=\"https:\/\/exceladvisor.org\/wp-content\/uploads\/2023\/08\/exemple-de-fonction-sumproduct-3.png\" sizes=\"auto, \" srcset=\"\" alt=\"sumproduct-function-example-3\" width=\"531\" height=\"294\"><\/figure><\/div><p> <a href=\"https:\/\/exceladvisor.org\/wp-content\/uploads\/2023\/08\/produit-somme-2.xlsx\" target=\"_blank\" rel=\"noreferrer noopener nofollow\"><em>Beispieldatei.xlsx<\/em><\/a><\/p><h2 class=\"wp-block-heading\"> Wichtige Punkte<\/h2><ul><li> Wenn Sie array2 nicht angeben, summiert SUMPRODUCT einfach array1.<\/li><li> Die maximale Gr\u00f6\u00dfe jedes Arrays muss gleich sein. Wenn Array1 f\u00fcnf Zellen hat, m\u00fcssen die Zellen von Array2 f\u00fcnf sein.<\/li><li> Text und andere nicht numerische Eingaben werden als 0 behandelt.<\/li><\/ul><p> \u21e0 <strong>Zur\u00fcck zu <a href=\"https:\/\/exceladvisor.org\/de\/excel-funktionen\/\">den Excel-Funktionen<\/a><\/strong><\/p>","protected":false},"excerpt":{"rendered":"","protected":false},"author":1,"featured_media":0,"parent":0,"menu_order":0,"comment_status":"open","ping_status":"closed","template":"","meta":{"ub_ctt_via":"","footnotes":""},"class_list":["post-3268","page","type-page","status-publish","hentry"],"featured_image_src":null,"yoast_head":"<!-- This site is optimized with the Yoast SEO plugin v25.4 - https:\/\/yoast.com\/wordpress\/plugins\/seo\/ -->\n<title>SUMMENPRODUKT (Excel-Funktion mit Beispiel + Beispieldatei)<\/title>\n<meta name=\"description\" content=\"Ein schnelles und einfaches Tutorial zum Erlernen der Verwendung der SUMMENPRODUKT-Funktion in Excel.\" \/>\n<meta name=\"robots\" content=\"index, follow, max-snippet:-1, max-image-preview:large, max-video-preview:-1\" \/>\n<link rel=\"canonical\" href=\"https:\/\/exceladvisor.org\/de\/summenprodukt-2\/\" \/>\n<meta property=\"og:locale\" content=\"de_DE\" \/>\n<meta property=\"og:type\" content=\"article\" \/>\n<meta property=\"og:title\" content=\"SUMMENPRODUKT (Excel-Funktion mit Beispiel + Beispieldatei)\" \/>\n<meta property=\"og:description\" content=\"Ein schnelles und einfaches Tutorial zum Erlernen der Verwendung der SUMMENPRODUKT-Funktion in Excel.\" \/>\n<meta property=\"og:url\" content=\"https:\/\/exceladvisor.org\/de\/summenprodukt-2\/\" \/>\n<meta property=\"og:site_name\" content=\"Excel Advisor\" \/>\n<meta property=\"article:modified_time\" content=\"2023-12-03T11:12:23+00:00\" \/>\n<meta property=\"og:image\" content=\"https:\/\/exceladvisor.org\/wp-content\/uploads\/2023\/08\/introduction-a-la-fonction-sumproduct.png\" \/>\n<meta name=\"twitter:card\" content=\"summary_large_image\" \/>\n<meta name=\"twitter:label1\" content=\"Gesch\u00e4tzte Lesezeit\" \/>\n\t<meta name=\"twitter:data1\" content=\"2\u00a0Minuten\" \/>\n<script type=\"application\/ld+json\" class=\"yoast-schema-graph\">{\"@context\":\"https:\/\/schema.org\",\"@graph\":[{\"@type\":\"WebPage\",\"@id\":\"https:\/\/exceladvisor.org\/de\/summenprodukt-2\/\",\"url\":\"https:\/\/exceladvisor.org\/de\/summenprodukt-2\/\",\"name\":\"SUMMENPRODUKT (Excel-Funktion mit Beispiel + Beispieldatei)\",\"isPartOf\":{\"@id\":\"https:\/\/exceladvisor.org\/de\/#website\"},\"primaryImageOfPage\":{\"@id\":\"https:\/\/exceladvisor.org\/de\/summenprodukt-2\/#primaryimage\"},\"image\":{\"@id\":\"https:\/\/exceladvisor.org\/de\/summenprodukt-2\/#primaryimage\"},\"thumbnailUrl\":\"https:\/\/exceladvisor.org\/wp-content\/uploads\/2023\/08\/introduction-a-la-fonction-sumproduct.png\",\"datePublished\":\"2023-11-05T12:35:01+00:00\",\"dateModified\":\"2023-12-03T11:12:23+00:00\",\"description\":\"Ein schnelles und einfaches Tutorial zum Erlernen der Verwendung der SUMMENPRODUKT-Funktion in Excel.\",\"breadcrumb\":{\"@id\":\"https:\/\/exceladvisor.org\/de\/summenprodukt-2\/#breadcrumb\"},\"inLanguage\":\"de\",\"potentialAction\":[{\"@type\":\"ReadAction\",\"target\":[\"https:\/\/exceladvisor.org\/de\/summenprodukt-2\/\"]}]},{\"@type\":\"ImageObject\",\"inLanguage\":\"de\",\"@id\":\"https:\/\/exceladvisor.org\/de\/summenprodukt-2\/#primaryimage\",\"url\":\"https:\/\/exceladvisor.org\/wp-content\/uploads\/2023\/08\/introduction-a-la-fonction-sumproduct.png\",\"contentUrl\":\"https:\/\/exceladvisor.org\/wp-content\/uploads\/2023\/08\/introduction-a-la-fonction-sumproduct.png\"},{\"@type\":\"BreadcrumbList\",\"@id\":\"https:\/\/exceladvisor.org\/de\/summenprodukt-2\/#breadcrumb\",\"itemListElement\":[{\"@type\":\"ListItem\",\"position\":1,\"name\":\"Accueil\",\"item\":\"https:\/\/exceladvisor.org\/de\/\"},{\"@type\":\"ListItem\",\"position\":2,\"name\":\"Excel-funktion: summenprodukt\"}]},{\"@type\":\"WebSite\",\"@id\":\"https:\/\/exceladvisor.org\/de\/#website\",\"url\":\"https:\/\/exceladvisor.org\/de\/\",\"name\":\"Excel Advisor\",\"description\":\"Ihr Leitfaden zur Datendominanz\",\"publisher\":{\"@id\":\"https:\/\/exceladvisor.org\/de\/#organization\"},\"potentialAction\":[{\"@type\":\"SearchAction\",\"target\":{\"@type\":\"EntryPoint\",\"urlTemplate\":\"https:\/\/exceladvisor.org\/de\/?s={search_term_string}\"},\"query-input\":{\"@type\":\"PropertyValueSpecification\",\"valueRequired\":true,\"valueName\":\"search_term_string\"}}],\"inLanguage\":\"de\"},{\"@type\":\"Organization\",\"@id\":\"https:\/\/exceladvisor.org\/de\/#organization\",\"name\":\"Excel Advisor\",\"url\":\"https:\/\/exceladvisor.org\/de\/\",\"logo\":{\"@type\":\"ImageObject\",\"inLanguage\":\"de\",\"@id\":\"https:\/\/exceladvisor.org\/de\/#\/schema\/logo\/image\/\",\"url\":\"https:\/\/exceladvisor.org\/de\/wp-content\/uploads\/2023\/11\/exceladvisor.org_.png\",\"contentUrl\":\"https:\/\/exceladvisor.org\/de\/wp-content\/uploads\/2023\/11\/exceladvisor.org_.png\",\"width\":105,\"height\":36,\"caption\":\"Excel Advisor\"},\"image\":{\"@id\":\"https:\/\/exceladvisor.org\/de\/#\/schema\/logo\/image\/\"}}]}<\/script>\n<!-- \/ Yoast SEO plugin. -->","yoast_head_json":{"title":"SUMMENPRODUKT (Excel-Funktion mit Beispiel + Beispieldatei)","description":"Ein schnelles und einfaches Tutorial zum Erlernen der Verwendung der SUMMENPRODUKT-Funktion in Excel.","robots":{"index":"index","follow":"follow","max-snippet":"max-snippet:-1","max-image-preview":"max-image-preview:large","max-video-preview":"max-video-preview:-1"},"canonical":"https:\/\/exceladvisor.org\/de\/summenprodukt-2\/","og_locale":"de_DE","og_type":"article","og_title":"SUMMENPRODUKT (Excel-Funktion mit Beispiel + Beispieldatei)","og_description":"Ein schnelles und einfaches Tutorial zum Erlernen der Verwendung der SUMMENPRODUKT-Funktion in Excel.","og_url":"https:\/\/exceladvisor.org\/de\/summenprodukt-2\/","og_site_name":"Excel Advisor","article_modified_time":"2023-12-03T11:12:23+00:00","og_image":[{"url":"https:\/\/exceladvisor.org\/wp-content\/uploads\/2023\/08\/introduction-a-la-fonction-sumproduct.png","type":"","width":"","height":""}],"twitter_card":"summary_large_image","twitter_misc":{"Gesch\u00e4tzte Lesezeit":"2\u00a0Minuten"},"schema":{"@context":"https:\/\/schema.org","@graph":[{"@type":"WebPage","@id":"https:\/\/exceladvisor.org\/de\/summenprodukt-2\/","url":"https:\/\/exceladvisor.org\/de\/summenprodukt-2\/","name":"SUMMENPRODUKT (Excel-Funktion mit Beispiel + Beispieldatei)","isPartOf":{"@id":"https:\/\/exceladvisor.org\/de\/#website"},"primaryImageOfPage":{"@id":"https:\/\/exceladvisor.org\/de\/summenprodukt-2\/#primaryimage"},"image":{"@id":"https:\/\/exceladvisor.org\/de\/summenprodukt-2\/#primaryimage"},"thumbnailUrl":"https:\/\/exceladvisor.org\/wp-content\/uploads\/2023\/08\/introduction-a-la-fonction-sumproduct.png","datePublished":"2023-11-05T12:35:01+00:00","dateModified":"2023-12-03T11:12:23+00:00","description":"Ein schnelles und einfaches Tutorial zum Erlernen der Verwendung der SUMMENPRODUKT-Funktion in Excel.","breadcrumb":{"@id":"https:\/\/exceladvisor.org\/de\/summenprodukt-2\/#breadcrumb"},"inLanguage":"de","potentialAction":[{"@type":"ReadAction","target":["https:\/\/exceladvisor.org\/de\/summenprodukt-2\/"]}]},{"@type":"ImageObject","inLanguage":"de","@id":"https:\/\/exceladvisor.org\/de\/summenprodukt-2\/#primaryimage","url":"https:\/\/exceladvisor.org\/wp-content\/uploads\/2023\/08\/introduction-a-la-fonction-sumproduct.png","contentUrl":"https:\/\/exceladvisor.org\/wp-content\/uploads\/2023\/08\/introduction-a-la-fonction-sumproduct.png"},{"@type":"BreadcrumbList","@id":"https:\/\/exceladvisor.org\/de\/summenprodukt-2\/#breadcrumb","itemListElement":[{"@type":"ListItem","position":1,"name":"Accueil","item":"https:\/\/exceladvisor.org\/de\/"},{"@type":"ListItem","position":2,"name":"Excel-funktion: summenprodukt"}]},{"@type":"WebSite","@id":"https:\/\/exceladvisor.org\/de\/#website","url":"https:\/\/exceladvisor.org\/de\/","name":"Excel Advisor","description":"Ihr Leitfaden zur Datendominanz","publisher":{"@id":"https:\/\/exceladvisor.org\/de\/#organization"},"potentialAction":[{"@type":"SearchAction","target":{"@type":"EntryPoint","urlTemplate":"https:\/\/exceladvisor.org\/de\/?s={search_term_string}"},"query-input":{"@type":"PropertyValueSpecification","valueRequired":true,"valueName":"search_term_string"}}],"inLanguage":"de"},{"@type":"Organization","@id":"https:\/\/exceladvisor.org\/de\/#organization","name":"Excel Advisor","url":"https:\/\/exceladvisor.org\/de\/","logo":{"@type":"ImageObject","inLanguage":"de","@id":"https:\/\/exceladvisor.org\/de\/#\/schema\/logo\/image\/","url":"https:\/\/exceladvisor.org\/de\/wp-content\/uploads\/2023\/11\/exceladvisor.org_.png","contentUrl":"https:\/\/exceladvisor.org\/de\/wp-content\/uploads\/2023\/11\/exceladvisor.org_.png","width":105,"height":36,"caption":"Excel Advisor"},"image":{"@id":"https:\/\/exceladvisor.org\/de\/#\/schema\/logo\/image\/"}}]}},"yoast_meta":{"yoast_wpseo_title":"","yoast_wpseo_metadesc":"","yoast_wpseo_canonical":""},"_links":{"self":[{"href":"https:\/\/exceladvisor.org\/de\/wp-json\/wp\/v2\/pages\/3268","targetHints":{"allow":["GET"]}}],"collection":[{"href":"https:\/\/exceladvisor.org\/de\/wp-json\/wp\/v2\/pages"}],"about":[{"href":"https:\/\/exceladvisor.org\/de\/wp-json\/wp\/v2\/types\/page"}],"author":[{"embeddable":true,"href":"https:\/\/exceladvisor.org\/de\/wp-json\/wp\/v2\/users\/1"}],"replies":[{"embeddable":true,"href":"https:\/\/exceladvisor.org\/de\/wp-json\/wp\/v2\/comments?post=3268"}],"version-history":[{"count":1,"href":"https:\/\/exceladvisor.org\/de\/wp-json\/wp\/v2\/pages\/3268\/revisions"}],"predecessor-version":[{"id":3753,"href":"https:\/\/exceladvisor.org\/de\/wp-json\/wp\/v2\/pages\/3268\/revisions\/3753"}],"wp:attachment":[{"href":"https:\/\/exceladvisor.org\/de\/wp-json\/wp\/v2\/media?parent=3268"}],"curies":[{"name":"wp","href":"https:\/\/api.w.org\/{rel}","templated":true}]}}