{"id":3270,"date":"2023-11-05T12:18:21","date_gmt":"2023-11-05T12:18:21","guid":{"rendered":"https:\/\/exceladvisor.org\/de\/ganzzahl-3\/"},"modified":"2023-12-03T11:12:22","modified_gmt":"2023-12-03T11:12:22","slug":"ganzzahl-3","status":"publish","type":"page","link":"https:\/\/exceladvisor.org\/de\/ganzzahl-3\/","title":{"rendered":"Excel-funktion: int"},"content":{"rendered":"<div class=\"excel-vor-dem-inhalt\" id=\"excel-2240604967\"><script type=\"text\/javascript\">\r\n\tatOptions = {\r\n\t\t'key' : 'c1158f160081d6540a8409e6925dab94',\r\n\t\t'format' : 'iframe',\r\n\t\t'height' : 250,\r\n\t\t'width' : 300,\r\n\t\t'params' : {}\r\n\t};\r\n<\/script>\r\n<script type=\"text\/javascript\" src=\"\/\/www.highperformanceformat.com\/c1158f160081d6540a8409e6925dab94\/invoke.js\"><\/script><\/div> <p>INT <strong>gibt den ganzzahligen Teil einer Dezimalzahl zur\u00fcck<\/strong> . Mit einfachen Worten: Es rundet die angegebene Zahl, indem es ihre Dezimalstellen entfernt, und gibt nur die ganze Zahl zur\u00fcck (Zahl ohne Br\u00fcche oder Dezimalstellen). <\/p><div class=\"wp-block-image\"><figure class=\"aligncenter size-full is-resized\"><img loading=\"lazy\" decoding=\"async\" class=\"wp-image-72702\" src=\"https:\/\/exceladvisor.org\/wp-content\/uploads\/2023\/08\/1-fonction-entiere.png\" sizes=\"auto, \" srcset=\"\" alt=\"int-Funktion\" width=\"482\" height=\"169\"><\/figure><\/div><h2 class=\"wp-block-heading\"> Syntax<\/h2><p> INT(Zahl)<\/p><h2 class=\"wp-block-heading\"> Argumente<\/h2><ul><li> <strong>Zahl:<\/strong> Zahl, die Sie auf die n\u00e4chste ganze Zahl abrunden m\u00f6chten.<\/li><\/ul><h2 class=\"wp-block-heading\"> Beispiel<\/h2><p> Im folgenden Beispiel haben wir eine Zahl mit vier Dezimalstellen. Wenn Sie die INT-Funktion verwenden und die Werte angeben, die Sie in Zelle B1 haben, wird dieselbe Zahl mit, jedoch ohne Dezimalstellen zur\u00fcckgegeben. <\/p><div class=\"wp-block-image\"><figure class=\"aligncenter size-full is-resized\"><img loading=\"lazy\" decoding=\"async\" class=\"wp-image-66958\" src=\"https:\/\/exceladvisor.org\/wp-content\/uploads\/2023\/08\/exemple-de-fonction-excel-int-1-2.png\" sizes=\"auto, \" srcset=\"\" alt=\"Excel-Int-Funktionsbeispiel-1\" width=\"485\" height=\"280\"><\/figure><\/div><p> Wenn der urspr\u00fcngliche Wert also 101,4868 betr\u00e4gt, gibt INT im Ergebnis 101 zur\u00fcck, nachdem die Dezimalstellen entfernt wurden.<\/p><p> In der realen Welt ist INT sehr n\u00fctzlich, und eines der Beispiele ist, wenn Sie die Zeit aus einem Datum\/Uhrzeit-Wert entfernen m\u00fcssen. <\/p><div class=\"wp-block-image\"><figure class=\"aligncenter size-full is-resized\"><img loading=\"lazy\" decoding=\"async\" class=\"wp-image-66959\" src=\"https:\/\/exceladvisor.org\/wp-content\/uploads\/2023\/08\/excel-int-fonction-date-separee.png\" sizes=\"auto, \" srcset=\"\" alt=\"Excel-int-date-separated-function\" width=\"431\" height=\"161\"><\/figure><\/div><p> Und auf \u00e4hnliche Weise k\u00f6nnen Sie damit das Datum aus einem Datums- und Uhrzeitwert entfernen, wie wir es im folgenden Beispiel verwendet haben. <\/p><div class=\"wp-block-image\"><figure class=\"aligncenter size-full is-resized\"><img loading=\"lazy\" decoding=\"async\" class=\"wp-image-66960\" src=\"https:\/\/exceladvisor.org\/wp-content\/uploads\/2023\/08\/excel-int-fonction-temps-separe.png\" sizes=\"auto, \" srcset=\"\" alt=\"Excel-int-time-separated-function\" width=\"472\" height=\"165\"><\/figure><\/div><p> <strong><em><a href=\"https:\/\/exceladvisor.org\/wp-content\/uploads\/2023\/08\/entier-2.xlsx\" target=\"_blank\" rel=\"noreferrer noopener nofollow\">Beispieldatei.xlsx<\/a><\/em><\/strong><\/p><h2 class=\"wp-block-heading\"> Wichtige Punkte<\/h2><ol><li> Es rundet positive und negative Zahlen. Aber wenn Sie eine negative Zahl runden, wird sie von Null an gerundet. Wenn Sie also -3,9 runden, wird im Ergebnis 4 zur\u00fcckgegeben.<\/li><li> Du bekommst eine #REF! Fehler, wenn die von Ihnen angegebene Zahl ung\u00fcltig ist, und ein #VALUE! Fehler, wenn Sie Text anstelle einer Zahl angeben.<\/li><\/ol>","protected":false},"excerpt":{"rendered":"","protected":false},"author":1,"featured_media":0,"parent":0,"menu_order":0,"comment_status":"open","ping_status":"closed","template":"","meta":{"ub_ctt_via":"","footnotes":""},"class_list":["post-3270","page","type-page","status-publish","hentry"],"featured_image_src":null,"yoast_head":"<!-- This site is optimized with the Yoast SEO plugin v25.4 - https:\/\/yoast.com\/wordpress\/plugins\/seo\/ -->\n<title>INT (Excel-Funktion mit Beispiel + Beispieldatei)<\/title>\n<meta name=\"description\" content=\"In diesem Tutorial erfahren Sie, wie Sie die INT-Funktion in Excel verwenden. Verstehen Sie die Funktion anhand eines leicht verst\u00e4ndlichen Beispiels.\" \/>\n<meta name=\"robots\" content=\"index, follow, max-snippet:-1, max-image-preview:large, max-video-preview:-1\" \/>\n<link rel=\"canonical\" href=\"https:\/\/exceladvisor.org\/de\/ganzzahl-3\/\" \/>\n<meta property=\"og:locale\" content=\"de_DE\" \/>\n<meta property=\"og:type\" content=\"article\" \/>\n<meta property=\"og:title\" content=\"INT (Excel-Funktion mit Beispiel + Beispieldatei)\" \/>\n<meta property=\"og:description\" content=\"In diesem Tutorial erfahren Sie, wie Sie die INT-Funktion in Excel verwenden. Verstehen Sie die Funktion anhand eines leicht verst\u00e4ndlichen Beispiels.\" \/>\n<meta property=\"og:url\" content=\"https:\/\/exceladvisor.org\/de\/ganzzahl-3\/\" \/>\n<meta property=\"og:site_name\" content=\"Excel Advisor\" \/>\n<meta property=\"article:modified_time\" content=\"2023-12-03T11:12:22+00:00\" \/>\n<meta property=\"og:image\" content=\"https:\/\/exceladvisor.org\/wp-content\/uploads\/2023\/08\/1-fonction-entiere.png\" \/>\n<meta name=\"twitter:card\" content=\"summary_large_image\" \/>\n<meta name=\"twitter:label1\" content=\"Gesch\u00e4tzte Lesezeit\" \/>\n\t<meta name=\"twitter:data1\" content=\"1\u00a0Minute\" \/>\n<script type=\"application\/ld+json\" class=\"yoast-schema-graph\">{\"@context\":\"https:\/\/schema.org\",\"@graph\":[{\"@type\":\"WebPage\",\"@id\":\"https:\/\/exceladvisor.org\/de\/ganzzahl-3\/\",\"url\":\"https:\/\/exceladvisor.org\/de\/ganzzahl-3\/\",\"name\":\"INT (Excel-Funktion mit Beispiel + Beispieldatei)\",\"isPartOf\":{\"@id\":\"https:\/\/exceladvisor.org\/de\/#website\"},\"primaryImageOfPage\":{\"@id\":\"https:\/\/exceladvisor.org\/de\/ganzzahl-3\/#primaryimage\"},\"image\":{\"@id\":\"https:\/\/exceladvisor.org\/de\/ganzzahl-3\/#primaryimage\"},\"thumbnailUrl\":\"https:\/\/exceladvisor.org\/wp-content\/uploads\/2023\/08\/1-fonction-entiere.png\",\"datePublished\":\"2023-11-05T12:18:21+00:00\",\"dateModified\":\"2023-12-03T11:12:22+00:00\",\"description\":\"In diesem Tutorial erfahren Sie, wie Sie die INT-Funktion in Excel verwenden. Verstehen Sie die Funktion anhand eines leicht verst\u00e4ndlichen Beispiels.\",\"breadcrumb\":{\"@id\":\"https:\/\/exceladvisor.org\/de\/ganzzahl-3\/#breadcrumb\"},\"inLanguage\":\"de\",\"potentialAction\":[{\"@type\":\"ReadAction\",\"target\":[\"https:\/\/exceladvisor.org\/de\/ganzzahl-3\/\"]}]},{\"@type\":\"ImageObject\",\"inLanguage\":\"de\",\"@id\":\"https:\/\/exceladvisor.org\/de\/ganzzahl-3\/#primaryimage\",\"url\":\"https:\/\/exceladvisor.org\/wp-content\/uploads\/2023\/08\/1-fonction-entiere.png\",\"contentUrl\":\"https:\/\/exceladvisor.org\/wp-content\/uploads\/2023\/08\/1-fonction-entiere.png\"},{\"@type\":\"BreadcrumbList\",\"@id\":\"https:\/\/exceladvisor.org\/de\/ganzzahl-3\/#breadcrumb\",\"itemListElement\":[{\"@type\":\"ListItem\",\"position\":1,\"name\":\"Accueil\",\"item\":\"https:\/\/exceladvisor.org\/de\/\"},{\"@type\":\"ListItem\",\"position\":2,\"name\":\"Excel-funktion: int\"}]},{\"@type\":\"WebSite\",\"@id\":\"https:\/\/exceladvisor.org\/de\/#website\",\"url\":\"https:\/\/exceladvisor.org\/de\/\",\"name\":\"Excel Advisor\",\"description\":\"Ihr Leitfaden zur Datendominanz\",\"publisher\":{\"@id\":\"https:\/\/exceladvisor.org\/de\/#organization\"},\"potentialAction\":[{\"@type\":\"SearchAction\",\"target\":{\"@type\":\"EntryPoint\",\"urlTemplate\":\"https:\/\/exceladvisor.org\/de\/?s={search_term_string}\"},\"query-input\":{\"@type\":\"PropertyValueSpecification\",\"valueRequired\":true,\"valueName\":\"search_term_string\"}}],\"inLanguage\":\"de\"},{\"@type\":\"Organization\",\"@id\":\"https:\/\/exceladvisor.org\/de\/#organization\",\"name\":\"Excel Advisor\",\"url\":\"https:\/\/exceladvisor.org\/de\/\",\"logo\":{\"@type\":\"ImageObject\",\"inLanguage\":\"de\",\"@id\":\"https:\/\/exceladvisor.org\/de\/#\/schema\/logo\/image\/\",\"url\":\"https:\/\/exceladvisor.org\/de\/wp-content\/uploads\/2023\/11\/exceladvisor.org_.png\",\"contentUrl\":\"https:\/\/exceladvisor.org\/de\/wp-content\/uploads\/2023\/11\/exceladvisor.org_.png\",\"width\":105,\"height\":36,\"caption\":\"Excel Advisor\"},\"image\":{\"@id\":\"https:\/\/exceladvisor.org\/de\/#\/schema\/logo\/image\/\"}}]}<\/script>\n<!-- \/ Yoast SEO plugin. -->","yoast_head_json":{"title":"INT (Excel-Funktion mit Beispiel + Beispieldatei)","description":"In diesem Tutorial erfahren Sie, wie Sie die INT-Funktion in Excel verwenden. Verstehen Sie die Funktion anhand eines leicht verst\u00e4ndlichen Beispiels.","robots":{"index":"index","follow":"follow","max-snippet":"max-snippet:-1","max-image-preview":"max-image-preview:large","max-video-preview":"max-video-preview:-1"},"canonical":"https:\/\/exceladvisor.org\/de\/ganzzahl-3\/","og_locale":"de_DE","og_type":"article","og_title":"INT (Excel-Funktion mit Beispiel + Beispieldatei)","og_description":"In diesem Tutorial erfahren Sie, wie Sie die INT-Funktion in Excel verwenden. Verstehen Sie die Funktion anhand eines leicht verst\u00e4ndlichen Beispiels.","og_url":"https:\/\/exceladvisor.org\/de\/ganzzahl-3\/","og_site_name":"Excel Advisor","article_modified_time":"2023-12-03T11:12:22+00:00","og_image":[{"url":"https:\/\/exceladvisor.org\/wp-content\/uploads\/2023\/08\/1-fonction-entiere.png","type":"","width":"","height":""}],"twitter_card":"summary_large_image","twitter_misc":{"Gesch\u00e4tzte Lesezeit":"1\u00a0Minute"},"schema":{"@context":"https:\/\/schema.org","@graph":[{"@type":"WebPage","@id":"https:\/\/exceladvisor.org\/de\/ganzzahl-3\/","url":"https:\/\/exceladvisor.org\/de\/ganzzahl-3\/","name":"INT (Excel-Funktion mit Beispiel + Beispieldatei)","isPartOf":{"@id":"https:\/\/exceladvisor.org\/de\/#website"},"primaryImageOfPage":{"@id":"https:\/\/exceladvisor.org\/de\/ganzzahl-3\/#primaryimage"},"image":{"@id":"https:\/\/exceladvisor.org\/de\/ganzzahl-3\/#primaryimage"},"thumbnailUrl":"https:\/\/exceladvisor.org\/wp-content\/uploads\/2023\/08\/1-fonction-entiere.png","datePublished":"2023-11-05T12:18:21+00:00","dateModified":"2023-12-03T11:12:22+00:00","description":"In diesem Tutorial erfahren Sie, wie Sie die INT-Funktion in Excel verwenden. Verstehen Sie die Funktion anhand eines leicht verst\u00e4ndlichen Beispiels.","breadcrumb":{"@id":"https:\/\/exceladvisor.org\/de\/ganzzahl-3\/#breadcrumb"},"inLanguage":"de","potentialAction":[{"@type":"ReadAction","target":["https:\/\/exceladvisor.org\/de\/ganzzahl-3\/"]}]},{"@type":"ImageObject","inLanguage":"de","@id":"https:\/\/exceladvisor.org\/de\/ganzzahl-3\/#primaryimage","url":"https:\/\/exceladvisor.org\/wp-content\/uploads\/2023\/08\/1-fonction-entiere.png","contentUrl":"https:\/\/exceladvisor.org\/wp-content\/uploads\/2023\/08\/1-fonction-entiere.png"},{"@type":"BreadcrumbList","@id":"https:\/\/exceladvisor.org\/de\/ganzzahl-3\/#breadcrumb","itemListElement":[{"@type":"ListItem","position":1,"name":"Accueil","item":"https:\/\/exceladvisor.org\/de\/"},{"@type":"ListItem","position":2,"name":"Excel-funktion: int"}]},{"@type":"WebSite","@id":"https:\/\/exceladvisor.org\/de\/#website","url":"https:\/\/exceladvisor.org\/de\/","name":"Excel Advisor","description":"Ihr Leitfaden zur Datendominanz","publisher":{"@id":"https:\/\/exceladvisor.org\/de\/#organization"},"potentialAction":[{"@type":"SearchAction","target":{"@type":"EntryPoint","urlTemplate":"https:\/\/exceladvisor.org\/de\/?s={search_term_string}"},"query-input":{"@type":"PropertyValueSpecification","valueRequired":true,"valueName":"search_term_string"}}],"inLanguage":"de"},{"@type":"Organization","@id":"https:\/\/exceladvisor.org\/de\/#organization","name":"Excel Advisor","url":"https:\/\/exceladvisor.org\/de\/","logo":{"@type":"ImageObject","inLanguage":"de","@id":"https:\/\/exceladvisor.org\/de\/#\/schema\/logo\/image\/","url":"https:\/\/exceladvisor.org\/de\/wp-content\/uploads\/2023\/11\/exceladvisor.org_.png","contentUrl":"https:\/\/exceladvisor.org\/de\/wp-content\/uploads\/2023\/11\/exceladvisor.org_.png","width":105,"height":36,"caption":"Excel Advisor"},"image":{"@id":"https:\/\/exceladvisor.org\/de\/#\/schema\/logo\/image\/"}}]}},"yoast_meta":{"yoast_wpseo_title":"","yoast_wpseo_metadesc":"","yoast_wpseo_canonical":""},"_links":{"self":[{"href":"https:\/\/exceladvisor.org\/de\/wp-json\/wp\/v2\/pages\/3270","targetHints":{"allow":["GET"]}}],"collection":[{"href":"https:\/\/exceladvisor.org\/de\/wp-json\/wp\/v2\/pages"}],"about":[{"href":"https:\/\/exceladvisor.org\/de\/wp-json\/wp\/v2\/types\/page"}],"author":[{"embeddable":true,"href":"https:\/\/exceladvisor.org\/de\/wp-json\/wp\/v2\/users\/1"}],"replies":[{"embeddable":true,"href":"https:\/\/exceladvisor.org\/de\/wp-json\/wp\/v2\/comments?post=3270"}],"version-history":[{"count":1,"href":"https:\/\/exceladvisor.org\/de\/wp-json\/wp\/v2\/pages\/3270\/revisions"}],"predecessor-version":[{"id":3752,"href":"https:\/\/exceladvisor.org\/de\/wp-json\/wp\/v2\/pages\/3270\/revisions\/3752"}],"wp:attachment":[{"href":"https:\/\/exceladvisor.org\/de\/wp-json\/wp\/v2\/media?parent=3270"}],"curies":[{"name":"wp","href":"https:\/\/api.w.org\/{rel}","templated":true}]}}