{"id":3271,"date":"2023-11-05T08:32:29","date_gmt":"2023-11-05T08:32:29","guid":{"rendered":"https:\/\/exceladvisor.org\/de\/runder-prozentsatz-2\/"},"modified":"2023-12-03T13:04:49","modified_gmt":"2023-12-03T13:04:49","slug":"runder-prozentsatz-2","status":"publish","type":"page","link":"https:\/\/exceladvisor.org\/de\/runder-prozentsatz-2\/","title":{"rendered":"Wie rundet man prozentwerte in excel?"},"content":{"rendered":"<div class=\"excel-vor-dem-inhalt\" id=\"excel-1411528716\"><script type=\"text\/javascript\">\r\n\tatOptions = {\r\n\t\t'key' : 'c1158f160081d6540a8409e6925dab94',\r\n\t\t'format' : 'iframe',\r\n\t\t'height' : 250,\r\n\t\t'width' : 300,\r\n\t\t'params' : {}\r\n\t};\r\n<\/script>\r\n<script type=\"text\/javascript\" src=\"\/\/www.highperformanceformat.com\/c1158f160081d6540a8409e6925dab94\/invoke.js\"><\/script><\/div> <p>Genau wie Zahlen k\u00f6nnen Sie Prozentwerte in Excel runden. Ein Prozentsatz ist eine als Prozentsatz formatierte Dezimalzahl. 100 % bedeutet einen numerischen Wert von 1. Zum Runden von Prozents\u00e4tzen k\u00f6nnen Sie die Funktionen RUNDEN, AUFRUNDEN und ABRUNDEN verwenden. In diesem Tutorial erfahren Sie, wie Sie hierf\u00fcr eine Formel schreiben.<\/p><h2 class=\"wp-block-heading\"> Runden Sie den Prozentsatz mit der ROUND-Funktion<\/h2><p> Das folgende Beispiel zeigt den Prozentwert von 30,49 % und 30,50 %. Wenn Sie nun die ROUND-Funktion und die 2 f\u00fcr num_digits verwenden, wird der erste Prozentwert auf 30 % und der zweite auf 31 % gerundet. <\/p><div class=\"wp-block-image\"><figure class=\"aligncenter size-full is-resized\"><img loading=\"lazy\" decoding=\"async\" class=\"wp-image-79909\" src=\"https:\/\/exceladvisor.org\/wp-content\/uploads\/2023\/08\/1-valeurs-rondes-en-pourcentage.png\" sizes=\"auto, \" srcset=\"\" alt=\"runde Werte in Prozent\" width=\"631\" height=\"274\"><\/figure><\/div><p> Im ersten Wert haben Sie .49 als Dezimalwert, weshalb auf 30 % gerundet wird. Und im zweiten Wert haben Sie .50 als Dezimalwert und es wird auf 31 % gerundet.<\/p><h2 class=\"wp-block-heading\"> Runden Sie den Prozentsatz auf eine Dezimalstelle<\/h2><p> Wenn Sie einen Prozentwert auf eine Dezimalstelle runden m\u00f6chten, sollten Sie eine Formel wie diese verwenden: <\/p><div class=\"wp-block-image\"><figure class=\"aligncenter size-full is-resized\"><img loading=\"lazy\" decoding=\"async\" class=\"wp-image-79910\" src=\"https:\/\/exceladvisor.org\/wp-content\/uploads\/2023\/08\/2-rond-pourcentage-a-une-decimale.png\" sizes=\"auto, \" srcset=\"\" alt=\"Runden Sie den Prozentsatz auf eine Dezimalstelle\" width=\"570\" height=\"321\"><\/figure><\/div><pre class=\"wp-block-code\"> <code class=\"language-excel-formula\" lang=\"excel-formula\">=ROUND(A1,3)<\/code><\/pre><p> In dieser Formel haben wir die 3 im Argument num_digit verwendet, wodurch Sie den Prozentsatz auf eine Dezimalstelle nach links runden k\u00f6nnen.<\/p><h2 class=\"wp-block-heading\"> Runden Sie den Prozentsatz<\/h2><p> Wenn Sie einen Prozentsatz runden m\u00f6chten, k\u00f6nnen Sie ROUNDDOWN verwenden. Genau wie im Beispiel unten, wo Sie den Prozentsatz 30,49 % haben. <\/p><div class=\"wp-block-image\"><figure class=\"aligncenter size-full is-resized\"><img loading=\"lazy\" decoding=\"async\" class=\"wp-image-79911\" src=\"https:\/\/exceladvisor.org\/wp-content\/uploads\/2023\/08\/3-arrondir-le-pourcentage-a-linferieur.png\" sizes=\"auto, \" srcset=\"\" alt=\"rund um den Prozentsatz\" width=\"662\" height=\"310\"><\/figure><\/div><pre class=\"wp-block-code\"> <code class=\"language-excel-formula\" lang=\"excel-formula\">=ROUNDDOWN(A1,2) =ROUNDDOWN(A2,3)<\/code><\/pre><p> In der ersten Formel haben Sie 30,49 % und wir haben 2 als num_digit zum Runden verwendet. Die Rendite betr\u00e4gt 30,00 %. Und in der zweiten Formel haben Sie 30,49 %, und wir haben 3 als num_digit zum Runden verwendet. Das Ergebnis ergibt 30,40 %.<\/p><h2 class=\"wp-block-heading\"> Runden Sie den Prozentsatz<\/h2><p> Ebenso k\u00f6nnen Sie ROUNDUP verwenden, um den Prozentsatz aufzurunden. <\/p><div class=\"wp-block-image\"><figure class=\"aligncenter size-full is-resized\"><img loading=\"lazy\" decoding=\"async\" class=\"wp-image-79912\" src=\"https:\/\/exceladvisor.org\/wp-content\/uploads\/2023\/08\/4-arrondir-le-pourcentage.png\" sizes=\"auto, \" srcset=\"\" alt=\"runden Sie den Prozentsatz ab\" width=\"660\" height=\"329\"><\/figure><\/div><pre class=\"wp-block-code\"> <code class=\"language-excel-formula\" lang=\"excel-formula\">=ROUNDUP(A6,2) =ROUNDUP(A7,3)<\/code><\/pre><h2 class=\"wp-block-heading\"> Entfernen Sie den Dezimalteil eines Prozentsatzes<\/h2><p> Es kann vorkommen, dass Sie die Dezimalstelle entfernen m\u00fcssen. Sie k\u00f6nnen sich hierf\u00fcr die folgende Formel ansehen: <\/p><div class=\"wp-block-image\"><figure class=\"aligncenter size-full is-resized\"><img loading=\"lazy\" decoding=\"async\" class=\"wp-image-79913\" src=\"https:\/\/exceladvisor.org\/wp-content\/uploads\/2023\/08\/5-supprimer-la-decimale-du-pourcentage.png\" sizes=\"auto, \" srcset=\"\" alt=\"Dezimalzahl aus Prozent entfernen\" width=\"576\" height=\"247\"><\/figure><\/div><pre class=\"wp-block-code\"> <code class=\"language-excel-formula\" lang=\"excel-formula\">=TEXT(A8,\"00%\")<\/code><\/pre><div class=\"gb-container gb-container-52dfcee1 gb-container-sample-file\"><h2 class=\"gb-headline gb-headline-e289c143 gb-headline-text gb-headline-4f7959c2\"> Holen Sie sich die Excel-Datei<\/h2> <a class=\"gb-button gb-button-e88d6bee gb-button-text gb-button-button1\" href=\"https:\/\/exceladvisor.org\/wp-content\/uploads\/2023\/11\/pourcentage-rond.xlsx\" rel=\"nofollow\">Herunterladen<\/a><\/div><div class=\"gb-container gb-container-0df56012 gb-container-mt\"> <a class=\"gb-button gb-button-f9f432f4 gb-button-text gb-button-mt-button\" href=\"https:\/\/exceladvisor.org\/de\/formeln\/\">Liste der Excel-Formeln<\/a><h2 class=\"gb-headline gb-headline-233444e8 gb-headline-text gb-headline-mt-heading\"> Verwandte Formeln <\/h2><div class=\"gb-grid-wrapper gb-grid-wrapper-a16fa65c gb-grid-wrapper-mt-grid\"><div class=\"gb-grid-column gb-grid-column-50d07e0d\"><div class=\"gb-container gb-container-50d07e0d\"><ul><li> <a href=\"https:\/\/exceladvisor.org\/de\/auf-die-nachste-5-runden\/\">Runden Sie in Excel auf die n\u00e4chste 0,5, 5,50 (unten-oben).<\/a><\/li><li> <a href=\"https:\/\/exceladvisor.org\/de\/auf-den-nachsten-tausender-runden\/\">Runden Sie eine Zahl in Excel auf die n\u00e4chste 1000<\/a> <\/li><\/ul><\/div><\/div><div class=\"gb-grid-column gb-grid-column-5b4a0cf9\"><div class=\"gb-container gb-container-5b4a0cf9\"><\/div><\/div><\/div><\/div>","protected":false},"excerpt":{"rendered":"","protected":false},"author":1,"featured_media":0,"parent":0,"menu_order":0,"comment_status":"open","ping_status":"closed","template":"","meta":{"ub_ctt_via":"","footnotes":""},"class_list":["post-3271","page","type-page","status-publish","hentry"],"featured_image_src":null,"yoast_head":"<!-- This site is optimized with the Yoast SEO plugin v25.4 - https:\/\/yoast.com\/wordpress\/plugins\/seo\/ -->\n<title>Wie rundet man Prozentwerte in Excel?<\/title>\n<meta name=\"description\" content=\"In diesem Tutorial erfahren Sie, wie Sie eine Excel-Formel schreiben, um Prozentwerte in einer Zelle zu runden. Lassen Sie uns das \u00fcberpr\u00fcfen ...\" \/>\n<meta name=\"robots\" content=\"index, follow, max-snippet:-1, max-image-preview:large, max-video-preview:-1\" \/>\n<link rel=\"canonical\" href=\"https:\/\/exceladvisor.org\/de\/runder-prozentsatz-2\/\" \/>\n<meta property=\"og:locale\" content=\"de_DE\" \/>\n<meta property=\"og:type\" content=\"article\" \/>\n<meta property=\"og:title\" content=\"Wie rundet man Prozentwerte in Excel?\" \/>\n<meta property=\"og:description\" content=\"In diesem Tutorial erfahren Sie, wie Sie eine Excel-Formel schreiben, um Prozentwerte in einer Zelle zu runden. Lassen Sie uns das \u00fcberpr\u00fcfen ...\" \/>\n<meta property=\"og:url\" content=\"https:\/\/exceladvisor.org\/de\/runder-prozentsatz-2\/\" \/>\n<meta property=\"og:site_name\" content=\"Excel Advisor\" \/>\n<meta property=\"article:modified_time\" content=\"2023-12-03T13:04:49+00:00\" \/>\n<meta property=\"og:image\" content=\"https:\/\/exceladvisor.org\/wp-content\/uploads\/2023\/08\/1-valeurs-rondes-en-pourcentage.png\" \/>\n<meta name=\"twitter:card\" content=\"summary_large_image\" \/>\n<meta name=\"twitter:label1\" content=\"Gesch\u00e4tzte Lesezeit\" \/>\n\t<meta name=\"twitter:data1\" content=\"2\u00a0Minuten\" \/>\n<script type=\"application\/ld+json\" class=\"yoast-schema-graph\">{\"@context\":\"https:\/\/schema.org\",\"@graph\":[{\"@type\":\"WebPage\",\"@id\":\"https:\/\/exceladvisor.org\/de\/runder-prozentsatz-2\/\",\"url\":\"https:\/\/exceladvisor.org\/de\/runder-prozentsatz-2\/\",\"name\":\"Wie rundet man Prozentwerte in Excel?\",\"isPartOf\":{\"@id\":\"https:\/\/exceladvisor.org\/de\/#website\"},\"primaryImageOfPage\":{\"@id\":\"https:\/\/exceladvisor.org\/de\/runder-prozentsatz-2\/#primaryimage\"},\"image\":{\"@id\":\"https:\/\/exceladvisor.org\/de\/runder-prozentsatz-2\/#primaryimage\"},\"thumbnailUrl\":\"https:\/\/exceladvisor.org\/wp-content\/uploads\/2023\/08\/1-valeurs-rondes-en-pourcentage.png\",\"datePublished\":\"2023-11-05T08:32:29+00:00\",\"dateModified\":\"2023-12-03T13:04:49+00:00\",\"description\":\"In diesem Tutorial erfahren Sie, wie Sie eine Excel-Formel schreiben, um Prozentwerte in einer Zelle zu runden. Lassen Sie uns das \u00fcberpr\u00fcfen ...\",\"breadcrumb\":{\"@id\":\"https:\/\/exceladvisor.org\/de\/runder-prozentsatz-2\/#breadcrumb\"},\"inLanguage\":\"de\",\"potentialAction\":[{\"@type\":\"ReadAction\",\"target\":[\"https:\/\/exceladvisor.org\/de\/runder-prozentsatz-2\/\"]}]},{\"@type\":\"ImageObject\",\"inLanguage\":\"de\",\"@id\":\"https:\/\/exceladvisor.org\/de\/runder-prozentsatz-2\/#primaryimage\",\"url\":\"https:\/\/exceladvisor.org\/wp-content\/uploads\/2023\/08\/1-valeurs-rondes-en-pourcentage.png\",\"contentUrl\":\"https:\/\/exceladvisor.org\/wp-content\/uploads\/2023\/08\/1-valeurs-rondes-en-pourcentage.png\"},{\"@type\":\"BreadcrumbList\",\"@id\":\"https:\/\/exceladvisor.org\/de\/runder-prozentsatz-2\/#breadcrumb\",\"itemListElement\":[{\"@type\":\"ListItem\",\"position\":1,\"name\":\"Accueil\",\"item\":\"https:\/\/exceladvisor.org\/de\/\"},{\"@type\":\"ListItem\",\"position\":2,\"name\":\"Wie rundet man prozentwerte in excel?\"}]},{\"@type\":\"WebSite\",\"@id\":\"https:\/\/exceladvisor.org\/de\/#website\",\"url\":\"https:\/\/exceladvisor.org\/de\/\",\"name\":\"Excel Advisor\",\"description\":\"Ihr Leitfaden zur Datendominanz\",\"publisher\":{\"@id\":\"https:\/\/exceladvisor.org\/de\/#organization\"},\"potentialAction\":[{\"@type\":\"SearchAction\",\"target\":{\"@type\":\"EntryPoint\",\"urlTemplate\":\"https:\/\/exceladvisor.org\/de\/?s={search_term_string}\"},\"query-input\":{\"@type\":\"PropertyValueSpecification\",\"valueRequired\":true,\"valueName\":\"search_term_string\"}}],\"inLanguage\":\"de\"},{\"@type\":\"Organization\",\"@id\":\"https:\/\/exceladvisor.org\/de\/#organization\",\"name\":\"Excel Advisor\",\"url\":\"https:\/\/exceladvisor.org\/de\/\",\"logo\":{\"@type\":\"ImageObject\",\"inLanguage\":\"de\",\"@id\":\"https:\/\/exceladvisor.org\/de\/#\/schema\/logo\/image\/\",\"url\":\"https:\/\/exceladvisor.org\/de\/wp-content\/uploads\/2023\/11\/exceladvisor.org_.png\",\"contentUrl\":\"https:\/\/exceladvisor.org\/de\/wp-content\/uploads\/2023\/11\/exceladvisor.org_.png\",\"width\":105,\"height\":36,\"caption\":\"Excel Advisor\"},\"image\":{\"@id\":\"https:\/\/exceladvisor.org\/de\/#\/schema\/logo\/image\/\"}}]}<\/script>\n<!-- \/ Yoast SEO plugin. -->","yoast_head_json":{"title":"Wie rundet man Prozentwerte in Excel?","description":"In diesem Tutorial erfahren Sie, wie Sie eine Excel-Formel schreiben, um Prozentwerte in einer Zelle zu runden. Lassen Sie uns das \u00fcberpr\u00fcfen ...","robots":{"index":"index","follow":"follow","max-snippet":"max-snippet:-1","max-image-preview":"max-image-preview:large","max-video-preview":"max-video-preview:-1"},"canonical":"https:\/\/exceladvisor.org\/de\/runder-prozentsatz-2\/","og_locale":"de_DE","og_type":"article","og_title":"Wie rundet man Prozentwerte in Excel?","og_description":"In diesem Tutorial erfahren Sie, wie Sie eine Excel-Formel schreiben, um Prozentwerte in einer Zelle zu runden. Lassen Sie uns das \u00fcberpr\u00fcfen ...","og_url":"https:\/\/exceladvisor.org\/de\/runder-prozentsatz-2\/","og_site_name":"Excel Advisor","article_modified_time":"2023-12-03T13:04:49+00:00","og_image":[{"url":"https:\/\/exceladvisor.org\/wp-content\/uploads\/2023\/08\/1-valeurs-rondes-en-pourcentage.png","type":"","width":"","height":""}],"twitter_card":"summary_large_image","twitter_misc":{"Gesch\u00e4tzte Lesezeit":"2\u00a0Minuten"},"schema":{"@context":"https:\/\/schema.org","@graph":[{"@type":"WebPage","@id":"https:\/\/exceladvisor.org\/de\/runder-prozentsatz-2\/","url":"https:\/\/exceladvisor.org\/de\/runder-prozentsatz-2\/","name":"Wie rundet man Prozentwerte in Excel?","isPartOf":{"@id":"https:\/\/exceladvisor.org\/de\/#website"},"primaryImageOfPage":{"@id":"https:\/\/exceladvisor.org\/de\/runder-prozentsatz-2\/#primaryimage"},"image":{"@id":"https:\/\/exceladvisor.org\/de\/runder-prozentsatz-2\/#primaryimage"},"thumbnailUrl":"https:\/\/exceladvisor.org\/wp-content\/uploads\/2023\/08\/1-valeurs-rondes-en-pourcentage.png","datePublished":"2023-11-05T08:32:29+00:00","dateModified":"2023-12-03T13:04:49+00:00","description":"In diesem Tutorial erfahren Sie, wie Sie eine Excel-Formel schreiben, um Prozentwerte in einer Zelle zu runden. Lassen Sie uns das \u00fcberpr\u00fcfen ...","breadcrumb":{"@id":"https:\/\/exceladvisor.org\/de\/runder-prozentsatz-2\/#breadcrumb"},"inLanguage":"de","potentialAction":[{"@type":"ReadAction","target":["https:\/\/exceladvisor.org\/de\/runder-prozentsatz-2\/"]}]},{"@type":"ImageObject","inLanguage":"de","@id":"https:\/\/exceladvisor.org\/de\/runder-prozentsatz-2\/#primaryimage","url":"https:\/\/exceladvisor.org\/wp-content\/uploads\/2023\/08\/1-valeurs-rondes-en-pourcentage.png","contentUrl":"https:\/\/exceladvisor.org\/wp-content\/uploads\/2023\/08\/1-valeurs-rondes-en-pourcentage.png"},{"@type":"BreadcrumbList","@id":"https:\/\/exceladvisor.org\/de\/runder-prozentsatz-2\/#breadcrumb","itemListElement":[{"@type":"ListItem","position":1,"name":"Accueil","item":"https:\/\/exceladvisor.org\/de\/"},{"@type":"ListItem","position":2,"name":"Wie rundet man prozentwerte in excel?"}]},{"@type":"WebSite","@id":"https:\/\/exceladvisor.org\/de\/#website","url":"https:\/\/exceladvisor.org\/de\/","name":"Excel Advisor","description":"Ihr Leitfaden zur Datendominanz","publisher":{"@id":"https:\/\/exceladvisor.org\/de\/#organization"},"potentialAction":[{"@type":"SearchAction","target":{"@type":"EntryPoint","urlTemplate":"https:\/\/exceladvisor.org\/de\/?s={search_term_string}"},"query-input":{"@type":"PropertyValueSpecification","valueRequired":true,"valueName":"search_term_string"}}],"inLanguage":"de"},{"@type":"Organization","@id":"https:\/\/exceladvisor.org\/de\/#organization","name":"Excel Advisor","url":"https:\/\/exceladvisor.org\/de\/","logo":{"@type":"ImageObject","inLanguage":"de","@id":"https:\/\/exceladvisor.org\/de\/#\/schema\/logo\/image\/","url":"https:\/\/exceladvisor.org\/de\/wp-content\/uploads\/2023\/11\/exceladvisor.org_.png","contentUrl":"https:\/\/exceladvisor.org\/de\/wp-content\/uploads\/2023\/11\/exceladvisor.org_.png","width":105,"height":36,"caption":"Excel Advisor"},"image":{"@id":"https:\/\/exceladvisor.org\/de\/#\/schema\/logo\/image\/"}}]}},"yoast_meta":{"yoast_wpseo_title":"","yoast_wpseo_metadesc":"","yoast_wpseo_canonical":""},"_links":{"self":[{"href":"https:\/\/exceladvisor.org\/de\/wp-json\/wp\/v2\/pages\/3271","targetHints":{"allow":["GET"]}}],"collection":[{"href":"https:\/\/exceladvisor.org\/de\/wp-json\/wp\/v2\/pages"}],"about":[{"href":"https:\/\/exceladvisor.org\/de\/wp-json\/wp\/v2\/types\/page"}],"author":[{"embeddable":true,"href":"https:\/\/exceladvisor.org\/de\/wp-json\/wp\/v2\/users\/1"}],"replies":[{"embeddable":true,"href":"https:\/\/exceladvisor.org\/de\/wp-json\/wp\/v2\/comments?post=3271"}],"version-history":[{"count":1,"href":"https:\/\/exceladvisor.org\/de\/wp-json\/wp\/v2\/pages\/3271\/revisions"}],"predecessor-version":[{"id":4179,"href":"https:\/\/exceladvisor.org\/de\/wp-json\/wp\/v2\/pages\/3271\/revisions\/4179"}],"wp:attachment":[{"href":"https:\/\/exceladvisor.org\/de\/wp-json\/wp\/v2\/media?parent=3271"}],"curies":[{"name":"wp","href":"https:\/\/api.w.org\/{rel}","templated":true}]}}