{"id":3272,"date":"2023-11-05T07:34:37","date_gmt":"2023-11-05T07:34:37","guid":{"rendered":"https:\/\/exceladvisor.org\/de\/zeilenumbruch-2-entfernen\/"},"modified":"2023-12-03T13:06:16","modified_gmt":"2023-12-03T13:06:16","slug":"zeilenumbruch-2-entfernen","status":"publish","type":"page","link":"https:\/\/exceladvisor.org\/de\/zeilenumbruch-2-entfernen\/","title":{"rendered":"Zeilenumbruch aus einer zelle in excel entfernen?"},"content":{"rendered":"<div class=\"excel-vor-dem-inhalt\" id=\"excel-1656235677\"><script type=\"text\/javascript\">\r\n\tatOptions = {\r\n\t\t'key' : 'c1158f160081d6540a8409e6925dab94',\r\n\t\t'format' : 'iframe',\r\n\t\t'height' : 250,\r\n\t\t'width' : 300,\r\n\t\t'params' : {}\r\n\t};\r\n<\/script>\r\n<script type=\"text\/javascript\" src=\"\/\/www.highperformanceformat.com\/c1158f160081d6540a8409e6925dab94\/invoke.js\"><\/script><\/div> <p>Um eine Formel zum Entfernen von Zeilenumbr\u00fcchen aus einer Zelle zu erstellen, m\u00fcssen Sie zwei Funktionen kombinieren: SUBSTITUTE und CHAR. SUBSTITUTE hilft Ihnen, einen bestimmten Wert einer Zelle zu ersetzen, und CHAR hilft Ihnen, bestimmte Zeichen mithilfe eines Codes abzurufen. Mit CHAR greifen wir auf das Zeilenumbruchzeichen zur\u00fcck und ersetzen es mit SUBSTITUTE durch ein Leerzeichen oder einen leeren Wert. <\/p><div class=\"wp-block-image\"><figure class=\"aligncenter size-full is-resized\"><img loading=\"lazy\" decoding=\"async\" class=\"wp-image-79435\" src=\"https:\/\/exceladvisor.org\/wp-content\/uploads\/2023\/08\/1-supprimer-la-rupture-de-lien-de-la-cellule.png\" sizes=\"auto, \" srcset=\"\" alt=\"delete-link-break-cell\" width=\"648\" height=\"366\"><\/figure><\/div><p> In diesem Tutorial erfahren Sie, wie Sie eine Formel schreiben, um einen Zeilenumbruch aus einer Zelle zu entfernen.<\/p><h2 class=\"wp-block-heading\"> Formel zum Entfernen von Zeilenumbr\u00fcchen aus einem Wert<\/h2><p> Sie k\u00f6nnen die folgenden Schritte ausf\u00fchren:<\/p><ol type=\"1\"><li> Geben Sie zun\u00e4chst die REPLACE-Funktion in eine Zelle ein.<\/li><li> Verweisen Sie anschlie\u00dfend im ersten Argument mit dem Zeilenumbruch auf die Zelle, in der sich der Wert befindet.<\/li><li> Geben Sie dann im zweiten Argument die CHAR-Funktion ein, und geben Sie in der CHAR-Funktion (10) ein, schlie\u00dfen Sie die Funktion,<\/li><li> Geben Sie nun im dritten Argument ein Leerzeichen oder ein Leerzeichen ein.<\/li><li> Geben Sie am Ende die schlie\u00dfenden Klammern ein und dr\u00fccken Sie die Eingabetaste, um das Ergebnis zu erhalten. <\/li><\/ol><div class=\"wp-block-image\"><figure class=\"aligncenter size-full is-resized\"><img loading=\"lazy\" decoding=\"async\" class=\"wp-image-79436\" src=\"https:\/\/exceladvisor.org\/wp-content\/uploads\/2023\/08\/2-formule-pour-supprimer-le-saut-de-ligne.png\" sizes=\"auto, \" srcset=\"\" alt=\"Formel zum Entfernen eines Zeilenumbruchs\" width=\"657\" height=\"357\"><\/figure><\/div><pre class=\"wp-block-code\"> <code class=\"language-excel-formula\" lang=\"excel-formula\">=SUBSTITUTE(A2,CHAR(10),\"\") =SUBSTITUTE(A2,CHAR(10),\" \")<\/code><\/pre><h2 class=\"wp-block-heading\"> Wie funktioniert diese Formel?<\/h2><p> Wenn Sie die CHAR-Funktion verwenden und Code 10 eingeben, wird im Ergebnis das Zeilenumbruchzeichen zur\u00fcckgegeben. <\/p><div class=\"wp-block-image\"><figure class=\"aligncenter size-full is-resized\"><img loading=\"lazy\" decoding=\"async\" class=\"wp-image-79437\" src=\"https:\/\/exceladvisor.org\/wp-content\/uploads\/2023\/08\/3-comprendre-la-formule-2.png\" sizes=\"auto, \" srcset=\"\" alt=\"Verstehe-die-Formel\" width=\"373\" height=\"194\"><\/figure><\/div><p> Und Sie haben es im Argument old_text der SUBSTITUTE-Funktion verwendet, was bedeutet, dass dies der alte Text ist, den Sie ersetzen m\u00f6chten. Und im new_text haben Sie ein Leerzeichen oder einen leeren Wert. Das bedeutet, dass Sie einen Zeilenumbruch in der Zelle durch einen neuen Wert ersetzen oder entfernen m\u00f6chten. <\/p><div class=\"wp-block-image\"><figure class=\"aligncenter size-full is-resized\"><img loading=\"lazy\" decoding=\"async\" class=\"wp-image-79438\" src=\"https:\/\/exceladvisor.org\/wp-content\/uploads\/2023\/08\/4-fonction-de-remplacement-et-de-caractere.png\" sizes=\"auto, \" srcset=\"\" alt=\"Substitution und Zeichenfunktion\" width=\"432\" height=\"175\"><\/figure><\/div><h2 class=\"wp-block-heading\"> Eine andere M\u00f6glichkeit, die Sie nutzen k\u00f6nnen<\/h2><p> Wenn Sie einen Zeilenumbruch auf eine Zelle anwenden, m\u00fcssen Sie bei diesem Wert Text auf die Zeile anwenden . Wenn Sie den Zeilenumbruch aus der Zelle entfernen m\u00f6chten, k\u00f6nnen Sie die Option \u201eText in Zeile\u201c entfernen. <\/p><div class=\"wp-block-image\"><figure class=\"aligncenter size-full is-resized\"><img loading=\"lazy\" decoding=\"async\" class=\"wp-image-79439\" src=\"https:\/\/exceladvisor.org\/wp-content\/uploads\/2023\/08\/5-appliquer-le-texte-dhabillage.png\" sizes=\"auto, \" srcset=\"\" alt=\"Apply-Wrap-Text\" width=\"609\" height=\"409\"><\/figure><\/div><div class=\"gb-container gb-container-52dfcee1 gb-container-sample-file\"><h2 class=\"gb-headline gb-headline-e289c143 gb-headline-text gb-headline-4f7959c2\"> Holen Sie sich die Excel-Datei<\/h2><p> <a class=\"gb-button gb-button-e88d6bee gb-button-text gb-button-button1\" href=\"https:\/\/exceladvisor.org\/wp-content\/uploads\/2023\/08\/supprimer-le-saut-de-ligne.xlsx\" rel=\"nofollow\">Herunterladen<\/a><\/p><\/div><div class=\"gb-container gb-container-4db6181c gb-container-mt\"> <a class=\"gb-button gb-button-c5897111 gb-button-text gb-button-mt-button\" href=\"https:\/\/exceladvisor.org\/de\/vba\/\">Was ist VBA<\/a><h2 class=\"gb-headline gb-headline-665e5f6b gb-headline-text gb-headline-mt-heading\"> Verwandte Tutorials <\/h2><div class=\"gb-grid-wrapper gb-grid-wrapper-a20baf7c gb-grid-wrapper-mt-grid\"><div class=\"gb-grid-column gb-grid-column-65ddf67e\"><div class=\"gb-container gb-container-65ddf67e\"><ul><li> <a href=\"https:\/\/exceladvisor.org\/de\/klammern-entfernen-2\/\">Klammern in Excel entfernen (Klammern)<\/a><\/li><li> <a href=\"https:\/\/exceladvisor.org\/de\/letztes-zeichen-loschen-2\/\">Entfernen Sie das letzte Zeichen aus einer Zeichenfolge<\/a><\/li><li> <a href=\"https:\/\/exceladvisor.org\/de\/entfernen-sie-unerwunschte-zeichen\/\">Entfernen Sie unerw\u00fcnschte Zeichen<\/a><\/li><li> <a href=\"https:\/\/exceladvisor.org\/de\/text-mit-einem-leerzeichen-teilen\/\">Teilen Sie Text mit einem Leerzeichen dazwischen<\/a><\/li><li> <a href=\"https:\/\/exceladvisor.org\/de\/kommas-entfernen-2\/\">Kommas entfernen<\/a> <\/li><\/ul><\/div><\/div><div class=\"gb-grid-column gb-grid-column-50067b57\"><div class=\"gb-container gb-container-50067b57\"><\/div><\/div><\/div><\/div>","protected":false},"excerpt":{"rendered":"","protected":false},"author":1,"featured_media":0,"parent":0,"menu_order":0,"comment_status":"open","ping_status":"closed","template":"","meta":{"ub_ctt_via":"","footnotes":""},"class_list":["post-3272","page","type-page","status-publish","hentry"],"featured_image_src":null,"yoast_head":"<!-- This site is optimized with the Yoast SEO plugin v25.4 - https:\/\/yoast.com\/wordpress\/plugins\/seo\/ -->\n<title>\u25b7 Zeilenumbruch aus einer Zelle in Excel entfernen?<\/title>\n<meta name=\"description\" content=\"In diesem Tutorial erfahren Sie, wie Sie eine Excel-Formel schreiben, um den Zeilenumbruch aus einer Zelle zu entfernen. Lassen Sie uns das \u00fcberpr\u00fcfen ...\" \/>\n<meta name=\"robots\" content=\"index, follow, max-snippet:-1, max-image-preview:large, max-video-preview:-1\" \/>\n<link rel=\"canonical\" href=\"https:\/\/exceladvisor.org\/de\/zeilenumbruch-2-entfernen\/\" \/>\n<meta property=\"og:locale\" content=\"de_DE\" \/>\n<meta property=\"og:type\" content=\"article\" \/>\n<meta property=\"og:title\" content=\"\u25b7 Zeilenumbruch aus einer Zelle in Excel entfernen?\" \/>\n<meta property=\"og:description\" content=\"In diesem Tutorial erfahren Sie, wie Sie eine Excel-Formel schreiben, um den Zeilenumbruch aus einer Zelle zu entfernen. Lassen Sie uns das \u00fcberpr\u00fcfen ...\" \/>\n<meta property=\"og:url\" content=\"https:\/\/exceladvisor.org\/de\/zeilenumbruch-2-entfernen\/\" \/>\n<meta property=\"og:site_name\" content=\"Excel Advisor\" \/>\n<meta property=\"article:modified_time\" content=\"2023-12-03T13:06:16+00:00\" \/>\n<meta property=\"og:image\" content=\"https:\/\/exceladvisor.org\/wp-content\/uploads\/2023\/08\/1-supprimer-la-rupture-de-lien-de-la-cellule.png\" \/>\n<meta name=\"twitter:card\" content=\"summary_large_image\" \/>\n<meta name=\"twitter:label1\" content=\"Gesch\u00e4tzte Lesezeit\" \/>\n\t<meta name=\"twitter:data1\" content=\"2\u00a0Minuten\" \/>\n<script type=\"application\/ld+json\" class=\"yoast-schema-graph\">{\"@context\":\"https:\/\/schema.org\",\"@graph\":[{\"@type\":\"WebPage\",\"@id\":\"https:\/\/exceladvisor.org\/de\/zeilenumbruch-2-entfernen\/\",\"url\":\"https:\/\/exceladvisor.org\/de\/zeilenumbruch-2-entfernen\/\",\"name\":\"\u25b7 Zeilenumbruch aus einer Zelle in Excel entfernen?\",\"isPartOf\":{\"@id\":\"https:\/\/exceladvisor.org\/de\/#website\"},\"primaryImageOfPage\":{\"@id\":\"https:\/\/exceladvisor.org\/de\/zeilenumbruch-2-entfernen\/#primaryimage\"},\"image\":{\"@id\":\"https:\/\/exceladvisor.org\/de\/zeilenumbruch-2-entfernen\/#primaryimage\"},\"thumbnailUrl\":\"https:\/\/exceladvisor.org\/wp-content\/uploads\/2023\/08\/1-supprimer-la-rupture-de-lien-de-la-cellule.png\",\"datePublished\":\"2023-11-05T07:34:37+00:00\",\"dateModified\":\"2023-12-03T13:06:16+00:00\",\"description\":\"In diesem Tutorial erfahren Sie, wie Sie eine Excel-Formel schreiben, um den Zeilenumbruch aus einer Zelle zu entfernen. Lassen Sie uns das \u00fcberpr\u00fcfen ...\",\"breadcrumb\":{\"@id\":\"https:\/\/exceladvisor.org\/de\/zeilenumbruch-2-entfernen\/#breadcrumb\"},\"inLanguage\":\"de\",\"potentialAction\":[{\"@type\":\"ReadAction\",\"target\":[\"https:\/\/exceladvisor.org\/de\/zeilenumbruch-2-entfernen\/\"]}]},{\"@type\":\"ImageObject\",\"inLanguage\":\"de\",\"@id\":\"https:\/\/exceladvisor.org\/de\/zeilenumbruch-2-entfernen\/#primaryimage\",\"url\":\"https:\/\/exceladvisor.org\/wp-content\/uploads\/2023\/08\/1-supprimer-la-rupture-de-lien-de-la-cellule.png\",\"contentUrl\":\"https:\/\/exceladvisor.org\/wp-content\/uploads\/2023\/08\/1-supprimer-la-rupture-de-lien-de-la-cellule.png\"},{\"@type\":\"BreadcrumbList\",\"@id\":\"https:\/\/exceladvisor.org\/de\/zeilenumbruch-2-entfernen\/#breadcrumb\",\"itemListElement\":[{\"@type\":\"ListItem\",\"position\":1,\"name\":\"Accueil\",\"item\":\"https:\/\/exceladvisor.org\/de\/\"},{\"@type\":\"ListItem\",\"position\":2,\"name\":\"Zeilenumbruch aus einer zelle in excel entfernen?\"}]},{\"@type\":\"WebSite\",\"@id\":\"https:\/\/exceladvisor.org\/de\/#website\",\"url\":\"https:\/\/exceladvisor.org\/de\/\",\"name\":\"Excel Advisor\",\"description\":\"Ihr Leitfaden zur Datendominanz\",\"publisher\":{\"@id\":\"https:\/\/exceladvisor.org\/de\/#organization\"},\"potentialAction\":[{\"@type\":\"SearchAction\",\"target\":{\"@type\":\"EntryPoint\",\"urlTemplate\":\"https:\/\/exceladvisor.org\/de\/?s={search_term_string}\"},\"query-input\":{\"@type\":\"PropertyValueSpecification\",\"valueRequired\":true,\"valueName\":\"search_term_string\"}}],\"inLanguage\":\"de\"},{\"@type\":\"Organization\",\"@id\":\"https:\/\/exceladvisor.org\/de\/#organization\",\"name\":\"Excel Advisor\",\"url\":\"https:\/\/exceladvisor.org\/de\/\",\"logo\":{\"@type\":\"ImageObject\",\"inLanguage\":\"de\",\"@id\":\"https:\/\/exceladvisor.org\/de\/#\/schema\/logo\/image\/\",\"url\":\"https:\/\/exceladvisor.org\/de\/wp-content\/uploads\/2023\/11\/exceladvisor.org_.png\",\"contentUrl\":\"https:\/\/exceladvisor.org\/de\/wp-content\/uploads\/2023\/11\/exceladvisor.org_.png\",\"width\":105,\"height\":36,\"caption\":\"Excel Advisor\"},\"image\":{\"@id\":\"https:\/\/exceladvisor.org\/de\/#\/schema\/logo\/image\/\"}}]}<\/script>\n<!-- \/ Yoast SEO plugin. -->","yoast_head_json":{"title":"\u25b7 Zeilenumbruch aus einer Zelle in Excel entfernen?","description":"In diesem Tutorial erfahren Sie, wie Sie eine Excel-Formel schreiben, um den Zeilenumbruch aus einer Zelle zu entfernen. Lassen Sie uns das \u00fcberpr\u00fcfen ...","robots":{"index":"index","follow":"follow","max-snippet":"max-snippet:-1","max-image-preview":"max-image-preview:large","max-video-preview":"max-video-preview:-1"},"canonical":"https:\/\/exceladvisor.org\/de\/zeilenumbruch-2-entfernen\/","og_locale":"de_DE","og_type":"article","og_title":"\u25b7 Zeilenumbruch aus einer Zelle in Excel entfernen?","og_description":"In diesem Tutorial erfahren Sie, wie Sie eine Excel-Formel schreiben, um den Zeilenumbruch aus einer Zelle zu entfernen. Lassen Sie uns das \u00fcberpr\u00fcfen ...","og_url":"https:\/\/exceladvisor.org\/de\/zeilenumbruch-2-entfernen\/","og_site_name":"Excel Advisor","article_modified_time":"2023-12-03T13:06:16+00:00","og_image":[{"url":"https:\/\/exceladvisor.org\/wp-content\/uploads\/2023\/08\/1-supprimer-la-rupture-de-lien-de-la-cellule.png","type":"","width":"","height":""}],"twitter_card":"summary_large_image","twitter_misc":{"Gesch\u00e4tzte Lesezeit":"2\u00a0Minuten"},"schema":{"@context":"https:\/\/schema.org","@graph":[{"@type":"WebPage","@id":"https:\/\/exceladvisor.org\/de\/zeilenumbruch-2-entfernen\/","url":"https:\/\/exceladvisor.org\/de\/zeilenumbruch-2-entfernen\/","name":"\u25b7 Zeilenumbruch aus einer Zelle in Excel entfernen?","isPartOf":{"@id":"https:\/\/exceladvisor.org\/de\/#website"},"primaryImageOfPage":{"@id":"https:\/\/exceladvisor.org\/de\/zeilenumbruch-2-entfernen\/#primaryimage"},"image":{"@id":"https:\/\/exceladvisor.org\/de\/zeilenumbruch-2-entfernen\/#primaryimage"},"thumbnailUrl":"https:\/\/exceladvisor.org\/wp-content\/uploads\/2023\/08\/1-supprimer-la-rupture-de-lien-de-la-cellule.png","datePublished":"2023-11-05T07:34:37+00:00","dateModified":"2023-12-03T13:06:16+00:00","description":"In diesem Tutorial erfahren Sie, wie Sie eine Excel-Formel schreiben, um den Zeilenumbruch aus einer Zelle zu entfernen. Lassen Sie uns das \u00fcberpr\u00fcfen ...","breadcrumb":{"@id":"https:\/\/exceladvisor.org\/de\/zeilenumbruch-2-entfernen\/#breadcrumb"},"inLanguage":"de","potentialAction":[{"@type":"ReadAction","target":["https:\/\/exceladvisor.org\/de\/zeilenumbruch-2-entfernen\/"]}]},{"@type":"ImageObject","inLanguage":"de","@id":"https:\/\/exceladvisor.org\/de\/zeilenumbruch-2-entfernen\/#primaryimage","url":"https:\/\/exceladvisor.org\/wp-content\/uploads\/2023\/08\/1-supprimer-la-rupture-de-lien-de-la-cellule.png","contentUrl":"https:\/\/exceladvisor.org\/wp-content\/uploads\/2023\/08\/1-supprimer-la-rupture-de-lien-de-la-cellule.png"},{"@type":"BreadcrumbList","@id":"https:\/\/exceladvisor.org\/de\/zeilenumbruch-2-entfernen\/#breadcrumb","itemListElement":[{"@type":"ListItem","position":1,"name":"Accueil","item":"https:\/\/exceladvisor.org\/de\/"},{"@type":"ListItem","position":2,"name":"Zeilenumbruch aus einer zelle in excel entfernen?"}]},{"@type":"WebSite","@id":"https:\/\/exceladvisor.org\/de\/#website","url":"https:\/\/exceladvisor.org\/de\/","name":"Excel Advisor","description":"Ihr Leitfaden zur Datendominanz","publisher":{"@id":"https:\/\/exceladvisor.org\/de\/#organization"},"potentialAction":[{"@type":"SearchAction","target":{"@type":"EntryPoint","urlTemplate":"https:\/\/exceladvisor.org\/de\/?s={search_term_string}"},"query-input":{"@type":"PropertyValueSpecification","valueRequired":true,"valueName":"search_term_string"}}],"inLanguage":"de"},{"@type":"Organization","@id":"https:\/\/exceladvisor.org\/de\/#organization","name":"Excel Advisor","url":"https:\/\/exceladvisor.org\/de\/","logo":{"@type":"ImageObject","inLanguage":"de","@id":"https:\/\/exceladvisor.org\/de\/#\/schema\/logo\/image\/","url":"https:\/\/exceladvisor.org\/de\/wp-content\/uploads\/2023\/11\/exceladvisor.org_.png","contentUrl":"https:\/\/exceladvisor.org\/de\/wp-content\/uploads\/2023\/11\/exceladvisor.org_.png","width":105,"height":36,"caption":"Excel Advisor"},"image":{"@id":"https:\/\/exceladvisor.org\/de\/#\/schema\/logo\/image\/"}}]}},"yoast_meta":{"yoast_wpseo_title":"","yoast_wpseo_metadesc":"","yoast_wpseo_canonical":""},"_links":{"self":[{"href":"https:\/\/exceladvisor.org\/de\/wp-json\/wp\/v2\/pages\/3272","targetHints":{"allow":["GET"]}}],"collection":[{"href":"https:\/\/exceladvisor.org\/de\/wp-json\/wp\/v2\/pages"}],"about":[{"href":"https:\/\/exceladvisor.org\/de\/wp-json\/wp\/v2\/types\/page"}],"author":[{"embeddable":true,"href":"https:\/\/exceladvisor.org\/de\/wp-json\/wp\/v2\/users\/1"}],"replies":[{"embeddable":true,"href":"https:\/\/exceladvisor.org\/de\/wp-json\/wp\/v2\/comments?post=3272"}],"version-history":[{"count":1,"href":"https:\/\/exceladvisor.org\/de\/wp-json\/wp\/v2\/pages\/3272\/revisions"}],"predecessor-version":[{"id":4444,"href":"https:\/\/exceladvisor.org\/de\/wp-json\/wp\/v2\/pages\/3272\/revisions\/4444"}],"wp:attachment":[{"href":"https:\/\/exceladvisor.org\/de\/wp-json\/wp\/v2\/media?parent=3272"}],"curies":[{"name":"wp","href":"https:\/\/api.w.org\/{rel}","templated":true}]}}