{"id":3273,"date":"2023-11-05T07:22:56","date_gmt":"2023-11-05T07:22:56","guid":{"rendered":"https:\/\/exceladvisor.org\/de\/finden-sie-die-adresse-von-zelle-2\/"},"modified":"2023-12-03T13:06:18","modified_gmt":"2023-12-03T13:06:18","slug":"finden-sie-die-adresse-von-zelle-2","status":"publish","type":"page","link":"https:\/\/exceladvisor.org\/de\/finden-sie-die-adresse-von-zelle-2\/","title":{"rendered":"Zelladresse statt wert finden"},"content":{"rendered":"<div class=\"excel-vor-dem-inhalt\" id=\"excel-1628193566\"><script type=\"text\/javascript\">\r\n\tatOptions = {\r\n\t\t'key' : 'c1158f160081d6540a8409e6925dab94',\r\n\t\t'format' : 'iframe',\r\n\t\t'height' : 250,\r\n\t\t'width' : 300,\r\n\t\t'params' : {}\r\n\t};\r\n<\/script>\r\n<script type=\"text\/javascript\" src=\"\/\/www.highperformanceformat.com\/c1158f160081d6540a8409e6925dab94\/invoke.js\"><\/script><\/div> <p>In Excel k\u00f6nnen Sie nach einer Zelle suchen und anstelle des Zellwerts die Zelladresse erhalten. Nehmen wir an, Sie haben den entsprechenden Wert in Zelle B12. Mit der Formel k\u00f6nnen Sie die Adresse B12 erhalten, nicht ihren Wert.<\/p><p> In diesem Tutorial werden M\u00f6glichkeiten untersucht, wie man hierf\u00fcr eine Formel schreiben kann.<\/p><h2 class=\"wp-block-heading\"> Zellenadresse statt Wert abrufen (CELL + INDEX + MATCH)<\/h2><p> Bitte befolgen Sie die folgenden Schritte, um diese Formel zu schreiben:<\/p><ol><li> Geben Sie zun\u00e4chst die CELL-Funktion in eine Zelle ein und geben Sie im ersten Argument \u201eaddress\u201c als info_type an. <br><img loading=\"lazy\" decoding=\"async\" title=\"1-Get-Cell-Adresse\" src=\"https:\/\/exceladvisor.org\/wp-content\/uploads\/2023\/08\/1-obtenir-ladresse-cellulaire.png\" sizes=\"auto, \" srcset=\"\" alt=\"get-cell-address\" width=\"493\" height=\"177\"><\/li><li> Geben Sie anschlie\u00dfend im zweiten Argument die Funktion INDEX ein. <br><img loading=\"lazy\" decoding=\"async\" title=\"2-in-Sekunden-Argument-Eingabeindex\" src=\"https:\/\/exceladvisor.org\/wp-content\/uploads\/2023\/08\/2-dans-le-deuxieme-argument-entrez-lindex.png\" sizes=\"auto, \" srcset=\"\" alt=\"in-second-argument-enter-index\" width=\"526\" height=\"179\"><\/li><li> Verweisen Sie dann im Array-Argument des INDEX auf die Namen, die Sie in Spalte A haben. Der Bereich ist A2:A1001. <br><img loading=\"lazy\" decoding=\"async\" title=\"3-Array-Argument-of-Index\" src=\"https:\/\/exceladvisor.org\/wp-content\/uploads\/2023\/08\/3-arguments-de-tableau-dindex.png\" sizes=\"auto, \" srcset=\"\" alt=\"array-argument-of-index\" width=\"642\" height=\"207\"><\/li><li> Geben Sie nun im zweiten Argument des INDEX die MATCH-Funktion ein. <br><img loading=\"lazy\" decoding=\"async\" title=\"4-Enter-Match-Funktion\" src=\"https:\/\/exceladvisor.org\/wp-content\/uploads\/2023\/08\/4-entrez-la-fonction-de-correspondance.png\" sizes=\"auto, \" srcset=\"\" alt=\"enter-match-function\" width=\"663\" height=\"229\"><\/li><li> Geben Sie von dort aus in MATCH den Suchwert im Argument \u201elookup_value\u201c an und verweisen Sie erneut auf den Bereich A2:A1001 im Argument \u201elookup_array\u201c. Und verwenden Sie 0 im Argument [match_type], um eine exakte \u00dcbereinstimmung durchzuf\u00fchren. <br><img loading=\"lazy\" decoding=\"async\" title=\"5-match-specify-the-lookup-value\" src=\"https:\/\/exceladvisor.org\/wp-content\/uploads\/2023\/08\/5-match-specifiez-la-valeur-de-recherche.png\" sizes=\"auto, \" srcset=\"\" alt=\"match-specify-the-lookup-value\" width=\"762\" height=\"232\"><\/li><li> Geben Sie am Ende die schlie\u00dfenden Klammern ein und dr\u00fccken Sie die Eingabetaste, um das Ergebnis zu erhalten.<\/li><\/ol><p> Wenn Sie die Eingabetaste dr\u00fccken, wird die Zellenadresse des gesuchten Werts zur\u00fcckgegeben. <\/p><div class=\"wp-block-image\"><figure class=\"aligncenter size-full is-resized\"><img loading=\"lazy\" decoding=\"async\" class=\"wp-image-80564\" src=\"https:\/\/exceladvisor.org\/wp-content\/uploads\/2023\/08\/6-adresse-de-cellule-obtenue.png\" sizes=\"auto, \" srcset=\"\" alt=\"resultierende Zelladresse\" width=\"489\" height=\"383\"><\/figure><\/div><p> Der Name \u201eAlec Wright\u201c steht in Zelle A5, und das ist auch das Ergebnis.<\/p><pre class=\"wp-block-code\"> <code class=\"language-excel-formula\" lang=\"excel-formula\">=CELL(\"address\",INDEX(A2:A1001,MATCH(C1,A2:A1001,0)))<\/code><\/pre><h2 class=\"wp-block-heading\"> Wie funktioniert diese Formel?<\/h2><p> Um diese Formel zu verstehen, m\u00fcssen Sie <strong>sie in drei Teile teilen,<\/strong> da wir drei Funktionen verwendet haben. <\/p><div class=\"wp-block-image\"><figure class=\"aligncenter size-full is-resized\"><img loading=\"lazy\" decoding=\"async\" class=\"wp-image-80565\" src=\"https:\/\/exceladvisor.org\/wp-content\/uploads\/2023\/08\/7-cracher-la-formule-en-trois-parties.png\" sizes=\"auto, \" srcset=\"\" alt=\"Spucke die dreiteilige Formel aus\" width=\"687\" height=\"116\"><\/figure><\/div><p> Im ersten Teil haben wir die MATCH-Funktion, die den Suchwert des Zellennamens A2:A1001 abgleicht und die Positionsnummer im Ergebnis zur\u00fcckgibt. <\/p><div class=\"wp-block-image\"><figure class=\"aligncenter size-full is-resized\"><img loading=\"lazy\" decoding=\"async\" class=\"wp-image-80566\" src=\"https:\/\/exceladvisor.org\/wp-content\/uploads\/2023\/08\/8-premiere-partie-a-une-fonction-de-correspondance.png\" sizes=\"auto, \" srcset=\"\" alt=\"Der erste Teil hat eine passende Funktion\" width=\"560\" height=\"135\"><\/figure><\/div><p> Danach \u00fcbernimmt INDEX diese Positionsnummer von MACTH und erh\u00e4lt den Bereichswert an der <sup>4.<\/sup> Position. Das bedeutet Zelle A5. <\/p><div class=\"wp-block-image\"><figure class=\"aligncenter size-full is-resized\"><img loading=\"lazy\" decoding=\"async\" class=\"wp-image-80567\" src=\"https:\/\/exceladvisor.org\/wp-content\/uploads\/2023\/08\/Lindex-9-prend-la-position-apres-le-match.png\" sizes=\"auto, \" srcset=\"\" alt=\"Index-nimmt-Position-nach-Match ein\" width=\"341\" height=\"122\"><\/figure><\/div><div class=\"wp-block-group grey-note is-layout-constrained\"><div class=\"wp-block-group__inner-container\"><p> <strong>SECRET<\/strong> : INDEX gibt den Wert der 4. Position oder Zelle A5 des Bereichs im obigen Beispiel zur\u00fcck. Aber INDEX als Funktion gibt zwei verschiedene Werte zur\u00fcck. Einer ist der Zellenwert (den Sie oben sehen k\u00f6nnen) und der zweite ist die Adresse der Zelle, in der der Wert gespeichert ist (A5). Als Benutzer k\u00f6nnen Sie die Zellenadresse nicht sehen oder abrufen, aber die CELL-Funktion ist intelligent genug, um sie abzurufen und zu verwenden. <\/p><div class=\"wp-block-image\"><figure class=\"aligncenter size-full is-resized\"><img loading=\"lazy\" decoding=\"async\" class=\"wp-image-80568\" src=\"https:\/\/exceladvisor.org\/wp-content\/uploads\/2023\/08\/10-index-renvoie-la-valeur.png\" sizes=\"auto, \" srcset=\"\" alt=\"Index-R\u00fcckgabewert\" width=\"731\" height=\"160\"><\/figure><\/div><\/div><\/div><p> Letztendlich gibt die CELL-Funktion die Adresse der Zelle zur\u00fcck, indem sie im Ergebnis eine absolute Referenz verwendet. <\/p><div class=\"wp-block-image\"><figure class=\"aligncenter size-full is-resized\"><img loading=\"lazy\" decoding=\"async\" class=\"wp-image-80569\" src=\"https:\/\/exceladvisor.org\/wp-content\/uploads\/2023\/08\/11-fonction-de-cellule-renvoie-ladresse-de-la-cellule.png\" sizes=\"auto, \" srcset=\"\" alt=\"Zellfunktion gibt Zelladresse zur\u00fcck\" width=\"639\" height=\"257\"><\/figure><\/div><p> Wenn Sie Dollarzeichen aus der Zellenadresse entfernen m\u00f6chten, k\u00f6nnen Sie SUBSTITUTE verwenden. <\/p><pre class=\"wp-block-code\"> <code class=\"language-excel-formula\" lang=\"excel-formula\">=SUBSTITUTE(CELL(\"address\",INDEX(A2:A1001,MATCH(C1,A2:A1001,0))),\"$\",\"\")<\/code><\/pre><div class=\"wp-block-image\"><figure class=\"aligncenter size-full is-resized\"><img loading=\"lazy\" decoding=\"async\" class=\"wp-image-80570\" src=\"https:\/\/exceladvisor.org\/wp-content\/uploads\/2023\/08\/12-supprimer-le-signe-dollar-par-substitut.png\" sizes=\"auto, \" srcset=\"\" alt=\"Dollarzeichen durch Ersatz entfernen\" width=\"763\" height=\"229\"><\/figure><\/div><h2 class=\"wp-block-heading\"> Rufen Sie die Zellenadresse mit ADDRESS + MATCH ab<\/h2><p> Es gibt eine andere M\u00f6glichkeit, eine Formel zu schreiben, um die Zellenadresse zu erhalten. <\/p><div class=\"wp-block-image\"><figure class=\"aligncenter size-full is-resized\"><img loading=\"lazy\" decoding=\"async\" class=\"wp-image-80571\" src=\"https:\/\/exceladvisor.org\/wp-content\/uploads\/2023\/08\/13-adresse-de-cellule-par-adresse-plus-correspondance.png\" sizes=\"auto, \" srcset=\"\" alt=\"Zelle-Adresse-f\u00fcr-Adresse-plus-Match\" width=\"749\" height=\"251\"><\/figure><\/div><pre class=\"wp-block-code\"> <code class=\"language-excel-formula\" lang=\"excel-formula\">=ADDRESS(MATCH(C1,A1:A1001,0),1)<\/code><\/pre><p> Diese Formel besteht aus zwei Teilen: Im ersten Teil haben wir die MATCH-Funktion, um die Positionsnummer der Zelle zu ermitteln, in der Sie den Suchwert haben. <\/p><div class=\"wp-block-image\"><figure class=\"aligncenter size-full is-resized\"><img loading=\"lazy\" decoding=\"async\" class=\"wp-image-80572\" src=\"https:\/\/exceladvisor.org\/wp-content\/uploads\/2023\/08\/14-match-obtient-le-numero-de-position-de-la-cellule.png\" sizes=\"auto, \" srcset=\"\" alt=\"match-gets-position-cell-number\" width=\"527\" height=\"123\"><\/figure><\/div><p> Danach haben Sie in der ADDRESS-Funktion die von MATCH (im ersten Argument) zur\u00fcckgegebene Zahl, die das ROW-Argument zum Festlegen der Zeilennummer ist.<\/p><p> Und im zweiten Argument haben wir die Spaltennummer. <\/p><div class=\"wp-block-image\"><figure class=\"aligncenter size-full is-resized\"><img loading=\"lazy\" decoding=\"async\" class=\"wp-image-80573\" src=\"https:\/\/exceladvisor.org\/wp-content\/uploads\/2023\/08\/15-fonction-dadresse-ont-un-numero-renvoye-par-correspondance.png\" sizes=\"auto, \" srcset=\"\" alt=\"Adressfunktion-haben-Nummer-zur\u00fcckgegeben-bei-\u00dcbereinstimmung\" width=\"433\" height=\"115\"><\/figure><\/div><p> Zeile 5 und Spalte 1 erstellen eine Zellenadresse A5.<\/p><p> <strong>Empfehlung: <sup>1.<\/sup> Methode<\/strong> <\/p><div class=\"gb-container gb-container-52dfcee1 gb-container-sample-file\"><h2 class=\"gb-headline gb-headline-e289c143 gb-headline-text gb-headline-4f7959c2\"> Holen Sie sich die Excel-Datei<\/h2><p> <a class=\"gb-button gb-button-e88d6bee gb-button-text gb-button-button1\" href=\"https:\/\/exceladvisor.org\/wp-content\/uploads\/2023\/08\/rechercher-ladresse-de-la-cellule.xlsx\" rel=\"nofollow\">Herunterladen<\/a><\/p><\/div><div class=\"gb-container gb-container-0df56012 gb-container-mt\"> <a class=\"gb-button gb-button-f9f432f4 gb-button-text gb-button-mt-button\" href=\"https:\/\/exceladvisor.org\/de\/formeln\/\">Liste der Excel-Formeln<\/a><h2 class=\"gb-headline gb-headline-233444e8 gb-headline-text gb-headline-mt-heading\"> Verwandte Formeln <\/h2><div class=\"gb-grid-wrapper gb-grid-wrapper-a16fa65c gb-grid-wrapper-mt-grid\"><div class=\"gb-grid-column gb-grid-column-50d07e0d\"><div class=\"gb-container gb-container-50d07e0d\"><ul><li> <a href=\"https:\/\/exceladvisor.org\/de\/suchen-sie-nach-mehreren-kriterien\/\">SVERWEIS mit mehreren Kriterien in Excel<\/a><\/li><li> <a href=\"https:\/\/exceladvisor.org\/de\/platzhalter-mit-vlookup\/\">Platzhalter mit VLOOKUP in Excel<\/a><\/li><li> <a href=\"https:\/\/exceladvisor.org\/de\/suchtermine-v\/\">VLOOKUP-Daten (VLOOKUP f\u00fcr ein Datum aus Daten)<\/a><\/li><li> <a href=\"https:\/\/exceladvisor.org\/de\/letzten-wert-finden-2\/\">Suchen Sie den letzten Wert in einer Spalte oder Zeile<\/a><\/li><li> <a href=\"https:\/\/exceladvisor.org\/de\/vlookup-von-einem-anderen-blatt\/\">VLOOKUP von einem anderen Blatt (zwischen Bl\u00e4ttern)<\/a> <\/li><\/ul><\/div><\/div><div class=\"gb-grid-column gb-grid-column-5b4a0cf9\"><div class=\"gb-container gb-container-5b4a0cf9\"><\/div><\/div><\/div><\/div>","protected":false},"excerpt":{"rendered":"","protected":false},"author":1,"featured_media":0,"parent":0,"menu_order":0,"comment_status":"open","ping_status":"closed","template":"","meta":{"ub_ctt_via":"","footnotes":""},"class_list":["post-3273","page","type-page","status-publish","hentry"],"featured_image_src":null,"yoast_head":"<!-- This site is optimized with the Yoast SEO plugin v25.4 - https:\/\/yoast.com\/wordpress\/plugins\/seo\/ -->\n<title>Zelladresse statt Wert finden<\/title>\n<meta name=\"description\" content=\"In diesem Tutorial erfahren Sie, wie Sie eine Excel-Formel schreiben, um die Zellenadresse anstelle des Werts zu ermitteln. Lassen Sie uns das \u00fcberpr\u00fcfen ...\" \/>\n<meta name=\"robots\" content=\"index, follow, max-snippet:-1, max-image-preview:large, max-video-preview:-1\" \/>\n<link rel=\"canonical\" href=\"https:\/\/exceladvisor.org\/de\/finden-sie-die-adresse-von-zelle-2\/\" \/>\n<meta property=\"og:locale\" content=\"de_DE\" \/>\n<meta property=\"og:type\" content=\"article\" \/>\n<meta property=\"og:title\" content=\"Zelladresse statt Wert finden\" \/>\n<meta property=\"og:description\" content=\"In diesem Tutorial erfahren Sie, wie Sie eine Excel-Formel schreiben, um die Zellenadresse anstelle des Werts zu ermitteln. Lassen Sie uns das \u00fcberpr\u00fcfen ...\" \/>\n<meta property=\"og:url\" content=\"https:\/\/exceladvisor.org\/de\/finden-sie-die-adresse-von-zelle-2\/\" \/>\n<meta property=\"og:site_name\" content=\"Excel Advisor\" \/>\n<meta property=\"article:modified_time\" content=\"2023-12-03T13:06:18+00:00\" \/>\n<meta property=\"og:image\" content=\"https:\/\/exceladvisor.org\/wp-content\/uploads\/2023\/08\/1-obtenir-ladresse-cellulaire.png\" \/>\n<meta name=\"twitter:card\" content=\"summary_large_image\" \/>\n<meta name=\"twitter:label1\" content=\"Gesch\u00e4tzte Lesezeit\" \/>\n\t<meta name=\"twitter:data1\" content=\"3\u00a0Minuten\" \/>\n<script type=\"application\/ld+json\" class=\"yoast-schema-graph\">{\"@context\":\"https:\/\/schema.org\",\"@graph\":[{\"@type\":\"WebPage\",\"@id\":\"https:\/\/exceladvisor.org\/de\/finden-sie-die-adresse-von-zelle-2\/\",\"url\":\"https:\/\/exceladvisor.org\/de\/finden-sie-die-adresse-von-zelle-2\/\",\"name\":\"Zelladresse statt Wert finden\",\"isPartOf\":{\"@id\":\"https:\/\/exceladvisor.org\/de\/#website\"},\"primaryImageOfPage\":{\"@id\":\"https:\/\/exceladvisor.org\/de\/finden-sie-die-adresse-von-zelle-2\/#primaryimage\"},\"image\":{\"@id\":\"https:\/\/exceladvisor.org\/de\/finden-sie-die-adresse-von-zelle-2\/#primaryimage\"},\"thumbnailUrl\":\"https:\/\/exceladvisor.org\/wp-content\/uploads\/2023\/08\/1-obtenir-ladresse-cellulaire.png\",\"datePublished\":\"2023-11-05T07:22:56+00:00\",\"dateModified\":\"2023-12-03T13:06:18+00:00\",\"description\":\"In diesem Tutorial erfahren Sie, wie Sie eine Excel-Formel schreiben, um die Zellenadresse anstelle des Werts zu ermitteln. Lassen Sie uns das \u00fcberpr\u00fcfen ...\",\"breadcrumb\":{\"@id\":\"https:\/\/exceladvisor.org\/de\/finden-sie-die-adresse-von-zelle-2\/#breadcrumb\"},\"inLanguage\":\"de\",\"potentialAction\":[{\"@type\":\"ReadAction\",\"target\":[\"https:\/\/exceladvisor.org\/de\/finden-sie-die-adresse-von-zelle-2\/\"]}]},{\"@type\":\"ImageObject\",\"inLanguage\":\"de\",\"@id\":\"https:\/\/exceladvisor.org\/de\/finden-sie-die-adresse-von-zelle-2\/#primaryimage\",\"url\":\"https:\/\/exceladvisor.org\/wp-content\/uploads\/2023\/08\/1-obtenir-ladresse-cellulaire.png\",\"contentUrl\":\"https:\/\/exceladvisor.org\/wp-content\/uploads\/2023\/08\/1-obtenir-ladresse-cellulaire.png\"},{\"@type\":\"BreadcrumbList\",\"@id\":\"https:\/\/exceladvisor.org\/de\/finden-sie-die-adresse-von-zelle-2\/#breadcrumb\",\"itemListElement\":[{\"@type\":\"ListItem\",\"position\":1,\"name\":\"Accueil\",\"item\":\"https:\/\/exceladvisor.org\/de\/\"},{\"@type\":\"ListItem\",\"position\":2,\"name\":\"Zelladresse statt wert finden\"}]},{\"@type\":\"WebSite\",\"@id\":\"https:\/\/exceladvisor.org\/de\/#website\",\"url\":\"https:\/\/exceladvisor.org\/de\/\",\"name\":\"Excel Advisor\",\"description\":\"Ihr Leitfaden zur Datendominanz\",\"publisher\":{\"@id\":\"https:\/\/exceladvisor.org\/de\/#organization\"},\"potentialAction\":[{\"@type\":\"SearchAction\",\"target\":{\"@type\":\"EntryPoint\",\"urlTemplate\":\"https:\/\/exceladvisor.org\/de\/?s={search_term_string}\"},\"query-input\":{\"@type\":\"PropertyValueSpecification\",\"valueRequired\":true,\"valueName\":\"search_term_string\"}}],\"inLanguage\":\"de\"},{\"@type\":\"Organization\",\"@id\":\"https:\/\/exceladvisor.org\/de\/#organization\",\"name\":\"Excel Advisor\",\"url\":\"https:\/\/exceladvisor.org\/de\/\",\"logo\":{\"@type\":\"ImageObject\",\"inLanguage\":\"de\",\"@id\":\"https:\/\/exceladvisor.org\/de\/#\/schema\/logo\/image\/\",\"url\":\"https:\/\/exceladvisor.org\/de\/wp-content\/uploads\/2023\/11\/exceladvisor.org_.png\",\"contentUrl\":\"https:\/\/exceladvisor.org\/de\/wp-content\/uploads\/2023\/11\/exceladvisor.org_.png\",\"width\":105,\"height\":36,\"caption\":\"Excel Advisor\"},\"image\":{\"@id\":\"https:\/\/exceladvisor.org\/de\/#\/schema\/logo\/image\/\"}}]}<\/script>\n<!-- \/ Yoast SEO plugin. -->","yoast_head_json":{"title":"Zelladresse statt Wert finden","description":"In diesem Tutorial erfahren Sie, wie Sie eine Excel-Formel schreiben, um die Zellenadresse anstelle des Werts zu ermitteln. Lassen Sie uns das \u00fcberpr\u00fcfen ...","robots":{"index":"index","follow":"follow","max-snippet":"max-snippet:-1","max-image-preview":"max-image-preview:large","max-video-preview":"max-video-preview:-1"},"canonical":"https:\/\/exceladvisor.org\/de\/finden-sie-die-adresse-von-zelle-2\/","og_locale":"de_DE","og_type":"article","og_title":"Zelladresse statt Wert finden","og_description":"In diesem Tutorial erfahren Sie, wie Sie eine Excel-Formel schreiben, um die Zellenadresse anstelle des Werts zu ermitteln. Lassen Sie uns das \u00fcberpr\u00fcfen ...","og_url":"https:\/\/exceladvisor.org\/de\/finden-sie-die-adresse-von-zelle-2\/","og_site_name":"Excel Advisor","article_modified_time":"2023-12-03T13:06:18+00:00","og_image":[{"url":"https:\/\/exceladvisor.org\/wp-content\/uploads\/2023\/08\/1-obtenir-ladresse-cellulaire.png","type":"","width":"","height":""}],"twitter_card":"summary_large_image","twitter_misc":{"Gesch\u00e4tzte Lesezeit":"3\u00a0Minuten"},"schema":{"@context":"https:\/\/schema.org","@graph":[{"@type":"WebPage","@id":"https:\/\/exceladvisor.org\/de\/finden-sie-die-adresse-von-zelle-2\/","url":"https:\/\/exceladvisor.org\/de\/finden-sie-die-adresse-von-zelle-2\/","name":"Zelladresse statt Wert finden","isPartOf":{"@id":"https:\/\/exceladvisor.org\/de\/#website"},"primaryImageOfPage":{"@id":"https:\/\/exceladvisor.org\/de\/finden-sie-die-adresse-von-zelle-2\/#primaryimage"},"image":{"@id":"https:\/\/exceladvisor.org\/de\/finden-sie-die-adresse-von-zelle-2\/#primaryimage"},"thumbnailUrl":"https:\/\/exceladvisor.org\/wp-content\/uploads\/2023\/08\/1-obtenir-ladresse-cellulaire.png","datePublished":"2023-11-05T07:22:56+00:00","dateModified":"2023-12-03T13:06:18+00:00","description":"In diesem Tutorial erfahren Sie, wie Sie eine Excel-Formel schreiben, um die Zellenadresse anstelle des Werts zu ermitteln. Lassen Sie uns das \u00fcberpr\u00fcfen ...","breadcrumb":{"@id":"https:\/\/exceladvisor.org\/de\/finden-sie-die-adresse-von-zelle-2\/#breadcrumb"},"inLanguage":"de","potentialAction":[{"@type":"ReadAction","target":["https:\/\/exceladvisor.org\/de\/finden-sie-die-adresse-von-zelle-2\/"]}]},{"@type":"ImageObject","inLanguage":"de","@id":"https:\/\/exceladvisor.org\/de\/finden-sie-die-adresse-von-zelle-2\/#primaryimage","url":"https:\/\/exceladvisor.org\/wp-content\/uploads\/2023\/08\/1-obtenir-ladresse-cellulaire.png","contentUrl":"https:\/\/exceladvisor.org\/wp-content\/uploads\/2023\/08\/1-obtenir-ladresse-cellulaire.png"},{"@type":"BreadcrumbList","@id":"https:\/\/exceladvisor.org\/de\/finden-sie-die-adresse-von-zelle-2\/#breadcrumb","itemListElement":[{"@type":"ListItem","position":1,"name":"Accueil","item":"https:\/\/exceladvisor.org\/de\/"},{"@type":"ListItem","position":2,"name":"Zelladresse statt wert finden"}]},{"@type":"WebSite","@id":"https:\/\/exceladvisor.org\/de\/#website","url":"https:\/\/exceladvisor.org\/de\/","name":"Excel Advisor","description":"Ihr Leitfaden zur Datendominanz","publisher":{"@id":"https:\/\/exceladvisor.org\/de\/#organization"},"potentialAction":[{"@type":"SearchAction","target":{"@type":"EntryPoint","urlTemplate":"https:\/\/exceladvisor.org\/de\/?s={search_term_string}"},"query-input":{"@type":"PropertyValueSpecification","valueRequired":true,"valueName":"search_term_string"}}],"inLanguage":"de"},{"@type":"Organization","@id":"https:\/\/exceladvisor.org\/de\/#organization","name":"Excel Advisor","url":"https:\/\/exceladvisor.org\/de\/","logo":{"@type":"ImageObject","inLanguage":"de","@id":"https:\/\/exceladvisor.org\/de\/#\/schema\/logo\/image\/","url":"https:\/\/exceladvisor.org\/de\/wp-content\/uploads\/2023\/11\/exceladvisor.org_.png","contentUrl":"https:\/\/exceladvisor.org\/de\/wp-content\/uploads\/2023\/11\/exceladvisor.org_.png","width":105,"height":36,"caption":"Excel Advisor"},"image":{"@id":"https:\/\/exceladvisor.org\/de\/#\/schema\/logo\/image\/"}}]}},"yoast_meta":{"yoast_wpseo_title":"","yoast_wpseo_metadesc":"","yoast_wpseo_canonical":""},"_links":{"self":[{"href":"https:\/\/exceladvisor.org\/de\/wp-json\/wp\/v2\/pages\/3273","targetHints":{"allow":["GET"]}}],"collection":[{"href":"https:\/\/exceladvisor.org\/de\/wp-json\/wp\/v2\/pages"}],"about":[{"href":"https:\/\/exceladvisor.org\/de\/wp-json\/wp\/v2\/types\/page"}],"author":[{"embeddable":true,"href":"https:\/\/exceladvisor.org\/de\/wp-json\/wp\/v2\/users\/1"}],"replies":[{"embeddable":true,"href":"https:\/\/exceladvisor.org\/de\/wp-json\/wp\/v2\/comments?post=3273"}],"version-history":[{"count":1,"href":"https:\/\/exceladvisor.org\/de\/wp-json\/wp\/v2\/pages\/3273\/revisions"}],"predecessor-version":[{"id":4446,"href":"https:\/\/exceladvisor.org\/de\/wp-json\/wp\/v2\/pages\/3273\/revisions\/4446"}],"wp:attachment":[{"href":"https:\/\/exceladvisor.org\/de\/wp-json\/wp\/v2\/media?parent=3273"}],"curies":[{"name":"wp","href":"https:\/\/api.w.org\/{rel}","templated":true}]}}