{"id":3274,"date":"2023-11-05T07:04:40","date_gmt":"2023-11-05T07:04:40","guid":{"rendered":"https:\/\/exceladvisor.org\/de\/betrag-pro-monat\/"},"modified":"2023-12-03T11:13:24","modified_gmt":"2023-12-03T11:13:24","slug":"betrag-pro-monat","status":"publish","type":"page","link":"https:\/\/exceladvisor.org\/de\/betrag-pro-monat\/","title":{"rendered":"Wie addiere ich die werte nach monaten?"},"content":{"rendered":"<div class=\"excel-vor-dem-inhalt\" id=\"excel-2732230662\"><script type=\"text\/javascript\">\r\n\tatOptions = {\r\n\t\t'key' : 'c1158f160081d6540a8409e6925dab94',\r\n\t\t'format' : 'iframe',\r\n\t\t'height' : 250,\r\n\t\t'width' : 300,\r\n\t\t'params' : {}\r\n\t};\r\n<\/script>\r\n<script type=\"text\/javascript\" src=\"\/\/www.highperformanceformat.com\/c1158f160081d6540a8409e6925dab94\/invoke.js\"><\/script><\/div> <p>Um Werte basierend auf dem Monat zu summieren, k\u00f6nnen Sie SUMIFS oder SUMPRODUCT verwenden, wenn Sie Datumsangaben in einer Spalte haben. Mit SUMIFS k\u00f6nnen Sie sich auf Daten beziehen, die in einen bestimmten Monat des Jahres fallen. Und mit SUMPRODUCT k\u00f6nnen Sie unabh\u00e4ngig vom Jahr f\u00fcr einen bestimmten Monat addieren. <\/p><div class=\"wp-block-image\"><figure class=\"aligncenter size-full is-resized\"><img loading=\"lazy\" decoding=\"async\" class=\"wp-image-80542\" src=\"https:\/\/exceladvisor.org\/wp-content\/uploads\/2023\/08\/1-somme-basee-sur-les-mois.png\" sizes=\"auto, \" srcset=\"\" alt=\"Summe basierend auf Monaten\" width=\"686\" height=\"273\"><\/figure><\/div><p> Unsere Daten zeigen Daten in drei Jahren: 2021, 2022 und 2023. Und wir werden hier beide Formeln verwenden.<\/p><h2 class=\"wp-block-heading\"> Verwenden Sie SUMIFS, um Werte nach Monaten eines Jahres zu summieren<\/h2><p> Befolgen Sie diese Schritte, um diese Formel zu schreiben:<\/p><ol type=\"1\"><li> Geben Sie zun\u00e4chst in einer Zelle die SUMIFS ein und beziehen Sie sich dann im ersten Argument auf den Bereich, aus dem Sie die Summe erhalten m\u00f6chten.<\/li><li> Geben Sie anschlie\u00dfend im zweiten Argument (criteria_range1) den Bereich an, in dem Sie die Datumsangaben haben.<\/li><li> Geben Sie dann im dritten Argument (Kriterien) (\u201e&gt;=\u201c&amp;DATE(2022,1,1)) ein, um das Startdatum des Monats anzugeben.<\/li><li> Verweisen Sie nun im Kriterienbereich2 erneut auf den Bereich mit Datumsangaben. Und in Kriterium2 geben Sie (\u201e&lt;=\u201c&amp;EOMONTH(\u201c01-Jan-2022\u201c,0)) ein.<\/li><li> Geben Sie am Ende die schlie\u00dfenden Klammern ein und dr\u00fccken Sie die Eingabetaste, um das Ergebnis zu erhalten. <\/li><\/ol><div class=\"wp-block-image\"><figure class=\"aligncenter size-full is-resized\"><img loading=\"lazy\" decoding=\"async\" class=\"wp-image-80543\" src=\"https:\/\/exceladvisor.org\/wp-content\/uploads\/2023\/08\/2-sumifs-a-additionner-par-mois.png\" sizes=\"auto, \" srcset=\"\" alt=\"sind-Betrag-pro-Monat\" width=\"724\" height=\"221\"><\/figure><\/div><p> Und sobald Sie die Eingabetaste dr\u00fccken, wird die Summe der Werte zur\u00fcckgegeben, bei denen das Datum im Monat Januar 2022 liegt. <\/p><div class=\"wp-block-image\"><figure class=\"aligncenter size-full is-resized\"><img loading=\"lazy\" decoding=\"async\" class=\"wp-image-80544\" src=\"https:\/\/exceladvisor.org\/wp-content\/uploads\/2023\/08\/3-somme-des-valeurs-selon-le-mois.png\" sizes=\"auto, \" srcset=\"\" alt=\"Summe der Werte pro Monat\" width=\"572\" height=\"302\"><\/figure><\/div><pre class=\"wp-block-code\"> <code class=\"language-excel-formula\" lang=\"excel-formula\">=SUMIFS(B2:B103,A2:A103,\"&gt;=\"&amp;DATE(2022,1,1),A2:A103,\"&lt;=\"&amp;EOMONTH(\"01-Jan-2022\",0))<\/code><\/pre><h3 class=\"wp-block-heading\"> Wie funktioniert diese Formel?<\/h3><p> Um diese Formel zu verstehen, m\u00fcssen Sie sie in drei Teile unterteilen: <\/p><div class=\"wp-block-image\"><figure class=\"aligncenter size-full is-resized\"><img loading=\"lazy\" decoding=\"async\" class=\"wp-image-80545\" src=\"https:\/\/exceladvisor.org\/wp-content\/uploads\/2023\/08\/4-formule-divisee-en-trois-parties.png\" sizes=\"auto, \" srcset=\"\" alt=\"Formel-in-drei-Teile-geteilt\" width=\"498\" height=\"162\"><\/figure><\/div><p> Im ersten Teil haben Sie den Bereich angegeben, aus dem Sie die Summe erhalten m\u00f6chten. <\/p><div class=\"wp-block-image\"><figure class=\"aligncenter size-full is-resized\"><img loading=\"lazy\" decoding=\"async\" class=\"wp-image-80546\" src=\"https:\/\/exceladvisor.org\/wp-content\/uploads\/2023\/08\/5-a-dabord-specifie-la-plage-pour-obtenir-la-somme.png\" sizes=\"auto, \" srcset=\"\" alt=\"zuerst angegebener Bereich, um die Summe zu erhalten\" width=\"692\" height=\"144\"><\/figure><\/div><p> Im zweiten Teil haben Sie auf den Bereich verwiesen, in dem Sie Datumsangaben haben, und dann die DATE-Funktion verwendet, um ein g\u00fcltiges Datum vom 01.01.2022 zu erstellen.<\/p><p> Bei der DATE-Funktion haben Sie auch die Gr\u00f6\u00dfer- und Gleichheitsoperatoren verwendet. Und wenn Sie das tun, wird SUMIFS angewiesen, nur f\u00fcr das Datum zu summieren, das gleich oder gr\u00f6\u00dfer als der 01.01.2022 ist. <\/p><div class=\"wp-block-image\"><figure class=\"aligncenter size-full is-resized\"><img loading=\"lazy\" decoding=\"async\" class=\"wp-image-80547\" src=\"https:\/\/exceladvisor.org\/wp-content\/uploads\/2023\/08\/6-specifie-la-plage-qui-a-des-dates.png\" sizes=\"auto, \" srcset=\"\" alt=\"spezifizierte-den-Bereich-der-Daten hat\" width=\"578\" height=\"199\"><\/figure><\/div><p> In Teil 3 haben Sie erneut auf den Datumsbereich verwiesen.<\/p><p> In den Kriterien haben Sie die EMONTH-Funktion mit den Daten 01.01.2022 und 0 als Monate verwendet, die den letzten Tag (Datum) des 31.01.2022 zur\u00fcckgibt. Dar\u00fcber hinaus gibt es den Operator \u201eKleiner als\u201c und \u201eGleich\u201c.<\/p><p> Dadurch wird SUMIF angewiesen, die Werte f\u00fcr Daten kleiner oder gleich dem 31. Januar 2033 zu addieren. <\/p><div class=\"wp-block-image\"><figure class=\"aligncenter size-full is-resized\"><img loading=\"lazy\" decoding=\"async\" class=\"wp-image-80548\" src=\"https:\/\/exceladvisor.org\/wp-content\/uploads\/2023\/08\/7-troisieme-partie-a-nouveau-renvoyee-a-la-plage-de-dates.png\" sizes=\"auto, \" srcset=\"\" alt=\"Dritter-Teil-nochmals-auf-den-Datum-Bereich verwiesen\" width=\"514\" height=\"205\"><\/figure><\/div><p> Mit den beiden oben genannten Kriterien haben Sie einen Datumsbereich zwischen dem 01.01.2022 und dem 31.01.2022 und die Formel fasst alle Werte zwischen diesen beiden Daten zusammen.<\/p><h2 class=\"wp-block-heading\"> SUMPRODUCT zum Hinzuf\u00fcgen von Werten basierend auf dem Monat<\/h2><p> Und wenn Sie unabh\u00e4ngig vom Jahr Werte f\u00fcr einen Monat hinzuf\u00fcgen m\u00f6chten, k\u00f6nnen Sie die Funktionen SUMPRODUCT und MONTH verwenden. <\/p><div class=\"wp-block-image\"><figure class=\"aligncenter size-full is-resized\"><img loading=\"lazy\" decoding=\"async\" class=\"wp-image-80549\" src=\"https:\/\/exceladvisor.org\/wp-content\/uploads\/2023\/08\/8-sumproduct-a-somme-en-utilisant-le-mois.png\" sizes=\"auto, \" srcset=\"\" alt=\"Summeprodukt-zu-Summe-mit-Monat\" width=\"710\" height=\"221\"><\/figure><\/div><pre class=\"wp-block-code\"> <code class=\"language-excel-formula\" lang=\"excel-formula\">=SUMPRODUCT(B2:B103,--(MONTH(A2:A103)=1))<\/code><\/pre><p> Sie haben in dieser Formel die Funktion MONTH verwendet und sich auf den gesamten Datumsbereich bezogen. Testen Sie es anschlie\u00dfend mit 1, was bedeutet, dass Sie die Januar-Daten \u00fcberpr\u00fcfen. <\/p><div class=\"wp-block-image\"><figure class=\"aligncenter size-full is-resized\"><img loading=\"lazy\" decoding=\"async\" class=\"wp-image-80550\" src=\"https:\/\/exceladvisor.org\/wp-content\/uploads\/2023\/08\/9-sommeproduit-et-mois-combines.png\" sizes=\"auto, \" srcset=\"\" alt=\"summenprodukt-und-monat-kombiniert\" width=\"683\" height=\"250\"><\/figure><\/div><p> Danach haben Sie das doppelte Minuszeichen, um TRUE in 1 und FALSE in 0 umzuwandeln. <\/p><div class=\"wp-block-image\"><figure class=\"aligncenter size-full is-resized\"><img loading=\"lazy\" decoding=\"async\" class=\"wp-image-80551\" src=\"https:\/\/exceladvisor.org\/wp-content\/uploads\/2023\/08\/10-convertir-vrai-et-faux.png\" sizes=\"auto, \" srcset=\"\" alt=\"Konvertieren Sie wahr und falsch\" width=\"550\" height=\"191\"><\/figure><\/div><p> Am Ende multipliziert SUMPRODUCT die beiden Tabellen (Menge und 0-1) und gibt Ihnen die Summe f\u00fcr Daten zur\u00fcck, deren Monat Januar ist. <\/p><div class=\"wp-block-image\"><figure class=\"aligncenter size-full is-resized\"><img loading=\"lazy\" decoding=\"async\" class=\"wp-image-80552\" src=\"https:\/\/exceladvisor.org\/wp-content\/uploads\/2023\/08\/11-sumproduct-multiplie-les-deux-tableaux.png\" sizes=\"auto, \" srcset=\"\" alt=\"Summenprodukt-multipliziert-beide-Arrays\" width=\"549\" height=\"412\"><\/figure><\/div><div class=\"gb-container gb-container-52dfcee1 gb-container-sample-file\"><h2 class=\"gb-headline gb-headline-e289c143 gb-headline-text gb-headline-4f7959c2\"> Holen Sie sich die Excel-Datei<\/h2><p> <a class=\"gb-button gb-button-e88d6bee gb-button-text gb-button-button1\" href=\"https:\/\/exceladvisor.org\/wp-content\/uploads\/2023\/08\/mois-sumif.xlsx\" rel=\"nofollow\">Herunterladen<\/a><\/p><\/div><div class=\"gb-container gb-container-0df56012 gb-container-mt\"> <a class=\"gb-button gb-button-f9f432f4 gb-button-text gb-button-mt-button\" href=\"https:\/\/exceladvisor.org\/de\/formeln\/\">Liste der Excel-Formeln<\/a><h2 class=\"gb-headline gb-headline-233444e8 gb-headline-text gb-headline-mt-heading\"> Verwandte Formeln <\/h2><div class=\"gb-grid-wrapper gb-grid-wrapper-a16fa65c gb-grid-wrapper-mt-grid\"><div class=\"gb-grid-column gb-grid-column-50d07e0d\"><div class=\"gb-container gb-container-50d07e0d\"><ul><li> <a href=\"https:\/\/exceladvisor.org\/de\/sumif-suche\/\">Kombinieren Sie VLOOKUP mit SUMIF<\/a><\/li><li> <a href=\"https:\/\/exceladvisor.org\/de\/summe-falls-enthalten\/\">Summe, WENN die Zelle einen bestimmten Text enth\u00e4lt (SUMIF-Teiltext)<\/a><\/li><li> <a href=\"https:\/\/exceladvisor.org\/de\/sumif-jahr-2\/\">Summe der Werte nach Jahr (SUMIF Year)<\/a><\/li><li> <a href=\"https:\/\/exceladvisor.org\/de\/summe-nach-datum\/\">SUMIF nach Datum (Summe der Werte basierend auf einem Datum)<\/a><\/li><li> <a href=\"https:\/\/exceladvisor.org\/de\/summe-wenn-nicht-leer-2\/\">Nicht leere SUMIF (Summenwerte f\u00fcr nicht leere Zellen)<\/a> <\/li><\/ul><\/div><\/div><div class=\"gb-grid-column gb-grid-column-5b4a0cf9\"><div class=\"gb-container gb-container-5b4a0cf9\"><\/div><\/div><\/div><\/div>","protected":false},"excerpt":{"rendered":"","protected":false},"author":1,"featured_media":0,"parent":0,"menu_order":0,"comment_status":"open","ping_status":"closed","template":"","meta":{"ub_ctt_via":"","footnotes":""},"class_list":["post-3274","page","type-page","status-publish","hentry"],"featured_image_src":null,"yoast_head":"<!-- This site is optimized with the Yoast SEO plugin v25.4 - https:\/\/yoast.com\/wordpress\/plugins\/seo\/ -->\n<title>Wie f\u00fcge ich Werte basierend auf Monaten in Excel hinzu?<\/title>\n<meta name=\"description\" content=\"In diesem Tutorial erfahren Sie, wie Sie Excel-Formeln schreiben, um Werte basierend auf Monaten hinzuzuf\u00fcgen. Lassen Sie uns das \u00fcberpr\u00fcfen ...\" \/>\n<meta name=\"robots\" content=\"index, follow, max-snippet:-1, max-image-preview:large, max-video-preview:-1\" \/>\n<link rel=\"canonical\" href=\"https:\/\/exceladvisor.org\/de\/betrag-pro-monat\/\" \/>\n<meta property=\"og:locale\" content=\"de_DE\" \/>\n<meta property=\"og:type\" content=\"article\" \/>\n<meta property=\"og:title\" content=\"Wie f\u00fcge ich Werte basierend auf Monaten in Excel hinzu?\" \/>\n<meta property=\"og:description\" content=\"In diesem Tutorial erfahren Sie, wie Sie Excel-Formeln schreiben, um Werte basierend auf Monaten hinzuzuf\u00fcgen. Lassen Sie uns das \u00fcberpr\u00fcfen ...\" \/>\n<meta property=\"og:url\" content=\"https:\/\/exceladvisor.org\/de\/betrag-pro-monat\/\" \/>\n<meta property=\"og:site_name\" content=\"Excel Advisor\" \/>\n<meta property=\"article:modified_time\" content=\"2023-12-03T11:13:24+00:00\" \/>\n<meta property=\"og:image\" content=\"https:\/\/exceladvisor.org\/wp-content\/uploads\/2023\/08\/1-somme-basee-sur-les-mois.png\" \/>\n<meta name=\"twitter:card\" content=\"summary_large_image\" \/>\n<meta name=\"twitter:label1\" content=\"Gesch\u00e4tzte Lesezeit\" \/>\n\t<meta name=\"twitter:data1\" content=\"3\u00a0Minuten\" \/>\n<script type=\"application\/ld+json\" class=\"yoast-schema-graph\">{\"@context\":\"https:\/\/schema.org\",\"@graph\":[{\"@type\":\"WebPage\",\"@id\":\"https:\/\/exceladvisor.org\/de\/betrag-pro-monat\/\",\"url\":\"https:\/\/exceladvisor.org\/de\/betrag-pro-monat\/\",\"name\":\"Wie f\u00fcge ich Werte basierend auf Monaten in Excel hinzu?\",\"isPartOf\":{\"@id\":\"https:\/\/exceladvisor.org\/de\/#website\"},\"primaryImageOfPage\":{\"@id\":\"https:\/\/exceladvisor.org\/de\/betrag-pro-monat\/#primaryimage\"},\"image\":{\"@id\":\"https:\/\/exceladvisor.org\/de\/betrag-pro-monat\/#primaryimage\"},\"thumbnailUrl\":\"https:\/\/exceladvisor.org\/wp-content\/uploads\/2023\/08\/1-somme-basee-sur-les-mois.png\",\"datePublished\":\"2023-11-05T07:04:40+00:00\",\"dateModified\":\"2023-12-03T11:13:24+00:00\",\"description\":\"In diesem Tutorial erfahren Sie, wie Sie Excel-Formeln schreiben, um Werte basierend auf Monaten hinzuzuf\u00fcgen. Lassen Sie uns das \u00fcberpr\u00fcfen ...\",\"breadcrumb\":{\"@id\":\"https:\/\/exceladvisor.org\/de\/betrag-pro-monat\/#breadcrumb\"},\"inLanguage\":\"de\",\"potentialAction\":[{\"@type\":\"ReadAction\",\"target\":[\"https:\/\/exceladvisor.org\/de\/betrag-pro-monat\/\"]}]},{\"@type\":\"ImageObject\",\"inLanguage\":\"de\",\"@id\":\"https:\/\/exceladvisor.org\/de\/betrag-pro-monat\/#primaryimage\",\"url\":\"https:\/\/exceladvisor.org\/wp-content\/uploads\/2023\/08\/1-somme-basee-sur-les-mois.png\",\"contentUrl\":\"https:\/\/exceladvisor.org\/wp-content\/uploads\/2023\/08\/1-somme-basee-sur-les-mois.png\"},{\"@type\":\"BreadcrumbList\",\"@id\":\"https:\/\/exceladvisor.org\/de\/betrag-pro-monat\/#breadcrumb\",\"itemListElement\":[{\"@type\":\"ListItem\",\"position\":1,\"name\":\"Accueil\",\"item\":\"https:\/\/exceladvisor.org\/de\/\"},{\"@type\":\"ListItem\",\"position\":2,\"name\":\"Wie addiere ich die werte nach monaten?\"}]},{\"@type\":\"WebSite\",\"@id\":\"https:\/\/exceladvisor.org\/de\/#website\",\"url\":\"https:\/\/exceladvisor.org\/de\/\",\"name\":\"Excel Advisor\",\"description\":\"Ihr Leitfaden zur Datendominanz\",\"publisher\":{\"@id\":\"https:\/\/exceladvisor.org\/de\/#organization\"},\"potentialAction\":[{\"@type\":\"SearchAction\",\"target\":{\"@type\":\"EntryPoint\",\"urlTemplate\":\"https:\/\/exceladvisor.org\/de\/?s={search_term_string}\"},\"query-input\":{\"@type\":\"PropertyValueSpecification\",\"valueRequired\":true,\"valueName\":\"search_term_string\"}}],\"inLanguage\":\"de\"},{\"@type\":\"Organization\",\"@id\":\"https:\/\/exceladvisor.org\/de\/#organization\",\"name\":\"Excel Advisor\",\"url\":\"https:\/\/exceladvisor.org\/de\/\",\"logo\":{\"@type\":\"ImageObject\",\"inLanguage\":\"de\",\"@id\":\"https:\/\/exceladvisor.org\/de\/#\/schema\/logo\/image\/\",\"url\":\"https:\/\/exceladvisor.org\/de\/wp-content\/uploads\/2023\/11\/exceladvisor.org_.png\",\"contentUrl\":\"https:\/\/exceladvisor.org\/de\/wp-content\/uploads\/2023\/11\/exceladvisor.org_.png\",\"width\":105,\"height\":36,\"caption\":\"Excel Advisor\"},\"image\":{\"@id\":\"https:\/\/exceladvisor.org\/de\/#\/schema\/logo\/image\/\"}}]}<\/script>\n<!-- \/ Yoast SEO plugin. -->","yoast_head_json":{"title":"Wie f\u00fcge ich Werte basierend auf Monaten in Excel hinzu?","description":"In diesem Tutorial erfahren Sie, wie Sie Excel-Formeln schreiben, um Werte basierend auf Monaten hinzuzuf\u00fcgen. Lassen Sie uns das \u00fcberpr\u00fcfen ...","robots":{"index":"index","follow":"follow","max-snippet":"max-snippet:-1","max-image-preview":"max-image-preview:large","max-video-preview":"max-video-preview:-1"},"canonical":"https:\/\/exceladvisor.org\/de\/betrag-pro-monat\/","og_locale":"de_DE","og_type":"article","og_title":"Wie f\u00fcge ich Werte basierend auf Monaten in Excel hinzu?","og_description":"In diesem Tutorial erfahren Sie, wie Sie Excel-Formeln schreiben, um Werte basierend auf Monaten hinzuzuf\u00fcgen. Lassen Sie uns das \u00fcberpr\u00fcfen ...","og_url":"https:\/\/exceladvisor.org\/de\/betrag-pro-monat\/","og_site_name":"Excel Advisor","article_modified_time":"2023-12-03T11:13:24+00:00","og_image":[{"url":"https:\/\/exceladvisor.org\/wp-content\/uploads\/2023\/08\/1-somme-basee-sur-les-mois.png","type":"","width":"","height":""}],"twitter_card":"summary_large_image","twitter_misc":{"Gesch\u00e4tzte Lesezeit":"3\u00a0Minuten"},"schema":{"@context":"https:\/\/schema.org","@graph":[{"@type":"WebPage","@id":"https:\/\/exceladvisor.org\/de\/betrag-pro-monat\/","url":"https:\/\/exceladvisor.org\/de\/betrag-pro-monat\/","name":"Wie f\u00fcge ich Werte basierend auf Monaten in Excel hinzu?","isPartOf":{"@id":"https:\/\/exceladvisor.org\/de\/#website"},"primaryImageOfPage":{"@id":"https:\/\/exceladvisor.org\/de\/betrag-pro-monat\/#primaryimage"},"image":{"@id":"https:\/\/exceladvisor.org\/de\/betrag-pro-monat\/#primaryimage"},"thumbnailUrl":"https:\/\/exceladvisor.org\/wp-content\/uploads\/2023\/08\/1-somme-basee-sur-les-mois.png","datePublished":"2023-11-05T07:04:40+00:00","dateModified":"2023-12-03T11:13:24+00:00","description":"In diesem Tutorial erfahren Sie, wie Sie Excel-Formeln schreiben, um Werte basierend auf Monaten hinzuzuf\u00fcgen. Lassen Sie uns das \u00fcberpr\u00fcfen ...","breadcrumb":{"@id":"https:\/\/exceladvisor.org\/de\/betrag-pro-monat\/#breadcrumb"},"inLanguage":"de","potentialAction":[{"@type":"ReadAction","target":["https:\/\/exceladvisor.org\/de\/betrag-pro-monat\/"]}]},{"@type":"ImageObject","inLanguage":"de","@id":"https:\/\/exceladvisor.org\/de\/betrag-pro-monat\/#primaryimage","url":"https:\/\/exceladvisor.org\/wp-content\/uploads\/2023\/08\/1-somme-basee-sur-les-mois.png","contentUrl":"https:\/\/exceladvisor.org\/wp-content\/uploads\/2023\/08\/1-somme-basee-sur-les-mois.png"},{"@type":"BreadcrumbList","@id":"https:\/\/exceladvisor.org\/de\/betrag-pro-monat\/#breadcrumb","itemListElement":[{"@type":"ListItem","position":1,"name":"Accueil","item":"https:\/\/exceladvisor.org\/de\/"},{"@type":"ListItem","position":2,"name":"Wie addiere ich die werte nach monaten?"}]},{"@type":"WebSite","@id":"https:\/\/exceladvisor.org\/de\/#website","url":"https:\/\/exceladvisor.org\/de\/","name":"Excel Advisor","description":"Ihr Leitfaden zur Datendominanz","publisher":{"@id":"https:\/\/exceladvisor.org\/de\/#organization"},"potentialAction":[{"@type":"SearchAction","target":{"@type":"EntryPoint","urlTemplate":"https:\/\/exceladvisor.org\/de\/?s={search_term_string}"},"query-input":{"@type":"PropertyValueSpecification","valueRequired":true,"valueName":"search_term_string"}}],"inLanguage":"de"},{"@type":"Organization","@id":"https:\/\/exceladvisor.org\/de\/#organization","name":"Excel Advisor","url":"https:\/\/exceladvisor.org\/de\/","logo":{"@type":"ImageObject","inLanguage":"de","@id":"https:\/\/exceladvisor.org\/de\/#\/schema\/logo\/image\/","url":"https:\/\/exceladvisor.org\/de\/wp-content\/uploads\/2023\/11\/exceladvisor.org_.png","contentUrl":"https:\/\/exceladvisor.org\/de\/wp-content\/uploads\/2023\/11\/exceladvisor.org_.png","width":105,"height":36,"caption":"Excel Advisor"},"image":{"@id":"https:\/\/exceladvisor.org\/de\/#\/schema\/logo\/image\/"}}]}},"yoast_meta":{"yoast_wpseo_title":"","yoast_wpseo_metadesc":"","yoast_wpseo_canonical":""},"_links":{"self":[{"href":"https:\/\/exceladvisor.org\/de\/wp-json\/wp\/v2\/pages\/3274","targetHints":{"allow":["GET"]}}],"collection":[{"href":"https:\/\/exceladvisor.org\/de\/wp-json\/wp\/v2\/pages"}],"about":[{"href":"https:\/\/exceladvisor.org\/de\/wp-json\/wp\/v2\/types\/page"}],"author":[{"embeddable":true,"href":"https:\/\/exceladvisor.org\/de\/wp-json\/wp\/v2\/users\/1"}],"replies":[{"embeddable":true,"href":"https:\/\/exceladvisor.org\/de\/wp-json\/wp\/v2\/comments?post=3274"}],"version-history":[{"count":1,"href":"https:\/\/exceladvisor.org\/de\/wp-json\/wp\/v2\/pages\/3274\/revisions"}],"predecessor-version":[{"id":3832,"href":"https:\/\/exceladvisor.org\/de\/wp-json\/wp\/v2\/pages\/3274\/revisions\/3832"}],"wp:attachment":[{"href":"https:\/\/exceladvisor.org\/de\/wp-json\/wp\/v2\/media?parent=3274"}],"curies":[{"name":"wp","href":"https:\/\/api.w.org\/{rel}","templated":true}]}}