{"id":3276,"date":"2023-11-05T06:20:08","date_gmt":"2023-11-05T06:20:08","guid":{"rendered":"https:\/\/exceladvisor.org\/de\/letzten-wert-finden-2\/"},"modified":"2023-12-03T11:12:54","modified_gmt":"2023-12-03T11:12:54","slug":"letzten-wert-finden-2","status":"publish","type":"page","link":"https:\/\/exceladvisor.org\/de\/letzten-wert-finden-2\/","title":{"rendered":"Suchen sie den letzten wert in einer spalte oder zeile"},"content":{"rendered":"<div class=\"excel-vor-dem-inhalt\" id=\"excel-3816647999\"><script type=\"text\/javascript\">\r\n\tatOptions = {\r\n\t\t'key' : 'c1158f160081d6540a8409e6925dab94',\r\n\t\t'format' : 'iframe',\r\n\t\t'height' : 250,\r\n\t\t'width' : 300,\r\n\t\t'params' : {}\r\n\t};\r\n<\/script>\r\n<script type=\"text\/javascript\" src=\"\/\/www.highperformanceformat.com\/c1158f160081d6540a8409e6925dab94\/invoke.js\"><\/script><\/div> <p>In Excel gibt es zwei M\u00f6glichkeiten, einen Wert in einer Spalte oder Zeile zu finden. In diesem Tutorial lernen wir, wie man beide Arten von Formeln verwendet und versuchen, sie in verschiedenen Situationen abzudecken.<\/p><h2 class=\"wp-block-heading\"> Letzten Wert suchen (wenn sich der letzte Wert in der letzten Zelle befindet)<\/h2><p> Befolgen Sie diese Schritte, um diese Formel zu schreiben:<\/p><ol type=\"1\"><li> Geben Sie zun\u00e4chst die INDEX-Funktion in eine Zelle ein.<\/li><li> Beziehen Sie sich anschlie\u00dfend im <strong>Array-<\/strong> Argument auf den Wertebereich.<\/li><li> Geben Sie dann im <strong>Zeilenargument<\/strong> die ROWS-Funktion ein.<\/li><li> Beziehen Sie sich in der ROWS-Funktion auf den Bereich, in dem Sie Werte haben.<\/li><li> Geben Sie am Ende die schlie\u00dfenden Klammern ein und dr\u00fccken Sie die Eingabetaste, um das Ergebnis zu erhalten. <\/li><\/ol><div class=\"wp-block-image\"><figure class=\"aligncenter size-full is-resized\"><img loading=\"lazy\" decoding=\"async\" class=\"wp-image-82465\" src=\"https:\/\/exceladvisor.org\/wp-content\/uploads\/2023\/08\/1-recherche-de-la-derniere-valeur-dune-cellule-ou-dune-ligne.png\" sizes=\"auto, \" srcset=\"\" alt=\"Suche nach dem letzten Wert einer Zelle oder Zeile\" width=\"440\" height=\"139\"><\/figure><\/div><pre class=\"wp-block-code\"> <code class=\"language-excel-formula\" lang=\"excel-formula\">=INDEX(A1:A4,ROWS(A1:A4))<\/code><\/pre><p> Sobald Sie die Eingabetaste dr\u00fccken, wird der Wert der letzten Zelle im Bereich zur\u00fcckgegeben. <\/p><div class=\"wp-block-image\"><figure class=\"aligncenter size-full is-resized\"><img loading=\"lazy\" decoding=\"async\" class=\"wp-image-82454\" src=\"https:\/\/exceladvisor.org\/wp-content\/uploads\/2023\/08\/2-valeur-de-la-derniere-cellule-de-la-plage.png\" sizes=\"auto, \" srcset=\"\" alt=\"Wert der letzten Zelle im Bereich\" width=\"439\" height=\"243\"><\/figure><\/div><p> Das <strong>einzige Problem bei dieser Formel<\/strong> besteht darin, dass in der letzten Zelle des Bereichs kein Wert vorhanden ist. <\/p><div class=\"wp-block-image\"><figure class=\"aligncenter size-full is-resized\"><img loading=\"lazy\" decoding=\"async\" class=\"wp-image-82456\" src=\"https:\/\/exceladvisor.org\/wp-content\/uploads\/2023\/08\/3-aucune-valeur-dans-la-derniere-cellule-de-la-plage.png\" sizes=\"auto, \" srcset=\"\" alt=\"Kein Wert in der letzten Zelle des Bereichs\" width=\"402\" height=\"205\"><\/figure><\/div><p> Daher k\u00f6nnen wir mit der Formel fortfahren, \u00fcber die wir als n\u00e4chstes sprechen werden.<\/p><h2 class=\"wp-block-heading\"> Suchen Sie den letzten Wert in der Spalte<\/h2><p> Sie k\u00f6nnen auch die SUCHEN-Funktion verwenden. Und die Formel wird sein:<\/p><pre class=\"wp-block-code\"> <code class=\"language-excel-formula\" lang=\"excel-formula\">=LOOKUP(2,1\/(A:A&lt;&gt;\"\"),A:A)<\/code><\/pre><p> LOOKUP muss zwei Syntaxen befolgen, und wir haben die Vektorsyntax verwendet. <\/p><div class=\"wp-block-image\"><figure class=\"aligncenter size-full is-resized\"><img loading=\"lazy\" decoding=\"async\" class=\"wp-image-82457\" src=\"https:\/\/exceladvisor.org\/wp-content\/uploads\/2023\/08\/4-rechercher-la-derniere-valeur-dans-la-colonne.png\" sizes=\"auto, \" srcset=\"\" alt=\"Suche nach dem letzten Wert in der Spalte\" width=\"287\" height=\"103\"><\/figure><\/div><h3 class=\"wp-block-heading\"> (A:A&lt;&gt;&#8220;)<\/h3><p> Dieser Teil der Formel gibt ein Array zur\u00fcck, nachdem getestet wurde, ob eine Zelle einen Wert hat.<\/p><p> Hier haben wir uns auf die gesamte Spalte bezogen und deshalb wurde ein gro\u00dfes Array zur\u00fcckgegeben. Aber in den ersten drei Werten k\u00f6nnen Sie sehen, dass wir WAHR haben, das liegt daran, dass wir die Werte in den ersten drei Zellen von Spalte A haben <\/p><div class=\"wp-block-image\"><figure class=\"aligncenter size-full is-resized\"><img loading=\"lazy\" decoding=\"async\" class=\"wp-image-82458\" src=\"https:\/\/exceladvisor.org\/wp-content\/uploads\/2023\/08\/5-fait-reference-a-la-colonne-entiere.png\" sizes=\"auto, \" srcset=\"\" alt=\"Verweis auf die gesamte Spalte\" width=\"523\" height=\"151\"><\/figure><\/div><h3 class=\"wp-block-heading\"> 1\/(A:A&lt;&gt; \u00bb \u00bb)<\/h3><p> Und wenn Sie 1 durch das gesamte vom vorherigen Teil der Formel zur\u00fcckgegebene Array dividieren, erhalten Sie 1 f\u00fcr TRUE und ;#DIV\/0! f\u00fcr alle FALSE-Werte. <\/p><div class=\"wp-block-image\"><figure class=\"aligncenter size-full is-resized\"><img loading=\"lazy\" decoding=\"async\" class=\"wp-image-82460\" src=\"https:\/\/exceladvisor.org\/wp-content\/uploads\/2023\/08\/6-renvoye-par-la-partie-precedente-de-la-formule.png\" sizes=\"auto, \" srcset=\"\" alt=\"vom vorherigen Teil der Formel zur\u00fcckgegeben\" width=\"350\" height=\"124\"><\/figure><\/div><h3 class=\"wp-block-heading\"> A:R<\/h3><p> In diesem Teil der Formel haben Sie den Verweis auf Spalte A. Und es wird ein vollst\u00e4ndiges Array von Spaltenwerten zur\u00fcckgegeben. Wenn die Zelle leer ist, haben Sie eine 0 und den tats\u00e4chlichen Wert, wenn die Zelle nicht leer ist. <\/p><div class=\"wp-block-image\"><figure class=\"aligncenter size-full is-resized\"><img loading=\"lazy\" decoding=\"async\" class=\"wp-image-82461\" src=\"https:\/\/exceladvisor.org\/wp-content\/uploads\/2023\/08\/7-la-cellule-est-vide.png\" sizes=\"auto, \" srcset=\"\" alt=\"Zelle ist leer\" width=\"398\" height=\"94\"><\/figure><\/div><h3 class=\"wp-block-heading\"> SUCHE(2,1\/(A:A&lt;&gt;\u201c\u201c),A:A)<\/h3><p> Wie ich bereits erw\u00e4hnt habe, haben wir die Vektorsyntax der LOOKUP-Funktion verwendet. <\/p><div class=\"wp-block-image\"><figure class=\"aligncenter size-full is-resized\"><img loading=\"lazy\" decoding=\"async\" class=\"wp-image-82462\" src=\"https:\/\/exceladvisor.org\/wp-content\/uploads\/2023\/08\/8-syntaxe-de-vecteur-de-fonction-de-recherche1.png\" sizes=\"auto, \" srcset=\"\" alt=\"Lookup-Funktion-Vektor-Syntax\" width=\"351\" height=\"205\"><\/figure><\/div><ul><li> Im LOOKUP-Vektor haben wir alle Werte wie 1 und 0. 1, wo wir die Werte im RESULT-Vektor haben, und 0, wo wir keine Werte im Ergebnisvektor haben.<\/li><li> Wenn Sie in dem Bereich, in dem alle Werte eine 1 haben, nach 2 suchen, bezieht sich die SEARCH-Funktion auf die letzte 1 im SEARCH-Vektor.<\/li><li> Dann wird der entsprechende Wert des Ergebnisvektors zur\u00fcckgegeben. Dieser letzte Wert ist der letzte exakte Wert von Spalte A. <\/li><\/ul><div class=\"wp-block-image\"><figure class=\"aligncenter size-full is-resized\"><img loading=\"lazy\" decoding=\"async\" class=\"wp-image-82463\" src=\"https:\/\/exceladvisor.org\/wp-content\/uploads\/2023\/08\/9-valeur-correspondante-du-vecteur-de-resultat.png\" sizes=\"auto, \" srcset=\"\" alt=\"entsprechenden-Wert-des-Ergebnisvektors\" width=\"488\" height=\"269\"><\/figure><\/div><h2 class=\"wp-block-heading\"> Den letzten Wert einer Zeile ermitteln<\/h2><p> Es kann verwendet werden, um den Wert der letzten nicht leeren Zelle in einer Zeile abzurufen. Sie m\u00fcssen also nur die Referenz \u00e4ndern, die Sie haben. <\/p><div class=\"wp-block-image\"><figure class=\"aligncenter size-full is-resized\"><img loading=\"lazy\" decoding=\"async\" class=\"wp-image-82464\" src=\"https:\/\/exceladvisor.org\/wp-content\/uploads\/2023\/08\/10-recherche-de-la-valeur-de-la-derniere-ligne1.png\" sizes=\"auto, \" srcset=\"\" alt=\"Ermitteln des Werts der letzten Zeile\" width=\"512\" height=\"231\"><\/figure><\/div><pre class=\"wp-block-code\"> <code class=\"language-excel-formula\" lang=\"excel-formula\">=LOOKUP(2,1\/(1:1&lt;&gt;\"\"),1:1)<\/code><\/pre><p> In dieser Formel haben wir uns auf die gesamte Zeile (Zeile 1) f\u00fcr den Suchvektor und die im Ergebnisvektor bezogen. Und wenn Sie die Eingabetaste dr\u00fccken, wird der Wert von Zelle D1 zur\u00fcckgegeben, der letzten nicht leeren Zelle in der Zeile. <\/p><div class=\"gb-container gb-container-52dfcee1 gb-container-sample-file\"><h2 class=\"gb-headline gb-headline-e289c143 gb-headline-text gb-headline-4f7959c2\"> Holen Sie sich die Excel-Datei<\/h2> <a class=\"gb-button gb-button-e88d6bee gb-button-text gb-button-button1\" href=\"https:\/\/exceladvisor.org\/wp-content\/uploads\/2023\/08\/rechercher-la-derniere-valeur.xlsx\" rel=\"nofollow\">Herunterladen<\/a><\/div><div class=\"gb-container gb-container-0df56012 gb-container-mt\"> <a class=\"gb-button gb-button-f9f432f4 gb-button-text gb-button-mt-button\" href=\"https:\/\/exceladvisor.org\/de\/formeln\/\">Liste der Excel-Formeln<\/a><h2 class=\"gb-headline gb-headline-233444e8 gb-headline-text gb-headline-mt-heading\"> Verwandte Formeln <\/h2><div class=\"gb-grid-wrapper gb-grid-wrapper-a16fa65c gb-grid-wrapper-mt-grid\"><div class=\"gb-grid-column gb-grid-column-50d07e0d\"><div class=\"gb-container gb-container-50d07e0d\"><ul><li> <a href=\"https:\/\/exceladvisor.org\/de\/iferror-vlookup\/\">IFERROR mit VLOOKUP in Excel, um #N\/A in Excel zu ersetzen<\/a><\/li><li> <a href=\"https:\/\/exceladvisor.org\/de\/bidirektionale-suche\/\">F\u00fchren Sie eine bidirektionale Suche in Excel durch<\/a><\/li><li> <a href=\"https:\/\/exceladvisor.org\/de\/ruckwartssuche\/\">Reverse VLOOKUP (r\u00fcckw\u00e4rts: von rechts nach links) in Excel<\/a><\/li><li> <a href=\"https:\/\/exceladvisor.org\/de\/vsearch-ubereinstimmung\/\">Kombinieren von VLOOKUP MATCH in Excel<\/a><\/li><li> <a href=\"https:\/\/exceladvisor.org\/de\/suchen-sie-nach-mehreren-kriterien\/\">SVERWEIS mit mehreren Kriterien in Excel<\/a><\/li><\/ul><\/div><\/div><\/div><\/div>","protected":false},"excerpt":{"rendered":"","protected":false},"author":1,"featured_media":0,"parent":0,"menu_order":0,"comment_status":"open","ping_status":"closed","template":"","meta":{"ub_ctt_via":"","footnotes":""},"class_list":["post-3276","page","type-page","status-publish","hentry"],"featured_image_src":null,"yoast_head":"<!-- This site is optimized with the Yoast SEO plugin v25.4 - https:\/\/yoast.com\/wordpress\/plugins\/seo\/ -->\n<title>Suchen Sie den letzten Wert in einer Spalte oder Zeile<\/title>\n<meta name=\"description\" content=\"In diesem Tutorial lernen Sie, wie Sie eine Excel-Formel schreiben, um den letzten Wert in einer Spalte oder Zeile zu finden. Lassen Sie uns das \u00fcberpr\u00fcfen ...\" \/>\n<meta name=\"robots\" content=\"index, follow, max-snippet:-1, max-image-preview:large, max-video-preview:-1\" \/>\n<link rel=\"canonical\" href=\"https:\/\/exceladvisor.org\/de\/letzten-wert-finden-2\/\" \/>\n<meta property=\"og:locale\" content=\"de_DE\" \/>\n<meta property=\"og:type\" content=\"article\" \/>\n<meta property=\"og:title\" content=\"Suchen Sie den letzten Wert in einer Spalte oder Zeile\" \/>\n<meta property=\"og:description\" content=\"In diesem Tutorial lernen Sie, wie Sie eine Excel-Formel schreiben, um den letzten Wert in einer Spalte oder Zeile zu finden. Lassen Sie uns das \u00fcberpr\u00fcfen ...\" \/>\n<meta property=\"og:url\" content=\"https:\/\/exceladvisor.org\/de\/letzten-wert-finden-2\/\" \/>\n<meta property=\"og:site_name\" content=\"Excel Advisor\" \/>\n<meta property=\"article:modified_time\" content=\"2023-12-03T11:12:54+00:00\" \/>\n<meta property=\"og:image\" content=\"https:\/\/exceladvisor.org\/wp-content\/uploads\/2023\/08\/1-recherche-de-la-derniere-valeur-dune-cellule-ou-dune-ligne.png\" \/>\n<meta name=\"twitter:card\" content=\"summary_large_image\" \/>\n<meta name=\"twitter:label1\" content=\"Gesch\u00e4tzte Lesezeit\" \/>\n\t<meta name=\"twitter:data1\" content=\"3\u00a0Minuten\" \/>\n<script type=\"application\/ld+json\" class=\"yoast-schema-graph\">{\"@context\":\"https:\/\/schema.org\",\"@graph\":[{\"@type\":\"WebPage\",\"@id\":\"https:\/\/exceladvisor.org\/de\/letzten-wert-finden-2\/\",\"url\":\"https:\/\/exceladvisor.org\/de\/letzten-wert-finden-2\/\",\"name\":\"Suchen Sie den letzten Wert in einer Spalte oder Zeile\",\"isPartOf\":{\"@id\":\"https:\/\/exceladvisor.org\/de\/#website\"},\"primaryImageOfPage\":{\"@id\":\"https:\/\/exceladvisor.org\/de\/letzten-wert-finden-2\/#primaryimage\"},\"image\":{\"@id\":\"https:\/\/exceladvisor.org\/de\/letzten-wert-finden-2\/#primaryimage\"},\"thumbnailUrl\":\"https:\/\/exceladvisor.org\/wp-content\/uploads\/2023\/08\/1-recherche-de-la-derniere-valeur-dune-cellule-ou-dune-ligne.png\",\"datePublished\":\"2023-11-05T06:20:08+00:00\",\"dateModified\":\"2023-12-03T11:12:54+00:00\",\"description\":\"In diesem Tutorial lernen Sie, wie Sie eine Excel-Formel schreiben, um den letzten Wert in einer Spalte oder Zeile zu finden. Lassen Sie uns das \u00fcberpr\u00fcfen ...\",\"breadcrumb\":{\"@id\":\"https:\/\/exceladvisor.org\/de\/letzten-wert-finden-2\/#breadcrumb\"},\"inLanguage\":\"de\",\"potentialAction\":[{\"@type\":\"ReadAction\",\"target\":[\"https:\/\/exceladvisor.org\/de\/letzten-wert-finden-2\/\"]}]},{\"@type\":\"ImageObject\",\"inLanguage\":\"de\",\"@id\":\"https:\/\/exceladvisor.org\/de\/letzten-wert-finden-2\/#primaryimage\",\"url\":\"https:\/\/exceladvisor.org\/wp-content\/uploads\/2023\/08\/1-recherche-de-la-derniere-valeur-dune-cellule-ou-dune-ligne.png\",\"contentUrl\":\"https:\/\/exceladvisor.org\/wp-content\/uploads\/2023\/08\/1-recherche-de-la-derniere-valeur-dune-cellule-ou-dune-ligne.png\"},{\"@type\":\"BreadcrumbList\",\"@id\":\"https:\/\/exceladvisor.org\/de\/letzten-wert-finden-2\/#breadcrumb\",\"itemListElement\":[{\"@type\":\"ListItem\",\"position\":1,\"name\":\"Accueil\",\"item\":\"https:\/\/exceladvisor.org\/de\/\"},{\"@type\":\"ListItem\",\"position\":2,\"name\":\"Suchen sie den letzten wert in einer spalte oder zeile\"}]},{\"@type\":\"WebSite\",\"@id\":\"https:\/\/exceladvisor.org\/de\/#website\",\"url\":\"https:\/\/exceladvisor.org\/de\/\",\"name\":\"Excel Advisor\",\"description\":\"Ihr Leitfaden zur Datendominanz\",\"publisher\":{\"@id\":\"https:\/\/exceladvisor.org\/de\/#organization\"},\"potentialAction\":[{\"@type\":\"SearchAction\",\"target\":{\"@type\":\"EntryPoint\",\"urlTemplate\":\"https:\/\/exceladvisor.org\/de\/?s={search_term_string}\"},\"query-input\":{\"@type\":\"PropertyValueSpecification\",\"valueRequired\":true,\"valueName\":\"search_term_string\"}}],\"inLanguage\":\"de\"},{\"@type\":\"Organization\",\"@id\":\"https:\/\/exceladvisor.org\/de\/#organization\",\"name\":\"Excel Advisor\",\"url\":\"https:\/\/exceladvisor.org\/de\/\",\"logo\":{\"@type\":\"ImageObject\",\"inLanguage\":\"de\",\"@id\":\"https:\/\/exceladvisor.org\/de\/#\/schema\/logo\/image\/\",\"url\":\"https:\/\/exceladvisor.org\/de\/wp-content\/uploads\/2023\/11\/exceladvisor.org_.png\",\"contentUrl\":\"https:\/\/exceladvisor.org\/de\/wp-content\/uploads\/2023\/11\/exceladvisor.org_.png\",\"width\":105,\"height\":36,\"caption\":\"Excel Advisor\"},\"image\":{\"@id\":\"https:\/\/exceladvisor.org\/de\/#\/schema\/logo\/image\/\"}}]}<\/script>\n<!-- \/ Yoast SEO plugin. -->","yoast_head_json":{"title":"Suchen Sie den letzten Wert in einer Spalte oder Zeile","description":"In diesem Tutorial lernen Sie, wie Sie eine Excel-Formel schreiben, um den letzten Wert in einer Spalte oder Zeile zu finden. Lassen Sie uns das \u00fcberpr\u00fcfen ...","robots":{"index":"index","follow":"follow","max-snippet":"max-snippet:-1","max-image-preview":"max-image-preview:large","max-video-preview":"max-video-preview:-1"},"canonical":"https:\/\/exceladvisor.org\/de\/letzten-wert-finden-2\/","og_locale":"de_DE","og_type":"article","og_title":"Suchen Sie den letzten Wert in einer Spalte oder Zeile","og_description":"In diesem Tutorial lernen Sie, wie Sie eine Excel-Formel schreiben, um den letzten Wert in einer Spalte oder Zeile zu finden. Lassen Sie uns das \u00fcberpr\u00fcfen ...","og_url":"https:\/\/exceladvisor.org\/de\/letzten-wert-finden-2\/","og_site_name":"Excel Advisor","article_modified_time":"2023-12-03T11:12:54+00:00","og_image":[{"url":"https:\/\/exceladvisor.org\/wp-content\/uploads\/2023\/08\/1-recherche-de-la-derniere-valeur-dune-cellule-ou-dune-ligne.png","type":"","width":"","height":""}],"twitter_card":"summary_large_image","twitter_misc":{"Gesch\u00e4tzte Lesezeit":"3\u00a0Minuten"},"schema":{"@context":"https:\/\/schema.org","@graph":[{"@type":"WebPage","@id":"https:\/\/exceladvisor.org\/de\/letzten-wert-finden-2\/","url":"https:\/\/exceladvisor.org\/de\/letzten-wert-finden-2\/","name":"Suchen Sie den letzten Wert in einer Spalte oder Zeile","isPartOf":{"@id":"https:\/\/exceladvisor.org\/de\/#website"},"primaryImageOfPage":{"@id":"https:\/\/exceladvisor.org\/de\/letzten-wert-finden-2\/#primaryimage"},"image":{"@id":"https:\/\/exceladvisor.org\/de\/letzten-wert-finden-2\/#primaryimage"},"thumbnailUrl":"https:\/\/exceladvisor.org\/wp-content\/uploads\/2023\/08\/1-recherche-de-la-derniere-valeur-dune-cellule-ou-dune-ligne.png","datePublished":"2023-11-05T06:20:08+00:00","dateModified":"2023-12-03T11:12:54+00:00","description":"In diesem Tutorial lernen Sie, wie Sie eine Excel-Formel schreiben, um den letzten Wert in einer Spalte oder Zeile zu finden. Lassen Sie uns das \u00fcberpr\u00fcfen ...","breadcrumb":{"@id":"https:\/\/exceladvisor.org\/de\/letzten-wert-finden-2\/#breadcrumb"},"inLanguage":"de","potentialAction":[{"@type":"ReadAction","target":["https:\/\/exceladvisor.org\/de\/letzten-wert-finden-2\/"]}]},{"@type":"ImageObject","inLanguage":"de","@id":"https:\/\/exceladvisor.org\/de\/letzten-wert-finden-2\/#primaryimage","url":"https:\/\/exceladvisor.org\/wp-content\/uploads\/2023\/08\/1-recherche-de-la-derniere-valeur-dune-cellule-ou-dune-ligne.png","contentUrl":"https:\/\/exceladvisor.org\/wp-content\/uploads\/2023\/08\/1-recherche-de-la-derniere-valeur-dune-cellule-ou-dune-ligne.png"},{"@type":"BreadcrumbList","@id":"https:\/\/exceladvisor.org\/de\/letzten-wert-finden-2\/#breadcrumb","itemListElement":[{"@type":"ListItem","position":1,"name":"Accueil","item":"https:\/\/exceladvisor.org\/de\/"},{"@type":"ListItem","position":2,"name":"Suchen sie den letzten wert in einer spalte oder zeile"}]},{"@type":"WebSite","@id":"https:\/\/exceladvisor.org\/de\/#website","url":"https:\/\/exceladvisor.org\/de\/","name":"Excel Advisor","description":"Ihr Leitfaden zur Datendominanz","publisher":{"@id":"https:\/\/exceladvisor.org\/de\/#organization"},"potentialAction":[{"@type":"SearchAction","target":{"@type":"EntryPoint","urlTemplate":"https:\/\/exceladvisor.org\/de\/?s={search_term_string}"},"query-input":{"@type":"PropertyValueSpecification","valueRequired":true,"valueName":"search_term_string"}}],"inLanguage":"de"},{"@type":"Organization","@id":"https:\/\/exceladvisor.org\/de\/#organization","name":"Excel Advisor","url":"https:\/\/exceladvisor.org\/de\/","logo":{"@type":"ImageObject","inLanguage":"de","@id":"https:\/\/exceladvisor.org\/de\/#\/schema\/logo\/image\/","url":"https:\/\/exceladvisor.org\/de\/wp-content\/uploads\/2023\/11\/exceladvisor.org_.png","contentUrl":"https:\/\/exceladvisor.org\/de\/wp-content\/uploads\/2023\/11\/exceladvisor.org_.png","width":105,"height":36,"caption":"Excel Advisor"},"image":{"@id":"https:\/\/exceladvisor.org\/de\/#\/schema\/logo\/image\/"}}]}},"yoast_meta":{"yoast_wpseo_title":"","yoast_wpseo_metadesc":"","yoast_wpseo_canonical":""},"_links":{"self":[{"href":"https:\/\/exceladvisor.org\/de\/wp-json\/wp\/v2\/pages\/3276","targetHints":{"allow":["GET"]}}],"collection":[{"href":"https:\/\/exceladvisor.org\/de\/wp-json\/wp\/v2\/pages"}],"about":[{"href":"https:\/\/exceladvisor.org\/de\/wp-json\/wp\/v2\/types\/page"}],"author":[{"embeddable":true,"href":"https:\/\/exceladvisor.org\/de\/wp-json\/wp\/v2\/users\/1"}],"replies":[{"embeddable":true,"href":"https:\/\/exceladvisor.org\/de\/wp-json\/wp\/v2\/comments?post=3276"}],"version-history":[{"count":1,"href":"https:\/\/exceladvisor.org\/de\/wp-json\/wp\/v2\/pages\/3276\/revisions"}],"predecessor-version":[{"id":3794,"href":"https:\/\/exceladvisor.org\/de\/wp-json\/wp\/v2\/pages\/3276\/revisions\/3794"}],"wp:attachment":[{"href":"https:\/\/exceladvisor.org\/de\/wp-json\/wp\/v2\/media?parent=3276"}],"curies":[{"name":"wp","href":"https:\/\/api.w.org\/{rel}","templated":true}]}}