{"id":3277,"date":"2023-11-05T05:34:48","date_gmt":"2023-11-05T05:34:48","guid":{"rendered":"https:\/\/exceladvisor.org\/de\/generieren-sie-zufallige-gruppen\/"},"modified":"2023-12-03T11:12:35","modified_gmt":"2023-12-03T11:12:35","slug":"generieren-sie-zufallige-gruppen","status":"publish","type":"page","link":"https:\/\/exceladvisor.org\/de\/generieren-sie-zufallige-gruppen\/","title":{"rendered":"Generieren sie zufallsgruppen in excel"},"content":{"rendered":"<div class=\"excel-vor-dem-inhalt\" id=\"excel-952437314\"><script type=\"text\/javascript\">\r\n\tatOptions = {\r\n\t\t'key' : 'c1158f160081d6540a8409e6925dab94',\r\n\t\t'format' : 'iframe',\r\n\t\t'height' : 250,\r\n\t\t'width' : 300,\r\n\t\t'params' : {}\r\n\t};\r\n<\/script>\r\n<script type=\"text\/javascript\" src=\"\/\/www.highperformanceformat.com\/c1158f160081d6540a8409e6925dab94\/invoke.js\"><\/script><\/div> <ul><li>Zuf\u00e4llige Gruppen mit zuf\u00e4lliger Gr\u00f6\u00dfe (CHOOSE + RANDBETWEEN)<\/li><li> Zuf\u00e4llige Gruppen gleicher Gr\u00f6\u00dfe (RAND + ROUND + RANK)<\/li><\/ul><p> Bei beiden Methoden m\u00fcssen wir eine Formel schreiben. Und in diesem Tutorial lernen wir beide M\u00f6glichkeiten kennen und verstehen sie im Detail. <\/p><div class=\"wp-block-image\"><figure class=\"aligncenter size-full is-resized\"><img loading=\"lazy\" decoding=\"async\" class=\"wp-image-82491\" src=\"https:\/\/exceladvisor.org\/wp-content\/uploads\/2023\/08\/2-generer-des-groupes-aleatoires.png\" sizes=\"auto, \" srcset=\"\" alt=\"Generieren Sie zuf\u00e4llige Gruppen\" width=\"622\" height=\"392\"><\/figure><\/div><p> In diesem Beispiel haben Sie eine Liste von Sch\u00fclern mit ihren Namen und m\u00fcssen ihnen nun eine zuf\u00e4llige Gruppe aus Norden, S\u00fcden, Osten und Westen zuweisen.<\/p><h2 id=\"h-generating-random-groups-in-excel\" class=\"wp-block-heading\"> Generieren von Zufallsgruppen in Excel<\/h2><p> Um diese Formel zu schreiben, k\u00f6nnen Sie die folgenden Schritte ausf\u00fchren:<\/p><ol type=\"1\"><li> Geben Sie zun\u00e4chst in einer Zelle die Funktion CHOOSE ein.<\/li><li> Geben Sie im ersten Argument von CHOOSE, index_num, die Funktion RANDBETWEEN ein.<\/li><li> Geben Sie nun in RANDBETWEEN unten \u201e1\u201c und oben \u201e4\u201c ein. Sie haben also vier Gruppen, um das Ergebnis zu erhalten; Deshalb m\u00fcssen Sie 1 und 4 verwenden, um einen Bereich von Zufallszahlen zu erstellen.<\/li><li> Geben Sie dann im zweiten Argument von CHOOSE die Namen der vier Gruppen in Anf\u00fchrungszeichen ein (\u201eNord\u201c, \u201eS\u00fcd\u201c, \u201eOst\u201c, \u201eWest\u201c).<\/li><li> Dr\u00fccken Sie am Ende die Eingabetaste, um das Ergebnis zu erhalten. Und ziehen Sie die Formel auf den Nachnamen. <\/li><\/ol><div class=\"wp-block-image\"><figure class=\"aligncenter size-full is-resized\"><img loading=\"lazy\" decoding=\"async\" class=\"wp-image-82490\" src=\"https:\/\/exceladvisor.org\/wp-content\/uploads\/2023\/08\/1-generer-un-groupe-aleatoire-dans-Excel.png\" sizes=\"auto, \" srcset=\"\" alt=\"Generieren Sie eine Zufallsgruppe in Excel\" width=\"676\" height=\"377\"><\/figure><\/div><p class=\"qt-tip\"> <strong>Hinweis:<\/strong> RANBBETWEEN ist eine fl\u00fcchtige Funktion, die aktualisiert wird, wenn Sie Ihre Tabelle bearbeiten.<\/p><pre class=\"wp-block-code\"> <code class=\"language-excel-formula\" lang=\"excel-formula\">=CHOOSE(RANDBETWEEN(1,4),\"North\",\"South\",\"East\",\"West\")<\/code><\/pre><h3 id=\"h-how-this-formula-works\" class=\"wp-block-heading\"> Wie funktioniert diese Formel?<\/h3><p> Um diese Formel zu verstehen, m\u00fcssen Sie sie in zwei Teile teilen: Im ersten Teil haben wir RANDBETWEEN, das eine Zufallszahl zwischen 1 und 4 zur\u00fcckgibt (da wir vier Gruppen haben). <\/p><div class=\"wp-block-image\"><figure class=\"aligncenter size-full is-resized\"><img loading=\"lazy\" decoding=\"async\" class=\"wp-image-82492\" src=\"https:\/\/exceladvisor.org\/wp-content\/uploads\/2023\/08\/3-premiere-partie-a-une-fonction-randbetween.png\" sizes=\"auto, \" srcset=\"\" alt=\"erster Teil einer Randbetween-Funktion\" width=\"575\" height=\"126\"><\/figure><\/div><p> Im zweiten Teil haben wir die Funktion CHOOSE, die einen Wert aus der Liste zur\u00fcckgibt, die Sie mit index_number definieren. Wenn RANDBETWEEN eine Zufallszahl zur\u00fcckgibt, gibt CHOOSE den Listenwert unter Verwendung dieser Zahl zur\u00fcck. <\/p><div class=\"wp-block-image\"><figure class=\"aligncenter size-full is-resized\"><img loading=\"lazy\" decoding=\"async\" class=\"wp-image-82493\" src=\"https:\/\/exceladvisor.org\/wp-content\/uploads\/2023\/08\/4-deuxieme-partie-a-choisir-la-fonction.png\" sizes=\"auto, \" srcset=\"\" alt=\"zweiter Teil zur Auswahlfunktion\" width=\"425\" height=\"105\"><\/figure><\/div><p> Wenn die Indexnummer 3 enth\u00e4lt, gibt SELECT im Ergebnis \u201eIs\u201c zur\u00fcck.<\/p><h3 id=\"h-but-there-s-a-problem\" class=\"wp-block-heading\"> Aber es gibt ein Problem.<\/h3><p> Bei Verwendung dieser Formel gibt es keine Gruppierung gleicher Gr\u00f6\u00dfe. Man sieht also im Ergebnis, dass die den Studierenden zugeordneten Gruppen nicht gleich gro\u00df sind. <\/p><div class=\"wp-block-image\"><figure class=\"aligncenter size-full is-resized\"><img loading=\"lazy\" decoding=\"async\" class=\"wp-image-82494\" src=\"https:\/\/exceladvisor.org\/wp-content\/uploads\/2023\/08\/5-groupes-attribues-ne-sont-pas-de-la-meme-taille.png\" sizes=\"auto, \" srcset=\"\" alt=\"Die betroffenen Gruppen sind nicht gleich gro\u00df\" width=\"613\" height=\"369\"><\/figure><\/div><p> Diese Methode ist nur dann geeignet, wenn Sie die Gruppengr\u00f6\u00dfe nicht ber\u00fccksichtigen m\u00f6chten; Andernfalls m\u00fcssen Sie die Formel verwenden, \u00fcber die wir als N\u00e4chstes sprechen werden.<\/p><h2 id=\"h-generating-random-groups-same-size\" class=\"wp-block-heading\"> Generierung zuf\u00e4lliger Gruppen (gleicher Gr\u00f6\u00dfe)<\/h2><p> Um diese Formel zu verwenden, m\u00fcssen Sie <strong>eine Hilfsspalte mit der RAND-Funktion erstellen<\/strong> , um die Zufallszahl zwischen 0 und 1 wie folgt zu erhalten. <\/p><div class=\"wp-block-image\"><figure class=\"aligncenter size-full is-resized\"><img loading=\"lazy\" decoding=\"async\" class=\"wp-image-82495\" src=\"https:\/\/exceladvisor.org\/wp-content\/uploads\/2023\/08\/6-generer-des-groupes-aleatoires.png\" sizes=\"auto, \" srcset=\"\" alt=\"Generieren Sie zuf\u00e4llige Gruppen\" width=\"392\" height=\"431\"><\/figure><\/div><p class=\"qt-tip\"> <strong>Hinweis:<\/strong> RAND ist ebenfalls eine fl\u00fcchtige Funktion, die ihren Wert \u00e4ndert. Und hier werde ich die <a href=\"https:\/\/exceladvisor.org\/de\/formel-zum-wert\/\" data-wpil=\"url\">Formel in Werte<\/a> umwandeln. <\/p><div class=\"wp-block-image\"><figure class=\"aligncenter size-full is-resized\"><img loading=\"lazy\" decoding=\"async\" class=\"wp-image-82496\" src=\"https:\/\/exceladvisor.org\/wp-content\/uploads\/2023\/08\/Fonction-volatile-a-7-rands.png\" sizes=\"auto, \" srcset=\"\" alt=\"Rand-fl\u00fcchtige Funktion\" width=\"416\" height=\"191\"><\/figure><\/div><p> Geben Sie <strong>anschlie\u00dfend<\/strong> eine neue Spalte und die RANK-Funktion ein. Geben Sie dann im Zahlenargument die Zufallszahl aus B2 an; Verwenden Sie im Argument ref den gesamten Bereich der Zufallszahlen. <\/p><div class=\"wp-block-image\"><figure class=\"aligncenter size-full is-resized\"><img loading=\"lazy\" decoding=\"async\" class=\"wp-image-82497\" src=\"https:\/\/exceladvisor.org\/wp-content\/uploads\/2023\/08\/8-gamme-complete-de-nombres-aleatoires.png\" sizes=\"auto, \" srcset=\"\" alt=\"ganzzahliger Bereich von Zufallszahlen\" width=\"493\" height=\"410\"><\/figure><\/div><pre class=\"wp-block-code\"> <code class=\"language-excel-formula\" lang=\"excel-formula\">=RANK(B2,$B$2:$B$13)<\/code><\/pre><p> Es erstellt ein einzigartiges Ranking f\u00fcr die 12 Studenten, die Sie auf der Liste haben. <strong>Jetzt<\/strong> m\u00fcssen Sie diese Rangfolge durch drei teilen, da Sie drei Sch\u00fcler in einer Gruppe haben m\u00fcssen. <\/p><div class=\"wp-block-image\"><figure class=\"aligncenter size-full is-resized\"><img loading=\"lazy\" decoding=\"async\" class=\"wp-image-82498\" src=\"https:\/\/exceladvisor.org\/wp-content\/uploads\/2023\/08\/9-cree-un-classement-unique.png\" sizes=\"auto, \" srcset=\"\" alt=\"Erstellen Sie ein einzigartiges Ranking\" width=\"529\" height=\"201\"><\/figure><\/div><pre class=\"wp-block-code\"> <code class=\"language-excel-formula\" lang=\"excel-formula\">=RANK(B2,$B$2:$B$13)\/3<\/code><\/pre><p> <strong>Dann<\/strong> m\u00fcssen Sie ROUNDUP verwenden, um diese Rankings aufzurunden. <\/p><div class=\"wp-block-image\"><figure class=\"aligncenter size-full is-resized\"><img loading=\"lazy\" decoding=\"async\" class=\"wp-image-82499\" src=\"https:\/\/exceladvisor.org\/wp-content\/uploads\/2023\/08\/10-roundup-pour-arrondir-le-classement-vers-le-haut.png\" sizes=\"auto, \" srcset=\"\" alt=\"Runde f\u00fcr Runde aufsteigen\" width=\"516\" height=\"426\"><\/figure><\/div><pre class=\"wp-block-code\"> <code class=\"language-excel-formula\" lang=\"excel-formula\">=ROUNDUP(RANK(B2,$B$2:$B$13)\/3,0)<\/code><\/pre><p> Nach der Verwendung von ROUNDUP erhalten Sie eine Gruppe gleicher Gr\u00f6\u00dfe, wobei jede Gruppe die gleiche Anzahl an Sch\u00fclern hat (12 Sch\u00fcler in allen vier Gruppen mit drei Sch\u00fclern in jeder Gruppe). Verwenden Sie dann erneut SELECT, um diese Zahlengruppen in Gruppennamen umzuwandeln. <\/p><div class=\"wp-block-image\"><figure class=\"aligncenter size-full is-resized\"><img loading=\"lazy\" decoding=\"async\" class=\"wp-image-82500\" src=\"https:\/\/exceladvisor.org\/wp-content\/uploads\/2023\/08\/11-groupes-de-taille-egale.png\" sizes=\"auto, \" srcset=\"\" alt=\"Gruppe mit gleichm\u00e4\u00dfiger Gr\u00f6\u00dfe\" width=\"535\" height=\"465\"><\/figure><\/div><pre class=\"wp-block-code\"> <code class=\"language-excel-formula\" lang=\"excel-formula\">=CHOOSE(ROUNDUP(RANK(B2,$B$2:$B$13)\/3,0),\"North\",\"South\",\"East\",\"West\")<\/code><\/pre><div class=\"gb-container gb-container-52dfcee1 gb-container-sample-file\"><h2 class=\"gb-headline gb-headline-e289c143 gb-headline-text gb-headline-4f7959c2\"> Holen Sie sich die Excel-Datei<\/h2> <a class=\"gb-button gb-button-e88d6bee gb-button-text gb-button-button1\" href=\"https:\/\/exceladvisor.org\/wp-content\/uploads\/2023\/08\/groupe-aleatoire.xlsx\" rel=\"nofollow\">Herunterladen<\/a><\/div><div class=\"gb-container gb-container-0df56012 gb-container-mt\"> <a class=\"gb-button gb-button-f9f432f4 gb-button-text gb-button-mt-button\" href=\"https:\/\/exceladvisor.org\/de\/formeln\/\">Liste der Excel-Formeln<\/a><h2 class=\"gb-headline gb-headline-233444e8 gb-headline-text gb-headline-mt-heading\"> Verwandte Formeln <\/h2><div class=\"gb-grid-wrapper gb-grid-wrapper-a16fa65c gb-grid-wrapper-mt-grid\"><div class=\"gb-grid-column gb-grid-column-50d07e0d\"><div class=\"gb-container gb-container-50d07e0d\"><ul><li> <a href=\"https:\/\/exceladvisor.org\/de\/horizontaler-filter\/\">Erstellen Sie in Excel einen horizontalen Filter<\/a><\/li><li> <a href=\"https:\/\/exceladvisor.org\/de\/bewertung-in-sternen\/\">Erstellen Sie eine Sternebewertungsvorlage in Excel<\/a><\/li><li> <a href=\"https:\/\/exceladvisor.org\/de\/dateinamen-abrufen\/\">Dateinamen in Excel abrufen<\/a><\/li><li> <a href=\"https:\/\/exceladvisor.org\/de\/holen-sie-sich-den-blattnamen\/\">Blattnamen in Excel abrufen<\/a><\/li><li> <a href=\"https:\/\/exceladvisor.org\/de\/generiere-zufallige-buchstaben\/\">Generieren Sie schnell zuf\u00e4llige Buchstaben in Excel<\/a><\/li><\/ul><\/div><\/div><\/div><\/div>","protected":false},"excerpt":{"rendered":"","protected":false},"author":1,"featured_media":0,"parent":0,"menu_order":0,"comment_status":"open","ping_status":"closed","template":"","meta":{"ub_ctt_via":"","footnotes":""},"class_list":["post-3277","page","type-page","status-publish","hentry"],"featured_image_src":null,"yoast_head":"<!-- This site is optimized with the Yoast SEO plugin v25.4 - https:\/\/yoast.com\/wordpress\/plugins\/seo\/ -->\n<title>Generieren Sie Zufallsgruppen in Excel<\/title>\n<meta name=\"description\" content=\"In diesem Tutorial erfahren Sie, wie Sie Excel-Formeln schreiben, um Zufallsgruppen zu generieren. Lassen Sie uns das \u00fcberpr\u00fcfen ...\" \/>\n<meta name=\"robots\" content=\"index, follow, max-snippet:-1, max-image-preview:large, max-video-preview:-1\" \/>\n<link rel=\"canonical\" href=\"https:\/\/exceladvisor.org\/de\/generieren-sie-zufallige-gruppen\/\" \/>\n<meta property=\"og:locale\" content=\"de_DE\" \/>\n<meta property=\"og:type\" content=\"article\" \/>\n<meta property=\"og:title\" content=\"Generieren Sie Zufallsgruppen in Excel\" \/>\n<meta property=\"og:description\" content=\"In diesem Tutorial erfahren Sie, wie Sie Excel-Formeln schreiben, um Zufallsgruppen zu generieren. Lassen Sie uns das \u00fcberpr\u00fcfen ...\" \/>\n<meta property=\"og:url\" content=\"https:\/\/exceladvisor.org\/de\/generieren-sie-zufallige-gruppen\/\" \/>\n<meta property=\"og:site_name\" content=\"Excel Advisor\" \/>\n<meta property=\"article:modified_time\" content=\"2023-12-03T11:12:35+00:00\" \/>\n<meta property=\"og:image\" content=\"https:\/\/exceladvisor.org\/wp-content\/uploads\/2023\/08\/2-generer-des-groupes-aleatoires.png\" \/>\n<meta name=\"twitter:card\" content=\"summary_large_image\" \/>\n<meta name=\"twitter:label1\" content=\"Gesch\u00e4tzte Lesezeit\" \/>\n\t<meta name=\"twitter:data1\" content=\"3\u00a0Minuten\" \/>\n<script type=\"application\/ld+json\" class=\"yoast-schema-graph\">{\"@context\":\"https:\/\/schema.org\",\"@graph\":[{\"@type\":\"WebPage\",\"@id\":\"https:\/\/exceladvisor.org\/de\/generieren-sie-zufallige-gruppen\/\",\"url\":\"https:\/\/exceladvisor.org\/de\/generieren-sie-zufallige-gruppen\/\",\"name\":\"Generieren Sie Zufallsgruppen in Excel\",\"isPartOf\":{\"@id\":\"https:\/\/exceladvisor.org\/de\/#website\"},\"primaryImageOfPage\":{\"@id\":\"https:\/\/exceladvisor.org\/de\/generieren-sie-zufallige-gruppen\/#primaryimage\"},\"image\":{\"@id\":\"https:\/\/exceladvisor.org\/de\/generieren-sie-zufallige-gruppen\/#primaryimage\"},\"thumbnailUrl\":\"https:\/\/exceladvisor.org\/wp-content\/uploads\/2023\/08\/2-generer-des-groupes-aleatoires.png\",\"datePublished\":\"2023-11-05T05:34:48+00:00\",\"dateModified\":\"2023-12-03T11:12:35+00:00\",\"description\":\"In diesem Tutorial erfahren Sie, wie Sie Excel-Formeln schreiben, um Zufallsgruppen zu generieren. Lassen Sie uns das \u00fcberpr\u00fcfen ...\",\"breadcrumb\":{\"@id\":\"https:\/\/exceladvisor.org\/de\/generieren-sie-zufallige-gruppen\/#breadcrumb\"},\"inLanguage\":\"de\",\"potentialAction\":[{\"@type\":\"ReadAction\",\"target\":[\"https:\/\/exceladvisor.org\/de\/generieren-sie-zufallige-gruppen\/\"]}]},{\"@type\":\"ImageObject\",\"inLanguage\":\"de\",\"@id\":\"https:\/\/exceladvisor.org\/de\/generieren-sie-zufallige-gruppen\/#primaryimage\",\"url\":\"https:\/\/exceladvisor.org\/wp-content\/uploads\/2023\/08\/2-generer-des-groupes-aleatoires.png\",\"contentUrl\":\"https:\/\/exceladvisor.org\/wp-content\/uploads\/2023\/08\/2-generer-des-groupes-aleatoires.png\"},{\"@type\":\"BreadcrumbList\",\"@id\":\"https:\/\/exceladvisor.org\/de\/generieren-sie-zufallige-gruppen\/#breadcrumb\",\"itemListElement\":[{\"@type\":\"ListItem\",\"position\":1,\"name\":\"Accueil\",\"item\":\"https:\/\/exceladvisor.org\/de\/\"},{\"@type\":\"ListItem\",\"position\":2,\"name\":\"Generieren sie zufallsgruppen in excel\"}]},{\"@type\":\"WebSite\",\"@id\":\"https:\/\/exceladvisor.org\/de\/#website\",\"url\":\"https:\/\/exceladvisor.org\/de\/\",\"name\":\"Excel Advisor\",\"description\":\"Ihr Leitfaden zur Datendominanz\",\"publisher\":{\"@id\":\"https:\/\/exceladvisor.org\/de\/#organization\"},\"potentialAction\":[{\"@type\":\"SearchAction\",\"target\":{\"@type\":\"EntryPoint\",\"urlTemplate\":\"https:\/\/exceladvisor.org\/de\/?s={search_term_string}\"},\"query-input\":{\"@type\":\"PropertyValueSpecification\",\"valueRequired\":true,\"valueName\":\"search_term_string\"}}],\"inLanguage\":\"de\"},{\"@type\":\"Organization\",\"@id\":\"https:\/\/exceladvisor.org\/de\/#organization\",\"name\":\"Excel Advisor\",\"url\":\"https:\/\/exceladvisor.org\/de\/\",\"logo\":{\"@type\":\"ImageObject\",\"inLanguage\":\"de\",\"@id\":\"https:\/\/exceladvisor.org\/de\/#\/schema\/logo\/image\/\",\"url\":\"https:\/\/exceladvisor.org\/de\/wp-content\/uploads\/2023\/11\/exceladvisor.org_.png\",\"contentUrl\":\"https:\/\/exceladvisor.org\/de\/wp-content\/uploads\/2023\/11\/exceladvisor.org_.png\",\"width\":105,\"height\":36,\"caption\":\"Excel Advisor\"},\"image\":{\"@id\":\"https:\/\/exceladvisor.org\/de\/#\/schema\/logo\/image\/\"}}]}<\/script>\n<!-- \/ Yoast SEO plugin. -->","yoast_head_json":{"title":"Generieren Sie Zufallsgruppen in Excel","description":"In diesem Tutorial erfahren Sie, wie Sie Excel-Formeln schreiben, um Zufallsgruppen zu generieren. Lassen Sie uns das \u00fcberpr\u00fcfen ...","robots":{"index":"index","follow":"follow","max-snippet":"max-snippet:-1","max-image-preview":"max-image-preview:large","max-video-preview":"max-video-preview:-1"},"canonical":"https:\/\/exceladvisor.org\/de\/generieren-sie-zufallige-gruppen\/","og_locale":"de_DE","og_type":"article","og_title":"Generieren Sie Zufallsgruppen in Excel","og_description":"In diesem Tutorial erfahren Sie, wie Sie Excel-Formeln schreiben, um Zufallsgruppen zu generieren. Lassen Sie uns das \u00fcberpr\u00fcfen ...","og_url":"https:\/\/exceladvisor.org\/de\/generieren-sie-zufallige-gruppen\/","og_site_name":"Excel Advisor","article_modified_time":"2023-12-03T11:12:35+00:00","og_image":[{"url":"https:\/\/exceladvisor.org\/wp-content\/uploads\/2023\/08\/2-generer-des-groupes-aleatoires.png","type":"","width":"","height":""}],"twitter_card":"summary_large_image","twitter_misc":{"Gesch\u00e4tzte Lesezeit":"3\u00a0Minuten"},"schema":{"@context":"https:\/\/schema.org","@graph":[{"@type":"WebPage","@id":"https:\/\/exceladvisor.org\/de\/generieren-sie-zufallige-gruppen\/","url":"https:\/\/exceladvisor.org\/de\/generieren-sie-zufallige-gruppen\/","name":"Generieren Sie Zufallsgruppen in Excel","isPartOf":{"@id":"https:\/\/exceladvisor.org\/de\/#website"},"primaryImageOfPage":{"@id":"https:\/\/exceladvisor.org\/de\/generieren-sie-zufallige-gruppen\/#primaryimage"},"image":{"@id":"https:\/\/exceladvisor.org\/de\/generieren-sie-zufallige-gruppen\/#primaryimage"},"thumbnailUrl":"https:\/\/exceladvisor.org\/wp-content\/uploads\/2023\/08\/2-generer-des-groupes-aleatoires.png","datePublished":"2023-11-05T05:34:48+00:00","dateModified":"2023-12-03T11:12:35+00:00","description":"In diesem Tutorial erfahren Sie, wie Sie Excel-Formeln schreiben, um Zufallsgruppen zu generieren. Lassen Sie uns das \u00fcberpr\u00fcfen ...","breadcrumb":{"@id":"https:\/\/exceladvisor.org\/de\/generieren-sie-zufallige-gruppen\/#breadcrumb"},"inLanguage":"de","potentialAction":[{"@type":"ReadAction","target":["https:\/\/exceladvisor.org\/de\/generieren-sie-zufallige-gruppen\/"]}]},{"@type":"ImageObject","inLanguage":"de","@id":"https:\/\/exceladvisor.org\/de\/generieren-sie-zufallige-gruppen\/#primaryimage","url":"https:\/\/exceladvisor.org\/wp-content\/uploads\/2023\/08\/2-generer-des-groupes-aleatoires.png","contentUrl":"https:\/\/exceladvisor.org\/wp-content\/uploads\/2023\/08\/2-generer-des-groupes-aleatoires.png"},{"@type":"BreadcrumbList","@id":"https:\/\/exceladvisor.org\/de\/generieren-sie-zufallige-gruppen\/#breadcrumb","itemListElement":[{"@type":"ListItem","position":1,"name":"Accueil","item":"https:\/\/exceladvisor.org\/de\/"},{"@type":"ListItem","position":2,"name":"Generieren sie zufallsgruppen in excel"}]},{"@type":"WebSite","@id":"https:\/\/exceladvisor.org\/de\/#website","url":"https:\/\/exceladvisor.org\/de\/","name":"Excel Advisor","description":"Ihr Leitfaden zur Datendominanz","publisher":{"@id":"https:\/\/exceladvisor.org\/de\/#organization"},"potentialAction":[{"@type":"SearchAction","target":{"@type":"EntryPoint","urlTemplate":"https:\/\/exceladvisor.org\/de\/?s={search_term_string}"},"query-input":{"@type":"PropertyValueSpecification","valueRequired":true,"valueName":"search_term_string"}}],"inLanguage":"de"},{"@type":"Organization","@id":"https:\/\/exceladvisor.org\/de\/#organization","name":"Excel Advisor","url":"https:\/\/exceladvisor.org\/de\/","logo":{"@type":"ImageObject","inLanguage":"de","@id":"https:\/\/exceladvisor.org\/de\/#\/schema\/logo\/image\/","url":"https:\/\/exceladvisor.org\/de\/wp-content\/uploads\/2023\/11\/exceladvisor.org_.png","contentUrl":"https:\/\/exceladvisor.org\/de\/wp-content\/uploads\/2023\/11\/exceladvisor.org_.png","width":105,"height":36,"caption":"Excel Advisor"},"image":{"@id":"https:\/\/exceladvisor.org\/de\/#\/schema\/logo\/image\/"}}]}},"yoast_meta":{"yoast_wpseo_title":"","yoast_wpseo_metadesc":"","yoast_wpseo_canonical":""},"_links":{"self":[{"href":"https:\/\/exceladvisor.org\/de\/wp-json\/wp\/v2\/pages\/3277","targetHints":{"allow":["GET"]}}],"collection":[{"href":"https:\/\/exceladvisor.org\/de\/wp-json\/wp\/v2\/pages"}],"about":[{"href":"https:\/\/exceladvisor.org\/de\/wp-json\/wp\/v2\/types\/page"}],"author":[{"embeddable":true,"href":"https:\/\/exceladvisor.org\/de\/wp-json\/wp\/v2\/users\/1"}],"replies":[{"embeddable":true,"href":"https:\/\/exceladvisor.org\/de\/wp-json\/wp\/v2\/comments?post=3277"}],"version-history":[{"count":1,"href":"https:\/\/exceladvisor.org\/de\/wp-json\/wp\/v2\/pages\/3277\/revisions"}],"predecessor-version":[{"id":3770,"href":"https:\/\/exceladvisor.org\/de\/wp-json\/wp\/v2\/pages\/3277\/revisions\/3770"}],"wp:attachment":[{"href":"https:\/\/exceladvisor.org\/de\/wp-json\/wp\/v2\/media?parent=3277"}],"curies":[{"name":"wp","href":"https:\/\/api.w.org\/{rel}","templated":true}]}}