{"id":3278,"date":"2023-11-05T01:44:39","date_gmt":"2023-11-05T01:44:39","guid":{"rendered":"https:\/\/exceladvisor.org\/de\/uberprufen-sie-ob-ein-wert-in-einem-bereich-vorhanden-ist\/"},"modified":"2023-12-03T13:05:16","modified_gmt":"2023-12-03T13:05:16","slug":"uberprufen-sie-ob-ein-wert-in-einem-bereich-vorhanden-ist","status":"publish","type":"page","link":"https:\/\/exceladvisor.org\/de\/uberprufen-sie-ob-ein-wert-in-einem-bereich-vorhanden-ist\/","title":{"rendered":"Wie \u00fcberpr\u00fcfe ich, ob ein wert in einem bereich vorhanden ist?"},"content":{"rendered":"<div class=\"excel-vor-dem-inhalt\" id=\"excel-866359825\"><script type=\"text\/javascript\">\r\n\tatOptions = {\r\n\t\t'key' : 'c1158f160081d6540a8409e6925dab94',\r\n\t\t'format' : 'iframe',\r\n\t\t'height' : 250,\r\n\t\t'width' : 300,\r\n\t\t'params' : {}\r\n\t};\r\n<\/script>\r\n<script type=\"text\/javascript\" src=\"\/\/www.highperformanceformat.com\/c1158f160081d6540a8409e6925dab94\/invoke.js\"><\/script><\/div> <p>Um in Excel zu pr\u00fcfen, ob ein Wert in einem Bereich vorhanden ist oder nicht, k\u00f6nnen Sie neben der IF-Funktion auch die Z\u00c4HLENWENN-Funktion verwenden. Mit COUNTIF k\u00f6nnen Sie den Wert \u00fcberpr\u00fcfen und mit IF k\u00f6nnen Sie einen Ergebniswert zur\u00fcckgeben, der dem Benutzer angezeigt wird. das hei\u00dft, ja oder nein, gefunden oder nicht gefunden.<\/p><h2 id=\"h-check-for-a-value-in-a-range\" class=\"wp-block-heading\"> Finden Sie einen Wert in einem Bereich<\/h2><p> Im folgenden Beispiel haben Sie eine Namensliste, in der nur Vornamen stehen, und m\u00fcssen nun pr\u00fcfen, ob \u201eGLEN\u201c dort steht oder nicht. <\/p><div class=\"wp-block-image\"><figure class=\"aligncenter size-full is-resized\"><img loading=\"lazy\" decoding=\"async\" class=\"wp-image-67089\" src=\"https:\/\/exceladvisor.org\/wp-content\/uploads\/2023\/08\/1-liste-de-noms.png\" sizes=\"auto, \" srcset=\"\" alt=\"Namensliste\" width=\"268\" height=\"296\"><\/figure><\/div><p> Sie k\u00f6nnen die folgenden Schritte verwenden:<\/p><ol><li> Zuerst m\u00fcssen Sie die IF-Funktion in Zelle B1 eingeben. <br><img loading=\"lazy\" decoding=\"async\" title=\"2-Funktion-wenn eingeben\" src=\"https:\/\/exceladvisor.org\/wp-content\/uploads\/2023\/08\/2-entrez-la-fonction-if.png\" sizes=\"auto, \" srcset=\"\" alt=\"enter-the-if-function\" width=\"538\" height=\"173\"><\/li><li> Danach m\u00fcssen Sie im ersten Argument (logischer Test) dort die Z\u00c4HLENWENN-Funktion eingeben. <br><img loading=\"lazy\" decoding=\"async\" title=\"3-Konto-wenn-Funktion eingeben\" src=\"https:\/\/exceladvisor.org\/wp-content\/uploads\/2023\/08\/3-entrer-le-decompte-si-la-fonction.png\" sizes=\"auto, \" srcset=\"\" alt=\"enter-the-count-if-function\" width=\"481\" height=\"177\"><\/li><li> Beziehen Sie sich nun in der Z\u00c4HLENWENN-Funktion auf den Bereich A1:A10. <br><img loading=\"lazy\" decoding=\"async\" title=\"4-beziehen-sich-auf-einen-Bereich\" src=\"https:\/\/exceladvisor.org\/wp-content\/uploads\/2023\/08\/4-font-reference-a-une-gamme.png\" sizes=\"auto, \" srcset=\"\" alt=\"refer-to-a-range\" width=\"533\" height=\"172\"><\/li><li> Geben Sie dann im Kriterienargument \u201eGlen\u201c ein und schlie\u00dfen Sie die Klammern f\u00fcr die Z\u00c4HLENWENN-Funktion. <br><img loading=\"lazy\" decoding=\"async\" title=\"5-nahe-die-Pr\u00e4thesen\" src=\"https:\/\/exceladvisor.org\/wp-content\/uploads\/2023\/08\/5-fermer-les-parentheses.png\" sizes=\"auto, \" srcset=\"\" alt=\"close-the-prentheses\" width=\"534\" height=\"190\"><\/li><li> Verwenden Sie au\u00dferdem ein Gr\u00f6\u00dfer-als-Zeichen und geben Sie eine Null ein. <br><img loading=\"lazy\" decoding=\"async\" title=\"6-Verwenden Sie ein Gr\u00f6\u00dfer-als-Zeichen\" src=\"https:\/\/exceladvisor.org\/wp-content\/uploads\/2023\/08\/6-utiliser-le-signe-superieur-a.png\" sizes=\"auto, \" srcset=\"\" alt=\"use-greater-than-sign\" width=\"559\" height=\"192\"><\/li><li> Geben Sie von dort aus einen Befehl ein, um zum n\u00e4chsten Argument in IF zu wechseln, und geben Sie im zweiten Argument \u201eJa\u201c ein. <br><img loading=\"lazy\" decoding=\"async\" title=\"7-n\u00e4chstes-Argument-in-wenn\" src=\"https:\/\/exceladvisor.org\/wp-content\/uploads\/2023\/08\/7-argument-suivant-dans-if.png\" sizes=\"auto, \" srcset=\"\" alt=\"next-argument-in-if\" width=\"638\" height=\"177\"><\/li><li> Geben Sie am Ende ein Komma und im dritten Argument \u201eNein\u201c ein und geben Sie die schlie\u00dfenden Klammern ein. <br><img loading=\"lazy\" decoding=\"async\" title=\"8-Typ-die-Schlussstreiche\" src=\"https:\/\/exceladvisor.org\/wp-content\/uploads\/2023\/08\/8-tapez-les-parentheses-finales.png\" sizes=\"auto, \" srcset=\"\" alt=\"type-the-closing-prantheses\" width=\"635\" height=\"188\"><\/li><\/ol><p> Sobald Sie die Eingabetaste dr\u00fccken, wird \u201eJa\u201c zur\u00fcckgegeben, da der Wert im gesuchten Bereich liegt. <\/p><div class=\"wp-block-image\"><figure class=\"aligncenter size-full is-resized\"><img loading=\"lazy\" decoding=\"async\" class=\"wp-image-67097\" src=\"https:\/\/exceladvisor.org\/wp-content\/uploads\/2023\/08\/9-renvoie-la-valeur.png\" sizes=\"auto, \" srcset=\"\" alt=\"R\u00fcckgabewert\" width=\"530\" height=\"311\"><\/figure><\/div><pre class=\"wp-block-code\"> <code class=\"language-excel-formula\" lang=\"excel-formula\">=IF(COUNTIF(A1:A10,\"Glen\")&gt;0,\"Yes\",\"No\")<\/code><\/pre><p> <em>M\u00f6chten Sie mehr wissen? Schauen Sie sich diese kostenlosen Kurse an: 50 Excel-Formeln, um schlauer als Ihre Kollegen zu werden<\/em><\/p><h2 id=\"h-how-this-formula-works\" class=\"wp-block-heading\"> Wie funktioniert diese Formel?<\/h2><p> Diese Formel besteht aus zwei Teilen. <\/p><div class=\"wp-block-image\"><figure class=\"aligncenter size-full is-resized\"><img loading=\"lazy\" decoding=\"async\" class=\"wp-image-67098\" src=\"https:\/\/exceladvisor.org\/wp-content\/uploads\/2023\/08\/10-si-countif-formule.png\" sizes=\"auto, \" srcset=\"\" alt=\"if-countif-formel\" width=\"583\" height=\"128\"><\/figure><\/div><p> Im ersten Teil haben wir COUNTIF, der das Vorkommen des Werts im Bereich z\u00e4hlt. Und im zweiten Teil haben Sie die IF-Funktion, die die Werte der COUNTIF-Funktion \u00fcbernimmt.<\/p><p> Wenn COUNTIF also einen Wert zur\u00fcckgibt, der gr\u00f6\u00dfer ist als der Wert, der im Bereich liegt, gibt IF \u201eJa\u201c zur\u00fcck. Und wenn COUNTIF 0 zur\u00fcckgibt, bedeutet das, dass der Wert nicht im Bereich liegt und Nein zur\u00fcckgegeben wird.<\/p><h2 id=\"h-check-for-a-value-in-a-range-partially\" class=\"wp-block-heading\"> Teilweise nach einem Wert in einem Bereich suchen<\/h2><p> Es gibt eine Situation, in der Sie den Teilwert eines Bereichs \u00fcberpr\u00fcfen m\u00f6chten. In diesem Fall m\u00fcssen Sie Platzhalter (Sternchen *) verwenden.<\/p><p> Im folgenden Beispiel haben wir dieselbe Namensliste, aber hier ist der vollst\u00e4ndige Name. Den Namen \u201eGlen\u201c m\u00fcssen wir aber noch suchen. <\/p><div class=\"wp-block-image\"><figure class=\"aligncenter size-full is-resized\"><img loading=\"lazy\" decoding=\"async\" class=\"wp-image-67099\" src=\"https:\/\/exceladvisor.org\/wp-content\/uploads\/2023\/08\/11-verifier-la-valeur-dans-la-plage-partiellement.png\" sizes=\"auto, \" srcset=\"\" alt=\"Pr\u00fcfwert-im-Bereich-teilweise\" width=\"407\" height=\"341\"><\/figure><\/div><p> Der Wert, nach dem Sie suchen m\u00f6chten, sollte von einem Sternchen umgeben sein, das wir im obigen Beispiel verwendet haben. Dadurch wird Excel angewiesen, den \u201eGlen\u201c-Wert zu \u00fcberpr\u00fcfen, unabh\u00e4ngig davon, was vor und nach dem Wert steht.<\/p><pre class=\"wp-block-code\"> <code class=\"language-excel-formula\" lang=\"excel-formula\">=IF(COUNTIF(C1:C10,\"*\"&amp;\"Glen\"&amp;\"*\")&gt;0,\"Yes\",\"No\")<\/code><\/pre><div class=\"gb-container gb-container-52dfcee1 gb-container-sample-file\"><h2 class=\"gb-headline gb-headline-e289c143 gb-headline-text gb-headline-4f7959c2\"> Holen Sie sich die Excel-Datei<\/h2> <a class=\"gb-button gb-button-e88d6bee gb-button-text gb-button-button1\" href=\"https:\/\/exceladvisor.org\/wp-content\/uploads\/2023\/08\/2-verifier-si-la-valeur-existe-dans-une-plage.xlsx\" rel=\"nofollow\">Herunterladen<\/a><\/div><div class=\"gb-container gb-container-0df56012 gb-container-mt\"> <a class=\"gb-button gb-button-f9f432f4 gb-button-text gb-button-mt-button\" href=\"https:\/\/exceladvisor.org\/de\/formeln\/\">Liste der Excel-Formeln<\/a><h2 class=\"gb-headline gb-headline-233444e8 gb-headline-text gb-headline-mt-heading\"> Verwandte Formeln <\/h2><div class=\"gb-grid-wrapper gb-grid-wrapper-a16fa65c gb-grid-wrapper-mt-grid\"><div class=\"gb-grid-column gb-grid-column-50d07e0d\"><div class=\"gb-container gb-container-50d07e0d\"><ul><li> <a href=\"https:\/\/exceladvisor.org\/de\/wenn-null-dann-leer\/\">\u00dcberpr\u00fcfen Sie, ob 0 (Null) ist, und leeren Sie es dann in Excel<\/a><\/li><li> <a href=\"https:\/\/exceladvisor.org\/de\/wenn-und-1\/\">Kombinieren Sie WENN- und UND-Funktionen in Excel<\/a><\/li><li> <a href=\"https:\/\/exceladvisor.org\/de\/wenn-oder-1\/\">Kombinieren Sie WENN- und ODER-Funktionen in Excel<\/a><\/li><li> <a href=\"https:\/\/exceladvisor.org\/de\/wenn-die-zelle-leer-ist\/\">IF Zelle ist leer (leer) mit IF + ISBLANK in Excel<\/a><\/li><li> <a href=\"https:\/\/exceladvisor.org\/de\/wenn-negativ-dann-null\/\">WENN negativ, dann Null (0) in Excel<\/a> <\/li><\/ul><\/div><\/div><div class=\"gb-grid-column gb-grid-column-5b4a0cf9\"><div class=\"gb-container gb-container-5b4a0cf9\"><\/div><\/div><\/div><\/div>","protected":false},"excerpt":{"rendered":"","protected":false},"author":1,"featured_media":0,"parent":0,"menu_order":0,"comment_status":"open","ping_status":"closed","template":"","meta":{"ub_ctt_via":"","footnotes":""},"class_list":["post-3278","page","type-page","status-publish","hentry"],"featured_image_src":null,"yoast_head":"<!-- This site is optimized with the Yoast SEO plugin v25.4 - https:\/\/yoast.com\/wordpress\/plugins\/seo\/ -->\n<title>\u25b7 Wie \u00fcberpr\u00fcfe ich, ob ein Wert in einem Bereich vorhanden ist?<\/title>\n<meta name=\"description\" content=\"In diesem Tutorial lernen Sie verschiedene M\u00f6glichkeiten kennen, mit zwei Methoden zu \u00fcberpr\u00fcfen, ob ein Wert in einem Bereich in Excel vorhanden ist\" \/>\n<meta name=\"robots\" content=\"index, follow, max-snippet:-1, max-image-preview:large, max-video-preview:-1\" \/>\n<link rel=\"canonical\" href=\"https:\/\/exceladvisor.org\/de\/uberprufen-sie-ob-ein-wert-in-einem-bereich-vorhanden-ist\/\" \/>\n<meta property=\"og:locale\" content=\"de_DE\" \/>\n<meta property=\"og:type\" content=\"article\" \/>\n<meta property=\"og:title\" content=\"\u25b7 Wie \u00fcberpr\u00fcfe ich, ob ein Wert in einem Bereich vorhanden ist?\" \/>\n<meta property=\"og:description\" content=\"In diesem Tutorial lernen Sie verschiedene M\u00f6glichkeiten kennen, mit zwei Methoden zu \u00fcberpr\u00fcfen, ob ein Wert in einem Bereich in Excel vorhanden ist\" \/>\n<meta property=\"og:url\" content=\"https:\/\/exceladvisor.org\/de\/uberprufen-sie-ob-ein-wert-in-einem-bereich-vorhanden-ist\/\" \/>\n<meta property=\"og:site_name\" content=\"Excel Advisor\" \/>\n<meta property=\"article:modified_time\" content=\"2023-12-03T13:05:16+00:00\" \/>\n<meta property=\"og:image\" content=\"https:\/\/exceladvisor.org\/wp-content\/uploads\/2023\/08\/1-liste-de-noms.png\" \/>\n<meta name=\"twitter:card\" content=\"summary_large_image\" \/>\n<meta name=\"twitter:label1\" content=\"Gesch\u00e4tzte Lesezeit\" \/>\n\t<meta name=\"twitter:data1\" content=\"2\u00a0Minuten\" \/>\n<script type=\"application\/ld+json\" class=\"yoast-schema-graph\">{\"@context\":\"https:\/\/schema.org\",\"@graph\":[{\"@type\":\"WebPage\",\"@id\":\"https:\/\/exceladvisor.org\/de\/uberprufen-sie-ob-ein-wert-in-einem-bereich-vorhanden-ist\/\",\"url\":\"https:\/\/exceladvisor.org\/de\/uberprufen-sie-ob-ein-wert-in-einem-bereich-vorhanden-ist\/\",\"name\":\"\u25b7 Wie \u00fcberpr\u00fcfe ich, ob ein Wert in einem Bereich vorhanden ist?\",\"isPartOf\":{\"@id\":\"https:\/\/exceladvisor.org\/de\/#website\"},\"primaryImageOfPage\":{\"@id\":\"https:\/\/exceladvisor.org\/de\/uberprufen-sie-ob-ein-wert-in-einem-bereich-vorhanden-ist\/#primaryimage\"},\"image\":{\"@id\":\"https:\/\/exceladvisor.org\/de\/uberprufen-sie-ob-ein-wert-in-einem-bereich-vorhanden-ist\/#primaryimage\"},\"thumbnailUrl\":\"https:\/\/exceladvisor.org\/wp-content\/uploads\/2023\/08\/1-liste-de-noms.png\",\"datePublished\":\"2023-11-05T01:44:39+00:00\",\"dateModified\":\"2023-12-03T13:05:16+00:00\",\"description\":\"In diesem Tutorial lernen Sie verschiedene M\u00f6glichkeiten kennen, mit zwei Methoden zu \u00fcberpr\u00fcfen, ob ein Wert in einem Bereich in Excel vorhanden ist\",\"breadcrumb\":{\"@id\":\"https:\/\/exceladvisor.org\/de\/uberprufen-sie-ob-ein-wert-in-einem-bereich-vorhanden-ist\/#breadcrumb\"},\"inLanguage\":\"de\",\"potentialAction\":[{\"@type\":\"ReadAction\",\"target\":[\"https:\/\/exceladvisor.org\/de\/uberprufen-sie-ob-ein-wert-in-einem-bereich-vorhanden-ist\/\"]}]},{\"@type\":\"ImageObject\",\"inLanguage\":\"de\",\"@id\":\"https:\/\/exceladvisor.org\/de\/uberprufen-sie-ob-ein-wert-in-einem-bereich-vorhanden-ist\/#primaryimage\",\"url\":\"https:\/\/exceladvisor.org\/wp-content\/uploads\/2023\/08\/1-liste-de-noms.png\",\"contentUrl\":\"https:\/\/exceladvisor.org\/wp-content\/uploads\/2023\/08\/1-liste-de-noms.png\"},{\"@type\":\"BreadcrumbList\",\"@id\":\"https:\/\/exceladvisor.org\/de\/uberprufen-sie-ob-ein-wert-in-einem-bereich-vorhanden-ist\/#breadcrumb\",\"itemListElement\":[{\"@type\":\"ListItem\",\"position\":1,\"name\":\"Accueil\",\"item\":\"https:\/\/exceladvisor.org\/de\/\"},{\"@type\":\"ListItem\",\"position\":2,\"name\":\"Wie \u00fcberpr\u00fcfe ich, ob ein wert in einem bereich vorhanden ist?\"}]},{\"@type\":\"WebSite\",\"@id\":\"https:\/\/exceladvisor.org\/de\/#website\",\"url\":\"https:\/\/exceladvisor.org\/de\/\",\"name\":\"Excel Advisor\",\"description\":\"Ihr Leitfaden zur Datendominanz\",\"publisher\":{\"@id\":\"https:\/\/exceladvisor.org\/de\/#organization\"},\"potentialAction\":[{\"@type\":\"SearchAction\",\"target\":{\"@type\":\"EntryPoint\",\"urlTemplate\":\"https:\/\/exceladvisor.org\/de\/?s={search_term_string}\"},\"query-input\":{\"@type\":\"PropertyValueSpecification\",\"valueRequired\":true,\"valueName\":\"search_term_string\"}}],\"inLanguage\":\"de\"},{\"@type\":\"Organization\",\"@id\":\"https:\/\/exceladvisor.org\/de\/#organization\",\"name\":\"Excel Advisor\",\"url\":\"https:\/\/exceladvisor.org\/de\/\",\"logo\":{\"@type\":\"ImageObject\",\"inLanguage\":\"de\",\"@id\":\"https:\/\/exceladvisor.org\/de\/#\/schema\/logo\/image\/\",\"url\":\"https:\/\/exceladvisor.org\/de\/wp-content\/uploads\/2023\/11\/exceladvisor.org_.png\",\"contentUrl\":\"https:\/\/exceladvisor.org\/de\/wp-content\/uploads\/2023\/11\/exceladvisor.org_.png\",\"width\":105,\"height\":36,\"caption\":\"Excel Advisor\"},\"image\":{\"@id\":\"https:\/\/exceladvisor.org\/de\/#\/schema\/logo\/image\/\"}}]}<\/script>\n<!-- \/ Yoast SEO plugin. -->","yoast_head_json":{"title":"\u25b7 Wie \u00fcberpr\u00fcfe ich, ob ein Wert in einem Bereich vorhanden ist?","description":"In diesem Tutorial lernen Sie verschiedene M\u00f6glichkeiten kennen, mit zwei Methoden zu \u00fcberpr\u00fcfen, ob ein Wert in einem Bereich in Excel vorhanden ist","robots":{"index":"index","follow":"follow","max-snippet":"max-snippet:-1","max-image-preview":"max-image-preview:large","max-video-preview":"max-video-preview:-1"},"canonical":"https:\/\/exceladvisor.org\/de\/uberprufen-sie-ob-ein-wert-in-einem-bereich-vorhanden-ist\/","og_locale":"de_DE","og_type":"article","og_title":"\u25b7 Wie \u00fcberpr\u00fcfe ich, ob ein Wert in einem Bereich vorhanden ist?","og_description":"In diesem Tutorial lernen Sie verschiedene M\u00f6glichkeiten kennen, mit zwei Methoden zu \u00fcberpr\u00fcfen, ob ein Wert in einem Bereich in Excel vorhanden ist","og_url":"https:\/\/exceladvisor.org\/de\/uberprufen-sie-ob-ein-wert-in-einem-bereich-vorhanden-ist\/","og_site_name":"Excel Advisor","article_modified_time":"2023-12-03T13:05:16+00:00","og_image":[{"url":"https:\/\/exceladvisor.org\/wp-content\/uploads\/2023\/08\/1-liste-de-noms.png","type":"","width":"","height":""}],"twitter_card":"summary_large_image","twitter_misc":{"Gesch\u00e4tzte Lesezeit":"2\u00a0Minuten"},"schema":{"@context":"https:\/\/schema.org","@graph":[{"@type":"WebPage","@id":"https:\/\/exceladvisor.org\/de\/uberprufen-sie-ob-ein-wert-in-einem-bereich-vorhanden-ist\/","url":"https:\/\/exceladvisor.org\/de\/uberprufen-sie-ob-ein-wert-in-einem-bereich-vorhanden-ist\/","name":"\u25b7 Wie \u00fcberpr\u00fcfe ich, ob ein Wert in einem Bereich vorhanden ist?","isPartOf":{"@id":"https:\/\/exceladvisor.org\/de\/#website"},"primaryImageOfPage":{"@id":"https:\/\/exceladvisor.org\/de\/uberprufen-sie-ob-ein-wert-in-einem-bereich-vorhanden-ist\/#primaryimage"},"image":{"@id":"https:\/\/exceladvisor.org\/de\/uberprufen-sie-ob-ein-wert-in-einem-bereich-vorhanden-ist\/#primaryimage"},"thumbnailUrl":"https:\/\/exceladvisor.org\/wp-content\/uploads\/2023\/08\/1-liste-de-noms.png","datePublished":"2023-11-05T01:44:39+00:00","dateModified":"2023-12-03T13:05:16+00:00","description":"In diesem Tutorial lernen Sie verschiedene M\u00f6glichkeiten kennen, mit zwei Methoden zu \u00fcberpr\u00fcfen, ob ein Wert in einem Bereich in Excel vorhanden ist","breadcrumb":{"@id":"https:\/\/exceladvisor.org\/de\/uberprufen-sie-ob-ein-wert-in-einem-bereich-vorhanden-ist\/#breadcrumb"},"inLanguage":"de","potentialAction":[{"@type":"ReadAction","target":["https:\/\/exceladvisor.org\/de\/uberprufen-sie-ob-ein-wert-in-einem-bereich-vorhanden-ist\/"]}]},{"@type":"ImageObject","inLanguage":"de","@id":"https:\/\/exceladvisor.org\/de\/uberprufen-sie-ob-ein-wert-in-einem-bereich-vorhanden-ist\/#primaryimage","url":"https:\/\/exceladvisor.org\/wp-content\/uploads\/2023\/08\/1-liste-de-noms.png","contentUrl":"https:\/\/exceladvisor.org\/wp-content\/uploads\/2023\/08\/1-liste-de-noms.png"},{"@type":"BreadcrumbList","@id":"https:\/\/exceladvisor.org\/de\/uberprufen-sie-ob-ein-wert-in-einem-bereich-vorhanden-ist\/#breadcrumb","itemListElement":[{"@type":"ListItem","position":1,"name":"Accueil","item":"https:\/\/exceladvisor.org\/de\/"},{"@type":"ListItem","position":2,"name":"Wie \u00fcberpr\u00fcfe ich, ob ein wert in einem bereich vorhanden ist?"}]},{"@type":"WebSite","@id":"https:\/\/exceladvisor.org\/de\/#website","url":"https:\/\/exceladvisor.org\/de\/","name":"Excel Advisor","description":"Ihr Leitfaden zur Datendominanz","publisher":{"@id":"https:\/\/exceladvisor.org\/de\/#organization"},"potentialAction":[{"@type":"SearchAction","target":{"@type":"EntryPoint","urlTemplate":"https:\/\/exceladvisor.org\/de\/?s={search_term_string}"},"query-input":{"@type":"PropertyValueSpecification","valueRequired":true,"valueName":"search_term_string"}}],"inLanguage":"de"},{"@type":"Organization","@id":"https:\/\/exceladvisor.org\/de\/#organization","name":"Excel Advisor","url":"https:\/\/exceladvisor.org\/de\/","logo":{"@type":"ImageObject","inLanguage":"de","@id":"https:\/\/exceladvisor.org\/de\/#\/schema\/logo\/image\/","url":"https:\/\/exceladvisor.org\/de\/wp-content\/uploads\/2023\/11\/exceladvisor.org_.png","contentUrl":"https:\/\/exceladvisor.org\/de\/wp-content\/uploads\/2023\/11\/exceladvisor.org_.png","width":105,"height":36,"caption":"Excel Advisor"},"image":{"@id":"https:\/\/exceladvisor.org\/de\/#\/schema\/logo\/image\/"}}]}},"yoast_meta":{"yoast_wpseo_title":"","yoast_wpseo_metadesc":"","yoast_wpseo_canonical":""},"_links":{"self":[{"href":"https:\/\/exceladvisor.org\/de\/wp-json\/wp\/v2\/pages\/3278","targetHints":{"allow":["GET"]}}],"collection":[{"href":"https:\/\/exceladvisor.org\/de\/wp-json\/wp\/v2\/pages"}],"about":[{"href":"https:\/\/exceladvisor.org\/de\/wp-json\/wp\/v2\/types\/page"}],"author":[{"embeddable":true,"href":"https:\/\/exceladvisor.org\/de\/wp-json\/wp\/v2\/users\/1"}],"replies":[{"embeddable":true,"href":"https:\/\/exceladvisor.org\/de\/wp-json\/wp\/v2\/comments?post=3278"}],"version-history":[{"count":1,"href":"https:\/\/exceladvisor.org\/de\/wp-json\/wp\/v2\/pages\/3278\/revisions"}],"predecessor-version":[{"id":4206,"href":"https:\/\/exceladvisor.org\/de\/wp-json\/wp\/v2\/pages\/3278\/revisions\/4206"}],"wp:attachment":[{"href":"https:\/\/exceladvisor.org\/de\/wp-json\/wp\/v2\/media?parent=3278"}],"curies":[{"name":"wp","href":"https:\/\/api.w.org\/{rel}","templated":true}]}}