{"id":3279,"date":"2023-11-05T01:25:09","date_gmt":"2023-11-05T01:25:09","guid":{"rendered":"https:\/\/exceladvisor.org\/de\/zahlen-sie-nicht-leere-zellen\/"},"modified":"2023-12-03T13:05:56","modified_gmt":"2023-12-03T13:05:56","slug":"zahlen-sie-nicht-leere-zellen","status":"publish","type":"page","link":"https:\/\/exceladvisor.org\/de\/zahlen-sie-nicht-leere-zellen\/","title":{"rendered":"Wie z\u00e4hle ich zellen, die nicht leer sind?"},"content":{"rendered":"<div class=\"excel-vor-dem-inhalt\" id=\"excel-1139280691\"><script type=\"text\/javascript\">\r\n\tatOptions = {\r\n\t\t'key' : 'c1158f160081d6540a8409e6925dab94',\r\n\t\t'format' : 'iframe',\r\n\t\t'height' : 250,\r\n\t\t'width' : 300,\r\n\t\t'params' : {}\r\n\t};\r\n<\/script>\r\n<script type=\"text\/javascript\" src=\"\/\/www.highperformanceformat.com\/c1158f160081d6540a8409e6925dab94\/invoke.js\"><\/script><\/div> <p>Um nicht leere Zellen zu z\u00e4hlen, k\u00f6nnen Sie in Excel abh\u00e4ngig von den Daten in Ihrem Arbeitsblatt die Funktion Z\u00c4HLENWENN oder Z\u00c4HLENWENN verwenden. Sie m\u00fcssen den Bereich und dann den Ungleichheitsoperator mit einem leeren Wert angeben, um die Anzahl der nicht leeren (leeren) Zellen zu erhalten.<\/p><p> In diesem Tutorial sehen wir uns die beiden verschiedenen M\u00f6glichkeiten an, dies zu tun.<\/p><h2 class=\"wp-block-heading\"> COUNTIF nicht leer (Zellen nicht leer)<\/h2><p> Im folgenden Beispiel haben wir einen Bereich (A1:A10), in dem wir einige leere Zellen haben. Aber jetzt m\u00fcssen wir alle Zellen z\u00e4hlen, die in diesem Bereich nicht leer sind. <\/p><div class=\"wp-block-image\"><figure class=\"aligncenter size-full is-resized\"><img loading=\"lazy\" decoding=\"async\" class=\"wp-image-67123\" src=\"https:\/\/exceladvisor.org\/wp-content\/uploads\/2023\/08\/1-plage-de-cellules-avec-des-cellules-vides.png\" sizes=\"auto, \" srcset=\"\" alt=\"Zellbereich mit leeren Zellen\" width=\"293\" height=\"317\"><\/figure><\/div><p> Sie k\u00f6nnen die folgenden Schritte verwenden, um die Formel zu schreiben:<\/p><ol type=\"1\"><li> Geben Sie zun\u00e4chst <strong>=COUNTIF(<\/strong> in Zelle B1 ein, um mit der Eingabe der Funktion in der Zelle zu beginnen, in der Sie das Ergebnis haben m\u00f6chten.<\/li><li> Beziehen Sie sich anschlie\u00dfend im ersten Argument auf den Bereich A1:A10. Dies ist der Bereich, aus dem Sie nicht leere Zellen z\u00e4hlen m\u00f6chten.<\/li><li> Geben Sie dann im zweiten Argument \u201e&lt;&gt;\u201c ein. Dies ist ein Ungleich-Operator, der Excel anweist, nicht leere Zellen zu z\u00e4hlen.<\/li><li> Geben Sie am Ende die schlie\u00dfenden Klammern ein und dr\u00fccken Sie die Eingabetaste, um das Ergebnis anzuzeigen. <\/li><\/ol><div class=\"wp-block-image\"><figure class=\"aligncenter size-full is-resized\"><img loading=\"lazy\" decoding=\"async\" class=\"wp-image-67124\" src=\"https:\/\/exceladvisor.org\/wp-content\/uploads\/2023\/08\/2-countif-avec-operateur-non-egal.png\" sizes=\"auto, \" srcset=\"\" alt=\"countif-with-ungleichheitsoperator\" width=\"405\" height=\"292\"><\/figure><\/div><p> Sobald Sie die Eingabetaste dr\u00fccken, erhalten Sie die Anzahl der Zellen, die nicht leer sind. In unserem Beispiel haben wir 6 nicht leere Zellen im Bereich.<\/p><p> Abgesehen davon k\u00f6nnen Sie aber auch eine Formel verwenden, in der Sie denselben Operator verwenden und ihn mit einem leeren Wert kombinieren k\u00f6nnen. <\/p><pre class=\"wp-block-code\"> <code class=\"language-excel-formula\" lang=\"excel-formula\">=COUNTIF(A1:A10,\"&lt;&gt;\"&amp;\"\")<\/code><\/pre><div class=\"wp-block-image\"><figure class=\"aligncenter size-full is-resized\"><img loading=\"lazy\" decoding=\"async\" class=\"wp-image-67125\" src=\"https:\/\/exceladvisor.org\/wp-content\/uploads\/2023\/08\/3-countif-avec-un-resultat-doperateur-non-egal.png\" sizes=\"auto, \" srcset=\"\" alt=\"countif-with-non-equal-operator-result\" width=\"483\" height=\"298\"><\/figure><\/div><h2 class=\"wp-block-heading\"> COUNTA, um nicht leere Zellen zu z\u00e4hlen<\/h2><p> In Excel k\u00f6nnen Sie COUNTA verwenden (was Sie f\u00fcr eine bestimmte Anzahl von Zellen in einem nicht leeren Bereich verwenden k\u00f6nnen). In den folgenden Beispielen haben wir denselben Bereich verwendet, A1:A10, aber hier haben wir die COUNTA-Funktion verwendet. <\/p><div class=\"wp-block-image\"><figure class=\"aligncenter size-full is-resized\"><img loading=\"lazy\" decoding=\"async\" class=\"wp-image-67126\" src=\"https:\/\/exceladvisor.org\/wp-content\/uploads\/2023\/08\/4-counta-pour-compter-les-cellules-non-vides.png\" sizes=\"auto, \" srcset=\"\" alt=\"counta-to-count-non-leer-cells\" width=\"454\" height=\"283\"><\/figure><\/div><h2 class=\"wp-block-heading\"> Das Problem, mit dem Sie m\u00f6glicherweise konfrontiert sind<\/h2><p> Es kann vorkommen, dass Sie einen Bereich von Zellen haben, in dem eine oder mehrere Zellen mit einem Leerzeichen als Wert in der Zelle vorhanden sind, die wie eine leere Zelle aussieht. <\/p><div class=\"wp-block-image\"><figure class=\"aligncenter size-full is-resized\"><img loading=\"lazy\" decoding=\"async\" class=\"wp-image-67127\" src=\"https:\/\/exceladvisor.org\/wp-content\/uploads\/2023\/08\/Plage-de-5-cellules-avec-un-espace-comme-valeur.png\" sizes=\"auto, \" srcset=\"\" alt=\"Zellenbereich mit Leerzeichen als Wert\" width=\"365\" height=\"291\"><\/figure><\/div><p> Im obigen Beispiel haben wir wieder dieselbe Werteliste. Wenn Sie genau hinsehen, k\u00f6nnen Sie erkennen, dass wir 6 Zellen haben, die nicht leer sind, aber im Ergebnis haben wir bei allen drei Methoden 7.<\/p><p> Der Grund daf\u00fcr ist, dass wir in Zelle A3 ein Leerzeichen in der Zelle haben, wodurch die Zelle nicht leer ist. Die L\u00f6sung f\u00fcr dieses Problem besteht nun darin, COUNTIFS zu verwenden. Genau wie das folgende Beispiel. <\/p><pre class=\"wp-block-code\"> <code class=\"language-excel-formula\" lang=\"excel-formula\">=COUNTIFS(A1:A10,\"&lt;&gt;\"&amp;\"\",A1:A10,\"&lt;&gt;\"&amp;\" \")<\/code><\/pre><div class=\"wp-block-image\"><figure class=\"aligncenter size-full is-resized\"><img loading=\"lazy\" decoding=\"async\" class=\"wp-image-67128\" src=\"https:\/\/exceladvisor.org\/wp-content\/uploads\/2023\/08\/formule-6-comtes.png\" sizes=\"auto, \" srcset=\"\" alt=\"Z\u00e4hlformel\" width=\"473\" height=\"289\"><\/figure><\/div><p> Hier haben wir mithilfe der Z\u00c4HLENWENN-Funktion zwei Kriterien erstellt, die Excel anweisen, nicht leere Zellen ohne Leerzeichen zu z\u00e4hlen. <\/p><div class=\"gb-container gb-container-52dfcee1 gb-container-sample-file\"><h2 class=\"gb-headline gb-headline-e289c143 gb-headline-text gb-headline-4f7959c2\"> Holen Sie sich die Excel-Datei<\/h2> <a class=\"gb-button gb-button-e88d6bee gb-button-text gb-button-button1\" href=\"https:\/\/exceladvisor.org\/wp-content\/uploads\/2023\/08\/compte-si-non-vide.xlsx\" rel=\"nofollow\">Herunterladen<\/a><\/div><div class=\"gb-container gb-container-0df56012 gb-container-mt\"> <a class=\"gb-button gb-button-f9f432f4 gb-button-text gb-button-mt-button\" href=\"https:\/\/exceladvisor.org\/de\/formeln\/\">Liste der Excel-Formeln<\/a><h2 class=\"gb-headline gb-headline-233444e8 gb-headline-text gb-headline-mt-heading\"> Verwandte Formeln <\/h2><div class=\"gb-grid-wrapper gb-grid-wrapper-a16fa65c gb-grid-wrapper-mt-grid\"><div class=\"gb-grid-column gb-grid-column-50d07e0d\"><div class=\"gb-container gb-container-50d07e0d\"><ul><li> <a href=\"https:\/\/exceladvisor.org\/de\/zwischen-zwei-zahlen-zahlen\/\">Z\u00e4hlen Sie zwischen zwei Zahlen (COUNTIFS) in Excel<\/a><\/li><li> <a href=\"https:\/\/exceladvisor.org\/de\/anzahl-leerer-zellen\/\">Z\u00e4hlen Sie leere (leere) Zellen mit COUNTIF in Excel<\/a><\/li><li> <a href=\"https:\/\/exceladvisor.org\/de\/zahlen-wenn-kleiner-als\/\">Z\u00e4hlen Sie in Excel Zellen, die kleiner als ein bestimmter Wert (COUNTIF) sind<\/a><\/li><li> <a href=\"https:\/\/exceladvisor.org\/de\/anzahl-der-zellen-ungleich\/\">Zellen z\u00e4hlen, die in Excel ungleich sind (COUNTIF)<\/a> <\/li><\/ul><\/div><\/div><div class=\"gb-grid-column gb-grid-column-5b4a0cf9\"><div class=\"gb-container gb-container-5b4a0cf9\"><\/div><\/div><\/div><\/div>","protected":false},"excerpt":{"rendered":"","protected":false},"author":1,"featured_media":0,"parent":0,"menu_order":0,"comment_status":"open","ping_status":"closed","template":"","meta":{"ub_ctt_via":"","footnotes":""},"class_list":["post-3279","page","type-page","status-publish","hentry"],"featured_image_src":null,"yoast_head":"<!-- This site is optimized with the Yoast SEO plugin v25.4 - https:\/\/yoast.com\/wordpress\/plugins\/seo\/ -->\n<title>\u25b7 Wie z\u00e4hle ich Zellen, die nicht leer sind?<\/title>\n<meta name=\"description\" content=\"In diesem Tutorial lernen Sie verschiedene M\u00f6glichkeiten kennen, bestimmte Zeichen in Excel mithilfe einer Formel zu z\u00e4hlen\" \/>\n<meta name=\"robots\" content=\"index, follow, max-snippet:-1, max-image-preview:large, max-video-preview:-1\" \/>\n<link rel=\"canonical\" href=\"https:\/\/exceladvisor.org\/de\/zahlen-sie-nicht-leere-zellen\/\" \/>\n<meta property=\"og:locale\" content=\"de_DE\" \/>\n<meta property=\"og:type\" content=\"article\" \/>\n<meta property=\"og:title\" content=\"\u25b7 Wie z\u00e4hle ich Zellen, die nicht leer sind?\" \/>\n<meta property=\"og:description\" content=\"In diesem Tutorial lernen Sie verschiedene M\u00f6glichkeiten kennen, bestimmte Zeichen in Excel mithilfe einer Formel zu z\u00e4hlen\" \/>\n<meta property=\"og:url\" content=\"https:\/\/exceladvisor.org\/de\/zahlen-sie-nicht-leere-zellen\/\" \/>\n<meta property=\"og:site_name\" content=\"Excel Advisor\" \/>\n<meta property=\"article:modified_time\" content=\"2023-12-03T13:05:56+00:00\" \/>\n<meta property=\"og:image\" content=\"https:\/\/exceladvisor.org\/wp-content\/uploads\/2023\/08\/1-plage-de-cellules-avec-des-cellules-vides.png\" \/>\n<meta name=\"twitter:card\" content=\"summary_large_image\" \/>\n<meta name=\"twitter:label1\" content=\"Gesch\u00e4tzte Lesezeit\" \/>\n\t<meta name=\"twitter:data1\" content=\"3\u00a0Minuten\" \/>\n<script type=\"application\/ld+json\" class=\"yoast-schema-graph\">{\"@context\":\"https:\/\/schema.org\",\"@graph\":[{\"@type\":\"WebPage\",\"@id\":\"https:\/\/exceladvisor.org\/de\/zahlen-sie-nicht-leere-zellen\/\",\"url\":\"https:\/\/exceladvisor.org\/de\/zahlen-sie-nicht-leere-zellen\/\",\"name\":\"\u25b7 Wie z\u00e4hle ich Zellen, die nicht leer sind?\",\"isPartOf\":{\"@id\":\"https:\/\/exceladvisor.org\/de\/#website\"},\"primaryImageOfPage\":{\"@id\":\"https:\/\/exceladvisor.org\/de\/zahlen-sie-nicht-leere-zellen\/#primaryimage\"},\"image\":{\"@id\":\"https:\/\/exceladvisor.org\/de\/zahlen-sie-nicht-leere-zellen\/#primaryimage\"},\"thumbnailUrl\":\"https:\/\/exceladvisor.org\/wp-content\/uploads\/2023\/08\/1-plage-de-cellules-avec-des-cellules-vides.png\",\"datePublished\":\"2023-11-05T01:25:09+00:00\",\"dateModified\":\"2023-12-03T13:05:56+00:00\",\"description\":\"In diesem Tutorial lernen Sie verschiedene M\u00f6glichkeiten kennen, bestimmte Zeichen in Excel mithilfe einer Formel zu z\u00e4hlen\",\"breadcrumb\":{\"@id\":\"https:\/\/exceladvisor.org\/de\/zahlen-sie-nicht-leere-zellen\/#breadcrumb\"},\"inLanguage\":\"de\",\"potentialAction\":[{\"@type\":\"ReadAction\",\"target\":[\"https:\/\/exceladvisor.org\/de\/zahlen-sie-nicht-leere-zellen\/\"]}]},{\"@type\":\"ImageObject\",\"inLanguage\":\"de\",\"@id\":\"https:\/\/exceladvisor.org\/de\/zahlen-sie-nicht-leere-zellen\/#primaryimage\",\"url\":\"https:\/\/exceladvisor.org\/wp-content\/uploads\/2023\/08\/1-plage-de-cellules-avec-des-cellules-vides.png\",\"contentUrl\":\"https:\/\/exceladvisor.org\/wp-content\/uploads\/2023\/08\/1-plage-de-cellules-avec-des-cellules-vides.png\"},{\"@type\":\"BreadcrumbList\",\"@id\":\"https:\/\/exceladvisor.org\/de\/zahlen-sie-nicht-leere-zellen\/#breadcrumb\",\"itemListElement\":[{\"@type\":\"ListItem\",\"position\":1,\"name\":\"Accueil\",\"item\":\"https:\/\/exceladvisor.org\/de\/\"},{\"@type\":\"ListItem\",\"position\":2,\"name\":\"Wie z\u00e4hle ich zellen, die nicht leer sind?\"}]},{\"@type\":\"WebSite\",\"@id\":\"https:\/\/exceladvisor.org\/de\/#website\",\"url\":\"https:\/\/exceladvisor.org\/de\/\",\"name\":\"Excel Advisor\",\"description\":\"Ihr Leitfaden zur Datendominanz\",\"publisher\":{\"@id\":\"https:\/\/exceladvisor.org\/de\/#organization\"},\"potentialAction\":[{\"@type\":\"SearchAction\",\"target\":{\"@type\":\"EntryPoint\",\"urlTemplate\":\"https:\/\/exceladvisor.org\/de\/?s={search_term_string}\"},\"query-input\":{\"@type\":\"PropertyValueSpecification\",\"valueRequired\":true,\"valueName\":\"search_term_string\"}}],\"inLanguage\":\"de\"},{\"@type\":\"Organization\",\"@id\":\"https:\/\/exceladvisor.org\/de\/#organization\",\"name\":\"Excel Advisor\",\"url\":\"https:\/\/exceladvisor.org\/de\/\",\"logo\":{\"@type\":\"ImageObject\",\"inLanguage\":\"de\",\"@id\":\"https:\/\/exceladvisor.org\/de\/#\/schema\/logo\/image\/\",\"url\":\"https:\/\/exceladvisor.org\/de\/wp-content\/uploads\/2023\/11\/exceladvisor.org_.png\",\"contentUrl\":\"https:\/\/exceladvisor.org\/de\/wp-content\/uploads\/2023\/11\/exceladvisor.org_.png\",\"width\":105,\"height\":36,\"caption\":\"Excel Advisor\"},\"image\":{\"@id\":\"https:\/\/exceladvisor.org\/de\/#\/schema\/logo\/image\/\"}}]}<\/script>\n<!-- \/ Yoast SEO plugin. -->","yoast_head_json":{"title":"\u25b7 Wie z\u00e4hle ich Zellen, die nicht leer sind?","description":"In diesem Tutorial lernen Sie verschiedene M\u00f6glichkeiten kennen, bestimmte Zeichen in Excel mithilfe einer Formel zu z\u00e4hlen","robots":{"index":"index","follow":"follow","max-snippet":"max-snippet:-1","max-image-preview":"max-image-preview:large","max-video-preview":"max-video-preview:-1"},"canonical":"https:\/\/exceladvisor.org\/de\/zahlen-sie-nicht-leere-zellen\/","og_locale":"de_DE","og_type":"article","og_title":"\u25b7 Wie z\u00e4hle ich Zellen, die nicht leer sind?","og_description":"In diesem Tutorial lernen Sie verschiedene M\u00f6glichkeiten kennen, bestimmte Zeichen in Excel mithilfe einer Formel zu z\u00e4hlen","og_url":"https:\/\/exceladvisor.org\/de\/zahlen-sie-nicht-leere-zellen\/","og_site_name":"Excel Advisor","article_modified_time":"2023-12-03T13:05:56+00:00","og_image":[{"url":"https:\/\/exceladvisor.org\/wp-content\/uploads\/2023\/08\/1-plage-de-cellules-avec-des-cellules-vides.png","type":"","width":"","height":""}],"twitter_card":"summary_large_image","twitter_misc":{"Gesch\u00e4tzte Lesezeit":"3\u00a0Minuten"},"schema":{"@context":"https:\/\/schema.org","@graph":[{"@type":"WebPage","@id":"https:\/\/exceladvisor.org\/de\/zahlen-sie-nicht-leere-zellen\/","url":"https:\/\/exceladvisor.org\/de\/zahlen-sie-nicht-leere-zellen\/","name":"\u25b7 Wie z\u00e4hle ich Zellen, die nicht leer sind?","isPartOf":{"@id":"https:\/\/exceladvisor.org\/de\/#website"},"primaryImageOfPage":{"@id":"https:\/\/exceladvisor.org\/de\/zahlen-sie-nicht-leere-zellen\/#primaryimage"},"image":{"@id":"https:\/\/exceladvisor.org\/de\/zahlen-sie-nicht-leere-zellen\/#primaryimage"},"thumbnailUrl":"https:\/\/exceladvisor.org\/wp-content\/uploads\/2023\/08\/1-plage-de-cellules-avec-des-cellules-vides.png","datePublished":"2023-11-05T01:25:09+00:00","dateModified":"2023-12-03T13:05:56+00:00","description":"In diesem Tutorial lernen Sie verschiedene M\u00f6glichkeiten kennen, bestimmte Zeichen in Excel mithilfe einer Formel zu z\u00e4hlen","breadcrumb":{"@id":"https:\/\/exceladvisor.org\/de\/zahlen-sie-nicht-leere-zellen\/#breadcrumb"},"inLanguage":"de","potentialAction":[{"@type":"ReadAction","target":["https:\/\/exceladvisor.org\/de\/zahlen-sie-nicht-leere-zellen\/"]}]},{"@type":"ImageObject","inLanguage":"de","@id":"https:\/\/exceladvisor.org\/de\/zahlen-sie-nicht-leere-zellen\/#primaryimage","url":"https:\/\/exceladvisor.org\/wp-content\/uploads\/2023\/08\/1-plage-de-cellules-avec-des-cellules-vides.png","contentUrl":"https:\/\/exceladvisor.org\/wp-content\/uploads\/2023\/08\/1-plage-de-cellules-avec-des-cellules-vides.png"},{"@type":"BreadcrumbList","@id":"https:\/\/exceladvisor.org\/de\/zahlen-sie-nicht-leere-zellen\/#breadcrumb","itemListElement":[{"@type":"ListItem","position":1,"name":"Accueil","item":"https:\/\/exceladvisor.org\/de\/"},{"@type":"ListItem","position":2,"name":"Wie z\u00e4hle ich zellen, die nicht leer sind?"}]},{"@type":"WebSite","@id":"https:\/\/exceladvisor.org\/de\/#website","url":"https:\/\/exceladvisor.org\/de\/","name":"Excel Advisor","description":"Ihr Leitfaden zur Datendominanz","publisher":{"@id":"https:\/\/exceladvisor.org\/de\/#organization"},"potentialAction":[{"@type":"SearchAction","target":{"@type":"EntryPoint","urlTemplate":"https:\/\/exceladvisor.org\/de\/?s={search_term_string}"},"query-input":{"@type":"PropertyValueSpecification","valueRequired":true,"valueName":"search_term_string"}}],"inLanguage":"de"},{"@type":"Organization","@id":"https:\/\/exceladvisor.org\/de\/#organization","name":"Excel Advisor","url":"https:\/\/exceladvisor.org\/de\/","logo":{"@type":"ImageObject","inLanguage":"de","@id":"https:\/\/exceladvisor.org\/de\/#\/schema\/logo\/image\/","url":"https:\/\/exceladvisor.org\/de\/wp-content\/uploads\/2023\/11\/exceladvisor.org_.png","contentUrl":"https:\/\/exceladvisor.org\/de\/wp-content\/uploads\/2023\/11\/exceladvisor.org_.png","width":105,"height":36,"caption":"Excel Advisor"},"image":{"@id":"https:\/\/exceladvisor.org\/de\/#\/schema\/logo\/image\/"}}]}},"yoast_meta":{"yoast_wpseo_title":"","yoast_wpseo_metadesc":"","yoast_wpseo_canonical":""},"_links":{"self":[{"href":"https:\/\/exceladvisor.org\/de\/wp-json\/wp\/v2\/pages\/3279","targetHints":{"allow":["GET"]}}],"collection":[{"href":"https:\/\/exceladvisor.org\/de\/wp-json\/wp\/v2\/pages"}],"about":[{"href":"https:\/\/exceladvisor.org\/de\/wp-json\/wp\/v2\/types\/page"}],"author":[{"embeddable":true,"href":"https:\/\/exceladvisor.org\/de\/wp-json\/wp\/v2\/users\/1"}],"replies":[{"embeddable":true,"href":"https:\/\/exceladvisor.org\/de\/wp-json\/wp\/v2\/comments?post=3279"}],"version-history":[{"count":1,"href":"https:\/\/exceladvisor.org\/de\/wp-json\/wp\/v2\/pages\/3279\/revisions"}],"predecessor-version":[{"id":4424,"href":"https:\/\/exceladvisor.org\/de\/wp-json\/wp\/v2\/pages\/3279\/revisions\/4424"}],"wp:attachment":[{"href":"https:\/\/exceladvisor.org\/de\/wp-json\/wp\/v2\/media?parent=3279"}],"curies":[{"name":"wp","href":"https:\/\/api.w.org\/{rel}","templated":true}]}}