{"id":3280,"date":"2023-11-05T01:15:47","date_gmt":"2023-11-05T01:15:47","guid":{"rendered":"https:\/\/exceladvisor.org\/de\/zufallsdatengenerator\/"},"modified":"2023-12-03T13:06:19","modified_gmt":"2023-12-03T13:06:19","slug":"zufallsdatengenerator","status":"publish","type":"page","link":"https:\/\/exceladvisor.org\/de\/zufallsdatengenerator\/","title":{"rendered":"Zufallsdatumsgenerator in excel"},"content":{"rendered":"<div class=\"excel-vor-dem-inhalt\" id=\"excel-3667483226\"><script type=\"text\/javascript\">\r\n\tatOptions = {\r\n\t\t'key' : 'c1158f160081d6540a8409e6925dab94',\r\n\t\t'format' : 'iframe',\r\n\t\t'height' : 250,\r\n\t\t'width' : 300,\r\n\t\t'params' : {}\r\n\t};\r\n<\/script>\r\n<script type=\"text\/javascript\" src=\"\/\/www.highperformanceformat.com\/c1158f160081d6540a8409e6925dab94\/invoke.js\"><\/script><\/div> <p>In diesem Tutorial lernen wir eine einfache M\u00f6glichkeit kennen, zuf\u00e4llige Daten zwischen zwei Daten (Startdatum und Enddatum) zu generieren. Dazu m\u00fcssen Sie zwei unterschiedliche Funktionen nutzen, die Sie in unterschiedlichen Situationen nutzen k\u00f6nnen.<\/p><ul><li> ALENTENTENTE<\/li><li> RANDARRAY<\/li><\/ul><h2 class=\"wp-block-heading\"> Generieren Sie zuf\u00e4llige Daten mit RANDBETWEEN<\/h2><p> In Excel haben wir eine Funktion namens RANDBETWEEN, die einen Startwert und einen Endwert annimmt, um dazwischen Zufallswerte zu generieren, und Sie k\u00f6nnen diese Funktion verwenden, um zuf\u00e4llige Daten zu generieren.<\/p><ol type=\"1\"><li> Geben Sie zun\u00e4chst ein Startdatum an, ab dem Ihre Zufallsdaten beginnen sollen.<\/li><li> Geben Sie als N\u00e4chstes ein Enddatum an, um eine Obergrenze f\u00fcr zuf\u00e4llige Daten festzulegen.<\/li><li> Geben Sie anschlie\u00dfend die Funktion \u201eRANDBETWEEN\u201c in eine Zelle ein.<\/li><li> Beziehen Sie sich nun auf die Zellen, in denen Sie in den Argumenten das Start- und Enddatum haben.<\/li><li> Dr\u00fccken Sie von dort aus die Eingabetaste, um ein einzelnes zuf\u00e4lliges Datum in der Zelle zu erhalten.<\/li><li> Erkunden Sie am Ende diese Zelle bis zu der Zelle, in der Sie die zuf\u00e4lligen Daten haben m\u00f6chten. <\/li><\/ol><div class=\"wp-block-image\"><figure class=\"aligncenter size-full is-resized\"><img loading=\"lazy\" decoding=\"async\" class=\"wp-image-66816\" src=\"https:\/\/exceladvisor.org\/wp-content\/uploads\/2023\/08\/1-randbeetween-pour-des-dates-aleatoires.png\" sizes=\"auto, \" srcset=\"\" alt=\"randbeetween-for-random-dates\" width=\"505\" height=\"330\"><\/figure><\/div><p> random_date_generator.xlsx<\/p><pre class=\"wp-block-code\"> <code class=\"language-excel-formula\" lang=\"excel-formula\">=RANDBETWEEN($A$2,$B$2)<\/code><\/pre><p> In der obigen Formel haben wir die Funktion RANDBETWEEN mit einem Startdatum und einem Enddatum verwendet. Wie Sie sehen, haben wir den Zellbezug auf die Zellen A2 und B2 mit dem Dollarzeichen ($) eingefroren. Und danach m\u00fcssen wir die Formel auf Zelle C11 aufschl\u00fcsseln, um die 10 zuf\u00e4lligen Daten zu erhalten.<\/p><h2 class=\"wp-block-heading\"> Verwendung von RANDARRAY f\u00fcr zuf\u00e4llige Daten<\/h2><p> Es gibt eine weitere Funktion, mit der Sie Zufallszahlen generieren k\u00f6nnen: RANDARRAY. Diese Funktion ben\u00f6tigt auch ein Startdatum und ein Enddatum.<\/p><p> Wenn Sie RANDARRAY verwenden, m\u00fcssen Sie die Anzahl der Daten angeben, die Sie generieren m\u00f6chten. Und dies m\u00fcssen Sie in Form von Spalten und Zeilen angeben. <\/p><div class=\"wp-block-image\"><figure class=\"aligncenter size-full is-resized\"><img loading=\"lazy\" decoding=\"async\" class=\"wp-image-66817\" src=\"https:\/\/exceladvisor.org\/wp-content\/uploads\/2023\/08\/2-aleatoires-pour-des-dates-aleatoires.png\" sizes=\"auto, \" srcset=\"\" alt=\"Zufall f\u00fcr zuf\u00e4llige Daten\" width=\"542\" height=\"323\"><\/figure><\/div><pre class=\"wp-block-code\"> <code class=\"language-excel-formula\" lang=\"excel-formula\">=RANDARRAY(10,2,A2,B2)<\/code><\/pre><p> In der obigen Formel habe ich 10 Zeilen und 2 Spalten angegeben und im Ergebnis wurden 20 zuf\u00e4llige Daten (10 x 2) generiert.<\/p><p class=\"qt-tip\"> <strong>Hinweis:<\/strong> Beide oben verwendeten Funktionen sind fl\u00fcchtig, d. h. wenn Sie Ihre Blattberechnungen neu berechnen, werden alle Daten neu generiert. <\/p><div class=\"gb-container gb-container-52dfcee1 gb-container-sample-file\"><h2 class=\"gb-headline gb-headline-e289c143 gb-headline-text gb-headline-4f7959c2\"> Holen Sie sich die Excel-Datei<\/h2> <a class=\"gb-button gb-button-e88d6bee gb-button-text gb-button-button1\" href=\"https:\/\/exceladvisor.org\/wp-content\/uploads\/2023\/08\/Excel-generateur-de-dates-aleatoires.xlsx\" rel=\"nofollow\">Herunterladen<\/a><\/div><div class=\"gb-container gb-container-0df56012 gb-container-mt\"> <a class=\"gb-button gb-button-f9f432f4 gb-button-text gb-button-mt-button\" href=\"https:\/\/exceladvisor.org\/de\/formeln\/\">Liste der Excel-Formeln<\/a><h2 class=\"gb-headline gb-headline-233444e8 gb-headline-text gb-headline-mt-heading\"> Verwandte Formeln <\/h2><div class=\"gb-grid-wrapper gb-grid-wrapper-a16fa65c gb-grid-wrapper-mt-grid\"><div class=\"gb-grid-column gb-grid-column-50d07e0d\"><div class=\"gb-container gb-container-50d07e0d\"><ul><li> <a href=\"https:\/\/exceladvisor.org\/de\/vergleichen-sie-zwei-daten\/\">Vergleichen Sie zwei Daten in Excel<\/a><\/li><li> <a href=\"https:\/\/exceladvisor.org\/de\/datum-in-zahl-umwandeln\/\">Konvertieren Sie ein Datum in eine Zahl in Excel<\/a><\/li><li> <a href=\"https:\/\/exceladvisor.org\/de\/text-bis-heute\/\">Konvertieren Sie Text in Excel in ein Datum<\/a><\/li><li> <a href=\"https:\/\/exceladvisor.org\/de\/datumsbereich\/\">Erstellen Sie einen Datumsbereich in Excel<\/a><\/li><li> <a href=\"https:\/\/exceladvisor.org\/de\/benutzerdefinierte-datumsformate\/\">Benutzerdefinierte Datumsformate in Excel<\/a><\/li><li> <a href=\"https:\/\/exceladvisor.org\/de\/datum-wenn\/\">DATEDIF-Funktion in Excel<\/a> <\/li><\/ul><\/div><\/div><div class=\"gb-grid-column gb-grid-column-5b4a0cf9\"><div class=\"gb-container gb-container-5b4a0cf9\"><\/div><\/div><\/div><\/div>","protected":false},"excerpt":{"rendered":"","protected":false},"author":1,"featured_media":0,"parent":0,"menu_order":0,"comment_status":"open","ping_status":"closed","template":"","meta":{"ub_ctt_via":"","footnotes":""},"class_list":["post-3280","page","type-page","status-publish","hentry"],"featured_image_src":null,"yoast_head":"<!-- This site is optimized with the Yoast SEO plugin v25.4 - https:\/\/yoast.com\/wordpress\/plugins\/seo\/ -->\n<title>Zufallsdatumsgenerator in Excel \u2013 Excel Advisor<\/title>\n<meta name=\"description\" content=\"In diesem Tutorial lernen Sie verschiedene benutzerfreundliche Formeln kennen, um einen Zufallsdatumsgenerator in Excel zu erstellen.\" \/>\n<meta name=\"robots\" content=\"index, follow, max-snippet:-1, max-image-preview:large, max-video-preview:-1\" \/>\n<link rel=\"canonical\" href=\"https:\/\/exceladvisor.org\/de\/zufallsdatengenerator\/\" \/>\n<meta property=\"og:locale\" content=\"de_DE\" \/>\n<meta property=\"og:type\" content=\"article\" \/>\n<meta property=\"og:title\" content=\"Zufallsdatumsgenerator in Excel \u2013 Excel Advisor\" \/>\n<meta property=\"og:description\" content=\"In diesem Tutorial lernen Sie verschiedene benutzerfreundliche Formeln kennen, um einen Zufallsdatumsgenerator in Excel zu erstellen.\" \/>\n<meta property=\"og:url\" content=\"https:\/\/exceladvisor.org\/de\/zufallsdatengenerator\/\" \/>\n<meta property=\"og:site_name\" content=\"Excel Advisor\" \/>\n<meta property=\"article:modified_time\" content=\"2023-12-03T13:06:19+00:00\" \/>\n<meta property=\"og:image\" content=\"https:\/\/exceladvisor.org\/wp-content\/uploads\/2023\/08\/1-randbeetween-pour-des-dates-aleatoires.png\" \/>\n<meta name=\"twitter:card\" content=\"summary_large_image\" \/>\n<meta name=\"twitter:label1\" content=\"Gesch\u00e4tzte Lesezeit\" \/>\n\t<meta name=\"twitter:data1\" content=\"2\u00a0Minuten\" \/>\n<script type=\"application\/ld+json\" class=\"yoast-schema-graph\">{\"@context\":\"https:\/\/schema.org\",\"@graph\":[{\"@type\":\"WebPage\",\"@id\":\"https:\/\/exceladvisor.org\/de\/zufallsdatengenerator\/\",\"url\":\"https:\/\/exceladvisor.org\/de\/zufallsdatengenerator\/\",\"name\":\"Zufallsdatumsgenerator in Excel \u2013 Excel Advisor\",\"isPartOf\":{\"@id\":\"https:\/\/exceladvisor.org\/de\/#website\"},\"primaryImageOfPage\":{\"@id\":\"https:\/\/exceladvisor.org\/de\/zufallsdatengenerator\/#primaryimage\"},\"image\":{\"@id\":\"https:\/\/exceladvisor.org\/de\/zufallsdatengenerator\/#primaryimage\"},\"thumbnailUrl\":\"https:\/\/exceladvisor.org\/wp-content\/uploads\/2023\/08\/1-randbeetween-pour-des-dates-aleatoires.png\",\"datePublished\":\"2023-11-05T01:15:47+00:00\",\"dateModified\":\"2023-12-03T13:06:19+00:00\",\"description\":\"In diesem Tutorial lernen Sie verschiedene benutzerfreundliche Formeln kennen, um einen Zufallsdatumsgenerator in Excel zu erstellen.\",\"breadcrumb\":{\"@id\":\"https:\/\/exceladvisor.org\/de\/zufallsdatengenerator\/#breadcrumb\"},\"inLanguage\":\"de\",\"potentialAction\":[{\"@type\":\"ReadAction\",\"target\":[\"https:\/\/exceladvisor.org\/de\/zufallsdatengenerator\/\"]}]},{\"@type\":\"ImageObject\",\"inLanguage\":\"de\",\"@id\":\"https:\/\/exceladvisor.org\/de\/zufallsdatengenerator\/#primaryimage\",\"url\":\"https:\/\/exceladvisor.org\/wp-content\/uploads\/2023\/08\/1-randbeetween-pour-des-dates-aleatoires.png\",\"contentUrl\":\"https:\/\/exceladvisor.org\/wp-content\/uploads\/2023\/08\/1-randbeetween-pour-des-dates-aleatoires.png\"},{\"@type\":\"BreadcrumbList\",\"@id\":\"https:\/\/exceladvisor.org\/de\/zufallsdatengenerator\/#breadcrumb\",\"itemListElement\":[{\"@type\":\"ListItem\",\"position\":1,\"name\":\"Accueil\",\"item\":\"https:\/\/exceladvisor.org\/de\/\"},{\"@type\":\"ListItem\",\"position\":2,\"name\":\"Zufallsdatumsgenerator in excel\"}]},{\"@type\":\"WebSite\",\"@id\":\"https:\/\/exceladvisor.org\/de\/#website\",\"url\":\"https:\/\/exceladvisor.org\/de\/\",\"name\":\"Excel Advisor\",\"description\":\"Ihr Leitfaden zur Datendominanz\",\"publisher\":{\"@id\":\"https:\/\/exceladvisor.org\/de\/#organization\"},\"potentialAction\":[{\"@type\":\"SearchAction\",\"target\":{\"@type\":\"EntryPoint\",\"urlTemplate\":\"https:\/\/exceladvisor.org\/de\/?s={search_term_string}\"},\"query-input\":{\"@type\":\"PropertyValueSpecification\",\"valueRequired\":true,\"valueName\":\"search_term_string\"}}],\"inLanguage\":\"de\"},{\"@type\":\"Organization\",\"@id\":\"https:\/\/exceladvisor.org\/de\/#organization\",\"name\":\"Excel Advisor\",\"url\":\"https:\/\/exceladvisor.org\/de\/\",\"logo\":{\"@type\":\"ImageObject\",\"inLanguage\":\"de\",\"@id\":\"https:\/\/exceladvisor.org\/de\/#\/schema\/logo\/image\/\",\"url\":\"https:\/\/exceladvisor.org\/de\/wp-content\/uploads\/2023\/11\/exceladvisor.org_.png\",\"contentUrl\":\"https:\/\/exceladvisor.org\/de\/wp-content\/uploads\/2023\/11\/exceladvisor.org_.png\",\"width\":105,\"height\":36,\"caption\":\"Excel Advisor\"},\"image\":{\"@id\":\"https:\/\/exceladvisor.org\/de\/#\/schema\/logo\/image\/\"}}]}<\/script>\n<!-- \/ Yoast SEO plugin. -->","yoast_head_json":{"title":"Zufallsdatumsgenerator in Excel \u2013 Excel Advisor","description":"In diesem Tutorial lernen Sie verschiedene benutzerfreundliche Formeln kennen, um einen Zufallsdatumsgenerator in Excel zu erstellen.","robots":{"index":"index","follow":"follow","max-snippet":"max-snippet:-1","max-image-preview":"max-image-preview:large","max-video-preview":"max-video-preview:-1"},"canonical":"https:\/\/exceladvisor.org\/de\/zufallsdatengenerator\/","og_locale":"de_DE","og_type":"article","og_title":"Zufallsdatumsgenerator in Excel \u2013 Excel Advisor","og_description":"In diesem Tutorial lernen Sie verschiedene benutzerfreundliche Formeln kennen, um einen Zufallsdatumsgenerator in Excel zu erstellen.","og_url":"https:\/\/exceladvisor.org\/de\/zufallsdatengenerator\/","og_site_name":"Excel Advisor","article_modified_time":"2023-12-03T13:06:19+00:00","og_image":[{"url":"https:\/\/exceladvisor.org\/wp-content\/uploads\/2023\/08\/1-randbeetween-pour-des-dates-aleatoires.png","type":"","width":"","height":""}],"twitter_card":"summary_large_image","twitter_misc":{"Gesch\u00e4tzte Lesezeit":"2\u00a0Minuten"},"schema":{"@context":"https:\/\/schema.org","@graph":[{"@type":"WebPage","@id":"https:\/\/exceladvisor.org\/de\/zufallsdatengenerator\/","url":"https:\/\/exceladvisor.org\/de\/zufallsdatengenerator\/","name":"Zufallsdatumsgenerator in Excel \u2013 Excel Advisor","isPartOf":{"@id":"https:\/\/exceladvisor.org\/de\/#website"},"primaryImageOfPage":{"@id":"https:\/\/exceladvisor.org\/de\/zufallsdatengenerator\/#primaryimage"},"image":{"@id":"https:\/\/exceladvisor.org\/de\/zufallsdatengenerator\/#primaryimage"},"thumbnailUrl":"https:\/\/exceladvisor.org\/wp-content\/uploads\/2023\/08\/1-randbeetween-pour-des-dates-aleatoires.png","datePublished":"2023-11-05T01:15:47+00:00","dateModified":"2023-12-03T13:06:19+00:00","description":"In diesem Tutorial lernen Sie verschiedene benutzerfreundliche Formeln kennen, um einen Zufallsdatumsgenerator in Excel zu erstellen.","breadcrumb":{"@id":"https:\/\/exceladvisor.org\/de\/zufallsdatengenerator\/#breadcrumb"},"inLanguage":"de","potentialAction":[{"@type":"ReadAction","target":["https:\/\/exceladvisor.org\/de\/zufallsdatengenerator\/"]}]},{"@type":"ImageObject","inLanguage":"de","@id":"https:\/\/exceladvisor.org\/de\/zufallsdatengenerator\/#primaryimage","url":"https:\/\/exceladvisor.org\/wp-content\/uploads\/2023\/08\/1-randbeetween-pour-des-dates-aleatoires.png","contentUrl":"https:\/\/exceladvisor.org\/wp-content\/uploads\/2023\/08\/1-randbeetween-pour-des-dates-aleatoires.png"},{"@type":"BreadcrumbList","@id":"https:\/\/exceladvisor.org\/de\/zufallsdatengenerator\/#breadcrumb","itemListElement":[{"@type":"ListItem","position":1,"name":"Accueil","item":"https:\/\/exceladvisor.org\/de\/"},{"@type":"ListItem","position":2,"name":"Zufallsdatumsgenerator in excel"}]},{"@type":"WebSite","@id":"https:\/\/exceladvisor.org\/de\/#website","url":"https:\/\/exceladvisor.org\/de\/","name":"Excel Advisor","description":"Ihr Leitfaden zur Datendominanz","publisher":{"@id":"https:\/\/exceladvisor.org\/de\/#organization"},"potentialAction":[{"@type":"SearchAction","target":{"@type":"EntryPoint","urlTemplate":"https:\/\/exceladvisor.org\/de\/?s={search_term_string}"},"query-input":{"@type":"PropertyValueSpecification","valueRequired":true,"valueName":"search_term_string"}}],"inLanguage":"de"},{"@type":"Organization","@id":"https:\/\/exceladvisor.org\/de\/#organization","name":"Excel Advisor","url":"https:\/\/exceladvisor.org\/de\/","logo":{"@type":"ImageObject","inLanguage":"de","@id":"https:\/\/exceladvisor.org\/de\/#\/schema\/logo\/image\/","url":"https:\/\/exceladvisor.org\/de\/wp-content\/uploads\/2023\/11\/exceladvisor.org_.png","contentUrl":"https:\/\/exceladvisor.org\/de\/wp-content\/uploads\/2023\/11\/exceladvisor.org_.png","width":105,"height":36,"caption":"Excel Advisor"},"image":{"@id":"https:\/\/exceladvisor.org\/de\/#\/schema\/logo\/image\/"}}]}},"yoast_meta":{"yoast_wpseo_title":"","yoast_wpseo_metadesc":"","yoast_wpseo_canonical":""},"_links":{"self":[{"href":"https:\/\/exceladvisor.org\/de\/wp-json\/wp\/v2\/pages\/3280","targetHints":{"allow":["GET"]}}],"collection":[{"href":"https:\/\/exceladvisor.org\/de\/wp-json\/wp\/v2\/pages"}],"about":[{"href":"https:\/\/exceladvisor.org\/de\/wp-json\/wp\/v2\/types\/page"}],"author":[{"embeddable":true,"href":"https:\/\/exceladvisor.org\/de\/wp-json\/wp\/v2\/users\/1"}],"replies":[{"embeddable":true,"href":"https:\/\/exceladvisor.org\/de\/wp-json\/wp\/v2\/comments?post=3280"}],"version-history":[{"count":1,"href":"https:\/\/exceladvisor.org\/de\/wp-json\/wp\/v2\/pages\/3280\/revisions"}],"predecessor-version":[{"id":4447,"href":"https:\/\/exceladvisor.org\/de\/wp-json\/wp\/v2\/pages\/3280\/revisions\/4447"}],"wp:attachment":[{"href":"https:\/\/exceladvisor.org\/de\/wp-json\/wp\/v2\/media?parent=3280"}],"curies":[{"name":"wp","href":"https:\/\/api.w.org\/{rel}","templated":true}]}}