{"id":3281,"date":"2023-11-04T19:19:59","date_gmt":"2023-11-04T19:19:59","guid":{"rendered":"https:\/\/exceladvisor.org\/de\/formeln-1\/"},"modified":"2023-12-03T11:11:58","modified_gmt":"2023-12-03T11:11:58","slug":"formeln-1","status":"publish","type":"page","link":"https:\/\/exceladvisor.org\/de\/formeln-1\/","title":{"rendered":"7 formeln zur bedingten formatierung in excel"},"content":{"rendered":"<div class=\"excel-vor-dem-inhalt\" id=\"excel-4149782634\"><script type=\"text\/javascript\">\r\n\tatOptions = {\r\n\t\t'key' : 'c1158f160081d6540a8409e6925dab94',\r\n\t\t'format' : 'iframe',\r\n\t\t'height' : 250,\r\n\t\t'width' : 300,\r\n\t\t'params' : {}\r\n\t};\r\n<\/script>\r\n<script type=\"text\/javascript\" src=\"\/\/www.highperformanceformat.com\/c1158f160081d6540a8409e6925dab94\/invoke.js\"><\/script><\/div> <p>Das Beste an der bedingten Formatierung ist, dass Sie darin Formeln verwenden k\u00f6nnen. Und die Arbeit mit Formeln ist sehr einfach.<\/p><p> Ihre Formel muss eine logische Formel sein und das Ergebnis muss WAHR oder FALSCH sein. Wenn die Formel TRUE zur\u00fcckgibt, erhalten Sie die Formatierung, und wenn FALSE, dann nichts. Tatsache ist, dass Sie durch die Verwendung von Formeln die bedingte Formatierung optimal nutzen k\u00f6nnen.<\/p><p> Ja, es ist wahr. Im folgenden Beispiel haben wir eine Formel in CF verwendet, um zu pr\u00fcfen, ob der Wert in der Zelle kleiner als 1000 ist oder nicht. <\/p><div class=\"wp-block-image\"><figure class=\"aligncenter\"><img decoding=\"async\" src=\"https:\/\/exceladvisor.org\/wp-content\/uploads\/2023\/08\/utiliser-des-formules-dans-la-mise-en-forme-conditionnelle-pour-verifier-si-la-valeur-est-superieure-1.png\" sizes=\"\" srcset=\"\" alt=\"Verwenden Sie Formeln in der bedingten Formatierung, um zu pr\u00fcfen, ob der Wert gr\u00f6\u00dfer ist\"><\/figure><\/div><p> Und wenn dieser Wert kleiner als 1000 ist, wird die von uns angegebene Formatierung angewendet, andernfalls nicht. Deshalb m\u00f6chte ich Ihnen heute in diesem Artikel einfache Schritte zur Anwendung der bedingten Formatierung mithilfe einer Formel vorstellen. Und einige der n\u00fctzlichen Beispiele, die Sie in Ihrer t\u00e4glichen Arbeit verwenden k\u00f6nnen.<\/p><h2 id=\"tab-con-1\" class=\"wp-block-heading\"> Schritte zum Anwenden der bedingten Formatierung mit Formeln<\/h2><p> Die Schritte zur Anwendung von CF mit Formeln sind recht einfach:<\/p><ol><li> W\u00e4hlen Sie den Bereich aus, um die bedingte Formatierung anzuwenden.<\/li><li> F\u00fcgen Sie dem Text einer Bedingung eine Formel hinzu.<\/li><li> Geben Sie ein Format an, das angewendet werden soll, wenn die Bedingung erf\u00fcllt ist. <\/li><\/ol><div class=\"wp-block-image\"><figure class=\"aligncenter\"><img decoding=\"async\" src=\"https:\/\/exceladvisor.org\/wp-content\/uploads\/2023\/08\/comment-appliquer-une-mise-en-forme-conditionnelle-a-laide-dune-formule-1.png\" sizes=\"\" srcset=\"\" alt=\"wie man bedingte Formatierung mithilfe einer Formel anwendet\"><\/figure><\/div><p> Um dies richtig zu lernen, laden Sie unbedingt <a href=\"https:\/\/exceladvisor.org\/wp-content\/uploads\/2023\/08\/mise-en-forme-conditionnelle-avec-fichier-de-donnees-de-formules.xlsx\" rel=\"nofollow\">diese Beispieldatei hier herunter<\/a> und befolgen Sie die unten aufgef\u00fchrten detaillierten Schritte.<\/p><ul><li> W\u00e4hlen Sie zun\u00e4chst den Bereich aus, in dem Sie die bedingte Formatierung anwenden m\u00f6chten. <\/li><\/ul><div class=\"wp-block-image\"><figure class=\"aligncenter\"><img decoding=\"async\" src=\"https:\/\/exceladvisor.org\/wp-content\/uploads\/2023\/08\/pour-appliquer-une-mise-en-forme-conditionnelle-a-laide-de-formules-selectionner-une-plage-1.png\" sizes=\"\" srcset=\"\" alt=\"Um bedingte Formatierung mithilfe von Formeln anzuwenden, w\u00e4hlen Sie einen Bereich aus\"><\/figure><\/div><ul><li> Gehen Sie anschlie\u00dfend zur Registerkarte \u201eStartseite\u201c \u279c Stile \u279c Bedingte Formatierung \u279c Neue Regel \u279c Verwenden Sie eine Formel, um zu bestimmen, welche Zelle formatiert werden soll. <\/li><\/ul><div class=\"wp-block-image\"><figure class=\"aligncenter\"><img decoding=\"async\" src=\"https:\/\/exceladvisor.org\/wp-content\/uploads\/2023\/08\/pour-appliquer-une-mise-en-forme-conditionnelle-a-laide-de-formules-cliquez-sur-nouvelle-regle-1.png\" sizes=\"\" srcset=\"\" alt=\"Um eine bedingte Formatierung mithilfe von Formeln anzuwenden, klicken Sie auf \u201eNeue Regel\u201c.\"><\/figure><\/div><ul><li> Geben Sie nun im Feld \u201e <strong><span style=\"color: #000000;\">Werte formatieren, bei denen die Formel wahr ist<\/span><\/strong> \u201c die folgende Formel ein.<\/li><\/ul><p> =E5&lt;1000 <\/p><div class=\"wp-block-image\"><figure class=\"aligncenter\"><img decoding=\"async\" src=\"https:\/\/exceladvisor.org\/wp-content\/uploads\/2023\/08\/pour-appliquer-une-mise-en-forme-conditionnelle-a-laide-de-formules-entrez-la-formule-1.png\" sizes=\"\" srcset=\"\" alt=\"Um die bedingte Formatierung mithilfe von Formeln anzuwenden, geben Sie eine Formel ein\"><\/figure><\/div><ul><li> Als n\u00e4chstes m\u00fcssen Sie das anzuwendende Format angeben. Klicken Sie dazu auf die Schaltfl\u00e4che \u201eFormat\u201c und w\u00e4hlen Sie das Format aus. <\/li><\/ul><div class=\"wp-block-image\"><figure class=\"aligncenter\"><img decoding=\"async\" src=\"https:\/\/exceladvisor.org\/wp-content\/uploads\/2023\/08\/pour-appliquer-une-mise-en-forme-conditionnelle-a-laide-de-formules-specifier-la-mise-en-forme-1.png\" sizes=\"\" srcset=\"\" alt=\"Um eine bedingte Formatierung mithilfe von Formeln anzuwenden, geben Sie die Formatierung an\"><\/figure><\/div><ul><li> Klicken Sie am Ende auf OK.<\/li><\/ul><p> Wenn Sie eine Formel in das CF-Dialogfeld eingeben, k\u00f6nnen Sie weder das Ergebnis sehen noch sehen, ob diese Formel g\u00fcltig ist oder nicht. Daher empfiehlt es sich, diese Formel vor der Verwendung in CF zu \u00fcberpr\u00fcfen, indem Sie sie in eine Zelle eingeben.<\/p><h2 id=\"tab-con-3\" class=\"wp-block-heading\"> 1. Verwenden Sie eine Formel, die auf einer anderen Zelle basiert<\/h2><p> Ja, Sie k\u00f6nnen eine bedingte Formatierung basierend auf dem Wert einer anderen Zelle anwenden. Wenn Sie sich das folgende Beispiel ansehen, haben wir eine einfache Formel hinzugef\u00fcgt, die auf einer anderen Zelle basiert. Und wenn der Wert dieser verkn\u00fcpften Zelle die angegebene Bedingung erf\u00fcllt, erhalten Sie eine bedingte Formatierung. <\/p><div class=\"wp-block-image\"><figure class=\"aligncenter\"><img decoding=\"async\" src=\"https:\/\/exceladvisor.org\/wp-content\/uploads\/2023\/08\/appliquer-une-mise-en-forme-conditionnelle-avec-une-formule-en-utilisant-une-autre-cellule-2-1.png\" sizes=\"\" srcset=\"\" alt=\"Wenden Sie die bedingte Formatierung mit einer Formel unter Verwendung einer anderen Zelle an\"><\/figure><\/div><p> Wenn der Pass weniger als 75 % betr\u00e4gt, wird er rot hervorgehoben. <\/p><div class=\"wp-block-image\"><figure class=\"aligncenter\"><img decoding=\"async\" src=\"https:\/\/exceladvisor.org\/wp-content\/uploads\/2023\/08\/appliquer-une-mise-en-forme-conditionnelle-avec-une-formule-en-utilisant-une-autre-cellule-avec-un-pourcentage-75-1.png\" sizes=\"\" srcset=\"\" alt=\"Wenden Sie die bedingte Formatierung mit einer Formel an, indem Sie eine andere Zelle mit dem Prozentsatz 75 verwenden\"><\/figure><\/div><h2 id=\"tab-con-4\" class=\"wp-block-heading\"> 2. Bedingte Formatierung mit IF<\/h2><p> Wenn ich \u00fcber Bedingungen nachdenke, f\u00e4llt mir als Erstes die Verwendung der IF-Funktion ein. Und das Beste an dieser Funktion ist, dass sie perfekt in die bedingte Formatierung passt. Lassen Sie mich Ihnen ein Beispiel zeigen: <\/p><div class=\"wp-block-image\"><figure class=\"aligncenter\"><img decoding=\"async\" src=\"https:\/\/exceladvisor.org\/wp-content\/uploads\/2023\/08\/utiliser-des-formules-pour-appliquer-une-mise-en-forme-conditionnelle-avec-if-1.png\" sizes=\"\" srcset=\"\" alt=\"Verwenden Sie Formeln, um eine bedingte Formatierung mit if anzuwenden\"><\/figure><\/div><p> Hier haben wir IF verwendet, um eine Bedingung zu erstellen. Die Bedingung lautet: Wenn die Anzahl \u201eFertig\u201c im Bereich B3:B9 gleich der Anzahl der Aufgaben im Bereich A3:A9 ist, wird der endg\u00fcltige Status angezeigt. <\/p><div class=\"wp-block-image\"><figure class=\"aligncenter\"><img decoding=\"async\" src=\"https:\/\/exceladvisor.org\/wp-content\/uploads\/2023\/08\/cette-formule-en-formatage-conditionnel-formatera-la-cellule-lorsque-toutes-les-taches-seront-terminees-1.gif\" sizes=\"\" srcset=\"\" alt=\"Diese Formel in bedingter Formatierung formatiert die Zelle, wenn alle Aufgaben abgeschlossen sind\"><\/figure><\/div><h2 id=\"tab-con-5\" class=\"wp-block-heading\"> 3. Bedingte Formatierung mit mehreren Bedingungen<\/h2><p> Sie k\u00f6nnen mehrere Pr\u00fcfbedingungen erstellen, die auf das Format angewendet werden. Sobald alle oder einige der Bedingungen erf\u00fcllt sind, wird die bedingte Formatierung auf die Zelle angewendet. Schauen Sie sich das Beispiel unten an, in dem wir die Durchschnittstemperatur meiner Stadt verwendet haben.<\/p><p> Und wir haben ein einfach kombiniertes SI-AND verwendet, um die Monate hervorzuheben, in denen die Temperatur recht angenehm ist. Monate, in denen die Temperatur zwischen 15 und 35 Grad Celsius liegt, sind farbenfroh. <\/p><div class=\"wp-block-image\"><figure class=\"aligncenter\"><img decoding=\"async\" src=\"https:\/\/exceladvisor.org\/wp-content\/uploads\/2023\/08\/utiliser-si-et-formule-dans-la-mise-en-forme-conditionnelle-pour-mettre-en-surbrillance-la-cellule-avec-des-tempratures-1.gif\" sizes=\"\" srcset=\"\" alt=\"Verwenden Sie if und Formel in der bedingten Formatierung, um Zellen mit Temperaturen hervorzuheben\"><\/figure><\/div><p> Ebenso k\u00f6nnen Sie <a style=\"outline: none;\" href=\"https:\/\/exceladvisor.org\/de\/wenn-oder-1\/\">if mit oder function<\/a> verwenden.<\/p><h2 id=\"tab-con-6\" class=\"wp-block-heading\"> 4. Markieren Sie alternative Zeilen mit bedingter Formatierung<\/h2><p> Um jede alternative Zeile hervorzuheben, k\u00f6nnen Sie die folgende nCF-Formel verwenden.<\/p><p class=\"formula\"> =INT(MOD(ROW(),2))<\/p><p> Mit dieser Formel wird jede Zeile mit einer ungeraden Zahl hervorgehoben. Und wenn Sie das Gegenteil erreichen m\u00f6chten, k\u00f6nnen Sie die folgende Formel verwenden. <\/p><div class=\"wp-block-image\"><figure class=\"aligncenter\"><img decoding=\"async\" src=\"https:\/\/exceladvisor.org\/wp-content\/uploads\/2023\/08\/tableau-avec-des-lignes-alternatives-en-surbrillance-utilisant-une-formule-dans-une-mise-en-forme-conditionnelle-1.png\" sizes=\"\" srcset=\"\" alt=\"Tabelle mit hervorgehobenen alternativen Zeilen mithilfe einer Formel in bedingter Formatierung\"><\/figure><\/div><p class=\"formula\"> =INT(MOD(ROW()+1,2))<\/p><p> Der gleiche Formeltyp kann auch f\u00fcr Spalten (ungerade und gerade) verwendet werden.<\/p><p class=\"formula\"> =INT(MOD(COLUMN(),2))<\/p><p> Und f\u00fcr gerade Spalten.<\/p><p class=\"formula\"> =INT(MOD(COLUMN()+1,2)) <\/p><div class=\"wp-block-image\"><figure class=\"aligncenter\"><img decoding=\"async\" src=\"https:\/\/exceladvisor.org\/wp-content\/uploads\/2023\/08\/utiliser-la-mise-en-forme-conditionnelle-mettre-en-surbrillance-la-colonne-alternative-1.gif\" sizes=\"\" srcset=\"\" alt=\"Verwenden Sie die bedingte Formatierung, um eine alternative Spalte hervorzuheben\"><\/figure><\/div><h2 id=\"tab-con-7\" class=\"wp-block-heading\"> 5. Markieren Sie Zellen mit Fehlern mithilfe von CF<\/h2><p> Kommen wir nun zu einem weiteren Beispiel, in dem wir pr\u00fcfen, ob eine Zelle einen Fehler enth\u00e4lt oder nicht. Was wir tun m\u00fcssen, ist einfach eine Formel in die bedingte Formatierung einzuf\u00fcgen, die die Bedingung pr\u00fcfen und das Ergebnis als WAHR oder FALSCH zur\u00fcckgeben kann. Sie k\u00f6nnen Zellen sogar auf Zahlen, Text oder bestimmte Werte \u00fcberpr\u00fcfen. <\/p><div class=\"wp-block-image\"><figure class=\"aligncenter\"><img decoding=\"async\" src=\"https:\/\/exceladvisor.org\/wp-content\/uploads\/2023\/08\/mettre-en-evidence-les-erreurs-des-cellules-a-laide-de-la-mise-en-forme-conditionnelle-1.png\" sizes=\"\" srcset=\"\" alt=\"Markieren Sie Zellfehler mithilfe der bedingten Formatierung\"><\/figure><\/div><h2 id=\"tab-con-8\" class=\"wp-block-heading\"> 6. Erstellen Sie eine Checkliste mit bedingter Formatierung<\/h2><p> F\u00fcgen wir der Intelligenz nun etwas Kreativit\u00e4t hinzu. Sie haben bereits gelernt, wie Sie eine Formel verwenden, die auf einer anderen Zelle basiert. Hier haben wir <a href=\"https:\/\/exceladvisor.org\/de\/kontrollkastchen\/\">ein Kontrollk\u00e4stchen mit Zelle B1 verkn\u00fcpft<\/a> und B1 weiter mit der Formel verkn\u00fcpft, die in der bedingten Formatierung f\u00fcr Zelle A1 verwendet wird. <\/p><div class=\"wp-block-image\"><figure class=\"aligncenter\"><img decoding=\"async\" src=\"https:\/\/exceladvisor.org\/wp-content\/uploads\/2023\/08\/liste-de-controle-utilisant-la-mise-en-forme-conditionnelle-et-la-case-a-cocher-1.png\" sizes=\"\" srcset=\"\" alt=\"Checkliste mit bedingter Formatierung und Kontrollk\u00e4stchen\"><\/figure><\/div><p> Wenn Sie nun das <a href=\"https:\/\/exceladvisor.org\/de\/kontrollkastchen\/\">Kontrollk\u00e4stchen<\/a> aktivieren, wird der Wert von Zelle B1 zu TRUE und Zelle A1 erh\u00e4lt ihre bedingte Formatierung [ <a href=\"https:\/\/exceladvisor.org\/de\/stange\/\">durchgestrichen<\/a> ]. <\/p><div class=\"wp-block-image\"><figure class=\"aligncenter\"><img decoding=\"async\" src=\"https:\/\/exceladvisor.org\/wp-content\/uploads\/2023\/08\/une-liste-de-controle-dynamique-utilisant-des-formules-en-format-conditionnel-1.gif\" sizes=\"\" srcset=\"\" alt=\"eine dynamische Checkliste mit Formeln im bedingten Format\"><\/figure><\/div><h2 id=\"tab-con-9\" class=\"wp-block-heading\"> Imbissbuden<\/h2><ol><li> Ihre Formel muss eine logische Formel sein, die zu einem WAHR- oder FALSCH-Ergebnis f\u00fchrt.<\/li><li> Versuchen Sie, Ihre Daten nicht mit bedingter Formatierung zu \u00fcberladen.<\/li><li> Verwenden Sie <a href=\"https:\/\/www.deskbright.com\/excel\/absolute-and-relative-cell-references\/\" target=\"_blank\" rel=\"noreferrer noopener\">relative und absolute Bez\u00fcge<\/a> immer im w\u00f6rtlichen Sinne.<\/li><\/ol><h2 id=\"tab-con-10\" class=\"wp-block-heading\"> Beispieldatei<\/h2><p> <a href=\"https:\/\/exceladvisor.org\/wp-content\/uploads\/2023\/08\/formules-dans-la-mise-en-forme-conditionnelle-2.xlsx\" rel=\"nofollow\">Laden Sie diese Beispieldatei hier herunter,<\/a> um mehr zu erfahren.<\/p><div class=\"gb-container gb-container-4db6181c gb-container-mt\"> <a class=\"gb-button gb-button-c5897111 gb-button-text gb-button-mt-button\" href=\"https:\/\/exceladvisor.org\/de\/excel-fortschritt\/\">Erweiterte Excel-Tutorials<\/a><h2 class=\"gb-headline gb-headline-665e5f6b gb-headline-text gb-headline-mt-heading\"> Verwandte Tutorials <\/h2><div class=\"gb-grid-wrapper gb-grid-wrapper-a20baf7c gb-grid-wrapper-mt-grid\"><div class=\"gb-grid-column gb-grid-column-65ddf67e\"><div class=\"gb-container gb-container-65ddf67e\"><ul><li> <a href=\"https:\/\/exceladvisor.org\/de\/automatisch-formatieren\/\">Automatische Formatierungsoption in Excel<\/a><\/li><li> <a href=\"https:\/\/exceladvisor.org\/de\/markieren-sie-abwechselnde-zeilen\/\">Markieren Sie alternative Zeilen in Excel mit einem Farbfeld<\/a><\/li><li> <a href=\"https:\/\/exceladvisor.org\/de\/icon-spiele\/\" data-wpil=\"url\">Symbols\u00e4tze in Excel verwenden (bedingte Formatierung)<\/a> <\/li><\/ul><\/div><\/div><div class=\"gb-grid-column gb-grid-column-50067b57\"><div class=\"gb-container gb-container-50067b57\"><\/div><\/div><\/div><\/div>","protected":false},"excerpt":{"rendered":"","protected":false},"author":1,"featured_media":0,"parent":0,"menu_order":0,"comment_status":"open","ping_status":"closed","template":"","meta":{"ub_ctt_via":"","footnotes":""},"class_list":["post-3281","page","type-page","status-publish","hentry"],"featured_image_src":null,"yoast_head":"<!-- This site is optimized with the Yoast SEO plugin v25.4 - https:\/\/yoast.com\/wordpress\/plugins\/seo\/ -->\n<title>7 bedingte Formatierungsformeln in Excel (2023)<\/title>\n<meta name=\"description\" content=\"Regel Nr. 1: Bei der bedingten Formatierung muss Ihre Formel eine logische Formel sein und das Ergebnis muss WAHR oder FALSCH sein. In\" \/>\n<meta name=\"robots\" content=\"index, follow, max-snippet:-1, max-image-preview:large, max-video-preview:-1\" \/>\n<link rel=\"canonical\" href=\"https:\/\/exceladvisor.org\/de\/formeln-1\/\" \/>\n<meta property=\"og:locale\" content=\"de_DE\" \/>\n<meta property=\"og:type\" content=\"article\" \/>\n<meta property=\"og:title\" content=\"7 bedingte Formatierungsformeln in Excel (2023)\" \/>\n<meta property=\"og:description\" content=\"Regel Nr. 1: Bei der bedingten Formatierung muss Ihre Formel eine logische Formel sein und das Ergebnis muss WAHR oder FALSCH sein. In\" \/>\n<meta property=\"og:url\" content=\"https:\/\/exceladvisor.org\/de\/formeln-1\/\" \/>\n<meta property=\"og:site_name\" content=\"Excel Advisor\" \/>\n<meta property=\"article:modified_time\" content=\"2023-12-03T11:11:58+00:00\" \/>\n<meta property=\"og:image\" content=\"https:\/\/exceladvisor.org\/wp-content\/uploads\/2023\/08\/utiliser-des-formules-dans-la-mise-en-forme-conditionnelle-pour-verifier-si-la-valeur-est-superieure-1.png\" \/>\n<meta name=\"twitter:card\" content=\"summary_large_image\" \/>\n<meta name=\"twitter:label1\" content=\"Gesch\u00e4tzte Lesezeit\" \/>\n\t<meta name=\"twitter:data1\" content=\"5\u00a0Minuten\" \/>\n<script type=\"application\/ld+json\" class=\"yoast-schema-graph\">{\"@context\":\"https:\/\/schema.org\",\"@graph\":[{\"@type\":\"WebPage\",\"@id\":\"https:\/\/exceladvisor.org\/de\/formeln-1\/\",\"url\":\"https:\/\/exceladvisor.org\/de\/formeln-1\/\",\"name\":\"7 bedingte Formatierungsformeln in Excel (2023)\",\"isPartOf\":{\"@id\":\"https:\/\/exceladvisor.org\/de\/#website\"},\"primaryImageOfPage\":{\"@id\":\"https:\/\/exceladvisor.org\/de\/formeln-1\/#primaryimage\"},\"image\":{\"@id\":\"https:\/\/exceladvisor.org\/de\/formeln-1\/#primaryimage\"},\"thumbnailUrl\":\"https:\/\/exceladvisor.org\/wp-content\/uploads\/2023\/08\/utiliser-des-formules-dans-la-mise-en-forme-conditionnelle-pour-verifier-si-la-valeur-est-superieure-1.png\",\"datePublished\":\"2023-11-04T19:19:59+00:00\",\"dateModified\":\"2023-12-03T11:11:58+00:00\",\"description\":\"Regel Nr. 1: Bei der bedingten Formatierung muss Ihre Formel eine logische Formel sein und das Ergebnis muss WAHR oder FALSCH sein. In\",\"breadcrumb\":{\"@id\":\"https:\/\/exceladvisor.org\/de\/formeln-1\/#breadcrumb\"},\"inLanguage\":\"de\",\"potentialAction\":[{\"@type\":\"ReadAction\",\"target\":[\"https:\/\/exceladvisor.org\/de\/formeln-1\/\"]}]},{\"@type\":\"ImageObject\",\"inLanguage\":\"de\",\"@id\":\"https:\/\/exceladvisor.org\/de\/formeln-1\/#primaryimage\",\"url\":\"https:\/\/exceladvisor.org\/wp-content\/uploads\/2023\/08\/utiliser-des-formules-dans-la-mise-en-forme-conditionnelle-pour-verifier-si-la-valeur-est-superieure-1.png\",\"contentUrl\":\"https:\/\/exceladvisor.org\/wp-content\/uploads\/2023\/08\/utiliser-des-formules-dans-la-mise-en-forme-conditionnelle-pour-verifier-si-la-valeur-est-superieure-1.png\"},{\"@type\":\"BreadcrumbList\",\"@id\":\"https:\/\/exceladvisor.org\/de\/formeln-1\/#breadcrumb\",\"itemListElement\":[{\"@type\":\"ListItem\",\"position\":1,\"name\":\"Accueil\",\"item\":\"https:\/\/exceladvisor.org\/de\/\"},{\"@type\":\"ListItem\",\"position\":2,\"name\":\"7 formeln zur bedingten formatierung in excel\"}]},{\"@type\":\"WebSite\",\"@id\":\"https:\/\/exceladvisor.org\/de\/#website\",\"url\":\"https:\/\/exceladvisor.org\/de\/\",\"name\":\"Excel Advisor\",\"description\":\"Ihr Leitfaden zur Datendominanz\",\"publisher\":{\"@id\":\"https:\/\/exceladvisor.org\/de\/#organization\"},\"potentialAction\":[{\"@type\":\"SearchAction\",\"target\":{\"@type\":\"EntryPoint\",\"urlTemplate\":\"https:\/\/exceladvisor.org\/de\/?s={search_term_string}\"},\"query-input\":{\"@type\":\"PropertyValueSpecification\",\"valueRequired\":true,\"valueName\":\"search_term_string\"}}],\"inLanguage\":\"de\"},{\"@type\":\"Organization\",\"@id\":\"https:\/\/exceladvisor.org\/de\/#organization\",\"name\":\"Excel Advisor\",\"url\":\"https:\/\/exceladvisor.org\/de\/\",\"logo\":{\"@type\":\"ImageObject\",\"inLanguage\":\"de\",\"@id\":\"https:\/\/exceladvisor.org\/de\/#\/schema\/logo\/image\/\",\"url\":\"https:\/\/exceladvisor.org\/de\/wp-content\/uploads\/2023\/11\/exceladvisor.org_.png\",\"contentUrl\":\"https:\/\/exceladvisor.org\/de\/wp-content\/uploads\/2023\/11\/exceladvisor.org_.png\",\"width\":105,\"height\":36,\"caption\":\"Excel Advisor\"},\"image\":{\"@id\":\"https:\/\/exceladvisor.org\/de\/#\/schema\/logo\/image\/\"}}]}<\/script>\n<!-- \/ Yoast SEO plugin. -->","yoast_head_json":{"title":"7 bedingte Formatierungsformeln in Excel (2023)","description":"Regel Nr. 1: Bei der bedingten Formatierung muss Ihre Formel eine logische Formel sein und das Ergebnis muss WAHR oder FALSCH sein. In","robots":{"index":"index","follow":"follow","max-snippet":"max-snippet:-1","max-image-preview":"max-image-preview:large","max-video-preview":"max-video-preview:-1"},"canonical":"https:\/\/exceladvisor.org\/de\/formeln-1\/","og_locale":"de_DE","og_type":"article","og_title":"7 bedingte Formatierungsformeln in Excel (2023)","og_description":"Regel Nr. 1: Bei der bedingten Formatierung muss Ihre Formel eine logische Formel sein und das Ergebnis muss WAHR oder FALSCH sein. In","og_url":"https:\/\/exceladvisor.org\/de\/formeln-1\/","og_site_name":"Excel Advisor","article_modified_time":"2023-12-03T11:11:58+00:00","og_image":[{"url":"https:\/\/exceladvisor.org\/wp-content\/uploads\/2023\/08\/utiliser-des-formules-dans-la-mise-en-forme-conditionnelle-pour-verifier-si-la-valeur-est-superieure-1.png","type":"","width":"","height":""}],"twitter_card":"summary_large_image","twitter_misc":{"Gesch\u00e4tzte Lesezeit":"5\u00a0Minuten"},"schema":{"@context":"https:\/\/schema.org","@graph":[{"@type":"WebPage","@id":"https:\/\/exceladvisor.org\/de\/formeln-1\/","url":"https:\/\/exceladvisor.org\/de\/formeln-1\/","name":"7 bedingte Formatierungsformeln in Excel (2023)","isPartOf":{"@id":"https:\/\/exceladvisor.org\/de\/#website"},"primaryImageOfPage":{"@id":"https:\/\/exceladvisor.org\/de\/formeln-1\/#primaryimage"},"image":{"@id":"https:\/\/exceladvisor.org\/de\/formeln-1\/#primaryimage"},"thumbnailUrl":"https:\/\/exceladvisor.org\/wp-content\/uploads\/2023\/08\/utiliser-des-formules-dans-la-mise-en-forme-conditionnelle-pour-verifier-si-la-valeur-est-superieure-1.png","datePublished":"2023-11-04T19:19:59+00:00","dateModified":"2023-12-03T11:11:58+00:00","description":"Regel Nr. 1: Bei der bedingten Formatierung muss Ihre Formel eine logische Formel sein und das Ergebnis muss WAHR oder FALSCH sein. In","breadcrumb":{"@id":"https:\/\/exceladvisor.org\/de\/formeln-1\/#breadcrumb"},"inLanguage":"de","potentialAction":[{"@type":"ReadAction","target":["https:\/\/exceladvisor.org\/de\/formeln-1\/"]}]},{"@type":"ImageObject","inLanguage":"de","@id":"https:\/\/exceladvisor.org\/de\/formeln-1\/#primaryimage","url":"https:\/\/exceladvisor.org\/wp-content\/uploads\/2023\/08\/utiliser-des-formules-dans-la-mise-en-forme-conditionnelle-pour-verifier-si-la-valeur-est-superieure-1.png","contentUrl":"https:\/\/exceladvisor.org\/wp-content\/uploads\/2023\/08\/utiliser-des-formules-dans-la-mise-en-forme-conditionnelle-pour-verifier-si-la-valeur-est-superieure-1.png"},{"@type":"BreadcrumbList","@id":"https:\/\/exceladvisor.org\/de\/formeln-1\/#breadcrumb","itemListElement":[{"@type":"ListItem","position":1,"name":"Accueil","item":"https:\/\/exceladvisor.org\/de\/"},{"@type":"ListItem","position":2,"name":"7 formeln zur bedingten formatierung in excel"}]},{"@type":"WebSite","@id":"https:\/\/exceladvisor.org\/de\/#website","url":"https:\/\/exceladvisor.org\/de\/","name":"Excel Advisor","description":"Ihr Leitfaden zur Datendominanz","publisher":{"@id":"https:\/\/exceladvisor.org\/de\/#organization"},"potentialAction":[{"@type":"SearchAction","target":{"@type":"EntryPoint","urlTemplate":"https:\/\/exceladvisor.org\/de\/?s={search_term_string}"},"query-input":{"@type":"PropertyValueSpecification","valueRequired":true,"valueName":"search_term_string"}}],"inLanguage":"de"},{"@type":"Organization","@id":"https:\/\/exceladvisor.org\/de\/#organization","name":"Excel Advisor","url":"https:\/\/exceladvisor.org\/de\/","logo":{"@type":"ImageObject","inLanguage":"de","@id":"https:\/\/exceladvisor.org\/de\/#\/schema\/logo\/image\/","url":"https:\/\/exceladvisor.org\/de\/wp-content\/uploads\/2023\/11\/exceladvisor.org_.png","contentUrl":"https:\/\/exceladvisor.org\/de\/wp-content\/uploads\/2023\/11\/exceladvisor.org_.png","width":105,"height":36,"caption":"Excel Advisor"},"image":{"@id":"https:\/\/exceladvisor.org\/de\/#\/schema\/logo\/image\/"}}]}},"yoast_meta":{"yoast_wpseo_title":"","yoast_wpseo_metadesc":"","yoast_wpseo_canonical":""},"_links":{"self":[{"href":"https:\/\/exceladvisor.org\/de\/wp-json\/wp\/v2\/pages\/3281","targetHints":{"allow":["GET"]}}],"collection":[{"href":"https:\/\/exceladvisor.org\/de\/wp-json\/wp\/v2\/pages"}],"about":[{"href":"https:\/\/exceladvisor.org\/de\/wp-json\/wp\/v2\/types\/page"}],"author":[{"embeddable":true,"href":"https:\/\/exceladvisor.org\/de\/wp-json\/wp\/v2\/users\/1"}],"replies":[{"embeddable":true,"href":"https:\/\/exceladvisor.org\/de\/wp-json\/wp\/v2\/comments?post=3281"}],"version-history":[{"count":1,"href":"https:\/\/exceladvisor.org\/de\/wp-json\/wp\/v2\/pages\/3281\/revisions"}],"predecessor-version":[{"id":3721,"href":"https:\/\/exceladvisor.org\/de\/wp-json\/wp\/v2\/pages\/3281\/revisions\/3721"}],"wp:attachment":[{"href":"https:\/\/exceladvisor.org\/de\/wp-json\/wp\/v2\/media?parent=3281"}],"curies":[{"name":"wp","href":"https:\/\/api.w.org\/{rel}","templated":true}]}}