{"id":3282,"date":"2023-11-04T18:36:02","date_gmt":"2023-11-04T18:36:02","guid":{"rendered":"https:\/\/exceladvisor.org\/de\/nicht-gedrehte-daten\/"},"modified":"2023-12-03T11:12:48","modified_gmt":"2023-12-03T11:12:48","slug":"nicht-gedrehte-daten","status":"publish","type":"page","link":"https:\/\/exceladvisor.org\/de\/nicht-gedrehte-daten\/","title":{"rendered":"So entpivotieren sie daten in excel mithilfe von power query"},"content":{"rendered":"<div class=\"excel-vor-dem-inhalt\" id=\"excel-548459130\"><script type=\"text\/javascript\">\r\n\tatOptions = {\r\n\t\t'key' : 'c1158f160081d6540a8409e6925dab94',\r\n\t\t'format' : 'iframe',\r\n\t\t'height' : 250,\r\n\t\t'width' : 300,\r\n\t\t'params' : {}\r\n\t};\r\n<\/script>\r\n<script type=\"text\/javascript\" src=\"\/\/www.highperformanceformat.com\/c1158f160081d6540a8409e6925dab94\/invoke.js\"><\/script><\/div> <p>Daten im Kreuztabellenformat k\u00f6nnen als Bericht verwendet werden, da sie leicht verst\u00e4ndlich sind. Das Problem tritt jedoch auf, wenn Sie es h\u00e4ufiger verwenden m\u00fcssen.<\/p><p> In dieser Situation m\u00fcssen Sie sich anstrengen und Ihre kostbare Zeit investieren, um es wiederverwendbar zu machen. Im folgenden Beispiel sehen Sie die Kreuztabellendaten. Um es wiederverwendbar zu machen, ist es am besten, es zu entspinnen, ja, genau wie dieses hier. <\/p><div class=\"wp-block-image\"><figure class=\"aligncenter\"><img decoding=\"async\" src=\"https:\/\/exceladvisor.org\/wp-content\/uploads\/2023\/08\/1-donnees-non-pivotees-avec-power-query-min-1.png\" sizes=\"\" srcset=\"\" alt=\"\"><\/figure><\/div><p> Und um eine Rotation der Daten zu vermeiden, ist die Verwendung von POWER QUERY am besten. Deshalb m\u00f6chte ich Ihnen heute in diesem Artikel einfache Schritte zum Konvertieren von Kreuztabellendaten in eine Tabelle mit der Unpivot-Option von POWER QUERY vorstellen.<\/p><h2 class=\"wp-block-heading\"> Schritte zum Entpivotieren von Daten in Excel mit Power Query<\/h2><p> Die Verwendung <strong><a style=\"outline: none;\" href=\"https:\/\/exceladvisor.org\/de\/leistungsanforderung\/\">von Power Query<\/a><\/strong> zum Aufheben der Pivotierung einer Datentabelle ist pure Freude. Sie werden \u00fcberrascht sein, wie einfach es ist. Bevor Sie es verwenden, m\u00fcssen Sie jedoch das Power Query-Add-In installieren, wenn Sie Excel 2013 oder 2010 verwenden und es in Excel 2016 bereits als \u201eGet &amp; Transform\u201c vorhanden ist. Laden Sie unbedingt <a href=\"https:\/\/exceladvisor.org\/wp-content\/uploads\/2023\/11\/non-pivoter-les-donnees-brutes.xlsx\" target=\"_blank\" rel=\"noreferrer noopener nofollow\">diese Beispieldatei herunter<\/a> , um mitzumachen.<\/p><ul><li> W\u00e4hlen Sie zun\u00e4chst Ihre Kreuztabellendaten aus und navigieren Sie zur Registerkarte \u201eDaten\u201c. <\/li><\/ul><div class=\"wp-block-image\"><figure class=\"aligncenter\"><img decoding=\"async\" src=\"https:\/\/exceladvisor.org\/wp-content\/uploads\/2023\/08\/2-donnees-non-pivotees-avec-requete-de-puissance-selectionner-la-table-de-donnees-min-1.png\" sizes=\"\" srcset=\"\" alt=\"\"><\/figure><\/div><ul><li> Navigieren Sie auf der Registerkarte \u201eDaten\u201c zu \u201eAbrufen und transformieren\u201c \u2192 \u201eAus Tabelle\u201c. <\/li><\/ul><div class=\"wp-block-image\"><figure class=\"aligncenter\"><img decoding=\"async\" src=\"https:\/\/exceladvisor.org\/wp-content\/uploads\/2023\/08\/3-donnees-non-pivotees-avec-une-requete-de-puissance-cliquez-sur-le-tableau-min-1.png\" sizes=\"\" srcset=\"\" alt=\"\"><\/figure><\/div><ul><li> Wenn Sie darauf klicken, werden Ihre Kreuztabellendaten in eine Excel-Tabelle konvertiert (falls noch nicht geschehen).<\/li><li> Und die Daten werden sofort in den leistungsstarken Abfrageeditor geladen. <\/li><\/ul><div class=\"wp-block-image\"><figure class=\"aligncenter\"><img decoding=\"async\" src=\"https:\/\/exceladvisor.org\/wp-content\/uploads\/2023\/08\/4-donnees-non-pivotees-avec-des-donnees-de-requete-de-puissance-dans-lediteur-min-1.png\" sizes=\"\" srcset=\"\" alt=\"\"><\/figure><\/div><ul><li> Von hier aus m\u00fcssen wir alle Spalten ausw\u00e4hlen, deren Pivotierung aufgehoben werden soll.<\/li><li> W\u00e4hlen Sie dazu die Spalte \u201eJan\u201c aus, halten Sie die Umschalttaste gedr\u00fcckt und w\u00e4hlen Sie die Spalte \u201eDez\u201c aus.<\/li><li> Klicken Sie anschlie\u00dfend mit der rechten Maustaste darauf und w\u00e4hlen Sie \u201eSpalten entpivotieren\u201c. <\/li><\/ul><div class=\"wp-block-image\"><figure class=\"aligncenter\"><img decoding=\"async\" src=\"https:\/\/exceladvisor.org\/wp-content\/uploads\/2023\/08\/5-donnees-non-pivotees-avec-power-query-click-colonnes-non-pivotees-min-1.png\" sizes=\"\" srcset=\"\" alt=\"\"><\/figure><\/div><ul><li> Jetzt werden die 12 Spalten nicht in zwei Spalten gedreht. Einer ist f\u00fcr den Monat und der andere f\u00fcr den Betrag. <\/li><\/ul><div class=\"wp-block-image\"><figure class=\"aligncenter\"><img decoding=\"async\" src=\"https:\/\/exceladvisor.org\/wp-content\/uploads\/2023\/08\/6-donnees-non-pivotees-avec-requete-de-puissance-effectuee-min-1.png\" sizes=\"\" srcset=\"\" alt=\"\"><\/figure><\/div><ul><li> Als letztes m\u00fcssen Sie die Spalten umbenennen.<\/li><li> Klicken Sie dazu mit der rechten Maustaste auf die Spalte und benennen Sie sie um (bei beiden). <\/li><\/ul><div class=\"wp-block-image\"><figure class=\"aligncenter\"><img decoding=\"async\" src=\"https:\/\/exceladvisor.org\/wp-content\/uploads\/2023\/08\/7-donnees-non-pivotees-avec-power-query-renommer-la-colonne-min-1.png\" sizes=\"\" srcset=\"\" alt=\"\"><\/figure><\/div><ul><li> Klicken Sie abschlie\u00dfend auf <strong>\u201eSchlie\u00dfen und laden\u201c<\/strong> . <\/li><\/ul><div class=\"wp-block-image\"><figure class=\"aligncenter\"><img decoding=\"async\" src=\"https:\/\/exceladvisor.org\/wp-content\/uploads\/2023\/08\/8-donnees-non-pivotees-avec-fermeture-de-requete-de-puissance-et-charge-min-1.png\" sizes=\"\" srcset=\"\" alt=\"\"><\/figure><\/div><p> Jetzt werden Ihre Kreuztabellendaten in reine Daten umgewandelt und Sie k\u00f6nnen damit Pivot-Tabellen und alle anderen Dinge f\u00fcr die weitere Analyse und Verkaufsberichterstattung erstellen. <\/p><div class=\"wp-block-image\"><figure class=\"aligncenter\"><img decoding=\"async\" src=\"https:\/\/exceladvisor.org\/wp-content\/uploads\/2023\/08\/9-donnees-non-pivotees-avec-power-query-nouvelles-donnees-dans-la-feuille-min-1.png\" sizes=\"\" srcset=\"\" alt=\"\"><\/figure><\/div><h2 class=\"wp-block-heading\"> Abschluss<\/h2><p> Wie gesagt, die Verwendung von PowerQuery macht Spa\u00df. Dadurch wird Ihr drehpunktloses Arbeiten so viel einfacher, dass Sie keine Zeit und M\u00fche verschwenden m\u00fcssen.<\/p><p> Andernfalls wissen Sie bei manuellen Methoden nicht, wie oft Sie Ihre Daten ausschneiden und einf\u00fcgen m\u00fcssen. Selbst wenn Sie VBA verwenden, ben\u00f6tigen Sie Zeit zum Schreiben von Code.<\/p><p> Und PowerQuery ist intelligent genug, um die Struktur Ihrer Daten zu verstehen.<\/p><p> Ich hoffe, dass Sie diese Methode n\u00fctzlich fanden.<\/p><p> <em>Jetzt sag mir eins. Haben Sie jemals versucht, Daten jeglicher Art zu desorientieren? Welche Methode haben Sie verwendet? Und was denken Sie, wenn Sie Ihre Methode mit der Leistungsabfrage vergleichen? Teilen Sie mir Ihre Gedanken im Kommentarbereich mit, ich w\u00fcrde mich freuen, von Ihnen zu h\u00f6ren.<\/em><\/p><p> Und vergessen Sie nicht, diesen Tipp mit Ihren Freunden zu teilen.<\/p><div class=\"gb-container gb-container-9e2850fe gb-container-mt\"> <a class=\"gb-button gb-button-71636faa gb-button-text gb-button-mt-button\" href=\"https:\/\/exceladvisor.org\/de\/leistungsanforderung\/\">Power Query in Excel (Tutorial)<\/a><h2 class=\"gb-headline gb-headline-c566b2ed gb-headline-text gb-headline-mt-heading\"> Verwandte Tutorials <\/h2><div class=\"gb-grid-wrapper gb-grid-wrapper-b15ed1bf gb-grid-wrapper-mt-grid\"><div class=\"gb-grid-column gb-grid-column-6e9de105\"><div class=\"gb-container gb-container-6e9de105\"><ul><li> F\u00fchren Sie mehrere Excel-Dateien in EINEM NOTIZBUCH zusammen<\/li><li> <a href=\"https:\/\/exceladvisor.org\/de\/suchev-2\/\">F\u00fchren Sie SVERWEIS in Power Query in Excel durch<\/a><\/li><li> <a href=\"https:\/\/exceladvisor.org\/de\/kette\/\">Power Query: Werte verketten (Text und Zahlen)<\/a><\/li><li> <a href=\"https:\/\/exceladvisor.org\/de\/unterschied-in-den-daten\/\">Power Query: Datumsunterschied<\/a><\/li><\/ul><\/div><\/div><\/div><\/div>","protected":false},"excerpt":{"rendered":"","protected":false},"author":1,"featured_media":0,"parent":0,"menu_order":0,"comment_status":"open","ping_status":"closed","template":"","meta":{"ub_ctt_via":"","footnotes":""},"class_list":["post-3282","page","type-page","status-publish","hentry"],"featured_image_src":null,"yoast_head":"<!-- This site is optimized with the Yoast SEO plugin v25.4 - https:\/\/yoast.com\/wordpress\/plugins\/seo\/ -->\n<title>So entpivotieren Sie Daten mithilfe von Power Query<\/title>\n<meta name=\"description\" content=\"Power Query ist die beste M\u00f6glichkeit, Daten in Excel zu entpivotieren. Die Konvertierung dauert nur ein paar Klicks...\" \/>\n<meta name=\"robots\" content=\"index, follow, max-snippet:-1, max-image-preview:large, max-video-preview:-1\" \/>\n<link rel=\"canonical\" href=\"https:\/\/exceladvisor.org\/de\/nicht-gedrehte-daten\/\" \/>\n<meta property=\"og:locale\" content=\"de_DE\" \/>\n<meta property=\"og:type\" content=\"article\" \/>\n<meta property=\"og:title\" content=\"So entpivotieren Sie Daten mithilfe von Power Query\" \/>\n<meta property=\"og:description\" content=\"Power Query ist die beste M\u00f6glichkeit, Daten in Excel zu entpivotieren. Die Konvertierung dauert nur ein paar Klicks...\" \/>\n<meta property=\"og:url\" content=\"https:\/\/exceladvisor.org\/de\/nicht-gedrehte-daten\/\" \/>\n<meta property=\"og:site_name\" content=\"Excel Advisor\" \/>\n<meta property=\"article:modified_time\" content=\"2023-12-03T11:12:48+00:00\" \/>\n<meta property=\"og:image\" content=\"https:\/\/exceladvisor.org\/wp-content\/uploads\/2023\/08\/1-donnees-non-pivotees-avec-power-query-min-1.png\" \/>\n<meta name=\"twitter:card\" content=\"summary_large_image\" \/>\n<meta name=\"twitter:label1\" content=\"Gesch\u00e4tzte Lesezeit\" \/>\n\t<meta name=\"twitter:data1\" content=\"3\u00a0Minuten\" \/>\n<script type=\"application\/ld+json\" class=\"yoast-schema-graph\">{\"@context\":\"https:\/\/schema.org\",\"@graph\":[{\"@type\":\"WebPage\",\"@id\":\"https:\/\/exceladvisor.org\/de\/nicht-gedrehte-daten\/\",\"url\":\"https:\/\/exceladvisor.org\/de\/nicht-gedrehte-daten\/\",\"name\":\"So entpivotieren Sie Daten mithilfe von Power Query\",\"isPartOf\":{\"@id\":\"https:\/\/exceladvisor.org\/de\/#website\"},\"primaryImageOfPage\":{\"@id\":\"https:\/\/exceladvisor.org\/de\/nicht-gedrehte-daten\/#primaryimage\"},\"image\":{\"@id\":\"https:\/\/exceladvisor.org\/de\/nicht-gedrehte-daten\/#primaryimage\"},\"thumbnailUrl\":\"https:\/\/exceladvisor.org\/wp-content\/uploads\/2023\/08\/1-donnees-non-pivotees-avec-power-query-min-1.png\",\"datePublished\":\"2023-11-04T18:36:02+00:00\",\"dateModified\":\"2023-12-03T11:12:48+00:00\",\"description\":\"Power Query ist die beste M\u00f6glichkeit, Daten in Excel zu entpivotieren. Die Konvertierung dauert nur ein paar Klicks...\",\"breadcrumb\":{\"@id\":\"https:\/\/exceladvisor.org\/de\/nicht-gedrehte-daten\/#breadcrumb\"},\"inLanguage\":\"de\",\"potentialAction\":[{\"@type\":\"ReadAction\",\"target\":[\"https:\/\/exceladvisor.org\/de\/nicht-gedrehte-daten\/\"]}]},{\"@type\":\"ImageObject\",\"inLanguage\":\"de\",\"@id\":\"https:\/\/exceladvisor.org\/de\/nicht-gedrehte-daten\/#primaryimage\",\"url\":\"https:\/\/exceladvisor.org\/wp-content\/uploads\/2023\/08\/1-donnees-non-pivotees-avec-power-query-min-1.png\",\"contentUrl\":\"https:\/\/exceladvisor.org\/wp-content\/uploads\/2023\/08\/1-donnees-non-pivotees-avec-power-query-min-1.png\"},{\"@type\":\"BreadcrumbList\",\"@id\":\"https:\/\/exceladvisor.org\/de\/nicht-gedrehte-daten\/#breadcrumb\",\"itemListElement\":[{\"@type\":\"ListItem\",\"position\":1,\"name\":\"Accueil\",\"item\":\"https:\/\/exceladvisor.org\/de\/\"},{\"@type\":\"ListItem\",\"position\":2,\"name\":\"So entpivotieren sie daten in excel mithilfe von power query\"}]},{\"@type\":\"WebSite\",\"@id\":\"https:\/\/exceladvisor.org\/de\/#website\",\"url\":\"https:\/\/exceladvisor.org\/de\/\",\"name\":\"Excel Advisor\",\"description\":\"Ihr Leitfaden zur Datendominanz\",\"publisher\":{\"@id\":\"https:\/\/exceladvisor.org\/de\/#organization\"},\"potentialAction\":[{\"@type\":\"SearchAction\",\"target\":{\"@type\":\"EntryPoint\",\"urlTemplate\":\"https:\/\/exceladvisor.org\/de\/?s={search_term_string}\"},\"query-input\":{\"@type\":\"PropertyValueSpecification\",\"valueRequired\":true,\"valueName\":\"search_term_string\"}}],\"inLanguage\":\"de\"},{\"@type\":\"Organization\",\"@id\":\"https:\/\/exceladvisor.org\/de\/#organization\",\"name\":\"Excel Advisor\",\"url\":\"https:\/\/exceladvisor.org\/de\/\",\"logo\":{\"@type\":\"ImageObject\",\"inLanguage\":\"de\",\"@id\":\"https:\/\/exceladvisor.org\/de\/#\/schema\/logo\/image\/\",\"url\":\"https:\/\/exceladvisor.org\/de\/wp-content\/uploads\/2023\/11\/exceladvisor.org_.png\",\"contentUrl\":\"https:\/\/exceladvisor.org\/de\/wp-content\/uploads\/2023\/11\/exceladvisor.org_.png\",\"width\":105,\"height\":36,\"caption\":\"Excel Advisor\"},\"image\":{\"@id\":\"https:\/\/exceladvisor.org\/de\/#\/schema\/logo\/image\/\"}}]}<\/script>\n<!-- \/ Yoast SEO plugin. -->","yoast_head_json":{"title":"So entpivotieren Sie Daten mithilfe von Power Query","description":"Power Query ist die beste M\u00f6glichkeit, Daten in Excel zu entpivotieren. Die Konvertierung dauert nur ein paar Klicks...","robots":{"index":"index","follow":"follow","max-snippet":"max-snippet:-1","max-image-preview":"max-image-preview:large","max-video-preview":"max-video-preview:-1"},"canonical":"https:\/\/exceladvisor.org\/de\/nicht-gedrehte-daten\/","og_locale":"de_DE","og_type":"article","og_title":"So entpivotieren Sie Daten mithilfe von Power Query","og_description":"Power Query ist die beste M\u00f6glichkeit, Daten in Excel zu entpivotieren. Die Konvertierung dauert nur ein paar Klicks...","og_url":"https:\/\/exceladvisor.org\/de\/nicht-gedrehte-daten\/","og_site_name":"Excel Advisor","article_modified_time":"2023-12-03T11:12:48+00:00","og_image":[{"url":"https:\/\/exceladvisor.org\/wp-content\/uploads\/2023\/08\/1-donnees-non-pivotees-avec-power-query-min-1.png","type":"","width":"","height":""}],"twitter_card":"summary_large_image","twitter_misc":{"Gesch\u00e4tzte Lesezeit":"3\u00a0Minuten"},"schema":{"@context":"https:\/\/schema.org","@graph":[{"@type":"WebPage","@id":"https:\/\/exceladvisor.org\/de\/nicht-gedrehte-daten\/","url":"https:\/\/exceladvisor.org\/de\/nicht-gedrehte-daten\/","name":"So entpivotieren Sie Daten mithilfe von Power Query","isPartOf":{"@id":"https:\/\/exceladvisor.org\/de\/#website"},"primaryImageOfPage":{"@id":"https:\/\/exceladvisor.org\/de\/nicht-gedrehte-daten\/#primaryimage"},"image":{"@id":"https:\/\/exceladvisor.org\/de\/nicht-gedrehte-daten\/#primaryimage"},"thumbnailUrl":"https:\/\/exceladvisor.org\/wp-content\/uploads\/2023\/08\/1-donnees-non-pivotees-avec-power-query-min-1.png","datePublished":"2023-11-04T18:36:02+00:00","dateModified":"2023-12-03T11:12:48+00:00","description":"Power Query ist die beste M\u00f6glichkeit, Daten in Excel zu entpivotieren. Die Konvertierung dauert nur ein paar Klicks...","breadcrumb":{"@id":"https:\/\/exceladvisor.org\/de\/nicht-gedrehte-daten\/#breadcrumb"},"inLanguage":"de","potentialAction":[{"@type":"ReadAction","target":["https:\/\/exceladvisor.org\/de\/nicht-gedrehte-daten\/"]}]},{"@type":"ImageObject","inLanguage":"de","@id":"https:\/\/exceladvisor.org\/de\/nicht-gedrehte-daten\/#primaryimage","url":"https:\/\/exceladvisor.org\/wp-content\/uploads\/2023\/08\/1-donnees-non-pivotees-avec-power-query-min-1.png","contentUrl":"https:\/\/exceladvisor.org\/wp-content\/uploads\/2023\/08\/1-donnees-non-pivotees-avec-power-query-min-1.png"},{"@type":"BreadcrumbList","@id":"https:\/\/exceladvisor.org\/de\/nicht-gedrehte-daten\/#breadcrumb","itemListElement":[{"@type":"ListItem","position":1,"name":"Accueil","item":"https:\/\/exceladvisor.org\/de\/"},{"@type":"ListItem","position":2,"name":"So entpivotieren sie daten in excel mithilfe von power query"}]},{"@type":"WebSite","@id":"https:\/\/exceladvisor.org\/de\/#website","url":"https:\/\/exceladvisor.org\/de\/","name":"Excel Advisor","description":"Ihr Leitfaden zur Datendominanz","publisher":{"@id":"https:\/\/exceladvisor.org\/de\/#organization"},"potentialAction":[{"@type":"SearchAction","target":{"@type":"EntryPoint","urlTemplate":"https:\/\/exceladvisor.org\/de\/?s={search_term_string}"},"query-input":{"@type":"PropertyValueSpecification","valueRequired":true,"valueName":"search_term_string"}}],"inLanguage":"de"},{"@type":"Organization","@id":"https:\/\/exceladvisor.org\/de\/#organization","name":"Excel Advisor","url":"https:\/\/exceladvisor.org\/de\/","logo":{"@type":"ImageObject","inLanguage":"de","@id":"https:\/\/exceladvisor.org\/de\/#\/schema\/logo\/image\/","url":"https:\/\/exceladvisor.org\/de\/wp-content\/uploads\/2023\/11\/exceladvisor.org_.png","contentUrl":"https:\/\/exceladvisor.org\/de\/wp-content\/uploads\/2023\/11\/exceladvisor.org_.png","width":105,"height":36,"caption":"Excel Advisor"},"image":{"@id":"https:\/\/exceladvisor.org\/de\/#\/schema\/logo\/image\/"}}]}},"yoast_meta":{"yoast_wpseo_title":"","yoast_wpseo_metadesc":"","yoast_wpseo_canonical":""},"_links":{"self":[{"href":"https:\/\/exceladvisor.org\/de\/wp-json\/wp\/v2\/pages\/3282","targetHints":{"allow":["GET"]}}],"collection":[{"href":"https:\/\/exceladvisor.org\/de\/wp-json\/wp\/v2\/pages"}],"about":[{"href":"https:\/\/exceladvisor.org\/de\/wp-json\/wp\/v2\/types\/page"}],"author":[{"embeddable":true,"href":"https:\/\/exceladvisor.org\/de\/wp-json\/wp\/v2\/users\/1"}],"replies":[{"embeddable":true,"href":"https:\/\/exceladvisor.org\/de\/wp-json\/wp\/v2\/comments?post=3282"}],"version-history":[{"count":1,"href":"https:\/\/exceladvisor.org\/de\/wp-json\/wp\/v2\/pages\/3282\/revisions"}],"predecessor-version":[{"id":3786,"href":"https:\/\/exceladvisor.org\/de\/wp-json\/wp\/v2\/pages\/3282\/revisions\/3786"}],"wp:attachment":[{"href":"https:\/\/exceladvisor.org\/de\/wp-json\/wp\/v2\/media?parent=3282"}],"curies":[{"name":"wp","href":"https:\/\/api.w.org\/{rel}","templated":true}]}}