{"id":3283,"date":"2023-11-04T16:53:02","date_gmt":"2023-11-04T16:53:02","guid":{"rendered":"https:\/\/exceladvisor.org\/de\/eine-weitere-spalte\/"},"modified":"2023-12-03T11:12:02","modified_gmt":"2023-12-03T11:12:02","slug":"eine-weitere-spalte","status":"publish","type":"page","link":"https:\/\/exceladvisor.org\/de\/eine-weitere-spalte\/","title":{"rendered":"Bedingte formatierung basierend auf einer anderen spalte"},"content":{"rendered":"<div class=\"excel-vor-dem-inhalt\" id=\"excel-1135942216\"><script type=\"text\/javascript\">\r\n\tatOptions = {\r\n\t\t'key' : 'c1158f160081d6540a8409e6925dab94',\r\n\t\t'format' : 'iframe',\r\n\t\t'height' : 250,\r\n\t\t'width' : 300,\r\n\t\t'params' : {}\r\n\t};\r\n<\/script>\r\n<script type=\"text\/javascript\" src=\"\/\/www.highperformanceformat.com\/c1158f160081d6540a8409e6925dab94\/invoke.js\"><\/script><\/div> <p>In Excel k\u00f6nnen Sie eine bedingte Formatierung basierend auf einer anderen Spalte anwenden. Unten haben Sie beispielsweise eine Liste der Sch\u00fcler mit ihren Ergebnissen und m\u00f6chten die Namen der Sch\u00fcler hervorheben, die \u00fcber 75 Punkte erzielt haben.<\/p><p> Jetzt m\u00fcssen Sie hier eine bedingte Formatierung anwenden, die Spalte A (Namen) basierend auf den Werten in Spalte B (Punktzahl) eine Farbe zuweist. <\/p><div class=\"wp-block-image\"><figure class=\"aligncenter size-full is-resized\"><img loading=\"lazy\" decoding=\"async\" class=\"wp-image-90495\" src=\"https:\/\/exceladvisor.org\/wp-content\/uploads\/2023\/08\/1-donnees-avec-des-valeurs-dans-deux-colonnes.png\" sizes=\"auto, \" srcset=\"\" alt=\"Daten-mit-Werten-in-zwei-Spalten\" width=\"438\" height=\"434\"><\/figure><\/div><h2 class=\"wp-block-heading\"> Schritte zum Anwenden der bedingten Formatierung basierend auf einer anderen Spalte<\/h2><ol><li> W\u00e4hlen Sie zun\u00e4chst die Namensspalte aus und lassen Sie den Spaltennamen \u00fcbrig. <br><img loading=\"lazy\" decoding=\"async\" title=\"2-select-values-name-exclusive-header\" src=\"https:\/\/exceladvisor.org\/wp-content\/uploads\/2023\/08\/2-selectionnez-les-valeurs-de-nom-a-lexclusion-de-len-tete.png\" sizes=\"auto, \" srcset=\"\" alt=\"2-select-the-name-values-excluding-header\" width=\"318\" height=\"355\"><\/li><li> Gehen Sie als N\u00e4chstes zur Registerkarte \u201eStartseite\u201c &gt; \u201eBedingte Formatierung\u201c &gt; \u201eNeue Regel\u201c. <br><img loading=\"lazy\" decoding=\"async\" title=\"3-Neue-Regel ausw\u00e4hlen\" src=\"https:\/\/exceladvisor.org\/wp-content\/uploads\/2023\/08\/3-selectionner-une-nouvelle-regle.png\" sizes=\"auto, \" srcset=\"\" alt=\"3-select-new-rule\" width=\"320\" height=\"416\"><\/li><li> Klicken Sie dann im Dialogfeld \u201eNeue Regel\u201c auf \u201eFormel verwenden, um zu bestimmen, welche Zelle formatiert werden soll\u201c. <br><img loading=\"lazy\" decoding=\"async\" title=\"4-verwende-eine-Formel-zur-Bestimmung\" src=\"https:\/\/exceladvisor.org\/wp-content\/uploads\/2023\/08\/4-utiliser-une-formule-pour-determiner.png\" sizes=\"auto, \" srcset=\"\" alt=\"4-use-a-formula-to-determine\" width=\"539\" height=\"389\"><\/li><li> Geben Sie nun im Dialogfeld \u201eWert formatieren, bei dem diese Formel wahr ist\u201c die Formel =$B2&gt;=75 ein. <br><img loading=\"lazy\" decoding=\"async\" title=\"5-Geben Sie die Formel ein\" src=\"https:\/\/exceladvisor.org\/wp-content\/uploads\/2023\/08\/5-entrer-la-formule-2.png\" sizes=\"auto, \" srcset=\"\" alt=\"5-enter-the-formula\" width=\"540\" height=\"200\"><\/li><li> Klicken Sie dort auf die Schaltfl\u00e4che \u201eFormatieren\u2026\u201c, um die Zellformatierung anzugeben, die Sie auf die Zelle mit dem Namen des Sch\u00fclers anwenden m\u00f6chten, und klicken Sie abschlie\u00dfend auf \u201eOK\u201c, um die Regel zu speichern. <br><img loading=\"lazy\" decoding=\"async\" title=\"6-geben Sie die anzuwendende Formatierung an\" src=\"https:\/\/exceladvisor.org\/wp-content\/uploads\/2023\/08\/6-preciser-la-mise-en-forme-a-appliquer.png\" sizes=\"auto, \" srcset=\"\" alt=\"6-specify-the-formatting-to-apply\" width=\"539\" height=\"202\"><\/li><li> Klicken Sie abschlie\u00dfend auf OK, um den Manager f\u00fcr bedingte Formatierungsregeln zu schlie\u00dfen.<\/li><\/ol><p> Und sobald Sie auf \u201eOK\u201c klicken, werden alle Namen der Sch\u00fcler, deren Punktzahl \u00fcber 75 liegt, in der Punktespalte hervorgehoben. <\/p><div class=\"wp-block-image\"><figure class=\"aligncenter size-full is-resized\"><img loading=\"lazy\" decoding=\"async\" class=\"wp-image-90501\" src=\"https:\/\/exceladvisor.org\/wp-content\/uploads\/2023\/08\/7-noms-mis-en-evidence-selon-la-formule.png\" sizes=\"auto, \" srcset=\"\" alt=\"Hervorgehobene-Namen-basierend-auf-der-Formel\" width=\"488\" height=\"456\"><\/figure><\/div><h2 class=\"wp-block-heading\"> Verwendung einer Excel-Tabelle<\/h2><p> Sobald Sie eine bedingte Formatierung anwenden und neue Daten in der Liste aktualisieren, erweitert Excel die bedingte Formatierung nicht auf den neuen Eintrag. <\/p><div class=\"wp-block-image\"><figure class=\"aligncenter size-full is-resized\"><img loading=\"lazy\" decoding=\"async\" class=\"wp-image-90502\" src=\"https:\/\/exceladvisor.org\/wp-content\/uploads\/2023\/08\/8-formatage-non-applique-aux-donnees-etendues.png\" sizes=\"auto, \" srcset=\"\" alt=\"Formatierung wird nicht auf erweiterte Daten angewendet\" width=\"448\" height=\"358\"><\/figure><\/div><p> Die beste L\u00f6sung f\u00fcr dieses Problem besteht darin, eine Excel-Tabelle f\u00fcr die Daten zu verwenden. Nachdem Sie die Tabelle angewendet haben (Strg + T) und dann einen neuen Dateneintrag mit der Punktzahl in die Liste eingegeben haben, wenden Sie darauf eine bedingte Formatierung an. <\/p><div class=\"wp-block-image\"><figure class=\"aligncenter size-full is-resized\"><img loading=\"lazy\" decoding=\"async\" class=\"wp-image-90503\" src=\"https:\/\/exceladvisor.org\/wp-content\/uploads\/2023\/08\/9-convertir-les-donnees-en-tableau.png\" sizes=\"auto, \" srcset=\"\" alt=\"Daten-in-Tabelle konvertieren\" width=\"461\" height=\"286\"><\/figure><\/div><p> Durch die Verwendung einer Excel-Tabelle wird Ihre bedingte Formatierungsregel dynamisch, die erweitert wird, wenn Sie einen neuen Wert in die Daten eingeben. <\/p><div class=\"gb-container gb-container-52dfcee1 gb-container-sample-file\"><h2 class=\"gb-headline gb-headline-e289c143 gb-headline-text gb-headline-4f7959c2\"> Holen Sie sich die Excel-Datei<\/h2> <a class=\"gb-button gb-button-e88d6bee gb-button-text gb-button-button1\" href=\"https:\/\/exceladvisor.org\/wp-content\/uploads\/2023\/11\/mise-en-forme-conditionnelle-basee-sur-une-autre-colonne.xlsx\" rel=\"nofollow\">Herunterladen<\/a><\/div><div class=\"gb-container gb-container-6076ba72 gb-container-mt\"> <a class=\"gb-button gb-button-76e6a499 gb-button-text gb-button-mt-button\" href=\"https:\/\/exceladvisor.org\/de\/excel-grundlagen\/\">Lernen Sie die Grundlagen von Excel<\/a><h2 class=\"gb-headline gb-headline-a9e9e206 gb-headline-text gb-headline-mt-heading\"> Erfahren Sie mehr \u00fcber <a href=\"https:\/\/exceladvisor.org\/de\/bedingte-formatierung\/\">bedingte Formatierung<\/a> <\/h2><div class=\"gb-grid-wrapper gb-grid-wrapper-790317cb gb-grid-wrapper-mt-grid\"><div class=\"gb-grid-column gb-grid-column-a9845ede\"><div class=\"gb-container gb-container-a9845ede\"><ul><li> <a href=\"https:\/\/exceladvisor.org\/de\/wenden-sie-eine-bedingte-formatierung-an\/\">Wenden Sie eine bedingte Formatierung auf eine Pivot-Tabelle an<\/a><\/li><li> <a href=\"https:\/\/exceladvisor.org\/de\/zuruckziehen\/\">Bedingte Formatierung entfernen<\/a><\/li><li> <a href=\"https:\/\/exceladvisor.org\/de\/leere-zellen\/\">Wenden Sie bedingte Formatierung auf leere Zellen in Excel an<\/a><\/li><li> <a href=\"https:\/\/exceladvisor.org\/de\/spalten-vergleichen\/\">Vergleichen Sie zwei Spalten mithilfe der bedingten Formatierung<\/a><\/li><li> <a href=\"https:\/\/exceladvisor.org\/de\/eine-andere-zelle\/\">Wenden Sie eine bedingte Formatierung basierend auf einer anderen Zelle an<\/a><\/li><\/ul><\/div><\/div><\/div><\/div>","protected":false},"excerpt":{"rendered":"","protected":false},"author":1,"featured_media":0,"parent":0,"menu_order":0,"comment_status":"open","ping_status":"closed","template":"","meta":{"ub_ctt_via":"","footnotes":""},"class_list":["post-3283","page","type-page","status-publish","hentry"],"featured_image_src":null,"yoast_head":"<!-- This site is optimized with the Yoast SEO plugin v25.4 - https:\/\/yoast.com\/wordpress\/plugins\/seo\/ -->\n<title>\u25b7 Bedingte Formatierung basierend auf einer anderen Spalte<\/title>\n<meta name=\"description\" content=\"Dieses Tutorial hilft Ihnen, bedingte Formatierung basierend auf einer anderen Spalte in Excel anzuwenden. Lassen Sie uns das \u00fcberpr\u00fcfen ...\" \/>\n<meta name=\"robots\" content=\"index, follow, max-snippet:-1, max-image-preview:large, max-video-preview:-1\" \/>\n<link rel=\"canonical\" href=\"https:\/\/exceladvisor.org\/de\/eine-weitere-spalte\/\" \/>\n<meta property=\"og:locale\" content=\"de_DE\" \/>\n<meta property=\"og:type\" content=\"article\" \/>\n<meta property=\"og:title\" content=\"\u25b7 Bedingte Formatierung basierend auf einer anderen Spalte\" \/>\n<meta property=\"og:description\" content=\"Dieses Tutorial hilft Ihnen, bedingte Formatierung basierend auf einer anderen Spalte in Excel anzuwenden. Lassen Sie uns das \u00fcberpr\u00fcfen ...\" \/>\n<meta property=\"og:url\" content=\"https:\/\/exceladvisor.org\/de\/eine-weitere-spalte\/\" \/>\n<meta property=\"og:site_name\" content=\"Excel Advisor\" \/>\n<meta property=\"article:modified_time\" content=\"2023-12-03T11:12:02+00:00\" \/>\n<meta property=\"og:image\" content=\"https:\/\/exceladvisor.org\/wp-content\/uploads\/2023\/08\/1-donnees-avec-des-valeurs-dans-deux-colonnes.png\" \/>\n<meta name=\"twitter:card\" content=\"summary_large_image\" \/>\n<meta name=\"twitter:label1\" content=\"Gesch\u00e4tzte Lesezeit\" \/>\n\t<meta name=\"twitter:data1\" content=\"2\u00a0Minuten\" \/>\n<script type=\"application\/ld+json\" class=\"yoast-schema-graph\">{\"@context\":\"https:\/\/schema.org\",\"@graph\":[{\"@type\":\"WebPage\",\"@id\":\"https:\/\/exceladvisor.org\/de\/eine-weitere-spalte\/\",\"url\":\"https:\/\/exceladvisor.org\/de\/eine-weitere-spalte\/\",\"name\":\"\u25b7 Bedingte Formatierung basierend auf einer anderen Spalte\",\"isPartOf\":{\"@id\":\"https:\/\/exceladvisor.org\/de\/#website\"},\"primaryImageOfPage\":{\"@id\":\"https:\/\/exceladvisor.org\/de\/eine-weitere-spalte\/#primaryimage\"},\"image\":{\"@id\":\"https:\/\/exceladvisor.org\/de\/eine-weitere-spalte\/#primaryimage\"},\"thumbnailUrl\":\"https:\/\/exceladvisor.org\/wp-content\/uploads\/2023\/08\/1-donnees-avec-des-valeurs-dans-deux-colonnes.png\",\"datePublished\":\"2023-11-04T16:53:02+00:00\",\"dateModified\":\"2023-12-03T11:12:02+00:00\",\"description\":\"Dieses Tutorial hilft Ihnen, bedingte Formatierung basierend auf einer anderen Spalte in Excel anzuwenden. Lassen Sie uns das \u00fcberpr\u00fcfen ...\",\"breadcrumb\":{\"@id\":\"https:\/\/exceladvisor.org\/de\/eine-weitere-spalte\/#breadcrumb\"},\"inLanguage\":\"de\",\"potentialAction\":[{\"@type\":\"ReadAction\",\"target\":[\"https:\/\/exceladvisor.org\/de\/eine-weitere-spalte\/\"]}]},{\"@type\":\"ImageObject\",\"inLanguage\":\"de\",\"@id\":\"https:\/\/exceladvisor.org\/de\/eine-weitere-spalte\/#primaryimage\",\"url\":\"https:\/\/exceladvisor.org\/wp-content\/uploads\/2023\/08\/1-donnees-avec-des-valeurs-dans-deux-colonnes.png\",\"contentUrl\":\"https:\/\/exceladvisor.org\/wp-content\/uploads\/2023\/08\/1-donnees-avec-des-valeurs-dans-deux-colonnes.png\"},{\"@type\":\"BreadcrumbList\",\"@id\":\"https:\/\/exceladvisor.org\/de\/eine-weitere-spalte\/#breadcrumb\",\"itemListElement\":[{\"@type\":\"ListItem\",\"position\":1,\"name\":\"Accueil\",\"item\":\"https:\/\/exceladvisor.org\/de\/\"},{\"@type\":\"ListItem\",\"position\":2,\"name\":\"Bedingte formatierung basierend auf einer anderen spalte\"}]},{\"@type\":\"WebSite\",\"@id\":\"https:\/\/exceladvisor.org\/de\/#website\",\"url\":\"https:\/\/exceladvisor.org\/de\/\",\"name\":\"Excel Advisor\",\"description\":\"Ihr Leitfaden zur Datendominanz\",\"publisher\":{\"@id\":\"https:\/\/exceladvisor.org\/de\/#organization\"},\"potentialAction\":[{\"@type\":\"SearchAction\",\"target\":{\"@type\":\"EntryPoint\",\"urlTemplate\":\"https:\/\/exceladvisor.org\/de\/?s={search_term_string}\"},\"query-input\":{\"@type\":\"PropertyValueSpecification\",\"valueRequired\":true,\"valueName\":\"search_term_string\"}}],\"inLanguage\":\"de\"},{\"@type\":\"Organization\",\"@id\":\"https:\/\/exceladvisor.org\/de\/#organization\",\"name\":\"Excel Advisor\",\"url\":\"https:\/\/exceladvisor.org\/de\/\",\"logo\":{\"@type\":\"ImageObject\",\"inLanguage\":\"de\",\"@id\":\"https:\/\/exceladvisor.org\/de\/#\/schema\/logo\/image\/\",\"url\":\"https:\/\/exceladvisor.org\/de\/wp-content\/uploads\/2023\/11\/exceladvisor.org_.png\",\"contentUrl\":\"https:\/\/exceladvisor.org\/de\/wp-content\/uploads\/2023\/11\/exceladvisor.org_.png\",\"width\":105,\"height\":36,\"caption\":\"Excel Advisor\"},\"image\":{\"@id\":\"https:\/\/exceladvisor.org\/de\/#\/schema\/logo\/image\/\"}}]}<\/script>\n<!-- \/ Yoast SEO plugin. -->","yoast_head_json":{"title":"\u25b7 Bedingte Formatierung basierend auf einer anderen Spalte","description":"Dieses Tutorial hilft Ihnen, bedingte Formatierung basierend auf einer anderen Spalte in Excel anzuwenden. Lassen Sie uns das \u00fcberpr\u00fcfen ...","robots":{"index":"index","follow":"follow","max-snippet":"max-snippet:-1","max-image-preview":"max-image-preview:large","max-video-preview":"max-video-preview:-1"},"canonical":"https:\/\/exceladvisor.org\/de\/eine-weitere-spalte\/","og_locale":"de_DE","og_type":"article","og_title":"\u25b7 Bedingte Formatierung basierend auf einer anderen Spalte","og_description":"Dieses Tutorial hilft Ihnen, bedingte Formatierung basierend auf einer anderen Spalte in Excel anzuwenden. Lassen Sie uns das \u00fcberpr\u00fcfen ...","og_url":"https:\/\/exceladvisor.org\/de\/eine-weitere-spalte\/","og_site_name":"Excel Advisor","article_modified_time":"2023-12-03T11:12:02+00:00","og_image":[{"url":"https:\/\/exceladvisor.org\/wp-content\/uploads\/2023\/08\/1-donnees-avec-des-valeurs-dans-deux-colonnes.png","type":"","width":"","height":""}],"twitter_card":"summary_large_image","twitter_misc":{"Gesch\u00e4tzte Lesezeit":"2\u00a0Minuten"},"schema":{"@context":"https:\/\/schema.org","@graph":[{"@type":"WebPage","@id":"https:\/\/exceladvisor.org\/de\/eine-weitere-spalte\/","url":"https:\/\/exceladvisor.org\/de\/eine-weitere-spalte\/","name":"\u25b7 Bedingte Formatierung basierend auf einer anderen Spalte","isPartOf":{"@id":"https:\/\/exceladvisor.org\/de\/#website"},"primaryImageOfPage":{"@id":"https:\/\/exceladvisor.org\/de\/eine-weitere-spalte\/#primaryimage"},"image":{"@id":"https:\/\/exceladvisor.org\/de\/eine-weitere-spalte\/#primaryimage"},"thumbnailUrl":"https:\/\/exceladvisor.org\/wp-content\/uploads\/2023\/08\/1-donnees-avec-des-valeurs-dans-deux-colonnes.png","datePublished":"2023-11-04T16:53:02+00:00","dateModified":"2023-12-03T11:12:02+00:00","description":"Dieses Tutorial hilft Ihnen, bedingte Formatierung basierend auf einer anderen Spalte in Excel anzuwenden. Lassen Sie uns das \u00fcberpr\u00fcfen ...","breadcrumb":{"@id":"https:\/\/exceladvisor.org\/de\/eine-weitere-spalte\/#breadcrumb"},"inLanguage":"de","potentialAction":[{"@type":"ReadAction","target":["https:\/\/exceladvisor.org\/de\/eine-weitere-spalte\/"]}]},{"@type":"ImageObject","inLanguage":"de","@id":"https:\/\/exceladvisor.org\/de\/eine-weitere-spalte\/#primaryimage","url":"https:\/\/exceladvisor.org\/wp-content\/uploads\/2023\/08\/1-donnees-avec-des-valeurs-dans-deux-colonnes.png","contentUrl":"https:\/\/exceladvisor.org\/wp-content\/uploads\/2023\/08\/1-donnees-avec-des-valeurs-dans-deux-colonnes.png"},{"@type":"BreadcrumbList","@id":"https:\/\/exceladvisor.org\/de\/eine-weitere-spalte\/#breadcrumb","itemListElement":[{"@type":"ListItem","position":1,"name":"Accueil","item":"https:\/\/exceladvisor.org\/de\/"},{"@type":"ListItem","position":2,"name":"Bedingte formatierung basierend auf einer anderen spalte"}]},{"@type":"WebSite","@id":"https:\/\/exceladvisor.org\/de\/#website","url":"https:\/\/exceladvisor.org\/de\/","name":"Excel Advisor","description":"Ihr Leitfaden zur Datendominanz","publisher":{"@id":"https:\/\/exceladvisor.org\/de\/#organization"},"potentialAction":[{"@type":"SearchAction","target":{"@type":"EntryPoint","urlTemplate":"https:\/\/exceladvisor.org\/de\/?s={search_term_string}"},"query-input":{"@type":"PropertyValueSpecification","valueRequired":true,"valueName":"search_term_string"}}],"inLanguage":"de"},{"@type":"Organization","@id":"https:\/\/exceladvisor.org\/de\/#organization","name":"Excel Advisor","url":"https:\/\/exceladvisor.org\/de\/","logo":{"@type":"ImageObject","inLanguage":"de","@id":"https:\/\/exceladvisor.org\/de\/#\/schema\/logo\/image\/","url":"https:\/\/exceladvisor.org\/de\/wp-content\/uploads\/2023\/11\/exceladvisor.org_.png","contentUrl":"https:\/\/exceladvisor.org\/de\/wp-content\/uploads\/2023\/11\/exceladvisor.org_.png","width":105,"height":36,"caption":"Excel Advisor"},"image":{"@id":"https:\/\/exceladvisor.org\/de\/#\/schema\/logo\/image\/"}}]}},"yoast_meta":{"yoast_wpseo_title":"","yoast_wpseo_metadesc":"","yoast_wpseo_canonical":""},"_links":{"self":[{"href":"https:\/\/exceladvisor.org\/de\/wp-json\/wp\/v2\/pages\/3283","targetHints":{"allow":["GET"]}}],"collection":[{"href":"https:\/\/exceladvisor.org\/de\/wp-json\/wp\/v2\/pages"}],"about":[{"href":"https:\/\/exceladvisor.org\/de\/wp-json\/wp\/v2\/types\/page"}],"author":[{"embeddable":true,"href":"https:\/\/exceladvisor.org\/de\/wp-json\/wp\/v2\/users\/1"}],"replies":[{"embeddable":true,"href":"https:\/\/exceladvisor.org\/de\/wp-json\/wp\/v2\/comments?post=3283"}],"version-history":[{"count":1,"href":"https:\/\/exceladvisor.org\/de\/wp-json\/wp\/v2\/pages\/3283\/revisions"}],"predecessor-version":[{"id":3726,"href":"https:\/\/exceladvisor.org\/de\/wp-json\/wp\/v2\/pages\/3283\/revisions\/3726"}],"wp:attachment":[{"href":"https:\/\/exceladvisor.org\/de\/wp-json\/wp\/v2\/media?parent=3283"}],"curies":[{"name":"wp","href":"https:\/\/api.w.org\/{rel}","templated":true}]}}