{"id":3285,"date":"2023-11-04T16:18:22","date_gmt":"2023-11-04T16:18:22","guid":{"rendered":"https:\/\/exceladvisor.org\/de\/das-datum-heute\/"},"modified":"2023-12-03T11:12:43","modified_gmt":"2023-12-03T11:12:43","slug":"das-datum-heute","status":"publish","type":"page","link":"https:\/\/exceladvisor.org\/de\/das-datum-heute\/","title":{"rendered":"Power query: holen sie sich das heutige datum"},"content":{"rendered":"<div class=\"excel-vor-dem-inhalt\" id=\"excel-3332686068\"><script type=\"text\/javascript\">\r\n\tatOptions = {\r\n\t\t'key' : 'c1158f160081d6540a8409e6925dab94',\r\n\t\t'format' : 'iframe',\r\n\t\t'height' : 250,\r\n\t\t'width' : 300,\r\n\t\t'params' : {}\r\n\t};\r\n<\/script>\r\n<script type=\"text\/javascript\" src=\"\/\/www.highperformanceformat.com\/c1158f160081d6540a8409e6925dab94\/invoke.js\"><\/script><\/div> <p>Wenn Sie in Power Query das heutige Datum (aktuelles Datum in einer Spalte) abrufen m\u00f6chten, m\u00fcssen Sie eine benutzerdefinierte Spalte hinzuf\u00fcgen, indem Sie zwei Funktionen zusammen verwenden.<\/p><p> Hinweis: Verwenden Sie die Formel DateTime.Date( DateTime.LocalNow() ), um das heutige Datum mithilfe von Power Query abzurufen.<\/p><p> Nachfolgend sind einige Daten in der Spalte aufgef\u00fchrt. Jetzt m\u00fcssen wir eine Spalte mit dem heutigen Datum hinzuf\u00fcgen.<\/p><h2 class=\"wp-block-heading\"> Schritte zum Hinzuf\u00fcgen einer Spalte f\u00fcr das aktuelle Datum<\/h2><ol><li> Gehen Sie zun\u00e4chst zur Registerkarte \u201eDaten\u201c &gt; \u201eAus einer anderen Quelle\u201c &gt; \u201eAus Tabelle\/Bereich\u201c. <br><img loading=\"lazy\" decoding=\"async\" title=\"1-get-today-date-in-power-query\" src=\"https:\/\/exceladvisor.org\/wp-content\/uploads\/2023\/08\/1-obtenir-la-date-daujourdhui-dans-la-requete-de-puissance.png\" sizes=\"auto, \" srcset=\"\" alt=\"get-today-date-in-power-query\" width=\"487\" height=\"457\"><\/li><li> Jetzt m\u00fcssen Sie im Power Query-Editor eine neue benutzerdefinierte Spalte hinzuf\u00fcgen. Gehen Sie also zu Spalte hinzuf\u00fcgen &gt; Benutzerdefinierte Spalte. <br><img loading=\"lazy\" decoding=\"async\" title=\"2-in-Power-Query-Ad-custom-column\" src=\"https:\/\/exceladvisor.org\/wp-content\/uploads\/2023\/08\/2-dans-la-colonne-personnalisee-de-lannonce-Power-Query.png\" sizes=\"auto, \" srcset=\"\" alt=\"in-power-query-ad-custom-column\" width=\"534\" height=\"369\"><\/li><li> Geben Sie dort die Formel DateTime.Date(DateTime.LocalNow()) ein und geben Sie der neuen Spalte im Dialogfeld \u201eBenutzerdefinierte Spalte\u201c einen Namen. <br><img loading=\"lazy\" decoding=\"async\" title=\"3-Datum-Uhrzeit-Formel eingeben\" src=\"https:\/\/exceladvisor.org\/wp-content\/uploads\/2023\/08\/3-entrez-la-formule-de-date-et-dheure.png\" sizes=\"auto, \" srcset=\"\" alt=\"enter-date-time-formula\" width=\"576\" height=\"361\"><\/li><li> Klicken Sie am Ende auf OK, um die Spalte hinzuzuf\u00fcgen. <br><img loading=\"lazy\" decoding=\"async\" title=\"4-Neue-Spalte-mit-Formel hinzuf\u00fcgen\" src=\"https:\/\/exceladvisor.org\/wp-content\/uploads\/2023\/08\/4-ajouter-une-nouvelle-colonne-avec-la-formule.png\" sizes=\"auto, \" srcset=\"\" alt=\"add-new-column-with-formula\" width=\"337\" height=\"269\"><\/li><\/ol><pre class=\"wp-block-code\"> <code class=\"language-excel-formula\" lang=\"excel-formula\">=DateTime.Date( DateTime.LocalNow() )<\/code><\/pre><h2 class=\"wp-block-heading\"> Wie funktioniert diese Formel?<\/h2><p> In dieser Formel haben wir zwei Funktionen verwendet:<\/p><ul><li> Die erste Funktion (DateTime.LocalNow) gibt das aktuelle Datum und die aktuelle Uhrzeit basierend auf Datum und Uhrzeit Ihres Systems zur\u00fcck.<\/li><li> Die zweite Funktion (DateTime.Date), die um die erste gewickelt ist, extrahiert den Datumsteil und gibt ihn als Endwert zur\u00fcck.<\/li><\/ul><h2 class=\"wp-block-heading\"> Alternative Methode<\/h2><p> Anstelle der obigen Formel k\u00f6nnen Sie (DateTime.LocalNow()) in der benutzerdefinierten Spalte verwenden. <\/p><div class=\"wp-block-image\"><figure class=\"aligncenter size-full is-resized\"><img loading=\"lazy\" decoding=\"async\" class=\"wp-image-89011\" src=\"https:\/\/exceladvisor.org\/wp-content\/uploads\/2023\/08\/5-methode-alternative-pour-obtenir-la-date-daujourdhui.png\" sizes=\"auto, \" srcset=\"\" alt=\"Alternative-Methode-um-das-heutige-Datum-zu-erhalten\" width=\"551\" height=\"235\"><\/figure><\/div><p> Gehen Sie anschlie\u00dfend zu \u201eStartseite\u201c &gt; \u201eDatentyp\u201c und w\u00e4hlen Sie \u201eDatum\u201c aus dem Dropdown-Men\u00fc aus, um die Spalte nur in \u201eDatum\u201c umzuwandeln. <\/p><div class=\"wp-block-image\"><figure class=\"aligncenter size-full is-resized\"><img loading=\"lazy\" decoding=\"async\" class=\"wp-image-89012\" src=\"https:\/\/exceladvisor.org\/wp-content\/uploads\/2023\/08\/6-convertir-la-colonne-en-date-uniquement.png\" sizes=\"auto, \" srcset=\"\" alt=\"Nur Spalte-zu-Datum konvertieren\" width=\"746\" height=\"418\"><\/figure><\/div><p> Datum und Uhrzeit werden nur in Datum umgewandelt.<\/p><h2 class=\"wp-block-heading\"> Hinzuf\u00fcgen des aktuellen Datums zu einer einzelnen Zelle<\/h2><p> Und wenn Sie das aktuelle Datum in einer einzelnen Zelle haben m\u00f6chten, m\u00fcssen Sie den Power Query-Editor mit einem leeren Editor \u00f6ffnen. <\/p><div class=\"wp-block-image\"><figure class=\"aligncenter size-full is-resized\"><img loading=\"lazy\" decoding=\"async\" class=\"wp-image-89013\" src=\"https:\/\/exceladvisor.org\/wp-content\/uploads\/2023\/08\/7-ajouter-la-date-actuelle-dans-une-seule-colonne.png\" sizes=\"auto, \" srcset=\"\" alt=\"Aktuelles-Datum-in-einer-Spalte hinzuf\u00fcgen\" width=\"640\" height=\"681\"><\/figure><\/div><p> Geben Sie anschlie\u00dfend im Editor die folgende Formel in die Formelleiste ein und dr\u00fccken Sie die Eingabetaste. <\/p><pre class=\"wp-block-preformatted\"> = DateTime.Date(DateTime.LocalNow()) <\/pre><div class=\"wp-block-image\"><figure class=\"aligncenter size-full is-resized\"><img loading=\"lazy\" decoding=\"async\" class=\"wp-image-89014\" src=\"https:\/\/exceladvisor.org\/wp-content\/uploads\/2023\/08\/8-entrez-la-formule-et-appuyez-sur-Entree.png\" sizes=\"auto, \" srcset=\"\" alt=\"Geben Sie die Formel ein und dr\u00fccken Sie die Eingabetaste\" width=\"690\" height=\"292\"><\/figure><\/div><p> Anschlie\u00dfend k\u00f6nnen Sie diesen Datumswert in ein Array oder eine Liste umwandeln. <\/p><div class=\"wp-block-image\"><figure class=\"aligncenter size-full is-resized\"><img loading=\"lazy\" decoding=\"async\" class=\"wp-image-89015\" src=\"https:\/\/exceladvisor.org\/wp-content\/uploads\/2023\/08\/9-convertir-la-valeur-de-la-date-en-tableau-ou-en-liste.png\" sizes=\"auto, \" srcset=\"\" alt=\"Konvertieren Sie den Datumswert in eine Tabelle oder Liste\" width=\"658\" height=\"248\"><\/figure><\/div><div class=\"gb-container gb-container-52dfcee1 gb-container-sample-file\"><h2 class=\"gb-headline gb-headline-e289c143 gb-headline-text gb-headline-4f7959c2\"> Holen Sie sich die Excel-Datei<\/h2><p> <a class=\"gb-button gb-button-e88d6bee gb-button-text gb-button-button1\" href=\"https:\/\/exceladvisor.org\/wp-content\/uploads\/2023\/08\/requete-de-puissance-daujourdhui.xlsx\" rel=\"nofollow\">Herunterladen<\/a><\/p><\/div><div class=\"gb-container gb-container-9e2850fe gb-container-mt\"> <a class=\"gb-button gb-button-71636faa gb-button-text gb-button-mt-button\" href=\"https:\/\/exceladvisor.org\/de\/leistungsanforderung\/\">Power Query in Excel (Tutorial)<\/a><h2 class=\"gb-headline gb-headline-c566b2ed gb-headline-text gb-headline-mt-heading\"> Verwandte Tutorials <\/h2><div class=\"gb-grid-wrapper gb-grid-wrapper-b15ed1bf gb-grid-wrapper-mt-grid\"><div class=\"gb-grid-column gb-grid-column-6e9de105\"><div class=\"gb-container gb-container-6e9de105\"><ul><li> F\u00fchren Sie mehrere Excel-Dateien in EINEM NOTIZBUCH zusammen<\/li><li> <a href=\"https:\/\/exceladvisor.org\/de\/suchev-2\/\">F\u00fchren Sie SVERWEIS in Power Query in Excel durch<\/a><\/li><li> <a href=\"https:\/\/exceladvisor.org\/de\/nicht-gedrehte-daten\/\">Entfernen Sie den Daten-Pivot in Excel mithilfe von Power Query<\/a><\/li><li> <a href=\"https:\/\/exceladvisor.org\/de\/kette\/\">Power Query: Werte verketten (Text und Zahlen)<\/a><\/li><li> <a href=\"https:\/\/exceladvisor.org\/de\/unterschied-in-den-daten\/\">Power Query: Datumsunterschied<\/a> <\/li><\/ul><\/div><\/div><div class=\"gb-grid-column gb-grid-column-4eaecde3\"><div class=\"gb-container gb-container-4eaecde3\"><\/div><\/div><\/div><\/div>","protected":false},"excerpt":{"rendered":"","protected":false},"author":1,"featured_media":0,"parent":0,"menu_order":0,"comment_status":"open","ping_status":"closed","template":"","meta":{"ub_ctt_via":"","footnotes":""},"class_list":["post-3285","page","type-page","status-publish","hentry"],"featured_image_src":null,"yoast_head":"<!-- This site is optimized with the Yoast SEO plugin v25.4 - https:\/\/yoast.com\/wordpress\/plugins\/seo\/ -->\n<title>Erhalten Sie das heutige Datum in Power Query (Formeln und Funktionen)<\/title>\n<meta name=\"description\" content=\"So erhalten Sie das heutige Datum (aktuelles Datum) in einer Spalte in Power Query in Excel.\" \/>\n<meta name=\"robots\" content=\"index, follow, max-snippet:-1, max-image-preview:large, max-video-preview:-1\" \/>\n<link rel=\"canonical\" href=\"https:\/\/exceladvisor.org\/de\/das-datum-heute\/\" \/>\n<meta property=\"og:locale\" content=\"de_DE\" \/>\n<meta property=\"og:type\" content=\"article\" \/>\n<meta property=\"og:title\" content=\"Erhalten Sie das heutige Datum in Power Query (Formeln und Funktionen)\" \/>\n<meta property=\"og:description\" content=\"So erhalten Sie das heutige Datum (aktuelles Datum) in einer Spalte in Power Query in Excel.\" \/>\n<meta property=\"og:url\" content=\"https:\/\/exceladvisor.org\/de\/das-datum-heute\/\" \/>\n<meta property=\"og:site_name\" content=\"Excel Advisor\" \/>\n<meta property=\"article:modified_time\" content=\"2023-12-03T11:12:43+00:00\" \/>\n<meta property=\"og:image\" content=\"https:\/\/exceladvisor.org\/wp-content\/uploads\/2023\/08\/1-obtenir-la-date-daujourdhui-dans-la-requete-de-puissance.png\" \/>\n<meta name=\"twitter:card\" content=\"summary_large_image\" \/>\n<meta name=\"twitter:label1\" content=\"Gesch\u00e4tzte Lesezeit\" \/>\n\t<meta name=\"twitter:data1\" content=\"2\u00a0Minuten\" \/>\n<script type=\"application\/ld+json\" class=\"yoast-schema-graph\">{\"@context\":\"https:\/\/schema.org\",\"@graph\":[{\"@type\":\"WebPage\",\"@id\":\"https:\/\/exceladvisor.org\/de\/das-datum-heute\/\",\"url\":\"https:\/\/exceladvisor.org\/de\/das-datum-heute\/\",\"name\":\"Erhalten Sie das heutige Datum in Power Query (Formeln und Funktionen)\",\"isPartOf\":{\"@id\":\"https:\/\/exceladvisor.org\/de\/#website\"},\"primaryImageOfPage\":{\"@id\":\"https:\/\/exceladvisor.org\/de\/das-datum-heute\/#primaryimage\"},\"image\":{\"@id\":\"https:\/\/exceladvisor.org\/de\/das-datum-heute\/#primaryimage\"},\"thumbnailUrl\":\"https:\/\/exceladvisor.org\/wp-content\/uploads\/2023\/08\/1-obtenir-la-date-daujourdhui-dans-la-requete-de-puissance.png\",\"datePublished\":\"2023-11-04T16:18:22+00:00\",\"dateModified\":\"2023-12-03T11:12:43+00:00\",\"description\":\"So erhalten Sie das heutige Datum (aktuelles Datum) in einer Spalte in Power Query in Excel.\",\"breadcrumb\":{\"@id\":\"https:\/\/exceladvisor.org\/de\/das-datum-heute\/#breadcrumb\"},\"inLanguage\":\"de\",\"potentialAction\":[{\"@type\":\"ReadAction\",\"target\":[\"https:\/\/exceladvisor.org\/de\/das-datum-heute\/\"]}]},{\"@type\":\"ImageObject\",\"inLanguage\":\"de\",\"@id\":\"https:\/\/exceladvisor.org\/de\/das-datum-heute\/#primaryimage\",\"url\":\"https:\/\/exceladvisor.org\/wp-content\/uploads\/2023\/08\/1-obtenir-la-date-daujourdhui-dans-la-requete-de-puissance.png\",\"contentUrl\":\"https:\/\/exceladvisor.org\/wp-content\/uploads\/2023\/08\/1-obtenir-la-date-daujourdhui-dans-la-requete-de-puissance.png\"},{\"@type\":\"BreadcrumbList\",\"@id\":\"https:\/\/exceladvisor.org\/de\/das-datum-heute\/#breadcrumb\",\"itemListElement\":[{\"@type\":\"ListItem\",\"position\":1,\"name\":\"Accueil\",\"item\":\"https:\/\/exceladvisor.org\/de\/\"},{\"@type\":\"ListItem\",\"position\":2,\"name\":\"Power query: holen sie sich das heutige datum\"}]},{\"@type\":\"WebSite\",\"@id\":\"https:\/\/exceladvisor.org\/de\/#website\",\"url\":\"https:\/\/exceladvisor.org\/de\/\",\"name\":\"Excel Advisor\",\"description\":\"Ihr Leitfaden zur Datendominanz\",\"publisher\":{\"@id\":\"https:\/\/exceladvisor.org\/de\/#organization\"},\"potentialAction\":[{\"@type\":\"SearchAction\",\"target\":{\"@type\":\"EntryPoint\",\"urlTemplate\":\"https:\/\/exceladvisor.org\/de\/?s={search_term_string}\"},\"query-input\":{\"@type\":\"PropertyValueSpecification\",\"valueRequired\":true,\"valueName\":\"search_term_string\"}}],\"inLanguage\":\"de\"},{\"@type\":\"Organization\",\"@id\":\"https:\/\/exceladvisor.org\/de\/#organization\",\"name\":\"Excel Advisor\",\"url\":\"https:\/\/exceladvisor.org\/de\/\",\"logo\":{\"@type\":\"ImageObject\",\"inLanguage\":\"de\",\"@id\":\"https:\/\/exceladvisor.org\/de\/#\/schema\/logo\/image\/\",\"url\":\"https:\/\/exceladvisor.org\/de\/wp-content\/uploads\/2023\/11\/exceladvisor.org_.png\",\"contentUrl\":\"https:\/\/exceladvisor.org\/de\/wp-content\/uploads\/2023\/11\/exceladvisor.org_.png\",\"width\":105,\"height\":36,\"caption\":\"Excel Advisor\"},\"image\":{\"@id\":\"https:\/\/exceladvisor.org\/de\/#\/schema\/logo\/image\/\"}}]}<\/script>\n<!-- \/ Yoast SEO plugin. -->","yoast_head_json":{"title":"Erhalten Sie das heutige Datum in Power Query (Formeln und Funktionen)","description":"So erhalten Sie das heutige Datum (aktuelles Datum) in einer Spalte in Power Query in Excel.","robots":{"index":"index","follow":"follow","max-snippet":"max-snippet:-1","max-image-preview":"max-image-preview:large","max-video-preview":"max-video-preview:-1"},"canonical":"https:\/\/exceladvisor.org\/de\/das-datum-heute\/","og_locale":"de_DE","og_type":"article","og_title":"Erhalten Sie das heutige Datum in Power Query (Formeln und Funktionen)","og_description":"So erhalten Sie das heutige Datum (aktuelles Datum) in einer Spalte in Power Query in Excel.","og_url":"https:\/\/exceladvisor.org\/de\/das-datum-heute\/","og_site_name":"Excel Advisor","article_modified_time":"2023-12-03T11:12:43+00:00","og_image":[{"url":"https:\/\/exceladvisor.org\/wp-content\/uploads\/2023\/08\/1-obtenir-la-date-daujourdhui-dans-la-requete-de-puissance.png","type":"","width":"","height":""}],"twitter_card":"summary_large_image","twitter_misc":{"Gesch\u00e4tzte Lesezeit":"2\u00a0Minuten"},"schema":{"@context":"https:\/\/schema.org","@graph":[{"@type":"WebPage","@id":"https:\/\/exceladvisor.org\/de\/das-datum-heute\/","url":"https:\/\/exceladvisor.org\/de\/das-datum-heute\/","name":"Erhalten Sie das heutige Datum in Power Query (Formeln und Funktionen)","isPartOf":{"@id":"https:\/\/exceladvisor.org\/de\/#website"},"primaryImageOfPage":{"@id":"https:\/\/exceladvisor.org\/de\/das-datum-heute\/#primaryimage"},"image":{"@id":"https:\/\/exceladvisor.org\/de\/das-datum-heute\/#primaryimage"},"thumbnailUrl":"https:\/\/exceladvisor.org\/wp-content\/uploads\/2023\/08\/1-obtenir-la-date-daujourdhui-dans-la-requete-de-puissance.png","datePublished":"2023-11-04T16:18:22+00:00","dateModified":"2023-12-03T11:12:43+00:00","description":"So erhalten Sie das heutige Datum (aktuelles Datum) in einer Spalte in Power Query in Excel.","breadcrumb":{"@id":"https:\/\/exceladvisor.org\/de\/das-datum-heute\/#breadcrumb"},"inLanguage":"de","potentialAction":[{"@type":"ReadAction","target":["https:\/\/exceladvisor.org\/de\/das-datum-heute\/"]}]},{"@type":"ImageObject","inLanguage":"de","@id":"https:\/\/exceladvisor.org\/de\/das-datum-heute\/#primaryimage","url":"https:\/\/exceladvisor.org\/wp-content\/uploads\/2023\/08\/1-obtenir-la-date-daujourdhui-dans-la-requete-de-puissance.png","contentUrl":"https:\/\/exceladvisor.org\/wp-content\/uploads\/2023\/08\/1-obtenir-la-date-daujourdhui-dans-la-requete-de-puissance.png"},{"@type":"BreadcrumbList","@id":"https:\/\/exceladvisor.org\/de\/das-datum-heute\/#breadcrumb","itemListElement":[{"@type":"ListItem","position":1,"name":"Accueil","item":"https:\/\/exceladvisor.org\/de\/"},{"@type":"ListItem","position":2,"name":"Power query: holen sie sich das heutige datum"}]},{"@type":"WebSite","@id":"https:\/\/exceladvisor.org\/de\/#website","url":"https:\/\/exceladvisor.org\/de\/","name":"Excel Advisor","description":"Ihr Leitfaden zur Datendominanz","publisher":{"@id":"https:\/\/exceladvisor.org\/de\/#organization"},"potentialAction":[{"@type":"SearchAction","target":{"@type":"EntryPoint","urlTemplate":"https:\/\/exceladvisor.org\/de\/?s={search_term_string}"},"query-input":{"@type":"PropertyValueSpecification","valueRequired":true,"valueName":"search_term_string"}}],"inLanguage":"de"},{"@type":"Organization","@id":"https:\/\/exceladvisor.org\/de\/#organization","name":"Excel Advisor","url":"https:\/\/exceladvisor.org\/de\/","logo":{"@type":"ImageObject","inLanguage":"de","@id":"https:\/\/exceladvisor.org\/de\/#\/schema\/logo\/image\/","url":"https:\/\/exceladvisor.org\/de\/wp-content\/uploads\/2023\/11\/exceladvisor.org_.png","contentUrl":"https:\/\/exceladvisor.org\/de\/wp-content\/uploads\/2023\/11\/exceladvisor.org_.png","width":105,"height":36,"caption":"Excel Advisor"},"image":{"@id":"https:\/\/exceladvisor.org\/de\/#\/schema\/logo\/image\/"}}]}},"yoast_meta":{"yoast_wpseo_title":"","yoast_wpseo_metadesc":"","yoast_wpseo_canonical":""},"_links":{"self":[{"href":"https:\/\/exceladvisor.org\/de\/wp-json\/wp\/v2\/pages\/3285","targetHints":{"allow":["GET"]}}],"collection":[{"href":"https:\/\/exceladvisor.org\/de\/wp-json\/wp\/v2\/pages"}],"about":[{"href":"https:\/\/exceladvisor.org\/de\/wp-json\/wp\/v2\/types\/page"}],"author":[{"embeddable":true,"href":"https:\/\/exceladvisor.org\/de\/wp-json\/wp\/v2\/users\/1"}],"replies":[{"embeddable":true,"href":"https:\/\/exceladvisor.org\/de\/wp-json\/wp\/v2\/comments?post=3285"}],"version-history":[{"count":1,"href":"https:\/\/exceladvisor.org\/de\/wp-json\/wp\/v2\/pages\/3285\/revisions"}],"predecessor-version":[{"id":3779,"href":"https:\/\/exceladvisor.org\/de\/wp-json\/wp\/v2\/pages\/3285\/revisions\/3779"}],"wp:attachment":[{"href":"https:\/\/exceladvisor.org\/de\/wp-json\/wp\/v2\/media?parent=3285"}],"curies":[{"name":"wp","href":"https:\/\/api.w.org\/{rel}","templated":true}]}}