{"id":3286,"date":"2023-11-04T15:49:03","date_gmt":"2023-11-04T15:49:03","guid":{"rendered":"https:\/\/exceladvisor.org\/de\/basierend-auf-datum-2\/"},"modified":"2023-12-03T11:13:22","modified_gmt":"2023-12-03T11:13:22","slug":"basierend-auf-datum-2","status":"publish","type":"page","link":"https:\/\/exceladvisor.org\/de\/basierend-auf-datum-2\/","title":{"rendered":"Wenden sie eine bedingte formatierung basierend auf einem datum an"},"content":{"rendered":"<div class=\"excel-vor-dem-inhalt\" id=\"excel-1542231397\"><script type=\"text\/javascript\">\r\n\tatOptions = {\r\n\t\t'key' : 'c1158f160081d6540a8409e6925dab94',\r\n\t\t'format' : 'iframe',\r\n\t\t'height' : 250,\r\n\t\t'width' : 300,\r\n\t\t'params' : {}\r\n\t};\r\n<\/script>\r\n<script type=\"text\/javascript\" src=\"\/\/www.highperformanceformat.com\/c1158f160081d6540a8409e6925dab94\/invoke.js\"><\/script><\/div> <p>Mit der bedingten Formatierung in Excel k\u00f6nnen Sie Datumsangaben verwenden, um eine Regel zum Hervorheben von Zellen zu erstellen. Es gibt vordefinierte Regeln, mit denen Sie Zellen schnell hervorheben k\u00f6nnen. Und es gibt auch eine M\u00f6glichkeit, eine benutzerdefinierte Regel basierend auf einem Datum zu erstellen. In diesem Tutorial lernen wir, wie man beide Methoden im Detail nutzt.<\/p><h2 class=\"wp-block-heading\"> Schritte zur Verwendung von Datumsangaben f\u00fcr die bedingte Formatierung<\/h2><ol type=\"1\"><li> W\u00e4hlen Sie die Daten aus, f\u00fcr die Sie Datumsangaben haben.<\/li><li> Gehen Sie zu Start &gt; Bedingte Formatierung &gt; Zellenhervorhebungsregeln.<\/li><li> Klicken Sie dort auf die Option \u201eEin auftretendes Datum\u201c.<\/li><li> W\u00e4hlen Sie im Dialogfeld die Regel aus, die Sie verwenden m\u00f6chten.<\/li><li> Klicken Sie abschlie\u00dfend auf \u201eOK\u201c, um den Antrag zu \u00fcbernehmen. <\/li><\/ol><div class=\"wp-block-image\"><figure class=\"aligncenter size-full is-resized\"><img loading=\"lazy\" decoding=\"async\" class=\"wp-image-91249\" src=\"https:\/\/exceladvisor.org\/wp-content\/uploads\/2023\/08\/1-appliquer-une-mise-en-forme-conditionnelle-basee-sur-une-date.png\" sizes=\"auto, \" srcset=\"\" alt=\"Bedingte-Formatierung-basierend-auf-einem-Datum anwenden\" width=\"538\" height=\"664\"><\/figure><\/div><p> Und sobald Sie auf \u201eOK\u201c klicken, werden alle Zellen hervorgehoben, in denen Sie das aktuelle Monatsdatum haben. Im selben Dialogfeld stehen Ihnen mehr Optionen zur Verwendung mit Datumsangaben zur Verf\u00fcgung. <\/p><div class=\"wp-block-image\"><figure class=\"aligncenter size-full is-resized\"><img loading=\"lazy\" decoding=\"async\" class=\"wp-image-91250\" src=\"https:\/\/exceladvisor.org\/wp-content\/uploads\/2023\/08\/2-date-apparaissant-dans-le-mois-en-cours-mise-en-forme-conditionnelle.png\" sizes=\"auto, \" srcset=\"\" alt=\"Bedingte Formatierung des im aktuellen Monat auftretenden Datums\" width=\"454\" height=\"282\"><\/figure><\/div><h2 class=\"wp-block-heading\"> Erstellen Sie eine benutzerdefinierte Regel basierend auf Datumsangaben<\/h2><p> Es kann Situationen geben, in denen Sie eine bedingte Formatierungsregel anwenden m\u00fcssen, eine solche Regel jedoch nicht vorhanden ist. Nun, Sie k\u00f6nnen eine benutzerdefinierte Regel mit einer Formel erstellen. Gehen Sie zu Start &gt; Bedingte Formatierung &gt; Neue Regel.<\/p><h3 class=\"wp-block-heading\"> Markieren Sie Daten, die \u00e4lter als 30 Tage, 60 Tage und 90 Tage sind<\/h3><ol type=\"1\"><li> W\u00e4hlen Sie zun\u00e4chst die Daten aus, \u00f6ffnen Sie das Dialogfeld \u201eNeue Regel\u201c und klicken Sie auf \u201eMit einer Formel bestimmen, welche Zelle formatiert werden soll\u201c.<ul><li> 30 weitere Tage: =$A1&lt;=(TODAY()-30)<\/li><li> Noch 60 Tage: =$A1&lt;=(TODAY()-60)<\/li><li> Noch 90 Tage: =$A1&lt;=(TODAY()-90)<\/li><\/ul><\/li><li> Um anschlie\u00dfend die Formatierung festzulegen, klicken Sie auf die Schaltfl\u00e4che \u201eFormat\u201c.<\/li><li> Geben Sie dann die Formatierung, Zellenfarbe, Schriftfarbe oder Fett- oder Kursivschrift an.<\/li><li> Klicken Sie abschlie\u00dfend auf OK. <\/li><\/ol><div class=\"wp-block-image\"><figure class=\"aligncenter size-full is-resized\"><img loading=\"lazy\" decoding=\"async\" class=\"wp-image-91251\" src=\"https:\/\/exceladvisor.org\/wp-content\/uploads\/2023\/08\/3-regles-personnalisees-basees-sur-la-mise-en-forme-conditionnelle-des-dates.png\" sizes=\"auto, \" srcset=\"\" alt=\"benutzerdefinierte-regelbasierte-auf-Datums-bedingte-Formatierung\" width=\"683\" height=\"320\"><\/figure><\/div><p> Im obigen Beispiel sehen Sie, dass wir eine Formel verwendet haben, um Daten hervorzuheben, die \u00e4lter als 30 Tage ab dem aktuellen Datum sind.<\/p><h3 class=\"wp-block-heading\"> Markieren Sie Wochenenden und Wochenendtermine<\/h3><p> Und mithilfe einer Formel (Wochentag) k\u00f6nnen Sie Datumsangaben hervorheben, die Wochenenden sind. Im folgenden Beispiel k\u00f6nnen Sie sehen, dass die von uns verwendete Formel zwei Daten hervorhebt. <\/p><pre class=\"wp-block-code\"> <code class=\"language-excel-formula\" lang=\"excel-formula\">=WEEKDAY($A1,2)&gt;5<\/code><\/pre><div class=\"wp-block-image\"><figure class=\"aligncenter size-full is-resized\"><img loading=\"lazy\" decoding=\"async\" class=\"wp-image-91252\" src=\"https:\/\/exceladvisor.org\/wp-content\/uploads\/2023\/08\/4-dates-en-surbrillance-qui-sont-des-week-ends-formatage-conditionnel.png\" sizes=\"auto, \" srcset=\"\" alt=\"Hervorheben von Datumsangaben, die Wochenenden sind, bedingte Formatierung\" width=\"694\" height=\"360\"><\/figure><\/div><p> Und wenn Sie die Wochentage hervorheben m\u00f6chten, verwenden Sie die folgende Formel. <\/p><pre class=\"wp-block-code\"> <code class=\"language-excel-formula\" lang=\"excel-formula\">=WEEKDAY($A1,2)&lt;5<\/code><\/pre><div class=\"wp-block-image\"><figure class=\"aligncenter size-full is-resized\"><img loading=\"lazy\" decoding=\"async\" class=\"wp-image-91253\" src=\"https:\/\/exceladvisor.org\/wp-content\/uploads\/2023\/08\/5-mettre-en-evidence-la-mise-en-forme-conditionnelle-des-jours-de-la-semaine.png\" sizes=\"auto, \" srcset=\"\" alt=\"Bedingte Formatierung hervorgehobener Wochentage\" width=\"686\" height=\"334\"><\/figure><\/div><h2 class=\"wp-block-heading\"> Datumsbereich<\/h2><p> Wenn Sie Zellen basierend auf einem Datumsbereich hervorheben m\u00f6chten, k\u00f6nnen Sie die UND-Funktion verwenden, um eine Formel mit zwei Bedingungen zu erstellen. <\/p><div class=\"wp-block-image\"><figure class=\"aligncenter size-full is-resized\"><img loading=\"lazy\" decoding=\"async\" class=\"wp-image-91254\" src=\"https:\/\/exceladvisor.org\/wp-content\/uploads\/2023\/08\/6-cellules-de-surbrillance-basees-sur-une-mise-en-forme-conditionnelle-de-plage-de-dates.png\" sizes=\"auto, \" srcset=\"\" alt=\"Markieren Sie Zellen basierend auf der bedingten Formatierung des Datumsbereichs\" width=\"655\" height=\"310\"><\/figure><\/div><pre class=\"wp-block-code\"> <code class=\"language-excel-formula\" lang=\"excel-formula\">=AND(A1&gt;=(TODAY()-45),A1&lt;=(TODAY()-30))<\/code><\/pre><p> Im obigen Beispiel haben wir einen Bereich von 15 Tagen erstellt. 30 Tage ab dem aktuellen Datum und 45 Tage ab dem aktuellen Datum.<\/p><h2 class=\"wp-block-heading\"> Verwenden Sie ein Datum aus einer anderen Zelle<\/h2><p> Wenn Sie nun das Datum in einer Zelle verwenden m\u00f6chten, m\u00fcssen Sie auf eine Zelle verweisen, in der sich dieses Datum befindet. Siehe das Beispiel unten; Wir haben Zelle C1 angegeben, in der wir das Datum haben. <\/p><div class=\"wp-block-image\"><figure class=\"aligncenter size-full is-resized\"><img loading=\"lazy\" decoding=\"async\" class=\"wp-image-91255\" src=\"https:\/\/exceladvisor.org\/wp-content\/uploads\/2023\/08\/7-date-dune-autre-mise-en-forme-conditionnelle-de-cellule.png\" sizes=\"auto, \" srcset=\"\" alt=\"Datum-aus-einer-anderen-Zelle-bedingte-Formatierung\" width=\"675\" height=\"327\"><\/figure><\/div><pre class=\"wp-block-code\"> <code class=\"language-excel-formula\" lang=\"excel-formula\">=IF($C$1&lt;&gt;\"\",$A1&gt;=$C$1,FALSE)<\/code><\/pre><p> Auf diese Weise k\u00f6nnen Sie eine dynamische Regel erstellen. Wenn Sie das Datum in der Zelle \u00e4ndern, werden auch die hervorgehobenen Zellen ge\u00e4ndert. <\/p><div class=\"wp-block-image\"><figure class=\"aligncenter size-full is-resized\"><img loading=\"lazy\" decoding=\"async\" class=\"wp-image-91256\" src=\"https:\/\/exceladvisor.org\/wp-content\/uploads\/2023\/08\/8-changer-la-date-dans-la-mise-en-forme-conditionnelle-de-la-cellule.png\" sizes=\"auto, \" srcset=\"\" alt=\"Bedingte Formatierung des Datums in der Zelle \u00e4ndern\" width=\"376\" height=\"310\"><\/figure><\/div><div class=\"gb-container gb-container-52dfcee1 gb-container-sample-file\"><h2 class=\"gb-headline gb-headline-e289c143 gb-headline-text gb-headline-4f7959c2\"> Holen Sie sich die Excel-Datei<\/h2> <a class=\"gb-button gb-button-e88d6bee gb-button-text gb-button-button1\" href=\"https:\/\/exceladvisor.org\/wp-content\/uploads\/2023\/11\/base-sur-la-date.xlsx\" rel=\"nofollow\">Herunterladen<\/a><\/div><div class=\"gb-container gb-container-6076ba72 gb-container-mt\"> <a class=\"gb-button gb-button-76e6a499 gb-button-text gb-button-mt-button\" href=\"https:\/\/exceladvisor.org\/de\/excel-grundlagen\/\">Lernen Sie die Grundlagen von Excel<\/a><h2 class=\"gb-headline gb-headline-a9e9e206 gb-headline-text gb-headline-mt-heading\"> Erfahren Sie mehr \u00fcber <a href=\"https:\/\/exceladvisor.org\/de\/bedingte-formatierung\/\">bedingte Formatierung<\/a> <\/h2><div class=\"gb-grid-wrapper gb-grid-wrapper-790317cb gb-grid-wrapper-mt-grid\"><div class=\"gb-grid-column gb-grid-column-a9845ede\"><div class=\"gb-container gb-container-a9845ede\"><ul><li> <a href=\"https:\/\/exceladvisor.org\/de\/wenden-sie-eine-bedingte-formatierung-an\/\">Wenden Sie eine bedingte Formatierung auf eine Pivot-Tabelle an<\/a><\/li><li> <a href=\"https:\/\/exceladvisor.org\/de\/zuruckziehen\/\">Bedingte Formatierung entfernen<\/a><\/li><li> <a href=\"https:\/\/exceladvisor.org\/de\/leere-zellen\/\">Wenden Sie bedingte Formatierung auf leere Zellen in Excel an<\/a><\/li><li> <a href=\"https:\/\/exceladvisor.org\/de\/spalten-vergleichen\/\">Vergleichen Sie zwei Spalten mithilfe der bedingten Formatierung<\/a><\/li><li> <a href=\"https:\/\/exceladvisor.org\/de\/eine-andere-zelle\/\">Wenden Sie eine bedingte Formatierung basierend auf einer anderen Zelle an<\/a><\/li><\/ul><\/div><\/div><\/div><\/div>","protected":false},"excerpt":{"rendered":"","protected":false},"author":1,"featured_media":0,"parent":0,"menu_order":0,"comment_status":"open","ping_status":"closed","template":"","meta":{"ub_ctt_via":"","footnotes":""},"class_list":["post-3286","page","type-page","status-publish","hentry"],"featured_image_src":null,"yoast_head":"<!-- This site is optimized with the Yoast SEO plugin v25.4 - https:\/\/yoast.com\/wordpress\/plugins\/seo\/ -->\n<title>Wenden Sie eine bedingte Formatierung basierend auf einem Datum an<\/title>\n<meta name=\"robots\" content=\"index, follow, max-snippet:-1, max-image-preview:large, max-video-preview:-1\" \/>\n<link rel=\"canonical\" href=\"https:\/\/exceladvisor.org\/de\/basierend-auf-datum-2\/\" \/>\n<meta property=\"og:locale\" content=\"de_DE\" \/>\n<meta property=\"og:type\" content=\"article\" \/>\n<meta property=\"og:title\" content=\"Wenden Sie eine bedingte Formatierung basierend auf einem Datum an\" \/>\n<meta property=\"og:url\" content=\"https:\/\/exceladvisor.org\/de\/basierend-auf-datum-2\/\" \/>\n<meta property=\"og:site_name\" content=\"Excel Advisor\" \/>\n<meta property=\"article:modified_time\" content=\"2023-12-03T11:13:22+00:00\" \/>\n<meta property=\"og:image\" content=\"https:\/\/exceladvisor.org\/wp-content\/uploads\/2023\/08\/1-appliquer-une-mise-en-forme-conditionnelle-basee-sur-une-date.png\" \/>\n<meta name=\"twitter:card\" content=\"summary_large_image\" \/>\n<meta name=\"twitter:label1\" content=\"Gesch\u00e4tzte Lesezeit\" \/>\n\t<meta name=\"twitter:data1\" content=\"3\u00a0Minuten\" \/>\n<script type=\"application\/ld+json\" class=\"yoast-schema-graph\">{\"@context\":\"https:\/\/schema.org\",\"@graph\":[{\"@type\":\"WebPage\",\"@id\":\"https:\/\/exceladvisor.org\/de\/basierend-auf-datum-2\/\",\"url\":\"https:\/\/exceladvisor.org\/de\/basierend-auf-datum-2\/\",\"name\":\"Wenden Sie eine bedingte Formatierung basierend auf einem Datum an\",\"isPartOf\":{\"@id\":\"https:\/\/exceladvisor.org\/de\/#website\"},\"primaryImageOfPage\":{\"@id\":\"https:\/\/exceladvisor.org\/de\/basierend-auf-datum-2\/#primaryimage\"},\"image\":{\"@id\":\"https:\/\/exceladvisor.org\/de\/basierend-auf-datum-2\/#primaryimage\"},\"thumbnailUrl\":\"https:\/\/exceladvisor.org\/wp-content\/uploads\/2023\/08\/1-appliquer-une-mise-en-forme-conditionnelle-basee-sur-une-date.png\",\"datePublished\":\"2023-11-04T15:49:03+00:00\",\"dateModified\":\"2023-12-03T11:13:22+00:00\",\"breadcrumb\":{\"@id\":\"https:\/\/exceladvisor.org\/de\/basierend-auf-datum-2\/#breadcrumb\"},\"inLanguage\":\"de\",\"potentialAction\":[{\"@type\":\"ReadAction\",\"target\":[\"https:\/\/exceladvisor.org\/de\/basierend-auf-datum-2\/\"]}]},{\"@type\":\"ImageObject\",\"inLanguage\":\"de\",\"@id\":\"https:\/\/exceladvisor.org\/de\/basierend-auf-datum-2\/#primaryimage\",\"url\":\"https:\/\/exceladvisor.org\/wp-content\/uploads\/2023\/08\/1-appliquer-une-mise-en-forme-conditionnelle-basee-sur-une-date.png\",\"contentUrl\":\"https:\/\/exceladvisor.org\/wp-content\/uploads\/2023\/08\/1-appliquer-une-mise-en-forme-conditionnelle-basee-sur-une-date.png\"},{\"@type\":\"BreadcrumbList\",\"@id\":\"https:\/\/exceladvisor.org\/de\/basierend-auf-datum-2\/#breadcrumb\",\"itemListElement\":[{\"@type\":\"ListItem\",\"position\":1,\"name\":\"Accueil\",\"item\":\"https:\/\/exceladvisor.org\/de\/\"},{\"@type\":\"ListItem\",\"position\":2,\"name\":\"Wenden sie eine bedingte formatierung basierend auf einem datum an\"}]},{\"@type\":\"WebSite\",\"@id\":\"https:\/\/exceladvisor.org\/de\/#website\",\"url\":\"https:\/\/exceladvisor.org\/de\/\",\"name\":\"Excel Advisor\",\"description\":\"Ihr Leitfaden zur Datendominanz\",\"publisher\":{\"@id\":\"https:\/\/exceladvisor.org\/de\/#organization\"},\"potentialAction\":[{\"@type\":\"SearchAction\",\"target\":{\"@type\":\"EntryPoint\",\"urlTemplate\":\"https:\/\/exceladvisor.org\/de\/?s={search_term_string}\"},\"query-input\":{\"@type\":\"PropertyValueSpecification\",\"valueRequired\":true,\"valueName\":\"search_term_string\"}}],\"inLanguage\":\"de\"},{\"@type\":\"Organization\",\"@id\":\"https:\/\/exceladvisor.org\/de\/#organization\",\"name\":\"Excel Advisor\",\"url\":\"https:\/\/exceladvisor.org\/de\/\",\"logo\":{\"@type\":\"ImageObject\",\"inLanguage\":\"de\",\"@id\":\"https:\/\/exceladvisor.org\/de\/#\/schema\/logo\/image\/\",\"url\":\"https:\/\/exceladvisor.org\/de\/wp-content\/uploads\/2023\/11\/exceladvisor.org_.png\",\"contentUrl\":\"https:\/\/exceladvisor.org\/de\/wp-content\/uploads\/2023\/11\/exceladvisor.org_.png\",\"width\":105,\"height\":36,\"caption\":\"Excel Advisor\"},\"image\":{\"@id\":\"https:\/\/exceladvisor.org\/de\/#\/schema\/logo\/image\/\"}}]}<\/script>\n<!-- \/ Yoast SEO plugin. -->","yoast_head_json":{"title":"Wenden Sie eine bedingte Formatierung basierend auf einem Datum an","robots":{"index":"index","follow":"follow","max-snippet":"max-snippet:-1","max-image-preview":"max-image-preview:large","max-video-preview":"max-video-preview:-1"},"canonical":"https:\/\/exceladvisor.org\/de\/basierend-auf-datum-2\/","og_locale":"de_DE","og_type":"article","og_title":"Wenden Sie eine bedingte Formatierung basierend auf einem Datum an","og_url":"https:\/\/exceladvisor.org\/de\/basierend-auf-datum-2\/","og_site_name":"Excel Advisor","article_modified_time":"2023-12-03T11:13:22+00:00","og_image":[{"url":"https:\/\/exceladvisor.org\/wp-content\/uploads\/2023\/08\/1-appliquer-une-mise-en-forme-conditionnelle-basee-sur-une-date.png","type":"","width":"","height":""}],"twitter_card":"summary_large_image","twitter_misc":{"Gesch\u00e4tzte Lesezeit":"3\u00a0Minuten"},"schema":{"@context":"https:\/\/schema.org","@graph":[{"@type":"WebPage","@id":"https:\/\/exceladvisor.org\/de\/basierend-auf-datum-2\/","url":"https:\/\/exceladvisor.org\/de\/basierend-auf-datum-2\/","name":"Wenden Sie eine bedingte Formatierung basierend auf einem Datum an","isPartOf":{"@id":"https:\/\/exceladvisor.org\/de\/#website"},"primaryImageOfPage":{"@id":"https:\/\/exceladvisor.org\/de\/basierend-auf-datum-2\/#primaryimage"},"image":{"@id":"https:\/\/exceladvisor.org\/de\/basierend-auf-datum-2\/#primaryimage"},"thumbnailUrl":"https:\/\/exceladvisor.org\/wp-content\/uploads\/2023\/08\/1-appliquer-une-mise-en-forme-conditionnelle-basee-sur-une-date.png","datePublished":"2023-11-04T15:49:03+00:00","dateModified":"2023-12-03T11:13:22+00:00","breadcrumb":{"@id":"https:\/\/exceladvisor.org\/de\/basierend-auf-datum-2\/#breadcrumb"},"inLanguage":"de","potentialAction":[{"@type":"ReadAction","target":["https:\/\/exceladvisor.org\/de\/basierend-auf-datum-2\/"]}]},{"@type":"ImageObject","inLanguage":"de","@id":"https:\/\/exceladvisor.org\/de\/basierend-auf-datum-2\/#primaryimage","url":"https:\/\/exceladvisor.org\/wp-content\/uploads\/2023\/08\/1-appliquer-une-mise-en-forme-conditionnelle-basee-sur-une-date.png","contentUrl":"https:\/\/exceladvisor.org\/wp-content\/uploads\/2023\/08\/1-appliquer-une-mise-en-forme-conditionnelle-basee-sur-une-date.png"},{"@type":"BreadcrumbList","@id":"https:\/\/exceladvisor.org\/de\/basierend-auf-datum-2\/#breadcrumb","itemListElement":[{"@type":"ListItem","position":1,"name":"Accueil","item":"https:\/\/exceladvisor.org\/de\/"},{"@type":"ListItem","position":2,"name":"Wenden sie eine bedingte formatierung basierend auf einem datum an"}]},{"@type":"WebSite","@id":"https:\/\/exceladvisor.org\/de\/#website","url":"https:\/\/exceladvisor.org\/de\/","name":"Excel Advisor","description":"Ihr Leitfaden zur Datendominanz","publisher":{"@id":"https:\/\/exceladvisor.org\/de\/#organization"},"potentialAction":[{"@type":"SearchAction","target":{"@type":"EntryPoint","urlTemplate":"https:\/\/exceladvisor.org\/de\/?s={search_term_string}"},"query-input":{"@type":"PropertyValueSpecification","valueRequired":true,"valueName":"search_term_string"}}],"inLanguage":"de"},{"@type":"Organization","@id":"https:\/\/exceladvisor.org\/de\/#organization","name":"Excel Advisor","url":"https:\/\/exceladvisor.org\/de\/","logo":{"@type":"ImageObject","inLanguage":"de","@id":"https:\/\/exceladvisor.org\/de\/#\/schema\/logo\/image\/","url":"https:\/\/exceladvisor.org\/de\/wp-content\/uploads\/2023\/11\/exceladvisor.org_.png","contentUrl":"https:\/\/exceladvisor.org\/de\/wp-content\/uploads\/2023\/11\/exceladvisor.org_.png","width":105,"height":36,"caption":"Excel Advisor"},"image":{"@id":"https:\/\/exceladvisor.org\/de\/#\/schema\/logo\/image\/"}}]}},"yoast_meta":{"yoast_wpseo_title":"","yoast_wpseo_metadesc":"","yoast_wpseo_canonical":""},"_links":{"self":[{"href":"https:\/\/exceladvisor.org\/de\/wp-json\/wp\/v2\/pages\/3286","targetHints":{"allow":["GET"]}}],"collection":[{"href":"https:\/\/exceladvisor.org\/de\/wp-json\/wp\/v2\/pages"}],"about":[{"href":"https:\/\/exceladvisor.org\/de\/wp-json\/wp\/v2\/types\/page"}],"author":[{"embeddable":true,"href":"https:\/\/exceladvisor.org\/de\/wp-json\/wp\/v2\/users\/1"}],"replies":[{"embeddable":true,"href":"https:\/\/exceladvisor.org\/de\/wp-json\/wp\/v2\/comments?post=3286"}],"version-history":[{"count":1,"href":"https:\/\/exceladvisor.org\/de\/wp-json\/wp\/v2\/pages\/3286\/revisions"}],"predecessor-version":[{"id":3829,"href":"https:\/\/exceladvisor.org\/de\/wp-json\/wp\/v2\/pages\/3286\/revisions\/3829"}],"wp:attachment":[{"href":"https:\/\/exceladvisor.org\/de\/wp-json\/wp\/v2\/media?parent=3286"}],"curies":[{"name":"wp","href":"https:\/\/api.w.org\/{rel}","templated":true}]}}