{"id":3287,"date":"2023-11-04T13:24:15","date_gmt":"2023-11-04T13:24:15","guid":{"rendered":"https:\/\/exceladvisor.org\/de\/addieren-subtrahieren-eines-prozentsatzes-von-einer-zahl\/"},"modified":"2023-12-03T11:13:29","modified_gmt":"2023-12-03T11:13:29","slug":"addieren-subtrahieren-eines-prozentsatzes-von-einer-zahl","status":"publish","type":"page","link":"https:\/\/exceladvisor.org\/de\/addieren-subtrahieren-eines-prozentsatzes-von-einer-zahl\/","title":{"rendered":"Wie addiere\/subtrahiere ich einen prozentsatz zu einer zahl?"},"content":{"rendered":"<div class=\"excel-vor-dem-inhalt\" id=\"excel-110385039\"><script type=\"text\/javascript\">\r\n\tatOptions = {\r\n\t\t'key' : 'c1158f160081d6540a8409e6925dab94',\r\n\t\t'format' : 'iframe',\r\n\t\t'height' : 250,\r\n\t\t'width' : 300,\r\n\t\t'params' : {}\r\n\t};\r\n<\/script>\r\n<script type=\"text\/javascript\" src=\"\/\/www.highperformanceformat.com\/c1158f160081d6540a8409e6925dab94\/invoke.js\"><\/script><\/div> <p>Nehmen wir an, Sie haben einen Wert und m\u00f6chten einen Prozentsatz dazu addieren oder davon subtrahieren. Zum Beispiel, wenn Sie 10 % zu 100 addieren oder 10 % davon abziehen m\u00f6chten. Dies ist eine schnelle und einfache Formelberechnung in Excel, die Sie durchf\u00fchren k\u00f6nnen. <\/p><div class=\"wp-block-image\"><figure class=\"aligncenter size-full is-resized\"><img loading=\"lazy\" decoding=\"async\" class=\"wp-image-80145\" src=\"https:\/\/exceladvisor.org\/wp-content\/uploads\/2023\/08\/1-ajouter-soustraire-le-pourcentage-du-nombre.png\" sizes=\"auto, \" srcset=\"\" alt=\"Addieren-Subtrahieren-Prozentsatz-von-der-Zahl\" width=\"572\" height=\"268\"><\/figure><\/div><p> Nachfolgend finden Sie die Formeln, mit denen Sie einen bestimmten Prozentsatz ausgehend von einem numerischen Wert erh\u00f6hen oder verringern k\u00f6nnen.<\/p><ul><li> <strong>Zu erh\u00f6hen:<\/strong> <em>=original_value*(100%+increase_percentage%)<\/em><\/li><li> <strong>Verringerung:<\/strong> <em>=original_value*(100 %-decrease_percentage%)<\/em><\/li><\/ul><p> In diesem Tutorial lernen wir, wie man diese Formel schreibt:<\/p><h2 class=\"wp-block-heading\"> Formel zum Hinzuf\u00fcgen oder Erh\u00f6hen eines Werts um einen Prozentsatz<\/h2><p> Sie k\u00f6nnen die folgenden Schritte ausf\u00fchren:<\/p><ol type=\"1\"><li> Verweisen Sie zun\u00e4chst in einer Zelle auf die Zelle, in der Sie den urspr\u00fcnglichen Wert haben.<\/li><li> Geben Sie anschlie\u00dfend den Sternchenoperator f\u00fcr die Multiplikation ein.<\/li><li> Geben Sie nun die \u00f6ffnenden Klammern ein und geben Sie dann \u201e100 %\u201c ein.<\/li><li> Geben Sie als N\u00e4chstes den Additionsoperator und 10 % ein, den Wert, um den Sie erh\u00f6hen m\u00f6chten.<\/li><li> Geben Sie am Ende die schlie\u00dfenden Klammern ein und dr\u00fccken Sie die Eingabetaste, um das Ergebnis zu erhalten. <\/li><\/ol><div class=\"wp-block-image\"><figure class=\"aligncenter size-full is-resized\"><img loading=\"lazy\" decoding=\"async\" class=\"wp-image-80146\" src=\"https:\/\/exceladvisor.org\/wp-content\/uploads\/2023\/08\/2-ajouter-une-valeur-en-pourcentage.png\" sizes=\"auto, \" srcset=\"\" alt=\"prozentualen Mehrwert schaffen\" width=\"499\" height=\"260\"><\/figure><\/div><pre class=\"wp-block-code\"> <code class=\"language-excel-formula\" lang=\"excel-formula\">=A1*(100%+10%)<\/code><\/pre><p> Sobald Sie die Eingabetaste dr\u00fccken, wird der Wert zur\u00fcckgegeben und auf 110 % erh\u00f6ht. <\/p><div class=\"wp-block-image\"><figure class=\"aligncenter size-full is-resized\"><img loading=\"lazy\" decoding=\"async\" class=\"wp-image-80147\" src=\"https:\/\/exceladvisor.org\/wp-content\/uploads\/2023\/08\/3-valeur-ajoutee-en-pourcentage.png\" sizes=\"auto, \" srcset=\"\" alt=\"Wertsch\u00f6pfung in Prozent\" width=\"493\" height=\"257\"><\/figure><\/div><p> Sie verwenden die Formel auch auf eine fl\u00fcssige Art und Weise, indem Sie anstelle von 100 % eine 1 und f\u00fcr den erh\u00f6hten Prozentsatz einen Dezimalwert verwenden k\u00f6nnen. <\/p><div class=\"wp-block-image\"><figure class=\"aligncenter size-full is-resized\"><img loading=\"lazy\" decoding=\"async\" class=\"wp-image-80148\" src=\"https:\/\/exceladvisor.org\/wp-content\/uploads\/2023\/08\/4-autres-facons-dutiliser-la-formule-pour-ajouter-une-valeur-en-pourcentage.png\" sizes=\"auto, \" srcset=\"\" alt=\"Eine andere M\u00f6glichkeit, die Formel zu verwenden, um einen Wert prozentual zu addieren\" width=\"498\" height=\"316\"><\/figure><\/div><pre class=\"wp-block-code\"> <code class=\"language-excel-formula\" lang=\"excel-formula\">=A1*(1+0.1)<\/code><\/pre><h2 class=\"wp-block-heading\"> Formel zum Subtrahieren oder Verringern eines Werts um einen Prozentsatz<\/h2><p> Sie k\u00f6nnen die folgenden Schritte verwenden, um diese Formel zu schreiben:<\/p><ol type=\"1\"><li> Geben Sie zun\u00e4chst = in eine Zelle ein und verweisen Sie auf die Zelle mit dem urspr\u00fcnglichen Wert.<\/li><li> Geben Sie anschlie\u00dfend die schlie\u00dfenden Klammern ein und geben Sie 100 % ein.<\/li><li> Ziehen Sie dann mit dem Subtraktionszeichen ab und geben Sie den Prozentwert ein, den Sie verringern m\u00f6chten.<\/li><li> Geben Sie am Ende die schlie\u00dfenden Klammern ein und dr\u00fccken Sie die Eingabetaste, um das Ergebnis zu erhalten. <\/li><\/ol><div class=\"wp-block-image\"><figure class=\"aligncenter size-full is-resized\"><img loading=\"lazy\" decoding=\"async\" class=\"wp-image-80149\" src=\"https:\/\/exceladvisor.org\/wp-content\/uploads\/2023\/08\/5-formule-pour-soustraire-la-valeur-en-pourcentage.png\" sizes=\"auto, \" srcset=\"\" alt=\"Formel zum prozentualen Subtrahieren von Werten\" width=\"530\" height=\"241\"><\/figure><\/div><pre class=\"wp-block-code\"> <code class=\"language-excel-formula\" lang=\"excel-formula\">=A1*(100%-10%)<\/code><\/pre><p> Sobald Sie die Eingabetaste dr\u00fccken, wird ein neuer Wert mit einer Verringerung zur\u00fcckgegeben. <\/p><div class=\"wp-block-image\"><figure class=\"aligncenter size-full is-resized\"><img loading=\"lazy\" decoding=\"async\" class=\"wp-image-80150\" src=\"https:\/\/exceladvisor.org\/wp-content\/uploads\/2023\/08\/6-valeur-diminuee-en-pourcentage.png\" sizes=\"auto, \" srcset=\"\" alt=\"Wert prozentual reduziert\" width=\"509\" height=\"280\"><\/figure><\/div><p> Und Sie k\u00f6nnen die Formel auch folgenderma\u00dfen verwenden, indem Sie die 1 anstelle der 100 % verwenden und .1 verwenden, um die 10 % anzugeben. <\/p><div class=\"wp-block-image\"><figure class=\"aligncenter size-full is-resized\"><img loading=\"lazy\" decoding=\"async\" class=\"wp-image-80151\" src=\"https:\/\/exceladvisor.org\/wp-content\/uploads\/2023\/08\/7-autres-formules-pour-diminuer-la-valeur.png\" sizes=\"auto, \" srcset=\"\" alt=\"eine andere-formel-um-den-wert-zu-verringern\" width=\"499\" height=\"283\"><\/figure><\/div><h2 class=\"wp-block-heading\"> Wie funktionieren diese Formeln?<\/h2><p> Um diese Formeln zu verstehen, m\u00fcssen Sie sie in drei Teile unterteilen:<\/p><ol type=\"1\"><li> Originalwert<\/li><li> 100 % Gold 1<\/li><li> Erh\u00f6hung und Verringerung (Prozentsatz oder Dezimalzahl)<\/li><\/ol><p> Wenn Sie einen Wert um 15 % verringern m\u00f6chten, verwenden Sie einfach 15 % mit dem Minusoperator, oder Sie k\u00f6nnen auch -0,15 verwenden.<\/p><p class=\"grey-note\"> Ein Prozentwert ist eine in Excel als Prozentsatz formatierte Zahl. Wenn Sie 100 % in eine Zelle eingeben, behandelt Excel diese als 1 und formatiert sie mit dem Prozentsatz. Deshalb k\u00f6nnen Sie in der Formel 1 oder 100 % verwenden. Und um die Erh\u00f6hung anzugeben, k\u00f6nnen Sie einen Dezimalwert oder einen Prozentwert verwenden. <\/p><div class=\"gb-container gb-container-52dfcee1 gb-container-sample-file\"><h2 class=\"gb-headline gb-headline-e289c143 gb-headline-text gb-headline-4f7959c2\"> Holen Sie sich die Excel-Datei<\/h2> <a class=\"gb-button gb-button-e88d6bee gb-button-text gb-button-button1\" href=\"https:\/\/exceladvisor.org\/wp-content\/uploads\/2023\/11\/ajouter-soustraire-un-pourcentage.xlsx\" rel=\"nofollow\">Herunterladen<\/a><\/div><div class=\"gb-container gb-container-0df56012 gb-container-mt\"> <a class=\"gb-button gb-button-f9f432f4 gb-button-text gb-button-mt-button\" href=\"https:\/\/exceladvisor.org\/de\/formeln\/\">Liste der Excel-Formeln<\/a><h2 class=\"gb-headline gb-headline-233444e8 gb-headline-text gb-headline-mt-heading\"> Verwandte Formeln <\/h2><div class=\"gb-grid-wrapper gb-grid-wrapper-a16fa65c gb-grid-wrapper-mt-grid\"><div class=\"gb-grid-column gb-grid-column-50d07e0d\"><div class=\"gb-container gb-container-50d07e0d\"><ul><li> Kubikwurzel in Excel berechnen<\/li><li> <a href=\"https:\/\/exceladvisor.org\/de\/prozentualer-unterschied\/\">Berechnen Sie die prozentuale Varianz (Differenz) in Excel<\/a><\/li><li> <a href=\"https:\/\/exceladvisor.org\/de\/quadratwurzel\/\">Berechnen Sie die Quadratwurzel in Excel + f\u00fcgen Sie ein Symbol ein<\/a><\/li><li> <a href=\"https:\/\/exceladvisor.org\/de\/ist-nicht-gleich\/\">Entspricht nicht dem Operator in Excel<\/a><\/li><\/ul><\/div><\/div><\/div><\/div>","protected":false},"excerpt":{"rendered":"","protected":false},"author":1,"featured_media":0,"parent":0,"menu_order":0,"comment_status":"open","ping_status":"closed","template":"","meta":{"ub_ctt_via":"","footnotes":""},"class_list":["post-3287","page","type-page","status-publish","hentry"],"featured_image_src":null,"yoast_head":"<!-- This site is optimized with the Yoast SEO plugin v25.4 - https:\/\/yoast.com\/wordpress\/plugins\/seo\/ -->\n<title>Wie addiere\/subtrahiere ich einen Prozentsatz zu einer Zahl?<\/title>\n<meta name=\"description\" content=\"In diesem Tutorial erfahren Sie, wie Sie Excel-Formeln schreiben, um einen bestimmten Prozentsatz zu einer Zahl zu addieren oder davon zu subtrahieren. Lassen Sie uns das \u00fcberpr\u00fcfen ...\" \/>\n<meta name=\"robots\" content=\"index, follow, max-snippet:-1, max-image-preview:large, max-video-preview:-1\" \/>\n<link rel=\"canonical\" href=\"https:\/\/exceladvisor.org\/de\/addieren-subtrahieren-eines-prozentsatzes-von-einer-zahl\/\" \/>\n<meta property=\"og:locale\" content=\"de_DE\" \/>\n<meta property=\"og:type\" content=\"article\" \/>\n<meta property=\"og:title\" content=\"Wie addiere\/subtrahiere ich einen Prozentsatz zu einer Zahl?\" \/>\n<meta property=\"og:description\" content=\"In diesem Tutorial erfahren Sie, wie Sie Excel-Formeln schreiben, um einen bestimmten Prozentsatz zu einer Zahl zu addieren oder davon zu subtrahieren. Lassen Sie uns das \u00fcberpr\u00fcfen ...\" \/>\n<meta property=\"og:url\" content=\"https:\/\/exceladvisor.org\/de\/addieren-subtrahieren-eines-prozentsatzes-von-einer-zahl\/\" \/>\n<meta property=\"og:site_name\" content=\"Excel Advisor\" \/>\n<meta property=\"article:modified_time\" content=\"2023-12-03T11:13:29+00:00\" \/>\n<meta property=\"og:image\" content=\"https:\/\/exceladvisor.org\/wp-content\/uploads\/2023\/08\/1-ajouter-soustraire-le-pourcentage-du-nombre.png\" \/>\n<meta name=\"twitter:card\" content=\"summary_large_image\" \/>\n<meta name=\"twitter:label1\" content=\"Gesch\u00e4tzte Lesezeit\" \/>\n\t<meta name=\"twitter:data1\" content=\"3\u00a0Minuten\" \/>\n<script type=\"application\/ld+json\" class=\"yoast-schema-graph\">{\"@context\":\"https:\/\/schema.org\",\"@graph\":[{\"@type\":\"WebPage\",\"@id\":\"https:\/\/exceladvisor.org\/de\/addieren-subtrahieren-eines-prozentsatzes-von-einer-zahl\/\",\"url\":\"https:\/\/exceladvisor.org\/de\/addieren-subtrahieren-eines-prozentsatzes-von-einer-zahl\/\",\"name\":\"Wie addiere\/subtrahiere ich einen Prozentsatz zu einer Zahl?\",\"isPartOf\":{\"@id\":\"https:\/\/exceladvisor.org\/de\/#website\"},\"primaryImageOfPage\":{\"@id\":\"https:\/\/exceladvisor.org\/de\/addieren-subtrahieren-eines-prozentsatzes-von-einer-zahl\/#primaryimage\"},\"image\":{\"@id\":\"https:\/\/exceladvisor.org\/de\/addieren-subtrahieren-eines-prozentsatzes-von-einer-zahl\/#primaryimage\"},\"thumbnailUrl\":\"https:\/\/exceladvisor.org\/wp-content\/uploads\/2023\/08\/1-ajouter-soustraire-le-pourcentage-du-nombre.png\",\"datePublished\":\"2023-11-04T13:24:15+00:00\",\"dateModified\":\"2023-12-03T11:13:29+00:00\",\"description\":\"In diesem Tutorial erfahren Sie, wie Sie Excel-Formeln schreiben, um einen bestimmten Prozentsatz zu einer Zahl zu addieren oder davon zu subtrahieren. Lassen Sie uns das \u00fcberpr\u00fcfen ...\",\"breadcrumb\":{\"@id\":\"https:\/\/exceladvisor.org\/de\/addieren-subtrahieren-eines-prozentsatzes-von-einer-zahl\/#breadcrumb\"},\"inLanguage\":\"de\",\"potentialAction\":[{\"@type\":\"ReadAction\",\"target\":[\"https:\/\/exceladvisor.org\/de\/addieren-subtrahieren-eines-prozentsatzes-von-einer-zahl\/\"]}]},{\"@type\":\"ImageObject\",\"inLanguage\":\"de\",\"@id\":\"https:\/\/exceladvisor.org\/de\/addieren-subtrahieren-eines-prozentsatzes-von-einer-zahl\/#primaryimage\",\"url\":\"https:\/\/exceladvisor.org\/wp-content\/uploads\/2023\/08\/1-ajouter-soustraire-le-pourcentage-du-nombre.png\",\"contentUrl\":\"https:\/\/exceladvisor.org\/wp-content\/uploads\/2023\/08\/1-ajouter-soustraire-le-pourcentage-du-nombre.png\"},{\"@type\":\"BreadcrumbList\",\"@id\":\"https:\/\/exceladvisor.org\/de\/addieren-subtrahieren-eines-prozentsatzes-von-einer-zahl\/#breadcrumb\",\"itemListElement\":[{\"@type\":\"ListItem\",\"position\":1,\"name\":\"Accueil\",\"item\":\"https:\/\/exceladvisor.org\/de\/\"},{\"@type\":\"ListItem\",\"position\":2,\"name\":\"Wie addiere\/subtrahiere ich einen prozentsatz zu einer zahl?\"}]},{\"@type\":\"WebSite\",\"@id\":\"https:\/\/exceladvisor.org\/de\/#website\",\"url\":\"https:\/\/exceladvisor.org\/de\/\",\"name\":\"Excel Advisor\",\"description\":\"Ihr Leitfaden zur Datendominanz\",\"publisher\":{\"@id\":\"https:\/\/exceladvisor.org\/de\/#organization\"},\"potentialAction\":[{\"@type\":\"SearchAction\",\"target\":{\"@type\":\"EntryPoint\",\"urlTemplate\":\"https:\/\/exceladvisor.org\/de\/?s={search_term_string}\"},\"query-input\":{\"@type\":\"PropertyValueSpecification\",\"valueRequired\":true,\"valueName\":\"search_term_string\"}}],\"inLanguage\":\"de\"},{\"@type\":\"Organization\",\"@id\":\"https:\/\/exceladvisor.org\/de\/#organization\",\"name\":\"Excel Advisor\",\"url\":\"https:\/\/exceladvisor.org\/de\/\",\"logo\":{\"@type\":\"ImageObject\",\"inLanguage\":\"de\",\"@id\":\"https:\/\/exceladvisor.org\/de\/#\/schema\/logo\/image\/\",\"url\":\"https:\/\/exceladvisor.org\/de\/wp-content\/uploads\/2023\/11\/exceladvisor.org_.png\",\"contentUrl\":\"https:\/\/exceladvisor.org\/de\/wp-content\/uploads\/2023\/11\/exceladvisor.org_.png\",\"width\":105,\"height\":36,\"caption\":\"Excel Advisor\"},\"image\":{\"@id\":\"https:\/\/exceladvisor.org\/de\/#\/schema\/logo\/image\/\"}}]}<\/script>\n<!-- \/ Yoast SEO plugin. -->","yoast_head_json":{"title":"Wie addiere\/subtrahiere ich einen Prozentsatz zu einer Zahl?","description":"In diesem Tutorial erfahren Sie, wie Sie Excel-Formeln schreiben, um einen bestimmten Prozentsatz zu einer Zahl zu addieren oder davon zu subtrahieren. Lassen Sie uns das \u00fcberpr\u00fcfen ...","robots":{"index":"index","follow":"follow","max-snippet":"max-snippet:-1","max-image-preview":"max-image-preview:large","max-video-preview":"max-video-preview:-1"},"canonical":"https:\/\/exceladvisor.org\/de\/addieren-subtrahieren-eines-prozentsatzes-von-einer-zahl\/","og_locale":"de_DE","og_type":"article","og_title":"Wie addiere\/subtrahiere ich einen Prozentsatz zu einer Zahl?","og_description":"In diesem Tutorial erfahren Sie, wie Sie Excel-Formeln schreiben, um einen bestimmten Prozentsatz zu einer Zahl zu addieren oder davon zu subtrahieren. Lassen Sie uns das \u00fcberpr\u00fcfen ...","og_url":"https:\/\/exceladvisor.org\/de\/addieren-subtrahieren-eines-prozentsatzes-von-einer-zahl\/","og_site_name":"Excel Advisor","article_modified_time":"2023-12-03T11:13:29+00:00","og_image":[{"url":"https:\/\/exceladvisor.org\/wp-content\/uploads\/2023\/08\/1-ajouter-soustraire-le-pourcentage-du-nombre.png","type":"","width":"","height":""}],"twitter_card":"summary_large_image","twitter_misc":{"Gesch\u00e4tzte Lesezeit":"3\u00a0Minuten"},"schema":{"@context":"https:\/\/schema.org","@graph":[{"@type":"WebPage","@id":"https:\/\/exceladvisor.org\/de\/addieren-subtrahieren-eines-prozentsatzes-von-einer-zahl\/","url":"https:\/\/exceladvisor.org\/de\/addieren-subtrahieren-eines-prozentsatzes-von-einer-zahl\/","name":"Wie addiere\/subtrahiere ich einen Prozentsatz zu einer Zahl?","isPartOf":{"@id":"https:\/\/exceladvisor.org\/de\/#website"},"primaryImageOfPage":{"@id":"https:\/\/exceladvisor.org\/de\/addieren-subtrahieren-eines-prozentsatzes-von-einer-zahl\/#primaryimage"},"image":{"@id":"https:\/\/exceladvisor.org\/de\/addieren-subtrahieren-eines-prozentsatzes-von-einer-zahl\/#primaryimage"},"thumbnailUrl":"https:\/\/exceladvisor.org\/wp-content\/uploads\/2023\/08\/1-ajouter-soustraire-le-pourcentage-du-nombre.png","datePublished":"2023-11-04T13:24:15+00:00","dateModified":"2023-12-03T11:13:29+00:00","description":"In diesem Tutorial erfahren Sie, wie Sie Excel-Formeln schreiben, um einen bestimmten Prozentsatz zu einer Zahl zu addieren oder davon zu subtrahieren. Lassen Sie uns das \u00fcberpr\u00fcfen ...","breadcrumb":{"@id":"https:\/\/exceladvisor.org\/de\/addieren-subtrahieren-eines-prozentsatzes-von-einer-zahl\/#breadcrumb"},"inLanguage":"de","potentialAction":[{"@type":"ReadAction","target":["https:\/\/exceladvisor.org\/de\/addieren-subtrahieren-eines-prozentsatzes-von-einer-zahl\/"]}]},{"@type":"ImageObject","inLanguage":"de","@id":"https:\/\/exceladvisor.org\/de\/addieren-subtrahieren-eines-prozentsatzes-von-einer-zahl\/#primaryimage","url":"https:\/\/exceladvisor.org\/wp-content\/uploads\/2023\/08\/1-ajouter-soustraire-le-pourcentage-du-nombre.png","contentUrl":"https:\/\/exceladvisor.org\/wp-content\/uploads\/2023\/08\/1-ajouter-soustraire-le-pourcentage-du-nombre.png"},{"@type":"BreadcrumbList","@id":"https:\/\/exceladvisor.org\/de\/addieren-subtrahieren-eines-prozentsatzes-von-einer-zahl\/#breadcrumb","itemListElement":[{"@type":"ListItem","position":1,"name":"Accueil","item":"https:\/\/exceladvisor.org\/de\/"},{"@type":"ListItem","position":2,"name":"Wie addiere\/subtrahiere ich einen prozentsatz zu einer zahl?"}]},{"@type":"WebSite","@id":"https:\/\/exceladvisor.org\/de\/#website","url":"https:\/\/exceladvisor.org\/de\/","name":"Excel Advisor","description":"Ihr Leitfaden zur Datendominanz","publisher":{"@id":"https:\/\/exceladvisor.org\/de\/#organization"},"potentialAction":[{"@type":"SearchAction","target":{"@type":"EntryPoint","urlTemplate":"https:\/\/exceladvisor.org\/de\/?s={search_term_string}"},"query-input":{"@type":"PropertyValueSpecification","valueRequired":true,"valueName":"search_term_string"}}],"inLanguage":"de"},{"@type":"Organization","@id":"https:\/\/exceladvisor.org\/de\/#organization","name":"Excel Advisor","url":"https:\/\/exceladvisor.org\/de\/","logo":{"@type":"ImageObject","inLanguage":"de","@id":"https:\/\/exceladvisor.org\/de\/#\/schema\/logo\/image\/","url":"https:\/\/exceladvisor.org\/de\/wp-content\/uploads\/2023\/11\/exceladvisor.org_.png","contentUrl":"https:\/\/exceladvisor.org\/de\/wp-content\/uploads\/2023\/11\/exceladvisor.org_.png","width":105,"height":36,"caption":"Excel Advisor"},"image":{"@id":"https:\/\/exceladvisor.org\/de\/#\/schema\/logo\/image\/"}}]}},"yoast_meta":{"yoast_wpseo_title":"","yoast_wpseo_metadesc":"","yoast_wpseo_canonical":""},"_links":{"self":[{"href":"https:\/\/exceladvisor.org\/de\/wp-json\/wp\/v2\/pages\/3287","targetHints":{"allow":["GET"]}}],"collection":[{"href":"https:\/\/exceladvisor.org\/de\/wp-json\/wp\/v2\/pages"}],"about":[{"href":"https:\/\/exceladvisor.org\/de\/wp-json\/wp\/v2\/types\/page"}],"author":[{"embeddable":true,"href":"https:\/\/exceladvisor.org\/de\/wp-json\/wp\/v2\/users\/1"}],"replies":[{"embeddable":true,"href":"https:\/\/exceladvisor.org\/de\/wp-json\/wp\/v2\/comments?post=3287"}],"version-history":[{"count":1,"href":"https:\/\/exceladvisor.org\/de\/wp-json\/wp\/v2\/pages\/3287\/revisions"}],"predecessor-version":[{"id":3837,"href":"https:\/\/exceladvisor.org\/de\/wp-json\/wp\/v2\/pages\/3287\/revisions\/3837"}],"wp:attachment":[{"href":"https:\/\/exceladvisor.org\/de\/wp-json\/wp\/v2\/media?parent=3287"}],"curies":[{"name":"wp","href":"https:\/\/api.w.org\/{rel}","templated":true}]}}