{"id":3290,"date":"2023-11-04T03:04:03","date_gmt":"2023-11-04T03:04:03","guid":{"rendered":"https:\/\/exceladvisor.org\/de\/vergleiche-kanale-2\/"},"modified":"2023-12-03T13:06:21","modified_gmt":"2023-12-03T13:06:21","slug":"vergleiche-kanale-2","status":"publish","type":"page","link":"https:\/\/exceladvisor.org\/de\/vergleiche-kanale-2\/","title":{"rendered":"Zwei zeichenfolgen (text) in excel vergleichen?"},"content":{"rendered":"<div class=\"excel-vor-dem-inhalt\" id=\"excel-1248157904\"><script type=\"text\/javascript\">\r\n\tatOptions = {\r\n\t\t'key' : 'c1158f160081d6540a8409e6925dab94',\r\n\t\t'format' : 'iframe',\r\n\t\t'height' : 250,\r\n\t\t'width' : 300,\r\n\t\t'params' : {}\r\n\t};\r\n<\/script>\r\n<script type=\"text\/javascript\" src=\"\/\/www.highperformanceformat.com\/c1158f160081d6540a8409e6925dab94\/invoke.js\"><\/script><\/div> <p>In Excel k\u00f6nnen Sie zwei Zeichenfolgen miteinander vergleichen, indem Sie zwei Methoden anwenden:<\/p><ul><li> Sensibler Fall<\/li><li> Nicht zwischen Gro\u00df- und Kleinschreibung unterscheiden<\/li><\/ul><p> In diesem Tutorial lernen wir, wie man eine Formel f\u00fcr Methoden schreibt.<\/p><h2 class=\"wp-block-heading\"> Vergleichen Sie zwei Zeichenfolgen mit einer \u00dcbereinstimmung ohne Ber\u00fccksichtigung der Gro\u00df- und Kleinschreibung<\/h2><ol type=\"1\"><li> Geben Sie zun\u00e4chst das Zeichen (=) in eine Zelle ein.<\/li><li> Beziehen Sie sich auf die Zelle mit dem ersten Wert.<\/li><li> Geben Sie erneut ein (=).<\/li><li> Beziehen Sie sich auf die Zelle mit dem zweiten Wert.<\/li><li> Dr\u00fccken Sie am Ende die Eingabetaste, um das Ergebnis zu erhalten.<\/li><\/ol><p> Sie k\u00f6nnen im obigen Beispiel sehen; In der ersten Zelle steht \u201eExcel\u201c und in der zweiten Zelle \u201eEXCEL\u201c. Die beiden Werte sind identisch; Der einzige Unterschied ist der Fall. Und im Ergebnis haben wir WAHR.<\/p><p> Wie gesagt, diese Formel ber\u00fccksichtigt beim Vergleich nicht die Gro\u00df-\/Kleinschreibung des Textes.<\/p><pre class=\"wp-block-code\"> <code class=\"language-excel-formula\" lang=\"excel-formula\">=text1 = text2<\/code><\/pre><h2 class=\"wp-block-heading\"> Vergleichen Sie zwei Zeichenfolgen mit Gro\u00df- und Kleinschreibung<\/h2><p> Wenn Sie beim Matching aber auch die Gro\u00df-\/Kleinschreibung ber\u00fccksichtigen m\u00f6chten, k\u00f6nnen Sie die Funktion EXACT verwenden.<\/p><ol type=\"1\"><li> Geben Sie die Funktion EXACT in eine Zelle ein.<\/li><li> Beziehen Sie sich auf die Zelle mit dem ersten Wert.<\/li><li> Geben Sie ein Komma ein.<\/li><li> Beziehen Sie sich auf die Zelle mit dem zweiten Wert.<\/li><li> Schlie\u00dfen Sie die Funktion und dr\u00fccken Sie die Eingabetaste, um das Ergebnis zu erhalten. <\/li><\/ol><div class=\"wp-block-image\"><figure class=\"aligncenter size-full is-resized\"><img loading=\"lazy\" decoding=\"async\" class=\"wp-image-83614\" src=\"https:\/\/exceladvisor.org\/wp-content\/uploads\/2023\/08\/2-comparer-correspondance-sensible-a-la-casse.png\" sizes=\"auto, \" srcset=\"\" alt=\"Bei der Vergleichs\u00fcbereinstimmung wird die Gro\u00df-\/Kleinschreibung beachtet\" width=\"654\" height=\"314\"><\/figure><\/div><p> Im obigen Beispiel haben wir in allen Zellen die gleichen Werte, aber Sie haben TRUE, wobei der Wert bei \u00dcbereinstimmung mit der Gro\u00df-\/Kleinschreibung gleich ist.<\/p><h2 class=\"wp-block-heading\"> Verwenden Sie IF, um zwei Texte zu vergleichen<\/h2><p> Sie k\u00f6nnen IF auch mit den beiden oben besprochenen Methoden kombinieren. <\/p><div class=\"wp-block-image\"><figure class=\"aligncenter size-full is-resized\"><img loading=\"lazy\" decoding=\"async\" class=\"wp-image-83615\" src=\"https:\/\/exceladvisor.org\/wp-content\/uploads\/2023\/08\/3-si-comparer-deux-textes.png\" sizes=\"auto, \" srcset=\"\" alt=\"wenn-um-zwei-texte-zu-vergleichen\" width=\"624\" height=\"185\"><\/figure><\/div><pre class=\"wp-block-code\"> <code class=\"language-excel-formula\" lang=\"excel-formula\">=IF(A1=B1,\"Yes\",\"No\")<\/code><\/pre><pre class=\"wp-block-code\"> <code class=\"language-excel-formula\" lang=\"excel-formula\">=IF(EXACT(A2,B2),\"Yes\",\"No\")<\/code><\/pre><div class=\"gb-container gb-container-52dfcee1 gb-container-sample-file\"><h2 class=\"gb-headline gb-headline-e289c143 gb-headline-text gb-headline-4f7959c2\"> Holen Sie sich die Excel-Datei<\/h2> <a class=\"gb-button gb-button-e88d6bee gb-button-text gb-button-button1\" href=\"https:\/\/exceladvisor.org\/wp-content\/uploads\/2023\/11\/comparer-des-chaines.xlsx\" rel=\"nofollow\">Herunterladen<\/a><\/div><div class=\"gb-container gb-container-0df56012 gb-container-mt\"> <a class=\"gb-button gb-button-f9f432f4 gb-button-text gb-button-mt-button\" href=\"https:\/\/exceladvisor.org\/de\/formeln\/\">Liste der Excel-Formeln<\/a><h2 class=\"gb-headline gb-headline-233444e8 gb-headline-text gb-headline-mt-heading\"> Verwandte Formeln <\/h2><div class=\"gb-grid-wrapper gb-grid-wrapper-a16fa65c gb-grid-wrapper-mt-grid\"><div class=\"gb-grid-column gb-grid-column-50d07e0d\"><div class=\"gb-container gb-container-50d07e0d\"><ul><li> <a href=\"https:\/\/exceladvisor.org\/de\/horizontaler-filter\/\">Erstellen Sie in Excel einen horizontalen Filter<\/a><\/li><li> <a href=\"https:\/\/exceladvisor.org\/de\/bewertung-in-sternen\/\">Erstellen Sie eine Sternebewertungsvorlage in Excel<\/a><\/li><li> <a href=\"https:\/\/exceladvisor.org\/de\/dateinamen-abrufen\/\">Dateinamen in Excel abrufen<\/a><\/li><li> <a href=\"https:\/\/exceladvisor.org\/de\/holen-sie-sich-den-blattnamen\/\">Blattnamen in Excel abrufen<\/a><\/li><li> <a href=\"https:\/\/exceladvisor.org\/de\/generiere-zufallige-buchstaben\/\">Generieren Sie schnell zuf\u00e4llige Buchstaben in Excel<\/a><\/li><\/ul><\/div><\/div><\/div><\/div>","protected":false},"excerpt":{"rendered":"","protected":false},"author":1,"featured_media":0,"parent":0,"menu_order":0,"comment_status":"open","ping_status":"closed","template":"","meta":{"ub_ctt_via":"","footnotes":""},"class_list":["post-3290","page","type-page","status-publish","hentry"],"featured_image_src":null,"yoast_head":"<!-- This site is optimized with the Yoast SEO plugin v25.4 - https:\/\/yoast.com\/wordpress\/plugins\/seo\/ -->\n<title>\u25b7 Zwei Zeichenfolgen (Text) in Excel vergleichen? (Tutorial 2023)<\/title>\n<meta name=\"description\" content=\"In diesem Tutorial erfahren Sie, wie Sie eine Excel-Formel schreiben, um Schleppketten miteinander zu vergleichen. Lassen Sie uns das \u00fcberpr\u00fcfen ...\" \/>\n<meta name=\"robots\" content=\"index, follow, max-snippet:-1, max-image-preview:large, max-video-preview:-1\" \/>\n<link rel=\"canonical\" href=\"https:\/\/exceladvisor.org\/de\/vergleiche-kanale-2\/\" \/>\n<meta property=\"og:locale\" content=\"de_DE\" \/>\n<meta property=\"og:type\" content=\"article\" \/>\n<meta property=\"og:title\" content=\"\u25b7 Zwei Zeichenfolgen (Text) in Excel vergleichen? (Tutorial 2023)\" \/>\n<meta property=\"og:description\" content=\"In diesem Tutorial erfahren Sie, wie Sie eine Excel-Formel schreiben, um Schleppketten miteinander zu vergleichen. Lassen Sie uns das \u00fcberpr\u00fcfen ...\" \/>\n<meta property=\"og:url\" content=\"https:\/\/exceladvisor.org\/de\/vergleiche-kanale-2\/\" \/>\n<meta property=\"og:site_name\" content=\"Excel Advisor\" \/>\n<meta property=\"article:modified_time\" content=\"2023-12-03T13:06:21+00:00\" \/>\n<meta property=\"og:image\" content=\"https:\/\/exceladvisor.org\/wp-content\/uploads\/2023\/08\/2-comparer-correspondance-sensible-a-la-casse.png\" \/>\n<meta name=\"twitter:card\" content=\"summary_large_image\" \/>\n<meta name=\"twitter:label1\" content=\"Gesch\u00e4tzte Lesezeit\" \/>\n\t<meta name=\"twitter:data1\" content=\"2\u00a0Minuten\" \/>\n<script type=\"application\/ld+json\" class=\"yoast-schema-graph\">{\"@context\":\"https:\/\/schema.org\",\"@graph\":[{\"@type\":\"WebPage\",\"@id\":\"https:\/\/exceladvisor.org\/de\/vergleiche-kanale-2\/\",\"url\":\"https:\/\/exceladvisor.org\/de\/vergleiche-kanale-2\/\",\"name\":\"\u25b7 Zwei Zeichenfolgen (Text) in Excel vergleichen? (Tutorial 2023)\",\"isPartOf\":{\"@id\":\"https:\/\/exceladvisor.org\/de\/#website\"},\"primaryImageOfPage\":{\"@id\":\"https:\/\/exceladvisor.org\/de\/vergleiche-kanale-2\/#primaryimage\"},\"image\":{\"@id\":\"https:\/\/exceladvisor.org\/de\/vergleiche-kanale-2\/#primaryimage\"},\"thumbnailUrl\":\"https:\/\/exceladvisor.org\/wp-content\/uploads\/2023\/08\/2-comparer-correspondance-sensible-a-la-casse.png\",\"datePublished\":\"2023-11-04T03:04:03+00:00\",\"dateModified\":\"2023-12-03T13:06:21+00:00\",\"description\":\"In diesem Tutorial erfahren Sie, wie Sie eine Excel-Formel schreiben, um Schleppketten miteinander zu vergleichen. Lassen Sie uns das \u00fcberpr\u00fcfen ...\",\"breadcrumb\":{\"@id\":\"https:\/\/exceladvisor.org\/de\/vergleiche-kanale-2\/#breadcrumb\"},\"inLanguage\":\"de\",\"potentialAction\":[{\"@type\":\"ReadAction\",\"target\":[\"https:\/\/exceladvisor.org\/de\/vergleiche-kanale-2\/\"]}]},{\"@type\":\"ImageObject\",\"inLanguage\":\"de\",\"@id\":\"https:\/\/exceladvisor.org\/de\/vergleiche-kanale-2\/#primaryimage\",\"url\":\"https:\/\/exceladvisor.org\/wp-content\/uploads\/2023\/08\/2-comparer-correspondance-sensible-a-la-casse.png\",\"contentUrl\":\"https:\/\/exceladvisor.org\/wp-content\/uploads\/2023\/08\/2-comparer-correspondance-sensible-a-la-casse.png\"},{\"@type\":\"BreadcrumbList\",\"@id\":\"https:\/\/exceladvisor.org\/de\/vergleiche-kanale-2\/#breadcrumb\",\"itemListElement\":[{\"@type\":\"ListItem\",\"position\":1,\"name\":\"Accueil\",\"item\":\"https:\/\/exceladvisor.org\/de\/\"},{\"@type\":\"ListItem\",\"position\":2,\"name\":\"Zwei zeichenfolgen (text) in excel vergleichen?\"}]},{\"@type\":\"WebSite\",\"@id\":\"https:\/\/exceladvisor.org\/de\/#website\",\"url\":\"https:\/\/exceladvisor.org\/de\/\",\"name\":\"Excel Advisor\",\"description\":\"Ihr Leitfaden zur Datendominanz\",\"publisher\":{\"@id\":\"https:\/\/exceladvisor.org\/de\/#organization\"},\"potentialAction\":[{\"@type\":\"SearchAction\",\"target\":{\"@type\":\"EntryPoint\",\"urlTemplate\":\"https:\/\/exceladvisor.org\/de\/?s={search_term_string}\"},\"query-input\":{\"@type\":\"PropertyValueSpecification\",\"valueRequired\":true,\"valueName\":\"search_term_string\"}}],\"inLanguage\":\"de\"},{\"@type\":\"Organization\",\"@id\":\"https:\/\/exceladvisor.org\/de\/#organization\",\"name\":\"Excel Advisor\",\"url\":\"https:\/\/exceladvisor.org\/de\/\",\"logo\":{\"@type\":\"ImageObject\",\"inLanguage\":\"de\",\"@id\":\"https:\/\/exceladvisor.org\/de\/#\/schema\/logo\/image\/\",\"url\":\"https:\/\/exceladvisor.org\/de\/wp-content\/uploads\/2023\/11\/exceladvisor.org_.png\",\"contentUrl\":\"https:\/\/exceladvisor.org\/de\/wp-content\/uploads\/2023\/11\/exceladvisor.org_.png\",\"width\":105,\"height\":36,\"caption\":\"Excel Advisor\"},\"image\":{\"@id\":\"https:\/\/exceladvisor.org\/de\/#\/schema\/logo\/image\/\"}}]}<\/script>\n<!-- \/ Yoast SEO plugin. -->","yoast_head_json":{"title":"\u25b7 Zwei Zeichenfolgen (Text) in Excel vergleichen? (Tutorial 2023)","description":"In diesem Tutorial erfahren Sie, wie Sie eine Excel-Formel schreiben, um Schleppketten miteinander zu vergleichen. Lassen Sie uns das \u00fcberpr\u00fcfen ...","robots":{"index":"index","follow":"follow","max-snippet":"max-snippet:-1","max-image-preview":"max-image-preview:large","max-video-preview":"max-video-preview:-1"},"canonical":"https:\/\/exceladvisor.org\/de\/vergleiche-kanale-2\/","og_locale":"de_DE","og_type":"article","og_title":"\u25b7 Zwei Zeichenfolgen (Text) in Excel vergleichen? (Tutorial 2023)","og_description":"In diesem Tutorial erfahren Sie, wie Sie eine Excel-Formel schreiben, um Schleppketten miteinander zu vergleichen. Lassen Sie uns das \u00fcberpr\u00fcfen ...","og_url":"https:\/\/exceladvisor.org\/de\/vergleiche-kanale-2\/","og_site_name":"Excel Advisor","article_modified_time":"2023-12-03T13:06:21+00:00","og_image":[{"url":"https:\/\/exceladvisor.org\/wp-content\/uploads\/2023\/08\/2-comparer-correspondance-sensible-a-la-casse.png","type":"","width":"","height":""}],"twitter_card":"summary_large_image","twitter_misc":{"Gesch\u00e4tzte Lesezeit":"2\u00a0Minuten"},"schema":{"@context":"https:\/\/schema.org","@graph":[{"@type":"WebPage","@id":"https:\/\/exceladvisor.org\/de\/vergleiche-kanale-2\/","url":"https:\/\/exceladvisor.org\/de\/vergleiche-kanale-2\/","name":"\u25b7 Zwei Zeichenfolgen (Text) in Excel vergleichen? (Tutorial 2023)","isPartOf":{"@id":"https:\/\/exceladvisor.org\/de\/#website"},"primaryImageOfPage":{"@id":"https:\/\/exceladvisor.org\/de\/vergleiche-kanale-2\/#primaryimage"},"image":{"@id":"https:\/\/exceladvisor.org\/de\/vergleiche-kanale-2\/#primaryimage"},"thumbnailUrl":"https:\/\/exceladvisor.org\/wp-content\/uploads\/2023\/08\/2-comparer-correspondance-sensible-a-la-casse.png","datePublished":"2023-11-04T03:04:03+00:00","dateModified":"2023-12-03T13:06:21+00:00","description":"In diesem Tutorial erfahren Sie, wie Sie eine Excel-Formel schreiben, um Schleppketten miteinander zu vergleichen. Lassen Sie uns das \u00fcberpr\u00fcfen ...","breadcrumb":{"@id":"https:\/\/exceladvisor.org\/de\/vergleiche-kanale-2\/#breadcrumb"},"inLanguage":"de","potentialAction":[{"@type":"ReadAction","target":["https:\/\/exceladvisor.org\/de\/vergleiche-kanale-2\/"]}]},{"@type":"ImageObject","inLanguage":"de","@id":"https:\/\/exceladvisor.org\/de\/vergleiche-kanale-2\/#primaryimage","url":"https:\/\/exceladvisor.org\/wp-content\/uploads\/2023\/08\/2-comparer-correspondance-sensible-a-la-casse.png","contentUrl":"https:\/\/exceladvisor.org\/wp-content\/uploads\/2023\/08\/2-comparer-correspondance-sensible-a-la-casse.png"},{"@type":"BreadcrumbList","@id":"https:\/\/exceladvisor.org\/de\/vergleiche-kanale-2\/#breadcrumb","itemListElement":[{"@type":"ListItem","position":1,"name":"Accueil","item":"https:\/\/exceladvisor.org\/de\/"},{"@type":"ListItem","position":2,"name":"Zwei zeichenfolgen (text) in excel vergleichen?"}]},{"@type":"WebSite","@id":"https:\/\/exceladvisor.org\/de\/#website","url":"https:\/\/exceladvisor.org\/de\/","name":"Excel Advisor","description":"Ihr Leitfaden zur Datendominanz","publisher":{"@id":"https:\/\/exceladvisor.org\/de\/#organization"},"potentialAction":[{"@type":"SearchAction","target":{"@type":"EntryPoint","urlTemplate":"https:\/\/exceladvisor.org\/de\/?s={search_term_string}"},"query-input":{"@type":"PropertyValueSpecification","valueRequired":true,"valueName":"search_term_string"}}],"inLanguage":"de"},{"@type":"Organization","@id":"https:\/\/exceladvisor.org\/de\/#organization","name":"Excel Advisor","url":"https:\/\/exceladvisor.org\/de\/","logo":{"@type":"ImageObject","inLanguage":"de","@id":"https:\/\/exceladvisor.org\/de\/#\/schema\/logo\/image\/","url":"https:\/\/exceladvisor.org\/de\/wp-content\/uploads\/2023\/11\/exceladvisor.org_.png","contentUrl":"https:\/\/exceladvisor.org\/de\/wp-content\/uploads\/2023\/11\/exceladvisor.org_.png","width":105,"height":36,"caption":"Excel Advisor"},"image":{"@id":"https:\/\/exceladvisor.org\/de\/#\/schema\/logo\/image\/"}}]}},"yoast_meta":{"yoast_wpseo_title":"","yoast_wpseo_metadesc":"","yoast_wpseo_canonical":""},"_links":{"self":[{"href":"https:\/\/exceladvisor.org\/de\/wp-json\/wp\/v2\/pages\/3290","targetHints":{"allow":["GET"]}}],"collection":[{"href":"https:\/\/exceladvisor.org\/de\/wp-json\/wp\/v2\/pages"}],"about":[{"href":"https:\/\/exceladvisor.org\/de\/wp-json\/wp\/v2\/types\/page"}],"author":[{"embeddable":true,"href":"https:\/\/exceladvisor.org\/de\/wp-json\/wp\/v2\/users\/1"}],"replies":[{"embeddable":true,"href":"https:\/\/exceladvisor.org\/de\/wp-json\/wp\/v2\/comments?post=3290"}],"version-history":[{"count":1,"href":"https:\/\/exceladvisor.org\/de\/wp-json\/wp\/v2\/pages\/3290\/revisions"}],"predecessor-version":[{"id":4449,"href":"https:\/\/exceladvisor.org\/de\/wp-json\/wp\/v2\/pages\/3290\/revisions\/4449"}],"wp:attachment":[{"href":"https:\/\/exceladvisor.org\/de\/wp-json\/wp\/v2\/media?parent=3290"}],"curies":[{"name":"wp","href":"https:\/\/api.w.org\/{rel}","templated":true}]}}