{"id":3291,"date":"2023-11-04T02:35:45","date_gmt":"2023-11-04T02:35:45","guid":{"rendered":"https:\/\/exceladvisor.org\/de\/horizontaler-filter\/"},"modified":"2023-12-03T11:19:54","modified_gmt":"2023-12-03T11:19:54","slug":"horizontaler-filter","status":"publish","type":"page","link":"https:\/\/exceladvisor.org\/de\/horizontaler-filter\/","title":{"rendered":"Wie erstelle ich einen horizontalen filter in excel?"},"content":{"rendered":"<div class=\"excel-vor-dem-inhalt\" id=\"excel-3769039846\"><script type=\"text\/javascript\">\r\n\tatOptions = {\r\n\t\t'key' : 'c1158f160081d6540a8409e6925dab94',\r\n\t\t'format' : 'iframe',\r\n\t\t'height' : 250,\r\n\t\t'width' : 300,\r\n\t\t'params' : {}\r\n\t};\r\n<\/script>\r\n<script type=\"text\/javascript\" src=\"\/\/www.highperformanceformat.com\/c1158f160081d6540a8409e6925dab94\/invoke.js\"><\/script><\/div> <p>Um einen Filter horizontal in Excel zu verwenden, m\u00fcssen Sie die Funktion FILTER verwenden, mit der Sie eine Tabelle basierend auf Kriterien filtern k\u00f6nnen, die Sie in der Funktion angeben. Sie k\u00f6nnen eine Tabelle angeben und dann anhand des Zeilennamens die zu filternden Kriterien angeben.<\/p><p> Im folgenden Beispiel haben Sie einen kleinen Datensatz, in dem Sie den Namen und das Alter in horizontaler Form haben (\u00dcberschriften sind in Zeilen). Jetzt m\u00fcssen wir die Daten nach dem Alter filtern, wenn das Alter \u00fcber 45 Jahre liegt. <\/p><div class=\"wp-block-image\"><figure class=\"aligncenter size-full is-resized\"><img loading=\"lazy\" decoding=\"async\" class=\"wp-image-69883\" src=\"https:\/\/exceladvisor.org\/wp-content\/uploads\/2023\/08\/1-donnees-sous-forme-horizontale.png\" sizes=\"auto, \" srcset=\"\" alt=\"Daten in horizontaler Form\" width=\"740\" height=\"390\"><\/figure><\/div><p> Hier haben wir einen Gesamtnamen und ein Alter von 40 Personen, was bedeutet, dass der Bereich, den wir mit Namen und Alter haben, A1:AO2 ist. In welchen Zellen A1 und B1 die \u00dcberschriften sind.<\/p><h2 class=\"wp-block-heading\"> Schritte zum Anwenden des horizontalen Filters in Excel<\/h2><ol type=\"1\"><li> Beginnen Sie in Zelle D2 mit dem Hinzuf\u00fcgen der Filterfunktion.<\/li><li> Von hier aus verweisen wir im ersten Argument auf den Bereich B2:AO2, in dem wir die tats\u00e4chlichen Daten haben, die wir filtern m\u00fcssen.<\/li><li> Beziehen Sie sich nun im zweiten Argument auf den Bereich, in dem wir den Alterswert haben.<\/li><li> Geben Sie als N\u00e4chstes den Operator \u201egr\u00f6\u00dfer als\u201c und \u201egleich\u201c ein.<\/li><li> Geben Sie anschlie\u00dfend die 45 ein, die wir als Kriterium verwenden m\u00f6chten.<\/li><li> Im dritten Argument k\u00f6nnen Sie einen Wert angeben, der f\u00fcr Zellen verwendet werden soll, in denen kein Wert vorhanden ist.<\/li><li> Geben Sie am Ende schlie\u00dfende Klammern ein und dr\u00fccken Sie die Eingabetaste, um die gefilterten Daten zu erhalten. <\/li><\/ol><div class=\"wp-block-image\"><figure class=\"aligncenter size-full is-resized\"><img loading=\"lazy\" decoding=\"async\" class=\"wp-image-69884\" src=\"https:\/\/exceladvisor.org\/wp-content\/uploads\/2023\/08\/2-appliquer-le-filtre-horizontal.png\" sizes=\"auto, \" srcset=\"\" alt=\"Apply-Filter-Horizontal\" width=\"734\" height=\"407\"><\/figure><\/div><p> Wie Sie sehen, haben wir Daten aus den Originaldaten gefiltert, die wir in horizontaler Form haben.<\/p><pre class=\"wp-block-code\"> <code class=\"language-excel-formula\" lang=\"excel-formula\">=FILTER(B1:AO2,B2:AO2&gt;=45)<\/code><\/pre><h2 class=\"wp-block-heading\"> Wie funktioniert diese Formel?<\/h2><p> Bevor wir versuchen, diese Formel zu verstehen, m\u00fcssen wir wissen, dass FILTER eine DYNAMISCHE Funktion ist, die es Ihnen erm\u00f6glicht, mit mehreren Werten gleichzeitig in einer einzigen Formel zu arbeiten und dann Werte in mehreren Zellen zur\u00fcckzugeben.<\/p><p> Um dies zu verstehen, teilen wir diese Funktion nun in zwei Teile auf: <\/p><div class=\"wp-block-image\"><figure class=\"aligncenter size-full is-resized\"><img loading=\"lazy\" decoding=\"async\" class=\"wp-image-69885\" src=\"https:\/\/exceladvisor.org\/wp-content\/uploads\/2023\/08\/3-comment-fonctionne-le-filtre-horizontal.png\" sizes=\"auto, \" srcset=\"\" alt=\"wie-der-horizontale-filter-funktioniert\" width=\"713\" height=\"376\"><\/figure><\/div><p> Im ersten Teil haben wir uns auf den gesamten Bereich bezogen, in dem wir den Namen und das Alter angegeben haben, n\u00e4mlich B1:AO2. Wenn Sie darauf verweisen, wird Excel angewiesen, zwei verschiedene Tabellen zu verwenden, da wir die Zeilen A und B haben.<\/p><p> Im zweiten Teil haben wir uns nun nur auf die Altersspalte bezogen und damit eine zu testende Bedingung angegeben, die gleich und gr\u00f6\u00dfer als 45 ist.<\/p><p> Die ganze Magie dieser Funktion liegt nun in diesem Teil. Wenn Sie eine Bedingung zum Filtern angeben, wird jeder Wert in der Altersspalte getestet. <\/p><div class=\"wp-block-image\"><figure class=\"aligncenter size-full is-resized\"><img loading=\"lazy\" decoding=\"async\" class=\"wp-image-69886\" src=\"https:\/\/exceladvisor.org\/wp-content\/uploads\/2023\/08\/4-tests-de-filtre-horizontaux-pour-chaque-valeur.png\" sizes=\"auto, \" srcset=\"\" alt=\"Der horizontale Filter testet jeden Wert\" width=\"771\" height=\"303\"><\/figure><\/div><p> Beim Testen werden in der Altersspalte nur drei Werte gefunden, die gr\u00f6\u00dfer oder gleich 45 sind. Und dies teilt der FILTER-Funktion mit, dass es drei Werte gibt, die wir filtern m\u00fcssen.<\/p><p> Wie gesagt, dies ist eine dynamische Funktion bei der Auswahl einer der Zellen aus dem hervorgehobenen gefilterten Datensatz. <\/p><div class=\"wp-block-image\"><figure class=\"aligncenter size-full is-resized\"><img loading=\"lazy\" decoding=\"async\" class=\"wp-image-69887\" src=\"https:\/\/exceladvisor.org\/wp-content\/uploads\/2023\/08\/5-filtres-dynamiques-horizontaux.png\" sizes=\"auto, \" srcset=\"\" alt=\"horizontaler dynamischer Filter\" width=\"667\" height=\"280\"><\/figure><\/div><p> Sie k\u00f6nnen auch noch einen Schritt weiter gehen und die Daten transponieren, die horizontalen Daten filtern und sie mithilfe der Transponierungsfunktion in vertikale Daten transponieren. <\/p><div class=\"wp-block-image\"><figure class=\"aligncenter size-full is-resized\"><img loading=\"lazy\" decoding=\"async\" class=\"wp-image-69888\" src=\"https:\/\/exceladvisor.org\/wp-content\/uploads\/2023\/08\/6-donnees-de-filtrage-et-de-transponse.png\" sizes=\"auto, \" srcset=\"\" alt=\"Filter-und-Transponierungsdaten\" width=\"641\" height=\"442\"><\/figure><\/div><p> Sie m\u00fcssen lediglich die Filterfunktion in die Transponierungsfunktion einbinden. <\/p><div class=\"gb-container gb-container-52dfcee1 gb-container-sample-file\"><h2 class=\"gb-headline gb-headline-e289c143 gb-headline-text gb-headline-4f7959c2\"> Holen Sie sich die Excel-Datei<\/h2> <a class=\"gb-button gb-button-e88d6bee gb-button-text gb-button-button1\" href=\"https:\/\/exceladvisor.org\/wp-content\/uploads\/2023\/11\/filtre-horizontal-2.xlsx\" rel=\"nofollow\">Herunterladen<\/a><\/div><div class=\"gb-container gb-container-0df56012 gb-container-mt\"> <a class=\"gb-button gb-button-f9f432f4 gb-button-text gb-button-mt-button\" href=\"https:\/\/exceladvisor.org\/de\/formeln\/\">Liste der Excel-Formeln<\/a><h2 class=\"gb-headline gb-headline-233444e8 gb-headline-text gb-headline-mt-heading\"> Verwandte Formeln <\/h2><div class=\"gb-grid-wrapper gb-grid-wrapper-a16fa65c gb-grid-wrapper-mt-grid\"><div class=\"gb-grid-column gb-grid-column-50d07e0d\"><div class=\"gb-container gb-container-50d07e0d\"><ul><li> <a href=\"https:\/\/exceladvisor.org\/de\/bewertung-in-sternen\/\">Erstellen Sie eine Sternebewertungsvorlage in Excel<\/a><\/li><li> <a href=\"https:\/\/exceladvisor.org\/de\/dateinamen-abrufen\/\">Dateinamen in Excel abrufen<\/a><\/li><li> <a href=\"https:\/\/exceladvisor.org\/de\/holen-sie-sich-den-blattnamen\/\">Blattnamen in Excel abrufen<\/a><\/li><li> <a href=\"https:\/\/exceladvisor.org\/de\/generiere-zufallige-buchstaben\/\">Generieren Sie schnell zuf\u00e4llige Buchstaben in Excel<\/a><\/li><li> <a href=\"https:\/\/exceladvisor.org\/de\/randomisieren-sie-die-liste\/\">Randomisieren Sie eine Liste (zuf\u00e4llige Sortierung) in Excel<\/a><\/li><\/ul><\/div><\/div><\/div><\/div>","protected":false},"excerpt":{"rendered":"","protected":false},"author":1,"featured_media":0,"parent":0,"menu_order":0,"comment_status":"open","ping_status":"closed","template":"","meta":{"ub_ctt_via":"","footnotes":""},"class_list":["post-3291","page","type-page","status-publish","hentry"],"featured_image_src":null,"yoast_head":"<!-- This site is optimized with the Yoast SEO plugin v25.4 - https:\/\/yoast.com\/wordpress\/plugins\/seo\/ -->\n<title>Wie erstelle ich einen horizontalen Filter in Excel? - Excel-Berater<\/title>\n<meta name=\"description\" content=\"In diesem Tutorial erfahren Sie, wie Sie eine Formel erstellen, die Ihnen bei der Anwendung eines horizontalen Filters helfen kann\" \/>\n<meta name=\"robots\" content=\"index, follow, max-snippet:-1, max-image-preview:large, max-video-preview:-1\" \/>\n<link rel=\"canonical\" href=\"https:\/\/exceladvisor.org\/de\/horizontaler-filter\/\" \/>\n<meta property=\"og:locale\" content=\"de_DE\" \/>\n<meta property=\"og:type\" content=\"article\" \/>\n<meta property=\"og:title\" content=\"Wie erstelle ich einen horizontalen Filter in Excel? - Excel-Berater\" \/>\n<meta property=\"og:description\" content=\"In diesem Tutorial erfahren Sie, wie Sie eine Formel erstellen, die Ihnen bei der Anwendung eines horizontalen Filters helfen kann\" \/>\n<meta property=\"og:url\" content=\"https:\/\/exceladvisor.org\/de\/horizontaler-filter\/\" \/>\n<meta property=\"og:site_name\" content=\"Excel Advisor\" \/>\n<meta property=\"article:modified_time\" content=\"2023-12-03T11:19:54+00:00\" \/>\n<meta property=\"og:image\" content=\"https:\/\/exceladvisor.org\/wp-content\/uploads\/2023\/08\/1-donnees-sous-forme-horizontale.png\" \/>\n<meta name=\"twitter:card\" content=\"summary_large_image\" \/>\n<meta name=\"twitter:label1\" content=\"Gesch\u00e4tzte Lesezeit\" \/>\n\t<meta name=\"twitter:data1\" content=\"3\u00a0Minuten\" \/>\n<script type=\"application\/ld+json\" class=\"yoast-schema-graph\">{\"@context\":\"https:\/\/schema.org\",\"@graph\":[{\"@type\":\"WebPage\",\"@id\":\"https:\/\/exceladvisor.org\/de\/horizontaler-filter\/\",\"url\":\"https:\/\/exceladvisor.org\/de\/horizontaler-filter\/\",\"name\":\"Wie erstelle ich einen horizontalen Filter in Excel? - Excel-Berater\",\"isPartOf\":{\"@id\":\"https:\/\/exceladvisor.org\/de\/#website\"},\"primaryImageOfPage\":{\"@id\":\"https:\/\/exceladvisor.org\/de\/horizontaler-filter\/#primaryimage\"},\"image\":{\"@id\":\"https:\/\/exceladvisor.org\/de\/horizontaler-filter\/#primaryimage\"},\"thumbnailUrl\":\"https:\/\/exceladvisor.org\/wp-content\/uploads\/2023\/08\/1-donnees-sous-forme-horizontale.png\",\"datePublished\":\"2023-11-04T02:35:45+00:00\",\"dateModified\":\"2023-12-03T11:19:54+00:00\",\"description\":\"In diesem Tutorial erfahren Sie, wie Sie eine Formel erstellen, die Ihnen bei der Anwendung eines horizontalen Filters helfen kann\",\"breadcrumb\":{\"@id\":\"https:\/\/exceladvisor.org\/de\/horizontaler-filter\/#breadcrumb\"},\"inLanguage\":\"de\",\"potentialAction\":[{\"@type\":\"ReadAction\",\"target\":[\"https:\/\/exceladvisor.org\/de\/horizontaler-filter\/\"]}]},{\"@type\":\"ImageObject\",\"inLanguage\":\"de\",\"@id\":\"https:\/\/exceladvisor.org\/de\/horizontaler-filter\/#primaryimage\",\"url\":\"https:\/\/exceladvisor.org\/wp-content\/uploads\/2023\/08\/1-donnees-sous-forme-horizontale.png\",\"contentUrl\":\"https:\/\/exceladvisor.org\/wp-content\/uploads\/2023\/08\/1-donnees-sous-forme-horizontale.png\"},{\"@type\":\"BreadcrumbList\",\"@id\":\"https:\/\/exceladvisor.org\/de\/horizontaler-filter\/#breadcrumb\",\"itemListElement\":[{\"@type\":\"ListItem\",\"position\":1,\"name\":\"Accueil\",\"item\":\"https:\/\/exceladvisor.org\/de\/\"},{\"@type\":\"ListItem\",\"position\":2,\"name\":\"Wie erstelle ich einen horizontalen filter in excel?\"}]},{\"@type\":\"WebSite\",\"@id\":\"https:\/\/exceladvisor.org\/de\/#website\",\"url\":\"https:\/\/exceladvisor.org\/de\/\",\"name\":\"Excel Advisor\",\"description\":\"Ihr Leitfaden zur Datendominanz\",\"publisher\":{\"@id\":\"https:\/\/exceladvisor.org\/de\/#organization\"},\"potentialAction\":[{\"@type\":\"SearchAction\",\"target\":{\"@type\":\"EntryPoint\",\"urlTemplate\":\"https:\/\/exceladvisor.org\/de\/?s={search_term_string}\"},\"query-input\":{\"@type\":\"PropertyValueSpecification\",\"valueRequired\":true,\"valueName\":\"search_term_string\"}}],\"inLanguage\":\"de\"},{\"@type\":\"Organization\",\"@id\":\"https:\/\/exceladvisor.org\/de\/#organization\",\"name\":\"Excel Advisor\",\"url\":\"https:\/\/exceladvisor.org\/de\/\",\"logo\":{\"@type\":\"ImageObject\",\"inLanguage\":\"de\",\"@id\":\"https:\/\/exceladvisor.org\/de\/#\/schema\/logo\/image\/\",\"url\":\"https:\/\/exceladvisor.org\/de\/wp-content\/uploads\/2023\/11\/exceladvisor.org_.png\",\"contentUrl\":\"https:\/\/exceladvisor.org\/de\/wp-content\/uploads\/2023\/11\/exceladvisor.org_.png\",\"width\":105,\"height\":36,\"caption\":\"Excel Advisor\"},\"image\":{\"@id\":\"https:\/\/exceladvisor.org\/de\/#\/schema\/logo\/image\/\"}}]}<\/script>\n<!-- \/ Yoast SEO plugin. -->","yoast_head_json":{"title":"Wie erstelle ich einen horizontalen Filter in Excel? - Excel-Berater","description":"In diesem Tutorial erfahren Sie, wie Sie eine Formel erstellen, die Ihnen bei der Anwendung eines horizontalen Filters helfen kann","robots":{"index":"index","follow":"follow","max-snippet":"max-snippet:-1","max-image-preview":"max-image-preview:large","max-video-preview":"max-video-preview:-1"},"canonical":"https:\/\/exceladvisor.org\/de\/horizontaler-filter\/","og_locale":"de_DE","og_type":"article","og_title":"Wie erstelle ich einen horizontalen Filter in Excel? - Excel-Berater","og_description":"In diesem Tutorial erfahren Sie, wie Sie eine Formel erstellen, die Ihnen bei der Anwendung eines horizontalen Filters helfen kann","og_url":"https:\/\/exceladvisor.org\/de\/horizontaler-filter\/","og_site_name":"Excel Advisor","article_modified_time":"2023-12-03T11:19:54+00:00","og_image":[{"url":"https:\/\/exceladvisor.org\/wp-content\/uploads\/2023\/08\/1-donnees-sous-forme-horizontale.png","type":"","width":"","height":""}],"twitter_card":"summary_large_image","twitter_misc":{"Gesch\u00e4tzte Lesezeit":"3\u00a0Minuten"},"schema":{"@context":"https:\/\/schema.org","@graph":[{"@type":"WebPage","@id":"https:\/\/exceladvisor.org\/de\/horizontaler-filter\/","url":"https:\/\/exceladvisor.org\/de\/horizontaler-filter\/","name":"Wie erstelle ich einen horizontalen Filter in Excel? - Excel-Berater","isPartOf":{"@id":"https:\/\/exceladvisor.org\/de\/#website"},"primaryImageOfPage":{"@id":"https:\/\/exceladvisor.org\/de\/horizontaler-filter\/#primaryimage"},"image":{"@id":"https:\/\/exceladvisor.org\/de\/horizontaler-filter\/#primaryimage"},"thumbnailUrl":"https:\/\/exceladvisor.org\/wp-content\/uploads\/2023\/08\/1-donnees-sous-forme-horizontale.png","datePublished":"2023-11-04T02:35:45+00:00","dateModified":"2023-12-03T11:19:54+00:00","description":"In diesem Tutorial erfahren Sie, wie Sie eine Formel erstellen, die Ihnen bei der Anwendung eines horizontalen Filters helfen kann","breadcrumb":{"@id":"https:\/\/exceladvisor.org\/de\/horizontaler-filter\/#breadcrumb"},"inLanguage":"de","potentialAction":[{"@type":"ReadAction","target":["https:\/\/exceladvisor.org\/de\/horizontaler-filter\/"]}]},{"@type":"ImageObject","inLanguage":"de","@id":"https:\/\/exceladvisor.org\/de\/horizontaler-filter\/#primaryimage","url":"https:\/\/exceladvisor.org\/wp-content\/uploads\/2023\/08\/1-donnees-sous-forme-horizontale.png","contentUrl":"https:\/\/exceladvisor.org\/wp-content\/uploads\/2023\/08\/1-donnees-sous-forme-horizontale.png"},{"@type":"BreadcrumbList","@id":"https:\/\/exceladvisor.org\/de\/horizontaler-filter\/#breadcrumb","itemListElement":[{"@type":"ListItem","position":1,"name":"Accueil","item":"https:\/\/exceladvisor.org\/de\/"},{"@type":"ListItem","position":2,"name":"Wie erstelle ich einen horizontalen filter in excel?"}]},{"@type":"WebSite","@id":"https:\/\/exceladvisor.org\/de\/#website","url":"https:\/\/exceladvisor.org\/de\/","name":"Excel Advisor","description":"Ihr Leitfaden zur Datendominanz","publisher":{"@id":"https:\/\/exceladvisor.org\/de\/#organization"},"potentialAction":[{"@type":"SearchAction","target":{"@type":"EntryPoint","urlTemplate":"https:\/\/exceladvisor.org\/de\/?s={search_term_string}"},"query-input":{"@type":"PropertyValueSpecification","valueRequired":true,"valueName":"search_term_string"}}],"inLanguage":"de"},{"@type":"Organization","@id":"https:\/\/exceladvisor.org\/de\/#organization","name":"Excel Advisor","url":"https:\/\/exceladvisor.org\/de\/","logo":{"@type":"ImageObject","inLanguage":"de","@id":"https:\/\/exceladvisor.org\/de\/#\/schema\/logo\/image\/","url":"https:\/\/exceladvisor.org\/de\/wp-content\/uploads\/2023\/11\/exceladvisor.org_.png","contentUrl":"https:\/\/exceladvisor.org\/de\/wp-content\/uploads\/2023\/11\/exceladvisor.org_.png","width":105,"height":36,"caption":"Excel Advisor"},"image":{"@id":"https:\/\/exceladvisor.org\/de\/#\/schema\/logo\/image\/"}}]}},"yoast_meta":{"yoast_wpseo_title":"","yoast_wpseo_metadesc":"","yoast_wpseo_canonical":""},"_links":{"self":[{"href":"https:\/\/exceladvisor.org\/de\/wp-json\/wp\/v2\/pages\/3291","targetHints":{"allow":["GET"]}}],"collection":[{"href":"https:\/\/exceladvisor.org\/de\/wp-json\/wp\/v2\/pages"}],"about":[{"href":"https:\/\/exceladvisor.org\/de\/wp-json\/wp\/v2\/types\/page"}],"author":[{"embeddable":true,"href":"https:\/\/exceladvisor.org\/de\/wp-json\/wp\/v2\/users\/1"}],"replies":[{"embeddable":true,"href":"https:\/\/exceladvisor.org\/de\/wp-json\/wp\/v2\/comments?post=3291"}],"version-history":[{"count":1,"href":"https:\/\/exceladvisor.org\/de\/wp-json\/wp\/v2\/pages\/3291\/revisions"}],"predecessor-version":[{"id":3974,"href":"https:\/\/exceladvisor.org\/de\/wp-json\/wp\/v2\/pages\/3291\/revisions\/3974"}],"wp:attachment":[{"href":"https:\/\/exceladvisor.org\/de\/wp-json\/wp\/v2\/media?parent=3291"}],"curies":[{"name":"wp","href":"https:\/\/api.w.org\/{rel}","templated":true}]}}