{"id":3292,"date":"2023-11-04T02:16:46","date_gmt":"2023-11-04T02:16:46","guid":{"rendered":"https:\/\/exceladvisor.org\/de\/randomisieren-sie-die-liste\/"},"modified":"2023-12-03T13:04:24","modified_gmt":"2023-12-03T13:04:24","slug":"randomisieren-sie-die-liste","status":"publish","type":"page","link":"https:\/\/exceladvisor.org\/de\/randomisieren-sie-die-liste\/","title":{"rendered":"Wie mischt man daten in excel?"},"content":{"rendered":"<div class=\"excel-vor-dem-inhalt\" id=\"excel-413172636\"><script type=\"text\/javascript\">\r\n\tatOptions = {\r\n\t\t'key' : 'c1158f160081d6540a8409e6925dab94',\r\n\t\t'format' : 'iframe',\r\n\t\t'height' : 250,\r\n\t\t'width' : 300,\r\n\t\t'params' : {}\r\n\t};\r\n<\/script>\r\n<script type=\"text\/javascript\" src=\"\/\/www.highperformanceformat.com\/c1158f160081d6540a8409e6925dab94\/invoke.js\"><\/script><\/div> <p>Das Randomisieren der Werteliste in Excel bedeutet, dass Sie die Daten zuf\u00e4llig sortieren k\u00f6nnen. Und daf\u00fcr m\u00fcssen Sie die RAND-Funktion von Excel und zus\u00e4tzlich die Sortierfunktion verwenden, die Sie zum Sortieren der Daten verwenden. RAND liefert Zufallswerte, die dabei helfen, diese Daten zuf\u00e4llig zu mischen.<\/p><p> Im folgenden Beispiel haben wir eine Liste mit Namen und m\u00fcssen diese Liste nun in zuf\u00e4lliger Reihenfolge sortieren. <\/p><div class=\"wp-block-image\"><figure class=\"aligncenter size-full is-resized\"><img loading=\"lazy\" decoding=\"async\" class=\"wp-image-69862\" src=\"https:\/\/exceladvisor.org\/wp-content\/uploads\/2023\/08\/1-liste-de-noms-2.png\" sizes=\"auto, \" srcset=\"\" alt=\"Namensliste\" width=\"480\" height=\"444\"><\/figure><\/div><h2 class=\"wp-block-heading\"> Schritte zum Randomisieren einer Liste in Excel (Randomisieren einer Liste)<\/h2><ol><li> Geben Sie zun\u00e4chst RAND() in Zelle B1 ein. Dadurch erhalten Sie eine Zufallszahl zwischen 0 und 1.<\/li><li> Dann m\u00fcssen Sie die Formel auf den Nachnamen ziehen, den Sie in der Liste haben. <br><img loading=\"lazy\" decoding=\"async\" title=\"2-zuf\u00e4llige Sortierung auf einer Liste\" src=\"https:\/\/exceladvisor.org\/wp-content\/uploads\/2023\/08\/2-trier-au-hasard-une-liste.png\" sizes=\"auto, \" srcset=\"\" alt=\"random-sort-a-list\" width=\"355\" height=\"374\"><\/li><li> Von dort aus m\u00fcssen Sie die Sortieroption unter DATEN \u279c SORTIEREN \u00f6ffnen. Oder Sie k\u00f6nnen die Tastenkombination (Alt \u279c A \u279c S \u279c S) verwenden. <br><img loading=\"lazy\" decoding=\"async\" title=\"Option 3 \u2013 offene Sortierung\" src=\"https:\/\/exceladvisor.org\/wp-content\/uploads\/2023\/08\/3-ouvrir-loption-de-tri.png\" sizes=\"auto, \" srcset=\"\" alt=\"open-the-sort-option\" width=\"696\" height=\"351\"><\/li><li> W\u00e4hlen Sie unter \u201eSortieren nach\u201c den Namen der Spalte aus, in der Sie Zufallswerte haben, und w\u00e4hlen Sie die gew\u00fcnschte Reihenfolge aus (dies macht keinen Unterschied, da wir nach einer Zufallssortierung suchen).<\/li><li> Klicken Sie am Ende auf OK.<\/li><\/ol><p> Und sobald Sie auf \u201eOK\u201c klicken, erhalten Sie eine zuf\u00e4llige Liste mit Namen (in zuf\u00e4lliger Reihenfolge sortiert). <\/p><div class=\"wp-block-image\"><figure class=\"aligncenter size-full is-resized\"><img loading=\"lazy\" decoding=\"async\" class=\"wp-image-69866\" src=\"https:\/\/exceladvisor.org\/wp-content\/uploads\/2023\/08\/Fonction-4-rands.png\" sizes=\"auto, \" srcset=\"\" alt=\"Rand-Funktion\" width=\"396\" height=\"369\"><\/figure><\/div><p> Nun gibt es eine Sache, die wir hier beachten m\u00fcssen. Die RAND-Funktion ist eine fl\u00fcchtige Funktion und \u00e4ndert sich jedes Mal, wenn Sie in Excel eine Neuberechnung durchf\u00fchren. Entweder k\u00f6nnen Sie diese Zufallswerte in reale Werte umwandeln, oder wenn Sie die Namen noch einmal sortieren m\u00f6chten, k\u00f6nnen Sie sie so belassen, wie sie sind.<\/p><h2 class=\"wp-block-heading\"> Zuf\u00e4llig sortierte Spalten<\/h2><p> Mit derselben Methode k\u00f6nnen Sie die Spalten auch in zuf\u00e4lliger Reihenfolge sortieren. Im folgenden Beispiel haben wir dieselbe Namensliste in mehreren Spalten und m\u00fcssen nun die Spalten in zuf\u00e4lliger Reihenfolge sortieren. <\/p><div class=\"wp-block-image\"><figure class=\"aligncenter size-full is-resized\"><img loading=\"lazy\" decoding=\"async\" class=\"wp-image-69867\" src=\"https:\/\/exceladvisor.org\/wp-content\/uploads\/2023\/08\/5-colonnes-de-tri-aleatoire.png\" sizes=\"auto, \" srcset=\"\" alt=\"Zuf\u00e4llige Sortierspalten\" width=\"823\" height=\"100\"><\/figure><\/div><p> Zuerst m\u00fcssen Sie eine Spalte mit Zufallszahlen erstellen, wie wir es bei der vorherigen Methode getan haben. <\/p><div class=\"wp-block-image\"><figure class=\"aligncenter size-full is-resized\"><img loading=\"lazy\" decoding=\"async\" class=\"wp-image-69868\" src=\"https:\/\/exceladvisor.org\/wp-content\/uploads\/2023\/08\/6-creer-une-colonne-de-nombres-aleatoires.png\" sizes=\"auto, \" srcset=\"\" alt=\"Erstelle eine Spalte mit Zufallszahlen\" width=\"833\" height=\"117\"><\/figure><\/div><p> Danach m\u00fcssen Sie den Datenbereich beider Zeilen ausw\u00e4hlen. <\/p><div class=\"wp-block-image\"><figure class=\"aligncenter size-full is-resized\"><img loading=\"lazy\" decoding=\"async\" class=\"wp-image-69869\" src=\"https:\/\/exceladvisor.org\/wp-content\/uploads\/2023\/08\/7-plages-de-donnees-selectionnees.png\" sizes=\"auto, \" srcset=\"\" alt=\"Datenbereiche ausw\u00e4hlen\" width=\"827\" height=\"82\"><\/figure><\/div><p> Als n\u00e4chstes \u00f6ffnen wir nun die Sortieroption. Klicken Sie in der Sortieroption auf die Schaltfl\u00e4che \u201eOPTIONEN\u201c, w\u00e4hlen Sie die Option \u201eVON LINKS NACH RECHTS SORTIEREN\u201c und klicken Sie dann auf \u201eOK\u201c. <\/p><div class=\"wp-block-image\"><figure class=\"aligncenter size-full is-resized\"><img loading=\"lazy\" decoding=\"async\" class=\"wp-image-69870\" src=\"https:\/\/exceladvisor.org\/wp-content\/uploads\/2023\/08\/8-ouvrir-loption-de-tri.png\" sizes=\"auto, \" srcset=\"\" alt=\"Sortieroption \u00f6ffnen\" width=\"603\" height=\"308\"><\/figure><\/div><p> W\u00e4hlen Sie nun im Dialogfeld \u201eSortieroptionen\u201c \u201eZeile1\u201c aus und klicken Sie am Ende auf \u201eOK\u201c. <\/p><div class=\"wp-block-image\"><figure class=\"aligncenter size-full is-resized\"><img loading=\"lazy\" decoding=\"async\" class=\"wp-image-69871\" src=\"https:\/\/exceladvisor.org\/wp-content\/uploads\/2023\/08\/9-selectionnez-la-ligne-une.png\" sizes=\"auto, \" srcset=\"\" alt=\"select-line-one\" width=\"599\" height=\"289\"><\/figure><\/div><p> Und sobald Sie auf \u201eOK\u201c klicken, werden die Spalten in zuf\u00e4lliger Reihenfolge sortiert. <\/p><div class=\"wp-block-image\"><figure class=\"aligncenter size-full is-resized\"><img loading=\"lazy\" decoding=\"async\" class=\"wp-image-69872\" src=\"https:\/\/exceladvisor.org\/wp-content\/uploads\/2023\/08\/10-obtenir-les-colonnes-triees.png\" sizes=\"auto, \" srcset=\"\" alt=\"get-columns-sorted\" width=\"821\" height=\"117\"><\/figure><\/div><p> So k\u00f6nnen Sie eine zuf\u00e4llige Werteliste in Excel mithilfe einer Zufallssortiermethode verwenden. <\/p><div class=\"gb-container gb-container-52dfcee1 gb-container-sample-file\"><h2 class=\"gb-headline gb-headline-e289c143 gb-headline-text gb-headline-4f7959c2\"> Holen Sie sich die Excel-Datei<\/h2> <a class=\"gb-button gb-button-e88d6bee gb-button-text gb-button-button1\" href=\"https:\/\/exceladvisor.org\/wp-content\/uploads\/2023\/08\/randomiser-la-liste-2.xlsx\" rel=\"nofollow\">Herunterladen<\/a><\/div><div class=\"gb-container gb-container-0df56012 gb-container-mt\"> <a class=\"gb-button gb-button-f9f432f4 gb-button-text gb-button-mt-button\" href=\"https:\/\/exceladvisor.org\/de\/formeln\/\">Liste der Excel-Formeln<\/a><h2 class=\"gb-headline gb-headline-233444e8 gb-headline-text gb-headline-mt-heading\"> Verwandte Formeln <\/h2><div class=\"gb-grid-wrapper gb-grid-wrapper-a16fa65c gb-grid-wrapper-mt-grid\"><div class=\"gb-grid-column gb-grid-column-50d07e0d\"><div class=\"gb-container gb-container-50d07e0d\"><ul><li> <a href=\"https:\/\/exceladvisor.org\/de\/horizontaler-filter\/\">Erstellen Sie in Excel einen horizontalen Filter<\/a><\/li><li> <a href=\"https:\/\/exceladvisor.org\/de\/bewertung-in-sternen\/\">Erstellen Sie eine Sternebewertungsvorlage in Excel<\/a><\/li><li> <a href=\"https:\/\/exceladvisor.org\/de\/dateinamen-abrufen\/\">Dateinamen in Excel abrufen<\/a><\/li><li> <a href=\"https:\/\/exceladvisor.org\/de\/holen-sie-sich-den-blattnamen\/\">Blattnamen in Excel abrufen<\/a><\/li><li> <a href=\"https:\/\/exceladvisor.org\/de\/generiere-zufallige-buchstaben\/\">Generieren Sie schnell zuf\u00e4llige Buchstaben in Excel<\/a> <\/li><\/ul><\/div><\/div><div class=\"gb-grid-column gb-grid-column-5b4a0cf9\"><div class=\"gb-container gb-container-5b4a0cf9\"><\/div><\/div><\/div><\/div>","protected":false},"excerpt":{"rendered":"","protected":false},"author":1,"featured_media":0,"parent":0,"menu_order":0,"comment_status":"open","ping_status":"closed","template":"","meta":{"ub_ctt_via":"","footnotes":""},"class_list":["post-3292","page","type-page","status-publish","hentry"],"featured_image_src":null,"yoast_head":"<!-- This site is optimized with the Yoast SEO plugin v25.4 - https:\/\/yoast.com\/wordpress\/plugins\/seo\/ -->\n<title>\u25b7 Wie mischt man Daten in Excel? - Excel-Berater<\/title>\n<meta name=\"description\" content=\"In diesem Tutorial erfahren Sie, wie Sie mithilfe der Optionen eine Liste randomisieren (die Daten mithilfe einer zuf\u00e4lligen Sortierung mischen).\" \/>\n<meta name=\"robots\" content=\"index, follow, max-snippet:-1, max-image-preview:large, max-video-preview:-1\" \/>\n<link rel=\"canonical\" href=\"https:\/\/exceladvisor.org\/de\/randomisieren-sie-die-liste\/\" \/>\n<meta property=\"og:locale\" content=\"de_DE\" \/>\n<meta property=\"og:type\" content=\"article\" \/>\n<meta property=\"og:title\" content=\"\u25b7 Wie mischt man Daten in Excel? - Excel-Berater\" \/>\n<meta property=\"og:description\" content=\"In diesem Tutorial erfahren Sie, wie Sie mithilfe der Optionen eine Liste randomisieren (die Daten mithilfe einer zuf\u00e4lligen Sortierung mischen).\" \/>\n<meta property=\"og:url\" content=\"https:\/\/exceladvisor.org\/de\/randomisieren-sie-die-liste\/\" \/>\n<meta property=\"og:site_name\" content=\"Excel Advisor\" \/>\n<meta property=\"article:modified_time\" content=\"2023-12-03T13:04:24+00:00\" \/>\n<meta property=\"og:image\" content=\"https:\/\/exceladvisor.org\/wp-content\/uploads\/2023\/08\/1-liste-de-noms-2.png\" \/>\n<meta name=\"twitter:card\" content=\"summary_large_image\" \/>\n<meta name=\"twitter:label1\" content=\"Gesch\u00e4tzte Lesezeit\" \/>\n\t<meta name=\"twitter:data1\" content=\"2\u00a0Minuten\" \/>\n<script type=\"application\/ld+json\" class=\"yoast-schema-graph\">{\"@context\":\"https:\/\/schema.org\",\"@graph\":[{\"@type\":\"WebPage\",\"@id\":\"https:\/\/exceladvisor.org\/de\/randomisieren-sie-die-liste\/\",\"url\":\"https:\/\/exceladvisor.org\/de\/randomisieren-sie-die-liste\/\",\"name\":\"\u25b7 Wie mischt man Daten in Excel? - Excel-Berater\",\"isPartOf\":{\"@id\":\"https:\/\/exceladvisor.org\/de\/#website\"},\"primaryImageOfPage\":{\"@id\":\"https:\/\/exceladvisor.org\/de\/randomisieren-sie-die-liste\/#primaryimage\"},\"image\":{\"@id\":\"https:\/\/exceladvisor.org\/de\/randomisieren-sie-die-liste\/#primaryimage\"},\"thumbnailUrl\":\"https:\/\/exceladvisor.org\/wp-content\/uploads\/2023\/08\/1-liste-de-noms-2.png\",\"datePublished\":\"2023-11-04T02:16:46+00:00\",\"dateModified\":\"2023-12-03T13:04:24+00:00\",\"description\":\"In diesem Tutorial erfahren Sie, wie Sie mithilfe der Optionen eine Liste randomisieren (die Daten mithilfe einer zuf\u00e4lligen Sortierung mischen).\",\"breadcrumb\":{\"@id\":\"https:\/\/exceladvisor.org\/de\/randomisieren-sie-die-liste\/#breadcrumb\"},\"inLanguage\":\"de\",\"potentialAction\":[{\"@type\":\"ReadAction\",\"target\":[\"https:\/\/exceladvisor.org\/de\/randomisieren-sie-die-liste\/\"]}]},{\"@type\":\"ImageObject\",\"inLanguage\":\"de\",\"@id\":\"https:\/\/exceladvisor.org\/de\/randomisieren-sie-die-liste\/#primaryimage\",\"url\":\"https:\/\/exceladvisor.org\/wp-content\/uploads\/2023\/08\/1-liste-de-noms-2.png\",\"contentUrl\":\"https:\/\/exceladvisor.org\/wp-content\/uploads\/2023\/08\/1-liste-de-noms-2.png\"},{\"@type\":\"BreadcrumbList\",\"@id\":\"https:\/\/exceladvisor.org\/de\/randomisieren-sie-die-liste\/#breadcrumb\",\"itemListElement\":[{\"@type\":\"ListItem\",\"position\":1,\"name\":\"Accueil\",\"item\":\"https:\/\/exceladvisor.org\/de\/\"},{\"@type\":\"ListItem\",\"position\":2,\"name\":\"Wie mischt man daten in excel?\"}]},{\"@type\":\"WebSite\",\"@id\":\"https:\/\/exceladvisor.org\/de\/#website\",\"url\":\"https:\/\/exceladvisor.org\/de\/\",\"name\":\"Excel Advisor\",\"description\":\"Ihr Leitfaden zur Datendominanz\",\"publisher\":{\"@id\":\"https:\/\/exceladvisor.org\/de\/#organization\"},\"potentialAction\":[{\"@type\":\"SearchAction\",\"target\":{\"@type\":\"EntryPoint\",\"urlTemplate\":\"https:\/\/exceladvisor.org\/de\/?s={search_term_string}\"},\"query-input\":{\"@type\":\"PropertyValueSpecification\",\"valueRequired\":true,\"valueName\":\"search_term_string\"}}],\"inLanguage\":\"de\"},{\"@type\":\"Organization\",\"@id\":\"https:\/\/exceladvisor.org\/de\/#organization\",\"name\":\"Excel Advisor\",\"url\":\"https:\/\/exceladvisor.org\/de\/\",\"logo\":{\"@type\":\"ImageObject\",\"inLanguage\":\"de\",\"@id\":\"https:\/\/exceladvisor.org\/de\/#\/schema\/logo\/image\/\",\"url\":\"https:\/\/exceladvisor.org\/de\/wp-content\/uploads\/2023\/11\/exceladvisor.org_.png\",\"contentUrl\":\"https:\/\/exceladvisor.org\/de\/wp-content\/uploads\/2023\/11\/exceladvisor.org_.png\",\"width\":105,\"height\":36,\"caption\":\"Excel Advisor\"},\"image\":{\"@id\":\"https:\/\/exceladvisor.org\/de\/#\/schema\/logo\/image\/\"}}]}<\/script>\n<!-- \/ Yoast SEO plugin. -->","yoast_head_json":{"title":"\u25b7 Wie mischt man Daten in Excel? - Excel-Berater","description":"In diesem Tutorial erfahren Sie, wie Sie mithilfe der Optionen eine Liste randomisieren (die Daten mithilfe einer zuf\u00e4lligen Sortierung mischen).","robots":{"index":"index","follow":"follow","max-snippet":"max-snippet:-1","max-image-preview":"max-image-preview:large","max-video-preview":"max-video-preview:-1"},"canonical":"https:\/\/exceladvisor.org\/de\/randomisieren-sie-die-liste\/","og_locale":"de_DE","og_type":"article","og_title":"\u25b7 Wie mischt man Daten in Excel? - Excel-Berater","og_description":"In diesem Tutorial erfahren Sie, wie Sie mithilfe der Optionen eine Liste randomisieren (die Daten mithilfe einer zuf\u00e4lligen Sortierung mischen).","og_url":"https:\/\/exceladvisor.org\/de\/randomisieren-sie-die-liste\/","og_site_name":"Excel Advisor","article_modified_time":"2023-12-03T13:04:24+00:00","og_image":[{"url":"https:\/\/exceladvisor.org\/wp-content\/uploads\/2023\/08\/1-liste-de-noms-2.png","type":"","width":"","height":""}],"twitter_card":"summary_large_image","twitter_misc":{"Gesch\u00e4tzte Lesezeit":"2\u00a0Minuten"},"schema":{"@context":"https:\/\/schema.org","@graph":[{"@type":"WebPage","@id":"https:\/\/exceladvisor.org\/de\/randomisieren-sie-die-liste\/","url":"https:\/\/exceladvisor.org\/de\/randomisieren-sie-die-liste\/","name":"\u25b7 Wie mischt man Daten in Excel? - Excel-Berater","isPartOf":{"@id":"https:\/\/exceladvisor.org\/de\/#website"},"primaryImageOfPage":{"@id":"https:\/\/exceladvisor.org\/de\/randomisieren-sie-die-liste\/#primaryimage"},"image":{"@id":"https:\/\/exceladvisor.org\/de\/randomisieren-sie-die-liste\/#primaryimage"},"thumbnailUrl":"https:\/\/exceladvisor.org\/wp-content\/uploads\/2023\/08\/1-liste-de-noms-2.png","datePublished":"2023-11-04T02:16:46+00:00","dateModified":"2023-12-03T13:04:24+00:00","description":"In diesem Tutorial erfahren Sie, wie Sie mithilfe der Optionen eine Liste randomisieren (die Daten mithilfe einer zuf\u00e4lligen Sortierung mischen).","breadcrumb":{"@id":"https:\/\/exceladvisor.org\/de\/randomisieren-sie-die-liste\/#breadcrumb"},"inLanguage":"de","potentialAction":[{"@type":"ReadAction","target":["https:\/\/exceladvisor.org\/de\/randomisieren-sie-die-liste\/"]}]},{"@type":"ImageObject","inLanguage":"de","@id":"https:\/\/exceladvisor.org\/de\/randomisieren-sie-die-liste\/#primaryimage","url":"https:\/\/exceladvisor.org\/wp-content\/uploads\/2023\/08\/1-liste-de-noms-2.png","contentUrl":"https:\/\/exceladvisor.org\/wp-content\/uploads\/2023\/08\/1-liste-de-noms-2.png"},{"@type":"BreadcrumbList","@id":"https:\/\/exceladvisor.org\/de\/randomisieren-sie-die-liste\/#breadcrumb","itemListElement":[{"@type":"ListItem","position":1,"name":"Accueil","item":"https:\/\/exceladvisor.org\/de\/"},{"@type":"ListItem","position":2,"name":"Wie mischt man daten in excel?"}]},{"@type":"WebSite","@id":"https:\/\/exceladvisor.org\/de\/#website","url":"https:\/\/exceladvisor.org\/de\/","name":"Excel Advisor","description":"Ihr Leitfaden zur Datendominanz","publisher":{"@id":"https:\/\/exceladvisor.org\/de\/#organization"},"potentialAction":[{"@type":"SearchAction","target":{"@type":"EntryPoint","urlTemplate":"https:\/\/exceladvisor.org\/de\/?s={search_term_string}"},"query-input":{"@type":"PropertyValueSpecification","valueRequired":true,"valueName":"search_term_string"}}],"inLanguage":"de"},{"@type":"Organization","@id":"https:\/\/exceladvisor.org\/de\/#organization","name":"Excel Advisor","url":"https:\/\/exceladvisor.org\/de\/","logo":{"@type":"ImageObject","inLanguage":"de","@id":"https:\/\/exceladvisor.org\/de\/#\/schema\/logo\/image\/","url":"https:\/\/exceladvisor.org\/de\/wp-content\/uploads\/2023\/11\/exceladvisor.org_.png","contentUrl":"https:\/\/exceladvisor.org\/de\/wp-content\/uploads\/2023\/11\/exceladvisor.org_.png","width":105,"height":36,"caption":"Excel Advisor"},"image":{"@id":"https:\/\/exceladvisor.org\/de\/#\/schema\/logo\/image\/"}}]}},"yoast_meta":{"yoast_wpseo_title":"","yoast_wpseo_metadesc":"","yoast_wpseo_canonical":""},"_links":{"self":[{"href":"https:\/\/exceladvisor.org\/de\/wp-json\/wp\/v2\/pages\/3292","targetHints":{"allow":["GET"]}}],"collection":[{"href":"https:\/\/exceladvisor.org\/de\/wp-json\/wp\/v2\/pages"}],"about":[{"href":"https:\/\/exceladvisor.org\/de\/wp-json\/wp\/v2\/types\/page"}],"author":[{"embeddable":true,"href":"https:\/\/exceladvisor.org\/de\/wp-json\/wp\/v2\/users\/1"}],"replies":[{"embeddable":true,"href":"https:\/\/exceladvisor.org\/de\/wp-json\/wp\/v2\/comments?post=3292"}],"version-history":[{"count":1,"href":"https:\/\/exceladvisor.org\/de\/wp-json\/wp\/v2\/pages\/3292\/revisions"}],"predecessor-version":[{"id":4154,"href":"https:\/\/exceladvisor.org\/de\/wp-json\/wp\/v2\/pages\/3292\/revisions\/4154"}],"wp:attachment":[{"href":"https:\/\/exceladvisor.org\/de\/wp-json\/wp\/v2\/media?parent=3292"}],"curies":[{"name":"wp","href":"https:\/\/api.w.org\/{rel}","templated":true}]}}