{"id":3293,"date":"2023-11-04T01:51:44","date_gmt":"2023-11-04T01:51:44","guid":{"rendered":"https:\/\/exceladvisor.org\/de\/monat-zwischen-zwei-daten\/"},"modified":"2023-12-03T13:05:53","modified_gmt":"2023-12-03T13:05:53","slug":"monat-zwischen-zwei-daten","status":"publish","type":"page","link":"https:\/\/exceladvisor.org\/de\/monat-zwischen-zwei-daten\/","title":{"rendered":"Wie z\u00e4hle ich monate zwischen zwei daten in excel?"},"content":{"rendered":"<div class=\"excel-vor-dem-inhalt\" id=\"excel-2776624161\"><script type=\"text\/javascript\">\r\n\tatOptions = {\r\n\t\t'key' : 'c1158f160081d6540a8409e6925dab94',\r\n\t\t'format' : 'iframe',\r\n\t\t'height' : 250,\r\n\t\t'width' : 300,\r\n\t\t'params' : {}\r\n\t};\r\n<\/script>\r\n<script type=\"text\/javascript\" src=\"\/\/www.highperformanceformat.com\/c1158f160081d6540a8409e6925dab94\/invoke.js\"><\/script><\/div> <p>Um in Excel die Anzahl der Monate zwischen zwei Daten zu ermitteln, verwenden Sie am besten die Funktion DATEDIF. In dieser Funktion m\u00fcssen Sie das Startdatum und das Enddatum angeben. Anschlie\u00dfend m\u00fcssen Sie noch die Einheit angeben, in der Sie das Ergebnis erhalten m\u00f6chten.<\/p><p> Im folgenden Beispiel haben wir zwei Datumsangaben in den Zellen A2 und B2. <\/p><div class=\"wp-block-image\"><figure class=\"aligncenter size-full is-resized\"><img loading=\"lazy\" decoding=\"async\" class=\"wp-image-69850\" src=\"https:\/\/exceladvisor.org\/wp-content\/uploads\/2023\/08\/1-deux-dates-dans-les-cellules.png\" sizes=\"auto, \" srcset=\"\" alt=\"Zwei-Daten-in-Zellen\" width=\"419\" height=\"319\"><\/figure><\/div><h2 class=\"wp-block-heading\"> Formel zum Ermitteln von Monaten zwischen zwei Daten (DATEDIF)<\/h2><ol type=\"1\"><li> Geben Sie zun\u00e4chst in Zelle C2 die Funktion DATEDIF ein.<\/li><li> Beziehen Sie sich anschlie\u00dfend im ersten Argument auf Zelle A2, in der Sie das Startdatum haben.<\/li><li> Dann beziehen Sie sich im zweiten Argument auf B2, wo Sie das Enddatum haben.<\/li><li> Geben Sie nun im dritten Argument \u201em\u201c ein.<\/li><li> Dr\u00fccken Sie am Ende die Eingabetaste, um das Ergebnis zu erhalten. <\/li><\/ol><div class=\"wp-block-image\"><figure class=\"aligncenter size-full is-resized\"><img loading=\"lazy\" decoding=\"async\" class=\"wp-image-69851\" src=\"https:\/\/exceladvisor.org\/wp-content\/uploads\/2023\/08\/2-dates-si-formule.png\" sizes=\"auto, \" srcset=\"\" alt=\"dateif-Formel\" width=\"463\" height=\"302\"><\/figure><\/div><p> Hier sehen Sie, dass Sie im Ergebnis 11 haben, was korrekt ist, da zwischen M\u00e4rz 2021 und Februar 2022 11 Monate liegen.<\/p><pre class=\"wp-block-code\"> <code class=\"language-excel-formula\" lang=\"excel-formula\">=DATEDIF(A2,B2,\"m\")<\/code><\/pre><p> Wie Sie bei der Eingabe der DATEDIF-Funktion gesehen haben, zeigt Excel die Funktion nicht an und Sie finden diese Funktion nicht in der Liste der Funktionen in der Liste. Weitere Informationen zu DATEDIF finden Sie hier. Sie k\u00f6nnen DATEDIF auch verwenden, um Monate und Tage getrennt, jedoch in einer einzigen Zelle anzuzeigen. <\/p><div class=\"wp-block-image\"><figure class=\"aligncenter size-full is-resized\"><img loading=\"lazy\" decoding=\"async\" class=\"wp-image-69852\" src=\"https:\/\/exceladvisor.org\/wp-content\/uploads\/2023\/08\/3-dates-pour-afficher-les-mois-jours-separement.png\" sizes=\"auto, \" srcset=\"\" alt=\"dateif-um-Monat-Tage-separat anzuzeigen\" width=\"720\" height=\"355\"><\/figure><\/div><p> In der Formel oben haben wir DATEDIF zweimal verwendet, um Monate und dann Tage zu erhalten, und dann die beiden Formeln verkettet, um ein vollst\u00e4ndiges Ergebnis zu erhalten.<\/p><h2 class=\"wp-block-heading\"> Monat zwischen zwei Daten mit YEARFRAC<\/h2><p> Es kann vorkommen, dass wir die Monate zwischen zwei Daten z\u00e4hlen m\u00fcssen, aber wir m\u00fcssen auch die Tage ber\u00fccksichtigen, die nach dem Ende der Monate verbleiben. In diesem Fall ist es am besten, die YEARFRAC-Funktion zu verwenden.<\/p><p> In YEARFRAC m\u00fcssen Sie im ersten Argument das Startdatum und anschlie\u00dfend im zweiten Argument das Enddatum angeben. Und danach verwenden Sie das Sternchenzeichen, um es mit 12 zu multiplizieren.<\/p><p> Sobald Sie nun die Eingabetaste dr\u00fccken, erhalten Sie die Gesamtzahl der Monate zwischen diesen beiden Daten als ganze Zahlen und die Tage als Dezimalzahlen. <\/p><div class=\"wp-block-image\"><figure class=\"aligncenter size-full is-resized\"><img loading=\"lazy\" decoding=\"async\" class=\"wp-image-69853\" src=\"https:\/\/exceladvisor.org\/wp-content\/uploads\/2023\/08\/Fonction-frac-de-4-ans.png\" sizes=\"auto, \" srcset=\"\" alt=\"Yearfrac-Funktion\" width=\"495\" height=\"266\"><\/figure><\/div><p> Im obigen Beispiel haben wir den 1. M\u00e4rz 2021 als Startdatum und den 23. Februar 2022 als Enddatum. Wenn ich jetzt YEARFRAC verwende, wird 11,73 zur\u00fcckgegeben, wobei 11 die Anzahl der Monate und 0,73 der Dezimalwert ist, der die 23 Tage des Monats Februar darstellt.<\/p><p> Wenn Sie das Ergebnis runden m\u00f6chten, k\u00f6nnen Sie diese Formel mit der Rundungsfunktion umschlie\u00dfen. <\/p><div class=\"wp-block-image\"><figure class=\"aligncenter size-full is-resized\"><img loading=\"lazy\" decoding=\"async\" class=\"wp-image-69854\" src=\"https:\/\/exceladvisor.org\/wp-content\/uploads\/2023\/08\/5-tours-avec-fonction-yearfrac.png\" sizes=\"auto, \" srcset=\"\" alt=\"Round-with-Year-Frac-Funktion\" width=\"608\" height=\"287\"><\/figure><\/div><h2 class=\"wp-block-heading\"> Verwenden Sie die Funktion JAHR + MONAT, um den Monat zwischen zwei Daten zu ermitteln<\/h2><p> Es gibt eine andere Methode, mit der Sie die Monatsanzahl zwischen zwei Daten ermitteln k\u00f6nnen. Durch die Kombination der Funktionen JAHR und MONAT k\u00f6nnen Sie die folgende Formel erstellen, die Monate zur\u00fcckgibt. <\/p><pre class=\"wp-block-code\"> <code class=\"language-excel-formula\" lang=\"excel-formula\">=(YEAR(B2)-YEAR(A2))*12+MONTH(B2)-MONTH(A2)<\/code><\/pre><div class=\"wp-block-image\"><figure class=\"aligncenter size-full is-resized\"><img loading=\"lazy\" decoding=\"async\" class=\"wp-image-69855\" src=\"https:\/\/exceladvisor.org\/wp-content\/uploads\/2023\/08\/Fonction-6-ans-plus-mois.png\" sizes=\"auto, \" srcset=\"\" alt=\"Jahr-plus-Monat-Funktion\" width=\"672\" height=\"292\"><\/figure><\/div><p> Um diese Funktion zu verstehen, m\u00fcssen Sie sie in zwei Teile unterteilen:<\/p><p> Im ersten Teil, wo wir die Jahresfunktion haben, nimmt sie das Jahr des Enddatums, dann das Jahr des Startdatums und multipliziert es dann mit zw\u00f6lf. Dieser Teil gibt die Anzahl der Monate zur\u00fcck, die zwischen den Daten liegen. <\/p><div class=\"wp-block-image\"><figure class=\"aligncenter size-full is-resized\"><img loading=\"lazy\" decoding=\"async\" class=\"wp-image-69856\" src=\"https:\/\/exceladvisor.org\/wp-content\/uploads\/2023\/08\/7-premiere-partie-de-la-fonction.png\" sizes=\"auto, \" srcset=\"\" alt=\"erster Teil der Funktion\" width=\"583\" height=\"308\"><\/figure><\/div><p> Dieser Teil der Formel macht nur dann einen Unterschied, wenn Sie Datumsangaben mit unterschiedlichen Jahren haben und beide Datumsangaben die gleichen Jahre haben. Dann macht dieser Teil keinen Unterschied bei der Berechnung. Wie Sie sehen, haben wir 2021 und 2022 und das Ergebnis, das dieser Teil der Formel liefert, ist 12.<\/p><p> Im zweiten Teil ziehen wir den Monat vom Enddatum vom Monat vom Startdatum ab. Und dieser Teil ignoriert auch die Tage, auf die wir Zugriff haben. <\/p><div class=\"wp-block-image\"><figure class=\"aligncenter size-full is-resized\"><img loading=\"lazy\" decoding=\"async\" class=\"wp-image-69857\" src=\"https:\/\/exceladvisor.org\/wp-content\/uploads\/2023\/08\/8-deuxieme-partie-de-fonction.png\" sizes=\"auto, \" srcset=\"\" alt=\"zweiter Teil der Funktion\" width=\"560\" height=\"318\"><\/figure><\/div><p> Wenn wir also den M\u00e4rz (3) vom Februar (2) abziehen, erhalten wir im Ergebnis -1.<\/p><p> Danach wird am Ende -1 von den 12 abgezogen und wir erhalten 11, was der Gesamtzahl der Monate entspricht, die zwischen den beiden Daten liegen. Wenn Sie mich fragen, welche Methode mir am besten gef\u00e4llt, w\u00fcrde ich DATEDIF sagen, die einfach zu verwenden und f\u00fcr den Benutzer leicht zu verstehen ist. <\/p><div class=\"gb-container gb-container-52dfcee1 gb-container-sample-file\"><h2 class=\"gb-headline gb-headline-e289c143 gb-headline-text gb-headline-4f7959c2\"> Holen Sie sich die Excel-Datei<\/h2><p> <a class=\"gb-button gb-button-e88d6bee gb-button-text gb-button-button1\" href=\"https:\/\/exceladvisor.org\/wp-content\/uploads\/2023\/08\/mois-entre-les-dates.xlsx\" rel=\"nofollow\">Herunterladen<\/a><\/p><\/div><div class=\"gb-container gb-container-0df56012 gb-container-mt\"> <a class=\"gb-button gb-button-f9f432f4 gb-button-text gb-button-mt-button\" href=\"https:\/\/exceladvisor.org\/de\/formeln\/\">Liste der Excel-Formeln<\/a><h2 class=\"gb-headline gb-headline-233444e8 gb-headline-text gb-headline-mt-heading\"> Verwandte Formeln <\/h2><div class=\"gb-grid-wrapper gb-grid-wrapper-a16fa65c gb-grid-wrapper-mt-grid\"><div class=\"gb-grid-column gb-grid-column-50d07e0d\"><div class=\"gb-container gb-container-50d07e0d\"><ul><li> <a href=\"https:\/\/exceladvisor.org\/de\/einem-datum-einen-monat-hinzufugen-2\/\">F\u00fcgen Sie einem Datum in Excel einen Monat hinzu<\/a><\/li><li> <a href=\"https:\/\/exceladvisor.org\/de\/ende-des-monats\/\">Holen Sie sich das Enddatum des Monats in Excel<\/a><\/li><li> <a href=\"https:\/\/exceladvisor.org\/de\/erster-tag-des-2.-monats\/\">Erhalten Sie den ersten Tag des Monats in Excel (Monatsanfang)<\/a><\/li><li> <a href=\"https:\/\/exceladvisor.org\/de\/name-des-monats\/\">Monat aus einem Datum in Excel abrufen (Auszug)<\/a><\/li><li> <a href=\"https:\/\/exceladvisor.org\/de\/quartal\/\">Erhalten Sie ein Quartal aus einem Datum [Gesch\u00e4fts + Kalender] in Excel<\/a> <\/li><\/ul><\/div><\/div><div class=\"gb-grid-column gb-grid-column-5b4a0cf9\"><div class=\"gb-container gb-container-5b4a0cf9\"><\/div><\/div><\/div><\/div>","protected":false},"excerpt":{"rendered":"","protected":false},"author":1,"featured_media":0,"parent":0,"menu_order":0,"comment_status":"open","ping_status":"closed","template":"","meta":{"ub_ctt_via":"","footnotes":""},"class_list":["post-3293","page","type-page","status-publish","hentry"],"featured_image_src":null,"yoast_head":"<!-- This site is optimized with the Yoast SEO plugin v25.4 - https:\/\/yoast.com\/wordpress\/plugins\/seo\/ -->\n<title>\u25b7 Wie z\u00e4hle ich Monate zwischen zwei Daten in Excel?<\/title>\n<meta name=\"description\" content=\"In diesem Tutorial lernen wir, wie man eine Formel schreibt, um die Anzahl der Monate zu ermitteln, die zwischen zwei Daten verbleiben\" \/>\n<meta name=\"robots\" content=\"index, follow, max-snippet:-1, max-image-preview:large, max-video-preview:-1\" \/>\n<link rel=\"canonical\" href=\"https:\/\/exceladvisor.org\/de\/monat-zwischen-zwei-daten\/\" \/>\n<meta property=\"og:locale\" content=\"de_DE\" \/>\n<meta property=\"og:type\" content=\"article\" \/>\n<meta property=\"og:title\" content=\"\u25b7 Wie z\u00e4hle ich Monate zwischen zwei Daten in Excel?\" \/>\n<meta property=\"og:description\" content=\"In diesem Tutorial lernen wir, wie man eine Formel schreibt, um die Anzahl der Monate zu ermitteln, die zwischen zwei Daten verbleiben\" \/>\n<meta property=\"og:url\" content=\"https:\/\/exceladvisor.org\/de\/monat-zwischen-zwei-daten\/\" \/>\n<meta property=\"og:site_name\" content=\"Excel Advisor\" \/>\n<meta property=\"article:modified_time\" content=\"2023-12-03T13:05:53+00:00\" \/>\n<meta property=\"og:image\" content=\"https:\/\/exceladvisor.org\/wp-content\/uploads\/2023\/08\/1-deux-dates-dans-les-cellules.png\" \/>\n<meta name=\"twitter:card\" content=\"summary_large_image\" \/>\n<meta name=\"twitter:label1\" content=\"Gesch\u00e4tzte Lesezeit\" \/>\n\t<meta name=\"twitter:data1\" content=\"4\u00a0Minuten\" \/>\n<script type=\"application\/ld+json\" class=\"yoast-schema-graph\">{\"@context\":\"https:\/\/schema.org\",\"@graph\":[{\"@type\":\"WebPage\",\"@id\":\"https:\/\/exceladvisor.org\/de\/monat-zwischen-zwei-daten\/\",\"url\":\"https:\/\/exceladvisor.org\/de\/monat-zwischen-zwei-daten\/\",\"name\":\"\u25b7 Wie z\u00e4hle ich Monate zwischen zwei Daten in Excel?\",\"isPartOf\":{\"@id\":\"https:\/\/exceladvisor.org\/de\/#website\"},\"primaryImageOfPage\":{\"@id\":\"https:\/\/exceladvisor.org\/de\/monat-zwischen-zwei-daten\/#primaryimage\"},\"image\":{\"@id\":\"https:\/\/exceladvisor.org\/de\/monat-zwischen-zwei-daten\/#primaryimage\"},\"thumbnailUrl\":\"https:\/\/exceladvisor.org\/wp-content\/uploads\/2023\/08\/1-deux-dates-dans-les-cellules.png\",\"datePublished\":\"2023-11-04T01:51:44+00:00\",\"dateModified\":\"2023-12-03T13:05:53+00:00\",\"description\":\"In diesem Tutorial lernen wir, wie man eine Formel schreibt, um die Anzahl der Monate zu ermitteln, die zwischen zwei Daten verbleiben\",\"breadcrumb\":{\"@id\":\"https:\/\/exceladvisor.org\/de\/monat-zwischen-zwei-daten\/#breadcrumb\"},\"inLanguage\":\"de\",\"potentialAction\":[{\"@type\":\"ReadAction\",\"target\":[\"https:\/\/exceladvisor.org\/de\/monat-zwischen-zwei-daten\/\"]}]},{\"@type\":\"ImageObject\",\"inLanguage\":\"de\",\"@id\":\"https:\/\/exceladvisor.org\/de\/monat-zwischen-zwei-daten\/#primaryimage\",\"url\":\"https:\/\/exceladvisor.org\/wp-content\/uploads\/2023\/08\/1-deux-dates-dans-les-cellules.png\",\"contentUrl\":\"https:\/\/exceladvisor.org\/wp-content\/uploads\/2023\/08\/1-deux-dates-dans-les-cellules.png\"},{\"@type\":\"BreadcrumbList\",\"@id\":\"https:\/\/exceladvisor.org\/de\/monat-zwischen-zwei-daten\/#breadcrumb\",\"itemListElement\":[{\"@type\":\"ListItem\",\"position\":1,\"name\":\"Accueil\",\"item\":\"https:\/\/exceladvisor.org\/de\/\"},{\"@type\":\"ListItem\",\"position\":2,\"name\":\"Wie z\u00e4hle ich monate zwischen zwei daten in excel?\"}]},{\"@type\":\"WebSite\",\"@id\":\"https:\/\/exceladvisor.org\/de\/#website\",\"url\":\"https:\/\/exceladvisor.org\/de\/\",\"name\":\"Excel Advisor\",\"description\":\"Ihr Leitfaden zur Datendominanz\",\"publisher\":{\"@id\":\"https:\/\/exceladvisor.org\/de\/#organization\"},\"potentialAction\":[{\"@type\":\"SearchAction\",\"target\":{\"@type\":\"EntryPoint\",\"urlTemplate\":\"https:\/\/exceladvisor.org\/de\/?s={search_term_string}\"},\"query-input\":{\"@type\":\"PropertyValueSpecification\",\"valueRequired\":true,\"valueName\":\"search_term_string\"}}],\"inLanguage\":\"de\"},{\"@type\":\"Organization\",\"@id\":\"https:\/\/exceladvisor.org\/de\/#organization\",\"name\":\"Excel Advisor\",\"url\":\"https:\/\/exceladvisor.org\/de\/\",\"logo\":{\"@type\":\"ImageObject\",\"inLanguage\":\"de\",\"@id\":\"https:\/\/exceladvisor.org\/de\/#\/schema\/logo\/image\/\",\"url\":\"https:\/\/exceladvisor.org\/de\/wp-content\/uploads\/2023\/11\/exceladvisor.org_.png\",\"contentUrl\":\"https:\/\/exceladvisor.org\/de\/wp-content\/uploads\/2023\/11\/exceladvisor.org_.png\",\"width\":105,\"height\":36,\"caption\":\"Excel Advisor\"},\"image\":{\"@id\":\"https:\/\/exceladvisor.org\/de\/#\/schema\/logo\/image\/\"}}]}<\/script>\n<!-- \/ Yoast SEO plugin. -->","yoast_head_json":{"title":"\u25b7 Wie z\u00e4hle ich Monate zwischen zwei Daten in Excel?","description":"In diesem Tutorial lernen wir, wie man eine Formel schreibt, um die Anzahl der Monate zu ermitteln, die zwischen zwei Daten verbleiben","robots":{"index":"index","follow":"follow","max-snippet":"max-snippet:-1","max-image-preview":"max-image-preview:large","max-video-preview":"max-video-preview:-1"},"canonical":"https:\/\/exceladvisor.org\/de\/monat-zwischen-zwei-daten\/","og_locale":"de_DE","og_type":"article","og_title":"\u25b7 Wie z\u00e4hle ich Monate zwischen zwei Daten in Excel?","og_description":"In diesem Tutorial lernen wir, wie man eine Formel schreibt, um die Anzahl der Monate zu ermitteln, die zwischen zwei Daten verbleiben","og_url":"https:\/\/exceladvisor.org\/de\/monat-zwischen-zwei-daten\/","og_site_name":"Excel Advisor","article_modified_time":"2023-12-03T13:05:53+00:00","og_image":[{"url":"https:\/\/exceladvisor.org\/wp-content\/uploads\/2023\/08\/1-deux-dates-dans-les-cellules.png","type":"","width":"","height":""}],"twitter_card":"summary_large_image","twitter_misc":{"Gesch\u00e4tzte Lesezeit":"4\u00a0Minuten"},"schema":{"@context":"https:\/\/schema.org","@graph":[{"@type":"WebPage","@id":"https:\/\/exceladvisor.org\/de\/monat-zwischen-zwei-daten\/","url":"https:\/\/exceladvisor.org\/de\/monat-zwischen-zwei-daten\/","name":"\u25b7 Wie z\u00e4hle ich Monate zwischen zwei Daten in Excel?","isPartOf":{"@id":"https:\/\/exceladvisor.org\/de\/#website"},"primaryImageOfPage":{"@id":"https:\/\/exceladvisor.org\/de\/monat-zwischen-zwei-daten\/#primaryimage"},"image":{"@id":"https:\/\/exceladvisor.org\/de\/monat-zwischen-zwei-daten\/#primaryimage"},"thumbnailUrl":"https:\/\/exceladvisor.org\/wp-content\/uploads\/2023\/08\/1-deux-dates-dans-les-cellules.png","datePublished":"2023-11-04T01:51:44+00:00","dateModified":"2023-12-03T13:05:53+00:00","description":"In diesem Tutorial lernen wir, wie man eine Formel schreibt, um die Anzahl der Monate zu ermitteln, die zwischen zwei Daten verbleiben","breadcrumb":{"@id":"https:\/\/exceladvisor.org\/de\/monat-zwischen-zwei-daten\/#breadcrumb"},"inLanguage":"de","potentialAction":[{"@type":"ReadAction","target":["https:\/\/exceladvisor.org\/de\/monat-zwischen-zwei-daten\/"]}]},{"@type":"ImageObject","inLanguage":"de","@id":"https:\/\/exceladvisor.org\/de\/monat-zwischen-zwei-daten\/#primaryimage","url":"https:\/\/exceladvisor.org\/wp-content\/uploads\/2023\/08\/1-deux-dates-dans-les-cellules.png","contentUrl":"https:\/\/exceladvisor.org\/wp-content\/uploads\/2023\/08\/1-deux-dates-dans-les-cellules.png"},{"@type":"BreadcrumbList","@id":"https:\/\/exceladvisor.org\/de\/monat-zwischen-zwei-daten\/#breadcrumb","itemListElement":[{"@type":"ListItem","position":1,"name":"Accueil","item":"https:\/\/exceladvisor.org\/de\/"},{"@type":"ListItem","position":2,"name":"Wie z\u00e4hle ich monate zwischen zwei daten in excel?"}]},{"@type":"WebSite","@id":"https:\/\/exceladvisor.org\/de\/#website","url":"https:\/\/exceladvisor.org\/de\/","name":"Excel Advisor","description":"Ihr Leitfaden zur Datendominanz","publisher":{"@id":"https:\/\/exceladvisor.org\/de\/#organization"},"potentialAction":[{"@type":"SearchAction","target":{"@type":"EntryPoint","urlTemplate":"https:\/\/exceladvisor.org\/de\/?s={search_term_string}"},"query-input":{"@type":"PropertyValueSpecification","valueRequired":true,"valueName":"search_term_string"}}],"inLanguage":"de"},{"@type":"Organization","@id":"https:\/\/exceladvisor.org\/de\/#organization","name":"Excel Advisor","url":"https:\/\/exceladvisor.org\/de\/","logo":{"@type":"ImageObject","inLanguage":"de","@id":"https:\/\/exceladvisor.org\/de\/#\/schema\/logo\/image\/","url":"https:\/\/exceladvisor.org\/de\/wp-content\/uploads\/2023\/11\/exceladvisor.org_.png","contentUrl":"https:\/\/exceladvisor.org\/de\/wp-content\/uploads\/2023\/11\/exceladvisor.org_.png","width":105,"height":36,"caption":"Excel Advisor"},"image":{"@id":"https:\/\/exceladvisor.org\/de\/#\/schema\/logo\/image\/"}}]}},"yoast_meta":{"yoast_wpseo_title":"","yoast_wpseo_metadesc":"","yoast_wpseo_canonical":""},"_links":{"self":[{"href":"https:\/\/exceladvisor.org\/de\/wp-json\/wp\/v2\/pages\/3293","targetHints":{"allow":["GET"]}}],"collection":[{"href":"https:\/\/exceladvisor.org\/de\/wp-json\/wp\/v2\/pages"}],"about":[{"href":"https:\/\/exceladvisor.org\/de\/wp-json\/wp\/v2\/types\/page"}],"author":[{"embeddable":true,"href":"https:\/\/exceladvisor.org\/de\/wp-json\/wp\/v2\/users\/1"}],"replies":[{"embeddable":true,"href":"https:\/\/exceladvisor.org\/de\/wp-json\/wp\/v2\/comments?post=3293"}],"version-history":[{"count":1,"href":"https:\/\/exceladvisor.org\/de\/wp-json\/wp\/v2\/pages\/3293\/revisions"}],"predecessor-version":[{"id":4420,"href":"https:\/\/exceladvisor.org\/de\/wp-json\/wp\/v2\/pages\/3293\/revisions\/4420"}],"wp:attachment":[{"href":"https:\/\/exceladvisor.org\/de\/wp-json\/wp\/v2\/media?parent=3293"}],"curies":[{"name":"wp","href":"https:\/\/api.w.org\/{rel}","templated":true}]}}