{"id":3294,"date":"2023-11-03T20:23:05","date_gmt":"2023-11-03T20:23:05","guid":{"rendered":"https:\/\/exceladvisor.org\/de\/sperren\/"},"modified":"2023-12-03T13:05:06","modified_gmt":"2023-12-03T13:05:06","slug":"sperren","status":"publish","type":"page","link":"https:\/\/exceladvisor.org\/de\/sperren\/","title":{"rendered":"Wie sperre ich schnell ein arbeitsblatt in excel?"},"content":{"rendered":"<div class=\"excel-vor-dem-inhalt\" id=\"excel-56982805\"><script type=\"text\/javascript\">\r\n\tatOptions = {\r\n\t\t'key' : 'c1158f160081d6540a8409e6925dab94',\r\n\t\t'format' : 'iframe',\r\n\t\t'height' : 250,\r\n\t\t'width' : 300,\r\n\t\t'params' : {}\r\n\t};\r\n<\/script>\r\n<script type=\"text\/javascript\" src=\"\/\/www.highperformanceformat.com\/c1158f160081d6540a8409e6925dab94\/invoke.js\"><\/script><\/div> <p>In Excel gibt es eine Option zum Sperren des Blattes. Wie Sie wissen, k\u00f6nnen wir in Excel vier verschiedene Arten von Tabellenbl\u00e4ttern verwenden, und Sie k\u00f6nnen alle diese Tabellenbl\u00e4tter sperren. In diesem Tutorial lernen wir, wie man die Option \u201eBlatt sch\u00fctzen\u201c verwendet. <\/p><div class=\"wp-block-image\"><figure class=\"aligncenter size-full is-resized\"><img loading=\"lazy\" decoding=\"async\" class=\"wp-image-92692\" src=\"https:\/\/exceladvisor.org\/wp-content\/uploads\/2023\/08\/1-verrouiller-une-feuille.png\" sizes=\"auto, \" srcset=\"\" alt=\"ein Blatt verriegeln\" width=\"764\" height=\"156\"><\/figure><\/div><h2 id=\"h-lock-protect-a-worksheet\" class=\"wp-block-heading\"> Sperren \u201eSch\u00fctzen\u201c Sie ein Arbeitsblatt<\/h2><ol><li> Klicken Sie zun\u00e4chst mit der rechten Maustaste auf die Registerkarte \u201eArbeitsblatt\u201c und dann auf \u201eBlatt sch\u00fctzen\u201c. <br><img loading=\"lazy\" decoding=\"async\" title=\"Schutzfolie mit 2 Klicks\" src=\"https:\/\/exceladvisor.org\/wp-content\/uploads\/2023\/08\/2-cliquez-sur-la-feuille-de-protection.png\" sizes=\"auto, \" srcset=\"\" alt=\"2-click-on-protect-sheet\" width=\"453\" height=\"348\"><\/li><li> W\u00e4hlen Sie im <a href=\"https:\/\/exceladvisor.org\/de\/dialogbox\/\">Dialogfeld<\/a> \u201eBlatt sch\u00fctzen\u201c die Optionen aus, die der Benutzer \u00e4ndern darf. <br><img loading=\"lazy\" decoding=\"async\" title=\"3-W\u00e4hlen Sie aus, welche Optionen Benutzer \u00e4ndern k\u00f6nnen\" src=\"https:\/\/exceladvisor.org\/wp-content\/uploads\/2023\/08\/3-choisissez-les-options-que-les-utilisateurs-peuvent-modifier.png\" sizes=\"auto, \" srcset=\"\" alt=\"3-choose-options-that-users-can-edit\" width=\"247\" height=\"412\"><\/li><li> Geben Sie das Passwort ein, das Sie anwenden m\u00f6chten, und klicken Sie auf OK. <br><img loading=\"lazy\" decoding=\"async\" title=\"4-Passwort eingeben\" src=\"https:\/\/exceladvisor.org\/wp-content\/uploads\/2023\/08\/4-entrez-le-mot-de-passe.png\" sizes=\"auto, \" srcset=\"\" alt=\"4-enter-the-password\" width=\"301\" height=\"130\"><\/li><li> Geben Sie dann zur Best\u00e4tigung noch einmal dasselbe Passwort ein und klicken Sie dann auf OK, um die Sperre anzuwenden. <br><img loading=\"lazy\" decoding=\"async\" title=\"5-Passwort erneut eingeben, um es einzuhalten\" src=\"https:\/\/exceladvisor.org\/wp-content\/uploads\/2023\/08\/5-re-entrer-le-mot-de-passe-pour-se-conformer.png\" sizes=\"auto, \" srcset=\"\" alt=\"5-re-enter-password-to-conform\" width=\"318\" height=\"182\"><\/li><\/ol><p> Wenn Sie auf \u201eOK\u201c klicken, wird das Blatt mit dem angegebenen Passwort (123456) gesperrt. Wenn ein Benutzer versucht, eine Zelle zu bearbeiten, wird eine Meldung angezeigt: \u201eDie Zelle oder das Diagramm, die Sie bearbeiten m\u00f6chten, befindet sich auf einem gesch\u00fctzten Blatt. Um eine \u00c4nderung vorzunehmen, heben Sie den Schutz eines Blattes auf. M\u00f6glicherweise werden Sie aufgefordert, ein Passwort einzugeben.\u201c <\/p><div class=\"wp-block-image\"><figure class=\"aligncenter size-full is-resized\"><img loading=\"lazy\" decoding=\"async\" class=\"wp-image-92697\" src=\"https:\/\/exceladvisor.org\/wp-content\/uploads\/2023\/08\/6-popup-pour-deproteger-la-feuille.png\" sizes=\"auto, \" srcset=\"\" alt=\"Popup-to-unprotect-sheet\" width=\"796\" height=\"162\"><\/figure><\/div><p> Um den Schutz aufzuheben, m\u00fcssen Sie die gleichen Schritte ausf\u00fchren und das von Ihnen angegebene Passwort (123456) eingeben. Der Blattschutz bleibt auch dann erhalten, wenn Sie das Blatt in eine neue oder vorhandene Arbeitsmappe verschieben oder kopieren.<\/p><p class=\"qt-tip\"> <strong>Hinweis<\/strong> : Sie k\u00f6nnen die Angabe des Passworts \u00fcberspringen, aber das Blatt sperren. In diesem Fall ben\u00f6tigt der Benutzer kein Passwort, um das Blatt zu entsperren. Das Blatt verf\u00fcgt jedoch \u00fcber den von Ihnen angegebenen Schutz.<\/p><h2 id=\"h-lock-a-chart-sheet-macro-sheet-or-dialog-sheet\" class=\"wp-block-heading\"> Sperren Sie ein Grafikblatt, Makroblatt oder Dialogblatt<\/h2><p> Wie gesagt, Sie k\u00f6nnen alle Arten von Bl\u00e4ttern sperren, und jedes Blatt enth\u00e4lt eine Reihe von Gegenst\u00e4nden, die Sie mit dem Schloss sch\u00fctzen k\u00f6nnen.<\/p><h3 id=\"h-chart-sheet\" class=\"wp-block-heading\"> Diagrammblatt <\/h3><div class=\"wp-block-image\"><figure class=\"aligncenter size-full is-resized\"><img loading=\"lazy\" decoding=\"async\" class=\"wp-image-92698\" src=\"https:\/\/exceladvisor.org\/wp-content\/uploads\/2023\/08\/7-verrouiller-une-macro-graphique-ou-une-feuille-de-dialogue.png\" sizes=\"auto, \" srcset=\"\" alt=\"Sperren Sie ein Diagrammmakro oder ein Dialogblatt\" width=\"283\" height=\"244\"><\/figure><\/div><h3 id=\"h-macro-sheet\" class=\"wp-block-heading\"> Makroblatt <\/h3><div class=\"wp-block-image\"><figure class=\"aligncenter size-full is-resized\"><img loading=\"lazy\" decoding=\"async\" class=\"wp-image-92699\" src=\"https:\/\/exceladvisor.org\/wp-content\/uploads\/2023\/08\/Feuille-de-macro-a-8-serrures.png\" sizes=\"auto, \" srcset=\"\" alt=\"Makroblatt sperren\" width=\"291\" height=\"251\"><\/figure><\/div><h3 id=\"h-dialog-sheet\" class=\"wp-block-heading\"> Dialogblatt <\/h3><div class=\"wp-block-image\"><figure class=\"aligncenter size-full is-resized\"><img loading=\"lazy\" decoding=\"async\" class=\"wp-image-92700\" src=\"https:\/\/exceladvisor.org\/wp-content\/uploads\/2023\/08\/9-Verrouiller-la-feuille-de-dialogue.png\" sizes=\"auto, \" srcset=\"\" alt=\"Dialogblatt sperren\" width=\"318\" height=\"186\"><\/figure><\/div><p> Wie Sie in den obigen Beispielen sehen k\u00f6nnen, ist die Angabe des Passworts in den Bl\u00e4ttern optional. <\/p><div class=\"gb-container gb-container-52dfcee1 gb-container-sample-file\"><h2 class=\"gb-headline gb-headline-e289c143 gb-headline-text gb-headline-4f7959c2\"> Holen Sie sich die Excel-Datei<\/h2> <a class=\"gb-button gb-button-e88d6bee gb-button-text gb-button-button1\" href=\"https:\/\/exceladvisor.org\/wp-content\/uploads\/2023\/08\/feuille-de-verrouillage.xlsx\" rel=\"nofollow\">Herunterladen<\/a> <\/div><div class=\"gb-container gb-container-3044ba66 gb-container-mt\"><p class=\"gb-headline gb-headline-b5bb6270 gb-headline-text\"> <strong><a href=\"https:\/\/exceladvisor.org\/de\/excel-grundlagen\/\">Excel-Grundlagen<\/a><\/strong> \/ <strong><a href=\"https:\/\/exceladvisor.org\/de\/arbeitsblatt\/\" data-wpil=\"url\">Excel-Tabelle<\/a><\/strong><\/p><h2 class=\"gb-headline gb-headline-819d540d gb-headline-text gb-headline-mt-heading\"> Weitere Tutorials <\/h2><div class=\"gb-grid-wrapper gb-grid-wrapper-7f3d805a gb-grid-wrapper-mt-grid\"><div class=\"gb-grid-column gb-grid-column-7495e031\"><div class=\"gb-container gb-container-7495e031\"><ul><li> <a href=\"https:\/\/exceladvisor.org\/de\/konsolidieren\/\">Konsolidieren Sie Daten aus mehreren Tabellenkalkulationen<\/a><\/li><li> <a href=\"https:\/\/exceladvisor.org\/de\/umbenennen\/\">Blatt in Excel umbenennen<\/a><\/li><li> <a href=\"https:\/\/exceladvisor.org\/de\/gruppe-1\/\">Gruppenarbeitsbl\u00e4tter in Excel<\/a><\/li><li> <a href=\"https:\/\/exceladvisor.org\/de\/nebeneinander-sehen\/\">Zeigen Sie zwei Bl\u00e4tter nebeneinander in Excel an<\/a> <\/li><\/ul><\/div><\/div><div class=\"gb-grid-column gb-grid-column-530ab33a\"><div class=\"gb-container gb-container-530ab33a\"><ul><li> <a href=\"https:\/\/exceladvisor.org\/de\/anzeige\/\">Eine Excel-Tabelle oder alle Bl\u00e4tter (Tabellenkalkulation) anzeigen<\/a><\/li><li> <a href=\"https:\/\/exceladvisor.org\/de\/1-loschen\/\">L\u00f6schen Sie ein Blatt (Arbeitsblatt) in Excel<\/a><\/li><li> <a href=\"https:\/\/exceladvisor.org\/de\/duplikat\/\">Duplizieren Sie ein Blatt oder eine Tabelle in Excel<\/a><\/li><li> <a href=\"https:\/\/exceladvisor.org\/de\/link-zu-einem-anderen-blatt\/\">Erstellen Sie einen Hyperlink (Link) zu einer anderen Tabelle<\/a><\/li><\/ul><\/div><\/div><\/div><\/div>","protected":false},"excerpt":{"rendered":"","protected":false},"author":1,"featured_media":0,"parent":0,"menu_order":0,"comment_status":"open","ping_status":"closed","template":"","meta":{"ub_ctt_via":"","footnotes":""},"class_list":["post-3294","page","type-page","status-publish","hentry"],"featured_image_src":null,"yoast_head":"<!-- This site is optimized with the Yoast SEO plugin v25.4 - https:\/\/yoast.com\/wordpress\/plugins\/seo\/ -->\n<title>Wie sperre ich schnell ein Arbeitsblatt in Excel?<\/title>\n<meta name=\"description\" content=\"Diese Kurzanleitung hilft Ihnen, in wenigen einfachen Schritten ein Blatt in Excel zu sperren. Lasst uns das \u00fcberpr\u00fcfen...\" \/>\n<meta name=\"robots\" content=\"index, follow, max-snippet:-1, max-image-preview:large, max-video-preview:-1\" \/>\n<link rel=\"canonical\" href=\"https:\/\/exceladvisor.org\/de\/sperren\/\" \/>\n<meta property=\"og:locale\" content=\"de_DE\" \/>\n<meta property=\"og:type\" content=\"article\" \/>\n<meta property=\"og:title\" content=\"Wie sperre ich schnell ein Arbeitsblatt in Excel?\" \/>\n<meta property=\"og:description\" content=\"Diese Kurzanleitung hilft Ihnen, in wenigen einfachen Schritten ein Blatt in Excel zu sperren. Lasst uns das \u00fcberpr\u00fcfen...\" \/>\n<meta property=\"og:url\" content=\"https:\/\/exceladvisor.org\/de\/sperren\/\" \/>\n<meta property=\"og:site_name\" content=\"Excel Advisor\" \/>\n<meta property=\"article:modified_time\" content=\"2023-12-03T13:05:06+00:00\" \/>\n<meta property=\"og:image\" content=\"https:\/\/exceladvisor.org\/wp-content\/uploads\/2023\/08\/1-verrouiller-une-feuille.png\" \/>\n<meta name=\"twitter:card\" content=\"summary_large_image\" \/>\n<meta name=\"twitter:label1\" content=\"Gesch\u00e4tzte Lesezeit\" \/>\n\t<meta name=\"twitter:data1\" content=\"2\u00a0Minuten\" \/>\n<script type=\"application\/ld+json\" class=\"yoast-schema-graph\">{\"@context\":\"https:\/\/schema.org\",\"@graph\":[{\"@type\":\"WebPage\",\"@id\":\"https:\/\/exceladvisor.org\/de\/sperren\/\",\"url\":\"https:\/\/exceladvisor.org\/de\/sperren\/\",\"name\":\"Wie sperre ich schnell ein Arbeitsblatt in Excel?\",\"isPartOf\":{\"@id\":\"https:\/\/exceladvisor.org\/de\/#website\"},\"primaryImageOfPage\":{\"@id\":\"https:\/\/exceladvisor.org\/de\/sperren\/#primaryimage\"},\"image\":{\"@id\":\"https:\/\/exceladvisor.org\/de\/sperren\/#primaryimage\"},\"thumbnailUrl\":\"https:\/\/exceladvisor.org\/wp-content\/uploads\/2023\/08\/1-verrouiller-une-feuille.png\",\"datePublished\":\"2023-11-03T20:23:05+00:00\",\"dateModified\":\"2023-12-03T13:05:06+00:00\",\"description\":\"Diese Kurzanleitung hilft Ihnen, in wenigen einfachen Schritten ein Blatt in Excel zu sperren. Lasst uns das \u00fcberpr\u00fcfen...\",\"breadcrumb\":{\"@id\":\"https:\/\/exceladvisor.org\/de\/sperren\/#breadcrumb\"},\"inLanguage\":\"de\",\"potentialAction\":[{\"@type\":\"ReadAction\",\"target\":[\"https:\/\/exceladvisor.org\/de\/sperren\/\"]}]},{\"@type\":\"ImageObject\",\"inLanguage\":\"de\",\"@id\":\"https:\/\/exceladvisor.org\/de\/sperren\/#primaryimage\",\"url\":\"https:\/\/exceladvisor.org\/wp-content\/uploads\/2023\/08\/1-verrouiller-une-feuille.png\",\"contentUrl\":\"https:\/\/exceladvisor.org\/wp-content\/uploads\/2023\/08\/1-verrouiller-une-feuille.png\"},{\"@type\":\"BreadcrumbList\",\"@id\":\"https:\/\/exceladvisor.org\/de\/sperren\/#breadcrumb\",\"itemListElement\":[{\"@type\":\"ListItem\",\"position\":1,\"name\":\"Accueil\",\"item\":\"https:\/\/exceladvisor.org\/de\/\"},{\"@type\":\"ListItem\",\"position\":2,\"name\":\"Wie sperre ich schnell ein arbeitsblatt in excel?\"}]},{\"@type\":\"WebSite\",\"@id\":\"https:\/\/exceladvisor.org\/de\/#website\",\"url\":\"https:\/\/exceladvisor.org\/de\/\",\"name\":\"Excel Advisor\",\"description\":\"Ihr Leitfaden zur Datendominanz\",\"publisher\":{\"@id\":\"https:\/\/exceladvisor.org\/de\/#organization\"},\"potentialAction\":[{\"@type\":\"SearchAction\",\"target\":{\"@type\":\"EntryPoint\",\"urlTemplate\":\"https:\/\/exceladvisor.org\/de\/?s={search_term_string}\"},\"query-input\":{\"@type\":\"PropertyValueSpecification\",\"valueRequired\":true,\"valueName\":\"search_term_string\"}}],\"inLanguage\":\"de\"},{\"@type\":\"Organization\",\"@id\":\"https:\/\/exceladvisor.org\/de\/#organization\",\"name\":\"Excel Advisor\",\"url\":\"https:\/\/exceladvisor.org\/de\/\",\"logo\":{\"@type\":\"ImageObject\",\"inLanguage\":\"de\",\"@id\":\"https:\/\/exceladvisor.org\/de\/#\/schema\/logo\/image\/\",\"url\":\"https:\/\/exceladvisor.org\/de\/wp-content\/uploads\/2023\/11\/exceladvisor.org_.png\",\"contentUrl\":\"https:\/\/exceladvisor.org\/de\/wp-content\/uploads\/2023\/11\/exceladvisor.org_.png\",\"width\":105,\"height\":36,\"caption\":\"Excel Advisor\"},\"image\":{\"@id\":\"https:\/\/exceladvisor.org\/de\/#\/schema\/logo\/image\/\"}}]}<\/script>\n<!-- \/ Yoast SEO plugin. -->","yoast_head_json":{"title":"Wie sperre ich schnell ein Arbeitsblatt in Excel?","description":"Diese Kurzanleitung hilft Ihnen, in wenigen einfachen Schritten ein Blatt in Excel zu sperren. Lasst uns das \u00fcberpr\u00fcfen...","robots":{"index":"index","follow":"follow","max-snippet":"max-snippet:-1","max-image-preview":"max-image-preview:large","max-video-preview":"max-video-preview:-1"},"canonical":"https:\/\/exceladvisor.org\/de\/sperren\/","og_locale":"de_DE","og_type":"article","og_title":"Wie sperre ich schnell ein Arbeitsblatt in Excel?","og_description":"Diese Kurzanleitung hilft Ihnen, in wenigen einfachen Schritten ein Blatt in Excel zu sperren. Lasst uns das \u00fcberpr\u00fcfen...","og_url":"https:\/\/exceladvisor.org\/de\/sperren\/","og_site_name":"Excel Advisor","article_modified_time":"2023-12-03T13:05:06+00:00","og_image":[{"url":"https:\/\/exceladvisor.org\/wp-content\/uploads\/2023\/08\/1-verrouiller-une-feuille.png","type":"","width":"","height":""}],"twitter_card":"summary_large_image","twitter_misc":{"Gesch\u00e4tzte Lesezeit":"2\u00a0Minuten"},"schema":{"@context":"https:\/\/schema.org","@graph":[{"@type":"WebPage","@id":"https:\/\/exceladvisor.org\/de\/sperren\/","url":"https:\/\/exceladvisor.org\/de\/sperren\/","name":"Wie sperre ich schnell ein Arbeitsblatt in Excel?","isPartOf":{"@id":"https:\/\/exceladvisor.org\/de\/#website"},"primaryImageOfPage":{"@id":"https:\/\/exceladvisor.org\/de\/sperren\/#primaryimage"},"image":{"@id":"https:\/\/exceladvisor.org\/de\/sperren\/#primaryimage"},"thumbnailUrl":"https:\/\/exceladvisor.org\/wp-content\/uploads\/2023\/08\/1-verrouiller-une-feuille.png","datePublished":"2023-11-03T20:23:05+00:00","dateModified":"2023-12-03T13:05:06+00:00","description":"Diese Kurzanleitung hilft Ihnen, in wenigen einfachen Schritten ein Blatt in Excel zu sperren. Lasst uns das \u00fcberpr\u00fcfen...","breadcrumb":{"@id":"https:\/\/exceladvisor.org\/de\/sperren\/#breadcrumb"},"inLanguage":"de","potentialAction":[{"@type":"ReadAction","target":["https:\/\/exceladvisor.org\/de\/sperren\/"]}]},{"@type":"ImageObject","inLanguage":"de","@id":"https:\/\/exceladvisor.org\/de\/sperren\/#primaryimage","url":"https:\/\/exceladvisor.org\/wp-content\/uploads\/2023\/08\/1-verrouiller-une-feuille.png","contentUrl":"https:\/\/exceladvisor.org\/wp-content\/uploads\/2023\/08\/1-verrouiller-une-feuille.png"},{"@type":"BreadcrumbList","@id":"https:\/\/exceladvisor.org\/de\/sperren\/#breadcrumb","itemListElement":[{"@type":"ListItem","position":1,"name":"Accueil","item":"https:\/\/exceladvisor.org\/de\/"},{"@type":"ListItem","position":2,"name":"Wie sperre ich schnell ein arbeitsblatt in excel?"}]},{"@type":"WebSite","@id":"https:\/\/exceladvisor.org\/de\/#website","url":"https:\/\/exceladvisor.org\/de\/","name":"Excel Advisor","description":"Ihr Leitfaden zur Datendominanz","publisher":{"@id":"https:\/\/exceladvisor.org\/de\/#organization"},"potentialAction":[{"@type":"SearchAction","target":{"@type":"EntryPoint","urlTemplate":"https:\/\/exceladvisor.org\/de\/?s={search_term_string}"},"query-input":{"@type":"PropertyValueSpecification","valueRequired":true,"valueName":"search_term_string"}}],"inLanguage":"de"},{"@type":"Organization","@id":"https:\/\/exceladvisor.org\/de\/#organization","name":"Excel Advisor","url":"https:\/\/exceladvisor.org\/de\/","logo":{"@type":"ImageObject","inLanguage":"de","@id":"https:\/\/exceladvisor.org\/de\/#\/schema\/logo\/image\/","url":"https:\/\/exceladvisor.org\/de\/wp-content\/uploads\/2023\/11\/exceladvisor.org_.png","contentUrl":"https:\/\/exceladvisor.org\/de\/wp-content\/uploads\/2023\/11\/exceladvisor.org_.png","width":105,"height":36,"caption":"Excel Advisor"},"image":{"@id":"https:\/\/exceladvisor.org\/de\/#\/schema\/logo\/image\/"}}]}},"yoast_meta":{"yoast_wpseo_title":"","yoast_wpseo_metadesc":"","yoast_wpseo_canonical":""},"_links":{"self":[{"href":"https:\/\/exceladvisor.org\/de\/wp-json\/wp\/v2\/pages\/3294","targetHints":{"allow":["GET"]}}],"collection":[{"href":"https:\/\/exceladvisor.org\/de\/wp-json\/wp\/v2\/pages"}],"about":[{"href":"https:\/\/exceladvisor.org\/de\/wp-json\/wp\/v2\/types\/page"}],"author":[{"embeddable":true,"href":"https:\/\/exceladvisor.org\/de\/wp-json\/wp\/v2\/users\/1"}],"replies":[{"embeddable":true,"href":"https:\/\/exceladvisor.org\/de\/wp-json\/wp\/v2\/comments?post=3294"}],"version-history":[{"count":1,"href":"https:\/\/exceladvisor.org\/de\/wp-json\/wp\/v2\/pages\/3294\/revisions"}],"predecessor-version":[{"id":4196,"href":"https:\/\/exceladvisor.org\/de\/wp-json\/wp\/v2\/pages\/3294\/revisions\/4196"}],"wp:attachment":[{"href":"https:\/\/exceladvisor.org\/de\/wp-json\/wp\/v2\/media?parent=3294"}],"curies":[{"name":"wp","href":"https:\/\/api.w.org\/{rel}","templated":true}]}}