{"id":3295,"date":"2023-11-03T20:12:00","date_gmt":"2023-11-03T20:12:00","guid":{"rendered":"https:\/\/exceladvisor.org\/de\/summe-falls-leer-2\/"},"modified":"2023-12-03T11:21:12","modified_gmt":"2023-12-03T11:21:12","slug":"summe-falls-leer-2","status":"publish","type":"page","link":"https:\/\/exceladvisor.org\/de\/summe-falls-leer-2\/","title":{"rendered":"Wie f\u00fcge ich leere zellen in excel hinzu?"},"content":{"rendered":"<div class=\"excel-vor-dem-inhalt\" id=\"excel-2153568996\"><script type=\"text\/javascript\">\r\n\tatOptions = {\r\n\t\t'key' : 'c1158f160081d6540a8409e6925dab94',\r\n\t\t'format' : 'iframe',\r\n\t\t'height' : 250,\r\n\t\t'width' : 300,\r\n\t\t'params' : {}\r\n\t};\r\n<\/script>\r\n<script type=\"text\/javascript\" src=\"\/\/www.highperformanceformat.com\/c1158f160081d6540a8409e6925dab94\/invoke.js\"><\/script><\/div> <p>Um SUMIF zum Summieren leerer Kriterienwerte zu verwenden, geben Sie einfach einen leeren Wert im Kriterienargument der SUMIF-Funktion an. Weisen Sie Excel damit an, nur Zellen zu ber\u00fccksichtigen, in denen kein Wert vorhanden ist. Im folgenden Beispiel haben wir in der Namensspalte drei leere Zellen, f\u00fcr die wir den Spendenbetrag addieren m\u00fcssen. <\/p><div class=\"wp-block-image\"><figure class=\"aligncenter size-full is-resized\"><img loading=\"lazy\" decoding=\"async\" class=\"wp-image-77799\" src=\"https:\/\/exceladvisor.org\/wp-content\/uploads\/2023\/08\/1-sumif-pour-les-valeurs-vides.png\" sizes=\"auto, \" srcset=\"\" alt=\"Sumif-f\u00fcr-Leerwerte\" width=\"540\" height=\"519\"><\/figure><\/div><p> In diesem Tutorial erfahren Sie, wie Sie mit der Funktion SUMIF oder SUMIFS leere Werte hinzuf\u00fcgen.<\/p><h2 class=\"wp-block-heading\"> Schreiben Sie eine Formel, um SUMIF f\u00fcr leere Werte zu verwenden<\/h2><ol type=\"1\"><li> Geben Sie zun\u00e4chst SUMIF in eine Zelle ein, in der Sie die Summe berechnen m\u00f6chten.<\/li><li> Sehen Sie sich nun die Spalte \u201eName\u201c an, in der sich leere Zellen befinden.<\/li><li> Geben Sie anschlie\u00dfend doppelte Anf\u00fchrungszeichen ein (Anfangs- und Schlusszeichen).<\/li><li> Sehen Sie sich als N\u00e4chstes die Spalte \u201eSpende\u201c an, in der Sie die Werte addieren m\u00fcssen.<\/li><li> Dr\u00fccken Sie am Ende die Eingabetaste, um das Ergebnis zu erhalten. <\/li><\/ol><div class=\"wp-block-image\"><figure class=\"aligncenter size-full is-resized\"><img loading=\"lazy\" decoding=\"async\" class=\"wp-image-77800\" src=\"https:\/\/exceladvisor.org\/wp-content\/uploads\/2023\/08\/Formule-2-sumif-pour-les-valeurs-vides.png\" sizes=\"auto, \" srcset=\"\" alt=\"Summenformel-f\u00fcr-Leerwerte\" width=\"632\" height=\"459\"><\/figure><\/div><pre class=\"wp-block-code\"> <code class=\"language-Visual Basic\" lang=\"Visual Basic\">=SUMIF(A2:A13,\"\",B2:B13)<\/code><\/pre><h2 class=\"wp-block-heading\"> Ein Problem, mit dem Sie m\u00f6glicherweise konfrontiert sind<\/h2><p> Es kann vorkommen, dass Sie einen Bereich von Zellen haben, in dem eine oder mehrere Zellen mit einem Leerzeichen als Wert in der Zelle vorhanden sind, der wie eine leere Zelle aussieht, aber keine leere Zelle ist.<\/p><p> In diesem Fall ignoriert SUMIF diese Zelle und ber\u00fccksichtigt sie nicht bei der Berechnung der Summe. <\/p><div class=\"wp-block-image\"><figure class=\"aligncenter size-full is-resized\"><img loading=\"lazy\" decoding=\"async\" class=\"wp-image-77801\" src=\"https:\/\/exceladvisor.org\/wp-content\/uploads\/2023\/08\/3-sumif-ignore-les-cellules-vides-avec-espace.png\" sizes=\"auto, \" srcset=\"\" alt=\"sumif-ignoriere-leere-Zellen-mit-Leerzeichen\" width=\"441\" height=\"378\"><\/figure><\/div><p> Hier k\u00f6nnen Sie eine Formel mit SUMIFS und SUM erstellen, um ein SUMIF OR zu erstellen. <\/p><div class=\"wp-block-image\"><figure class=\"aligncenter size-full is-resized\"><img loading=\"lazy\" decoding=\"async\" class=\"wp-image-77802\" src=\"https:\/\/exceladvisor.org\/wp-content\/uploads\/2023\/08\/4-somme-et-somme-si.png\" sizes=\"auto, \" srcset=\"\" alt=\"Summe und Summe\" width=\"482\" height=\"368\"><\/figure><\/div><p> In dieser Formel m\u00fcssen Sie im Argument Kriterium1 zwei Kriterien in geschweiften Klammern angeben.<\/p><ul><li> Raum<\/li><li> Wei\u00df <\/li><\/ul><div class=\"wp-block-image\"><figure class=\"aligncenter size-full is-resized\"><img loading=\"lazy\" decoding=\"async\" class=\"wp-image-77803\" src=\"https:\/\/exceladvisor.org\/wp-content\/uploads\/2023\/08\/5-espace-a-deux-criteres-et-blanc.png\" sizes=\"auto, \" srcset=\"\" alt=\"Zwei-Kriterien-Raum-und-Wei\u00df\" width=\"607\" height=\"102\"><\/figure><\/div><p> Dabei ber\u00fccksichtigt SUMIF beide Kriterien gleichzeitig. Und um das Ergebnis zu erhalten, m\u00fcssen Sie es als Array-Formel eingeben (verwenden Sie Strg + Alt + Eingabetaste).<\/p><p class=\"formula\"> =SUM(SUMIFS(B2:B13,A2:A13,{\u201c\u201d,\u201d \u201e}))<\/p><p> Mehr erfahren Sie <a href=\"https:\/\/exceladvisor.org\/de\/kopieren-einfugen\/\">hier<\/a> . <\/p><div class=\"gb-container gb-container-52dfcee1 gb-container-sample-file\"><h2 class=\"gb-headline gb-headline-e289c143 gb-headline-text gb-headline-4f7959c2\"> Holen Sie sich die Excel-Datei<\/h2><p> <a class=\"gb-button gb-button-e88d6bee gb-button-text gb-button-button1\" href=\"https:\/\/exceladvisor.org\/wp-content\/uploads\/2023\/08\/somme-si-vide.xlsx\" rel=\"nofollow\">Herunterladen<\/a><\/p><\/div><div class=\"gb-container gb-container-0df56012 gb-container-mt\"> <a class=\"gb-button gb-button-f9f432f4 gb-button-text gb-button-mt-button\" href=\"https:\/\/exceladvisor.org\/de\/formeln\/\">Liste der Excel-Formeln<\/a><h2 class=\"gb-headline gb-headline-233444e8 gb-headline-text gb-headline-mt-heading\"> Verwandte Formeln <\/h2><div class=\"gb-grid-wrapper gb-grid-wrapper-a16fa65c gb-grid-wrapper-mt-grid\"><div class=\"gb-grid-column gb-grid-column-50d07e0d\"><div class=\"gb-container gb-container-50d07e0d\"><ul><li> <a href=\"https:\/\/exceladvisor.org\/de\/summe-falls-enthalten\/\">Summe, WENN die Zelle einen bestimmten Text enth\u00e4lt (SUMIF-Teiltext)<\/a><\/li><li> <a href=\"https:\/\/exceladvisor.org\/de\/sumif-jahr-2\/\">Summe der Werte nach Jahr (SUMIF Year)<\/a><\/li><li> <a href=\"https:\/\/exceladvisor.org\/de\/summe-nach-datum\/\">SUMIF nach Datum (Summe der Werte basierend auf einem Datum)<\/a><\/li><li> <a href=\"https:\/\/exceladvisor.org\/de\/summe-wenn-nicht-leer-2\/\">Nicht leere SUMIF (Summenwerte f\u00fcr nicht leere Zellen)<\/a><\/li><li> <a href=\"https:\/\/exceladvisor.org\/de\/summe-wenn-kleiner-als\/\">Summe von Werten kleiner als ein bestimmter Wert (SUMIF kleiner als)<\/a><\/li><\/ul><\/div><\/div><\/div><\/div>","protected":false},"excerpt":{"rendered":"","protected":false},"author":1,"featured_media":0,"parent":0,"menu_order":0,"comment_status":"open","ping_status":"closed","template":"","meta":{"ub_ctt_via":"","footnotes":""},"class_list":["post-3295","page","type-page","status-publish","hentry"],"featured_image_src":null,"yoast_head":"<!-- This site is optimized with the Yoast SEO plugin v25.4 - https:\/\/yoast.com\/wordpress\/plugins\/seo\/ -->\n<title>\u25b7 Wie f\u00fcge ich leere Zellen in Excel hinzu?<\/title>\n<meta name=\"description\" content=\"In diesem Tutorial erfahren Sie, wie Sie Werte basierend auf leeren Zellen hinzuf\u00fcgen. Ist eine Zelle leer, wird diese belegt\" \/>\n<meta name=\"robots\" content=\"index, follow, max-snippet:-1, max-image-preview:large, max-video-preview:-1\" \/>\n<link rel=\"canonical\" href=\"https:\/\/exceladvisor.org\/de\/summe-falls-leer-2\/\" \/>\n<meta property=\"og:locale\" content=\"de_DE\" \/>\n<meta property=\"og:type\" content=\"article\" \/>\n<meta property=\"og:title\" content=\"\u25b7 Wie f\u00fcge ich leere Zellen in Excel hinzu?\" \/>\n<meta property=\"og:description\" content=\"In diesem Tutorial erfahren Sie, wie Sie Werte basierend auf leeren Zellen hinzuf\u00fcgen. Ist eine Zelle leer, wird diese belegt\" \/>\n<meta property=\"og:url\" content=\"https:\/\/exceladvisor.org\/de\/summe-falls-leer-2\/\" \/>\n<meta property=\"og:site_name\" content=\"Excel Advisor\" \/>\n<meta property=\"article:modified_time\" content=\"2023-12-03T11:21:12+00:00\" \/>\n<meta property=\"og:image\" content=\"https:\/\/exceladvisor.org\/wp-content\/uploads\/2023\/08\/1-sumif-pour-les-valeurs-vides.png\" \/>\n<meta name=\"twitter:card\" content=\"summary_large_image\" \/>\n<meta name=\"twitter:label1\" content=\"Gesch\u00e4tzte Lesezeit\" \/>\n\t<meta name=\"twitter:data1\" content=\"2\u00a0Minuten\" \/>\n<script type=\"application\/ld+json\" class=\"yoast-schema-graph\">{\"@context\":\"https:\/\/schema.org\",\"@graph\":[{\"@type\":\"WebPage\",\"@id\":\"https:\/\/exceladvisor.org\/de\/summe-falls-leer-2\/\",\"url\":\"https:\/\/exceladvisor.org\/de\/summe-falls-leer-2\/\",\"name\":\"\u25b7 Wie f\u00fcge ich leere Zellen in Excel hinzu?\",\"isPartOf\":{\"@id\":\"https:\/\/exceladvisor.org\/de\/#website\"},\"primaryImageOfPage\":{\"@id\":\"https:\/\/exceladvisor.org\/de\/summe-falls-leer-2\/#primaryimage\"},\"image\":{\"@id\":\"https:\/\/exceladvisor.org\/de\/summe-falls-leer-2\/#primaryimage\"},\"thumbnailUrl\":\"https:\/\/exceladvisor.org\/wp-content\/uploads\/2023\/08\/1-sumif-pour-les-valeurs-vides.png\",\"datePublished\":\"2023-11-03T20:12:00+00:00\",\"dateModified\":\"2023-12-03T11:21:12+00:00\",\"description\":\"In diesem Tutorial erfahren Sie, wie Sie Werte basierend auf leeren Zellen hinzuf\u00fcgen. Ist eine Zelle leer, wird diese belegt\",\"breadcrumb\":{\"@id\":\"https:\/\/exceladvisor.org\/de\/summe-falls-leer-2\/#breadcrumb\"},\"inLanguage\":\"de\",\"potentialAction\":[{\"@type\":\"ReadAction\",\"target\":[\"https:\/\/exceladvisor.org\/de\/summe-falls-leer-2\/\"]}]},{\"@type\":\"ImageObject\",\"inLanguage\":\"de\",\"@id\":\"https:\/\/exceladvisor.org\/de\/summe-falls-leer-2\/#primaryimage\",\"url\":\"https:\/\/exceladvisor.org\/wp-content\/uploads\/2023\/08\/1-sumif-pour-les-valeurs-vides.png\",\"contentUrl\":\"https:\/\/exceladvisor.org\/wp-content\/uploads\/2023\/08\/1-sumif-pour-les-valeurs-vides.png\"},{\"@type\":\"BreadcrumbList\",\"@id\":\"https:\/\/exceladvisor.org\/de\/summe-falls-leer-2\/#breadcrumb\",\"itemListElement\":[{\"@type\":\"ListItem\",\"position\":1,\"name\":\"Accueil\",\"item\":\"https:\/\/exceladvisor.org\/de\/\"},{\"@type\":\"ListItem\",\"position\":2,\"name\":\"Wie f\u00fcge ich leere zellen in excel hinzu?\"}]},{\"@type\":\"WebSite\",\"@id\":\"https:\/\/exceladvisor.org\/de\/#website\",\"url\":\"https:\/\/exceladvisor.org\/de\/\",\"name\":\"Excel Advisor\",\"description\":\"Ihr Leitfaden zur Datendominanz\",\"publisher\":{\"@id\":\"https:\/\/exceladvisor.org\/de\/#organization\"},\"potentialAction\":[{\"@type\":\"SearchAction\",\"target\":{\"@type\":\"EntryPoint\",\"urlTemplate\":\"https:\/\/exceladvisor.org\/de\/?s={search_term_string}\"},\"query-input\":{\"@type\":\"PropertyValueSpecification\",\"valueRequired\":true,\"valueName\":\"search_term_string\"}}],\"inLanguage\":\"de\"},{\"@type\":\"Organization\",\"@id\":\"https:\/\/exceladvisor.org\/de\/#organization\",\"name\":\"Excel Advisor\",\"url\":\"https:\/\/exceladvisor.org\/de\/\",\"logo\":{\"@type\":\"ImageObject\",\"inLanguage\":\"de\",\"@id\":\"https:\/\/exceladvisor.org\/de\/#\/schema\/logo\/image\/\",\"url\":\"https:\/\/exceladvisor.org\/de\/wp-content\/uploads\/2023\/11\/exceladvisor.org_.png\",\"contentUrl\":\"https:\/\/exceladvisor.org\/de\/wp-content\/uploads\/2023\/11\/exceladvisor.org_.png\",\"width\":105,\"height\":36,\"caption\":\"Excel Advisor\"},\"image\":{\"@id\":\"https:\/\/exceladvisor.org\/de\/#\/schema\/logo\/image\/\"}}]}<\/script>\n<!-- \/ Yoast SEO plugin. -->","yoast_head_json":{"title":"\u25b7 Wie f\u00fcge ich leere Zellen in Excel hinzu?","description":"In diesem Tutorial erfahren Sie, wie Sie Werte basierend auf leeren Zellen hinzuf\u00fcgen. Ist eine Zelle leer, wird diese belegt","robots":{"index":"index","follow":"follow","max-snippet":"max-snippet:-1","max-image-preview":"max-image-preview:large","max-video-preview":"max-video-preview:-1"},"canonical":"https:\/\/exceladvisor.org\/de\/summe-falls-leer-2\/","og_locale":"de_DE","og_type":"article","og_title":"\u25b7 Wie f\u00fcge ich leere Zellen in Excel hinzu?","og_description":"In diesem Tutorial erfahren Sie, wie Sie Werte basierend auf leeren Zellen hinzuf\u00fcgen. Ist eine Zelle leer, wird diese belegt","og_url":"https:\/\/exceladvisor.org\/de\/summe-falls-leer-2\/","og_site_name":"Excel Advisor","article_modified_time":"2023-12-03T11:21:12+00:00","og_image":[{"url":"https:\/\/exceladvisor.org\/wp-content\/uploads\/2023\/08\/1-sumif-pour-les-valeurs-vides.png","type":"","width":"","height":""}],"twitter_card":"summary_large_image","twitter_misc":{"Gesch\u00e4tzte Lesezeit":"2\u00a0Minuten"},"schema":{"@context":"https:\/\/schema.org","@graph":[{"@type":"WebPage","@id":"https:\/\/exceladvisor.org\/de\/summe-falls-leer-2\/","url":"https:\/\/exceladvisor.org\/de\/summe-falls-leer-2\/","name":"\u25b7 Wie f\u00fcge ich leere Zellen in Excel hinzu?","isPartOf":{"@id":"https:\/\/exceladvisor.org\/de\/#website"},"primaryImageOfPage":{"@id":"https:\/\/exceladvisor.org\/de\/summe-falls-leer-2\/#primaryimage"},"image":{"@id":"https:\/\/exceladvisor.org\/de\/summe-falls-leer-2\/#primaryimage"},"thumbnailUrl":"https:\/\/exceladvisor.org\/wp-content\/uploads\/2023\/08\/1-sumif-pour-les-valeurs-vides.png","datePublished":"2023-11-03T20:12:00+00:00","dateModified":"2023-12-03T11:21:12+00:00","description":"In diesem Tutorial erfahren Sie, wie Sie Werte basierend auf leeren Zellen hinzuf\u00fcgen. Ist eine Zelle leer, wird diese belegt","breadcrumb":{"@id":"https:\/\/exceladvisor.org\/de\/summe-falls-leer-2\/#breadcrumb"},"inLanguage":"de","potentialAction":[{"@type":"ReadAction","target":["https:\/\/exceladvisor.org\/de\/summe-falls-leer-2\/"]}]},{"@type":"ImageObject","inLanguage":"de","@id":"https:\/\/exceladvisor.org\/de\/summe-falls-leer-2\/#primaryimage","url":"https:\/\/exceladvisor.org\/wp-content\/uploads\/2023\/08\/1-sumif-pour-les-valeurs-vides.png","contentUrl":"https:\/\/exceladvisor.org\/wp-content\/uploads\/2023\/08\/1-sumif-pour-les-valeurs-vides.png"},{"@type":"BreadcrumbList","@id":"https:\/\/exceladvisor.org\/de\/summe-falls-leer-2\/#breadcrumb","itemListElement":[{"@type":"ListItem","position":1,"name":"Accueil","item":"https:\/\/exceladvisor.org\/de\/"},{"@type":"ListItem","position":2,"name":"Wie f\u00fcge ich leere zellen in excel hinzu?"}]},{"@type":"WebSite","@id":"https:\/\/exceladvisor.org\/de\/#website","url":"https:\/\/exceladvisor.org\/de\/","name":"Excel Advisor","description":"Ihr Leitfaden zur Datendominanz","publisher":{"@id":"https:\/\/exceladvisor.org\/de\/#organization"},"potentialAction":[{"@type":"SearchAction","target":{"@type":"EntryPoint","urlTemplate":"https:\/\/exceladvisor.org\/de\/?s={search_term_string}"},"query-input":{"@type":"PropertyValueSpecification","valueRequired":true,"valueName":"search_term_string"}}],"inLanguage":"de"},{"@type":"Organization","@id":"https:\/\/exceladvisor.org\/de\/#organization","name":"Excel Advisor","url":"https:\/\/exceladvisor.org\/de\/","logo":{"@type":"ImageObject","inLanguage":"de","@id":"https:\/\/exceladvisor.org\/de\/#\/schema\/logo\/image\/","url":"https:\/\/exceladvisor.org\/de\/wp-content\/uploads\/2023\/11\/exceladvisor.org_.png","contentUrl":"https:\/\/exceladvisor.org\/de\/wp-content\/uploads\/2023\/11\/exceladvisor.org_.png","width":105,"height":36,"caption":"Excel Advisor"},"image":{"@id":"https:\/\/exceladvisor.org\/de\/#\/schema\/logo\/image\/"}}]}},"yoast_meta":{"yoast_wpseo_title":"","yoast_wpseo_metadesc":"","yoast_wpseo_canonical":""},"_links":{"self":[{"href":"https:\/\/exceladvisor.org\/de\/wp-json\/wp\/v2\/pages\/3295","targetHints":{"allow":["GET"]}}],"collection":[{"href":"https:\/\/exceladvisor.org\/de\/wp-json\/wp\/v2\/pages"}],"about":[{"href":"https:\/\/exceladvisor.org\/de\/wp-json\/wp\/v2\/types\/page"}],"author":[{"embeddable":true,"href":"https:\/\/exceladvisor.org\/de\/wp-json\/wp\/v2\/users\/1"}],"replies":[{"embeddable":true,"href":"https:\/\/exceladvisor.org\/de\/wp-json\/wp\/v2\/comments?post=3295"}],"version-history":[{"count":1,"href":"https:\/\/exceladvisor.org\/de\/wp-json\/wp\/v2\/pages\/3295\/revisions"}],"predecessor-version":[{"id":4051,"href":"https:\/\/exceladvisor.org\/de\/wp-json\/wp\/v2\/pages\/3295\/revisions\/4051"}],"wp:attachment":[{"href":"https:\/\/exceladvisor.org\/de\/wp-json\/wp\/v2\/media?parent=3295"}],"curies":[{"name":"wp","href":"https:\/\/api.w.org\/{rel}","templated":true}]}}