{"id":3297,"date":"2023-11-03T15:54:58","date_gmt":"2023-11-03T15:54:58","guid":{"rendered":"https:\/\/exceladvisor.org\/de\/der-text-enthalt\/"},"modified":"2023-12-03T11:12:44","modified_gmt":"2023-12-03T11:12:44","slug":"der-text-enthalt","status":"publish","type":"page","link":"https:\/\/exceladvisor.org\/de\/der-text-enthalt\/","title":{"rendered":"Power query: wenn der text enth\u00e4lt"},"content":{"rendered":"<div class=\"excel-vor-dem-inhalt\" id=\"excel-2192857397\"><script type=\"text\/javascript\">\r\n\tatOptions = {\r\n\t\t'key' : 'c1158f160081d6540a8409e6925dab94',\r\n\t\t'format' : 'iframe',\r\n\t\t'height' : 250,\r\n\t\t'width' : 300,\r\n\t\t'params' : {}\r\n\t};\r\n<\/script>\r\n<script type=\"text\/javascript\" src=\"\/\/www.highperformanceformat.com\/c1158f160081d6540a8409e6925dab94\/invoke.js\"><\/script><\/div> <p>In Power Query k\u00f6nnen Sie die Funktion Text.Contains verwenden, mit der Sie testen k\u00f6nnen, ob sich eine Teilzeichenfolge innerhalb der Zeichenfolge befindet oder nicht. Mit dieser Funktion k\u00f6nnen wir auch die IF-Anweisung verwenden, um einen Teilstring zu testen.<\/p><p> Im folgenden Beispiel haben wir eine Liste von Substantiven mit dem m\u00e4nnlichen und weiblichen Suffix. Und wir m\u00fcssen pr\u00fcfen, welche Substantive das weibliche Suffix haben. <\/p><div class=\"wp-block-image\"><figure class=\"aligncenter size-full is-resized\"><img loading=\"lazy\" decoding=\"async\" class=\"wp-image-88996\" src=\"https:\/\/exceladvisor.org\/wp-content\/uploads\/2023\/08\/1-texte-contient-une-fonction-dans-la-requete-de-puissance.png\" sizes=\"auto, \" srcset=\"\" alt=\"Text enth\u00e4lt Funktion in Power-Abfrage\" width=\"348\" height=\"294\"><\/figure><\/div><h2 class=\"wp-block-heading\"> Verwendung von TEXT.CONTAINS in Power Query<\/h2><ol><li> Gehen Sie zur Registerkarte \u201eDaten\u201c &gt; \u201eDaten abrufen\u201c &gt; \u201eAus anderen Quellen\u201c &gt; \u201eAus Tabelle\/Bereich\u201c. <br><img loading=\"lazy\" decoding=\"async\" title=\"2-get-data-from-table-range-1\" src=\"https:\/\/exceladvisor.org\/wp-content\/uploads\/2023\/08\/2-obtenir-des-donnees-de-la-plage-de-table-2.png\" sizes=\"auto, \" srcset=\"\" alt=\"get-data-from-table-range\" width=\"495\" height=\"380\"><\/li><li> Gehen Sie nun im leistungsstarken Abfrageeditor zu Spalte hinzuf\u00fcgen &gt; Benutzerdefinierte Spalte. <br><img loading=\"lazy\" decoding=\"async\" title=\"3 benutzerdefinierte Spalten im Power-Query-Editor\" src=\"https:\/\/exceladvisor.org\/wp-content\/uploads\/2023\/08\/3-colonnes-personnalisees-dans-lediteur-de-requete-puissant.png\" sizes=\"auto, \" srcset=\"\" alt=\"custom-column-in-power-query-editor\" width=\"492\" height=\"153\"><\/li><li> Geben Sie von dort aus im Dialogfeld \u201eBenutzerdefinierte Formel\u201c (=Text.Contains([Names], \u00bbMs.\u201c) ein. <br><img loading=\"lazy\" decoding=\"async\" title=\"4-in-Dialogfeld-Eingabe-Text-enth\u00e4lt-Funktion\" src=\"https:\/\/exceladvisor.org\/wp-content\/uploads\/2023\/08\/4-dans-la-boite-de-dialogue-entrez-le-texte-contient-la-fonction.png\" sizes=\"auto, \" srcset=\"\" alt=\"in-dialog-box-enter-text-contains-function\" width=\"635\" height=\"200\"><\/li><li> Klicken Sie abschlie\u00dfend auf OK, um die Spalten hinzuzuf\u00fcgen.<\/li><\/ol><p> Wenn Sie auf OK klicken, wird eine neue Spalte mit TRUE und FALSE eingegeben. TRUE, wenn der Text \u201eMs\u201c enth\u00e4lt. und FALSE f\u00fcr den Rest. <\/p><div class=\"wp-block-image\"><figure class=\"aligncenter size-full is-resized\"><img loading=\"lazy\" decoding=\"async\" class=\"wp-image-89000\" src=\"https:\/\/exceladvisor.org\/wp-content\/uploads\/2023\/08\/5-nouvelle-colonne-ajoutee-avec-vrai-ou-faux.png\" sizes=\"auto, \" srcset=\"\" alt=\"Neue-Spalte-hinzugef\u00fcgt-mit-wahr-oder-falsch\" width=\"417\" height=\"309\"><\/figure><\/div><h2 class=\"wp-block-heading\"> Wie funktioniert diese Funktion?<\/h2><p> In der Funktion m\u00fcssen Sie zwei Argumente definieren. Im ersten Argument (Text) die Spalte, die den Haupttext enth\u00e4lt, anhand dessen Sie die Bedingung \u00fcberpr\u00fcfen m\u00f6chten.<\/p><p> Und im zweiten Argument (Teilzeichenfolge) m\u00fcssen Sie die Teilzeichenfolge angeben, die Sie in der Hauptzeichenfolge des ersten Arguments \u00fcberpr\u00fcfen m\u00f6chten. <\/p><div class=\"wp-block-image\"><figure class=\"aligncenter size-full\"><img loading=\"lazy\" decoding=\"async\" class=\"wp-image-89001\" src=\"https:\/\/exceladvisor.org\/wp-content\/uploads\/2023\/08\/6-comment-le-texte-contient-la-fonction-fonctionne.png\" sizes=\"auto, \" srcset=\"\" alt=\"wie-der-text-enth\u00e4lt-funktion-funktioniert\" width=\"364\" height=\"96\"><\/figure><\/div><h2 class=\"wp-block-heading\"> Verwenden Sie IF, um Textinhalte zu \u00fcberpr\u00fcfen<\/h2><p> Sie k\u00f6nnen die IF-Anweisung auch verwenden, um zu pr\u00fcfen, ob ein Text anderen Text enth\u00e4lt. Durch die Verwendung von IF k\u00f6nnen Sie aussagekr\u00e4ftige Ergebnisse anstelle von TRUE und FALSE verwenden. Im erweiterten Abfrageeditor m\u00fcssen Sie also zur Spalte \u201eHinzuf\u00fcgen\u201c gehen und auf die Bedingungsspalte klicken. <\/p><div class=\"wp-block-image\"><figure class=\"aligncenter size-full is-resized\"><img loading=\"lazy\" decoding=\"async\" class=\"wp-image-89002\" src=\"https:\/\/exceladvisor.org\/wp-content\/uploads\/2023\/08\/7-si-pour-verifier-le-texte-contient.png\" sizes=\"auto, \" srcset=\"\" alt=\"if-check-text-contains\" width=\"618\" height=\"315\"><\/figure><\/div><p> Wenn Sie auf die Bedingungsspalte klicken, wird ein Dialogfeld zum Erstellen einer IF-Anweisung angezeigt. <\/p><div class=\"wp-block-image\"><figure class=\"aligncenter size-full is-resized\"><img loading=\"lazy\" decoding=\"async\" class=\"wp-image-89003\" src=\"https:\/\/exceladvisor.org\/wp-content\/uploads\/2023\/08\/8-colonne-conditionnelle-a-creer-si.png\" sizes=\"auto, \" srcset=\"\" alt=\"Bedingungsspalte zum Erstellen von if\" width=\"784\" height=\"306\"><\/figure><\/div><p> Hier m\u00fcssen Sie:<\/p><ol type=\"1\"><li> Geben Sie den Spaltennamen ein.<\/li><li> W\u00e4hlen Sie den Spaltennamen aus, um die Bedingung zu \u00fcberpr\u00fcfen.<\/li><li> W\u00e4hlen Sie den Operator \u201eenth\u00e4lt\u201c.<\/li><li> Zu pr\u00fcfender Wert: \u201eMs.\u201c<\/li><li> Ausgabe, die erhalten werden soll, wenn die Bedingung TRUE ist: \u201eFrau\u201c.<\/li><li> Und die Ausgabe, um seinen Zustand zu erhalten, ist FALSE, \u201eMale\u201c.<\/li><li> Klicken Sie am Ende auf OK, um die Spalte aufzurufen.<\/li><\/ol><p> Sobald Sie auf \u201eOK\u201c klicken, wird eine neue Spalte mit \u201eFrau\u201c angezeigt, w\u00e4hrend der Text \u201eFrau\u201c enth\u00e4lt. ist wahr, und anders f\u00fcr \u201eMensch\u201c. <\/p><div class=\"wp-block-image\"><figure class=\"aligncenter size-full is-resized\"><img loading=\"lazy\" decoding=\"async\" class=\"wp-image-89004\" src=\"https:\/\/exceladvisor.org\/wp-content\/uploads\/2023\/08\/9-nouvelle-colonne-apres-linstruction-if.png\" sizes=\"auto, \" srcset=\"\" alt=\"new-column-after-if-Anweisung\" width=\"433\" height=\"321\"><\/figure><\/div><div class=\"gb-container gb-container-52dfcee1 gb-container-sample-file\"><h2 class=\"gb-headline gb-headline-e289c143 gb-headline-text gb-headline-4f7959c2\"> Holen Sie sich die Excel-Datei<\/h2><p> <a class=\"gb-button gb-button-e88d6bee gb-button-text gb-button-button1\" href=\"https:\/\/exceladvisor.org\/wp-content\/uploads\/2023\/08\/le-texte-contient-une-requete-avancee.xlsx\" rel=\"nofollow\">Herunterladen<\/a><\/p><\/div><div class=\"gb-container gb-container-9e2850fe gb-container-mt\"> <a class=\"gb-button gb-button-71636faa gb-button-text gb-button-mt-button\" href=\"https:\/\/exceladvisor.org\/de\/leistungsanforderung\/\">Power Query in Excel (Tutorial)<\/a><h2 class=\"gb-headline gb-headline-c566b2ed gb-headline-text gb-headline-mt-heading\"> Verwandte Tutorials <\/h2><div class=\"gb-grid-wrapper gb-grid-wrapper-b15ed1bf gb-grid-wrapper-mt-grid\"><div class=\"gb-grid-column gb-grid-column-6e9de105\"><div class=\"gb-container gb-container-6e9de105\"><ul><li> F\u00fchren Sie mehrere Excel-Dateien in EINEM NOTIZBUCH zusammen<\/li><li> <a href=\"https:\/\/exceladvisor.org\/de\/suchev-2\/\">F\u00fchren Sie SVERWEIS in Power Query in Excel durch<\/a><\/li><li> <a href=\"https:\/\/exceladvisor.org\/de\/nicht-gedrehte-daten\/\">Entfernen Sie den Daten-Pivot in Excel mithilfe von Power Query<\/a><\/li><li> <a href=\"https:\/\/exceladvisor.org\/de\/kette\/\">Power Query: Werte verketten (Text und Zahlen)<\/a><\/li><li> <a href=\"https:\/\/exceladvisor.org\/de\/unterschied-in-den-daten\/\">Power Query: Datumsunterschied<\/a> <\/li><\/ul><\/div><\/div><div class=\"gb-grid-column gb-grid-column-4eaecde3\"><div class=\"gb-container gb-container-4eaecde3\"><\/div><\/div><\/div><\/div>","protected":false},"excerpt":{"rendered":"","protected":false},"author":1,"featured_media":0,"parent":0,"menu_order":0,"comment_status":"open","ping_status":"closed","template":"","meta":{"ub_ctt_via":"","footnotes":""},"class_list":["post-3297","page","type-page","status-publish","hentry"],"featured_image_src":null,"yoast_head":"<!-- This site is optimized with the Yoast SEO plugin v25.4 - https:\/\/yoast.com\/wordpress\/plugins\/seo\/ -->\n<title>Text ist in Power Query enthalten (pr\u00fcfen Sie, ob eine Zeichenfolge vorhanden ist)<\/title>\n<meta name=\"description\" content=\"So \u00fcberpr\u00fcfen Sie mithilfe von Power Query in Excel, ob eine Teilzeichenfolge in der Zeichenfolge enthalten ist oder nicht.\" \/>\n<meta name=\"robots\" content=\"index, follow, max-snippet:-1, max-image-preview:large, max-video-preview:-1\" \/>\n<link rel=\"canonical\" href=\"https:\/\/exceladvisor.org\/de\/der-text-enthalt\/\" \/>\n<meta property=\"og:locale\" content=\"de_DE\" \/>\n<meta property=\"og:type\" content=\"article\" \/>\n<meta property=\"og:title\" content=\"Text ist in Power Query enthalten (pr\u00fcfen Sie, ob eine Zeichenfolge vorhanden ist)\" \/>\n<meta property=\"og:description\" content=\"So \u00fcberpr\u00fcfen Sie mithilfe von Power Query in Excel, ob eine Teilzeichenfolge in der Zeichenfolge enthalten ist oder nicht.\" \/>\n<meta property=\"og:url\" content=\"https:\/\/exceladvisor.org\/de\/der-text-enthalt\/\" \/>\n<meta property=\"og:site_name\" content=\"Excel Advisor\" \/>\n<meta property=\"article:modified_time\" content=\"2023-12-03T11:12:44+00:00\" \/>\n<meta property=\"og:image\" content=\"https:\/\/exceladvisor.org\/wp-content\/uploads\/2023\/08\/1-texte-contient-une-fonction-dans-la-requete-de-puissance.png\" \/>\n<meta name=\"twitter:card\" content=\"summary_large_image\" \/>\n<meta name=\"twitter:label1\" content=\"Gesch\u00e4tzte Lesezeit\" \/>\n\t<meta name=\"twitter:data1\" content=\"2\u00a0Minuten\" \/>\n<script type=\"application\/ld+json\" class=\"yoast-schema-graph\">{\"@context\":\"https:\/\/schema.org\",\"@graph\":[{\"@type\":\"WebPage\",\"@id\":\"https:\/\/exceladvisor.org\/de\/der-text-enthalt\/\",\"url\":\"https:\/\/exceladvisor.org\/de\/der-text-enthalt\/\",\"name\":\"Text ist in Power Query enthalten (pr\u00fcfen Sie, ob eine Zeichenfolge vorhanden ist)\",\"isPartOf\":{\"@id\":\"https:\/\/exceladvisor.org\/de\/#website\"},\"primaryImageOfPage\":{\"@id\":\"https:\/\/exceladvisor.org\/de\/der-text-enthalt\/#primaryimage\"},\"image\":{\"@id\":\"https:\/\/exceladvisor.org\/de\/der-text-enthalt\/#primaryimage\"},\"thumbnailUrl\":\"https:\/\/exceladvisor.org\/wp-content\/uploads\/2023\/08\/1-texte-contient-une-fonction-dans-la-requete-de-puissance.png\",\"datePublished\":\"2023-11-03T15:54:58+00:00\",\"dateModified\":\"2023-12-03T11:12:44+00:00\",\"description\":\"So \u00fcberpr\u00fcfen Sie mithilfe von Power Query in Excel, ob eine Teilzeichenfolge in der Zeichenfolge enthalten ist oder nicht.\",\"breadcrumb\":{\"@id\":\"https:\/\/exceladvisor.org\/de\/der-text-enthalt\/#breadcrumb\"},\"inLanguage\":\"de\",\"potentialAction\":[{\"@type\":\"ReadAction\",\"target\":[\"https:\/\/exceladvisor.org\/de\/der-text-enthalt\/\"]}]},{\"@type\":\"ImageObject\",\"inLanguage\":\"de\",\"@id\":\"https:\/\/exceladvisor.org\/de\/der-text-enthalt\/#primaryimage\",\"url\":\"https:\/\/exceladvisor.org\/wp-content\/uploads\/2023\/08\/1-texte-contient-une-fonction-dans-la-requete-de-puissance.png\",\"contentUrl\":\"https:\/\/exceladvisor.org\/wp-content\/uploads\/2023\/08\/1-texte-contient-une-fonction-dans-la-requete-de-puissance.png\"},{\"@type\":\"BreadcrumbList\",\"@id\":\"https:\/\/exceladvisor.org\/de\/der-text-enthalt\/#breadcrumb\",\"itemListElement\":[{\"@type\":\"ListItem\",\"position\":1,\"name\":\"Accueil\",\"item\":\"https:\/\/exceladvisor.org\/de\/\"},{\"@type\":\"ListItem\",\"position\":2,\"name\":\"Power query: wenn der text enth\u00e4lt\"}]},{\"@type\":\"WebSite\",\"@id\":\"https:\/\/exceladvisor.org\/de\/#website\",\"url\":\"https:\/\/exceladvisor.org\/de\/\",\"name\":\"Excel Advisor\",\"description\":\"Ihr Leitfaden zur Datendominanz\",\"publisher\":{\"@id\":\"https:\/\/exceladvisor.org\/de\/#organization\"},\"potentialAction\":[{\"@type\":\"SearchAction\",\"target\":{\"@type\":\"EntryPoint\",\"urlTemplate\":\"https:\/\/exceladvisor.org\/de\/?s={search_term_string}\"},\"query-input\":{\"@type\":\"PropertyValueSpecification\",\"valueRequired\":true,\"valueName\":\"search_term_string\"}}],\"inLanguage\":\"de\"},{\"@type\":\"Organization\",\"@id\":\"https:\/\/exceladvisor.org\/de\/#organization\",\"name\":\"Excel Advisor\",\"url\":\"https:\/\/exceladvisor.org\/de\/\",\"logo\":{\"@type\":\"ImageObject\",\"inLanguage\":\"de\",\"@id\":\"https:\/\/exceladvisor.org\/de\/#\/schema\/logo\/image\/\",\"url\":\"https:\/\/exceladvisor.org\/de\/wp-content\/uploads\/2023\/11\/exceladvisor.org_.png\",\"contentUrl\":\"https:\/\/exceladvisor.org\/de\/wp-content\/uploads\/2023\/11\/exceladvisor.org_.png\",\"width\":105,\"height\":36,\"caption\":\"Excel Advisor\"},\"image\":{\"@id\":\"https:\/\/exceladvisor.org\/de\/#\/schema\/logo\/image\/\"}}]}<\/script>\n<!-- \/ Yoast SEO plugin. -->","yoast_head_json":{"title":"Text ist in Power Query enthalten (pr\u00fcfen Sie, ob eine Zeichenfolge vorhanden ist)","description":"So \u00fcberpr\u00fcfen Sie mithilfe von Power Query in Excel, ob eine Teilzeichenfolge in der Zeichenfolge enthalten ist oder nicht.","robots":{"index":"index","follow":"follow","max-snippet":"max-snippet:-1","max-image-preview":"max-image-preview:large","max-video-preview":"max-video-preview:-1"},"canonical":"https:\/\/exceladvisor.org\/de\/der-text-enthalt\/","og_locale":"de_DE","og_type":"article","og_title":"Text ist in Power Query enthalten (pr\u00fcfen Sie, ob eine Zeichenfolge vorhanden ist)","og_description":"So \u00fcberpr\u00fcfen Sie mithilfe von Power Query in Excel, ob eine Teilzeichenfolge in der Zeichenfolge enthalten ist oder nicht.","og_url":"https:\/\/exceladvisor.org\/de\/der-text-enthalt\/","og_site_name":"Excel Advisor","article_modified_time":"2023-12-03T11:12:44+00:00","og_image":[{"url":"https:\/\/exceladvisor.org\/wp-content\/uploads\/2023\/08\/1-texte-contient-une-fonction-dans-la-requete-de-puissance.png","type":"","width":"","height":""}],"twitter_card":"summary_large_image","twitter_misc":{"Gesch\u00e4tzte Lesezeit":"2\u00a0Minuten"},"schema":{"@context":"https:\/\/schema.org","@graph":[{"@type":"WebPage","@id":"https:\/\/exceladvisor.org\/de\/der-text-enthalt\/","url":"https:\/\/exceladvisor.org\/de\/der-text-enthalt\/","name":"Text ist in Power Query enthalten (pr\u00fcfen Sie, ob eine Zeichenfolge vorhanden ist)","isPartOf":{"@id":"https:\/\/exceladvisor.org\/de\/#website"},"primaryImageOfPage":{"@id":"https:\/\/exceladvisor.org\/de\/der-text-enthalt\/#primaryimage"},"image":{"@id":"https:\/\/exceladvisor.org\/de\/der-text-enthalt\/#primaryimage"},"thumbnailUrl":"https:\/\/exceladvisor.org\/wp-content\/uploads\/2023\/08\/1-texte-contient-une-fonction-dans-la-requete-de-puissance.png","datePublished":"2023-11-03T15:54:58+00:00","dateModified":"2023-12-03T11:12:44+00:00","description":"So \u00fcberpr\u00fcfen Sie mithilfe von Power Query in Excel, ob eine Teilzeichenfolge in der Zeichenfolge enthalten ist oder nicht.","breadcrumb":{"@id":"https:\/\/exceladvisor.org\/de\/der-text-enthalt\/#breadcrumb"},"inLanguage":"de","potentialAction":[{"@type":"ReadAction","target":["https:\/\/exceladvisor.org\/de\/der-text-enthalt\/"]}]},{"@type":"ImageObject","inLanguage":"de","@id":"https:\/\/exceladvisor.org\/de\/der-text-enthalt\/#primaryimage","url":"https:\/\/exceladvisor.org\/wp-content\/uploads\/2023\/08\/1-texte-contient-une-fonction-dans-la-requete-de-puissance.png","contentUrl":"https:\/\/exceladvisor.org\/wp-content\/uploads\/2023\/08\/1-texte-contient-une-fonction-dans-la-requete-de-puissance.png"},{"@type":"BreadcrumbList","@id":"https:\/\/exceladvisor.org\/de\/der-text-enthalt\/#breadcrumb","itemListElement":[{"@type":"ListItem","position":1,"name":"Accueil","item":"https:\/\/exceladvisor.org\/de\/"},{"@type":"ListItem","position":2,"name":"Power query: wenn der text enth\u00e4lt"}]},{"@type":"WebSite","@id":"https:\/\/exceladvisor.org\/de\/#website","url":"https:\/\/exceladvisor.org\/de\/","name":"Excel Advisor","description":"Ihr Leitfaden zur Datendominanz","publisher":{"@id":"https:\/\/exceladvisor.org\/de\/#organization"},"potentialAction":[{"@type":"SearchAction","target":{"@type":"EntryPoint","urlTemplate":"https:\/\/exceladvisor.org\/de\/?s={search_term_string}"},"query-input":{"@type":"PropertyValueSpecification","valueRequired":true,"valueName":"search_term_string"}}],"inLanguage":"de"},{"@type":"Organization","@id":"https:\/\/exceladvisor.org\/de\/#organization","name":"Excel Advisor","url":"https:\/\/exceladvisor.org\/de\/","logo":{"@type":"ImageObject","inLanguage":"de","@id":"https:\/\/exceladvisor.org\/de\/#\/schema\/logo\/image\/","url":"https:\/\/exceladvisor.org\/de\/wp-content\/uploads\/2023\/11\/exceladvisor.org_.png","contentUrl":"https:\/\/exceladvisor.org\/de\/wp-content\/uploads\/2023\/11\/exceladvisor.org_.png","width":105,"height":36,"caption":"Excel Advisor"},"image":{"@id":"https:\/\/exceladvisor.org\/de\/#\/schema\/logo\/image\/"}}]}},"yoast_meta":{"yoast_wpseo_title":"","yoast_wpseo_metadesc":"","yoast_wpseo_canonical":""},"_links":{"self":[{"href":"https:\/\/exceladvisor.org\/de\/wp-json\/wp\/v2\/pages\/3297","targetHints":{"allow":["GET"]}}],"collection":[{"href":"https:\/\/exceladvisor.org\/de\/wp-json\/wp\/v2\/pages"}],"about":[{"href":"https:\/\/exceladvisor.org\/de\/wp-json\/wp\/v2\/types\/page"}],"author":[{"embeddable":true,"href":"https:\/\/exceladvisor.org\/de\/wp-json\/wp\/v2\/users\/1"}],"replies":[{"embeddable":true,"href":"https:\/\/exceladvisor.org\/de\/wp-json\/wp\/v2\/comments?post=3297"}],"version-history":[{"count":1,"href":"https:\/\/exceladvisor.org\/de\/wp-json\/wp\/v2\/pages\/3297\/revisions"}],"predecessor-version":[{"id":3781,"href":"https:\/\/exceladvisor.org\/de\/wp-json\/wp\/v2\/pages\/3297\/revisions\/3781"}],"wp:attachment":[{"href":"https:\/\/exceladvisor.org\/de\/wp-json\/wp\/v2\/media?parent=3297"}],"curies":[{"name":"wp","href":"https:\/\/api.w.org\/{rel}","templated":true}]}}