{"id":3299,"date":"2023-11-03T04:05:17","date_gmt":"2023-11-03T04:05:17","guid":{"rendered":"https:\/\/exceladvisor.org\/de\/kumulative-gesamt\/"},"modified":"2023-12-03T11:20:34","modified_gmt":"2023-12-03T11:20:34","slug":"kumulative-gesamt","status":"publish","type":"page","link":"https:\/\/exceladvisor.org\/de\/kumulative-gesamt\/","title":{"rendered":"Wie f\u00fcge ich eine laufende summe zu einer pivot-tabelle hinzu?"},"content":{"rendered":"<div class=\"excel-vor-dem-inhalt\" id=\"excel-2877996780\"><script type=\"text\/javascript\">\r\n\tatOptions = {\r\n\t\t'key' : 'c1158f160081d6540a8409e6925dab94',\r\n\t\t'format' : 'iframe',\r\n\t\t'height' : 250,\r\n\t\t'width' : 300,\r\n\t\t'params' : {}\r\n\t};\r\n<\/script>\r\n<script type=\"text\/javascript\" src=\"\/\/www.highperformanceformat.com\/c1158f160081d6540a8409e6925dab94\/invoke.js\"><\/script><\/div> <p>Die laufende Summe in einer Pivot-Tabelle ist eine laufende Summe, die auch die vergangene Summe umfasst. Wenn wir beispielsweise monatliche Daten von Januar bis Dezember haben, zeigt Ihnen eine laufende Summe die YTD-Gesamtsumme f\u00fcr jeden Monat an. Wir k\u00f6nnen eine laufende Summe verwenden, um das vollst\u00e4ndige Wachstum anhand des Ziels zu messen. <\/p><div class=\"wp-block-image\"><figure class=\"aligncenter\"><img decoding=\"async\" src=\"https:\/\/exceladvisor.org\/wp-content\/uploads\/2023\/08\/en-ajoutant-le-total-cumule-dans-le-tableau-croise-dynamique-vous-obtiendrez-la-meme-valeur-pour-le-dernier-et-le-grand-total-1.png\" sizes=\"\" srcset=\"\" alt=\"Durch Addieren der laufenden Summe in der Pivot-Tabelle erhalten Sie den gleichen Wert f\u00fcr die letzte und die Gesamtsumme\"><\/figure><\/div><h2 id=\"tab-con-1\" class=\"wp-block-heading\"> Laufende Summe in der Pivot-Tabelle<\/h2><p> Das Hinzuf\u00fcgen einer laufenden\/laufenden Summe erfordert lediglich ein paar Klicks und hier sind die Schritte dazu.<\/p><ol><li> Nachdem Sie <a href=\"https:\/\/exceladvisor.org\/de\/pivot-tabelle-1\/\" data-wpil=\"url\" data-wpel-link=\"internal\">eine Pivot-Tabelle erstellt haben<\/a> , w\u00e4hlen Sie eine der Zellen in der Datenspalte aus. <br><img decoding=\"async\" title=\"W\u00e4hlen Sie eine Pivot-Tabelle aus, um die laufende Summe in der Pivot-Tabelle hinzuzuf\u00fcgen\" src=\"https:\/\/exceladvisor.org\/wp-content\/uploads\/2023\/08\/selectionnez-le-tableau-croise-dynamique-pour-ajouter-le-total-cumule-dans-le-tableau-croise-dynamique-1.png\" sizes=\"\" srcset=\"\" alt=\"select pivot table to add running total in pivot table\"><\/li><li> Klicken Sie mit der rechten Maustaste darauf und klicken Sie auf \u201eWertfeldeinstellung\u201c. <br><img decoding=\"async\" title=\"Klicken Sie auf die Wertfeldeinstellung, um die laufende Summe zur Pivot-Tabelle hinzuzuf\u00fcgen\" src=\"https:\/\/exceladvisor.org\/wp-content\/uploads\/2023\/08\/cliquez-sur-le-parametre-de-champ-de-valeur-pour-ajouter-le-total-cumule-dans-le-tableau-croise-dynamique-1.png\" sizes=\"\" srcset=\"\" alt=\"click on value field setting to add running total in pivot table\"><\/li><li> Jetzt haben Sie das Fenster \u201eWertfeldeinstellung\u201c.<\/li><li> Gehen Sie zur Registerkarte \u201eWerte anzeigen als\u201c.<\/li><li> W\u00e4hlen Sie in der Dropdown-Liste \u201eWerte anzeigen als\u201c die Option \u201eKumulierte Summe in\u201c aus. <br><img decoding=\"async\" title=\"W\u00e4hlen Sie die laufende Summe auf der Registerkarte aus, um die laufende Summe zur Pivot-Tabelle hinzuzuf\u00fcgen\" src=\"https:\/\/exceladvisor.org\/wp-content\/uploads\/2023\/08\/selectionnez-le-total-cumule-dans-longlet-pour-ajouter-le-total-cumule-dans-le-tableau-croise-dynamique-1.png\" sizes=\"\" srcset=\"\" alt=\"select running total from tab to add running total in pivot table\"><\/li><li> OK klicken.<\/li><\/ol><p> Wir haben jetzt eine laufende Summe in der Pivot-Tabelle mit einer laufenden Summe f\u00fcr jeden Monat. <\/p><div class=\"wp-block-image\"><figure class=\"aligncenter\"><img decoding=\"async\" src=\"https:\/\/exceladvisor.org\/wp-content\/uploads\/2023\/08\/tableau-croise-dynamique-pour-ajouter-le-total-cumule-dans-le-tableau-croise-dynamique-1.png\" sizes=\"\" srcset=\"\" alt=\"Pivot-Tabelle, um die laufende Summe in der Pivot-Tabelle hinzuzuf\u00fcgen\"><\/figure><\/div><p class=\"qt-tip\"> <strong><span style=\"color: #ea493f;\">Hinweis:<\/span><\/strong> Achten Sie beim Addieren der laufenden Summe darauf, dass die Pivot-Tabelle richtig sortiert ist. Wenn wir es von Januar bis Dezember hinzuf\u00fcgen m\u00f6chten, m\u00fcssen die Werte von Januar bis Dezember sortiert sein.<\/p><h2 class=\"wp-block-heading\"> Beginnen Sie mit der laufenden Summe bei Null<\/h2><p> Jemand hat gefragt, wie wir die Summe bei Null beginnen k\u00f6nnen. Dazu m\u00fcssen wir lediglich eine kleine \u00c4nderung an unseren Quelldaten vornehmen.<\/p><ol><li> Zun\u00e4chst m\u00fcssen wir in den Quelldaten einen Dummy-Eintrag mit einem Nullwert eingeben. <br><img decoding=\"async\" title=\"Anwenden der laufenden Gesamtsumme in der Pivot-Tabelle, beginnend bei Null, mit einem Dummy-Eintrag in den Quelldaten\" src=\"https:\/\/exceladvisor.org\/wp-content\/uploads\/2023\/08\/appliquer-le-total-cumule-dans-le-tableau-croise-dynamique-en-partant-de-zero-avec-une-entree-fictive-dans-les-donnees-source-1.png\" sizes=\"\" srcset=\"\" alt=\"apply running total in pivot table with starting from zero with dummy entry in source data\"><\/li><li> Hier beginnen unsere Daten ab dem 15. Januar, und deshalb habe ich den 15. Dezember f\u00fcr den Dummy-Eintrag verwendet.<\/li><li> Gehen Sie nun zur Pivot-Tabelle und <a href=\"https:\/\/exceladvisor.org\/de\/alles-auffrischen\/\" data-wpel-link=\"internal\">aktualisieren Sie<\/a> sie. Und sobald wir das getan haben, ergibt sich eine laufende Summe, beginnend bei Null. <br><img decoding=\"async\" title=\"Addieren Sie die laufende Summe zur Tabelle, beginnend bei Null\" src=\"https:\/\/exceladvisor.org\/wp-content\/uploads\/2023\/08\/ajouter-le-total-cumule-dans-le-tableau-a-partir-de-zero-1.png\" sizes=\"\" srcset=\"\" alt=\"add running total in table starting from zero\"><\/li><\/ol><h2 class=\"wp-block-heading\"> Gesamter kumulativer Prozentsatz<\/h2><p> Anstelle von Werten k\u00f6nnen wir auch den Prozentsatz der laufenden Gesamtsumme verwenden. <\/p><ul id=\"block-d5772274-23b4-48fc-9534-bb507d9ee117\" class=\"block-editor-rich-text__editable block-editor-block-list__block wp-block is-selected rich-text\" tabindex=\"0\" role=\"group\" contenteditable=\"true\" aria-multiline=\"true\" aria-label=\"Block: List\" data-block=\"d5772274-23b4-48fc-9534-bb507d9ee117\" data-type=\"core\/list\" data-title=\"List\"><li> Klicken Sie zun\u00e4chst mit der rechten Maustaste auf die Gesamtspalte und \u00f6ffnen Sie \u201eWertfeldeinstellung\u201c.<\/li><li> Gehen Sie anschlie\u00dfend zur Registerkarte \u201eWerte anzeigen als\u201c und w\u00e4hlen Sie \u201e% Running Total In\u201c aus dem Dropdown-Men\u00fc aus. <br><img decoding=\"async\" title=\"Add-Laufende-Summe-in-Pivot-Tabelle-mit-Prozentsatz\" src=\"https:\/\/exceladvisor.org\/wp-content\/uploads\/2023\/08\/ajouter-le-total-cumule-dans-le-tableau-croise-dynamique-avec-pourcentage-1.png\" sizes=\"\" srcset=\"\" alt=\"add running total in pivot table with percentage\"><\/li><li> OK klicken. <br><img decoding=\"async\" title=\"F\u00fcgen Sie die laufende Summe in der Pivot-Tabelle als laufenden Prozentsatz hinzu\" src=\"https:\/\/exceladvisor.org\/wp-content\/uploads\/2023\/08\/ajouter-le-total-cumule-dans-le-tableau-croise-dynamique-en-pourcentage-cumule-1.png\" sizes=\"\" srcset=\"\" alt=\"add running total in pivot table as cumulative percentage\"><\/li><\/ul><h2 class=\"wp-block-heading\"> Kumulierte Summe mit gruppierten Daten<\/h2><p> Wenn wir eine laufende Summe addieren, bei der wir <a href=\"https:\/\/exceladvisor.org\/de\/gruppentermine\/\" data-wpel-link=\"internal\">Daten gruppiert<\/a> haben, kann es zu einem Problem kommen, das m\u00f6chte ich Ihnen zeigen. In der Pivot-Tabelle unten haben wir die Daten gruppiert und daraus zweizeilige Beschriftungen \u201eQuartale\u201c und \u201eMonate\u201c erstellt.<\/p><p> Und wir haben auch die laufende Summe im Datenfeld angewendet. Wenn Sie nun nach einer Quartalsver\u00e4nderung schauen, beginnt die kumulative Gesamtsumme erneut. Aber wir k\u00f6nnen es mithilfe einer Hilfsspalte beheben und hier sind die Schritte.<\/p><ol><li> Navigieren Sie zun\u00e4chst zu Ihren Quelldaten und geben Sie nach der Datumsspalte eine neue Spalte ein.<\/li><li> Benennen Sie diese Spalte anschlie\u00dfend \u201eQM\u201c und geben Sie die folgende Formel ein: <pre> =\"Qtr\"&amp;ROUNDUP(MONTH(A2)\/3,0)&amp;\"-\"&amp;TEXT(A2,\"MM\") <\/pre><img decoding=\"async\" title=\"appy-running-total-in-pivot-table-using-helper-column-in-source-data-1\" src=\"https:\/\/exceladvisor.org\/wp-content\/uploads\/2023\/08\/appy-cumulant-le-total-dans-le-tableau-croise-dynamique-a-laide-de-la-colonne-dassistance-dans-les-donnees-source-1-1.png\" sizes=\"\" srcset=\"\" alt=\"apply running total in pivot table using helper column in source data\"><\/li><li> Aktualisieren Sie nun Ihre Pivot-Tabelle, entfernen Sie die Spaltenfelder \u201eQuartale\u201c und \u201eMonate\u201c und f\u00fcgen Sie die Spalte \u201eQM\u201c hinzu. <br><img decoding=\"async\" title=\"appy-running-total-in-pivot-table-when-dates-are-grouped-add-helper-column-1\" src=\"https:\/\/exceladvisor.org\/wp-content\/uploads\/2023\/08\/appy-cumulant-le-total-dans-le-tableau-croise-dynamique-lorsque-les-dates-sont-regroupees-ajouter-la-colonne-daide-1-1.png\" sizes=\"\" srcset=\"\" alt=\"apply running total in pivot table when dates are grouped add helper column 1\"><\/li><\/ol><h2 class=\"wp-block-heading\"> Laufende Summe in einem PivotChart<\/h2><p> Mit einer laufenden Summe k\u00f6nnen wir auch <a href=\"https:\/\/exceladvisor.org\/de\/pivot-tabelle-2\/\" data-wpel-link=\"internal\" data-wpil=\"url\">eine Pivot-Tabelle erstellen<\/a> , um die laufenden Werte grafisch darzustellen. <\/p><div class=\"wp-block-image\"><figure class=\"aligncenter\"><img decoding=\"async\" src=\"https:\/\/exceladvisor.org\/wp-content\/uploads\/2023\/08\/ajouter-le-total-cumule-dans-le-tableau-croise-dynamique-avec-le-tableau-croise-dynamique-1.png\" sizes=\"\" srcset=\"\" alt=\"F\u00fcgen Sie die laufende Summe in der Pivot-Tabelle mit der Pivot-Tabelle hinzu\"><\/figure><\/div><p> Im obigen Beispiel haben wir eine Pivot-Tabelle mit der Pivot-Tabelle, um den Trend der von Monat zu Monat steigenden Werte anzuzeigen.<\/p><h2 class=\"wp-block-heading\"> Beispieldatei<\/h2><p> <a href=\"https:\/\/exceladvisor.org\/wp-content\/uploads\/2023\/11\/total-cumule-dans-le-tableau-croise-dynamique.xlsx\" rel=\"nofollow\" data-wpel-link=\"internal\">herunterladen<\/a><\/p>","protected":false},"excerpt":{"rendered":"","protected":false},"author":1,"featured_media":0,"parent":0,"menu_order":0,"comment_status":"open","ping_status":"closed","template":"","meta":{"ub_ctt_via":"","footnotes":""},"class_list":["post-3299","page","type-page","status-publish","hentry"],"featured_image_src":null,"yoast_head":"<!-- This site is optimized with the Yoast SEO plugin v25.4 - https:\/\/yoast.com\/wordpress\/plugins\/seo\/ -->\n<title>Wie f\u00fcge ich eine laufende Summe zu einer Pivot-Tabelle hinzu?<\/title>\n<meta name=\"description\" content=\"In diesem Tutorial zeige ich Ihnen, wie Sie einer Pivot-Tabelle eine laufende Summe hinzuf\u00fcgen. Sie werden auch das entdecken\" \/>\n<meta name=\"robots\" content=\"index, follow, max-snippet:-1, max-image-preview:large, max-video-preview:-1\" \/>\n<link rel=\"canonical\" href=\"https:\/\/exceladvisor.org\/de\/kumulative-gesamt\/\" \/>\n<meta property=\"og:locale\" content=\"de_DE\" \/>\n<meta property=\"og:type\" content=\"article\" \/>\n<meta property=\"og:title\" content=\"Wie f\u00fcge ich eine laufende Summe zu einer Pivot-Tabelle hinzu?\" \/>\n<meta property=\"og:description\" content=\"In diesem Tutorial zeige ich Ihnen, wie Sie einer Pivot-Tabelle eine laufende Summe hinzuf\u00fcgen. Sie werden auch das entdecken\" \/>\n<meta property=\"og:url\" content=\"https:\/\/exceladvisor.org\/de\/kumulative-gesamt\/\" \/>\n<meta property=\"og:site_name\" content=\"Excel Advisor\" \/>\n<meta property=\"article:modified_time\" content=\"2023-12-03T11:20:34+00:00\" \/>\n<meta property=\"og:image\" content=\"https:\/\/exceladvisor.org\/wp-content\/uploads\/2023\/08\/en-ajoutant-le-total-cumule-dans-le-tableau-croise-dynamique-vous-obtiendrez-la-meme-valeur-pour-le-dernier-et-le-grand-total-1.png\" \/>\n<meta name=\"twitter:card\" content=\"summary_large_image\" \/>\n<meta name=\"twitter:label1\" content=\"Gesch\u00e4tzte Lesezeit\" \/>\n\t<meta name=\"twitter:data1\" content=\"3\u00a0Minuten\" \/>\n<script type=\"application\/ld+json\" class=\"yoast-schema-graph\">{\"@context\":\"https:\/\/schema.org\",\"@graph\":[{\"@type\":\"WebPage\",\"@id\":\"https:\/\/exceladvisor.org\/de\/kumulative-gesamt\/\",\"url\":\"https:\/\/exceladvisor.org\/de\/kumulative-gesamt\/\",\"name\":\"Wie f\u00fcge ich eine laufende Summe zu einer Pivot-Tabelle hinzu?\",\"isPartOf\":{\"@id\":\"https:\/\/exceladvisor.org\/de\/#website\"},\"primaryImageOfPage\":{\"@id\":\"https:\/\/exceladvisor.org\/de\/kumulative-gesamt\/#primaryimage\"},\"image\":{\"@id\":\"https:\/\/exceladvisor.org\/de\/kumulative-gesamt\/#primaryimage\"},\"thumbnailUrl\":\"https:\/\/exceladvisor.org\/wp-content\/uploads\/2023\/08\/en-ajoutant-le-total-cumule-dans-le-tableau-croise-dynamique-vous-obtiendrez-la-meme-valeur-pour-le-dernier-et-le-grand-total-1.png\",\"datePublished\":\"2023-11-03T04:05:17+00:00\",\"dateModified\":\"2023-12-03T11:20:34+00:00\",\"description\":\"In diesem Tutorial zeige ich Ihnen, wie Sie einer Pivot-Tabelle eine laufende Summe hinzuf\u00fcgen. Sie werden auch das entdecken\",\"breadcrumb\":{\"@id\":\"https:\/\/exceladvisor.org\/de\/kumulative-gesamt\/#breadcrumb\"},\"inLanguage\":\"de\",\"potentialAction\":[{\"@type\":\"ReadAction\",\"target\":[\"https:\/\/exceladvisor.org\/de\/kumulative-gesamt\/\"]}]},{\"@type\":\"ImageObject\",\"inLanguage\":\"de\",\"@id\":\"https:\/\/exceladvisor.org\/de\/kumulative-gesamt\/#primaryimage\",\"url\":\"https:\/\/exceladvisor.org\/wp-content\/uploads\/2023\/08\/en-ajoutant-le-total-cumule-dans-le-tableau-croise-dynamique-vous-obtiendrez-la-meme-valeur-pour-le-dernier-et-le-grand-total-1.png\",\"contentUrl\":\"https:\/\/exceladvisor.org\/wp-content\/uploads\/2023\/08\/en-ajoutant-le-total-cumule-dans-le-tableau-croise-dynamique-vous-obtiendrez-la-meme-valeur-pour-le-dernier-et-le-grand-total-1.png\"},{\"@type\":\"BreadcrumbList\",\"@id\":\"https:\/\/exceladvisor.org\/de\/kumulative-gesamt\/#breadcrumb\",\"itemListElement\":[{\"@type\":\"ListItem\",\"position\":1,\"name\":\"Accueil\",\"item\":\"https:\/\/exceladvisor.org\/de\/\"},{\"@type\":\"ListItem\",\"position\":2,\"name\":\"Wie f\u00fcge ich eine laufende summe zu einer pivot-tabelle hinzu?\"}]},{\"@type\":\"WebSite\",\"@id\":\"https:\/\/exceladvisor.org\/de\/#website\",\"url\":\"https:\/\/exceladvisor.org\/de\/\",\"name\":\"Excel Advisor\",\"description\":\"Ihr Leitfaden zur Datendominanz\",\"publisher\":{\"@id\":\"https:\/\/exceladvisor.org\/de\/#organization\"},\"potentialAction\":[{\"@type\":\"SearchAction\",\"target\":{\"@type\":\"EntryPoint\",\"urlTemplate\":\"https:\/\/exceladvisor.org\/de\/?s={search_term_string}\"},\"query-input\":{\"@type\":\"PropertyValueSpecification\",\"valueRequired\":true,\"valueName\":\"search_term_string\"}}],\"inLanguage\":\"de\"},{\"@type\":\"Organization\",\"@id\":\"https:\/\/exceladvisor.org\/de\/#organization\",\"name\":\"Excel Advisor\",\"url\":\"https:\/\/exceladvisor.org\/de\/\",\"logo\":{\"@type\":\"ImageObject\",\"inLanguage\":\"de\",\"@id\":\"https:\/\/exceladvisor.org\/de\/#\/schema\/logo\/image\/\",\"url\":\"https:\/\/exceladvisor.org\/de\/wp-content\/uploads\/2023\/11\/exceladvisor.org_.png\",\"contentUrl\":\"https:\/\/exceladvisor.org\/de\/wp-content\/uploads\/2023\/11\/exceladvisor.org_.png\",\"width\":105,\"height\":36,\"caption\":\"Excel Advisor\"},\"image\":{\"@id\":\"https:\/\/exceladvisor.org\/de\/#\/schema\/logo\/image\/\"}}]}<\/script>\n<!-- \/ Yoast SEO plugin. -->","yoast_head_json":{"title":"Wie f\u00fcge ich eine laufende Summe zu einer Pivot-Tabelle hinzu?","description":"In diesem Tutorial zeige ich Ihnen, wie Sie einer Pivot-Tabelle eine laufende Summe hinzuf\u00fcgen. Sie werden auch das entdecken","robots":{"index":"index","follow":"follow","max-snippet":"max-snippet:-1","max-image-preview":"max-image-preview:large","max-video-preview":"max-video-preview:-1"},"canonical":"https:\/\/exceladvisor.org\/de\/kumulative-gesamt\/","og_locale":"de_DE","og_type":"article","og_title":"Wie f\u00fcge ich eine laufende Summe zu einer Pivot-Tabelle hinzu?","og_description":"In diesem Tutorial zeige ich Ihnen, wie Sie einer Pivot-Tabelle eine laufende Summe hinzuf\u00fcgen. Sie werden auch das entdecken","og_url":"https:\/\/exceladvisor.org\/de\/kumulative-gesamt\/","og_site_name":"Excel Advisor","article_modified_time":"2023-12-03T11:20:34+00:00","og_image":[{"url":"https:\/\/exceladvisor.org\/wp-content\/uploads\/2023\/08\/en-ajoutant-le-total-cumule-dans-le-tableau-croise-dynamique-vous-obtiendrez-la-meme-valeur-pour-le-dernier-et-le-grand-total-1.png","type":"","width":"","height":""}],"twitter_card":"summary_large_image","twitter_misc":{"Gesch\u00e4tzte Lesezeit":"3\u00a0Minuten"},"schema":{"@context":"https:\/\/schema.org","@graph":[{"@type":"WebPage","@id":"https:\/\/exceladvisor.org\/de\/kumulative-gesamt\/","url":"https:\/\/exceladvisor.org\/de\/kumulative-gesamt\/","name":"Wie f\u00fcge ich eine laufende Summe zu einer Pivot-Tabelle hinzu?","isPartOf":{"@id":"https:\/\/exceladvisor.org\/de\/#website"},"primaryImageOfPage":{"@id":"https:\/\/exceladvisor.org\/de\/kumulative-gesamt\/#primaryimage"},"image":{"@id":"https:\/\/exceladvisor.org\/de\/kumulative-gesamt\/#primaryimage"},"thumbnailUrl":"https:\/\/exceladvisor.org\/wp-content\/uploads\/2023\/08\/en-ajoutant-le-total-cumule-dans-le-tableau-croise-dynamique-vous-obtiendrez-la-meme-valeur-pour-le-dernier-et-le-grand-total-1.png","datePublished":"2023-11-03T04:05:17+00:00","dateModified":"2023-12-03T11:20:34+00:00","description":"In diesem Tutorial zeige ich Ihnen, wie Sie einer Pivot-Tabelle eine laufende Summe hinzuf\u00fcgen. Sie werden auch das entdecken","breadcrumb":{"@id":"https:\/\/exceladvisor.org\/de\/kumulative-gesamt\/#breadcrumb"},"inLanguage":"de","potentialAction":[{"@type":"ReadAction","target":["https:\/\/exceladvisor.org\/de\/kumulative-gesamt\/"]}]},{"@type":"ImageObject","inLanguage":"de","@id":"https:\/\/exceladvisor.org\/de\/kumulative-gesamt\/#primaryimage","url":"https:\/\/exceladvisor.org\/wp-content\/uploads\/2023\/08\/en-ajoutant-le-total-cumule-dans-le-tableau-croise-dynamique-vous-obtiendrez-la-meme-valeur-pour-le-dernier-et-le-grand-total-1.png","contentUrl":"https:\/\/exceladvisor.org\/wp-content\/uploads\/2023\/08\/en-ajoutant-le-total-cumule-dans-le-tableau-croise-dynamique-vous-obtiendrez-la-meme-valeur-pour-le-dernier-et-le-grand-total-1.png"},{"@type":"BreadcrumbList","@id":"https:\/\/exceladvisor.org\/de\/kumulative-gesamt\/#breadcrumb","itemListElement":[{"@type":"ListItem","position":1,"name":"Accueil","item":"https:\/\/exceladvisor.org\/de\/"},{"@type":"ListItem","position":2,"name":"Wie f\u00fcge ich eine laufende summe zu einer pivot-tabelle hinzu?"}]},{"@type":"WebSite","@id":"https:\/\/exceladvisor.org\/de\/#website","url":"https:\/\/exceladvisor.org\/de\/","name":"Excel Advisor","description":"Ihr Leitfaden zur Datendominanz","publisher":{"@id":"https:\/\/exceladvisor.org\/de\/#organization"},"potentialAction":[{"@type":"SearchAction","target":{"@type":"EntryPoint","urlTemplate":"https:\/\/exceladvisor.org\/de\/?s={search_term_string}"},"query-input":{"@type":"PropertyValueSpecification","valueRequired":true,"valueName":"search_term_string"}}],"inLanguage":"de"},{"@type":"Organization","@id":"https:\/\/exceladvisor.org\/de\/#organization","name":"Excel Advisor","url":"https:\/\/exceladvisor.org\/de\/","logo":{"@type":"ImageObject","inLanguage":"de","@id":"https:\/\/exceladvisor.org\/de\/#\/schema\/logo\/image\/","url":"https:\/\/exceladvisor.org\/de\/wp-content\/uploads\/2023\/11\/exceladvisor.org_.png","contentUrl":"https:\/\/exceladvisor.org\/de\/wp-content\/uploads\/2023\/11\/exceladvisor.org_.png","width":105,"height":36,"caption":"Excel Advisor"},"image":{"@id":"https:\/\/exceladvisor.org\/de\/#\/schema\/logo\/image\/"}}]}},"yoast_meta":{"yoast_wpseo_title":"","yoast_wpseo_metadesc":"","yoast_wpseo_canonical":""},"_links":{"self":[{"href":"https:\/\/exceladvisor.org\/de\/wp-json\/wp\/v2\/pages\/3299","targetHints":{"allow":["GET"]}}],"collection":[{"href":"https:\/\/exceladvisor.org\/de\/wp-json\/wp\/v2\/pages"}],"about":[{"href":"https:\/\/exceladvisor.org\/de\/wp-json\/wp\/v2\/types\/page"}],"author":[{"embeddable":true,"href":"https:\/\/exceladvisor.org\/de\/wp-json\/wp\/v2\/users\/1"}],"replies":[{"embeddable":true,"href":"https:\/\/exceladvisor.org\/de\/wp-json\/wp\/v2\/comments?post=3299"}],"version-history":[{"count":1,"href":"https:\/\/exceladvisor.org\/de\/wp-json\/wp\/v2\/pages\/3299\/revisions"}],"predecessor-version":[{"id":4014,"href":"https:\/\/exceladvisor.org\/de\/wp-json\/wp\/v2\/pages\/3299\/revisions\/4014"}],"wp:attachment":[{"href":"https:\/\/exceladvisor.org\/de\/wp-json\/wp\/v2\/media?parent=3299"}],"curies":[{"name":"wp","href":"https:\/\/api.w.org\/{rel}","templated":true}]}}