{"id":3300,"date":"2023-11-03T04:01:28","date_gmt":"2023-11-03T04:01:28","guid":{"rendered":"https:\/\/exceladvisor.org\/de\/kommas-hinzufugen\/"},"modified":"2023-12-03T11:21:09","modified_gmt":"2023-12-03T11:21:09","slug":"kommas-hinzufugen","status":"publish","type":"page","link":"https:\/\/exceladvisor.org\/de\/kommas-hinzufugen\/","title":{"rendered":"Wie f\u00fcge ich kommas in excel hinzu?"},"content":{"rendered":"<div class=\"excel-vor-dem-inhalt\" id=\"excel-2564595835\"><script type=\"text\/javascript\">\r\n\tatOptions = {\r\n\t\t'key' : 'c1158f160081d6540a8409e6925dab94',\r\n\t\t'format' : 'iframe',\r\n\t\t'height' : 250,\r\n\t\t'width' : 300,\r\n\t\t'params' : {}\r\n\t};\r\n<\/script>\r\n<script type=\"text\/javascript\" src=\"\/\/www.highperformanceformat.com\/c1158f160081d6540a8409e6925dab94\/invoke.js\"><\/script><\/div> <p>Wenn Sie vor oder nach einem Zellenwert ein Komma hinzuf\u00fcgen m\u00f6chten, k\u00f6nnen Sie in Excel verschiedene Formeln schreiben. Dazu m\u00fcssen Sie die Verkettungsmethoden oder die Funktion verwenden, die es Ihnen erm\u00f6glicht, zwei oder mehr Werte zu kombinieren.<\/p><p> In diesem Tutorial werden wir diese Formeln detailliert beschreiben.<\/p><h2 class=\"wp-block-heading\"> Verwenden Sie das kaufm\u00e4nnische Und, um ein Komma hinzuzuf\u00fcgen<\/h2><p> Im folgenden Beispiel haben Sie zwei Zellen, A1 und B1, mit Textwerten. Sie m\u00fcssen diese Werte aus diesen Zellen kombinieren und ein Komma dazwischen einf\u00fcgen.<\/p><p> Verwenden Sie dazu die folgende Formel: <\/p><div class=\"wp-block-image\"><figure class=\"aligncenter size-full is-resized\"><img loading=\"lazy\" decoding=\"async\" class=\"alignnone  wp-image-13636\" src=\"https:\/\/exceladvisor.org\/wp-content\/uploads\/2023\/11\/formule-a-ajouter-virgules.png\" alt=\"Formel zum Hinzuf\u00fcgen von Kommas\" width=\"514\" height=\"259\" srcset=\"https:\/\/exceladvisor.org\/wp-content\/uploads\/2023\/11\/formule-a-ajouter-virgules.png 582w, https:\/\/exceladvisor.org\/wp-content\/uploads\/2023\/11\/formule-a-ajouter-virgules-300x151.png 300w\" sizes=\"auto, (max-width: 514px) 100vw, 514px\"><\/figure><\/div><pre class=\"wp-block-code\"> <code class=\"language-excel-formula\" lang=\"excel-formula\">=A1&amp;\", \"&amp;B1<\/code><\/pre><p> In dieser Formel haben Sie Werte aus den Zellen A1 und B1. Und mit Hilfe von doppelten Anf\u00fchrungszeichen stehen zwischen den beiden Werten ein Komma und ein Leerzeichen.<\/p><p> Alternativ k\u00f6nnen Sie dies auch mit der CONCATENATE-Funktion tun. <\/p><pre class=\"wp-block-code\"> <code class=\"language-excel-formula\" lang=\"excel-formula\">=CONCATENATE(A1,\", \",B1)<\/code><\/pre><div class=\"wp-block-image\"><figure class=\"aligncenter size-full is-resized\"><img loading=\"lazy\" decoding=\"async\" class=\"alignnone  wp-image-13637\" src=\"https:\/\/exceladvisor.org\/wp-content\/uploads\/2023\/11\/ajouter-une-virgule-en-utilisant-concatenation.png\" alt=\"F\u00fcgen Sie mithilfe der Verkettung ein Komma hinzu\" width=\"512\" height=\"258\" srcset=\"https:\/\/exceladvisor.org\/wp-content\/uploads\/2023\/11\/ajouter-une-virgule-en-utilisant-concatenation.png 582w, https:\/\/exceladvisor.org\/wp-content\/uploads\/2023\/11\/ajouter-une-virgule-en-utilisant-concatenation-300x151.png 300w\" sizes=\"auto, (max-width: 512px) 100vw, 512px\"><\/figure><\/div><p> Und wenn Sie bereits ein Komma in einer Zelle haben, k\u00f6nnen Sie daf\u00fcr die CONCAT-Funktion verwenden. <\/p><div class=\"wp-block-image\"><figure class=\"aligncenter size-full is-resized\"><img loading=\"lazy\" decoding=\"async\" class=\"alignnone  wp-image-13638\" src=\"https:\/\/exceladvisor.org\/wp-content\/uploads\/2023\/11\/concat-si-a-deja-une-virgules.png\" alt=\"concat-wenn-bereits-ein-Komma hat\" width=\"507\" height=\"202\" srcset=\"https:\/\/exceladvisor.org\/wp-content\/uploads\/2023\/11\/concat-si-a-deja-une-virgules.png 736w, https:\/\/exceladvisor.org\/wp-content\/uploads\/2023\/11\/concat-si-a-deja-une-virgules-300x119.png 300w\" sizes=\"auto, (max-width: 507px) 100vw, 507px\"><\/figure><\/div><p class=\"qt-tip\"> <strong>Hinweis:<\/strong> Sie k\u00f6nnen diese Methode in jeder Excel-Version verwenden.<\/p><h2 class=\"wp-block-heading\"> Verwenden Sie TEXTJOIN, um Kommas zwischen mehreren Werten einzuf\u00fcgen<\/h2><p> Wenn Sie Kommas zwischen mehreren Werten in einem Zellbereich hinzuf\u00fcgen m\u00f6chten, ist TEXTJOIN die beste Funktion. <\/p><div class=\"wp-block-image\"><figure class=\"aligncenter size-full is-resized\"><img loading=\"lazy\" decoding=\"async\" class=\"alignnone  wp-image-13639\" src=\"https:\/\/exceladvisor.org\/wp-content\/uploads\/2023\/11\/textjoin-to-add-comma.png\" alt=\"textjoin-to-add-comma\" width=\"447\" height=\"342\" srcset=\"https:\/\/exceladvisor.org\/wp-content\/uploads\/2023\/11\/textjoin-to-add-comma.png 588w, https:\/\/exceladvisor.org\/wp-content\/uploads\/2023\/11\/textjoin-to-add-comma-300x230.png 300w\" sizes=\"auto, (max-width: 447px) 100vw, 447px\"><\/figure><\/div><pre class=\"wp-block-code\"> <code class=\"language-excel-formula\" lang=\"excel-formula\">=TEXTJOIN(\", \",TRUE,A1:A5)<\/code><\/pre><p> Mit TEXTJOIN k\u00f6nnen Sie ganz einfach ein Komma oder ein anderes Trennzeichen hinzuf\u00fcgen. Wie du sehen kannst:<\/p><ul><li> Wir haben im ersten Argument der Funktion ein Komma und ein Leerzeichen angegeben.<\/li><li> Und dann TRUE, um leere Zellen zu ignorieren.<\/li><li> Am Ende verwiesen wir auf den Bereich, aus dem wir kommen wollten.<\/li><\/ul><p> Wenn Sie die Eingabetaste dr\u00fccken, werden alle Werte mit einem Komma und einem Leerzeichen zwischen den einzelnen W\u00f6rtern angezeigt. <\/p><div class=\"gb-container gb-container-52dfcee1 gb-container-sample-file\"><h2 class=\"gb-headline gb-headline-e289c143 gb-headline-text gb-headline-4f7959c2\"> Holen Sie sich die Excel-Datei<\/h2> <a class=\"gb-button gb-button-e88d6bee gb-button-text gb-button-button1\" href=\"https:\/\/exceladvisor.org\/wp-content\/uploads\/2023\/11\/ajouter-une-virgule.xlsx\" rel=\"nofollow\">Herunterladen<\/a><\/div><div class=\"gb-container gb-container-0df56012 gb-container-mt\"> <a class=\"gb-button gb-button-f9f432f4 gb-button-text gb-button-mt-button\" href=\"https:\/\/exceladvisor.org\/de\/formeln\/\">Liste der Excel-Formeln<\/a><h2 class=\"gb-headline gb-headline-233444e8 gb-headline-text gb-headline-mt-heading\"> Verwandte Formeln <\/h2><div class=\"gb-grid-wrapper gb-grid-wrapper-a16fa65c gb-grid-wrapper-mt-grid\"><div class=\"gb-grid-column gb-grid-column-50d07e0d\"><div class=\"gb-container gb-container-50d07e0d\"><ul><li> <a href=\"https:\/\/exceladvisor.org\/de\/neue-zeile-in-der-zelle\/\">Eine neue Zeile zu einer Zelle in Excel hinzuf\u00fcgen (Zeilenumbruch)<\/a><\/li><li> <a href=\"https:\/\/exceladvisor.org\/de\/fuhrende-nullen\/\">F\u00fcgen Sie f\u00fchrende Nullen in Excel hinzu<\/a><\/li><li> <a href=\"https:\/\/exceladvisor.org\/de\/verketten-sie-zellen-mit-einem-komma\/\">Verketten (kombinieren) Sie Zellen in Excel mit einem Komma<\/a><\/li><li> <a href=\"https:\/\/exceladvisor.org\/de\/eine-reihe-von-zellen-verketten\/\">Verketten (kombinieren) Sie einen Bereich von Zellen in Excel<\/a><\/li><li> <a href=\"https:\/\/exceladvisor.org\/de\/einen-zeilenumbruch-verketten\/\">Mit Zeilenumbruch in Excel verketten<\/a><\/li><\/ul><\/div><\/div><\/div><\/div>","protected":false},"excerpt":{"rendered":"","protected":false},"author":1,"featured_media":0,"parent":0,"menu_order":0,"comment_status":"open","ping_status":"closed","template":"","meta":{"ub_ctt_via":"","footnotes":""},"class_list":["post-3300","page","type-page","status-publish","hentry"],"featured_image_src":null,"yoast_head":"<!-- This site is optimized with the Yoast SEO plugin v25.4 - https:\/\/yoast.com\/wordpress\/plugins\/seo\/ -->\n<title>\u25b7 Wie f\u00fcge ich Kommas in Excel hinzu? (Zelle \u2013 Text)<\/title>\n<meta name=\"description\" content=\"In diesem Tutorial erfahren Sie, wie Sie eine Excel-Formel schreiben, um nach oder vor einem Wert Kommas einzuf\u00fcgen. Lassen Sie uns das \u00fcberpr\u00fcfen ...\" \/>\n<meta name=\"robots\" content=\"index, follow, max-snippet:-1, max-image-preview:large, max-video-preview:-1\" \/>\n<link rel=\"canonical\" href=\"https:\/\/exceladvisor.org\/de\/kommas-hinzufugen\/\" \/>\n<meta property=\"og:locale\" content=\"de_DE\" \/>\n<meta property=\"og:type\" content=\"article\" \/>\n<meta property=\"og:title\" content=\"\u25b7 Wie f\u00fcge ich Kommas in Excel hinzu? (Zelle \u2013 Text)\" \/>\n<meta property=\"og:description\" content=\"In diesem Tutorial erfahren Sie, wie Sie eine Excel-Formel schreiben, um nach oder vor einem Wert Kommas einzuf\u00fcgen. Lassen Sie uns das \u00fcberpr\u00fcfen ...\" \/>\n<meta property=\"og:url\" content=\"https:\/\/exceladvisor.org\/de\/kommas-hinzufugen\/\" \/>\n<meta property=\"og:site_name\" content=\"Excel Advisor\" \/>\n<meta property=\"article:modified_time\" content=\"2023-12-03T11:21:09+00:00\" \/>\n<meta property=\"og:image\" content=\"https:\/\/exceladvisor.org\/wp-content\/uploads\/2023\/11\/formule-a-ajouter-virgules.png\" \/>\n<meta name=\"twitter:card\" content=\"summary_large_image\" \/>\n<meta name=\"twitter:label1\" content=\"Gesch\u00e4tzte Lesezeit\" \/>\n\t<meta name=\"twitter:data1\" content=\"2\u00a0Minuten\" \/>\n<script type=\"application\/ld+json\" class=\"yoast-schema-graph\">{\"@context\":\"https:\/\/schema.org\",\"@graph\":[{\"@type\":\"WebPage\",\"@id\":\"https:\/\/exceladvisor.org\/de\/kommas-hinzufugen\/\",\"url\":\"https:\/\/exceladvisor.org\/de\/kommas-hinzufugen\/\",\"name\":\"\u25b7 Wie f\u00fcge ich Kommas in Excel hinzu? (Zelle \u2013 Text)\",\"isPartOf\":{\"@id\":\"https:\/\/exceladvisor.org\/de\/#website\"},\"primaryImageOfPage\":{\"@id\":\"https:\/\/exceladvisor.org\/de\/kommas-hinzufugen\/#primaryimage\"},\"image\":{\"@id\":\"https:\/\/exceladvisor.org\/de\/kommas-hinzufugen\/#primaryimage\"},\"thumbnailUrl\":\"https:\/\/exceladvisor.org\/wp-content\/uploads\/2023\/11\/formule-a-ajouter-virgules.png\",\"datePublished\":\"2023-11-03T04:01:28+00:00\",\"dateModified\":\"2023-12-03T11:21:09+00:00\",\"description\":\"In diesem Tutorial erfahren Sie, wie Sie eine Excel-Formel schreiben, um nach oder vor einem Wert Kommas einzuf\u00fcgen. Lassen Sie uns das \u00fcberpr\u00fcfen ...\",\"breadcrumb\":{\"@id\":\"https:\/\/exceladvisor.org\/de\/kommas-hinzufugen\/#breadcrumb\"},\"inLanguage\":\"de\",\"potentialAction\":[{\"@type\":\"ReadAction\",\"target\":[\"https:\/\/exceladvisor.org\/de\/kommas-hinzufugen\/\"]}]},{\"@type\":\"ImageObject\",\"inLanguage\":\"de\",\"@id\":\"https:\/\/exceladvisor.org\/de\/kommas-hinzufugen\/#primaryimage\",\"url\":\"https:\/\/exceladvisor.org\/wp-content\/uploads\/2023\/11\/formule-a-ajouter-virgules.png\",\"contentUrl\":\"https:\/\/exceladvisor.org\/wp-content\/uploads\/2023\/11\/formule-a-ajouter-virgules.png\"},{\"@type\":\"BreadcrumbList\",\"@id\":\"https:\/\/exceladvisor.org\/de\/kommas-hinzufugen\/#breadcrumb\",\"itemListElement\":[{\"@type\":\"ListItem\",\"position\":1,\"name\":\"Accueil\",\"item\":\"https:\/\/exceladvisor.org\/de\/\"},{\"@type\":\"ListItem\",\"position\":2,\"name\":\"Wie f\u00fcge ich kommas in excel hinzu?\"}]},{\"@type\":\"WebSite\",\"@id\":\"https:\/\/exceladvisor.org\/de\/#website\",\"url\":\"https:\/\/exceladvisor.org\/de\/\",\"name\":\"Excel Advisor\",\"description\":\"Ihr Leitfaden zur Datendominanz\",\"publisher\":{\"@id\":\"https:\/\/exceladvisor.org\/de\/#organization\"},\"potentialAction\":[{\"@type\":\"SearchAction\",\"target\":{\"@type\":\"EntryPoint\",\"urlTemplate\":\"https:\/\/exceladvisor.org\/de\/?s={search_term_string}\"},\"query-input\":{\"@type\":\"PropertyValueSpecification\",\"valueRequired\":true,\"valueName\":\"search_term_string\"}}],\"inLanguage\":\"de\"},{\"@type\":\"Organization\",\"@id\":\"https:\/\/exceladvisor.org\/de\/#organization\",\"name\":\"Excel Advisor\",\"url\":\"https:\/\/exceladvisor.org\/de\/\",\"logo\":{\"@type\":\"ImageObject\",\"inLanguage\":\"de\",\"@id\":\"https:\/\/exceladvisor.org\/de\/#\/schema\/logo\/image\/\",\"url\":\"https:\/\/exceladvisor.org\/de\/wp-content\/uploads\/2023\/11\/exceladvisor.org_.png\",\"contentUrl\":\"https:\/\/exceladvisor.org\/de\/wp-content\/uploads\/2023\/11\/exceladvisor.org_.png\",\"width\":105,\"height\":36,\"caption\":\"Excel Advisor\"},\"image\":{\"@id\":\"https:\/\/exceladvisor.org\/de\/#\/schema\/logo\/image\/\"}}]}<\/script>\n<!-- \/ Yoast SEO plugin. -->","yoast_head_json":{"title":"\u25b7 Wie f\u00fcge ich Kommas in Excel hinzu? (Zelle \u2013 Text)","description":"In diesem Tutorial erfahren Sie, wie Sie eine Excel-Formel schreiben, um nach oder vor einem Wert Kommas einzuf\u00fcgen. Lassen Sie uns das \u00fcberpr\u00fcfen ...","robots":{"index":"index","follow":"follow","max-snippet":"max-snippet:-1","max-image-preview":"max-image-preview:large","max-video-preview":"max-video-preview:-1"},"canonical":"https:\/\/exceladvisor.org\/de\/kommas-hinzufugen\/","og_locale":"de_DE","og_type":"article","og_title":"\u25b7 Wie f\u00fcge ich Kommas in Excel hinzu? (Zelle \u2013 Text)","og_description":"In diesem Tutorial erfahren Sie, wie Sie eine Excel-Formel schreiben, um nach oder vor einem Wert Kommas einzuf\u00fcgen. Lassen Sie uns das \u00fcberpr\u00fcfen ...","og_url":"https:\/\/exceladvisor.org\/de\/kommas-hinzufugen\/","og_site_name":"Excel Advisor","article_modified_time":"2023-12-03T11:21:09+00:00","og_image":[{"url":"https:\/\/exceladvisor.org\/wp-content\/uploads\/2023\/11\/formule-a-ajouter-virgules.png","type":"","width":"","height":""}],"twitter_card":"summary_large_image","twitter_misc":{"Gesch\u00e4tzte Lesezeit":"2\u00a0Minuten"},"schema":{"@context":"https:\/\/schema.org","@graph":[{"@type":"WebPage","@id":"https:\/\/exceladvisor.org\/de\/kommas-hinzufugen\/","url":"https:\/\/exceladvisor.org\/de\/kommas-hinzufugen\/","name":"\u25b7 Wie f\u00fcge ich Kommas in Excel hinzu? (Zelle \u2013 Text)","isPartOf":{"@id":"https:\/\/exceladvisor.org\/de\/#website"},"primaryImageOfPage":{"@id":"https:\/\/exceladvisor.org\/de\/kommas-hinzufugen\/#primaryimage"},"image":{"@id":"https:\/\/exceladvisor.org\/de\/kommas-hinzufugen\/#primaryimage"},"thumbnailUrl":"https:\/\/exceladvisor.org\/wp-content\/uploads\/2023\/11\/formule-a-ajouter-virgules.png","datePublished":"2023-11-03T04:01:28+00:00","dateModified":"2023-12-03T11:21:09+00:00","description":"In diesem Tutorial erfahren Sie, wie Sie eine Excel-Formel schreiben, um nach oder vor einem Wert Kommas einzuf\u00fcgen. Lassen Sie uns das \u00fcberpr\u00fcfen ...","breadcrumb":{"@id":"https:\/\/exceladvisor.org\/de\/kommas-hinzufugen\/#breadcrumb"},"inLanguage":"de","potentialAction":[{"@type":"ReadAction","target":["https:\/\/exceladvisor.org\/de\/kommas-hinzufugen\/"]}]},{"@type":"ImageObject","inLanguage":"de","@id":"https:\/\/exceladvisor.org\/de\/kommas-hinzufugen\/#primaryimage","url":"https:\/\/exceladvisor.org\/wp-content\/uploads\/2023\/11\/formule-a-ajouter-virgules.png","contentUrl":"https:\/\/exceladvisor.org\/wp-content\/uploads\/2023\/11\/formule-a-ajouter-virgules.png"},{"@type":"BreadcrumbList","@id":"https:\/\/exceladvisor.org\/de\/kommas-hinzufugen\/#breadcrumb","itemListElement":[{"@type":"ListItem","position":1,"name":"Accueil","item":"https:\/\/exceladvisor.org\/de\/"},{"@type":"ListItem","position":2,"name":"Wie f\u00fcge ich kommas in excel hinzu?"}]},{"@type":"WebSite","@id":"https:\/\/exceladvisor.org\/de\/#website","url":"https:\/\/exceladvisor.org\/de\/","name":"Excel Advisor","description":"Ihr Leitfaden zur Datendominanz","publisher":{"@id":"https:\/\/exceladvisor.org\/de\/#organization"},"potentialAction":[{"@type":"SearchAction","target":{"@type":"EntryPoint","urlTemplate":"https:\/\/exceladvisor.org\/de\/?s={search_term_string}"},"query-input":{"@type":"PropertyValueSpecification","valueRequired":true,"valueName":"search_term_string"}}],"inLanguage":"de"},{"@type":"Organization","@id":"https:\/\/exceladvisor.org\/de\/#organization","name":"Excel Advisor","url":"https:\/\/exceladvisor.org\/de\/","logo":{"@type":"ImageObject","inLanguage":"de","@id":"https:\/\/exceladvisor.org\/de\/#\/schema\/logo\/image\/","url":"https:\/\/exceladvisor.org\/de\/wp-content\/uploads\/2023\/11\/exceladvisor.org_.png","contentUrl":"https:\/\/exceladvisor.org\/de\/wp-content\/uploads\/2023\/11\/exceladvisor.org_.png","width":105,"height":36,"caption":"Excel Advisor"},"image":{"@id":"https:\/\/exceladvisor.org\/de\/#\/schema\/logo\/image\/"}}]}},"yoast_meta":{"yoast_wpseo_title":"","yoast_wpseo_metadesc":"","yoast_wpseo_canonical":""},"_links":{"self":[{"href":"https:\/\/exceladvisor.org\/de\/wp-json\/wp\/v2\/pages\/3300","targetHints":{"allow":["GET"]}}],"collection":[{"href":"https:\/\/exceladvisor.org\/de\/wp-json\/wp\/v2\/pages"}],"about":[{"href":"https:\/\/exceladvisor.org\/de\/wp-json\/wp\/v2\/types\/page"}],"author":[{"embeddable":true,"href":"https:\/\/exceladvisor.org\/de\/wp-json\/wp\/v2\/users\/1"}],"replies":[{"embeddable":true,"href":"https:\/\/exceladvisor.org\/de\/wp-json\/wp\/v2\/comments?post=3300"}],"version-history":[{"count":1,"href":"https:\/\/exceladvisor.org\/de\/wp-json\/wp\/v2\/pages\/3300\/revisions"}],"predecessor-version":[{"id":4048,"href":"https:\/\/exceladvisor.org\/de\/wp-json\/wp\/v2\/pages\/3300\/revisions\/4048"}],"wp:attachment":[{"href":"https:\/\/exceladvisor.org\/de\/wp-json\/wp\/v2\/media?parent=3300"}],"curies":[{"name":"wp","href":"https:\/\/api.w.org\/{rel}","templated":true}]}}