{"id":3301,"date":"2023-11-03T03:25:57","date_gmt":"2023-11-03T03:25:57","guid":{"rendered":"https:\/\/exceladvisor.org\/de\/wertfehler\/"},"modified":"2023-12-03T11:12:47","modified_gmt":"2023-12-03T11:12:47","slug":"wertfehler","status":"publish","type":"page","link":"https:\/\/exceladvisor.org\/de\/wertfehler\/","title":{"rendered":"So beheben sie #value! fehler in excel?"},"content":{"rendered":"<div class=\"excel-vor-dem-inhalt\" id=\"excel-2247492667\"><script type=\"text\/javascript\">\r\n\tatOptions = {\r\n\t\t'key' : 'c1158f160081d6540a8409e6925dab94',\r\n\t\t'format' : 'iframe',\r\n\t\t'height' : 250,\r\n\t\t'width' : 300,\r\n\t\t'params' : {}\r\n\t};\r\n<\/script>\r\n<script type=\"text\/javascript\" src=\"\/\/www.highperformanceformat.com\/c1158f160081d6540a8409e6925dab94\/invoke.js\"><\/script><\/div> <p>In Excel #WERT! Der Fehler tritt auf, wenn der Typ des Eingabewerts nicht korrekt ist. Angenommen, Sie m\u00f6chten zwei Zahlen aus zwei Zellen hinzuf\u00fcgen, aber in der zweiten Zelle ist der Wert Text. Daher ist die Durchf\u00fchrung dieser Berechnung hier nicht m\u00f6glich, da Sie weder eine Zahl noch einen Text hinzuf\u00fcgen k\u00f6nnen. <\/p><div class=\"wp-block-image\"><figure class=\"aligncenter size-full is-resized\"><img loading=\"lazy\" decoding=\"async\" class=\"wp-image-70013\" src=\"https:\/\/exceladvisor.org\/wp-content\/uploads\/2023\/08\/1-erreur-de-valeur-de-fixation.png\" sizes=\"auto, \" srcset=\"\" alt=\"Wertfehler beheben\" width=\"503\" height=\"282\"><\/figure><\/div><h2 class=\"wp-block-heading\"> Schritte zur Behebung von #VALUE! Fehler in Excel<\/h2><ol type=\"1\"><li> Der erste Schritt zum Festlegen von #VALUE! Fehler besteht darin, zu \u00fcberpr\u00fcfen, ob die von Ihnen in der Formel angegebenen Werte vom richtigen Typ sind.<\/li><li> \u00dcberpr\u00fcfen Sie, ob der Wert, den Sie in einem Argument angegeben haben, g\u00fcltig ist oder nicht. Wenn ich beispielsweise das <sup>25.<\/sup> Zeichen aus einem Text extrahieren m\u00f6chte, dieser Text jedoch nur 20 Zeichen hat.<\/li><li> \u00dcberpr\u00fcfen Sie anschlie\u00dfend unbedingt die Abmessungen der von Ihnen genannten Tabellen. Beispielsweise haben Sie in einer Zeile 10 Zellen und in der zweiten Zelle 12 Zellen. Auch das f\u00fchrt zu #WERT! Fehler.<\/li><li> \u00dcberpr\u00fcfen Sie, ob ein Wert in Ihren Eingabedaten einen #WERT hat! Fehler bereits. Dies kann auch dazu f\u00fchren, dass man #WERT hat! Fehler im Ergebnis.<\/li><\/ol><p> Oben sind einige der ersten \u00dcberpr\u00fcfungen aufgef\u00fchrt, die Sie durchf\u00fchren k\u00f6nnen, um den Fehler zu beheben. Zum besseren Verst\u00e4ndnis werden wir uns nun einige Beispiele aus der Praxis ansehen.<\/p><h2 class=\"wp-block-heading\"> #WERT! Fehler bei SUMPRODUCT<\/h2><p> Im folgenden Beispiel haben wir die SUMPRODUCT-Funktion verwendet und in der zweiten Tabelle haben wir uns auf den Bereich von zehn Zellen bezogen, und im zweiten Bereich haben wir uns f\u00e4lschlicherweise auf B1:B9 bezogen, das 9 Zellen hat. Und das f\u00fchrt dazu, dass wir #WERT haben! <\/p><div class=\"wp-block-image\"><figure class=\"aligncenter size-full is-resized\"><img loading=\"lazy\" decoding=\"async\" class=\"wp-image-70014\" src=\"https:\/\/exceladvisor.org\/wp-content\/uploads\/2023\/08\/2-erreur-de-valeur-avec-sumproduct.png\" sizes=\"auto, \" srcset=\"\" alt=\"Fehlerwert mit Summenprodukt\" width=\"512\" height=\"374\"><\/figure><\/div><p> Dies kann auch bei anderen Funktionen wie SUMIF, SUMIFS, AVERAGEIF und AVERAGEIFS passieren.<\/p><h2 class=\"wp-block-heading\"> #WERT! Fehler bei Arbeitsterminen<\/h2><p> Im folgenden Beispiel haben wir in Zelle A1 ein Datum, das als Text und im falschen Format gespeichert ist. Wenn wir nun versuchen, dieses Datum in einer Berechnung zu verwenden, wird #WERT zur\u00fcckgegeben! <\/p><div class=\"wp-block-image\"><figure class=\"aligncenter size-full is-resized\"><img loading=\"lazy\" decoding=\"async\" class=\"wp-image-70015\" src=\"https:\/\/exceladvisor.org\/wp-content\/uploads\/2023\/08\/3-erreur-de-valeur-pendant-les-dates-de-travail.png\" sizes=\"auto, \" srcset=\"\" alt=\"Wertfehler w\u00e4hrend der Arbeitstermine\" width=\"508\" height=\"266\"><\/figure><\/div><p> Der Grund daf\u00fcr ist, dass, wenn Sie versuchen, eine Berechnung durchzuf\u00fchren und dieses Datum ein Test ist, diese Funktion oder sogar diese Formel dieses Datum nicht identifizieren kann, obwohl dieses Datumsformat f\u00fcr Menschen lesbar ist.<\/p><h2 class=\"wp-block-heading\"> #WERT! Wenn ein Raumwert in eine Berechnung einbezogen wird<\/h2><p> Als ich im folgenden Beispiel versuchte, die Zellen A1 und A2 hinzuzuf\u00fcgen, erhielt ich #WERT! Fehler. <\/p><div class=\"wp-block-image\"><figure class=\"aligncenter size-full is-resized\"><img loading=\"lazy\" decoding=\"async\" class=\"wp-image-70016\" src=\"https:\/\/exceladvisor.org\/wp-content\/uploads\/2023\/08\/4-valeur-quand-inclure-la-valeur-de-lespace.png\" sizes=\"auto, \" srcset=\"\" alt=\"value-when-include-space-value\" width=\"422\" height=\"329\"><\/figure><\/div><p> Der Grund ist folgender: In Zelle A1 haben wir einen f\u00fcr jeden Benutzer unsichtbaren Raum. Und als ich es in der Berechnung ber\u00fccksichtigte, ergab es mir #WERT!<\/p><p> Hier sind einige der Gr\u00fcnde, warum Sie m\u00f6glicherweise mit #VALUE konfrontiert sind! Fehler in Excel. Der beste Weg, mit diesem Fehler umzugehen, besteht jedoch darin, sich die Werte anzusehen, auf die Sie in der Formel verwiesen haben. <\/p><div class=\"gb-container gb-container-52dfcee1 gb-container-sample-file\"><h2 class=\"gb-headline gb-headline-e289c143 gb-headline-text gb-headline-4f7959c2\"> Holen Sie sich die Excel-Datei<\/h2> <a class=\"gb-button gb-button-e88d6bee gb-button-text gb-button-button1\" href=\"https:\/\/exceladvisor.org\/wp-content\/uploads\/2023\/11\/corriger-lerreur-de-valeur.xlsx\" rel=\"nofollow\">Herunterladen<\/a><\/div><div class=\"gb-container gb-container-0df56012 gb-container-mt\"> <a class=\"gb-button gb-button-f9f432f4 gb-button-text gb-button-mt-button\" href=\"https:\/\/exceladvisor.org\/de\/formeln\/\">Liste der Excel-Formeln<\/a><h2 class=\"gb-headline gb-headline-233444e8 gb-headline-text gb-headline-mt-heading\"> Verwandte Formeln <\/h2><div class=\"gb-grid-wrapper gb-grid-wrapper-a16fa65c gb-grid-wrapper-mt-grid\"><div class=\"gb-grid-column gb-grid-column-50d07e0d\"><div class=\"gb-container gb-container-50d07e0d\"><ul><li> <a href=\"https:\/\/exceladvisor.org\/de\/divisionsfehler\/\">Fehler #DIV\/0<\/a><\/li><li> <a href=\"https:\/\/exceladvisor.org\/de\/verschuttungsfehler\/\">#VERBREITEN! Fehler<\/a><\/li><li> <a href=\"https:\/\/exceladvisor.org\/de\/fehler-ignorieren\/\">Ignorieren Sie alle Fehler in Excel<\/a> <\/li><\/ul><\/div><\/div><div class=\"gb-grid-column gb-grid-column-5b4a0cf9\"><div class=\"gb-container gb-container-5b4a0cf9\"><ul><li> <a href=\"https:\/\/exceladvisor.org\/de\/kein-fehler\/\">#N\/A Fehler in Excel<\/a><\/li><li> <a href=\"https:\/\/exceladvisor.org\/de\/referenzfehler\/\">#REF! Fehler in Excel<\/a><\/li><\/ul><\/div><\/div><\/div><\/div>","protected":false},"excerpt":{"rendered":"","protected":false},"author":1,"featured_media":0,"parent":0,"menu_order":0,"comment_status":"open","ping_status":"closed","template":"","meta":{"ub_ctt_via":"","footnotes":""},"class_list":["post-3301","page","type-page","status-publish","hentry"],"featured_image_src":null,"yoast_head":"<!-- This site is optimized with the Yoast SEO plugin v25.4 - https:\/\/yoast.com\/wordpress\/plugins\/seo\/ -->\n<title>So beheben Sie #VALUE! Fehler in Excel? - Excel-Berater<\/title>\n<meta name=\"description\" content=\"In diesem Formel-Tutorial verstehen Sie #WERT! Fehler, wenn wir damit konfrontiert werden, und welche M\u00f6glichkeiten gibt es, ihn zu beheben?\" \/>\n<meta name=\"robots\" content=\"index, follow, max-snippet:-1, max-image-preview:large, max-video-preview:-1\" \/>\n<link rel=\"canonical\" href=\"https:\/\/exceladvisor.org\/de\/wertfehler\/\" \/>\n<meta property=\"og:locale\" content=\"de_DE\" \/>\n<meta property=\"og:type\" content=\"article\" \/>\n<meta property=\"og:title\" content=\"So beheben Sie #VALUE! Fehler in Excel? - Excel-Berater\" \/>\n<meta property=\"og:description\" content=\"In diesem Formel-Tutorial verstehen Sie #WERT! Fehler, wenn wir damit konfrontiert werden, und welche M\u00f6glichkeiten gibt es, ihn zu beheben?\" \/>\n<meta property=\"og:url\" content=\"https:\/\/exceladvisor.org\/de\/wertfehler\/\" \/>\n<meta property=\"og:site_name\" content=\"Excel Advisor\" \/>\n<meta property=\"article:modified_time\" content=\"2023-12-03T11:12:47+00:00\" \/>\n<meta property=\"og:image\" content=\"https:\/\/exceladvisor.org\/wp-content\/uploads\/2023\/08\/1-erreur-de-valeur-de-fixation.png\" \/>\n<meta name=\"twitter:card\" content=\"summary_large_image\" \/>\n<meta name=\"twitter:label1\" content=\"Gesch\u00e4tzte Lesezeit\" \/>\n\t<meta name=\"twitter:data1\" content=\"2\u00a0Minuten\" \/>\n<script type=\"application\/ld+json\" class=\"yoast-schema-graph\">{\"@context\":\"https:\/\/schema.org\",\"@graph\":[{\"@type\":\"WebPage\",\"@id\":\"https:\/\/exceladvisor.org\/de\/wertfehler\/\",\"url\":\"https:\/\/exceladvisor.org\/de\/wertfehler\/\",\"name\":\"So beheben Sie #VALUE! Fehler in Excel? - Excel-Berater\",\"isPartOf\":{\"@id\":\"https:\/\/exceladvisor.org\/de\/#website\"},\"primaryImageOfPage\":{\"@id\":\"https:\/\/exceladvisor.org\/de\/wertfehler\/#primaryimage\"},\"image\":{\"@id\":\"https:\/\/exceladvisor.org\/de\/wertfehler\/#primaryimage\"},\"thumbnailUrl\":\"https:\/\/exceladvisor.org\/wp-content\/uploads\/2023\/08\/1-erreur-de-valeur-de-fixation.png\",\"datePublished\":\"2023-11-03T03:25:57+00:00\",\"dateModified\":\"2023-12-03T11:12:47+00:00\",\"description\":\"In diesem Formel-Tutorial verstehen Sie #WERT! Fehler, wenn wir damit konfrontiert werden, und welche M\u00f6glichkeiten gibt es, ihn zu beheben?\",\"breadcrumb\":{\"@id\":\"https:\/\/exceladvisor.org\/de\/wertfehler\/#breadcrumb\"},\"inLanguage\":\"de\",\"potentialAction\":[{\"@type\":\"ReadAction\",\"target\":[\"https:\/\/exceladvisor.org\/de\/wertfehler\/\"]}]},{\"@type\":\"ImageObject\",\"inLanguage\":\"de\",\"@id\":\"https:\/\/exceladvisor.org\/de\/wertfehler\/#primaryimage\",\"url\":\"https:\/\/exceladvisor.org\/wp-content\/uploads\/2023\/08\/1-erreur-de-valeur-de-fixation.png\",\"contentUrl\":\"https:\/\/exceladvisor.org\/wp-content\/uploads\/2023\/08\/1-erreur-de-valeur-de-fixation.png\"},{\"@type\":\"BreadcrumbList\",\"@id\":\"https:\/\/exceladvisor.org\/de\/wertfehler\/#breadcrumb\",\"itemListElement\":[{\"@type\":\"ListItem\",\"position\":1,\"name\":\"Accueil\",\"item\":\"https:\/\/exceladvisor.org\/de\/\"},{\"@type\":\"ListItem\",\"position\":2,\"name\":\"So beheben sie #value! fehler in excel?\"}]},{\"@type\":\"WebSite\",\"@id\":\"https:\/\/exceladvisor.org\/de\/#website\",\"url\":\"https:\/\/exceladvisor.org\/de\/\",\"name\":\"Excel Advisor\",\"description\":\"Ihr Leitfaden zur Datendominanz\",\"publisher\":{\"@id\":\"https:\/\/exceladvisor.org\/de\/#organization\"},\"potentialAction\":[{\"@type\":\"SearchAction\",\"target\":{\"@type\":\"EntryPoint\",\"urlTemplate\":\"https:\/\/exceladvisor.org\/de\/?s={search_term_string}\"},\"query-input\":{\"@type\":\"PropertyValueSpecification\",\"valueRequired\":true,\"valueName\":\"search_term_string\"}}],\"inLanguage\":\"de\"},{\"@type\":\"Organization\",\"@id\":\"https:\/\/exceladvisor.org\/de\/#organization\",\"name\":\"Excel Advisor\",\"url\":\"https:\/\/exceladvisor.org\/de\/\",\"logo\":{\"@type\":\"ImageObject\",\"inLanguage\":\"de\",\"@id\":\"https:\/\/exceladvisor.org\/de\/#\/schema\/logo\/image\/\",\"url\":\"https:\/\/exceladvisor.org\/de\/wp-content\/uploads\/2023\/11\/exceladvisor.org_.png\",\"contentUrl\":\"https:\/\/exceladvisor.org\/de\/wp-content\/uploads\/2023\/11\/exceladvisor.org_.png\",\"width\":105,\"height\":36,\"caption\":\"Excel Advisor\"},\"image\":{\"@id\":\"https:\/\/exceladvisor.org\/de\/#\/schema\/logo\/image\/\"}}]}<\/script>\n<!-- \/ Yoast SEO plugin. -->","yoast_head_json":{"title":"So beheben Sie #VALUE! Fehler in Excel? - Excel-Berater","description":"In diesem Formel-Tutorial verstehen Sie #WERT! Fehler, wenn wir damit konfrontiert werden, und welche M\u00f6glichkeiten gibt es, ihn zu beheben?","robots":{"index":"index","follow":"follow","max-snippet":"max-snippet:-1","max-image-preview":"max-image-preview:large","max-video-preview":"max-video-preview:-1"},"canonical":"https:\/\/exceladvisor.org\/de\/wertfehler\/","og_locale":"de_DE","og_type":"article","og_title":"So beheben Sie #VALUE! Fehler in Excel? - Excel-Berater","og_description":"In diesem Formel-Tutorial verstehen Sie #WERT! Fehler, wenn wir damit konfrontiert werden, und welche M\u00f6glichkeiten gibt es, ihn zu beheben?","og_url":"https:\/\/exceladvisor.org\/de\/wertfehler\/","og_site_name":"Excel Advisor","article_modified_time":"2023-12-03T11:12:47+00:00","og_image":[{"url":"https:\/\/exceladvisor.org\/wp-content\/uploads\/2023\/08\/1-erreur-de-valeur-de-fixation.png","type":"","width":"","height":""}],"twitter_card":"summary_large_image","twitter_misc":{"Gesch\u00e4tzte Lesezeit":"2\u00a0Minuten"},"schema":{"@context":"https:\/\/schema.org","@graph":[{"@type":"WebPage","@id":"https:\/\/exceladvisor.org\/de\/wertfehler\/","url":"https:\/\/exceladvisor.org\/de\/wertfehler\/","name":"So beheben Sie #VALUE! Fehler in Excel? - Excel-Berater","isPartOf":{"@id":"https:\/\/exceladvisor.org\/de\/#website"},"primaryImageOfPage":{"@id":"https:\/\/exceladvisor.org\/de\/wertfehler\/#primaryimage"},"image":{"@id":"https:\/\/exceladvisor.org\/de\/wertfehler\/#primaryimage"},"thumbnailUrl":"https:\/\/exceladvisor.org\/wp-content\/uploads\/2023\/08\/1-erreur-de-valeur-de-fixation.png","datePublished":"2023-11-03T03:25:57+00:00","dateModified":"2023-12-03T11:12:47+00:00","description":"In diesem Formel-Tutorial verstehen Sie #WERT! Fehler, wenn wir damit konfrontiert werden, und welche M\u00f6glichkeiten gibt es, ihn zu beheben?","breadcrumb":{"@id":"https:\/\/exceladvisor.org\/de\/wertfehler\/#breadcrumb"},"inLanguage":"de","potentialAction":[{"@type":"ReadAction","target":["https:\/\/exceladvisor.org\/de\/wertfehler\/"]}]},{"@type":"ImageObject","inLanguage":"de","@id":"https:\/\/exceladvisor.org\/de\/wertfehler\/#primaryimage","url":"https:\/\/exceladvisor.org\/wp-content\/uploads\/2023\/08\/1-erreur-de-valeur-de-fixation.png","contentUrl":"https:\/\/exceladvisor.org\/wp-content\/uploads\/2023\/08\/1-erreur-de-valeur-de-fixation.png"},{"@type":"BreadcrumbList","@id":"https:\/\/exceladvisor.org\/de\/wertfehler\/#breadcrumb","itemListElement":[{"@type":"ListItem","position":1,"name":"Accueil","item":"https:\/\/exceladvisor.org\/de\/"},{"@type":"ListItem","position":2,"name":"So beheben sie #value! fehler in excel?"}]},{"@type":"WebSite","@id":"https:\/\/exceladvisor.org\/de\/#website","url":"https:\/\/exceladvisor.org\/de\/","name":"Excel Advisor","description":"Ihr Leitfaden zur Datendominanz","publisher":{"@id":"https:\/\/exceladvisor.org\/de\/#organization"},"potentialAction":[{"@type":"SearchAction","target":{"@type":"EntryPoint","urlTemplate":"https:\/\/exceladvisor.org\/de\/?s={search_term_string}"},"query-input":{"@type":"PropertyValueSpecification","valueRequired":true,"valueName":"search_term_string"}}],"inLanguage":"de"},{"@type":"Organization","@id":"https:\/\/exceladvisor.org\/de\/#organization","name":"Excel Advisor","url":"https:\/\/exceladvisor.org\/de\/","logo":{"@type":"ImageObject","inLanguage":"de","@id":"https:\/\/exceladvisor.org\/de\/#\/schema\/logo\/image\/","url":"https:\/\/exceladvisor.org\/de\/wp-content\/uploads\/2023\/11\/exceladvisor.org_.png","contentUrl":"https:\/\/exceladvisor.org\/de\/wp-content\/uploads\/2023\/11\/exceladvisor.org_.png","width":105,"height":36,"caption":"Excel Advisor"},"image":{"@id":"https:\/\/exceladvisor.org\/de\/#\/schema\/logo\/image\/"}}]}},"yoast_meta":{"yoast_wpseo_title":"","yoast_wpseo_metadesc":"","yoast_wpseo_canonical":""},"_links":{"self":[{"href":"https:\/\/exceladvisor.org\/de\/wp-json\/wp\/v2\/pages\/3301","targetHints":{"allow":["GET"]}}],"collection":[{"href":"https:\/\/exceladvisor.org\/de\/wp-json\/wp\/v2\/pages"}],"about":[{"href":"https:\/\/exceladvisor.org\/de\/wp-json\/wp\/v2\/types\/page"}],"author":[{"embeddable":true,"href":"https:\/\/exceladvisor.org\/de\/wp-json\/wp\/v2\/users\/1"}],"replies":[{"embeddable":true,"href":"https:\/\/exceladvisor.org\/de\/wp-json\/wp\/v2\/comments?post=3301"}],"version-history":[{"count":1,"href":"https:\/\/exceladvisor.org\/de\/wp-json\/wp\/v2\/pages\/3301\/revisions"}],"predecessor-version":[{"id":3785,"href":"https:\/\/exceladvisor.org\/de\/wp-json\/wp\/v2\/pages\/3301\/revisions\/3785"}],"wp:attachment":[{"href":"https:\/\/exceladvisor.org\/de\/wp-json\/wp\/v2\/media?parent=3301"}],"curies":[{"name":"wp","href":"https:\/\/api.w.org\/{rel}","templated":true}]}}