{"id":3303,"date":"2023-11-03T02:55:32","date_gmt":"2023-11-03T02:55:32","guid":{"rendered":"https:\/\/exceladvisor.org\/de\/einfaches-interesse\/"},"modified":"2023-12-03T11:14:07","modified_gmt":"2023-12-03T11:14:07","slug":"einfaches-interesse","status":"publish","type":"page","link":"https:\/\/exceladvisor.org\/de\/einfaches-interesse\/","title":{"rendered":"Wie berechnet man den einfachen zinssatz in excel?"},"content":{"rendered":"<div class=\"excel-vor-dem-inhalt\" id=\"excel-3993998721\"><script type=\"text\/javascript\">\r\n\tatOptions = {\r\n\t\t'key' : 'c1158f160081d6540a8409e6925dab94',\r\n\t\t'format' : 'iframe',\r\n\t\t'height' : 250,\r\n\t\t'width' : 300,\r\n\t\t'params' : {}\r\n\t};\r\n<\/script>\r\n<script type=\"text\/javascript\" src=\"\/\/www.highperformanceformat.com\/c1158f160081d6540a8409e6925dab94\/invoke.js\"><\/script><\/div> <p>Um den einfachen Zinssatz in Excel zu berechnen, m\u00fcssen Sie eine einfache Formel verwenden. In dieser Formel m\u00fcssen Sie den Kapitalbetrag, den Zinssatz und die Zinsdauer angeben und diese dann alle multiplizieren, um als Ergebnis den endg\u00fcltigen Zinsbetrag zu erhalten.<\/p><p> Im folgenden Beispiel haben wir Werte, mit denen Sie Zinsen berechnen k\u00f6nnen. <\/p><div class=\"wp-block-image\"><figure class=\"aligncenter size-full is-resized\"><img loading=\"lazy\" decoding=\"async\" class=\"wp-image-69897\" src=\"https:\/\/exceladvisor.org\/wp-content\/uploads\/2023\/08\/1-valeur-pour-calculer-linteret-simple.png\" sizes=\"auto, \" srcset=\"\" alt=\"Wert-zu-berechnen-einfach-Zins\" width=\"437\" height=\"284\"><\/figure><\/div><h2 class=\"wp-block-heading\"> Schritte zur Berechnung des einfachen Zinses<\/h2><ol type=\"1\"><li> Geben Sie zun\u00e4chst in einer Zelle ein \u201e=\u201c-Zeichen ein.<\/li><li> Beziehen Sie sich als N\u00e4chstes auf den Kapitalbetrag und geben Sie zum Multiplizieren ein Sternchen ein.<\/li><li> Danach beziehen Sie sich auf den Zinssatz (der als Prozentsatz ausgedr\u00fcckt werden sollte).<\/li><li> Geben Sie nun erneut ein Sternchen ein, um zu multiplizieren und sich auf den Termwert zu beziehen.<\/li><li> Dr\u00fccken Sie am Ende die Eingabetaste f\u00fcr den einfachen Zinswert in der Zelle. <\/li><\/ol><div class=\"wp-block-image\"><figure class=\"aligncenter size-full is-resized\"><img loading=\"lazy\" decoding=\"async\" class=\"wp-image-69898\" src=\"https:\/\/exceladvisor.org\/wp-content\/uploads\/2023\/08\/2-calculer-linteret-simple.png\" sizes=\"auto, \" srcset=\"\" alt=\"Berechnen Sie einfache Zinsen\" width=\"489\" height=\"386\"><\/figure><\/div><p> Hier ist also die Formel, die wir in dieser Berechnung verwendet haben. <\/p><div class=\"wp-block-image\"><figure class=\"aligncenter size-full is-resized\"><img loading=\"lazy\" decoding=\"async\" class=\"wp-image-69899\" src=\"https:\/\/exceladvisor.org\/wp-content\/uploads\/2023\/08\/Fractionnement-en-3-interets-simples.png\" sizes=\"auto, \" srcset=\"\" alt=\"Splitting-Simple-Interest-Formel\" width=\"787\" height=\"87\"><\/figure><\/div><p> Verstehen Sie diese Formel und das Interesse, das sie mit sich bringt. Wir m\u00fcssen es in f\u00fcnf Teile unterteilen, da wir als Berechnungszeitraum f\u00fcnf Jahre verwendet haben.<\/p><p> Da wir den einfachen Zins jedes Jahr \u00fcber die Laufzeit berechnen, erhalten wir einen Gleichwert. Das Ergebnis ergibt 350.000, was 70.000 pro Jahr bedeutet, da wir 5 Jahre verwendet haben. Das bedeutet 350.000\/5 = 70.000 pro Jahr. <\/p><div class=\"gb-container gb-container-52dfcee1 gb-container-sample-file\"><h2 class=\"gb-headline gb-headline-e289c143 gb-headline-text gb-headline-4f7959c2\"> Holen Sie sich die Excel-Datei<\/h2><p> <a class=\"gb-button gb-button-e88d6bee gb-button-text gb-button-button1\" href=\"https:\/\/exceladvisor.org\/wp-content\/uploads\/2023\/11\/interet-simple-2.xlsx\" rel=\"nofollow\">Herunterladen<\/a><\/p><\/div><div class=\"gb-container gb-container-0df56012 gb-container-mt\"> <a class=\"gb-button gb-button-f9f432f4 gb-button-text gb-button-mt-button\" href=\"https:\/\/exceladvisor.org\/de\/formeln\/\">Liste der Excel-Formeln<\/a><h2 class=\"gb-headline gb-headline-233444e8 gb-headline-text gb-headline-mt-heading\"> Verwandte Formeln <\/h2><div class=\"gb-grid-wrapper gb-grid-wrapper-a16fa65c gb-grid-wrapper-mt-grid\"><div class=\"gb-grid-column gb-grid-column-50d07e0d\"><div class=\"gb-container gb-container-50d07e0d\"><ul><li> <a href=\"https:\/\/exceladvisor.org\/de\/zinseszins\/\">Berechnen Sie den Zinseszins in Excel<\/a><\/li><li> <a href=\"https:\/\/exceladvisor.org\/de\/gewinnspanne\/\">Bruttogewinn (Marge und Verh\u00e4ltnis)<\/a><\/li><li> <a href=\"https:\/\/exceladvisor.org\/de\/mwst\/\">Berechnen Sie die Mehrwertsteuer<\/a> <\/li><\/ul><\/div><\/div><div class=\"gb-grid-column gb-grid-column-5b4a0cf9\"><div class=\"gb-container gb-container-5b4a0cf9\"><\/div><\/div><\/div><\/div>","protected":false},"excerpt":{"rendered":"","protected":false},"author":1,"featured_media":0,"parent":0,"menu_order":0,"comment_status":"open","ping_status":"closed","template":"","meta":{"ub_ctt_via":"","footnotes":""},"class_list":["post-3303","page","type-page","status-publish","hentry"],"featured_image_src":null,"yoast_head":"<!-- This site is optimized with the Yoast SEO plugin v25.4 - https:\/\/yoast.com\/wordpress\/plugins\/seo\/ -->\n<title>Wie berechnet man den einfachen Zinssatz in Excel? (Letztes Jahr 2023)<\/title>\n<meta name=\"description\" content=\"In diesem Formel-Tutorial erfahren Sie, wie Sie den einfachen Zinssatz in Excel mit einer benutzerfreundlichen Methode im Detail berechnen.\" \/>\n<meta name=\"robots\" content=\"index, follow, max-snippet:-1, max-image-preview:large, max-video-preview:-1\" \/>\n<link rel=\"canonical\" href=\"https:\/\/exceladvisor.org\/de\/einfaches-interesse\/\" \/>\n<meta property=\"og:locale\" content=\"de_DE\" \/>\n<meta property=\"og:type\" content=\"article\" \/>\n<meta property=\"og:title\" content=\"Wie berechnet man den einfachen Zinssatz in Excel? (Letztes Jahr 2023)\" \/>\n<meta property=\"og:description\" content=\"In diesem Formel-Tutorial erfahren Sie, wie Sie den einfachen Zinssatz in Excel mit einer benutzerfreundlichen Methode im Detail berechnen.\" \/>\n<meta property=\"og:url\" content=\"https:\/\/exceladvisor.org\/de\/einfaches-interesse\/\" \/>\n<meta property=\"og:site_name\" content=\"Excel Advisor\" \/>\n<meta property=\"article:modified_time\" content=\"2023-12-03T11:14:07+00:00\" \/>\n<meta property=\"og:image\" content=\"https:\/\/exceladvisor.org\/wp-content\/uploads\/2023\/08\/1-valeur-pour-calculer-linteret-simple.png\" \/>\n<meta name=\"twitter:card\" content=\"summary_large_image\" \/>\n<meta name=\"twitter:label1\" content=\"Gesch\u00e4tzte Lesezeit\" \/>\n\t<meta name=\"twitter:data1\" content=\"1\u00a0Minute\" \/>\n<script type=\"application\/ld+json\" class=\"yoast-schema-graph\">{\"@context\":\"https:\/\/schema.org\",\"@graph\":[{\"@type\":\"WebPage\",\"@id\":\"https:\/\/exceladvisor.org\/de\/einfaches-interesse\/\",\"url\":\"https:\/\/exceladvisor.org\/de\/einfaches-interesse\/\",\"name\":\"Wie berechnet man den einfachen Zinssatz in Excel? (Letztes Jahr 2023)\",\"isPartOf\":{\"@id\":\"https:\/\/exceladvisor.org\/de\/#website\"},\"primaryImageOfPage\":{\"@id\":\"https:\/\/exceladvisor.org\/de\/einfaches-interesse\/#primaryimage\"},\"image\":{\"@id\":\"https:\/\/exceladvisor.org\/de\/einfaches-interesse\/#primaryimage\"},\"thumbnailUrl\":\"https:\/\/exceladvisor.org\/wp-content\/uploads\/2023\/08\/1-valeur-pour-calculer-linteret-simple.png\",\"datePublished\":\"2023-11-03T02:55:32+00:00\",\"dateModified\":\"2023-12-03T11:14:07+00:00\",\"description\":\"In diesem Formel-Tutorial erfahren Sie, wie Sie den einfachen Zinssatz in Excel mit einer benutzerfreundlichen Methode im Detail berechnen.\",\"breadcrumb\":{\"@id\":\"https:\/\/exceladvisor.org\/de\/einfaches-interesse\/#breadcrumb\"},\"inLanguage\":\"de\",\"potentialAction\":[{\"@type\":\"ReadAction\",\"target\":[\"https:\/\/exceladvisor.org\/de\/einfaches-interesse\/\"]}]},{\"@type\":\"ImageObject\",\"inLanguage\":\"de\",\"@id\":\"https:\/\/exceladvisor.org\/de\/einfaches-interesse\/#primaryimage\",\"url\":\"https:\/\/exceladvisor.org\/wp-content\/uploads\/2023\/08\/1-valeur-pour-calculer-linteret-simple.png\",\"contentUrl\":\"https:\/\/exceladvisor.org\/wp-content\/uploads\/2023\/08\/1-valeur-pour-calculer-linteret-simple.png\"},{\"@type\":\"BreadcrumbList\",\"@id\":\"https:\/\/exceladvisor.org\/de\/einfaches-interesse\/#breadcrumb\",\"itemListElement\":[{\"@type\":\"ListItem\",\"position\":1,\"name\":\"Accueil\",\"item\":\"https:\/\/exceladvisor.org\/de\/\"},{\"@type\":\"ListItem\",\"position\":2,\"name\":\"Wie berechnet man den einfachen zinssatz in excel?\"}]},{\"@type\":\"WebSite\",\"@id\":\"https:\/\/exceladvisor.org\/de\/#website\",\"url\":\"https:\/\/exceladvisor.org\/de\/\",\"name\":\"Excel Advisor\",\"description\":\"Ihr Leitfaden zur Datendominanz\",\"publisher\":{\"@id\":\"https:\/\/exceladvisor.org\/de\/#organization\"},\"potentialAction\":[{\"@type\":\"SearchAction\",\"target\":{\"@type\":\"EntryPoint\",\"urlTemplate\":\"https:\/\/exceladvisor.org\/de\/?s={search_term_string}\"},\"query-input\":{\"@type\":\"PropertyValueSpecification\",\"valueRequired\":true,\"valueName\":\"search_term_string\"}}],\"inLanguage\":\"de\"},{\"@type\":\"Organization\",\"@id\":\"https:\/\/exceladvisor.org\/de\/#organization\",\"name\":\"Excel Advisor\",\"url\":\"https:\/\/exceladvisor.org\/de\/\",\"logo\":{\"@type\":\"ImageObject\",\"inLanguage\":\"de\",\"@id\":\"https:\/\/exceladvisor.org\/de\/#\/schema\/logo\/image\/\",\"url\":\"https:\/\/exceladvisor.org\/de\/wp-content\/uploads\/2023\/11\/exceladvisor.org_.png\",\"contentUrl\":\"https:\/\/exceladvisor.org\/de\/wp-content\/uploads\/2023\/11\/exceladvisor.org_.png\",\"width\":105,\"height\":36,\"caption\":\"Excel Advisor\"},\"image\":{\"@id\":\"https:\/\/exceladvisor.org\/de\/#\/schema\/logo\/image\/\"}}]}<\/script>\n<!-- \/ Yoast SEO plugin. -->","yoast_head_json":{"title":"Wie berechnet man den einfachen Zinssatz in Excel? (Letztes Jahr 2023)","description":"In diesem Formel-Tutorial erfahren Sie, wie Sie den einfachen Zinssatz in Excel mit einer benutzerfreundlichen Methode im Detail berechnen.","robots":{"index":"index","follow":"follow","max-snippet":"max-snippet:-1","max-image-preview":"max-image-preview:large","max-video-preview":"max-video-preview:-1"},"canonical":"https:\/\/exceladvisor.org\/de\/einfaches-interesse\/","og_locale":"de_DE","og_type":"article","og_title":"Wie berechnet man den einfachen Zinssatz in Excel? (Letztes Jahr 2023)","og_description":"In diesem Formel-Tutorial erfahren Sie, wie Sie den einfachen Zinssatz in Excel mit einer benutzerfreundlichen Methode im Detail berechnen.","og_url":"https:\/\/exceladvisor.org\/de\/einfaches-interesse\/","og_site_name":"Excel Advisor","article_modified_time":"2023-12-03T11:14:07+00:00","og_image":[{"url":"https:\/\/exceladvisor.org\/wp-content\/uploads\/2023\/08\/1-valeur-pour-calculer-linteret-simple.png","type":"","width":"","height":""}],"twitter_card":"summary_large_image","twitter_misc":{"Gesch\u00e4tzte Lesezeit":"1\u00a0Minute"},"schema":{"@context":"https:\/\/schema.org","@graph":[{"@type":"WebPage","@id":"https:\/\/exceladvisor.org\/de\/einfaches-interesse\/","url":"https:\/\/exceladvisor.org\/de\/einfaches-interesse\/","name":"Wie berechnet man den einfachen Zinssatz in Excel? (Letztes Jahr 2023)","isPartOf":{"@id":"https:\/\/exceladvisor.org\/de\/#website"},"primaryImageOfPage":{"@id":"https:\/\/exceladvisor.org\/de\/einfaches-interesse\/#primaryimage"},"image":{"@id":"https:\/\/exceladvisor.org\/de\/einfaches-interesse\/#primaryimage"},"thumbnailUrl":"https:\/\/exceladvisor.org\/wp-content\/uploads\/2023\/08\/1-valeur-pour-calculer-linteret-simple.png","datePublished":"2023-11-03T02:55:32+00:00","dateModified":"2023-12-03T11:14:07+00:00","description":"In diesem Formel-Tutorial erfahren Sie, wie Sie den einfachen Zinssatz in Excel mit einer benutzerfreundlichen Methode im Detail berechnen.","breadcrumb":{"@id":"https:\/\/exceladvisor.org\/de\/einfaches-interesse\/#breadcrumb"},"inLanguage":"de","potentialAction":[{"@type":"ReadAction","target":["https:\/\/exceladvisor.org\/de\/einfaches-interesse\/"]}]},{"@type":"ImageObject","inLanguage":"de","@id":"https:\/\/exceladvisor.org\/de\/einfaches-interesse\/#primaryimage","url":"https:\/\/exceladvisor.org\/wp-content\/uploads\/2023\/08\/1-valeur-pour-calculer-linteret-simple.png","contentUrl":"https:\/\/exceladvisor.org\/wp-content\/uploads\/2023\/08\/1-valeur-pour-calculer-linteret-simple.png"},{"@type":"BreadcrumbList","@id":"https:\/\/exceladvisor.org\/de\/einfaches-interesse\/#breadcrumb","itemListElement":[{"@type":"ListItem","position":1,"name":"Accueil","item":"https:\/\/exceladvisor.org\/de\/"},{"@type":"ListItem","position":2,"name":"Wie berechnet man den einfachen zinssatz in excel?"}]},{"@type":"WebSite","@id":"https:\/\/exceladvisor.org\/de\/#website","url":"https:\/\/exceladvisor.org\/de\/","name":"Excel Advisor","description":"Ihr Leitfaden zur Datendominanz","publisher":{"@id":"https:\/\/exceladvisor.org\/de\/#organization"},"potentialAction":[{"@type":"SearchAction","target":{"@type":"EntryPoint","urlTemplate":"https:\/\/exceladvisor.org\/de\/?s={search_term_string}"},"query-input":{"@type":"PropertyValueSpecification","valueRequired":true,"valueName":"search_term_string"}}],"inLanguage":"de"},{"@type":"Organization","@id":"https:\/\/exceladvisor.org\/de\/#organization","name":"Excel Advisor","url":"https:\/\/exceladvisor.org\/de\/","logo":{"@type":"ImageObject","inLanguage":"de","@id":"https:\/\/exceladvisor.org\/de\/#\/schema\/logo\/image\/","url":"https:\/\/exceladvisor.org\/de\/wp-content\/uploads\/2023\/11\/exceladvisor.org_.png","contentUrl":"https:\/\/exceladvisor.org\/de\/wp-content\/uploads\/2023\/11\/exceladvisor.org_.png","width":105,"height":36,"caption":"Excel Advisor"},"image":{"@id":"https:\/\/exceladvisor.org\/de\/#\/schema\/logo\/image\/"}}]}},"yoast_meta":{"yoast_wpseo_title":"","yoast_wpseo_metadesc":"","yoast_wpseo_canonical":""},"_links":{"self":[{"href":"https:\/\/exceladvisor.org\/de\/wp-json\/wp\/v2\/pages\/3303","targetHints":{"allow":["GET"]}}],"collection":[{"href":"https:\/\/exceladvisor.org\/de\/wp-json\/wp\/v2\/pages"}],"about":[{"href":"https:\/\/exceladvisor.org\/de\/wp-json\/wp\/v2\/types\/page"}],"author":[{"embeddable":true,"href":"https:\/\/exceladvisor.org\/de\/wp-json\/wp\/v2\/users\/1"}],"replies":[{"embeddable":true,"href":"https:\/\/exceladvisor.org\/de\/wp-json\/wp\/v2\/comments?post=3303"}],"version-history":[{"count":1,"href":"https:\/\/exceladvisor.org\/de\/wp-json\/wp\/v2\/pages\/3303\/revisions"}],"predecessor-version":[{"id":3884,"href":"https:\/\/exceladvisor.org\/de\/wp-json\/wp\/v2\/pages\/3303\/revisions\/3884"}],"wp:attachment":[{"href":"https:\/\/exceladvisor.org\/de\/wp-json\/wp\/v2\/media?parent=3303"}],"curies":[{"name":"wp","href":"https:\/\/api.w.org\/{rel}","templated":true}]}}