{"id":3304,"date":"2023-11-03T02:39:17","date_gmt":"2023-11-03T02:39:17","guid":{"rendered":"https:\/\/exceladvisor.org\/de\/variationskoeffizient\/"},"modified":"2023-12-03T11:14:09","modified_gmt":"2023-12-03T11:14:09","slug":"variationskoeffizient","status":"publish","type":"page","link":"https:\/\/exceladvisor.org\/de\/variationskoeffizient\/","title":{"rendered":"Wie berechnet man den variationskoeffizienten (cv)?"},"content":{"rendered":"<div class=\"excel-vor-dem-inhalt\" id=\"excel-3962407316\"><script type=\"text\/javascript\">\r\n\tatOptions = {\r\n\t\t'key' : 'c1158f160081d6540a8409e6925dab94',\r\n\t\t'format' : 'iframe',\r\n\t\t'height' : 250,\r\n\t\t'width' : 300,\r\n\t\t'params' : {}\r\n\t};\r\n<\/script>\r\n<script type=\"text\/javascript\" src=\"\/\/www.highperformanceformat.com\/c1158f160081d6540a8409e6925dab94\/invoke.js\"><\/script><\/div> <p>Um den Variationskoeffizienten in Excel zu berechnen, m\u00fcssen Sie eine Kombination aus den Funktionen STDEV.P und AVERAGE verwenden.<\/p><p> In dieser Formel hilft Ihnen STDEV.P dabei, die Standardabweichung zu ermitteln, und die Durchschnittsfunktion hilft Ihnen dabei, den Durchschnitt der Datenpunkte zu ermitteln.<\/p><p> Letztendlich m\u00fcssen Sie die Standardabweichung durch den Mittelwert dividieren, um den Variationskoeffizienten zu erhalten.<\/p><p> Die Variation des Koeffizienten ist ein Ma\u00df f\u00fcr die Streuung (Variabilit\u00e4t) der Daten um ihren Mittelwert. Je h\u00f6her der Variationskoeffizient ist, desto gr\u00f6\u00dfer ist die Streuung des Mittelwerts der Datenpunkte.<\/p><p> Man kann auch sagen, dass es so ist, als w\u00fcrde man die Standardabweichung durch den Mittelwert der Daten dividieren.<\/p><p> Im folgenden Beispiel haben Sie die folgenden Daten mit 7 verschiedenen Datenpunkten und m\u00fcssen nun den CV (Variationskoeffizient) f\u00fcr diese Datenpunkte berechnen. <\/p><div class=\"wp-block-image\"><figure class=\"aligncenter size-full is-resized\"><img loading=\"lazy\" decoding=\"async\" class=\"wp-image-69525\" src=\"https:\/\/exceladvisor.org\/wp-content\/uploads\/2023\/08\/1-donnees-avec-differents-points-de-donnees.png\" sizes=\"auto, \" srcset=\"\" alt=\"Daten mit unterschiedlichen Datenpunkten\" width=\"462\" height=\"262\"><\/figure><\/div><h2 class=\"wp-block-heading\"> Schritte zur Berechnung des Variationskoeffizienten in Excel <\/h2><div class=\"wp-block-image\"><figure class=\"aligncenter size-full is-resized\"><img loading=\"lazy\" decoding=\"async\" class=\"wp-image-69526\" src=\"https:\/\/exceladvisor.org\/wp-content\/uploads\/2023\/08\/2-calculer-la-variation-du-coefficient.png\" sizes=\"auto, \" srcset=\"\" alt=\"Berechnungskoeffizientenvariation\" width=\"581\" height=\"246\"><\/figure><\/div><ol type=\"1\"><li> Geben Sie zun\u00e4chst STDEV.P in Zelle F1 ein, beziehen Sie sich auf den Bereich A1 bis E1 und schlie\u00dfen Sie die Funktion.<\/li><li> Geben Sie anschlie\u00dfend den Divisionsoperator ein.<\/li><li> Geben Sie dann nach diesem Divisionsoperator die Durchschnittsfunktion ein.<\/li><li> Beziehen Sie sich nun auf den Bereich A1 bis E1.<\/li><li> Geben Sie am Ende die schlie\u00dfenden Klammern ein und dr\u00fccken Sie die Eingabetaste, um das Ergebnis zu erhalten.<\/li><\/ol><pre class=\"wp-block-code\"> <code class=\"language-excel-formula\" lang=\"excel-formula\">=STDEV.P(A1:E1)\/AVERAGE(A1:E1)<\/code><\/pre><p class=\"qt-tip\"> <strong>Hinweis:<\/strong> Sie m\u00fcssen das Zellenformat in das Prozentformat \u00e4ndern.<\/p><p> Um diese Formel zu verstehen, m\u00fcssen wir sie, wie ich bereits sagte, in zwei Teile teilen. Im ersten Teil haben wir also die Funktion STDEV.P, die die Standardabweichung berechnet und dabei logische Werte und leere Zellen ignoriert. <\/p><div class=\"wp-block-image\"><figure class=\"aligncenter size-full is-resized\"><img loading=\"lazy\" decoding=\"async\" class=\"wp-image-69527\" src=\"https:\/\/exceladvisor.org\/wp-content\/uploads\/2023\/08\/3-diviser-la-formule.png\" sizes=\"auto, \" srcset=\"\" alt=\"Teilen Sie die Formel\" width=\"603\" height=\"264\"><\/figure><\/div><p> Und im zweiten Teil haben wir die Durchschnittsfunktion, die den Durchschnitt der Datenpunkte berechnet. <\/p><div class=\"wp-block-image\"><figure class=\"aligncenter size-full is-resized\"><img loading=\"lazy\" decoding=\"async\" class=\"wp-image-69528\" src=\"https:\/\/exceladvisor.org\/wp-content\/uploads\/2023\/08\/4-fonction-moyenne-en-deuxieme-partie.png\" sizes=\"auto, \" srcset=\"\" alt=\"Durchschnittsfunktion-im-zweiten-Teil\" width=\"674\" height=\"246\"><\/figure><\/div><p> Wenn Sie 2,82842712474619 durch 63 dividieren, erhalten Sie letztendlich 0,04, und wenn Sie es in das Prozentformat umrechnen, erhalten Sie 4 %. <\/p><div class=\"gb-container gb-container-52dfcee1 gb-container-sample-file\"><h2 class=\"gb-headline gb-headline-e289c143 gb-headline-text gb-headline-4f7959c2\"> Holen Sie sich die Excel-Datei<\/h2><p> <a class=\"gb-button gb-button-e88d6bee gb-button-text gb-button-button1\" href=\"https:\/\/exceladvisor.org\/wp-content\/uploads\/2023\/11\/variation-du-coefficient.xlsx\" rel=\"nofollow\">Herunterladen<\/a><\/p><\/div><div class=\"gb-container gb-container-0df56012 gb-container-mt\"> <a class=\"gb-button gb-button-f9f432f4 gb-button-text gb-button-mt-button\" href=\"https:\/\/exceladvisor.org\/de\/formeln\/\">Liste der Excel-Formeln<\/a><h2 class=\"gb-headline gb-headline-233444e8 gb-headline-text gb-headline-mt-heading\"> Verwandte Formeln <\/h2><div class=\"gb-grid-wrapper gb-grid-wrapper-a16fa65c gb-grid-wrapper-mt-grid\"><div class=\"gb-grid-column gb-grid-column-50d07e0d\"><div class=\"gb-container gb-container-50d07e0d\"><ul><li> <a href=\"https:\/\/exceladvisor.org\/de\/maximal-wenn\/\">MAX IF in Excel<\/a><\/li><li> <a href=\"https:\/\/exceladvisor.org\/de\/bericht\/\">Berechnen Sie schnell das Verh\u00e4ltnis in Excel<\/a><\/li><li> <a href=\"https:\/\/exceladvisor.org\/de\/niedrigster-wert\/\">Finden Sie den niedrigsten Wert aus einer Liste von Zahlen (N).<\/a><\/li><li> <a href=\"https:\/\/exceladvisor.org\/de\/kleinster-wert-2\/\">Finden Sie den kleinsten Wert in einem Zellbereich (kleinste Zahl).<\/a><\/li><li> <a href=\"https:\/\/exceladvisor.org\/de\/n-te-wurzel-2\/\">Berechnen Sie die n-te Wurzel<\/a> <\/li><\/ul><\/div><\/div><div class=\"gb-grid-column gb-grid-column-5b4a0cf9\"><div class=\"gb-container gb-container-5b4a0cf9\"><\/div><\/div><\/div><\/div>","protected":false},"excerpt":{"rendered":"","protected":false},"author":1,"featured_media":0,"parent":0,"menu_order":0,"comment_status":"open","ping_status":"closed","template":"","meta":{"ub_ctt_via":"","footnotes":""},"class_list":["post-3304","page","type-page","status-publish","hentry"],"featured_image_src":null,"yoast_head":"<!-- This site is optimized with the Yoast SEO plugin v25.4 - https:\/\/yoast.com\/wordpress\/plugins\/seo\/ -->\n<title>\u25b7 Wie berechnet man den Variationskoeffizienten (CV) in Excel?<\/title>\n<meta name=\"description\" content=\"In diesem Tutorial erfahren Sie, wie Sie in Excel eine Formel schreiben, die Ihnen bei der Ermittlung des Variationskoeffizienten helfen kann\" \/>\n<meta name=\"robots\" content=\"index, follow, max-snippet:-1, max-image-preview:large, max-video-preview:-1\" \/>\n<link rel=\"canonical\" href=\"https:\/\/exceladvisor.org\/de\/variationskoeffizient\/\" \/>\n<meta property=\"og:locale\" content=\"de_DE\" \/>\n<meta property=\"og:type\" content=\"article\" \/>\n<meta property=\"og:title\" content=\"\u25b7 Wie berechnet man den Variationskoeffizienten (CV) in Excel?\" \/>\n<meta property=\"og:description\" content=\"In diesem Tutorial erfahren Sie, wie Sie in Excel eine Formel schreiben, die Ihnen bei der Ermittlung des Variationskoeffizienten helfen kann\" \/>\n<meta property=\"og:url\" content=\"https:\/\/exceladvisor.org\/de\/variationskoeffizient\/\" \/>\n<meta property=\"og:site_name\" content=\"Excel Advisor\" \/>\n<meta property=\"article:modified_time\" content=\"2023-12-03T11:14:09+00:00\" \/>\n<meta property=\"og:image\" content=\"https:\/\/exceladvisor.org\/wp-content\/uploads\/2023\/08\/1-donnees-avec-differents-points-de-donnees.png\" \/>\n<meta name=\"twitter:card\" content=\"summary_large_image\" \/>\n<meta name=\"twitter:label1\" content=\"Gesch\u00e4tzte Lesezeit\" \/>\n\t<meta name=\"twitter:data1\" content=\"2\u00a0Minuten\" \/>\n<script type=\"application\/ld+json\" class=\"yoast-schema-graph\">{\"@context\":\"https:\/\/schema.org\",\"@graph\":[{\"@type\":\"WebPage\",\"@id\":\"https:\/\/exceladvisor.org\/de\/variationskoeffizient\/\",\"url\":\"https:\/\/exceladvisor.org\/de\/variationskoeffizient\/\",\"name\":\"\u25b7 Wie berechnet man den Variationskoeffizienten (CV) in Excel?\",\"isPartOf\":{\"@id\":\"https:\/\/exceladvisor.org\/de\/#website\"},\"primaryImageOfPage\":{\"@id\":\"https:\/\/exceladvisor.org\/de\/variationskoeffizient\/#primaryimage\"},\"image\":{\"@id\":\"https:\/\/exceladvisor.org\/de\/variationskoeffizient\/#primaryimage\"},\"thumbnailUrl\":\"https:\/\/exceladvisor.org\/wp-content\/uploads\/2023\/08\/1-donnees-avec-differents-points-de-donnees.png\",\"datePublished\":\"2023-11-03T02:39:17+00:00\",\"dateModified\":\"2023-12-03T11:14:09+00:00\",\"description\":\"In diesem Tutorial erfahren Sie, wie Sie in Excel eine Formel schreiben, die Ihnen bei der Ermittlung des Variationskoeffizienten helfen kann\",\"breadcrumb\":{\"@id\":\"https:\/\/exceladvisor.org\/de\/variationskoeffizient\/#breadcrumb\"},\"inLanguage\":\"de\",\"potentialAction\":[{\"@type\":\"ReadAction\",\"target\":[\"https:\/\/exceladvisor.org\/de\/variationskoeffizient\/\"]}]},{\"@type\":\"ImageObject\",\"inLanguage\":\"de\",\"@id\":\"https:\/\/exceladvisor.org\/de\/variationskoeffizient\/#primaryimage\",\"url\":\"https:\/\/exceladvisor.org\/wp-content\/uploads\/2023\/08\/1-donnees-avec-differents-points-de-donnees.png\",\"contentUrl\":\"https:\/\/exceladvisor.org\/wp-content\/uploads\/2023\/08\/1-donnees-avec-differents-points-de-donnees.png\"},{\"@type\":\"BreadcrumbList\",\"@id\":\"https:\/\/exceladvisor.org\/de\/variationskoeffizient\/#breadcrumb\",\"itemListElement\":[{\"@type\":\"ListItem\",\"position\":1,\"name\":\"Accueil\",\"item\":\"https:\/\/exceladvisor.org\/de\/\"},{\"@type\":\"ListItem\",\"position\":2,\"name\":\"Wie berechnet man den variationskoeffizienten (cv)?\"}]},{\"@type\":\"WebSite\",\"@id\":\"https:\/\/exceladvisor.org\/de\/#website\",\"url\":\"https:\/\/exceladvisor.org\/de\/\",\"name\":\"Excel Advisor\",\"description\":\"Ihr Leitfaden zur Datendominanz\",\"publisher\":{\"@id\":\"https:\/\/exceladvisor.org\/de\/#organization\"},\"potentialAction\":[{\"@type\":\"SearchAction\",\"target\":{\"@type\":\"EntryPoint\",\"urlTemplate\":\"https:\/\/exceladvisor.org\/de\/?s={search_term_string}\"},\"query-input\":{\"@type\":\"PropertyValueSpecification\",\"valueRequired\":true,\"valueName\":\"search_term_string\"}}],\"inLanguage\":\"de\"},{\"@type\":\"Organization\",\"@id\":\"https:\/\/exceladvisor.org\/de\/#organization\",\"name\":\"Excel Advisor\",\"url\":\"https:\/\/exceladvisor.org\/de\/\",\"logo\":{\"@type\":\"ImageObject\",\"inLanguage\":\"de\",\"@id\":\"https:\/\/exceladvisor.org\/de\/#\/schema\/logo\/image\/\",\"url\":\"https:\/\/exceladvisor.org\/de\/wp-content\/uploads\/2023\/11\/exceladvisor.org_.png\",\"contentUrl\":\"https:\/\/exceladvisor.org\/de\/wp-content\/uploads\/2023\/11\/exceladvisor.org_.png\",\"width\":105,\"height\":36,\"caption\":\"Excel Advisor\"},\"image\":{\"@id\":\"https:\/\/exceladvisor.org\/de\/#\/schema\/logo\/image\/\"}}]}<\/script>\n<!-- \/ Yoast SEO plugin. -->","yoast_head_json":{"title":"\u25b7 Wie berechnet man den Variationskoeffizienten (CV) in Excel?","description":"In diesem Tutorial erfahren Sie, wie Sie in Excel eine Formel schreiben, die Ihnen bei der Ermittlung des Variationskoeffizienten helfen kann","robots":{"index":"index","follow":"follow","max-snippet":"max-snippet:-1","max-image-preview":"max-image-preview:large","max-video-preview":"max-video-preview:-1"},"canonical":"https:\/\/exceladvisor.org\/de\/variationskoeffizient\/","og_locale":"de_DE","og_type":"article","og_title":"\u25b7 Wie berechnet man den Variationskoeffizienten (CV) in Excel?","og_description":"In diesem Tutorial erfahren Sie, wie Sie in Excel eine Formel schreiben, die Ihnen bei der Ermittlung des Variationskoeffizienten helfen kann","og_url":"https:\/\/exceladvisor.org\/de\/variationskoeffizient\/","og_site_name":"Excel Advisor","article_modified_time":"2023-12-03T11:14:09+00:00","og_image":[{"url":"https:\/\/exceladvisor.org\/wp-content\/uploads\/2023\/08\/1-donnees-avec-differents-points-de-donnees.png","type":"","width":"","height":""}],"twitter_card":"summary_large_image","twitter_misc":{"Gesch\u00e4tzte Lesezeit":"2\u00a0Minuten"},"schema":{"@context":"https:\/\/schema.org","@graph":[{"@type":"WebPage","@id":"https:\/\/exceladvisor.org\/de\/variationskoeffizient\/","url":"https:\/\/exceladvisor.org\/de\/variationskoeffizient\/","name":"\u25b7 Wie berechnet man den Variationskoeffizienten (CV) in Excel?","isPartOf":{"@id":"https:\/\/exceladvisor.org\/de\/#website"},"primaryImageOfPage":{"@id":"https:\/\/exceladvisor.org\/de\/variationskoeffizient\/#primaryimage"},"image":{"@id":"https:\/\/exceladvisor.org\/de\/variationskoeffizient\/#primaryimage"},"thumbnailUrl":"https:\/\/exceladvisor.org\/wp-content\/uploads\/2023\/08\/1-donnees-avec-differents-points-de-donnees.png","datePublished":"2023-11-03T02:39:17+00:00","dateModified":"2023-12-03T11:14:09+00:00","description":"In diesem Tutorial erfahren Sie, wie Sie in Excel eine Formel schreiben, die Ihnen bei der Ermittlung des Variationskoeffizienten helfen kann","breadcrumb":{"@id":"https:\/\/exceladvisor.org\/de\/variationskoeffizient\/#breadcrumb"},"inLanguage":"de","potentialAction":[{"@type":"ReadAction","target":["https:\/\/exceladvisor.org\/de\/variationskoeffizient\/"]}]},{"@type":"ImageObject","inLanguage":"de","@id":"https:\/\/exceladvisor.org\/de\/variationskoeffizient\/#primaryimage","url":"https:\/\/exceladvisor.org\/wp-content\/uploads\/2023\/08\/1-donnees-avec-differents-points-de-donnees.png","contentUrl":"https:\/\/exceladvisor.org\/wp-content\/uploads\/2023\/08\/1-donnees-avec-differents-points-de-donnees.png"},{"@type":"BreadcrumbList","@id":"https:\/\/exceladvisor.org\/de\/variationskoeffizient\/#breadcrumb","itemListElement":[{"@type":"ListItem","position":1,"name":"Accueil","item":"https:\/\/exceladvisor.org\/de\/"},{"@type":"ListItem","position":2,"name":"Wie berechnet man den variationskoeffizienten (cv)?"}]},{"@type":"WebSite","@id":"https:\/\/exceladvisor.org\/de\/#website","url":"https:\/\/exceladvisor.org\/de\/","name":"Excel Advisor","description":"Ihr Leitfaden zur Datendominanz","publisher":{"@id":"https:\/\/exceladvisor.org\/de\/#organization"},"potentialAction":[{"@type":"SearchAction","target":{"@type":"EntryPoint","urlTemplate":"https:\/\/exceladvisor.org\/de\/?s={search_term_string}"},"query-input":{"@type":"PropertyValueSpecification","valueRequired":true,"valueName":"search_term_string"}}],"inLanguage":"de"},{"@type":"Organization","@id":"https:\/\/exceladvisor.org\/de\/#organization","name":"Excel Advisor","url":"https:\/\/exceladvisor.org\/de\/","logo":{"@type":"ImageObject","inLanguage":"de","@id":"https:\/\/exceladvisor.org\/de\/#\/schema\/logo\/image\/","url":"https:\/\/exceladvisor.org\/de\/wp-content\/uploads\/2023\/11\/exceladvisor.org_.png","contentUrl":"https:\/\/exceladvisor.org\/de\/wp-content\/uploads\/2023\/11\/exceladvisor.org_.png","width":105,"height":36,"caption":"Excel Advisor"},"image":{"@id":"https:\/\/exceladvisor.org\/de\/#\/schema\/logo\/image\/"}}]}},"yoast_meta":{"yoast_wpseo_title":"","yoast_wpseo_metadesc":"","yoast_wpseo_canonical":""},"_links":{"self":[{"href":"https:\/\/exceladvisor.org\/de\/wp-json\/wp\/v2\/pages\/3304","targetHints":{"allow":["GET"]}}],"collection":[{"href":"https:\/\/exceladvisor.org\/de\/wp-json\/wp\/v2\/pages"}],"about":[{"href":"https:\/\/exceladvisor.org\/de\/wp-json\/wp\/v2\/types\/page"}],"author":[{"embeddable":true,"href":"https:\/\/exceladvisor.org\/de\/wp-json\/wp\/v2\/users\/1"}],"replies":[{"embeddable":true,"href":"https:\/\/exceladvisor.org\/de\/wp-json\/wp\/v2\/comments?post=3304"}],"version-history":[{"count":1,"href":"https:\/\/exceladvisor.org\/de\/wp-json\/wp\/v2\/pages\/3304\/revisions"}],"predecessor-version":[{"id":3886,"href":"https:\/\/exceladvisor.org\/de\/wp-json\/wp\/v2\/pages\/3304\/revisions\/3886"}],"wp:attachment":[{"href":"https:\/\/exceladvisor.org\/de\/wp-json\/wp\/v2\/media?parent=3304"}],"curies":[{"name":"wp","href":"https:\/\/api.w.org\/{rel}","templated":true}]}}