{"id":3305,"date":"2023-11-02T23:10:23","date_gmt":"2023-11-02T23:10:23","guid":{"rendered":"https:\/\/exceladvisor.org\/de\/konsolidieren\/"},"modified":"2023-12-03T13:03:43","modified_gmt":"2023-12-03T13:03:43","slug":"konsolidieren","status":"publish","type":"page","link":"https:\/\/exceladvisor.org\/de\/konsolidieren\/","title":{"rendered":"Wie konsolidiere ich mehrere tabellenkalkulationsdaten?"},"content":{"rendered":"<div class=\"excel-vor-dem-inhalt\" id=\"excel-1510008521\"><script type=\"text\/javascript\">\r\n\tatOptions = {\r\n\t\t'key' : 'c1158f160081d6540a8409e6925dab94',\r\n\t\t'format' : 'iframe',\r\n\t\t'height' : 250,\r\n\t\t'width' : 300,\r\n\t\t'params' : {}\r\n\t};\r\n<\/script>\r\n<script type=\"text\/javascript\" src=\"\/\/www.highperformanceformat.com\/c1158f160081d6540a8409e6925dab94\/invoke.js\"><\/script><\/div> <p class=\"has-text-align-left\">Als ich anfing, Excel zu verwenden, war ich wirklich schlecht darin, Daten zu konsolidieren. Wenn Sie mich bitten w\u00fcrden, Verkaufsdaten f\u00fcr vier verschiedene Bereiche zu erfassen, w\u00fcrde ich daf\u00fcr vier verschiedene Tabellenkalkulationen erstellen.<\/p><p> Ja, mir ging es so schlecht. Aber aus Fehlern lernt man immer. Habe ich recht?<\/p><p> Und wenn Sie die gleichen Fehler machen wie ich, habe ich einige tolle Ratschl\u00e4ge f\u00fcr Sie. Eine der besten Excel-Optionen, die ich zum Thema Datenmanagement gelernt habe, ist \u201eDaten aus mehreren Arbeitsbl\u00e4ttern in einem einzigen Arbeitsblatt konsolidieren\u201c.<\/p><h2 id=\"h-consolidate-data-in-excel-from-multiple-worksheets-steps\" class=\"wp-block-heading\"> Wie konsolidiere ich mehrere Tabellenkalkulationsdaten? [Schritte]<\/h2><p> Hier haben Sie diese vier Arbeitsbl\u00e4tter ( <a href=\"https:\/\/exceladvisor.org\/wp-content\/uploads\/2023\/11\/consolider-plusieurs-feuilles-de-calcul.xlsx\" rel=\"nofollow\">Laden Sie diese Datei hier herunter<\/a> ) f\u00fcr vier verschiedene Bereiche, die die gleiche Struktur haben. <\/p><div class=\"wp-block-image\"><figure class=\"aligncenter\"><img decoding=\"async\" src=\"https:\/\/exceladvisor.org\/wp-content\/uploads\/2023\/08\/consolider-les-donnees-de-plusieurs-feuilles-de-calcul-dans-une-seule-feuille-de-calcul-quatre-feuilles-avec-les-memes-donnees-1.png\" sizes=\"\" srcset=\"\" alt=\"Konsolidieren Sie Daten aus mehreren Arbeitsbl\u00e4ttern in einem einzigen Arbeitsblatt mit vier Bl\u00e4ttern und denselben Daten\"><\/figure><\/div><p> Hier sind die Schritte, die Sie befolgen m\u00fcssen, um die Daten aus diesen mehreren Registerkarten zu konsolidieren.<\/p><ul><li> <a href=\"https:\/\/exceladvisor.org\/de\/hinzufugen\/\" data-wpil=\"url\">F\u00fcgen Sie zun\u00e4chst ein neues Arbeitsblatt ein<\/a> und nennen Sie es \u201eGesamt\u201c (oder wie auch immer Sie m\u00f6chten). W\u00e4hlen Sie dann Zelle A1 in diesem Arbeitsblatt aus. <\/li><\/ul><div class=\"wp-block-image\"><figure class=\"aligncenter\"><img decoding=\"async\" src=\"https:\/\/exceladvisor.org\/wp-content\/uploads\/2023\/08\/consolider-les-donnees-de-plusieurs-feuilles-de-calcul-dans-une-seule-feuille-de-calcul-quatre-feuilles-1.png\" sizes=\"\" srcset=\"\" alt=\"Konsolidieren Sie Daten aus mehreren Arbeitsbl\u00e4ttern in einem einzigen Arbeitsblatt mit vier Bl\u00e4ttern\"><\/figure><\/div><ul><li> Gehen Sie nun zur Registerkarte Daten \u279c Datentools \u279c Konsolidieren. <\/li><\/ul><div class=\"wp-block-image\"><figure class=\"aligncenter\"><img decoding=\"async\" src=\"https:\/\/exceladvisor.org\/wp-content\/uploads\/2023\/08\/consolider-les-donnees-de-plusieurs-feuilles-de-calcul-dans-une-seule-feuille-de-calcul-cliquez-sur-loption-de-consolidation-min-1.png\" sizes=\"\" srcset=\"\" alt=\"Konsolidieren Sie Daten aus mehreren Arbeitsbl\u00e4ttern in einem einzigen Arbeitsblatt. Klicken Sie auf \u201eKonsolidieren\u201c.\"><\/figure><\/div><ul><li> Sobald Sie auf \u201eKonsolidieren\u201c klicken, wird ein Fenster wie dieses angezeigt (Folgen Sie einfach den Schritten, ich werde dieses Fenster zun\u00e4chst im zweiten Teil dieses Beitrags erl\u00e4utern). <\/li><\/ul><div class=\"wp-block-image\"><figure class=\"aligncenter\"><img decoding=\"async\" src=\"https:\/\/exceladvisor.org\/wp-content\/uploads\/2023\/08\/consolider-les-donnees-de-plusieurs-feuilles-de-calcul-dans-une-seule-feuille-de-calcul-fenetre-de-consolidation-min-1.png\" sizes=\"\" srcset=\"\" alt=\"Konsolidieren Sie Daten aus mehreren Arbeitsbl\u00e4ttern in einem einzigen Arbeitsblatt mit minimalem Konsolidierungsfenster\"><\/figure><\/div><ul><li> W\u00e4hlen Sie nun mithilfe des Eingabefelds \u201eReferenz\u201c die Daten aus, die ab dem ersten Blatt, auf dem Sie Daten haben (Nordzone), erweitert werden sollen. <\/li><\/ul><div class=\"wp-block-image\"><figure class=\"aligncenter\"><img decoding=\"async\" src=\"https:\/\/exceladvisor.org\/wp-content\/uploads\/2023\/08\/consolider-les-donnees-de-plusieurs-feuilles-de-calcul-dans-une-seule-feuille-de-calcul-selectionner-la-reference-1.png\" sizes=\"\" srcset=\"\" alt=\"Konsolidieren Sie Daten aus mehreren Arbeitsbl\u00e4ttern in einer einzigen Arbeitsblatt-Auswahlreferenz\"><\/figure><\/div><ul><li> Klicken Sie anschlie\u00dfend auf \u201eHinzuf\u00fcgen\u201c. <\/li><\/ul><div class=\"wp-block-image\"><figure class=\"aligncenter\"><img decoding=\"async\" src=\"https:\/\/exceladvisor.org\/wp-content\/uploads\/2023\/08\/consolider-les-donnees-de-plusieurs-feuilles-de-calcul-dans-une-seule-feuille-de-calcul-ajouter-une-reference-pour-le-nord-1.png\" sizes=\"\" srcset=\"\" alt=\"Konsolidieren Sie Daten aus mehreren Arbeitsbl\u00e4ttern in einem einzigen Arbeitsblatt und f\u00fcgen Sie eine Referenz f\u00fcr den Norden hinzu\"><\/figure><\/div><ul><li> F\u00fcgen Sie auf die gleiche Weise Verweise aus allen vier Arbeitsbl\u00e4ttern hinzu. <\/li><\/ul><div class=\"wp-block-image\"><figure class=\"aligncenter\"><img decoding=\"async\" src=\"https:\/\/exceladvisor.org\/wp-content\/uploads\/2023\/08\/consolider-les-donnees-de-plusieurs-feuilles-de-calcul-dans-une-seule-feuille-de-calcul-ajouter-une-reference-1.png\" sizes=\"\" srcset=\"\" alt=\"Konsolidieren Sie Daten aus mehreren Arbeitsbl\u00e4ttern in einem einzigen Arbeitsblatt und f\u00fcgen Sie Referenzen hinzu\"><\/figure><\/div><ul><li> Aktivieren Sie nun am unteren Rand des Fensters \u201eObere Zeile\u201c und \u201eLinke Spalte\u201c (da wir Beschriftungen in der ersten Zeile und der ersten Spalte haben). <\/li><\/ul><div class=\"wp-block-image\"><figure class=\"aligncenter\"><img decoding=\"async\" src=\"https:\/\/exceladvisor.org\/wp-content\/uploads\/2023\/08\/consolider-les-donnees-de-plusieurs-feuilles-de-calcul-dans-une-seule-feuille-de-calcul-avec-loption-de-consolidation-1.png\" sizes=\"\" srcset=\"\" alt=\"\"><\/figure><\/div><ul><li> OK klicken.<\/li><\/ul><p> Sobald Sie auf \u201eOK\u201c klicken, erhalten Sie sofort eine konsolidierte Datentabelle mit derselben Struktur. <\/p><div class=\"wp-block-image\"><figure class=\"aligncenter\"><img decoding=\"async\" src=\"https:\/\/exceladvisor.org\/wp-content\/uploads\/2023\/08\/consolider-les-donnees-de-plusieurs-feuilles-de-calcul-dans-une-seule-feuille-de-calcul-donnees-copiees-1.png\" sizes=\"\" srcset=\"\" alt=\"Konsolidieren Sie Daten aus mehreren Arbeitsbl\u00e4ttern in einem einzigen Arbeitsblatt und kopieren Sie die Daten\"><\/figure><\/div><p> F\u00fcgen Sie einen Tabellenkopf in Zelle A1 hinzu und Sie k\u00f6nnen <a href=\"https:\/\/exceladvisor.org\/de\/malerformat\/\" target=\"_blank\" rel=\"noopener noreferrer\">Format Painter<\/a> auch verwenden, um Formatierungen aus anderen Arbeitsbl\u00e4ttern zu kopieren. <\/p><div class=\"wp-block-image\"><figure class=\"aligncenter\"><img decoding=\"async\" src=\"https:\/\/exceladvisor.org\/wp-content\/uploads\/2023\/08\/consolider-les-donnees-de-plusieurs-feuilles-de-calcul-dans-une-seule-feuille-de-calcul-ajouter-une-mise-en-forme-1.png\" sizes=\"\" srcset=\"\" alt=\"Konsolidieren Sie Daten aus mehreren Arbeitsbl\u00e4ttern in einem einzigen Arbeitsblatt und f\u00fcgen Sie Formatierungen hinzu\"><\/figure><\/div><p> Schlie\u00dflich haben Sie eine Tabelle mit konsolidierten Daten.<\/p><h2 id=\"h-other-options-in-consolidate\" class=\"wp-block-heading\"> Weitere Optionen in Consolidate<\/h2><p> Consolidate ist ein praktisches Tool zum Konsolidieren mehrerer Arbeitsbl\u00e4tter in einem einzigen Blatt, aber wir haben noch viele andere Dinge darin. Lassen Sie mich sie Ihnen einzeln erkl\u00e4ren.<\/p><ol><li> <strong><span style=\"color: #000000;\">Funktion<\/span><\/strong> <span style=\"color: #000000;\">:<\/span> In diesem Dropdown-Men\u00fc k\u00f6nnen Sie eine Funktion ausw\u00e4hlen (Summe, Anzahl, Durchschnitt usw.).<\/li><li> <strong><span style=\"color: #000000;\">Referenz:<\/span><\/strong> W\u00e4hlen Sie den Datenbereich in den Arbeitsbl\u00e4ttern aus, den Sie konsolidieren m\u00f6chten.<\/li><li> <strong><span style=\"color: #000000;\">Durchsuchen:<\/span><\/strong> Wenn Sie ein Arbeitsblatt hinzuf\u00fcgen m\u00f6chten, das sich in einer anderen Arbeitsmappe befindet, k\u00f6nnen Sie diese Option verwenden.<\/li><li> <strong>Hinzuf\u00fcgen und Entfernen<\/strong> : F\u00fcgen Sie ausgew\u00e4hlte Referenzen zur Liste der zusammenzuf\u00fchrenden Bl\u00e4tter hinzu oder entfernen Sie sie.<\/li><li> <strong>Obere Reihe<\/strong> : Verwenden Sie die oberste Reihe als Beschriftung.<\/li><li> <strong>Linke Spalte<\/strong> : Verwenden Sie die linke Spalte als Beschriftung.<\/li><li> <strong>Links zu Quelldaten erstellen<\/strong> : Wenn Sie Links f\u00fcr Ihre Quelldaten erstellen m\u00f6chten, aktivieren Sie diese Option. Dies ist n\u00fctzlich, wenn Sie nach der Erstellung Ihres konsolidierten Blatts \u00c4nderungen an Ihren Quelldaten vornehmen m\u00f6chten. <\/li><\/ol><div class=\"gb-container gb-container-3044ba66 gb-container-mt\"><p class=\"gb-headline gb-headline-b5bb6270 gb-headline-text\"> <strong><a href=\"https:\/\/exceladvisor.org\/de\/excel-grundlagen\/\">Excel-Grundlagen<\/a><\/strong> \/ <strong><a href=\"https:\/\/exceladvisor.org\/de\/arbeitsblatt\/\" data-wpil=\"url\">Excel-Tabelle<\/a><\/strong><\/p><h2 class=\"gb-headline gb-headline-819d540d gb-headline-text gb-headline-mt-heading\"> Weitere Tutorials <\/h2><div class=\"gb-grid-wrapper gb-grid-wrapper-7f3d805a gb-grid-wrapper-mt-grid\"><div class=\"gb-grid-column gb-grid-column-7495e031\"><div class=\"gb-container gb-container-7495e031\"><ul><li> <a href=\"https:\/\/exceladvisor.org\/de\/umbenennen\/\">Blatt in Excel umbenennen<\/a><\/li><li> <a href=\"https:\/\/exceladvisor.org\/de\/gruppe-1\/\">Gruppenarbeitsbl\u00e4tter in Excel<\/a><\/li><li> <a href=\"https:\/\/exceladvisor.org\/de\/nebeneinander-sehen\/\">Zeigen Sie zwei Bl\u00e4tter nebeneinander in Excel an<\/a><\/li><li> <a href=\"https:\/\/exceladvisor.org\/de\/hinzufugen\/\">F\u00fcgen Sie eine Tabelle in Excel hinzu<\/a> <\/li><\/ul><\/div><\/div><div class=\"gb-grid-column gb-grid-column-530ab33a\"><div class=\"gb-container gb-container-530ab33a\"><\/div><\/div><\/div><\/div>","protected":false},"excerpt":{"rendered":"","protected":false},"author":1,"featured_media":0,"parent":0,"menu_order":0,"comment_status":"open","ping_status":"closed","template":"","meta":{"ub_ctt_via":"","footnotes":""},"class_list":["post-3305","page","type-page","status-publish","hentry"],"featured_image_src":null,"yoast_head":"<!-- This site is optimized with the Yoast SEO plugin v25.4 - https:\/\/yoast.com\/wordpress\/plugins\/seo\/ -->\n<title>Wie konsolidiere ich mehrere Tabellenkalkulationsdaten?<\/title>\n<meta name=\"description\" content=\"Eine der besten Excel-Optionen, die ich zum Thema Datenmanagement gelernt habe, ist die \u201eKonsolidierung von Daten aus mehreren Arbeitsbl\u00e4ttern \u2026\u201c\" \/>\n<meta name=\"robots\" content=\"index, follow, max-snippet:-1, max-image-preview:large, max-video-preview:-1\" \/>\n<link rel=\"canonical\" href=\"https:\/\/exceladvisor.org\/de\/konsolidieren\/\" \/>\n<meta property=\"og:locale\" content=\"de_DE\" \/>\n<meta property=\"og:type\" content=\"article\" \/>\n<meta property=\"og:title\" content=\"Wie konsolidiere ich mehrere Tabellenkalkulationsdaten?\" \/>\n<meta property=\"og:description\" content=\"Eine der besten Excel-Optionen, die ich zum Thema Datenmanagement gelernt habe, ist die \u201eKonsolidierung von Daten aus mehreren Arbeitsbl\u00e4ttern \u2026\u201c\" \/>\n<meta property=\"og:url\" content=\"https:\/\/exceladvisor.org\/de\/konsolidieren\/\" \/>\n<meta property=\"og:site_name\" content=\"Excel Advisor\" \/>\n<meta property=\"article:modified_time\" content=\"2023-12-03T13:03:43+00:00\" \/>\n<meta property=\"og:image\" content=\"https:\/\/exceladvisor.org\/wp-content\/uploads\/2023\/08\/consolider-les-donnees-de-plusieurs-feuilles-de-calcul-dans-une-seule-feuille-de-calcul-quatre-feuilles-avec-les-memes-donnees-1.png\" \/>\n<meta name=\"twitter:card\" content=\"summary_large_image\" \/>\n<meta name=\"twitter:label1\" content=\"Gesch\u00e4tzte Lesezeit\" \/>\n\t<meta name=\"twitter:data1\" content=\"3\u00a0Minuten\" \/>\n<script type=\"application\/ld+json\" class=\"yoast-schema-graph\">{\"@context\":\"https:\/\/schema.org\",\"@graph\":[{\"@type\":\"WebPage\",\"@id\":\"https:\/\/exceladvisor.org\/de\/konsolidieren\/\",\"url\":\"https:\/\/exceladvisor.org\/de\/konsolidieren\/\",\"name\":\"Wie konsolidiere ich mehrere Tabellenkalkulationsdaten?\",\"isPartOf\":{\"@id\":\"https:\/\/exceladvisor.org\/de\/#website\"},\"primaryImageOfPage\":{\"@id\":\"https:\/\/exceladvisor.org\/de\/konsolidieren\/#primaryimage\"},\"image\":{\"@id\":\"https:\/\/exceladvisor.org\/de\/konsolidieren\/#primaryimage\"},\"thumbnailUrl\":\"https:\/\/exceladvisor.org\/wp-content\/uploads\/2023\/08\/consolider-les-donnees-de-plusieurs-feuilles-de-calcul-dans-une-seule-feuille-de-calcul-quatre-feuilles-avec-les-memes-donnees-1.png\",\"datePublished\":\"2023-11-02T23:10:23+00:00\",\"dateModified\":\"2023-12-03T13:03:43+00:00\",\"description\":\"Eine der besten Excel-Optionen, die ich zum Thema Datenmanagement gelernt habe, ist die \u201eKonsolidierung von Daten aus mehreren Arbeitsbl\u00e4ttern \u2026\u201c\",\"breadcrumb\":{\"@id\":\"https:\/\/exceladvisor.org\/de\/konsolidieren\/#breadcrumb\"},\"inLanguage\":\"de\",\"potentialAction\":[{\"@type\":\"ReadAction\",\"target\":[\"https:\/\/exceladvisor.org\/de\/konsolidieren\/\"]}]},{\"@type\":\"ImageObject\",\"inLanguage\":\"de\",\"@id\":\"https:\/\/exceladvisor.org\/de\/konsolidieren\/#primaryimage\",\"url\":\"https:\/\/exceladvisor.org\/wp-content\/uploads\/2023\/08\/consolider-les-donnees-de-plusieurs-feuilles-de-calcul-dans-une-seule-feuille-de-calcul-quatre-feuilles-avec-les-memes-donnees-1.png\",\"contentUrl\":\"https:\/\/exceladvisor.org\/wp-content\/uploads\/2023\/08\/consolider-les-donnees-de-plusieurs-feuilles-de-calcul-dans-une-seule-feuille-de-calcul-quatre-feuilles-avec-les-memes-donnees-1.png\"},{\"@type\":\"BreadcrumbList\",\"@id\":\"https:\/\/exceladvisor.org\/de\/konsolidieren\/#breadcrumb\",\"itemListElement\":[{\"@type\":\"ListItem\",\"position\":1,\"name\":\"Accueil\",\"item\":\"https:\/\/exceladvisor.org\/de\/\"},{\"@type\":\"ListItem\",\"position\":2,\"name\":\"Wie konsolidiere ich mehrere tabellenkalkulationsdaten?\"}]},{\"@type\":\"WebSite\",\"@id\":\"https:\/\/exceladvisor.org\/de\/#website\",\"url\":\"https:\/\/exceladvisor.org\/de\/\",\"name\":\"Excel Advisor\",\"description\":\"Ihr Leitfaden zur Datendominanz\",\"publisher\":{\"@id\":\"https:\/\/exceladvisor.org\/de\/#organization\"},\"potentialAction\":[{\"@type\":\"SearchAction\",\"target\":{\"@type\":\"EntryPoint\",\"urlTemplate\":\"https:\/\/exceladvisor.org\/de\/?s={search_term_string}\"},\"query-input\":{\"@type\":\"PropertyValueSpecification\",\"valueRequired\":true,\"valueName\":\"search_term_string\"}}],\"inLanguage\":\"de\"},{\"@type\":\"Organization\",\"@id\":\"https:\/\/exceladvisor.org\/de\/#organization\",\"name\":\"Excel Advisor\",\"url\":\"https:\/\/exceladvisor.org\/de\/\",\"logo\":{\"@type\":\"ImageObject\",\"inLanguage\":\"de\",\"@id\":\"https:\/\/exceladvisor.org\/de\/#\/schema\/logo\/image\/\",\"url\":\"https:\/\/exceladvisor.org\/de\/wp-content\/uploads\/2023\/11\/exceladvisor.org_.png\",\"contentUrl\":\"https:\/\/exceladvisor.org\/de\/wp-content\/uploads\/2023\/11\/exceladvisor.org_.png\",\"width\":105,\"height\":36,\"caption\":\"Excel Advisor\"},\"image\":{\"@id\":\"https:\/\/exceladvisor.org\/de\/#\/schema\/logo\/image\/\"}}]}<\/script>\n<!-- \/ Yoast SEO plugin. -->","yoast_head_json":{"title":"Wie konsolidiere ich mehrere Tabellenkalkulationsdaten?","description":"Eine der besten Excel-Optionen, die ich zum Thema Datenmanagement gelernt habe, ist die \u201eKonsolidierung von Daten aus mehreren Arbeitsbl\u00e4ttern \u2026\u201c","robots":{"index":"index","follow":"follow","max-snippet":"max-snippet:-1","max-image-preview":"max-image-preview:large","max-video-preview":"max-video-preview:-1"},"canonical":"https:\/\/exceladvisor.org\/de\/konsolidieren\/","og_locale":"de_DE","og_type":"article","og_title":"Wie konsolidiere ich mehrere Tabellenkalkulationsdaten?","og_description":"Eine der besten Excel-Optionen, die ich zum Thema Datenmanagement gelernt habe, ist die \u201eKonsolidierung von Daten aus mehreren Arbeitsbl\u00e4ttern \u2026\u201c","og_url":"https:\/\/exceladvisor.org\/de\/konsolidieren\/","og_site_name":"Excel Advisor","article_modified_time":"2023-12-03T13:03:43+00:00","og_image":[{"url":"https:\/\/exceladvisor.org\/wp-content\/uploads\/2023\/08\/consolider-les-donnees-de-plusieurs-feuilles-de-calcul-dans-une-seule-feuille-de-calcul-quatre-feuilles-avec-les-memes-donnees-1.png","type":"","width":"","height":""}],"twitter_card":"summary_large_image","twitter_misc":{"Gesch\u00e4tzte Lesezeit":"3\u00a0Minuten"},"schema":{"@context":"https:\/\/schema.org","@graph":[{"@type":"WebPage","@id":"https:\/\/exceladvisor.org\/de\/konsolidieren\/","url":"https:\/\/exceladvisor.org\/de\/konsolidieren\/","name":"Wie konsolidiere ich mehrere Tabellenkalkulationsdaten?","isPartOf":{"@id":"https:\/\/exceladvisor.org\/de\/#website"},"primaryImageOfPage":{"@id":"https:\/\/exceladvisor.org\/de\/konsolidieren\/#primaryimage"},"image":{"@id":"https:\/\/exceladvisor.org\/de\/konsolidieren\/#primaryimage"},"thumbnailUrl":"https:\/\/exceladvisor.org\/wp-content\/uploads\/2023\/08\/consolider-les-donnees-de-plusieurs-feuilles-de-calcul-dans-une-seule-feuille-de-calcul-quatre-feuilles-avec-les-memes-donnees-1.png","datePublished":"2023-11-02T23:10:23+00:00","dateModified":"2023-12-03T13:03:43+00:00","description":"Eine der besten Excel-Optionen, die ich zum Thema Datenmanagement gelernt habe, ist die \u201eKonsolidierung von Daten aus mehreren Arbeitsbl\u00e4ttern \u2026\u201c","breadcrumb":{"@id":"https:\/\/exceladvisor.org\/de\/konsolidieren\/#breadcrumb"},"inLanguage":"de","potentialAction":[{"@type":"ReadAction","target":["https:\/\/exceladvisor.org\/de\/konsolidieren\/"]}]},{"@type":"ImageObject","inLanguage":"de","@id":"https:\/\/exceladvisor.org\/de\/konsolidieren\/#primaryimage","url":"https:\/\/exceladvisor.org\/wp-content\/uploads\/2023\/08\/consolider-les-donnees-de-plusieurs-feuilles-de-calcul-dans-une-seule-feuille-de-calcul-quatre-feuilles-avec-les-memes-donnees-1.png","contentUrl":"https:\/\/exceladvisor.org\/wp-content\/uploads\/2023\/08\/consolider-les-donnees-de-plusieurs-feuilles-de-calcul-dans-une-seule-feuille-de-calcul-quatre-feuilles-avec-les-memes-donnees-1.png"},{"@type":"BreadcrumbList","@id":"https:\/\/exceladvisor.org\/de\/konsolidieren\/#breadcrumb","itemListElement":[{"@type":"ListItem","position":1,"name":"Accueil","item":"https:\/\/exceladvisor.org\/de\/"},{"@type":"ListItem","position":2,"name":"Wie konsolidiere ich mehrere tabellenkalkulationsdaten?"}]},{"@type":"WebSite","@id":"https:\/\/exceladvisor.org\/de\/#website","url":"https:\/\/exceladvisor.org\/de\/","name":"Excel Advisor","description":"Ihr Leitfaden zur Datendominanz","publisher":{"@id":"https:\/\/exceladvisor.org\/de\/#organization"},"potentialAction":[{"@type":"SearchAction","target":{"@type":"EntryPoint","urlTemplate":"https:\/\/exceladvisor.org\/de\/?s={search_term_string}"},"query-input":{"@type":"PropertyValueSpecification","valueRequired":true,"valueName":"search_term_string"}}],"inLanguage":"de"},{"@type":"Organization","@id":"https:\/\/exceladvisor.org\/de\/#organization","name":"Excel Advisor","url":"https:\/\/exceladvisor.org\/de\/","logo":{"@type":"ImageObject","inLanguage":"de","@id":"https:\/\/exceladvisor.org\/de\/#\/schema\/logo\/image\/","url":"https:\/\/exceladvisor.org\/de\/wp-content\/uploads\/2023\/11\/exceladvisor.org_.png","contentUrl":"https:\/\/exceladvisor.org\/de\/wp-content\/uploads\/2023\/11\/exceladvisor.org_.png","width":105,"height":36,"caption":"Excel Advisor"},"image":{"@id":"https:\/\/exceladvisor.org\/de\/#\/schema\/logo\/image\/"}}]}},"yoast_meta":{"yoast_wpseo_title":"","yoast_wpseo_metadesc":"","yoast_wpseo_canonical":""},"_links":{"self":[{"href":"https:\/\/exceladvisor.org\/de\/wp-json\/wp\/v2\/pages\/3305","targetHints":{"allow":["GET"]}}],"collection":[{"href":"https:\/\/exceladvisor.org\/de\/wp-json\/wp\/v2\/pages"}],"about":[{"href":"https:\/\/exceladvisor.org\/de\/wp-json\/wp\/v2\/types\/page"}],"author":[{"embeddable":true,"href":"https:\/\/exceladvisor.org\/de\/wp-json\/wp\/v2\/users\/1"}],"replies":[{"embeddable":true,"href":"https:\/\/exceladvisor.org\/de\/wp-json\/wp\/v2\/comments?post=3305"}],"version-history":[{"count":1,"href":"https:\/\/exceladvisor.org\/de\/wp-json\/wp\/v2\/pages\/3305\/revisions"}],"predecessor-version":[{"id":4117,"href":"https:\/\/exceladvisor.org\/de\/wp-json\/wp\/v2\/pages\/3305\/revisions\/4117"}],"wp:attachment":[{"href":"https:\/\/exceladvisor.org\/de\/wp-json\/wp\/v2\/media?parent=3305"}],"curies":[{"name":"wp","href":"https:\/\/api.w.org\/{rel}","templated":true}]}}