{"id":3306,"date":"2023-11-02T20:51:19","date_gmt":"2023-11-02T20:51:19","guid":{"rendered":"https:\/\/exceladvisor.org\/de\/link-zu-einem-anderen-blatt\/"},"modified":"2023-12-03T11:19:55","modified_gmt":"2023-12-03T11:19:55","slug":"link-zu-einem-anderen-blatt","status":"publish","type":"page","link":"https:\/\/exceladvisor.org\/de\/link-zu-einem-anderen-blatt\/","title":{"rendered":"Wie erstelle ich einen hyperlink zu einer anderen tabelle?"},"content":{"rendered":"<div class=\"excel-vor-dem-inhalt\" id=\"excel-288653883\"><script type=\"text\/javascript\">\r\n\tatOptions = {\r\n\t\t'key' : 'c1158f160081d6540a8409e6925dab94',\r\n\t\t'format' : 'iframe',\r\n\t\t'height' : 250,\r\n\t\t'width' : 300,\r\n\t\t'params' : {}\r\n\t};\r\n<\/script>\r\n<script type=\"text\/javascript\" src=\"\/\/www.highperformanceformat.com\/c1158f160081d6540a8409e6925dab94\/invoke.js\"><\/script><\/div> <p>Es ist fantastisch, von einem Arbeitsblatt aus einen Hyperlink zu einem anderen Arbeitsblatt zu erstellen, was die Navigation in der Arbeitsmappe erleichtert. In diesem Tutorial lernen wir zwei schnelle und einfache Methoden kennen, um einen Hyperlink zu einem Blatt zu erstellen.<\/p><h2 id=\"h-use-the-link-option-from-the-menu\" class=\"wp-block-heading\"> Verwenden Sie die Option \u201eMen\u00fc-Link\u201c.<\/h2><ol><li> Geben Sie zun\u00e4chst einen Wert in eine Zelle ein, klicken Sie mit der rechten Maustaste darauf, um das Kontextmen\u00fc zu \u00f6ffnen, und klicken Sie dann auf Link &gt; Link einf\u00fcgen. <br><img loading=\"lazy\" decoding=\"async\" title=\"1 Rechtsklick, um auf den Link zuzugreifen\" src=\"https:\/\/exceladvisor.org\/wp-content\/uploads\/2023\/08\/1-clic-droit-pour-acceder-au-lien.png\" sizes=\"auto, \" srcset=\"\" alt=\"1-right-click-to-go-to-link\" width=\"504\" height=\"410\"><\/li><li> Klicken Sie nun im Dialogfeld \u201eHyperlink einf\u00fcgen\u201c auf die Registerkarte \u201eIn diesem Dokument platzieren\u201c. Klicken Sie dann auf den Blattnamen \u201eBlatt2\u201c.<\/li><li> Hier k\u00f6nnen Sie auch die Zelladresse der Zelle im Blatt eingeben, zu der Sie eine Verkn\u00fcpfung herstellen m\u00f6chten. Sie k\u00f6nnen den Text auch in der Zelle \u201eAnzuzeigender Text\u201c bearbeiten. <br><img loading=\"lazy\" decoding=\"async\" title=\"2-Zellenadresse eingeben\" src=\"https:\/\/exceladvisor.org\/wp-content\/uploads\/2023\/08\/2-entrez-ladresse-de-la-cellule.png\" sizes=\"auto, \" srcset=\"\" alt=\"2-enter-the-cell-address\" width=\"640\" height=\"301\"><\/li><li> Klicken Sie abschlie\u00dfend auf OK, um den Link zu dem von Ihnen angegebenen Blatt zu erstellen.<\/li><\/ol><p> Und sobald Sie auf \u201eOK\u201c klicken, wird ein Hyperlink mit dem Text erstellt, den Sie in der Zelle haben. Und wenn Sie auf den Link klicken, gelangen Sie zu Sheet3. <\/p><div class=\"wp-block-image\"><figure class=\"aligncenter size-full is-resized\"><img loading=\"lazy\" decoding=\"async\" class=\"wp-image-92677\" src=\"https:\/\/exceladvisor.org\/wp-content\/uploads\/2023\/08\/3-hyperlien-cree.png\" sizes=\"auto, \" srcset=\"\" alt=\"Hyperlink erstellt\" width=\"466\" height=\"223\"><\/figure><\/div><h2 id=\"h-use-hyperlink-function-to-create-a-link-to-another-sheet\" class=\"wp-block-heading\"> Verwenden Sie die Hyperlink-Funktion, um eine Verkn\u00fcpfung zu einem anderen Blatt herzustellen<\/h2><ol><li> Geben Sie die Hyperlink-Funktion in eine Zelle ein. Diese Funktion verf\u00fcgt \u00fcber zwei Argumente, die Sie angeben m\u00fcssen. <br><img loading=\"lazy\" decoding=\"async\" title=\"4-Hyperlink-Funktion\" src=\"https:\/\/exceladvisor.org\/wp-content\/uploads\/2023\/08\/4-fonction-de-lien-hypertexte.png\" sizes=\"auto, \" srcset=\"\" alt=\"4-hyperlink-function\" width=\"417\" height=\"201\"><\/li><li> Im ersten Argument m\u00fcssen Sie die Blatt- und Zellenadresse eingeben, zu der Sie verlinken m\u00f6chten.<ul><li> Sie k\u00f6nnen auch mit der Maus zu der Zelle auf dem Blatt navigieren, um die Adresse automatisch einzuf\u00fcgen und vor dieser Adresse ein \u201e#\u201c einzugeben.<\/li><li> Und danach setzen Sie die Adresse in doppelte Anf\u00fchrungszeichen. Im ersten Argument m\u00fcssen Sie die Adresse des Blattes und die Adresse eingeben, auf die Sie verlinken m\u00f6chten. <\/li><\/ul><img loading=\"lazy\" decoding=\"async\" title=\"5-Geben Sie die Blatt- und Zellenadresse ein\" src=\"https:\/\/exceladvisor.org\/wp-content\/uploads\/2023\/08\/5-entrez-ladresse-de-la-feuille-et-de-la-cellule.png\" sizes=\"auto, \" srcset=\"\" alt=\"5-enter-sheet-and-cell-address\" width=\"542\" height=\"142\"><\/li><li> Als N\u00e4chstes m\u00fcssen Sie einen Anzeigenamen f\u00fcr den Link eingeben, der in der Zelle erstellt werden soll. <br><img loading=\"lazy\" decoding=\"async\" title=\"6-Namen-f\u00fcr-Link eingeben\" src=\"https:\/\/exceladvisor.org\/wp-content\/uploads\/2023\/08\/6-entrez-le-nom-du-lien.png\" sizes=\"auto, \" srcset=\"\" alt=\"6-enter-name-for-link\" width=\"492\" height=\"100\"><\/li><li> Dr\u00fccken Sie am Ende die Eingabetaste, um das Ergebnis in der Zelle anzuzeigen.<\/li><\/ol><p> Und sobald Sie die Eingabetaste dr\u00fccken, wird in der Zelle ein Link angezeigt, der Sie zu Tabelle 1 f\u00fchrt. <\/p><div class=\"wp-block-image\"><figure class=\"aligncenter size-full is-resized\"><img loading=\"lazy\" decoding=\"async\" class=\"wp-image-92681\" src=\"https:\/\/exceladvisor.org\/wp-content\/uploads\/2023\/08\/7-lien-cree-a-laide-de-la-formule-de-lien-hypertexte.png\" sizes=\"auto, \" srcset=\"\" alt=\"Link-erstellt-mit-Hyperlink-Formel\" width=\"536\" height=\"269\"><\/figure><\/div><p> Der Vorteil der Methode besteht darin, den Link einfach durch \u00c4ndern der Adresse in der Formel zu \u00e4ndern.<\/p><h2 id=\"h-create-a-link-to-the-sheet-with-drag-and-drop-menu\" class=\"wp-block-heading\"> Erstellen Sie mit dem Drag-and-Drop-Men\u00fc einen Link zum Blatt<\/h2><p> Sie m\u00fcssen zu dem Blatt und der Zelle gehen, in der Sie einen Hyperlink erstellen m\u00f6chten. Angenommen, Sie m\u00f6chten eine Verkn\u00fcpfung zu Zelle A5 in Tabelle 2 herstellen.<\/p><ol><li> W\u00e4hlen Sie Zelle A5 in Tabelle 2 aus und halten Sie die Alt-Taste gedr\u00fcckt. Bewegen Sie anschlie\u00dfend den Mauszeiger \u00fcber den Rand der Zelle. <br><img loading=\"lazy\" decoding=\"async\" title=\"8-Erstelle-einen-Link-mit-Drap-Drop-Men\u00fc\" src=\"https:\/\/exceladvisor.org\/wp-content\/uploads\/2023\/08\/8-creer-un-lien-avec-le-menu-deroulant-drape.png\" sizes=\"auto, \" srcset=\"\" alt=\"8-create-link-with-drap-drop-menu\" width=\"510\" height=\"306\"><\/li><li> Platzieren Sie als N\u00e4chstes Ihren Cursor auf der Registerkarte \u201eBlatt1\u201c, indem Sie die Alt-Taste gedr\u00fcckt halten und mit der rechten Maustaste klicken. Damit wird Sheet1 aktiviert. <br><img loading=\"lazy\" decoding=\"async\" title=\"9 Halten Sie die Alt-Taste gedr\u00fcckt und klicken Sie mit der rechten Maustaste\" src=\"https:\/\/exceladvisor.org\/wp-content\/uploads\/2023\/08\/9-maintenez-la-touche-alt-enfoncee-et-le-bouton-droit-de-la-souris.png\" sizes=\"auto, \" srcset=\"\" alt=\"9-hold-alt-key-and-right-click-button\" width=\"397\" height=\"165\"><\/li><li> Navigieren Sie von hier aus zu den Zellen, in denen Sie den Hyperlink erstellen m\u00f6chten, so wie wir unseren Cursor auf Zelle A1 in Tabelle 1 bewegt haben. <br><img loading=\"lazy\" decoding=\"async\" title=\"10-hypler-link-von-hier-erstellen\" src=\"https:\/\/exceladvisor.org\/wp-content\/uploads\/2023\/08\/10-creer-un-lien-hypertexte-a-partir-dici.png\" sizes=\"auto, \" srcset=\"\" alt=\"10-create-hyplerlink-from-here\" width=\"387\" height=\"253\"><\/li><li> Und sobald Sie die Alt-Taste loslassen und mit der rechten Maustaste klicken, wird ein Men\u00fc mit Optionen angezeigt. Sie m\u00fcssen auf \u201eHyperlink hier erstellen\u201c klicken. <br><img loading=\"lazy\" decoding=\"async\" title=\"11-klicken-hier-Hyperlink-erstellen\" src=\"https:\/\/exceladvisor.org\/wp-content\/uploads\/2023\/08\/11-cliquez-sur-creer-un-lien-hypertexte-ici.png\" sizes=\"auto, \" srcset=\"\" alt=\"11-click-on-create-hyperlink-here\" width=\"466\" height=\"363\"><\/li><\/ol><p> Sobald Sie auf \u201eHyperlink hier erstellen\u201c klicken, wird Zelle A1 von Blatt1 mit Zelle A5 von Blatt2 verbunden. <\/p><div class=\"gb-container gb-container-52dfcee1 gb-container-sample-file\"><h2 class=\"gb-headline gb-headline-e289c143 gb-headline-text gb-headline-4f7959c2\"> Holen Sie sich die Excel-Datei<\/h2> <a class=\"gb-button gb-button-e88d6bee gb-button-text gb-button-button1\" href=\"https:\/\/exceladvisor.org\/wp-content\/uploads\/2023\/11\/lien-vers-la-fiche.xlsx\" rel=\"nofollow\">Herunterladen<\/a> <\/div><div class=\"gb-container gb-container-3044ba66 gb-container-mt\"><p class=\"gb-headline gb-headline-b5bb6270 gb-headline-text\"> <strong><a href=\"https:\/\/exceladvisor.org\/de\/excel-grundlagen\/\">Excel-Grundlagen<\/a><\/strong> \/ <strong><a href=\"https:\/\/exceladvisor.org\/de\/arbeitsblatt\/\" data-wpil=\"url\">Excel-Tabelle<\/a><\/strong><\/p><h2 class=\"gb-headline gb-headline-819d540d gb-headline-text gb-headline-mt-heading\"> Weitere Tutorials <\/h2><div class=\"gb-grid-wrapper gb-grid-wrapper-7f3d805a gb-grid-wrapper-mt-grid\"><div class=\"gb-grid-column gb-grid-column-7495e031\"><div class=\"gb-container gb-container-7495e031\"><ul><li> <a href=\"https:\/\/exceladvisor.org\/de\/konsolidieren\/\">Konsolidieren Sie Daten aus mehreren Tabellenkalkulationen<\/a><\/li><li> <a href=\"https:\/\/exceladvisor.org\/de\/umbenennen\/\">Blatt in Excel umbenennen<\/a><\/li><li> <a href=\"https:\/\/exceladvisor.org\/de\/gruppe-1\/\">Gruppenarbeitsbl\u00e4tter in Excel<\/a><\/li><li> <a href=\"https:\/\/exceladvisor.org\/de\/nebeneinander-sehen\/\">Zeigen Sie zwei Bl\u00e4tter nebeneinander in Excel an<\/a> <\/li><\/ul><\/div><\/div><div class=\"gb-grid-column gb-grid-column-530ab33a\"><div class=\"gb-container gb-container-530ab33a\"><\/div><\/div><\/div><\/div>","protected":false},"excerpt":{"rendered":"","protected":false},"author":1,"featured_media":0,"parent":0,"menu_order":0,"comment_status":"open","ping_status":"closed","template":"","meta":{"ub_ctt_via":"","footnotes":""},"class_list":["post-3306","page","type-page","status-publish","hentry"],"featured_image_src":null,"yoast_head":"<!-- This site is optimized with the Yoast SEO plugin v25.4 - https:\/\/yoast.com\/wordpress\/plugins\/seo\/ -->\n<title>Wie erstelle ich einen Hyperlink zu einer anderen Tabelle?<\/title>\n<meta name=\"description\" content=\"In diesem Tutorial erfahren Sie, wie Sie ein Blatt mit einem anderen Blatt verkn\u00fcpfen. Dies kann Ihnen die einfache Navigation zwischen Arbeitsmappen erleichtern.\" \/>\n<meta name=\"robots\" content=\"index, follow, max-snippet:-1, max-image-preview:large, max-video-preview:-1\" \/>\n<link rel=\"canonical\" href=\"https:\/\/exceladvisor.org\/de\/link-zu-einem-anderen-blatt\/\" \/>\n<meta property=\"og:locale\" content=\"de_DE\" \/>\n<meta property=\"og:type\" content=\"article\" \/>\n<meta property=\"og:title\" content=\"Wie erstelle ich einen Hyperlink zu einer anderen Tabelle?\" \/>\n<meta property=\"og:description\" content=\"In diesem Tutorial erfahren Sie, wie Sie ein Blatt mit einem anderen Blatt verkn\u00fcpfen. Dies kann Ihnen die einfache Navigation zwischen Arbeitsmappen erleichtern.\" \/>\n<meta property=\"og:url\" content=\"https:\/\/exceladvisor.org\/de\/link-zu-einem-anderen-blatt\/\" \/>\n<meta property=\"og:site_name\" content=\"Excel Advisor\" \/>\n<meta property=\"article:modified_time\" content=\"2023-12-03T11:19:55+00:00\" \/>\n<meta property=\"og:image\" content=\"https:\/\/exceladvisor.org\/wp-content\/uploads\/2023\/08\/1-clic-droit-pour-acceder-au-lien.png\" \/>\n<meta name=\"twitter:card\" content=\"summary_large_image\" \/>\n<meta name=\"twitter:label1\" content=\"Gesch\u00e4tzte Lesezeit\" \/>\n\t<meta name=\"twitter:data1\" content=\"3\u00a0Minuten\" \/>\n<script type=\"application\/ld+json\" class=\"yoast-schema-graph\">{\"@context\":\"https:\/\/schema.org\",\"@graph\":[{\"@type\":\"WebPage\",\"@id\":\"https:\/\/exceladvisor.org\/de\/link-zu-einem-anderen-blatt\/\",\"url\":\"https:\/\/exceladvisor.org\/de\/link-zu-einem-anderen-blatt\/\",\"name\":\"Wie erstelle ich einen Hyperlink zu einer anderen Tabelle?\",\"isPartOf\":{\"@id\":\"https:\/\/exceladvisor.org\/de\/#website\"},\"primaryImageOfPage\":{\"@id\":\"https:\/\/exceladvisor.org\/de\/link-zu-einem-anderen-blatt\/#primaryimage\"},\"image\":{\"@id\":\"https:\/\/exceladvisor.org\/de\/link-zu-einem-anderen-blatt\/#primaryimage\"},\"thumbnailUrl\":\"https:\/\/exceladvisor.org\/wp-content\/uploads\/2023\/08\/1-clic-droit-pour-acceder-au-lien.png\",\"datePublished\":\"2023-11-02T20:51:19+00:00\",\"dateModified\":\"2023-12-03T11:19:55+00:00\",\"description\":\"In diesem Tutorial erfahren Sie, wie Sie ein Blatt mit einem anderen Blatt verkn\u00fcpfen. Dies kann Ihnen die einfache Navigation zwischen Arbeitsmappen erleichtern.\",\"breadcrumb\":{\"@id\":\"https:\/\/exceladvisor.org\/de\/link-zu-einem-anderen-blatt\/#breadcrumb\"},\"inLanguage\":\"de\",\"potentialAction\":[{\"@type\":\"ReadAction\",\"target\":[\"https:\/\/exceladvisor.org\/de\/link-zu-einem-anderen-blatt\/\"]}]},{\"@type\":\"ImageObject\",\"inLanguage\":\"de\",\"@id\":\"https:\/\/exceladvisor.org\/de\/link-zu-einem-anderen-blatt\/#primaryimage\",\"url\":\"https:\/\/exceladvisor.org\/wp-content\/uploads\/2023\/08\/1-clic-droit-pour-acceder-au-lien.png\",\"contentUrl\":\"https:\/\/exceladvisor.org\/wp-content\/uploads\/2023\/08\/1-clic-droit-pour-acceder-au-lien.png\"},{\"@type\":\"BreadcrumbList\",\"@id\":\"https:\/\/exceladvisor.org\/de\/link-zu-einem-anderen-blatt\/#breadcrumb\",\"itemListElement\":[{\"@type\":\"ListItem\",\"position\":1,\"name\":\"Accueil\",\"item\":\"https:\/\/exceladvisor.org\/de\/\"},{\"@type\":\"ListItem\",\"position\":2,\"name\":\"Wie erstelle ich einen hyperlink zu einer anderen tabelle?\"}]},{\"@type\":\"WebSite\",\"@id\":\"https:\/\/exceladvisor.org\/de\/#website\",\"url\":\"https:\/\/exceladvisor.org\/de\/\",\"name\":\"Excel Advisor\",\"description\":\"Ihr Leitfaden zur Datendominanz\",\"publisher\":{\"@id\":\"https:\/\/exceladvisor.org\/de\/#organization\"},\"potentialAction\":[{\"@type\":\"SearchAction\",\"target\":{\"@type\":\"EntryPoint\",\"urlTemplate\":\"https:\/\/exceladvisor.org\/de\/?s={search_term_string}\"},\"query-input\":{\"@type\":\"PropertyValueSpecification\",\"valueRequired\":true,\"valueName\":\"search_term_string\"}}],\"inLanguage\":\"de\"},{\"@type\":\"Organization\",\"@id\":\"https:\/\/exceladvisor.org\/de\/#organization\",\"name\":\"Excel Advisor\",\"url\":\"https:\/\/exceladvisor.org\/de\/\",\"logo\":{\"@type\":\"ImageObject\",\"inLanguage\":\"de\",\"@id\":\"https:\/\/exceladvisor.org\/de\/#\/schema\/logo\/image\/\",\"url\":\"https:\/\/exceladvisor.org\/de\/wp-content\/uploads\/2023\/11\/exceladvisor.org_.png\",\"contentUrl\":\"https:\/\/exceladvisor.org\/de\/wp-content\/uploads\/2023\/11\/exceladvisor.org_.png\",\"width\":105,\"height\":36,\"caption\":\"Excel Advisor\"},\"image\":{\"@id\":\"https:\/\/exceladvisor.org\/de\/#\/schema\/logo\/image\/\"}}]}<\/script>\n<!-- \/ Yoast SEO plugin. -->","yoast_head_json":{"title":"Wie erstelle ich einen Hyperlink zu einer anderen Tabelle?","description":"In diesem Tutorial erfahren Sie, wie Sie ein Blatt mit einem anderen Blatt verkn\u00fcpfen. Dies kann Ihnen die einfache Navigation zwischen Arbeitsmappen erleichtern.","robots":{"index":"index","follow":"follow","max-snippet":"max-snippet:-1","max-image-preview":"max-image-preview:large","max-video-preview":"max-video-preview:-1"},"canonical":"https:\/\/exceladvisor.org\/de\/link-zu-einem-anderen-blatt\/","og_locale":"de_DE","og_type":"article","og_title":"Wie erstelle ich einen Hyperlink zu einer anderen Tabelle?","og_description":"In diesem Tutorial erfahren Sie, wie Sie ein Blatt mit einem anderen Blatt verkn\u00fcpfen. Dies kann Ihnen die einfache Navigation zwischen Arbeitsmappen erleichtern.","og_url":"https:\/\/exceladvisor.org\/de\/link-zu-einem-anderen-blatt\/","og_site_name":"Excel Advisor","article_modified_time":"2023-12-03T11:19:55+00:00","og_image":[{"url":"https:\/\/exceladvisor.org\/wp-content\/uploads\/2023\/08\/1-clic-droit-pour-acceder-au-lien.png","type":"","width":"","height":""}],"twitter_card":"summary_large_image","twitter_misc":{"Gesch\u00e4tzte Lesezeit":"3\u00a0Minuten"},"schema":{"@context":"https:\/\/schema.org","@graph":[{"@type":"WebPage","@id":"https:\/\/exceladvisor.org\/de\/link-zu-einem-anderen-blatt\/","url":"https:\/\/exceladvisor.org\/de\/link-zu-einem-anderen-blatt\/","name":"Wie erstelle ich einen Hyperlink zu einer anderen Tabelle?","isPartOf":{"@id":"https:\/\/exceladvisor.org\/de\/#website"},"primaryImageOfPage":{"@id":"https:\/\/exceladvisor.org\/de\/link-zu-einem-anderen-blatt\/#primaryimage"},"image":{"@id":"https:\/\/exceladvisor.org\/de\/link-zu-einem-anderen-blatt\/#primaryimage"},"thumbnailUrl":"https:\/\/exceladvisor.org\/wp-content\/uploads\/2023\/08\/1-clic-droit-pour-acceder-au-lien.png","datePublished":"2023-11-02T20:51:19+00:00","dateModified":"2023-12-03T11:19:55+00:00","description":"In diesem Tutorial erfahren Sie, wie Sie ein Blatt mit einem anderen Blatt verkn\u00fcpfen. Dies kann Ihnen die einfache Navigation zwischen Arbeitsmappen erleichtern.","breadcrumb":{"@id":"https:\/\/exceladvisor.org\/de\/link-zu-einem-anderen-blatt\/#breadcrumb"},"inLanguage":"de","potentialAction":[{"@type":"ReadAction","target":["https:\/\/exceladvisor.org\/de\/link-zu-einem-anderen-blatt\/"]}]},{"@type":"ImageObject","inLanguage":"de","@id":"https:\/\/exceladvisor.org\/de\/link-zu-einem-anderen-blatt\/#primaryimage","url":"https:\/\/exceladvisor.org\/wp-content\/uploads\/2023\/08\/1-clic-droit-pour-acceder-au-lien.png","contentUrl":"https:\/\/exceladvisor.org\/wp-content\/uploads\/2023\/08\/1-clic-droit-pour-acceder-au-lien.png"},{"@type":"BreadcrumbList","@id":"https:\/\/exceladvisor.org\/de\/link-zu-einem-anderen-blatt\/#breadcrumb","itemListElement":[{"@type":"ListItem","position":1,"name":"Accueil","item":"https:\/\/exceladvisor.org\/de\/"},{"@type":"ListItem","position":2,"name":"Wie erstelle ich einen hyperlink zu einer anderen tabelle?"}]},{"@type":"WebSite","@id":"https:\/\/exceladvisor.org\/de\/#website","url":"https:\/\/exceladvisor.org\/de\/","name":"Excel Advisor","description":"Ihr Leitfaden zur Datendominanz","publisher":{"@id":"https:\/\/exceladvisor.org\/de\/#organization"},"potentialAction":[{"@type":"SearchAction","target":{"@type":"EntryPoint","urlTemplate":"https:\/\/exceladvisor.org\/de\/?s={search_term_string}"},"query-input":{"@type":"PropertyValueSpecification","valueRequired":true,"valueName":"search_term_string"}}],"inLanguage":"de"},{"@type":"Organization","@id":"https:\/\/exceladvisor.org\/de\/#organization","name":"Excel Advisor","url":"https:\/\/exceladvisor.org\/de\/","logo":{"@type":"ImageObject","inLanguage":"de","@id":"https:\/\/exceladvisor.org\/de\/#\/schema\/logo\/image\/","url":"https:\/\/exceladvisor.org\/de\/wp-content\/uploads\/2023\/11\/exceladvisor.org_.png","contentUrl":"https:\/\/exceladvisor.org\/de\/wp-content\/uploads\/2023\/11\/exceladvisor.org_.png","width":105,"height":36,"caption":"Excel Advisor"},"image":{"@id":"https:\/\/exceladvisor.org\/de\/#\/schema\/logo\/image\/"}}]}},"yoast_meta":{"yoast_wpseo_title":"","yoast_wpseo_metadesc":"","yoast_wpseo_canonical":""},"_links":{"self":[{"href":"https:\/\/exceladvisor.org\/de\/wp-json\/wp\/v2\/pages\/3306","targetHints":{"allow":["GET"]}}],"collection":[{"href":"https:\/\/exceladvisor.org\/de\/wp-json\/wp\/v2\/pages"}],"about":[{"href":"https:\/\/exceladvisor.org\/de\/wp-json\/wp\/v2\/types\/page"}],"author":[{"embeddable":true,"href":"https:\/\/exceladvisor.org\/de\/wp-json\/wp\/v2\/users\/1"}],"replies":[{"embeddable":true,"href":"https:\/\/exceladvisor.org\/de\/wp-json\/wp\/v2\/comments?post=3306"}],"version-history":[{"count":1,"href":"https:\/\/exceladvisor.org\/de\/wp-json\/wp\/v2\/pages\/3306\/revisions"}],"predecessor-version":[{"id":3975,"href":"https:\/\/exceladvisor.org\/de\/wp-json\/wp\/v2\/pages\/3306\/revisions\/3975"}],"wp:attachment":[{"href":"https:\/\/exceladvisor.org\/de\/wp-json\/wp\/v2\/media?parent=3306"}],"curies":[{"name":"wp","href":"https:\/\/api.w.org\/{rel}","templated":true}]}}