{"id":3307,"date":"2023-11-02T15:07:50","date_gmt":"2023-11-02T15:07:50","guid":{"rendered":"https:\/\/exceladvisor.org\/de\/wenn-erklarung\/"},"modified":"2023-12-03T11:12:44","modified_gmt":"2023-12-03T11:12:44","slug":"wenn-erklarung","status":"publish","type":"page","link":"https:\/\/exceladvisor.org\/de\/wenn-erklarung\/","title":{"rendered":"Power query: if-anweisung"},"content":{"rendered":"<div class=\"excel-vor-dem-inhalt\" id=\"excel-1972073162\"><script type=\"text\/javascript\">\r\n\tatOptions = {\r\n\t\t'key' : 'c1158f160081d6540a8409e6925dab94',\r\n\t\t'format' : 'iframe',\r\n\t\t'height' : 250,\r\n\t\t'width' : 300,\r\n\t\t'params' : {}\r\n\t};\r\n<\/script>\r\n<script type=\"text\/javascript\" src=\"\/\/www.highperformanceformat.com\/c1158f160081d6540a8409e6925dab94\/invoke.js\"><\/script><\/div> <p>Wenn Sie in Power Query eine IF-Anweisung erstellen m\u00f6chten, gibt es eine spezielle Option, die Ihnen beim Schreiben ohne Formel hilft. Unten finden Sie beispielsweise eine Liste mit Zahlen (100) in Spalte A. <\/p><div class=\"wp-block-image\"><figure class=\"aligncenter size-full is-resized\"><img loading=\"lazy\" decoding=\"async\" class=\"wp-image-88939\" src=\"https:\/\/exceladvisor.org\/wp-content\/uploads\/2023\/08\/1-instruction-if-dans-la-requete-de-puissance.png\" sizes=\"auto, \" srcset=\"\" alt=\"if-Anweisung-in-Power-Abfrage\" width=\"224\" height=\"222\"><\/figure><\/div><p> Sie ben\u00f6tigen eine neue Spalte mit IF-Anweisung, um zu pr\u00fcfen, ob eine Zahl gr\u00f6\u00dfer oder gleich 1000 ist.<\/p><h2 class=\"wp-block-heading\"> Verwenden Sie IF in Power Query<\/h2><p> Hier sind die Schritte zum Schreiben einer IF-Anweisung in Power Query:<\/p><ol><li> W\u00e4hlen Sie zun\u00e4chst eine Zelle aus und gehen Sie zur Registerkarte \u201eDaten\u201c &gt; \u201eDaten abrufen\u201c &gt; \u201eAus anderen Quellen\u201c &gt; \u201eAus Tabelle\/Bereich\u201c. <br><img loading=\"lazy\" decoding=\"async\" title=\"2-use-if-in-power-Abfrage\" src=\"https:\/\/exceladvisor.org\/wp-content\/uploads\/2023\/08\/2-utiliser-si-dans-la-requete-de-puissance.png\" sizes=\"auto, \" srcset=\"\" alt=\"use-if-in-power-query\" width=\"477\" height=\"337\"><\/li><li> Klicken Sie auf \u201eOK\u201c, um die Daten in eine Tabelle umzuwandeln und sie in den erweiterten Abfrageeditor zu laden. <br><img loading=\"lazy\" decoding=\"async\" title=\"3-Daten in eine Tabelle konvertieren und laden\" src=\"https:\/\/exceladvisor.org\/wp-content\/uploads\/2023\/08\/3-convertir-les-donnees-en-table-et-charger.png\" sizes=\"auto, \" srcset=\"\" alt=\"convert-data-into-table-and-load\" width=\"369\" height=\"133\"><\/li><li> Gehen Sie im leistungsstarken Abfrageeditor zur Registerkarte \u201eSpalte hinzuf\u00fcgen\u201c und klicken Sie auf \u201eBedingte Spalte\u201c. <br><img loading=\"lazy\" decoding=\"async\" title=\"Bedingte Spalte mit 4 Klicks\" src=\"https:\/\/exceladvisor.org\/wp-content\/uploads\/2023\/08\/Colonne-conditionnelle-en-4-clics.png\" sizes=\"auto, \" srcset=\"\" alt=\"click-conditional-column\" width=\"499\" height=\"271\"><\/li><li> Und wenn Sie auf die Schaltfl\u00e4che klicken, wird ein Dialogfeld zum Erstellen der bedingten Anweisung angezeigt. <br><img loading=\"lazy\" decoding=\"async\" title=\"5-Dialoge-zum-Erstellen-einer-bedingten-Anweisung\" src=\"https:\/\/exceladvisor.org\/wp-content\/uploads\/2023\/08\/5-boite-de-dialogue-pour-creer-une-instruction-conditionnelle.png\" sizes=\"auto, \" srcset=\"\" alt=\"dialog-box-to-create-conditional-statement\" width=\"658\" height=\"271\"><\/li><li id=\"block-12d1fea2-fe89-41da-ac3f-76a8f6ad6909\" class=\"block-editor-block-list__block wp-block is-selected wp-block-list-item block-editor-block-list__layout tcb-style-wrap\" tabindex=\"0\" role=\"document\" aria-label=\"Block: List item\" data-block=\"12d1fea2-fe89-41da-ac3f-76a8f6ad6909\" data-type=\"core\/list-item\" data-title=\"List item\"><div class=\"block-editor-rich-text__editable rich-text\" style=\"white-space: pre-wrap; min-width: 1px;\" role=\"textbox\" contenteditable=\"true\" aria-multiline=\"true\" aria-label=\"List text\"> Sie m\u00fcssen die folgenden Schritte ausf\u00fchren: <\/div><ol id=\"block-13e8ba86-7e9d-4dfa-85f8-8e7781c51f00\" class=\"block-editor-block-list__block wp-block wp-block-list block-editor-block-list__layout tcb-style-wrap\" tabindex=\"0\" role=\"document\" aria-label=\"Block: List\" data-block=\"13e8ba86-7e9d-4dfa-85f8-8e7781c51f00\" data-type=\"core\/list\" data-title=\"List\" data-is-drop-zone=\"true\"><li id=\"block-65da9307-cc10-4433-b081-92a73d2f0951\" class=\"block-editor-block-list__block wp-block wp-block-list-item block-editor-block-list__layout tcb-style-wrap\" tabindex=\"0\" role=\"document\" aria-label=\"Block: List item\" data-block=\"65da9307-cc10-4433-b081-92a73d2f0951\" data-type=\"core\/list-item\" data-title=\"List item\"><div class=\"block-editor-rich-text__editable rich-text\" style=\"white-space: pre-wrap; min-width: 1px;\" role=\"textbox\" contenteditable=\"true\" aria-multiline=\"true\" aria-label=\"List text\"> Geben Sie den neuen Spaltennamen \u201eStatus\u201c ein. <\/div><\/li><li id=\"block-f8f0d664-28ef-4f73-ba86-551008a23a8f\" class=\"block-editor-block-list__block wp-block wp-block-list-item block-editor-block-list__layout tcb-style-wrap\" tabindex=\"0\" role=\"document\" aria-label=\"Block: List item\" data-block=\"f8f0d664-28ef-4f73-ba86-551008a23a8f\" data-type=\"core\/list-item\" data-title=\"List item\"><div class=\"block-editor-rich-text__editable rich-text\" style=\"white-space: pre-wrap; min-width: 1px;\" role=\"textbox\" contenteditable=\"true\" aria-multiline=\"true\" aria-label=\"List text\"> W\u00e4hlen Sie die Spalte \u201eZahlen\u201c aus. <\/div><\/li><li id=\"block-69edee46-70e4-4e1b-9a47-949b59b1ce26\" class=\"block-editor-block-list__block wp-block wp-block-list-item block-editor-block-list__layout tcb-style-wrap\" tabindex=\"0\" role=\"document\" aria-label=\"Block: List item\" data-block=\"69edee46-70e4-4e1b-9a47-949b59b1ce26\" data-type=\"core\/list-item\" data-title=\"List item\"><div class=\"block-editor-rich-text__editable rich-text\" style=\"white-space: pre-wrap; min-width: 1px;\" role=\"textbox\" contenteditable=\"true\" aria-multiline=\"true\" aria-label=\"List text\"> Verwenden Sie den Operator \u201eist gr\u00f6\u00dfer oder gleich\u201c. <\/div><\/li><li id=\"block-b5df48b9-7ab0-4e28-abe7-494ef564e69c\" class=\"block-editor-block-list__block wp-block wp-block-list-item block-editor-block-list__layout tcb-style-wrap\" tabindex=\"0\" role=\"document\" aria-label=\"Block: List item\" data-block=\"b5df48b9-7ab0-4e28-abe7-494ef564e69c\" data-type=\"core\/list-item\" data-title=\"List item\"><div class=\"block-editor-rich-text__editable rich-text\" style=\"white-space: pre-wrap; min-width: 1px;\" role=\"textbox\" contenteditable=\"true\" aria-multiline=\"true\" aria-label=\"List text\"> Geben Sie den Wert \u201e1000\u201c ein. <\/div><\/li><li id=\"block-4aa8de0b-76a9-483f-9d10-6bb90baf0c60\" class=\"block-editor-block-list__block wp-block wp-block-list-item block-editor-block-list__layout tcb-style-wrap\" tabindex=\"0\" role=\"document\" aria-label=\"Block: List item\" data-block=\"4aa8de0b-76a9-483f-9d10-6bb90baf0c60\" data-type=\"core\/list-item\" data-title=\"List item\"><div class=\"block-editor-rich-text__editable rich-text\" style=\"white-space: pre-wrap; min-width: 1px;\" role=\"textbox\" contenteditable=\"true\" aria-multiline=\"true\" aria-label=\"List text\"> \u201eJa\u201c f\u00fcr Ausstieg. <\/div><\/li><li id=\"block-5bbc9f99-1ac7-479d-80d8-b531b968581e\" class=\"block-editor-block-list__block wp-block wp-block-list-item block-editor-block-list__layout tcb-style-wrap\" tabindex=\"0\" role=\"document\" aria-label=\"Block: List item\" data-block=\"5bbc9f99-1ac7-479d-80d8-b531b968581e\" data-type=\"core\/list-item\" data-title=\"List item\"><div class=\"block-editor-rich-text__editable rich-text\" style=\"white-space: pre-wrap; min-width: 1px;\" role=\"textbox\" contenteditable=\"true\" aria-multiline=\"true\" aria-label=\"List text\"> \u201eNein\u201c f\u00fcr den Rest. <\/div><\/li><li id=\"block-0841c1ed-0853-42a0-ae07-8585ec60b6a6\" class=\"block-editor-block-list__block wp-block wp-block-list-item block-editor-block-list__layout tcb-style-wrap\" tabindex=\"0\" role=\"document\" aria-label=\"Block: List item\" data-block=\"0841c1ed-0853-42a0-ae07-8585ec60b6a6\" data-type=\"core\/list-item\" data-title=\"List item\"><div class=\"block-editor-rich-text__editable rich-text\" style=\"white-space: pre-wrap; min-width: 1px;\" role=\"textbox\" contenteditable=\"true\" aria-multiline=\"true\" aria-label=\"List text\"> OK klicken. <\/div><\/li><\/ol><p><img loading=\"lazy\" decoding=\"async\" title=\"6-add-condition-Anweisung\" src=\"https:\/\/exceladvisor.org\/wp-content\/uploads\/2023\/08\/6-ajouter-une-instruction-conditionnelle.png\" sizes=\"auto, \" srcset=\"\" alt=\"add-conditional-statement\" width=\"661\" height=\"276\"><\/p><\/li><\/ol><p> Mit der obigen IF-Anweisung weisen Sie PowerQuery an, eine neue Spalte zu erstellen, in der Sie \u201eJa\u201c verwenden, wenn die Zahl gr\u00f6\u00dfer oder gleich \u201e1000\u201c ist, andernfalls \u201eNein\u201c. Und sobald Sie die Eingabetaste dr\u00fccken, wird eine neue Spalte mit der von Ihnen geschriebenen Bedingung eingegeben. <\/p><div class=\"wp-block-image\"><figure class=\"aligncenter size-full is-resized\"><img loading=\"lazy\" decoding=\"async\" class=\"wp-image-88945\" src=\"https:\/\/exceladvisor.org\/wp-content\/uploads\/2023\/08\/7-nouvelle-colonne-avec-la-condition-que-vous-avez-ecrite.png\" sizes=\"auto, \" srcset=\"\" alt=\"Neue Spalte mit der von Ihnen geschriebenen Bedingung\" width=\"377\" height=\"343\"><\/figure><\/div><h2 class=\"wp-block-heading\"> Verwenden von IF mit ELSE-IF in Power Query (verschachteltes IF)<\/h2><p> Sie haben auch die M\u00f6glichkeit, die else if-Anweisung mit dem (verschachtelten) IF zu verwenden. Sie k\u00f6nnen eine Option zum Hinzuf\u00fcgen im IF-Anweisungsdialogfeld sehen. <\/p><div class=\"wp-block-image\"><figure class=\"aligncenter size-full is-resized\"><img loading=\"lazy\" decoding=\"async\" class=\"wp-image-88946\" src=\"https:\/\/exceladvisor.org\/wp-content\/uploads\/2023\/08\/8-si-avec-elseif-dans-la-requete-de-puissance.png\" sizes=\"auto, \" srcset=\"\" alt=\"if-with-else-if-in-power-Abfrage\" width=\"550\" height=\"311\"><\/figure><\/div><ol><li> Wenn Sie auf die Schaltfl\u00e4che \u201eKlausel hinzuf\u00fcgen\u201c klicken, erhalten Sie eine Else IF-Anweisung, genau wie IF, und jetzt m\u00fcssen Sie hier die Details eingeben. <br><img loading=\"lazy\" decoding=\"async\" title=\"9-add-clause-to-get-elseif-Anweisung\" src=\"https:\/\/exceladvisor.org\/wp-content\/uploads\/2023\/08\/9-ajouter-une-clause-pour-obtenir-une-instruction-elseif.png\" sizes=\"auto, \" srcset=\"\" alt=\"add-clause-to-get-else-if-statement\" width=\"831\" height=\"247\"><\/li><li> Hier verwende ich den Operator \u201eGr\u00f6\u00dfer als\u201c und \u201eGleich\u201c, um den Wert \u201eVielleicht\u201c f\u00fcr Zahlen zu erhalten, die gr\u00f6\u00dfer als 500, aber kleiner als 1000 sind. <br><img loading=\"lazy\" decoding=\"async\" title=\"10-verwende-gr\u00f6\u00dfer-und-gleich-um-vielleicht-zu-bekommen\" src=\"https:\/\/exceladvisor.org\/wp-content\/uploads\/2023\/08\/10-utiliser-superieur-et-egal-a-obtenir-peut-etre.png\" sizes=\"auto, \" srcset=\"\" alt=\"use-greater-than-and-equal-to-get-may-be\" width=\"832\" height=\"252\"><\/li><li> Sobald Sie auf OK klicken, werden Ihnen in der Spalte \u201eStatus\u201c drei verschiedene Werte angezeigt, basierend auf Ihrer schriftlichen IF-Anweisung. <br><img loading=\"lazy\" decoding=\"async\" title=\"11-drei-unterschiedliche-Werte-in-Spalte\" src=\"https:\/\/exceladvisor.org\/wp-content\/uploads\/2023\/08\/11-trois-valeurs-differentes-dans-la-colonne.png\" sizes=\"auto, \" srcset=\"\" alt=\"three-different-values-in-the-column\" width=\"391\" height=\"286\"><\/li><\/ol><h2 class=\"wp-block-heading\"> Schreiben Sie eine echte WENN-Formel<\/h2><p> Ja, Sie k\u00f6nnen auch eine tats\u00e4chliche WENN-Formel schreiben. Beispielsweise unterscheidet sich das Schreiben der IF-Formel in PowerQuery geringf\u00fcgig, aber nicht wesentlich. Nachdem Sie die Daten in den erweiterten Abfrageeditor geladen haben, gehen Sie zur Registerkarte \u201eSpalte\u201c und klicken Sie auf die Schaltfl\u00e4che \u201eSpalte hinzuf\u00fcgen\u201c. <\/p><div class=\"wp-block-image\"><figure class=\"aligncenter size-full is-resized\"><img loading=\"lazy\" decoding=\"async\" class=\"wp-image-88950\" src=\"https:\/\/exceladvisor.org\/wp-content\/uploads\/2023\/08\/12-ecrire-si-la-formule-dans-la-requete-de-puissance.png\" sizes=\"auto, \" srcset=\"\" alt=\"write-if-formula-in-power-query\" width=\"460\" height=\"255\"><\/figure><\/div><p> Geben Sie dann die Formel unten in die \u201eFormeleingabeleiste\u201c ein.<\/p><pre class=\"wp-block-code\"> <code class=\"language-excel-formula\" lang=\"excel-formula\">=if [Numbers] &gt;= 1000 then \"Yes\" else \"No\"<\/code><\/pre><p> Diese Formel besteht aus drei Teilen:<\/p><ul><li> if \u2013 Bedingung f\u00fcr Text<\/li><li> then \u2013 Wert, wenn die Bedingung wahr ist.<\/li><li> else \u2013 Wert, wenn die Bedingung falsch ist.<\/li><\/ul><p> Und stellen Sie sicher, dass Sie alles in Kleinbuchstaben schreiben. Im Gegensatz zu Excel m\u00fcssen Sie in Power Query auf die gesamten Spalten der Formel verweisen. Und wir haben auch einen Gr\u00f6\u00dfer-gleich-Operator, um die Bedingung zu testen. <\/p><div class=\"wp-block-image\"><figure class=\"aligncenter size-full is-resized\"><img loading=\"lazy\" decoding=\"async\" class=\"wp-image-88951\" src=\"https:\/\/exceladvisor.org\/wp-content\/uploads\/2023\/08\/13-font-reference-a-des-colonnes-entieres-dans-la-formule.png\" sizes=\"auto, \" srcset=\"\" alt=\"gesamte-Spalten-in-der-Formel beziehen\" width=\"658\" height=\"409\"><\/figure><\/div><p> Und wenn Sie ein verschachteltes Wenn erstellen m\u00f6chten, k\u00f6nnen Sie dies wie folgt tun: <\/p><pre class=\"wp-block-code\"> <code class=\"language-excel-formula\" lang=\"excel-formula\">=if [Numbers] &gt;= 1000 then \"Yes\" else if [Numbers] &gt;= 500 then \"May Be\" else \"No\"<\/code><\/pre><div class=\"wp-block-image\"><figure class=\"aligncenter size-full is-resized\"><img loading=\"lazy\" decoding=\"async\" class=\"wp-image-88952\" src=\"https:\/\/exceladvisor.org\/wp-content\/uploads\/2023\/08\/14-creer-imbrique-si.png\" sizes=\"auto, \" srcset=\"\" alt=\"erstellen-verschachtelt-wenn\" width=\"668\" height=\"414\"><\/figure><\/div><p> Klicken Sie am Ende auf OK, um die Spalte hinzuzuf\u00fcgen. <\/p><div class=\"wp-block-image\"><figure class=\"aligncenter size-full is-resized\"><img loading=\"lazy\" decoding=\"async\" class=\"wp-image-88953\" src=\"https:\/\/exceladvisor.org\/wp-content\/uploads\/2023\/08\/15-cliquez-sur-ok-pour-ajouter-un-nuage.png\" sizes=\"auto, \" srcset=\"\" alt=\"Klicken Sie auf \u201eOK\u201c, um eine Spalte hinzuzuf\u00fcgen\" width=\"405\" height=\"333\"><\/figure><\/div><div class=\"gb-container gb-container-52dfcee1 gb-container-sample-file\"><h2 class=\"gb-headline gb-headline-e289c143 gb-headline-text gb-headline-4f7959c2\"> Holen Sie sich die Excel-Datei<\/h2><p> <a class=\"gb-button gb-button-e88d6bee gb-button-text gb-button-button1\" href=\"https:\/\/exceladvisor.org\/wp-content\/uploads\/2023\/08\/si-requete-de-puissance.xlsx\" rel=\"nofollow\">Herunterladen<\/a><\/p><\/div><div class=\"gb-container gb-container-9e2850fe gb-container-mt\"> <a class=\"gb-button gb-button-71636faa gb-button-text gb-button-mt-button\" href=\"https:\/\/exceladvisor.org\/de\/leistungsanforderung\/\">Power Query in Excel (Tutorial)<\/a><h2 class=\"gb-headline gb-headline-c566b2ed gb-headline-text gb-headline-mt-heading\"> Verwandte Tutorials <\/h2><div class=\"gb-grid-wrapper gb-grid-wrapper-b15ed1bf gb-grid-wrapper-mt-grid\"><div class=\"gb-grid-column gb-grid-column-6e9de105\"><div class=\"gb-container gb-container-6e9de105\"><ul><li> F\u00fchren Sie mehrere Excel-Dateien in EINEM NOTIZBUCH zusammen<\/li><li> <a href=\"https:\/\/exceladvisor.org\/de\/suchev-2\/\">F\u00fchren Sie SVERWEIS in Power Query in Excel durch<\/a><\/li><li> <a href=\"https:\/\/exceladvisor.org\/de\/nicht-gedrehte-daten\/\">Entfernen Sie den Daten-Pivot in Excel mithilfe von Power Query<\/a><\/li><li> <a href=\"https:\/\/exceladvisor.org\/de\/kette\/\">Power Query: Werte verketten (Text und Zahlen)<\/a><\/li><li> <a href=\"https:\/\/exceladvisor.org\/de\/unterschied-in-den-daten\/\">Power Query: Datumsunterschied<\/a> <\/li><\/ul><\/div><\/div><div class=\"gb-grid-column gb-grid-column-4eaecde3\"><div class=\"gb-container gb-container-4eaecde3\"><\/div><\/div><\/div><\/div>","protected":false},"excerpt":{"rendered":"","protected":false},"author":1,"featured_media":0,"parent":0,"menu_order":0,"comment_status":"open","ping_status":"closed","template":"","meta":{"ub_ctt_via":"","footnotes":""},"class_list":["post-3307","page","type-page","status-publish","hentry"],"featured_image_src":null,"yoast_head":"<!-- This site is optimized with the Yoast SEO plugin v25.4 - https:\/\/yoast.com\/wordpress\/plugins\/seo\/ -->\n<title>Verwenden Sie die IF-Anweisung in Power Query, um Bedingungen zu testen<\/title>\n<meta name=\"description\" content=\"Wenn Sie in Power Query eine IF-Anweisung erstellen m\u00f6chten, gibt es eine spezielle Option, die Ihnen beim Schreiben ohne Formel hilft.\" \/>\n<meta name=\"robots\" content=\"index, follow, max-snippet:-1, max-image-preview:large, max-video-preview:-1\" \/>\n<link rel=\"canonical\" href=\"https:\/\/exceladvisor.org\/de\/wenn-erklarung\/\" \/>\n<meta property=\"og:locale\" content=\"de_DE\" \/>\n<meta property=\"og:type\" content=\"article\" \/>\n<meta property=\"og:title\" content=\"Verwenden Sie die IF-Anweisung in Power Query, um Bedingungen zu testen\" \/>\n<meta property=\"og:description\" content=\"Wenn Sie in Power Query eine IF-Anweisung erstellen m\u00f6chten, gibt es eine spezielle Option, die Ihnen beim Schreiben ohne Formel hilft.\" \/>\n<meta property=\"og:url\" content=\"https:\/\/exceladvisor.org\/de\/wenn-erklarung\/\" \/>\n<meta property=\"og:site_name\" content=\"Excel Advisor\" \/>\n<meta property=\"article:modified_time\" content=\"2023-12-03T11:12:44+00:00\" \/>\n<meta property=\"og:image\" content=\"https:\/\/exceladvisor.org\/wp-content\/uploads\/2023\/08\/1-instruction-if-dans-la-requete-de-puissance.png\" \/>\n<meta name=\"twitter:card\" content=\"summary_large_image\" \/>\n<meta name=\"twitter:label1\" content=\"Gesch\u00e4tzte Lesezeit\" \/>\n\t<meta name=\"twitter:data1\" content=\"3\u00a0Minuten\" \/>\n<script type=\"application\/ld+json\" class=\"yoast-schema-graph\">{\"@context\":\"https:\/\/schema.org\",\"@graph\":[{\"@type\":\"WebPage\",\"@id\":\"https:\/\/exceladvisor.org\/de\/wenn-erklarung\/\",\"url\":\"https:\/\/exceladvisor.org\/de\/wenn-erklarung\/\",\"name\":\"Verwenden Sie die IF-Anweisung in Power Query, um Bedingungen zu testen\",\"isPartOf\":{\"@id\":\"https:\/\/exceladvisor.org\/de\/#website\"},\"primaryImageOfPage\":{\"@id\":\"https:\/\/exceladvisor.org\/de\/wenn-erklarung\/#primaryimage\"},\"image\":{\"@id\":\"https:\/\/exceladvisor.org\/de\/wenn-erklarung\/#primaryimage\"},\"thumbnailUrl\":\"https:\/\/exceladvisor.org\/wp-content\/uploads\/2023\/08\/1-instruction-if-dans-la-requete-de-puissance.png\",\"datePublished\":\"2023-11-02T15:07:50+00:00\",\"dateModified\":\"2023-12-03T11:12:44+00:00\",\"description\":\"Wenn Sie in Power Query eine IF-Anweisung erstellen m\u00f6chten, gibt es eine spezielle Option, die Ihnen beim Schreiben ohne Formel hilft.\",\"breadcrumb\":{\"@id\":\"https:\/\/exceladvisor.org\/de\/wenn-erklarung\/#breadcrumb\"},\"inLanguage\":\"de\",\"potentialAction\":[{\"@type\":\"ReadAction\",\"target\":[\"https:\/\/exceladvisor.org\/de\/wenn-erklarung\/\"]}]},{\"@type\":\"ImageObject\",\"inLanguage\":\"de\",\"@id\":\"https:\/\/exceladvisor.org\/de\/wenn-erklarung\/#primaryimage\",\"url\":\"https:\/\/exceladvisor.org\/wp-content\/uploads\/2023\/08\/1-instruction-if-dans-la-requete-de-puissance.png\",\"contentUrl\":\"https:\/\/exceladvisor.org\/wp-content\/uploads\/2023\/08\/1-instruction-if-dans-la-requete-de-puissance.png\"},{\"@type\":\"BreadcrumbList\",\"@id\":\"https:\/\/exceladvisor.org\/de\/wenn-erklarung\/#breadcrumb\",\"itemListElement\":[{\"@type\":\"ListItem\",\"position\":1,\"name\":\"Accueil\",\"item\":\"https:\/\/exceladvisor.org\/de\/\"},{\"@type\":\"ListItem\",\"position\":2,\"name\":\"Power query: if-anweisung\"}]},{\"@type\":\"WebSite\",\"@id\":\"https:\/\/exceladvisor.org\/de\/#website\",\"url\":\"https:\/\/exceladvisor.org\/de\/\",\"name\":\"Excel Advisor\",\"description\":\"Ihr Leitfaden zur Datendominanz\",\"publisher\":{\"@id\":\"https:\/\/exceladvisor.org\/de\/#organization\"},\"potentialAction\":[{\"@type\":\"SearchAction\",\"target\":{\"@type\":\"EntryPoint\",\"urlTemplate\":\"https:\/\/exceladvisor.org\/de\/?s={search_term_string}\"},\"query-input\":{\"@type\":\"PropertyValueSpecification\",\"valueRequired\":true,\"valueName\":\"search_term_string\"}}],\"inLanguage\":\"de\"},{\"@type\":\"Organization\",\"@id\":\"https:\/\/exceladvisor.org\/de\/#organization\",\"name\":\"Excel Advisor\",\"url\":\"https:\/\/exceladvisor.org\/de\/\",\"logo\":{\"@type\":\"ImageObject\",\"inLanguage\":\"de\",\"@id\":\"https:\/\/exceladvisor.org\/de\/#\/schema\/logo\/image\/\",\"url\":\"https:\/\/exceladvisor.org\/de\/wp-content\/uploads\/2023\/11\/exceladvisor.org_.png\",\"contentUrl\":\"https:\/\/exceladvisor.org\/de\/wp-content\/uploads\/2023\/11\/exceladvisor.org_.png\",\"width\":105,\"height\":36,\"caption\":\"Excel Advisor\"},\"image\":{\"@id\":\"https:\/\/exceladvisor.org\/de\/#\/schema\/logo\/image\/\"}}]}<\/script>\n<!-- \/ Yoast SEO plugin. -->","yoast_head_json":{"title":"Verwenden Sie die IF-Anweisung in Power Query, um Bedingungen zu testen","description":"Wenn Sie in Power Query eine IF-Anweisung erstellen m\u00f6chten, gibt es eine spezielle Option, die Ihnen beim Schreiben ohne Formel hilft.","robots":{"index":"index","follow":"follow","max-snippet":"max-snippet:-1","max-image-preview":"max-image-preview:large","max-video-preview":"max-video-preview:-1"},"canonical":"https:\/\/exceladvisor.org\/de\/wenn-erklarung\/","og_locale":"de_DE","og_type":"article","og_title":"Verwenden Sie die IF-Anweisung in Power Query, um Bedingungen zu testen","og_description":"Wenn Sie in Power Query eine IF-Anweisung erstellen m\u00f6chten, gibt es eine spezielle Option, die Ihnen beim Schreiben ohne Formel hilft.","og_url":"https:\/\/exceladvisor.org\/de\/wenn-erklarung\/","og_site_name":"Excel Advisor","article_modified_time":"2023-12-03T11:12:44+00:00","og_image":[{"url":"https:\/\/exceladvisor.org\/wp-content\/uploads\/2023\/08\/1-instruction-if-dans-la-requete-de-puissance.png","type":"","width":"","height":""}],"twitter_card":"summary_large_image","twitter_misc":{"Gesch\u00e4tzte Lesezeit":"3\u00a0Minuten"},"schema":{"@context":"https:\/\/schema.org","@graph":[{"@type":"WebPage","@id":"https:\/\/exceladvisor.org\/de\/wenn-erklarung\/","url":"https:\/\/exceladvisor.org\/de\/wenn-erklarung\/","name":"Verwenden Sie die IF-Anweisung in Power Query, um Bedingungen zu testen","isPartOf":{"@id":"https:\/\/exceladvisor.org\/de\/#website"},"primaryImageOfPage":{"@id":"https:\/\/exceladvisor.org\/de\/wenn-erklarung\/#primaryimage"},"image":{"@id":"https:\/\/exceladvisor.org\/de\/wenn-erklarung\/#primaryimage"},"thumbnailUrl":"https:\/\/exceladvisor.org\/wp-content\/uploads\/2023\/08\/1-instruction-if-dans-la-requete-de-puissance.png","datePublished":"2023-11-02T15:07:50+00:00","dateModified":"2023-12-03T11:12:44+00:00","description":"Wenn Sie in Power Query eine IF-Anweisung erstellen m\u00f6chten, gibt es eine spezielle Option, die Ihnen beim Schreiben ohne Formel hilft.","breadcrumb":{"@id":"https:\/\/exceladvisor.org\/de\/wenn-erklarung\/#breadcrumb"},"inLanguage":"de","potentialAction":[{"@type":"ReadAction","target":["https:\/\/exceladvisor.org\/de\/wenn-erklarung\/"]}]},{"@type":"ImageObject","inLanguage":"de","@id":"https:\/\/exceladvisor.org\/de\/wenn-erklarung\/#primaryimage","url":"https:\/\/exceladvisor.org\/wp-content\/uploads\/2023\/08\/1-instruction-if-dans-la-requete-de-puissance.png","contentUrl":"https:\/\/exceladvisor.org\/wp-content\/uploads\/2023\/08\/1-instruction-if-dans-la-requete-de-puissance.png"},{"@type":"BreadcrumbList","@id":"https:\/\/exceladvisor.org\/de\/wenn-erklarung\/#breadcrumb","itemListElement":[{"@type":"ListItem","position":1,"name":"Accueil","item":"https:\/\/exceladvisor.org\/de\/"},{"@type":"ListItem","position":2,"name":"Power query: if-anweisung"}]},{"@type":"WebSite","@id":"https:\/\/exceladvisor.org\/de\/#website","url":"https:\/\/exceladvisor.org\/de\/","name":"Excel Advisor","description":"Ihr Leitfaden zur Datendominanz","publisher":{"@id":"https:\/\/exceladvisor.org\/de\/#organization"},"potentialAction":[{"@type":"SearchAction","target":{"@type":"EntryPoint","urlTemplate":"https:\/\/exceladvisor.org\/de\/?s={search_term_string}"},"query-input":{"@type":"PropertyValueSpecification","valueRequired":true,"valueName":"search_term_string"}}],"inLanguage":"de"},{"@type":"Organization","@id":"https:\/\/exceladvisor.org\/de\/#organization","name":"Excel Advisor","url":"https:\/\/exceladvisor.org\/de\/","logo":{"@type":"ImageObject","inLanguage":"de","@id":"https:\/\/exceladvisor.org\/de\/#\/schema\/logo\/image\/","url":"https:\/\/exceladvisor.org\/de\/wp-content\/uploads\/2023\/11\/exceladvisor.org_.png","contentUrl":"https:\/\/exceladvisor.org\/de\/wp-content\/uploads\/2023\/11\/exceladvisor.org_.png","width":105,"height":36,"caption":"Excel Advisor"},"image":{"@id":"https:\/\/exceladvisor.org\/de\/#\/schema\/logo\/image\/"}}]}},"yoast_meta":{"yoast_wpseo_title":"","yoast_wpseo_metadesc":"","yoast_wpseo_canonical":""},"_links":{"self":[{"href":"https:\/\/exceladvisor.org\/de\/wp-json\/wp\/v2\/pages\/3307","targetHints":{"allow":["GET"]}}],"collection":[{"href":"https:\/\/exceladvisor.org\/de\/wp-json\/wp\/v2\/pages"}],"about":[{"href":"https:\/\/exceladvisor.org\/de\/wp-json\/wp\/v2\/types\/page"}],"author":[{"embeddable":true,"href":"https:\/\/exceladvisor.org\/de\/wp-json\/wp\/v2\/users\/1"}],"replies":[{"embeddable":true,"href":"https:\/\/exceladvisor.org\/de\/wp-json\/wp\/v2\/comments?post=3307"}],"version-history":[{"count":1,"href":"https:\/\/exceladvisor.org\/de\/wp-json\/wp\/v2\/pages\/3307\/revisions"}],"predecessor-version":[{"id":3780,"href":"https:\/\/exceladvisor.org\/de\/wp-json\/wp\/v2\/pages\/3307\/revisions\/3780"}],"wp:attachment":[{"href":"https:\/\/exceladvisor.org\/de\/wp-json\/wp\/v2\/media?parent=3307"}],"curies":[{"name":"wp","href":"https:\/\/api.w.org\/{rel}","templated":true}]}}