{"id":3308,"date":"2023-11-02T14:37:33","date_gmt":"2023-11-02T14:37:33","guid":{"rendered":"https:\/\/exceladvisor.org\/de\/stoppen-wenn-wahr-2\/"},"modified":"2023-12-03T11:21:57","modified_gmt":"2023-12-03T11:21:57","slug":"stoppen-wenn-wahr-2","status":"publish","type":"page","link":"https:\/\/exceladvisor.org\/de\/stoppen-wenn-wahr-2\/","title":{"rendered":"Wie kann ich if true bei der bedingten formatierung stoppen?"},"content":{"rendered":"<div class=\"excel-vor-dem-inhalt\" id=\"excel-1936725439\"><script type=\"text\/javascript\">\r\n\tatOptions = {\r\n\t\t'key' : 'c1158f160081d6540a8409e6925dab94',\r\n\t\t'format' : 'iframe',\r\n\t\t'height' : 250,\r\n\t\t'width' : 300,\r\n\t\t'params' : {}\r\n\t};\r\n<\/script>\r\n<script type=\"text\/javascript\" src=\"\/\/www.highperformanceformat.com\/c1158f160081d6540a8409e6925dab94\/invoke.js\"><\/script><\/div> <p>Bei der bedingten Formatierung wird m\u00f6glicherweise das Kontrollk\u00e4stchen \u201eStopp, wenn wahr\u201c angezeigt, wenn Sie das Dialogfeld zur Regelverwaltung \u00f6ffnen. Und in diesem Tutorial lernen wir, wie man dieses Kontrollk\u00e4stchen verwendet.<\/p><h2 class=\"wp-block-heading\"> Wof\u00fcr wird Stop IF True bei der bedingten Formatierung verwendet?<\/h2><p> Angenommen, zwei Regeln gelten f\u00fcr denselben Zellbereich. Mit Stop IF True k\u00f6nnen Sie Excel anweisen, die zweite Regel nicht in Zellen zu verwenden, in denen die erste Regel TRUE ist. In diesem Tutorial nehmen wir ein einfaches Beispiel, um dies zu verstehen.<\/p><h2 class=\"wp-block-heading\"> Beispiel f\u00fcr die Verwendung von Stop If True in der bedingten Formatierung<\/h2><p> Im folgenden Beispiel haben wir ein Symbol, das auf einen Bereich mit Zahlen eingestellt ist. <\/p><div class=\"wp-block-image\"><figure class=\"aligncenter size-full is-resized\"><img loading=\"lazy\" decoding=\"async\" class=\"wp-image-91394\" src=\"https:\/\/exceladvisor.org\/wp-content\/uploads\/2023\/08\/1-une-icone-definie-sur-un-arret-de-plage-si-vrai.png\" sizes=\"auto, \" srcset=\"\" alt=\"ein-icon-set-on-a-range-stop-if-true-\" width=\"650\" height=\"312\"><\/figure><\/div><p> In dieser Icon-Set-Regel gibt es gr\u00fcne Punkte f\u00fcr Werte \u00fcber 85, gelbe Punkte f\u00fcr Werte zwischen 84 und 45 und rote Punkte f\u00fcr Werte unter 45.<\/p><p> Hier brauchen wir nur gr\u00fcne Punkte und das H\u00e4kchen \u201eStop IF True\u201c kann uns helfen. Dazu erstellen wir eine neue Regel. Gehen Sie zu Start &gt; Bedingte Formatierung &gt; Neue Regel. <\/p><div class=\"wp-block-image\"><figure class=\"aligncenter size-full is-resized\"><img loading=\"lazy\" decoding=\"async\" class=\"wp-image-91395\" src=\"https:\/\/exceladvisor.org\/wp-content\/uploads\/2023\/08\/2-nous-navons-besoin-que-de-points-verts-sarreter-si-vrai.png\" sizes=\"auto, \" srcset=\"\" alt=\"Wir brauchen nur dann gr\u00fcne Punkte, wenn sie wahr sind\" width=\"205\" height=\"346\"><\/figure><\/div><p> Klicken Sie nun im neuen Regeldialogfeld auf \u201eNur Zellen formatieren, die enthalten\u201c und w\u00e4hlen Sie \u201eNicht dazwischen\u201c. Geben Sie anschlie\u00dfend 85 und 100 ein, um einen Zahlenbereich zu erstellen.<\/p><p> Damit erstellen Sie eine Regel zur Formatierung von Zahlen, die nicht in diesem Bereich liegen. Denken Sie daran, dass dies derselbe Zahlenbereich ist, der in der bereits festgelegten Symbolsatzregel kein gr\u00fcnes Symbol aufweist. <\/p><div class=\"wp-block-image\"><figure class=\"aligncenter size-full is-resized\"><img loading=\"lazy\" decoding=\"async\" class=\"wp-image-91396\" src=\"https:\/\/exceladvisor.org\/wp-content\/uploads\/2023\/08\/3-creer-une-plage-de-nombres-stop-si-vrai.png\" sizes=\"auto, \" srcset=\"\" alt=\"Erstellen Sie einen Zahlenbereich und stoppen Sie ihn, wenn er wahr ist\" width=\"601\" height=\"372\"><\/figure><\/div><p> In dieser Regel m\u00fcssen Sie keine Formatierung angeben. Klicken Sie also auf OK, um die Regel zu erstellen. Und wenn Sie auf OK klicken, geschieht nichts.<\/p><p> Gehen Sie erneut zu Start &gt; Bedingte Formatierung &gt; Regelmanager. Aktivieren Sie dort das Kontrollk\u00e4stchen \u201eStop IF True\u201c und klicken Sie auf \u201eApply\u201c. <\/p><div class=\"wp-block-image\"><figure class=\"aligncenter size-full is-resized\"><img loading=\"lazy\" decoding=\"async\" class=\"wp-image-91397\" src=\"https:\/\/exceladvisor.org\/wp-content\/uploads\/2023\/08\/4-case-a-cocher-et-cliquez-sur-appliquer-stop-si-vrai.png\" sizes=\"auto, \" srcset=\"\" alt=\"Kontrollk\u00e4stchen aktivieren und auf \u201eAnwenden-Stopp-wenn-wahr\u201c klicken\" width=\"811\" height=\"498\"><\/figure><\/div><p> Und sobald Sie auf \u201eOK\u201c klicken, wird Ihnen ein gr\u00fcnes Symbol in den Zellen angezeigt, in denen die Werte gr\u00f6\u00dfer oder gleich 85 sind.<\/p><p> Stop IF True funktioniert basierend auf der Reihenfolge der Regeln, die Sie im Regelmanager haben. Wenn es also Zellen gibt, in denen die Regel wahr ist, werden auf diese Zellen keine anderen Regeln angewendet.<\/p><p> Und das Gleiche passiert hier, wenn die erste Regel, die wir auf Zellen mit Werten von 0 bis 84 angewendet haben, wahr ist; Die zweite Regel wird nicht auf diese Zellen angewendet, weshalb wir nur gr\u00fcne Symbole haben. <\/p><div class=\"gb-container gb-container-52dfcee1 gb-container-sample-file\"><h2 class=\"gb-headline gb-headline-e289c143 gb-headline-text gb-headline-4f7959c2\"> Holen Sie sich die Excel-Datei<\/h2> <a class=\"gb-button gb-button-e88d6bee gb-button-text gb-button-button1\" href=\"https:\/\/exceladvisor.org\/wp-content\/uploads\/2023\/11\/stop-si-vrai.xlsx\" rel=\"nofollow\">Herunterladen<\/a><\/div><div class=\"gb-container gb-container-6076ba72 gb-container-mt\"> <a class=\"gb-button gb-button-76e6a499 gb-button-text gb-button-mt-button\" href=\"https:\/\/exceladvisor.org\/de\/excel-grundlagen\/\">Lernen Sie die Grundlagen von Excel<\/a><h2 class=\"gb-headline gb-headline-a9e9e206 gb-headline-text gb-headline-mt-heading\"> Erfahren Sie mehr \u00fcber <a href=\"https:\/\/exceladvisor.org\/de\/bedingte-formatierung\/\">bedingte Formatierung<\/a> <\/h2><div class=\"gb-grid-wrapper gb-grid-wrapper-790317cb gb-grid-wrapper-mt-grid\"><div class=\"gb-grid-column gb-grid-column-a9845ede\"><div class=\"gb-container gb-container-a9845ede\"><ul><li> <a href=\"https:\/\/exceladvisor.org\/de\/wenden-sie-eine-bedingte-formatierung-an\/\">Wenden Sie eine bedingte Formatierung auf eine Pivot-Tabelle an<\/a><\/li><li> <a href=\"https:\/\/exceladvisor.org\/de\/zuruckziehen\/\">Bedingte Formatierung entfernen<\/a><\/li><li> <a href=\"https:\/\/exceladvisor.org\/de\/leere-zellen\/\">Wenden Sie bedingte Formatierung auf leere Zellen in Excel an<\/a><\/li><li> <a href=\"https:\/\/exceladvisor.org\/de\/spalten-vergleichen\/\">Vergleichen Sie zwei Spalten mithilfe der bedingten Formatierung<\/a><\/li><li> <a href=\"https:\/\/exceladvisor.org\/de\/eine-andere-zelle\/\">Wenden Sie eine bedingte Formatierung basierend auf einer anderen Zelle an<\/a><\/li><\/ul><\/div><\/div><\/div><\/div>","protected":false},"excerpt":{"rendered":"","protected":false},"author":1,"featured_media":0,"parent":0,"menu_order":0,"comment_status":"open","ping_status":"closed","template":"","meta":{"ub_ctt_via":"","footnotes":""},"class_list":["post-3308","page","type-page","status-publish","hentry"],"featured_image_src":null,"yoast_head":"<!-- This site is optimized with the Yoast SEO plugin v25.4 - https:\/\/yoast.com\/wordpress\/plugins\/seo\/ -->\n<title>Wie kann ich IF True in der bedingten Excel-Formatierung stoppen?<\/title>\n<meta name=\"description\" content=\"Wenn Sie das Regelverwaltungsdialogfeld \u00f6ffnen, wird m\u00f6glicherweise das Kontrollk\u00e4stchen \u201eStopp, wenn wahr\u201c angezeigt.\" \/>\n<meta name=\"robots\" content=\"index, follow, max-snippet:-1, max-image-preview:large, max-video-preview:-1\" \/>\n<link rel=\"canonical\" href=\"https:\/\/exceladvisor.org\/de\/stoppen-wenn-wahr-2\/\" \/>\n<meta property=\"og:locale\" content=\"de_DE\" \/>\n<meta property=\"og:type\" content=\"article\" \/>\n<meta property=\"og:title\" content=\"Wie kann ich IF True in der bedingten Excel-Formatierung stoppen?\" \/>\n<meta property=\"og:description\" content=\"Wenn Sie das Regelverwaltungsdialogfeld \u00f6ffnen, wird m\u00f6glicherweise das Kontrollk\u00e4stchen \u201eStopp, wenn wahr\u201c angezeigt.\" \/>\n<meta property=\"og:url\" content=\"https:\/\/exceladvisor.org\/de\/stoppen-wenn-wahr-2\/\" \/>\n<meta property=\"og:site_name\" content=\"Excel Advisor\" \/>\n<meta property=\"article:modified_time\" content=\"2023-12-03T11:21:57+00:00\" \/>\n<meta property=\"og:image\" content=\"https:\/\/exceladvisor.org\/wp-content\/uploads\/2023\/08\/1-une-icone-definie-sur-un-arret-de-plage-si-vrai.png\" \/>\n<meta name=\"twitter:card\" content=\"summary_large_image\" \/>\n<meta name=\"twitter:label1\" content=\"Gesch\u00e4tzte Lesezeit\" \/>\n\t<meta name=\"twitter:data1\" content=\"2\u00a0Minuten\" \/>\n<script type=\"application\/ld+json\" class=\"yoast-schema-graph\">{\"@context\":\"https:\/\/schema.org\",\"@graph\":[{\"@type\":\"WebPage\",\"@id\":\"https:\/\/exceladvisor.org\/de\/stoppen-wenn-wahr-2\/\",\"url\":\"https:\/\/exceladvisor.org\/de\/stoppen-wenn-wahr-2\/\",\"name\":\"Wie kann ich IF True in der bedingten Excel-Formatierung stoppen?\",\"isPartOf\":{\"@id\":\"https:\/\/exceladvisor.org\/de\/#website\"},\"primaryImageOfPage\":{\"@id\":\"https:\/\/exceladvisor.org\/de\/stoppen-wenn-wahr-2\/#primaryimage\"},\"image\":{\"@id\":\"https:\/\/exceladvisor.org\/de\/stoppen-wenn-wahr-2\/#primaryimage\"},\"thumbnailUrl\":\"https:\/\/exceladvisor.org\/wp-content\/uploads\/2023\/08\/1-une-icone-definie-sur-un-arret-de-plage-si-vrai.png\",\"datePublished\":\"2023-11-02T14:37:33+00:00\",\"dateModified\":\"2023-12-03T11:21:57+00:00\",\"description\":\"Wenn Sie das Regelverwaltungsdialogfeld \u00f6ffnen, wird m\u00f6glicherweise das Kontrollk\u00e4stchen \u201eStopp, wenn wahr\u201c angezeigt.\",\"breadcrumb\":{\"@id\":\"https:\/\/exceladvisor.org\/de\/stoppen-wenn-wahr-2\/#breadcrumb\"},\"inLanguage\":\"de\",\"potentialAction\":[{\"@type\":\"ReadAction\",\"target\":[\"https:\/\/exceladvisor.org\/de\/stoppen-wenn-wahr-2\/\"]}]},{\"@type\":\"ImageObject\",\"inLanguage\":\"de\",\"@id\":\"https:\/\/exceladvisor.org\/de\/stoppen-wenn-wahr-2\/#primaryimage\",\"url\":\"https:\/\/exceladvisor.org\/wp-content\/uploads\/2023\/08\/1-une-icone-definie-sur-un-arret-de-plage-si-vrai.png\",\"contentUrl\":\"https:\/\/exceladvisor.org\/wp-content\/uploads\/2023\/08\/1-une-icone-definie-sur-un-arret-de-plage-si-vrai.png\"},{\"@type\":\"BreadcrumbList\",\"@id\":\"https:\/\/exceladvisor.org\/de\/stoppen-wenn-wahr-2\/#breadcrumb\",\"itemListElement\":[{\"@type\":\"ListItem\",\"position\":1,\"name\":\"Accueil\",\"item\":\"https:\/\/exceladvisor.org\/de\/\"},{\"@type\":\"ListItem\",\"position\":2,\"name\":\"Wie kann ich if true bei der bedingten formatierung stoppen?\"}]},{\"@type\":\"WebSite\",\"@id\":\"https:\/\/exceladvisor.org\/de\/#website\",\"url\":\"https:\/\/exceladvisor.org\/de\/\",\"name\":\"Excel Advisor\",\"description\":\"Ihr Leitfaden zur Datendominanz\",\"publisher\":{\"@id\":\"https:\/\/exceladvisor.org\/de\/#organization\"},\"potentialAction\":[{\"@type\":\"SearchAction\",\"target\":{\"@type\":\"EntryPoint\",\"urlTemplate\":\"https:\/\/exceladvisor.org\/de\/?s={search_term_string}\"},\"query-input\":{\"@type\":\"PropertyValueSpecification\",\"valueRequired\":true,\"valueName\":\"search_term_string\"}}],\"inLanguage\":\"de\"},{\"@type\":\"Organization\",\"@id\":\"https:\/\/exceladvisor.org\/de\/#organization\",\"name\":\"Excel Advisor\",\"url\":\"https:\/\/exceladvisor.org\/de\/\",\"logo\":{\"@type\":\"ImageObject\",\"inLanguage\":\"de\",\"@id\":\"https:\/\/exceladvisor.org\/de\/#\/schema\/logo\/image\/\",\"url\":\"https:\/\/exceladvisor.org\/de\/wp-content\/uploads\/2023\/11\/exceladvisor.org_.png\",\"contentUrl\":\"https:\/\/exceladvisor.org\/de\/wp-content\/uploads\/2023\/11\/exceladvisor.org_.png\",\"width\":105,\"height\":36,\"caption\":\"Excel Advisor\"},\"image\":{\"@id\":\"https:\/\/exceladvisor.org\/de\/#\/schema\/logo\/image\/\"}}]}<\/script>\n<!-- \/ Yoast SEO plugin. -->","yoast_head_json":{"title":"Wie kann ich IF True in der bedingten Excel-Formatierung stoppen?","description":"Wenn Sie das Regelverwaltungsdialogfeld \u00f6ffnen, wird m\u00f6glicherweise das Kontrollk\u00e4stchen \u201eStopp, wenn wahr\u201c angezeigt.","robots":{"index":"index","follow":"follow","max-snippet":"max-snippet:-1","max-image-preview":"max-image-preview:large","max-video-preview":"max-video-preview:-1"},"canonical":"https:\/\/exceladvisor.org\/de\/stoppen-wenn-wahr-2\/","og_locale":"de_DE","og_type":"article","og_title":"Wie kann ich IF True in der bedingten Excel-Formatierung stoppen?","og_description":"Wenn Sie das Regelverwaltungsdialogfeld \u00f6ffnen, wird m\u00f6glicherweise das Kontrollk\u00e4stchen \u201eStopp, wenn wahr\u201c angezeigt.","og_url":"https:\/\/exceladvisor.org\/de\/stoppen-wenn-wahr-2\/","og_site_name":"Excel Advisor","article_modified_time":"2023-12-03T11:21:57+00:00","og_image":[{"url":"https:\/\/exceladvisor.org\/wp-content\/uploads\/2023\/08\/1-une-icone-definie-sur-un-arret-de-plage-si-vrai.png","type":"","width":"","height":""}],"twitter_card":"summary_large_image","twitter_misc":{"Gesch\u00e4tzte Lesezeit":"2\u00a0Minuten"},"schema":{"@context":"https:\/\/schema.org","@graph":[{"@type":"WebPage","@id":"https:\/\/exceladvisor.org\/de\/stoppen-wenn-wahr-2\/","url":"https:\/\/exceladvisor.org\/de\/stoppen-wenn-wahr-2\/","name":"Wie kann ich IF True in der bedingten Excel-Formatierung stoppen?","isPartOf":{"@id":"https:\/\/exceladvisor.org\/de\/#website"},"primaryImageOfPage":{"@id":"https:\/\/exceladvisor.org\/de\/stoppen-wenn-wahr-2\/#primaryimage"},"image":{"@id":"https:\/\/exceladvisor.org\/de\/stoppen-wenn-wahr-2\/#primaryimage"},"thumbnailUrl":"https:\/\/exceladvisor.org\/wp-content\/uploads\/2023\/08\/1-une-icone-definie-sur-un-arret-de-plage-si-vrai.png","datePublished":"2023-11-02T14:37:33+00:00","dateModified":"2023-12-03T11:21:57+00:00","description":"Wenn Sie das Regelverwaltungsdialogfeld \u00f6ffnen, wird m\u00f6glicherweise das Kontrollk\u00e4stchen \u201eStopp, wenn wahr\u201c angezeigt.","breadcrumb":{"@id":"https:\/\/exceladvisor.org\/de\/stoppen-wenn-wahr-2\/#breadcrumb"},"inLanguage":"de","potentialAction":[{"@type":"ReadAction","target":["https:\/\/exceladvisor.org\/de\/stoppen-wenn-wahr-2\/"]}]},{"@type":"ImageObject","inLanguage":"de","@id":"https:\/\/exceladvisor.org\/de\/stoppen-wenn-wahr-2\/#primaryimage","url":"https:\/\/exceladvisor.org\/wp-content\/uploads\/2023\/08\/1-une-icone-definie-sur-un-arret-de-plage-si-vrai.png","contentUrl":"https:\/\/exceladvisor.org\/wp-content\/uploads\/2023\/08\/1-une-icone-definie-sur-un-arret-de-plage-si-vrai.png"},{"@type":"BreadcrumbList","@id":"https:\/\/exceladvisor.org\/de\/stoppen-wenn-wahr-2\/#breadcrumb","itemListElement":[{"@type":"ListItem","position":1,"name":"Accueil","item":"https:\/\/exceladvisor.org\/de\/"},{"@type":"ListItem","position":2,"name":"Wie kann ich if true bei der bedingten formatierung stoppen?"}]},{"@type":"WebSite","@id":"https:\/\/exceladvisor.org\/de\/#website","url":"https:\/\/exceladvisor.org\/de\/","name":"Excel Advisor","description":"Ihr Leitfaden zur Datendominanz","publisher":{"@id":"https:\/\/exceladvisor.org\/de\/#organization"},"potentialAction":[{"@type":"SearchAction","target":{"@type":"EntryPoint","urlTemplate":"https:\/\/exceladvisor.org\/de\/?s={search_term_string}"},"query-input":{"@type":"PropertyValueSpecification","valueRequired":true,"valueName":"search_term_string"}}],"inLanguage":"de"},{"@type":"Organization","@id":"https:\/\/exceladvisor.org\/de\/#organization","name":"Excel Advisor","url":"https:\/\/exceladvisor.org\/de\/","logo":{"@type":"ImageObject","inLanguage":"de","@id":"https:\/\/exceladvisor.org\/de\/#\/schema\/logo\/image\/","url":"https:\/\/exceladvisor.org\/de\/wp-content\/uploads\/2023\/11\/exceladvisor.org_.png","contentUrl":"https:\/\/exceladvisor.org\/de\/wp-content\/uploads\/2023\/11\/exceladvisor.org_.png","width":105,"height":36,"caption":"Excel Advisor"},"image":{"@id":"https:\/\/exceladvisor.org\/de\/#\/schema\/logo\/image\/"}}]}},"yoast_meta":{"yoast_wpseo_title":"","yoast_wpseo_metadesc":"","yoast_wpseo_canonical":""},"_links":{"self":[{"href":"https:\/\/exceladvisor.org\/de\/wp-json\/wp\/v2\/pages\/3308","targetHints":{"allow":["GET"]}}],"collection":[{"href":"https:\/\/exceladvisor.org\/de\/wp-json\/wp\/v2\/pages"}],"about":[{"href":"https:\/\/exceladvisor.org\/de\/wp-json\/wp\/v2\/types\/page"}],"author":[{"embeddable":true,"href":"https:\/\/exceladvisor.org\/de\/wp-json\/wp\/v2\/users\/1"}],"replies":[{"embeddable":true,"href":"https:\/\/exceladvisor.org\/de\/wp-json\/wp\/v2\/comments?post=3308"}],"version-history":[{"count":1,"href":"https:\/\/exceladvisor.org\/de\/wp-json\/wp\/v2\/pages\/3308\/revisions"}],"predecessor-version":[{"id":4092,"href":"https:\/\/exceladvisor.org\/de\/wp-json\/wp\/v2\/pages\/3308\/revisions\/4092"}],"wp:attachment":[{"href":"https:\/\/exceladvisor.org\/de\/wp-json\/wp\/v2\/media?parent=3308"}],"curies":[{"name":"wp","href":"https:\/\/api.w.org\/{rel}","templated":true}]}}