{"id":3309,"date":"2023-11-02T14:35:11","date_gmt":"2023-11-02T14:35:11","guid":{"rendered":"https:\/\/exceladvisor.org\/de\/bericht\/"},"modified":"2023-12-03T11:14:16","modified_gmt":"2023-12-03T11:14:16","slug":"bericht","status":"publish","type":"page","link":"https:\/\/exceladvisor.org\/de\/bericht\/","title":{"rendered":"Wie berechnet man schnell das verh\u00e4ltnis in excel?"},"content":{"rendered":"<div class=\"excel-vor-dem-inhalt\" id=\"excel-3225873742\"><script type=\"text\/javascript\">\r\n\tatOptions = {\r\n\t\t'key' : 'c1158f160081d6540a8409e6925dab94',\r\n\t\t'format' : 'iframe',\r\n\t\t'height' : 250,\r\n\t\t'width' : 300,\r\n\t\t'params' : {}\r\n\t};\r\n<\/script>\r\n<script type=\"text\/javascript\" src=\"\/\/www.highperformanceformat.com\/c1158f160081d6540a8409e6925dab94\/invoke.js\"><\/script><\/div> <p>Ein Verh\u00e4ltnis ist eine der g\u00e4ngigen Methoden, um zwei Werte miteinander zu vergleichen. Dies kann Ihnen dabei helfen, die Unterschiede zwischen diesen beiden Werten zu vergleichen.<\/p><p> Selbst in unserem t\u00e4glichen Leben verwenden wir das Wort RATIO, um den Vergleich zwischen zwei verschiedenen Dingen zu definieren. In Excel gibt es keine spezielle Funktion, die uns bei der Berechnung eines Verh\u00e4ltnisses helfen kann.<\/p><p> Sie k\u00f6nnen es jedoch mithilfe benutzerdefinierter Formeln berechnen. Deshalb m\u00f6chte ich Ihnen heute in diesem Artikel zeigen, wie Sie Verh\u00e4ltnisse auf vier verschiedene Arten berechnen k\u00f6nnen.<\/p><p> Beginnen wir und laden Sie unbedingt <a style=\"outline: none;\" href=\"https:\/\/exceladvisor.org\/wp-content\/uploads\/2023\/11\/calculer-le-ratio-dans-des-exemples-de-donnees-Excel.xlsx\" rel=\"nofollow\">diese Beispieldatei hier herunter,<\/a> um mitzumachen.<\/p><h2 class=\"wp-block-heading\"> 1. Berechnen Sie das Verh\u00e4ltnis mit der einfachen Divisionsmethode<\/h2><p> Wir k\u00f6nnen diese Methode verwenden, wenn der gr\u00f6\u00dfte Wert durch den kleinsten Wert teilbar ist. Im Beispiel unten haben wir die Werte 10 und 2, wobei 10 durch 2 teilbar ist. <\/p><div class=\"wp-block-image\"><figure class=\"aligncenter\"><img decoding=\"async\" src=\"https:\/\/exceladvisor.org\/wp-content\/uploads\/2023\/08\/calculer-le-rapport-dans-excel-avec-des-valeurs-de-division-simples-1.png\" sizes=\"\" srcset=\"\" alt=\"Berechnen Sie das Verh\u00e4ltnis in Excel mit einfachen Divisionswerten\"><\/figure><\/div><p> Sie k\u00f6nnen diese Methode also hier verwenden. F\u00fcgen Sie die folgende Formel in die Zelle ein und dr\u00fccken Sie die Eingabetaste. <\/p><pre class=\"wp-block-code\"> <code class=\"language-excel-formula\" lang=\"excel-formula\">=A2\/B2&amp;\":\"&amp;\"1\"<\/code><\/pre><div class=\"wp-block-image\"><figure class=\"aligncenter\"><img decoding=\"async\" src=\"https:\/\/exceladvisor.org\/wp-content\/uploads\/2023\/08\/calculer-le-rapport-dans-excel-avec-des-valeurs-de-division-simples-entrer-la-formule-1.png\" sizes=\"\" srcset=\"\" alt=\"Berechnen Sie das Verh\u00e4ltnis in Excel mit einfachen Divisionswerten und geben Sie die Formel ein\"><\/figure><\/div><h4 class=\"wp-block-heading\"> So funktioniert diese Formel&#8230;<\/h4><p> In dieser Formel haben wir 10 durch 2 geteilt, was im Gegenzug 5 ergibt. Jetzt haben wir also 5 statt 10, indem wir durch 2 dividieren. Und auf der anderen Seite haben wir 1 statt 2 verwendet. <\/p><div class=\"wp-block-image\"><figure class=\"aligncenter\"><img decoding=\"async\" src=\"https:\/\/exceladvisor.org\/wp-content\/uploads\/2023\/08\/comprendre-comment-utiliser-une-division-simple-pour-calculer-le-rapport-dans-Excel-1.png\" sizes=\"\" srcset=\"\" alt=\"Verstehen Sie, wie Sie mit einfacher Division das Verh\u00e4ltnis in Excel berechnen\"><\/figure><\/div><ul><li> <strong>PRO<\/strong> : #1. Einfach anzuwenden. #2. Einfach zu verstehen.<\/li><li> <strong>GEGEN:<\/strong> #1. Begrenzte Nutzung. #2. Gilt nicht, wenn der gr\u00f6\u00dfte Wert nicht durch den kleinsten Wert teilbar ist.<\/li><\/ul><h2 class=\"wp-block-heading\"> 2. GCD-Funktion zur Berechnung des Verh\u00e4ltnisses in Excel<\/h2><p> Wie gesagt, es gibt in Excel keine einzelne Funktion, die das Verh\u00e4ltnis f\u00fcr Sie berechnet. Aber die GCD-Funktion ist ziemlich geschlossen.<\/p><p> Dies kann Ihnen helfen, eine gemeinsame Benennung f\u00fcr die beiden Werte zu finden und dann mithilfe einer kleinen Verkettung das Verh\u00e4ltnis zu berechnen. <\/p><div class=\"wp-block-image\"><figure class=\"aligncenter\"><img decoding=\"async\" src=\"https:\/\/exceladvisor.org\/wp-content\/uploads\/2023\/08\/calculer-la-ration-dans-excel-avec-les-valeurs-de-la-fonction-pgcd-1.png\" sizes=\"\" srcset=\"\" alt=\"Berechnen Sie den Bericht in Excel mit GCD-Funktionswerten\"><\/figure><\/div><p> Um das Verh\u00e4ltnis zu berechnen, geben Sie die folgende Formel in die Zelle ein und dr\u00fccken Sie die Eingabetaste. <\/p><pre class=\"wp-block-code\"> <code class=\"language-excel-formula\" lang=\"excel-formula\">=A2\/GCD(A2,B2)&amp;\":\"&amp;B2\/GCD(A2,B2)<\/code><\/pre><div class=\"wp-block-image\"><figure class=\"aligncenter\"><img decoding=\"async\" src=\"https:\/\/exceladvisor.org\/wp-content\/uploads\/2023\/08\/calculer-le-rapport-dans-excel-avec-simple-avec-les-valeurs-de-la-fonction-pgcd-entrer-la-formule-1.png\" sizes=\"\" srcset=\"\" alt=\"Berechnen Sie das Verh\u00e4ltnis in Excel mit einfachen GCD-Funktionswerten und geben Sie die Formel ein\"><\/figure><\/div><h4 id=\"tab-con-7\" class=\"wp-block-heading\"> So funktioniert diese Formel&#8230;<\/h4><p> Vielleicht erscheint Ihnen das komplex, aber eigentlich ist es einfach. Lassen Sie mich dies in zwei Teilen erkl\u00e4ren. <\/p><div class=\"wp-block-image\"><figure class=\"aligncenter\"><img decoding=\"async\" src=\"https:\/\/exceladvisor.org\/wp-content\/uploads\/2023\/08\/comprendre-comment-utiliser-pgcd-pour-calculer-le-ratio-dans-excel-1.png\" sizes=\"\" srcset=\"\" alt=\"Verstehen Sie, wie Sie mit gcd das Verh\u00e4ltnis in Excel berechnen\"><\/figure><\/div><p> Wie gesagt, GCD kann Ihnen einen gemeinsamen Nenner f\u00fcr beide Werte liefern. Hier m\u00fcssen Sie also GCD in beiden Teilen der Formel verwenden, um einen gemeinsamen Nenner zu erhalten.<\/p><p> Danach m\u00fcssen Sie beide Werte durch diesen gemeinsamen Nenner dividieren. Und am Ende noch eine kleine Verkettung, um die beiden Werte mit einem Doppelpunkt zu verbinden.<\/p><ul><li> <strong>PRO<\/strong> : #1. Es handelt sich um eine dynamische Formel. Es spielt keine Rolle, ob Sie die Werte \u00e4ndern. #2 Einfach anzuwenden.<\/li><li> <strong>GEGEN:<\/strong> #1. Die GCD-Funktion funktioniert nur mit ganzen Zahlen und wenn Ihre Werte Dezimalzahlen enthalten, funktioniert sie nicht.<\/li><\/ul><h2 id=\"tab-con-3\" class=\"wp-block-heading\"> 3. REPLACE und TEXT zur Verh\u00e4ltnisberechnung<\/h2><p> Eine Kombination aus zwei beeindruckenden Funktionen. Ja, Sie k\u00f6nnen die Funktionen REPLACE und TEXT verwenden, um das Verh\u00e4ltnis zu berechnen. Diese Methode funktioniert wie ein Zauber, genau wie die GCD-Funktion. Hier haben wir die folgenden Werte zur Berechnung des Verh\u00e4ltnisses. <\/p><div class=\"wp-block-image\"><figure class=\"aligncenter\"><img decoding=\"async\" src=\"https:\/\/exceladvisor.org\/wp-content\/uploads\/2023\/08\/calculer-la-ration-dans-Excel-avec-des-valeurs-de-substitution-de-texte-1.png\" sizes=\"\" srcset=\"\" alt=\"Berechnen Sie die Ration in Excel mit Textersatzwerten\"><\/figure><\/div><p> Geben Sie in eine Zelle die folgende Formel ein und dr\u00fccken Sie die Eingabetaste. <\/p><pre class=\"wp-block-code\"> <code class=\"language-excel-formula\" lang=\"excel-formula\">=SUBSTITUTE(TEXT(A2\/B2,\"#####\/#####\"),\"\/\",\":\")<\/code><\/pre><div class=\"wp-block-image\"><figure class=\"aligncenter\"><img decoding=\"async\" src=\"https:\/\/exceladvisor.org\/wp-content\/uploads\/2023\/08\/calculer-le-rapport-dans-excel-avec-la-formule-des-valeurs-de-remplacement-de-texte-1.png\" sizes=\"\" srcset=\"\" alt=\"Berechnen Sie den Bericht in Excel mit der Formel f\u00fcr Textersatzwerte\"><\/figure><\/div><h4 id=\"tab-con-9\" class=\"wp-block-heading\"> So funktioniert diese Formel&#8230;<\/h4><p> Diese Formel funktioniert auch in zwei verschiedenen Arbeitsteilen: TEXT und ERSATZ. <\/p><div class=\"wp-block-image\"><figure class=\"aligncenter\"><img decoding=\"async\" src=\"https:\/\/exceladvisor.org\/wp-content\/uploads\/2023\/08\/comprendre-comment-utiliser-le-texte-de-remplacement-pour-calculer-le-ratio-dans-Excel-1.png\" sizes=\"\" srcset=\"\" alt=\"Verstehen Sie, wie Sie Alternativtext zur Berechnung des Verh\u00e4ltnisses in Excel verwenden\"><\/figure><\/div><p> Zuerst m\u00fcssen Sie die Textfunktion verwenden, um die beiden Zahlen zu dividieren und dann den R\u00fcckgabewert in ein Bruchformat zu formatieren.<\/p><p> Zweitens erh\u00e4lt man durch Division der beiden Werte 10, und wenn man diesen Wert in einen Bruchteil umwandelt, erh\u00e4lt man 10\/1.<\/p><p> Drittens ersetzen Sie den Schr\u00e4gstrich durch einen Doppelpunkt. Und daf\u00fcr haben wir eine Substitutionsfunktion.<\/p><ul><li> <strong>Vorteile:<\/strong> #1. Eine dynamische Formel spielt keine Rolle, selbst wenn Sie die Werte \u00e4ndern. #2. Einfach zu bedienen und zu verstehen.<\/li><li> <strong>Nachteile:<\/strong> Wenn Sie einfache Werte zur Berechnung eines Verh\u00e4ltnisses haben, ist die Verwendung dieser Methode nicht sinnvoll.<\/li><\/ul><h2 id=\"tab-con-4\" class=\"wp-block-heading\"> 4. Berechnen Sie das Verh\u00e4ltnis mit der Round-Funktion<\/h2><p> Auch die Verwendung der Rundungsfunktion zur Berechnung eines Verh\u00e4ltnisses ist eine n\u00fctzliche Methode. Dies ist besonders n\u00fctzlich, wenn Sie Verh\u00e4ltnisse mit Dezimalzahlen berechnen m\u00f6chten, um einen pr\u00e4zisen Vergleich zu erm\u00f6glichen.<\/p><p> Hier haben wir Werte, bei denen der gr\u00f6\u00dfte Wert nicht durch den kleinsten Wert teilbar ist. In dieser Situation k\u00f6nnen Sie sie also nicht so verwenden, wie sie sind, sondern dividieren und das endg\u00fcltige Verh\u00e4ltnis mit Dezimalzahlen anzeigen. <\/p><div class=\"wp-block-image\"><figure class=\"aligncenter\"><img decoding=\"async\" src=\"https:\/\/exceladvisor.org\/wp-content\/uploads\/2023\/08\/calculer-le-ratio-dans-excel-avec-des-valeurs-rondes-1.png\" sizes=\"\" srcset=\"\" alt=\"Berechnen Sie das Verh\u00e4ltnis in Excel mit runden Werten\"><\/figure><\/div><p> Geben Sie einfach die untenstehende Formel in die Zelle ein und dr\u00fccken Sie die Eingabetaste. <\/p><pre class=\"wp-block-code\"> <code class=\"language-excel-formula\" lang=\"excel-formula\">=ROUND(A2\/B2,1)&amp;\":\"&amp;1<\/code><\/pre><div class=\"wp-block-image\"><figure class=\"aligncenter\"><img decoding=\"async\" src=\"https:\/\/exceladvisor.org\/wp-content\/uploads\/2023\/08\/calculer-le-ratio-dans-excel-avec-des-valeurs-rondes-1.png\" sizes=\"\" srcset=\"\" alt=\"Berechnen Sie das Verh\u00e4ltnis in Excel mit der Formel f\u00fcr runde Werte\"><\/figure><\/div><p> Und hier haben Sie einen Bericht mit Dezimalzahlen.<\/p><h4 id=\"tab-con-10\" class=\"wp-block-heading\"> So funktioniert diese Formel&#8230;<\/h4><p> Sie k\u00f6nnen diese Formel zum Verst\u00e4ndnis in zwei verschiedene Teile unterteilen. <strong>Zuerst<\/strong> m\u00fcssen Sie die Rundungsfunktion verwenden, um den gr\u00f6\u00dferen Wert durch den kleineren Wert zu dividieren und das Ergebnis auf eine Dezimalstelle genau zu erhalten. <strong>Zweitens<\/strong> m\u00fcssen Sie am Ende einen Doppelpunkt und eine \u201e1\u201c verwenden.<\/p><ul><li> <strong>Vorteile:<\/strong> #1. N\u00fctzlich, wenn Sie Ergebnisse mit Dezimalstellen erhalten m\u00f6chten. #2. Der Endwert wird genauer sein.<\/li><li> <strong>GEGEN:<\/strong> #1. Nicht in allen Situationen anwendbar. <\/li><\/ul><div class=\"gb-container gb-container-52dfcee1 gb-container-sample-file\"><h2 class=\"gb-headline gb-headline-e289c143 gb-headline-text gb-headline-4f7959c2\"> Holen Sie sich die Excel-Datei<\/h2><p> <a class=\"gb-button gb-button-e88d6bee gb-button-text gb-button-button1\" href=\"https:\/\/exceladvisor.org\/wp-content\/uploads\/2023\/11\/calculer-le-ratio-dans-des-exemples-de-donnees-Excel.xlsx\" rel=\"nofollow\">Herunterladen<\/a><\/p><\/div><h2 class=\"wp-block-heading\"> Abschluss<\/h2><p> Wie gesagt, ein Verh\u00e4ltnis ist eine n\u00fctzliche Methode, um zwei Werte miteinander zu vergleichen. Und jetzt haben Sie verschiedene Methoden, um es in Ihrer Lieblingsanwendung, ja, in Excel, zu berechnen.<\/p><p> Alle oben verwendeten Methoden k\u00f6nnen Ihnen bei der Berechnung von Verh\u00e4ltnissen in verschiedenen Situationen mit unterschiedlichen Wertetypen helfen.<\/p><p> Ich hoffe, das hilft Ihnen bei Ihrer Arbeit. Jetzt sag mir eins. Gibt es eine andere Methode zur Berechnung des Verh\u00e4ltnisses? Bitte teilen Sie es mir im Kommentarbereich mit, ich w\u00fcrde mich freuen, von Ihnen zu h\u00f6ren.<\/p><p> Und vergessen Sie nicht, diesen Tipp mit Ihren Freunden zu teilen. Ich bin mir sicher, dass sie es zu sch\u00e4tzen wissen werden. <\/p><div class=\"wp-block-group more-tutorials is-layout-flow\"><div class=\"wp-block-group__inner-container\"><h2 class=\"wp-block-heading\"> Weitere Formeln<\/h2><ul><li> <a href=\"https:\/\/exceladvisor.org\/de\/durchschnittliche-maximalwerte\/\">Top 5 Werte in Excel<\/a><\/li><li> <a href=\"https:\/\/exceladvisor.org\/de\/variationskoeffizient\/\">Variationskoeffizient (CV) in Excel<\/a><\/li><li> <a href=\"https:\/\/exceladvisor.org\/de\/maximal-wenn\/\">MAX IF in Excel<\/a><\/li><li> <a href=\"https:\/\/exceladvisor.org\/de\/niedrigster-wert\/\">Finden Sie den niedrigsten Wert aus einer Liste von Zahlen (N).<\/a><\/li><li> <a href=\"https:\/\/exceladvisor.org\/de\/kleinster-wert-2\/\">Finden Sie den kleinsten Wert in einem Zellbereich (kleinste Zahl).<\/a><\/li><\/ul><\/div><\/div>","protected":false},"excerpt":{"rendered":"","protected":false},"author":1,"featured_media":0,"parent":0,"menu_order":0,"comment_status":"open","ping_status":"closed","template":"","meta":{"ub_ctt_via":"","footnotes":""},"class_list":["post-3309","page","type-page","status-publish","hentry"],"featured_image_src":null,"yoast_head":"<!-- This site is optimized with the Yoast SEO plugin v25.4 - https:\/\/yoast.com\/wordpress\/plugins\/seo\/ -->\n<title>Wie berechnet man schnell das Verh\u00e4ltnis in Excel? (Leitfaden 2023)<\/title>\n<meta name=\"description\" content=\"In Excel gibt es keine spezielle Funktion, die uns bei der Berechnung eines Verh\u00e4ltnisses helfen kann.\" \/>\n<meta name=\"robots\" content=\"index, follow, max-snippet:-1, max-image-preview:large, max-video-preview:-1\" \/>\n<link rel=\"canonical\" href=\"https:\/\/exceladvisor.org\/de\/bericht\/\" \/>\n<meta property=\"og:locale\" content=\"de_DE\" \/>\n<meta property=\"og:type\" content=\"article\" \/>\n<meta property=\"og:title\" content=\"Wie berechnet man schnell das Verh\u00e4ltnis in Excel? (Leitfaden 2023)\" \/>\n<meta property=\"og:description\" content=\"In Excel gibt es keine spezielle Funktion, die uns bei der Berechnung eines Verh\u00e4ltnisses helfen kann.\" \/>\n<meta property=\"og:url\" content=\"https:\/\/exceladvisor.org\/de\/bericht\/\" \/>\n<meta property=\"og:site_name\" content=\"Excel Advisor\" \/>\n<meta property=\"article:modified_time\" content=\"2023-12-03T11:14:16+00:00\" \/>\n<meta property=\"og:image\" content=\"https:\/\/exceladvisor.org\/wp-content\/uploads\/2023\/08\/calculer-le-rapport-dans-excel-avec-des-valeurs-de-division-simples-1.png\" \/>\n<meta name=\"twitter:card\" content=\"summary_large_image\" \/>\n<meta name=\"twitter:label1\" content=\"Gesch\u00e4tzte Lesezeit\" \/>\n\t<meta name=\"twitter:data1\" content=\"5\u00a0Minuten\" \/>\n<script type=\"application\/ld+json\" class=\"yoast-schema-graph\">{\"@context\":\"https:\/\/schema.org\",\"@graph\":[{\"@type\":\"WebPage\",\"@id\":\"https:\/\/exceladvisor.org\/de\/bericht\/\",\"url\":\"https:\/\/exceladvisor.org\/de\/bericht\/\",\"name\":\"Wie berechnet man schnell das Verh\u00e4ltnis in Excel? (Leitfaden 2023)\",\"isPartOf\":{\"@id\":\"https:\/\/exceladvisor.org\/de\/#website\"},\"primaryImageOfPage\":{\"@id\":\"https:\/\/exceladvisor.org\/de\/bericht\/#primaryimage\"},\"image\":{\"@id\":\"https:\/\/exceladvisor.org\/de\/bericht\/#primaryimage\"},\"thumbnailUrl\":\"https:\/\/exceladvisor.org\/wp-content\/uploads\/2023\/08\/calculer-le-rapport-dans-excel-avec-des-valeurs-de-division-simples-1.png\",\"datePublished\":\"2023-11-02T14:35:11+00:00\",\"dateModified\":\"2023-12-03T11:14:16+00:00\",\"description\":\"In Excel gibt es keine spezielle Funktion, die uns bei der Berechnung eines Verh\u00e4ltnisses helfen kann.\",\"breadcrumb\":{\"@id\":\"https:\/\/exceladvisor.org\/de\/bericht\/#breadcrumb\"},\"inLanguage\":\"de\",\"potentialAction\":[{\"@type\":\"ReadAction\",\"target\":[\"https:\/\/exceladvisor.org\/de\/bericht\/\"]}]},{\"@type\":\"ImageObject\",\"inLanguage\":\"de\",\"@id\":\"https:\/\/exceladvisor.org\/de\/bericht\/#primaryimage\",\"url\":\"https:\/\/exceladvisor.org\/wp-content\/uploads\/2023\/08\/calculer-le-rapport-dans-excel-avec-des-valeurs-de-division-simples-1.png\",\"contentUrl\":\"https:\/\/exceladvisor.org\/wp-content\/uploads\/2023\/08\/calculer-le-rapport-dans-excel-avec-des-valeurs-de-division-simples-1.png\"},{\"@type\":\"BreadcrumbList\",\"@id\":\"https:\/\/exceladvisor.org\/de\/bericht\/#breadcrumb\",\"itemListElement\":[{\"@type\":\"ListItem\",\"position\":1,\"name\":\"Accueil\",\"item\":\"https:\/\/exceladvisor.org\/de\/\"},{\"@type\":\"ListItem\",\"position\":2,\"name\":\"Wie berechnet man schnell das verh\u00e4ltnis in excel?\"}]},{\"@type\":\"WebSite\",\"@id\":\"https:\/\/exceladvisor.org\/de\/#website\",\"url\":\"https:\/\/exceladvisor.org\/de\/\",\"name\":\"Excel Advisor\",\"description\":\"Ihr Leitfaden zur Datendominanz\",\"publisher\":{\"@id\":\"https:\/\/exceladvisor.org\/de\/#organization\"},\"potentialAction\":[{\"@type\":\"SearchAction\",\"target\":{\"@type\":\"EntryPoint\",\"urlTemplate\":\"https:\/\/exceladvisor.org\/de\/?s={search_term_string}\"},\"query-input\":{\"@type\":\"PropertyValueSpecification\",\"valueRequired\":true,\"valueName\":\"search_term_string\"}}],\"inLanguage\":\"de\"},{\"@type\":\"Organization\",\"@id\":\"https:\/\/exceladvisor.org\/de\/#organization\",\"name\":\"Excel Advisor\",\"url\":\"https:\/\/exceladvisor.org\/de\/\",\"logo\":{\"@type\":\"ImageObject\",\"inLanguage\":\"de\",\"@id\":\"https:\/\/exceladvisor.org\/de\/#\/schema\/logo\/image\/\",\"url\":\"https:\/\/exceladvisor.org\/de\/wp-content\/uploads\/2023\/11\/exceladvisor.org_.png\",\"contentUrl\":\"https:\/\/exceladvisor.org\/de\/wp-content\/uploads\/2023\/11\/exceladvisor.org_.png\",\"width\":105,\"height\":36,\"caption\":\"Excel Advisor\"},\"image\":{\"@id\":\"https:\/\/exceladvisor.org\/de\/#\/schema\/logo\/image\/\"}}]}<\/script>\n<!-- \/ Yoast SEO plugin. -->","yoast_head_json":{"title":"Wie berechnet man schnell das Verh\u00e4ltnis in Excel? (Leitfaden 2023)","description":"In Excel gibt es keine spezielle Funktion, die uns bei der Berechnung eines Verh\u00e4ltnisses helfen kann.","robots":{"index":"index","follow":"follow","max-snippet":"max-snippet:-1","max-image-preview":"max-image-preview:large","max-video-preview":"max-video-preview:-1"},"canonical":"https:\/\/exceladvisor.org\/de\/bericht\/","og_locale":"de_DE","og_type":"article","og_title":"Wie berechnet man schnell das Verh\u00e4ltnis in Excel? (Leitfaden 2023)","og_description":"In Excel gibt es keine spezielle Funktion, die uns bei der Berechnung eines Verh\u00e4ltnisses helfen kann.","og_url":"https:\/\/exceladvisor.org\/de\/bericht\/","og_site_name":"Excel Advisor","article_modified_time":"2023-12-03T11:14:16+00:00","og_image":[{"url":"https:\/\/exceladvisor.org\/wp-content\/uploads\/2023\/08\/calculer-le-rapport-dans-excel-avec-des-valeurs-de-division-simples-1.png","type":"","width":"","height":""}],"twitter_card":"summary_large_image","twitter_misc":{"Gesch\u00e4tzte Lesezeit":"5\u00a0Minuten"},"schema":{"@context":"https:\/\/schema.org","@graph":[{"@type":"WebPage","@id":"https:\/\/exceladvisor.org\/de\/bericht\/","url":"https:\/\/exceladvisor.org\/de\/bericht\/","name":"Wie berechnet man schnell das Verh\u00e4ltnis in Excel? (Leitfaden 2023)","isPartOf":{"@id":"https:\/\/exceladvisor.org\/de\/#website"},"primaryImageOfPage":{"@id":"https:\/\/exceladvisor.org\/de\/bericht\/#primaryimage"},"image":{"@id":"https:\/\/exceladvisor.org\/de\/bericht\/#primaryimage"},"thumbnailUrl":"https:\/\/exceladvisor.org\/wp-content\/uploads\/2023\/08\/calculer-le-rapport-dans-excel-avec-des-valeurs-de-division-simples-1.png","datePublished":"2023-11-02T14:35:11+00:00","dateModified":"2023-12-03T11:14:16+00:00","description":"In Excel gibt es keine spezielle Funktion, die uns bei der Berechnung eines Verh\u00e4ltnisses helfen kann.","breadcrumb":{"@id":"https:\/\/exceladvisor.org\/de\/bericht\/#breadcrumb"},"inLanguage":"de","potentialAction":[{"@type":"ReadAction","target":["https:\/\/exceladvisor.org\/de\/bericht\/"]}]},{"@type":"ImageObject","inLanguage":"de","@id":"https:\/\/exceladvisor.org\/de\/bericht\/#primaryimage","url":"https:\/\/exceladvisor.org\/wp-content\/uploads\/2023\/08\/calculer-le-rapport-dans-excel-avec-des-valeurs-de-division-simples-1.png","contentUrl":"https:\/\/exceladvisor.org\/wp-content\/uploads\/2023\/08\/calculer-le-rapport-dans-excel-avec-des-valeurs-de-division-simples-1.png"},{"@type":"BreadcrumbList","@id":"https:\/\/exceladvisor.org\/de\/bericht\/#breadcrumb","itemListElement":[{"@type":"ListItem","position":1,"name":"Accueil","item":"https:\/\/exceladvisor.org\/de\/"},{"@type":"ListItem","position":2,"name":"Wie berechnet man schnell das verh\u00e4ltnis in excel?"}]},{"@type":"WebSite","@id":"https:\/\/exceladvisor.org\/de\/#website","url":"https:\/\/exceladvisor.org\/de\/","name":"Excel Advisor","description":"Ihr Leitfaden zur Datendominanz","publisher":{"@id":"https:\/\/exceladvisor.org\/de\/#organization"},"potentialAction":[{"@type":"SearchAction","target":{"@type":"EntryPoint","urlTemplate":"https:\/\/exceladvisor.org\/de\/?s={search_term_string}"},"query-input":{"@type":"PropertyValueSpecification","valueRequired":true,"valueName":"search_term_string"}}],"inLanguage":"de"},{"@type":"Organization","@id":"https:\/\/exceladvisor.org\/de\/#organization","name":"Excel Advisor","url":"https:\/\/exceladvisor.org\/de\/","logo":{"@type":"ImageObject","inLanguage":"de","@id":"https:\/\/exceladvisor.org\/de\/#\/schema\/logo\/image\/","url":"https:\/\/exceladvisor.org\/de\/wp-content\/uploads\/2023\/11\/exceladvisor.org_.png","contentUrl":"https:\/\/exceladvisor.org\/de\/wp-content\/uploads\/2023\/11\/exceladvisor.org_.png","width":105,"height":36,"caption":"Excel Advisor"},"image":{"@id":"https:\/\/exceladvisor.org\/de\/#\/schema\/logo\/image\/"}}]}},"yoast_meta":{"yoast_wpseo_title":"","yoast_wpseo_metadesc":"","yoast_wpseo_canonical":""},"_links":{"self":[{"href":"https:\/\/exceladvisor.org\/de\/wp-json\/wp\/v2\/pages\/3309","targetHints":{"allow":["GET"]}}],"collection":[{"href":"https:\/\/exceladvisor.org\/de\/wp-json\/wp\/v2\/pages"}],"about":[{"href":"https:\/\/exceladvisor.org\/de\/wp-json\/wp\/v2\/types\/page"}],"author":[{"embeddable":true,"href":"https:\/\/exceladvisor.org\/de\/wp-json\/wp\/v2\/users\/1"}],"replies":[{"embeddable":true,"href":"https:\/\/exceladvisor.org\/de\/wp-json\/wp\/v2\/comments?post=3309"}],"version-history":[{"count":1,"href":"https:\/\/exceladvisor.org\/de\/wp-json\/wp\/v2\/pages\/3309\/revisions"}],"predecessor-version":[{"id":3897,"href":"https:\/\/exceladvisor.org\/de\/wp-json\/wp\/v2\/pages\/3309\/revisions\/3897"}],"wp:attachment":[{"href":"https:\/\/exceladvisor.org\/de\/wp-json\/wp\/v2\/media?parent=3309"}],"curies":[{"name":"wp","href":"https:\/\/api.w.org\/{rel}","templated":true}]}}