{"id":3310,"date":"2023-11-02T05:46:50","date_gmt":"2023-11-02T05:46:50","guid":{"rendered":"https:\/\/exceladvisor.org\/de\/kein-fehler\/"},"modified":"2023-12-03T11:13:51","modified_gmt":"2023-12-03T11:13:51","slug":"kein-fehler","status":"publish","type":"page","link":"https:\/\/exceladvisor.org\/de\/kein-fehler\/","title":{"rendered":"Wie behebe ich den #n\/a-fehler in excel?"},"content":{"rendered":"<div class=\"excel-vor-dem-inhalt\" id=\"excel-1528128257\"><script type=\"text\/javascript\">\r\n\tatOptions = {\r\n\t\t'key' : 'c1158f160081d6540a8409e6925dab94',\r\n\t\t'format' : 'iframe',\r\n\t\t'height' : 250,\r\n\t\t'width' : 300,\r\n\t\t'params' : {}\r\n\t};\r\n<\/script>\r\n<script type=\"text\/javascript\" src=\"\/\/www.highperformanceformat.com\/c1158f160081d6540a8409e6925dab94\/invoke.js\"><\/script><\/div> <p>Beim Umgang mit #N\/A gibt es zwei Situationen:<\/p><ol type=\"1\"><li> Sie m\u00f6chten nicht den #N\/A-Fehler erhalten.<\/li><li> Sie m\u00f6chten es dem Benutzer nicht zeigen.<\/li><\/ol><p> Dieses Tutorial hilft Ihnen, mit diesen Situationen umzugehen.<\/p><h2 id=\"h-n-a-error-what-does-it-mean\" class=\"wp-block-heading\"> Fehler #N\/A \u2013 Was bedeutet das?<\/h2><p> Wie der Name schon sagt: \u201eNicht verf\u00fcgbar\u201c. Wenn Sie in Excel mit den Suchfunktionen nach einem Wert suchen und dieser Wert nicht in der Liste oder im Bereich gefunden wird, wird Ihre Formel das Ergebnis wahrscheinlich als #N\/A-Fehler zur\u00fcckgeben. <\/p><div class=\"wp-block-image\"><figure class=\"aligncenter size-full is-resized\"><img loading=\"lazy\" decoding=\"async\" class=\"wp-image-82470\" src=\"https:\/\/exceladvisor.org\/wp-content\/uploads\/2023\/08\/1-na-erreur.png\" sizes=\"auto, \" srcset=\"\" alt=\"na-Fehler\" width=\"522\" height=\"307\"><\/figure><\/div><h2 id=\"h-when-you-get-the-n-a\" class=\"wp-block-heading\"> Wann erhalten Sie das #N\/A?<\/h2><p> Im obigen Beispiel haben wir VLOOKUP verwendet, um den Wert 7 in Spalte A zu finden. Aber wie Sie sehen, liegt \u201e7\u201c nicht im Bereich und die Formel gibt im Ergebnis #N\/A zur\u00fcck. <\/p><div class=\"wp-block-image\"><figure class=\"aligncenter size-full is-resized\"><img loading=\"lazy\" decoding=\"async\" class=\"wp-image-82472\" src=\"https:\/\/exceladvisor.org\/wp-content\/uploads\/2023\/08\/2-quand-tu-recois-na.png\" sizes=\"auto, \" srcset=\"\" alt=\"wann-du-bekommst-na\" width=\"555\" height=\"325\"><\/figure><\/div><p> Wenn Sie die MATCH-Funktion verwenden und versuchen, eine \u00dcbereinstimmung f\u00fcr \u201e7\u201c zu erhalten, gibt die Formel im Ergebnis #N\/A zur\u00fcck. <\/p><div class=\"wp-block-image\"><figure class=\"aligncenter size-full is-resized\"><img loading=\"lazy\" decoding=\"async\" class=\"wp-image-82473\" src=\"https:\/\/exceladvisor.org\/wp-content\/uploads\/2023\/08\/3-utiliser-la-fonction-match.png\" sizes=\"auto, \" srcset=\"\" alt=\"Verwenden Sie die Match-Funktion\" width=\"544\" height=\"346\"><\/figure><\/div><p> Abgesehen davon erhalten Sie auch die gleiche Fehlermeldung, wenn Sie eine andere Suchformel wie HLOOKUP, SEARCH und INDEX+MATCH verwenden.<\/p><p class=\"qt-tip\"> <strong>Hinweis:<\/strong> Mit XLOOKUP verf\u00fcgen Sie \u00fcber ein integriertes Argument, mit dem Sie die abzurufenden Werte festlegen k\u00f6nnen, wenn der gesuchte Wert nicht im Suchbereich liegt.<\/p><h2 id=\"h-how-to-deal-with-n-a\" class=\"wp-block-heading\"> Wie verwalte ich #N\/A?<\/h2><p> Sie k\u00f6nnen zwei spezifische Funktionen verwenden.<\/p><h3 id=\"h-ifna-only-for-n-a-error\" class=\"wp-block-heading\"> IFNA: Nur f\u00fcr Fehler #N\/A<\/h3><p> Im folgenden Beispiel haben wir MATCH verwendet, indem wir es mit IFNA umschlossen haben. In IFNA verwendete das erste Argument die MATCH-Funktion und einen Wert, der zur\u00fcckgegeben werden soll, wenn MATCH #N\/A zur\u00fcckgibt. <\/p><div class=\"wp-block-image\"><figure class=\"aligncenter size-full is-resized\"><img loading=\"lazy\" decoding=\"async\" class=\"wp-image-82475\" src=\"https:\/\/exceladvisor.org\/wp-content\/uploads\/2023\/08\/4-match-avec-ifna.png\" sizes=\"auto, \" srcset=\"\" alt=\"match-with-ifna\" width=\"525\" height=\"309\"><\/figure><\/div><h3 id=\"h-iferror-for-all-errors\" class=\"wp-block-heading\"> IFERROR: f\u00fcr alle Fehler<\/h3><p> Auch im folgenden Beispiel haben wir IFERROR mit VLOOKUP verwendet. Wir haben VLOOKUP mit IFERROR umschlossen und den Wert angegeben, der zur\u00fcckgegeben werden soll, wenn das Ergebnis einen Fehler enth\u00e4lt. <\/p><div class=\"wp-block-image\"><figure class=\"aligncenter size-full is-resized\"><img loading=\"lazy\" decoding=\"async\" class=\"wp-image-82476\" src=\"https:\/\/exceladvisor.org\/wp-content\/uploads\/2023\/08\/5-iferror-avec-vlookup.png\" sizes=\"auto, \" srcset=\"\" alt=\"iferror-with-vlookup\" width=\"577\" height=\"310\"><\/figure><\/div><h2 id=\"h-other-points-to-remember\" class=\"wp-block-heading\"> Weitere Punkte, die Sie beachten sollten<\/h2><ol><li> \u00dcberpr\u00fcfen Sie den gesuchten Wert am besten mit einer beliebigen Suchfunktion. Wenn Sie einen falsch geschriebenen Wert haben, aber der richtige Wert vorhanden ist, ist es f\u00fcr Sie schwierig, ihn herauszufinden.<\/li><li> Manchmal erhalten Sie m\u00f6glicherweise den #N\/A-Fehler, wenn die gesuchten Werte ein anderes Format haben als die, die Sie im Suchbereich haben. Wenn Sie beispielsweise nach einer Nummer suchen, diese Nummer jedoch als Text im Suchbereich gespeichert ist, erhalten Sie trotzdem den Fehler #N\/A.<\/li><li> Das Vorhandensein zus\u00e4tzlicher Leerzeichen im Nachschlagewert oder in den Nachschlagetabellenwerten kann ebenfalls zu einem #N\/A-Fehler f\u00fchren. <\/li><\/ol><div class=\"gb-container gb-container-bafb25cc\"><div class=\"gb-grid-wrapper gb-grid-wrapper-91201309\"><div class=\"gb-grid-column gb-grid-column-15a917ef\"><div class=\"gb-container gb-container-15a917ef\"><h2 class=\"gb-headline gb-headline-f2deb261 gb-headline-text\"> BEISPIELDATEI <\/h2><\/div><\/div><div class=\"gb-grid-column gb-grid-column-18357188\"><div class=\"gb-container gb-container-18357188\"><div class=\"gb-container gb-container-76cbe15e\"> <a class=\"gb-button gb-button-509e8e50 gb-button-lead-button\" href=\"https:\/\/exceladvisor.org\/wp-content\/uploads\/2023\/11\/na-2.xlsx\" rel=\"nofollow\"><span class=\"gb-button-text\">Herunterladen<\/span><\/a><\/div><\/div><\/div><\/div><\/div><div class=\"gb-container gb-container-0df56012 gb-container-mt\"> <a class=\"gb-button gb-button-f9f432f4 gb-button-text gb-button-mt-button\" href=\"https:\/\/exceladvisor.org\/de\/formeln\/\">Liste der Excel-Formeln<\/a><h2 class=\"gb-headline gb-headline-233444e8 gb-headline-text gb-headline-mt-heading\"> Verwandte Formeln <\/h2><div class=\"gb-grid-wrapper gb-grid-wrapper-a16fa65c gb-grid-wrapper-mt-grid\"><div class=\"gb-grid-column gb-grid-column-50d07e0d\"><div class=\"gb-container gb-container-50d07e0d\"><ul><li> <a href=\"https:\/\/exceladvisor.org\/de\/divisionsfehler\/\">Fehler #DIV\/0<\/a><\/li><li> <a href=\"https:\/\/exceladvisor.org\/de\/verschuttungsfehler\/\">#VERBREITEN! Fehler<\/a><\/li><li> <a href=\"https:\/\/exceladvisor.org\/de\/wertfehler\/\">#VALUE Fehler<\/a><\/li><li> <a href=\"https:\/\/exceladvisor.org\/de\/fehler-ignorieren\/\">Ignorieren Sie alle Fehler in Excel<\/a><\/li><li> <a href=\"https:\/\/exceladvisor.org\/de\/referenzfehler\/\">#REF! Fehler<\/a> <\/li><\/ul><\/div><\/div><div class=\"gb-grid-column gb-grid-column-5b4a0cf9\"><div class=\"gb-container gb-container-5b4a0cf9\"><\/div><\/div><\/div><\/div>","protected":false},"excerpt":{"rendered":"","protected":false},"author":1,"featured_media":0,"parent":0,"menu_order":0,"comment_status":"open","ping_status":"closed","template":"","meta":{"ub_ctt_via":"","footnotes":""},"class_list":["post-3310","page","type-page","status-publish","hentry"],"featured_image_src":null,"yoast_head":"<!-- This site is optimized with the Yoast SEO plugin v25.4 - https:\/\/yoast.com\/wordpress\/plugins\/seo\/ -->\n<title>Wie behebe ich den #N\/A-Fehler in Excel? (Tutorial 2023)<\/title>\n<meta name=\"description\" content=\"Dieses Tutorial hilft Ihnen, den Excel-Formelfehler #N\/A zu verstehen und zu beheben. Lassen Sie uns das \u00fcberpr\u00fcfen...\" \/>\n<meta name=\"robots\" content=\"index, follow, max-snippet:-1, max-image-preview:large, max-video-preview:-1\" \/>\n<link rel=\"canonical\" href=\"https:\/\/exceladvisor.org\/de\/kein-fehler\/\" \/>\n<meta property=\"og:locale\" content=\"de_DE\" \/>\n<meta property=\"og:type\" content=\"article\" \/>\n<meta property=\"og:title\" content=\"Wie behebe ich den #N\/A-Fehler in Excel? (Tutorial 2023)\" \/>\n<meta property=\"og:description\" content=\"Dieses Tutorial hilft Ihnen, den Excel-Formelfehler #N\/A zu verstehen und zu beheben. Lassen Sie uns das \u00fcberpr\u00fcfen...\" \/>\n<meta property=\"og:url\" content=\"https:\/\/exceladvisor.org\/de\/kein-fehler\/\" \/>\n<meta property=\"og:site_name\" content=\"Excel Advisor\" \/>\n<meta property=\"article:modified_time\" content=\"2023-12-03T11:13:51+00:00\" \/>\n<meta property=\"og:image\" content=\"https:\/\/exceladvisor.org\/wp-content\/uploads\/2023\/08\/1-na-erreur.png\" \/>\n<meta name=\"twitter:card\" content=\"summary_large_image\" \/>\n<meta name=\"twitter:label1\" content=\"Gesch\u00e4tzte Lesezeit\" \/>\n\t<meta name=\"twitter:data1\" content=\"2\u00a0Minuten\" \/>\n<script type=\"application\/ld+json\" class=\"yoast-schema-graph\">{\"@context\":\"https:\/\/schema.org\",\"@graph\":[{\"@type\":\"WebPage\",\"@id\":\"https:\/\/exceladvisor.org\/de\/kein-fehler\/\",\"url\":\"https:\/\/exceladvisor.org\/de\/kein-fehler\/\",\"name\":\"Wie behebe ich den #N\/A-Fehler in Excel? (Tutorial 2023)\",\"isPartOf\":{\"@id\":\"https:\/\/exceladvisor.org\/de\/#website\"},\"primaryImageOfPage\":{\"@id\":\"https:\/\/exceladvisor.org\/de\/kein-fehler\/#primaryimage\"},\"image\":{\"@id\":\"https:\/\/exceladvisor.org\/de\/kein-fehler\/#primaryimage\"},\"thumbnailUrl\":\"https:\/\/exceladvisor.org\/wp-content\/uploads\/2023\/08\/1-na-erreur.png\",\"datePublished\":\"2023-11-02T05:46:50+00:00\",\"dateModified\":\"2023-12-03T11:13:51+00:00\",\"description\":\"Dieses Tutorial hilft Ihnen, den Excel-Formelfehler #N\/A zu verstehen und zu beheben. Lassen Sie uns das \u00fcberpr\u00fcfen...\",\"breadcrumb\":{\"@id\":\"https:\/\/exceladvisor.org\/de\/kein-fehler\/#breadcrumb\"},\"inLanguage\":\"de\",\"potentialAction\":[{\"@type\":\"ReadAction\",\"target\":[\"https:\/\/exceladvisor.org\/de\/kein-fehler\/\"]}]},{\"@type\":\"ImageObject\",\"inLanguage\":\"de\",\"@id\":\"https:\/\/exceladvisor.org\/de\/kein-fehler\/#primaryimage\",\"url\":\"https:\/\/exceladvisor.org\/wp-content\/uploads\/2023\/08\/1-na-erreur.png\",\"contentUrl\":\"https:\/\/exceladvisor.org\/wp-content\/uploads\/2023\/08\/1-na-erreur.png\"},{\"@type\":\"BreadcrumbList\",\"@id\":\"https:\/\/exceladvisor.org\/de\/kein-fehler\/#breadcrumb\",\"itemListElement\":[{\"@type\":\"ListItem\",\"position\":1,\"name\":\"Accueil\",\"item\":\"https:\/\/exceladvisor.org\/de\/\"},{\"@type\":\"ListItem\",\"position\":2,\"name\":\"Wie behebe ich den #n\/a-fehler in excel?\"}]},{\"@type\":\"WebSite\",\"@id\":\"https:\/\/exceladvisor.org\/de\/#website\",\"url\":\"https:\/\/exceladvisor.org\/de\/\",\"name\":\"Excel Advisor\",\"description\":\"Ihr Leitfaden zur Datendominanz\",\"publisher\":{\"@id\":\"https:\/\/exceladvisor.org\/de\/#organization\"},\"potentialAction\":[{\"@type\":\"SearchAction\",\"target\":{\"@type\":\"EntryPoint\",\"urlTemplate\":\"https:\/\/exceladvisor.org\/de\/?s={search_term_string}\"},\"query-input\":{\"@type\":\"PropertyValueSpecification\",\"valueRequired\":true,\"valueName\":\"search_term_string\"}}],\"inLanguage\":\"de\"},{\"@type\":\"Organization\",\"@id\":\"https:\/\/exceladvisor.org\/de\/#organization\",\"name\":\"Excel Advisor\",\"url\":\"https:\/\/exceladvisor.org\/de\/\",\"logo\":{\"@type\":\"ImageObject\",\"inLanguage\":\"de\",\"@id\":\"https:\/\/exceladvisor.org\/de\/#\/schema\/logo\/image\/\",\"url\":\"https:\/\/exceladvisor.org\/de\/wp-content\/uploads\/2023\/11\/exceladvisor.org_.png\",\"contentUrl\":\"https:\/\/exceladvisor.org\/de\/wp-content\/uploads\/2023\/11\/exceladvisor.org_.png\",\"width\":105,\"height\":36,\"caption\":\"Excel Advisor\"},\"image\":{\"@id\":\"https:\/\/exceladvisor.org\/de\/#\/schema\/logo\/image\/\"}}]}<\/script>\n<!-- \/ Yoast SEO plugin. -->","yoast_head_json":{"title":"Wie behebe ich den #N\/A-Fehler in Excel? (Tutorial 2023)","description":"Dieses Tutorial hilft Ihnen, den Excel-Formelfehler #N\/A zu verstehen und zu beheben. Lassen Sie uns das \u00fcberpr\u00fcfen...","robots":{"index":"index","follow":"follow","max-snippet":"max-snippet:-1","max-image-preview":"max-image-preview:large","max-video-preview":"max-video-preview:-1"},"canonical":"https:\/\/exceladvisor.org\/de\/kein-fehler\/","og_locale":"de_DE","og_type":"article","og_title":"Wie behebe ich den #N\/A-Fehler in Excel? (Tutorial 2023)","og_description":"Dieses Tutorial hilft Ihnen, den Excel-Formelfehler #N\/A zu verstehen und zu beheben. Lassen Sie uns das \u00fcberpr\u00fcfen...","og_url":"https:\/\/exceladvisor.org\/de\/kein-fehler\/","og_site_name":"Excel Advisor","article_modified_time":"2023-12-03T11:13:51+00:00","og_image":[{"url":"https:\/\/exceladvisor.org\/wp-content\/uploads\/2023\/08\/1-na-erreur.png","type":"","width":"","height":""}],"twitter_card":"summary_large_image","twitter_misc":{"Gesch\u00e4tzte Lesezeit":"2\u00a0Minuten"},"schema":{"@context":"https:\/\/schema.org","@graph":[{"@type":"WebPage","@id":"https:\/\/exceladvisor.org\/de\/kein-fehler\/","url":"https:\/\/exceladvisor.org\/de\/kein-fehler\/","name":"Wie behebe ich den #N\/A-Fehler in Excel? (Tutorial 2023)","isPartOf":{"@id":"https:\/\/exceladvisor.org\/de\/#website"},"primaryImageOfPage":{"@id":"https:\/\/exceladvisor.org\/de\/kein-fehler\/#primaryimage"},"image":{"@id":"https:\/\/exceladvisor.org\/de\/kein-fehler\/#primaryimage"},"thumbnailUrl":"https:\/\/exceladvisor.org\/wp-content\/uploads\/2023\/08\/1-na-erreur.png","datePublished":"2023-11-02T05:46:50+00:00","dateModified":"2023-12-03T11:13:51+00:00","description":"Dieses Tutorial hilft Ihnen, den Excel-Formelfehler #N\/A zu verstehen und zu beheben. Lassen Sie uns das \u00fcberpr\u00fcfen...","breadcrumb":{"@id":"https:\/\/exceladvisor.org\/de\/kein-fehler\/#breadcrumb"},"inLanguage":"de","potentialAction":[{"@type":"ReadAction","target":["https:\/\/exceladvisor.org\/de\/kein-fehler\/"]}]},{"@type":"ImageObject","inLanguage":"de","@id":"https:\/\/exceladvisor.org\/de\/kein-fehler\/#primaryimage","url":"https:\/\/exceladvisor.org\/wp-content\/uploads\/2023\/08\/1-na-erreur.png","contentUrl":"https:\/\/exceladvisor.org\/wp-content\/uploads\/2023\/08\/1-na-erreur.png"},{"@type":"BreadcrumbList","@id":"https:\/\/exceladvisor.org\/de\/kein-fehler\/#breadcrumb","itemListElement":[{"@type":"ListItem","position":1,"name":"Accueil","item":"https:\/\/exceladvisor.org\/de\/"},{"@type":"ListItem","position":2,"name":"Wie behebe ich den #n\/a-fehler in excel?"}]},{"@type":"WebSite","@id":"https:\/\/exceladvisor.org\/de\/#website","url":"https:\/\/exceladvisor.org\/de\/","name":"Excel Advisor","description":"Ihr Leitfaden zur Datendominanz","publisher":{"@id":"https:\/\/exceladvisor.org\/de\/#organization"},"potentialAction":[{"@type":"SearchAction","target":{"@type":"EntryPoint","urlTemplate":"https:\/\/exceladvisor.org\/de\/?s={search_term_string}"},"query-input":{"@type":"PropertyValueSpecification","valueRequired":true,"valueName":"search_term_string"}}],"inLanguage":"de"},{"@type":"Organization","@id":"https:\/\/exceladvisor.org\/de\/#organization","name":"Excel Advisor","url":"https:\/\/exceladvisor.org\/de\/","logo":{"@type":"ImageObject","inLanguage":"de","@id":"https:\/\/exceladvisor.org\/de\/#\/schema\/logo\/image\/","url":"https:\/\/exceladvisor.org\/de\/wp-content\/uploads\/2023\/11\/exceladvisor.org_.png","contentUrl":"https:\/\/exceladvisor.org\/de\/wp-content\/uploads\/2023\/11\/exceladvisor.org_.png","width":105,"height":36,"caption":"Excel Advisor"},"image":{"@id":"https:\/\/exceladvisor.org\/de\/#\/schema\/logo\/image\/"}}]}},"yoast_meta":{"yoast_wpseo_title":"","yoast_wpseo_metadesc":"","yoast_wpseo_canonical":""},"_links":{"self":[{"href":"https:\/\/exceladvisor.org\/de\/wp-json\/wp\/v2\/pages\/3310","targetHints":{"allow":["GET"]}}],"collection":[{"href":"https:\/\/exceladvisor.org\/de\/wp-json\/wp\/v2\/pages"}],"about":[{"href":"https:\/\/exceladvisor.org\/de\/wp-json\/wp\/v2\/types\/page"}],"author":[{"embeddable":true,"href":"https:\/\/exceladvisor.org\/de\/wp-json\/wp\/v2\/users\/1"}],"replies":[{"embeddable":true,"href":"https:\/\/exceladvisor.org\/de\/wp-json\/wp\/v2\/comments?post=3310"}],"version-history":[{"count":1,"href":"https:\/\/exceladvisor.org\/de\/wp-json\/wp\/v2\/pages\/3310\/revisions"}],"predecessor-version":[{"id":3862,"href":"https:\/\/exceladvisor.org\/de\/wp-json\/wp\/v2\/pages\/3310\/revisions\/3862"}],"wp:attachment":[{"href":"https:\/\/exceladvisor.org\/de\/wp-json\/wp\/v2\/media?parent=3310"}],"curies":[{"name":"wp","href":"https:\/\/api.w.org\/{rel}","templated":true}]}}