{"id":3311,"date":"2023-11-02T03:59:47","date_gmt":"2023-11-02T03:59:47","guid":{"rendered":"https:\/\/exceladvisor.org\/de\/spalte-zu-zeile\/"},"modified":"2023-12-03T11:13:48","modified_gmt":"2023-12-03T11:13:48","slug":"spalte-zu-zeile","status":"publish","type":"page","link":"https:\/\/exceladvisor.org\/de\/spalte-zu-zeile\/","title":{"rendered":"Wie \u00e4ndere ich eine spalte in einer zeile (umgekehrt)?"},"content":{"rendered":"<div class=\"excel-vor-dem-inhalt\" id=\"excel-777071278\"><script type=\"text\/javascript\">\r\n\tatOptions = {\r\n\t\t'key' : 'c1158f160081d6540a8409e6925dab94',\r\n\t\t'format' : 'iframe',\r\n\t\t'height' : 250,\r\n\t\t'width' : 300,\r\n\t\t'params' : {}\r\n\t};\r\n<\/script>\r\n<script type=\"text\/javascript\" src=\"\/\/www.highperformanceformat.com\/c1158f160081d6540a8409e6925dab94\/invoke.js\"><\/script><\/div> <p>Wenn Sie in Excel Spalten in Zeilen umwandeln m\u00f6chten, k\u00f6nnen Sie die Funktion TRANSPOSE verwenden. Mit dieser Funktion m\u00fcssen Sie lediglich einen Bereich mit \u00e4quivalenten Zellen ausw\u00e4hlen, aus dem Sie die ge\u00e4nderten Daten hinzuf\u00fcgen m\u00f6chten, sich auf den Bereich beziehen und STRG + UMSCHALT + EINGABETASTE verwenden.<\/p><p> Im folgenden Beispiel haben Sie eine Liste mit Namen und Altersgruppen. Und wir m\u00fcssen diese beiden Spalten in Zeilen \u00e4ndern. <\/p><div class=\"wp-block-image\"><figure class=\"aligncenter size-full is-resized\"><img loading=\"lazy\" decoding=\"async\" class=\"wp-image-67607\" src=\"https:\/\/exceladvisor.org\/wp-content\/uploads\/2023\/08\/1-liste-de-noms-et-dages.png\" sizes=\"auto, \" srcset=\"\" alt=\"Liste der Namen und des Alters\" width=\"315\" height=\"324\"><\/figure><\/div><h2 class=\"wp-block-heading\"> Schritte zum \u00c4ndern von Spalten in Zeilen<\/h2><ol type=\"1\"><li> Geben Sie zun\u00e4chst im Bereich D1:H2 die Funktion TRANSPOSE ein.<\/li><li> Dann beziehen Sie sich auf den Bereich A1:B6.<\/li><li> Geben Sie anschlie\u00dfend die schlie\u00dfenden Klammern ein.<\/li><li> Halten Sie am Ende STRG + UMSCHALT gedr\u00fcckt und dr\u00fccken Sie die EINGABETASTE. <\/li><\/ol><div class=\"wp-block-image\"><figure class=\"aligncenter size-full is-resized\"><img loading=\"lazy\" decoding=\"async\" class=\"wp-image-67608\" src=\"https:\/\/exceladvisor.org\/wp-content\/uploads\/2023\/08\/2-colonnes-de-fonction-de-transposition-en-lignes.png\" sizes=\"auto, \" srcset=\"\" alt=\"Funktion-Spalten-in-Zeilen transponieren\" width=\"584\" height=\"298\"><\/figure><\/div><pre class=\"wp-block-code\"> <code class=\"language-excel-formula\" lang=\"excel-formula\">=TRANSPOSE(A1:B6)<\/code><\/pre><p> Wie Sie im obigen Beispiel sehen k\u00f6nnen, haben wir unsere Spalten erfolgreich in Zeilen umgewandelt.<\/p><p> Um zu verstehen, wie die Transpositionsfunktion funktioniert, m\u00fcssen Sie verstehen, dass sie das von Ihnen angegebene Array (den Bereich) verwendet und dann vertikale Zellen in horizontale Zellen und umgekehrt umwandelt.<\/p><p> Aber es gibt eine Sache, auf die Sie achten m\u00fcssen: Sie m\u00fcssen die gleiche Anzahl von Zellen auf entgegengesetzte Weise ausw\u00e4hlen. Und Sie m\u00fcssen <strong>STRG + UMSCHALT + EINGABETASTE<\/strong> verwenden, damit diese Funktion funktioniert.<\/p><p> Hier ist noch etwas: Sobald Sie TRANSPOSE erstellt haben, funktioniert es dynamisch. Sobald Sie in einer der Zellen einen Wert gegen\u00fcber den urspr\u00fcnglichen Zellen \u00e4ndern, wird dieser Wert auch im transponierten Bereich ge\u00e4ndert.<\/p><p> Und wenn Sie den transponierten Bereich in Werte \u00e4ndern und ihn nicht mit den urspr\u00fcnglichen Werten verbinden m\u00f6chten, k\u00f6nnen Sie einen speziellen Wert einf\u00fcgen oder den Bereich mit der Tastenkombination Strg + C und dann Alt + V \u21e2 ausw\u00e4hlen V. <\/p><div class=\"gb-container gb-container-52dfcee1 gb-container-sample-file\"><h2 class=\"gb-headline gb-headline-e289c143 gb-headline-text gb-headline-4f7959c2\"> Holen Sie sich die Excel-Datei<\/h2> <a class=\"gb-button gb-button-e88d6bee gb-button-text gb-button-button1\" href=\"https:\/\/exceladvisor.org\/wp-content\/uploads\/2023\/11\/changer-les-colonnes-en-lignes.xlsx\" rel=\"nofollow\">Herunterladen<\/a><\/div><div class=\"gb-container gb-container-0df56012 gb-container-mt\"> <a class=\"gb-button gb-button-f9f432f4 gb-button-text gb-button-mt-button\" href=\"https:\/\/exceladvisor.org\/de\/formeln\/\">Liste der Excel-Formeln<\/a><h2 class=\"gb-headline gb-headline-233444e8 gb-headline-text gb-headline-mt-heading\"> Verwandte Formeln <\/h2><div class=\"gb-grid-wrapper gb-grid-wrapper-a16fa65c gb-grid-wrapper-mt-grid\"><div class=\"gb-grid-column gb-grid-column-50d07e0d\"><div class=\"gb-container gb-container-50d07e0d\"><ul><li> <a href=\"https:\/\/exceladvisor.org\/de\/schreiben-sie-den-ersten-buchstaben-gross\/\">Schreiben Sie den ersten Buchstaben in Excel gro\u00df<\/a><\/li><li> <a href=\"https:\/\/exceladvisor.org\/de\/satzfall\/\">Wechseln Sie in Excel zur Gro\u00df-\/Kleinschreibung<\/a><\/li><li> <a href=\"https:\/\/exceladvisor.org\/de\/geben-sie-die-vornamen-mit-komma-dazwischen-zuruck\/\">Geben Sie den Vor- und Nachnamen zur\u00fcck und f\u00fcgen Sie einen Befehl hinzu<\/a><\/li><li> <a href=\"https:\/\/exceladvisor.org\/de\/andern-sie-die-gross-kleinschreibung-des-textes\/\">\u00c4ndern Sie die Gro\u00df- und Kleinschreibung des Textes (Gro\u00df-, Klein- und Kleinschreibung).<\/a> <\/li><\/ul><\/div><\/div><div class=\"gb-grid-column gb-grid-column-5b4a0cf9\"><div class=\"gb-container gb-container-5b4a0cf9\"><\/div><\/div><\/div><\/div>","protected":false},"excerpt":{"rendered":"","protected":false},"author":1,"featured_media":0,"parent":0,"menu_order":0,"comment_status":"open","ping_status":"closed","template":"","meta":{"ub_ctt_via":"","footnotes":""},"class_list":["post-3311","page","type-page","status-publish","hentry"],"featured_image_src":null,"yoast_head":"<!-- This site is optimized with the Yoast SEO plugin v25.4 - https:\/\/yoast.com\/wordpress\/plugins\/seo\/ -->\n<title>Wie \u00e4ndere ich in Excel eine Spalte in eine Zeile (umgekehrt)?<\/title>\n<meta name=\"description\" content=\"In dieser Formel erfahren Sie, wie Sie mithilfe einer Formel auf einfache Weise Daten von einer Spalte in eine Zeile in Excel \u00e4ndern.\" \/>\n<meta name=\"robots\" content=\"index, follow, max-snippet:-1, max-image-preview:large, max-video-preview:-1\" \/>\n<link rel=\"canonical\" href=\"https:\/\/exceladvisor.org\/de\/spalte-zu-zeile\/\" \/>\n<meta property=\"og:locale\" content=\"de_DE\" \/>\n<meta property=\"og:type\" content=\"article\" \/>\n<meta property=\"og:title\" content=\"Wie \u00e4ndere ich in Excel eine Spalte in eine Zeile (umgekehrt)?\" \/>\n<meta property=\"og:description\" content=\"In dieser Formel erfahren Sie, wie Sie mithilfe einer Formel auf einfache Weise Daten von einer Spalte in eine Zeile in Excel \u00e4ndern.\" \/>\n<meta property=\"og:url\" content=\"https:\/\/exceladvisor.org\/de\/spalte-zu-zeile\/\" \/>\n<meta property=\"og:site_name\" content=\"Excel Advisor\" \/>\n<meta property=\"article:modified_time\" content=\"2023-12-03T11:13:48+00:00\" \/>\n<meta property=\"og:image\" content=\"https:\/\/exceladvisor.org\/wp-content\/uploads\/2023\/08\/1-liste-de-noms-et-dages.png\" \/>\n<meta name=\"twitter:card\" content=\"summary_large_image\" \/>\n<meta name=\"twitter:label1\" content=\"Gesch\u00e4tzte Lesezeit\" \/>\n\t<meta name=\"twitter:data1\" content=\"2\u00a0Minuten\" \/>\n<script type=\"application\/ld+json\" class=\"yoast-schema-graph\">{\"@context\":\"https:\/\/schema.org\",\"@graph\":[{\"@type\":\"WebPage\",\"@id\":\"https:\/\/exceladvisor.org\/de\/spalte-zu-zeile\/\",\"url\":\"https:\/\/exceladvisor.org\/de\/spalte-zu-zeile\/\",\"name\":\"Wie \u00e4ndere ich in Excel eine Spalte in eine Zeile (umgekehrt)?\",\"isPartOf\":{\"@id\":\"https:\/\/exceladvisor.org\/de\/#website\"},\"primaryImageOfPage\":{\"@id\":\"https:\/\/exceladvisor.org\/de\/spalte-zu-zeile\/#primaryimage\"},\"image\":{\"@id\":\"https:\/\/exceladvisor.org\/de\/spalte-zu-zeile\/#primaryimage\"},\"thumbnailUrl\":\"https:\/\/exceladvisor.org\/wp-content\/uploads\/2023\/08\/1-liste-de-noms-et-dages.png\",\"datePublished\":\"2023-11-02T03:59:47+00:00\",\"dateModified\":\"2023-12-03T11:13:48+00:00\",\"description\":\"In dieser Formel erfahren Sie, wie Sie mithilfe einer Formel auf einfache Weise Daten von einer Spalte in eine Zeile in Excel \u00e4ndern.\",\"breadcrumb\":{\"@id\":\"https:\/\/exceladvisor.org\/de\/spalte-zu-zeile\/#breadcrumb\"},\"inLanguage\":\"de\",\"potentialAction\":[{\"@type\":\"ReadAction\",\"target\":[\"https:\/\/exceladvisor.org\/de\/spalte-zu-zeile\/\"]}]},{\"@type\":\"ImageObject\",\"inLanguage\":\"de\",\"@id\":\"https:\/\/exceladvisor.org\/de\/spalte-zu-zeile\/#primaryimage\",\"url\":\"https:\/\/exceladvisor.org\/wp-content\/uploads\/2023\/08\/1-liste-de-noms-et-dages.png\",\"contentUrl\":\"https:\/\/exceladvisor.org\/wp-content\/uploads\/2023\/08\/1-liste-de-noms-et-dages.png\"},{\"@type\":\"BreadcrumbList\",\"@id\":\"https:\/\/exceladvisor.org\/de\/spalte-zu-zeile\/#breadcrumb\",\"itemListElement\":[{\"@type\":\"ListItem\",\"position\":1,\"name\":\"Accueil\",\"item\":\"https:\/\/exceladvisor.org\/de\/\"},{\"@type\":\"ListItem\",\"position\":2,\"name\":\"Wie \u00e4ndere ich eine spalte in einer zeile (umgekehrt)?\"}]},{\"@type\":\"WebSite\",\"@id\":\"https:\/\/exceladvisor.org\/de\/#website\",\"url\":\"https:\/\/exceladvisor.org\/de\/\",\"name\":\"Excel Advisor\",\"description\":\"Ihr Leitfaden zur Datendominanz\",\"publisher\":{\"@id\":\"https:\/\/exceladvisor.org\/de\/#organization\"},\"potentialAction\":[{\"@type\":\"SearchAction\",\"target\":{\"@type\":\"EntryPoint\",\"urlTemplate\":\"https:\/\/exceladvisor.org\/de\/?s={search_term_string}\"},\"query-input\":{\"@type\":\"PropertyValueSpecification\",\"valueRequired\":true,\"valueName\":\"search_term_string\"}}],\"inLanguage\":\"de\"},{\"@type\":\"Organization\",\"@id\":\"https:\/\/exceladvisor.org\/de\/#organization\",\"name\":\"Excel Advisor\",\"url\":\"https:\/\/exceladvisor.org\/de\/\",\"logo\":{\"@type\":\"ImageObject\",\"inLanguage\":\"de\",\"@id\":\"https:\/\/exceladvisor.org\/de\/#\/schema\/logo\/image\/\",\"url\":\"https:\/\/exceladvisor.org\/de\/wp-content\/uploads\/2023\/11\/exceladvisor.org_.png\",\"contentUrl\":\"https:\/\/exceladvisor.org\/de\/wp-content\/uploads\/2023\/11\/exceladvisor.org_.png\",\"width\":105,\"height\":36,\"caption\":\"Excel Advisor\"},\"image\":{\"@id\":\"https:\/\/exceladvisor.org\/de\/#\/schema\/logo\/image\/\"}}]}<\/script>\n<!-- \/ Yoast SEO plugin. -->","yoast_head_json":{"title":"Wie \u00e4ndere ich in Excel eine Spalte in eine Zeile (umgekehrt)?","description":"In dieser Formel erfahren Sie, wie Sie mithilfe einer Formel auf einfache Weise Daten von einer Spalte in eine Zeile in Excel \u00e4ndern.","robots":{"index":"index","follow":"follow","max-snippet":"max-snippet:-1","max-image-preview":"max-image-preview:large","max-video-preview":"max-video-preview:-1"},"canonical":"https:\/\/exceladvisor.org\/de\/spalte-zu-zeile\/","og_locale":"de_DE","og_type":"article","og_title":"Wie \u00e4ndere ich in Excel eine Spalte in eine Zeile (umgekehrt)?","og_description":"In dieser Formel erfahren Sie, wie Sie mithilfe einer Formel auf einfache Weise Daten von einer Spalte in eine Zeile in Excel \u00e4ndern.","og_url":"https:\/\/exceladvisor.org\/de\/spalte-zu-zeile\/","og_site_name":"Excel Advisor","article_modified_time":"2023-12-03T11:13:48+00:00","og_image":[{"url":"https:\/\/exceladvisor.org\/wp-content\/uploads\/2023\/08\/1-liste-de-noms-et-dages.png","type":"","width":"","height":""}],"twitter_card":"summary_large_image","twitter_misc":{"Gesch\u00e4tzte Lesezeit":"2\u00a0Minuten"},"schema":{"@context":"https:\/\/schema.org","@graph":[{"@type":"WebPage","@id":"https:\/\/exceladvisor.org\/de\/spalte-zu-zeile\/","url":"https:\/\/exceladvisor.org\/de\/spalte-zu-zeile\/","name":"Wie \u00e4ndere ich in Excel eine Spalte in eine Zeile (umgekehrt)?","isPartOf":{"@id":"https:\/\/exceladvisor.org\/de\/#website"},"primaryImageOfPage":{"@id":"https:\/\/exceladvisor.org\/de\/spalte-zu-zeile\/#primaryimage"},"image":{"@id":"https:\/\/exceladvisor.org\/de\/spalte-zu-zeile\/#primaryimage"},"thumbnailUrl":"https:\/\/exceladvisor.org\/wp-content\/uploads\/2023\/08\/1-liste-de-noms-et-dages.png","datePublished":"2023-11-02T03:59:47+00:00","dateModified":"2023-12-03T11:13:48+00:00","description":"In dieser Formel erfahren Sie, wie Sie mithilfe einer Formel auf einfache Weise Daten von einer Spalte in eine Zeile in Excel \u00e4ndern.","breadcrumb":{"@id":"https:\/\/exceladvisor.org\/de\/spalte-zu-zeile\/#breadcrumb"},"inLanguage":"de","potentialAction":[{"@type":"ReadAction","target":["https:\/\/exceladvisor.org\/de\/spalte-zu-zeile\/"]}]},{"@type":"ImageObject","inLanguage":"de","@id":"https:\/\/exceladvisor.org\/de\/spalte-zu-zeile\/#primaryimage","url":"https:\/\/exceladvisor.org\/wp-content\/uploads\/2023\/08\/1-liste-de-noms-et-dages.png","contentUrl":"https:\/\/exceladvisor.org\/wp-content\/uploads\/2023\/08\/1-liste-de-noms-et-dages.png"},{"@type":"BreadcrumbList","@id":"https:\/\/exceladvisor.org\/de\/spalte-zu-zeile\/#breadcrumb","itemListElement":[{"@type":"ListItem","position":1,"name":"Accueil","item":"https:\/\/exceladvisor.org\/de\/"},{"@type":"ListItem","position":2,"name":"Wie \u00e4ndere ich eine spalte in einer zeile (umgekehrt)?"}]},{"@type":"WebSite","@id":"https:\/\/exceladvisor.org\/de\/#website","url":"https:\/\/exceladvisor.org\/de\/","name":"Excel Advisor","description":"Ihr Leitfaden zur Datendominanz","publisher":{"@id":"https:\/\/exceladvisor.org\/de\/#organization"},"potentialAction":[{"@type":"SearchAction","target":{"@type":"EntryPoint","urlTemplate":"https:\/\/exceladvisor.org\/de\/?s={search_term_string}"},"query-input":{"@type":"PropertyValueSpecification","valueRequired":true,"valueName":"search_term_string"}}],"inLanguage":"de"},{"@type":"Organization","@id":"https:\/\/exceladvisor.org\/de\/#organization","name":"Excel Advisor","url":"https:\/\/exceladvisor.org\/de\/","logo":{"@type":"ImageObject","inLanguage":"de","@id":"https:\/\/exceladvisor.org\/de\/#\/schema\/logo\/image\/","url":"https:\/\/exceladvisor.org\/de\/wp-content\/uploads\/2023\/11\/exceladvisor.org_.png","contentUrl":"https:\/\/exceladvisor.org\/de\/wp-content\/uploads\/2023\/11\/exceladvisor.org_.png","width":105,"height":36,"caption":"Excel Advisor"},"image":{"@id":"https:\/\/exceladvisor.org\/de\/#\/schema\/logo\/image\/"}}]}},"yoast_meta":{"yoast_wpseo_title":"","yoast_wpseo_metadesc":"","yoast_wpseo_canonical":""},"_links":{"self":[{"href":"https:\/\/exceladvisor.org\/de\/wp-json\/wp\/v2\/pages\/3311","targetHints":{"allow":["GET"]}}],"collection":[{"href":"https:\/\/exceladvisor.org\/de\/wp-json\/wp\/v2\/pages"}],"about":[{"href":"https:\/\/exceladvisor.org\/de\/wp-json\/wp\/v2\/types\/page"}],"author":[{"embeddable":true,"href":"https:\/\/exceladvisor.org\/de\/wp-json\/wp\/v2\/users\/1"}],"replies":[{"embeddable":true,"href":"https:\/\/exceladvisor.org\/de\/wp-json\/wp\/v2\/comments?post=3311"}],"version-history":[{"count":1,"href":"https:\/\/exceladvisor.org\/de\/wp-json\/wp\/v2\/pages\/3311\/revisions"}],"predecessor-version":[{"id":3858,"href":"https:\/\/exceladvisor.org\/de\/wp-json\/wp\/v2\/pages\/3311\/revisions\/3858"}],"wp:attachment":[{"href":"https:\/\/exceladvisor.org\/de\/wp-json\/wp\/v2\/media?parent=3311"}],"curies":[{"name":"wp","href":"https:\/\/api.w.org\/{rel}","templated":true}]}}