{"id":3312,"date":"2023-11-02T03:51:32","date_gmt":"2023-11-02T03:51:32","guid":{"rendered":"https:\/\/exceladvisor.org\/de\/zahlen-sie-die-jahre-zwischen-zwei-daten\/"},"modified":"2023-12-03T13:06:01","modified_gmt":"2023-12-03T13:06:01","slug":"zahlen-sie-die-jahre-zwischen-zwei-daten","status":"publish","type":"page","link":"https:\/\/exceladvisor.org\/de\/zahlen-sie-die-jahre-zwischen-zwei-daten\/","title":{"rendered":"Wie z\u00e4hlt man die jahre zwischen zwei daten?"},"content":{"rendered":"<div class=\"excel-vor-dem-inhalt\" id=\"excel-1247616851\"><script type=\"text\/javascript\">\r\n\tatOptions = {\r\n\t\t'key' : 'c1158f160081d6540a8409e6925dab94',\r\n\t\t'format' : 'iframe',\r\n\t\t'height' : 250,\r\n\t\t'width' : 300,\r\n\t\t'params' : {}\r\n\t};\r\n<\/script>\r\n<script type=\"text\/javascript\" src=\"\/\/www.highperformanceformat.com\/c1158f160081d6540a8409e6925dab94\/invoke.js\"><\/script><\/div> <p>In Excel k\u00f6nnen Sie die Funktion DATEDIF verwenden, um die Anzahl der Jahre zwischen zwei Datumsangaben zu z\u00e4hlen. Und in diesem Tutorial erfahren wir, wie wir diese Z\u00e4hlung erhalten.<\/p><h2 class=\"wp-block-heading\"> Jahre zwischen zwei Daten<\/h2><p> Im folgenden Beispiel haben Sie ein Startdatum und ein Enddatum. Jetzt verwenden wir in Zelle C1 die Funktion DATEDIF, um die Jahre zwischen diesen beiden Daten zu ermitteln. <\/p><div class=\"wp-block-image\"><figure class=\"aligncenter size-full is-resized\"><img loading=\"lazy\" decoding=\"async\" class=\"wp-image-64904\" src=\"https:\/\/exceladvisor.org\/wp-content\/uploads\/2023\/08\/1-ans-entre-deux-dates.png\" sizes=\"auto, \" srcset=\"\" alt=\"Jahre zwischen Daten\" width=\"483\" height=\"263\"><\/figure><\/div><p> Verwenden Sie die folgenden Schritte, um hierf\u00fcr eine Formel zu schreiben:<\/p><ol type=\"1\"><li> Geben Sie in Zelle C1 \u201e=DATEDIF(\u201c ein, um die Funktion zu starten.<\/li><li> Sehen Sie sich Zelle A1 an, wo Sie das Startdatum haben.<\/li><li> Geben Sie nun ein Komma ein und beziehen Sie sich auf Zelle B1, in der Sie das Enddatum haben.<\/li><li> Geben Sie anschlie\u00dfend ein Komma und \u201ey\u201c ein.<\/li><li> Geben Sie am Ende eine schlie\u00dfende Klammer ein und dr\u00fccken Sie die Eingabetaste. <\/li><\/ol><div class=\"wp-block-image\"><figure class=\"aligncenter size-full is-resized\"><img loading=\"lazy\" decoding=\"async\" class=\"wp-image-64905\" src=\"https:\/\/exceladvisor.org\/wp-content\/uploads\/2023\/08\/2-formules-pour-gagner-des-annees.png\" sizes=\"auto, \" srcset=\"\" alt=\"Formel, um Jahre zu bekommen\" width=\"508\" height=\"276\"><\/figure><\/div><p> Im obigen Schnappschuss k\u00f6nnen Sie sehen, dass das Ergebnis 8 ist. Das ist die <strong>Anzahl der Jahre, die zwischen den von Ihnen angegebenen Daten vergangen sind<\/strong> .<\/p><pre class=\"wp-block-code\"> <code class=\"language-excel-formula\" lang=\"excel-formula\">=DATEDIF(A1,B1,\"y\")<\/code><\/pre><p> Wenn Sie jedoch ein vollst\u00e4ndiges Bild der Jahre zwischen diesen beiden Daten erhalten m\u00f6chten, k\u00f6nnen Sie die folgende Formel verwenden. <\/p><pre class=\"wp-block-code\"> <code class=\"language-excel-formula\" lang=\"excel-formula\">=DATEDIF(A1,B1,\"y\")&amp;\" Year(s), \"&amp; DATEDIF(A1,B1,\"ym\")&amp; \"month(s)\"<\/code><\/pre><div class=\"wp-block-image\"><figure class=\"aligncenter size-full is-resized\"><img loading=\"lazy\" decoding=\"async\" class=\"wp-image-64906\" src=\"https:\/\/exceladvisor.org\/wp-content\/uploads\/2023\/08\/3-formules-pour-obtenir-des-annees-et-des-mois.png\" sizes=\"auto, \" srcset=\"\" alt=\"Formel, um Jahre und Monate zu bekommen\" width=\"651\" height=\"327\"><\/figure><\/div><p> Der erste Teil dieser Formel ermittelt die vollst\u00e4ndige Anzahl der Jahre und der zweite Teil die Anzahl der Monate des verbleibenden unvollst\u00e4ndigen Jahres. <\/p><div class=\"gb-container gb-container-52dfcee1 gb-container-sample-file\"><h2 class=\"gb-headline gb-headline-e289c143 gb-headline-text gb-headline-4f7959c2\"> Holen Sie sich die Excel-Datei<\/h2><p> <a class=\"gb-button gb-button-e88d6bee gb-button-text gb-button-button1\" href=\"https:\/\/exceladvisor.org\/wp-content\/uploads\/2023\/08\/compter-les-annees-entre-deux-dates-3.xlsx\" rel=\"nofollow\">Herunterladen<\/a><\/p><\/div><div class=\"gb-container gb-container-0df56012 gb-container-mt\"> <a class=\"gb-button gb-button-f9f432f4 gb-button-text gb-button-mt-button\" href=\"https:\/\/exceladvisor.org\/de\/formeln\/\">Liste der Excel-Formeln<\/a><h2 class=\"gb-headline gb-headline-233444e8 gb-headline-text gb-headline-mt-heading\"> Verwandte Formeln <\/h2><div class=\"gb-grid-wrapper gb-grid-wrapper-a16fa65c gb-grid-wrapper-mt-grid\"><div class=\"gb-grid-column gb-grid-column-50d07e0d\"><div class=\"gb-container gb-container-50d07e0d\"><ul><li> <a href=\"https:\/\/exceladvisor.org\/de\/fugen-sie-die-bisherigen-jahre-hinzu\/\">F\u00fcgen Sie die bisherigen Jahre in Excel hinzu<\/a><\/li><li> <a href=\"https:\/\/exceladvisor.org\/de\/holen-sie-sich-die-nummer-des-tages-des-jahres\/\">Ermitteln Sie die Anzahl der Tage im Jahr in Excel<\/a><\/li><li> <a href=\"https:\/\/exceladvisor.org\/de\/erhalten-sie-2-dienstjahre\/\">Erhalten Sie jahrelangen Service in Excel<\/a><\/li><li> <a href=\"https:\/\/exceladvisor.org\/de\/jahre-zwischen-daten\/\">Jahre zwischen Datumsangaben in Excel<\/a><\/li><li> <a href=\"https:\/\/exceladvisor.org\/de\/jahr-und-monat-extrahieren\/\">Extrahieren (Get) Sie das Jahr oder den Monat aus einem Datum in Excel<\/a> <\/li><\/ul><\/div><\/div><div class=\"gb-grid-column gb-grid-column-5b4a0cf9\"><div class=\"gb-container gb-container-5b4a0cf9\"><\/div><\/div><\/div><\/div>","protected":false},"excerpt":{"rendered":"","protected":false},"author":1,"featured_media":0,"parent":0,"menu_order":0,"comment_status":"open","ping_status":"closed","template":"","meta":{"ub_ctt_via":"","footnotes":""},"class_list":["post-3312","page","type-page","status-publish","hentry"],"featured_image_src":null,"yoast_head":"<!-- This site is optimized with the Yoast SEO plugin v25.4 - https:\/\/yoast.com\/wordpress\/plugins\/seo\/ -->\n<title>Wie z\u00e4hlt man die Jahre zwischen zwei Daten? - Excel-Berater<\/title>\n<meta name=\"description\" content=\"In diesem Tutorial erfahren Sie, wie Sie die Anzahl der Jahre zwischen zwei Daten (einem Startdatum und einem Enddatum) z\u00e4hlen.\" \/>\n<meta name=\"robots\" content=\"index, follow, max-snippet:-1, max-image-preview:large, max-video-preview:-1\" \/>\n<link rel=\"canonical\" href=\"https:\/\/exceladvisor.org\/de\/zahlen-sie-die-jahre-zwischen-zwei-daten\/\" \/>\n<meta property=\"og:locale\" content=\"de_DE\" \/>\n<meta property=\"og:type\" content=\"article\" \/>\n<meta property=\"og:title\" content=\"Wie z\u00e4hlt man die Jahre zwischen zwei Daten? - Excel-Berater\" \/>\n<meta property=\"og:description\" content=\"In diesem Tutorial erfahren Sie, wie Sie die Anzahl der Jahre zwischen zwei Daten (einem Startdatum und einem Enddatum) z\u00e4hlen.\" \/>\n<meta property=\"og:url\" content=\"https:\/\/exceladvisor.org\/de\/zahlen-sie-die-jahre-zwischen-zwei-daten\/\" \/>\n<meta property=\"og:site_name\" content=\"Excel Advisor\" \/>\n<meta property=\"article:modified_time\" content=\"2023-12-03T13:06:01+00:00\" \/>\n<meta property=\"og:image\" content=\"https:\/\/exceladvisor.org\/wp-content\/uploads\/2023\/08\/1-ans-entre-deux-dates.png\" \/>\n<meta name=\"twitter:card\" content=\"summary_large_image\" \/>\n<meta name=\"twitter:label1\" content=\"Gesch\u00e4tzte Lesezeit\" \/>\n\t<meta name=\"twitter:data1\" content=\"1\u00a0Minute\" \/>\n<script type=\"application\/ld+json\" class=\"yoast-schema-graph\">{\"@context\":\"https:\/\/schema.org\",\"@graph\":[{\"@type\":\"WebPage\",\"@id\":\"https:\/\/exceladvisor.org\/de\/zahlen-sie-die-jahre-zwischen-zwei-daten\/\",\"url\":\"https:\/\/exceladvisor.org\/de\/zahlen-sie-die-jahre-zwischen-zwei-daten\/\",\"name\":\"Wie z\u00e4hlt man die Jahre zwischen zwei Daten? - Excel-Berater\",\"isPartOf\":{\"@id\":\"https:\/\/exceladvisor.org\/de\/#website\"},\"primaryImageOfPage\":{\"@id\":\"https:\/\/exceladvisor.org\/de\/zahlen-sie-die-jahre-zwischen-zwei-daten\/#primaryimage\"},\"image\":{\"@id\":\"https:\/\/exceladvisor.org\/de\/zahlen-sie-die-jahre-zwischen-zwei-daten\/#primaryimage\"},\"thumbnailUrl\":\"https:\/\/exceladvisor.org\/wp-content\/uploads\/2023\/08\/1-ans-entre-deux-dates.png\",\"datePublished\":\"2023-11-02T03:51:32+00:00\",\"dateModified\":\"2023-12-03T13:06:01+00:00\",\"description\":\"In diesem Tutorial erfahren Sie, wie Sie die Anzahl der Jahre zwischen zwei Daten (einem Startdatum und einem Enddatum) z\u00e4hlen.\",\"breadcrumb\":{\"@id\":\"https:\/\/exceladvisor.org\/de\/zahlen-sie-die-jahre-zwischen-zwei-daten\/#breadcrumb\"},\"inLanguage\":\"de\",\"potentialAction\":[{\"@type\":\"ReadAction\",\"target\":[\"https:\/\/exceladvisor.org\/de\/zahlen-sie-die-jahre-zwischen-zwei-daten\/\"]}]},{\"@type\":\"ImageObject\",\"inLanguage\":\"de\",\"@id\":\"https:\/\/exceladvisor.org\/de\/zahlen-sie-die-jahre-zwischen-zwei-daten\/#primaryimage\",\"url\":\"https:\/\/exceladvisor.org\/wp-content\/uploads\/2023\/08\/1-ans-entre-deux-dates.png\",\"contentUrl\":\"https:\/\/exceladvisor.org\/wp-content\/uploads\/2023\/08\/1-ans-entre-deux-dates.png\"},{\"@type\":\"BreadcrumbList\",\"@id\":\"https:\/\/exceladvisor.org\/de\/zahlen-sie-die-jahre-zwischen-zwei-daten\/#breadcrumb\",\"itemListElement\":[{\"@type\":\"ListItem\",\"position\":1,\"name\":\"Accueil\",\"item\":\"https:\/\/exceladvisor.org\/de\/\"},{\"@type\":\"ListItem\",\"position\":2,\"name\":\"Wie z\u00e4hlt man die jahre zwischen zwei daten?\"}]},{\"@type\":\"WebSite\",\"@id\":\"https:\/\/exceladvisor.org\/de\/#website\",\"url\":\"https:\/\/exceladvisor.org\/de\/\",\"name\":\"Excel Advisor\",\"description\":\"Ihr Leitfaden zur Datendominanz\",\"publisher\":{\"@id\":\"https:\/\/exceladvisor.org\/de\/#organization\"},\"potentialAction\":[{\"@type\":\"SearchAction\",\"target\":{\"@type\":\"EntryPoint\",\"urlTemplate\":\"https:\/\/exceladvisor.org\/de\/?s={search_term_string}\"},\"query-input\":{\"@type\":\"PropertyValueSpecification\",\"valueRequired\":true,\"valueName\":\"search_term_string\"}}],\"inLanguage\":\"de\"},{\"@type\":\"Organization\",\"@id\":\"https:\/\/exceladvisor.org\/de\/#organization\",\"name\":\"Excel Advisor\",\"url\":\"https:\/\/exceladvisor.org\/de\/\",\"logo\":{\"@type\":\"ImageObject\",\"inLanguage\":\"de\",\"@id\":\"https:\/\/exceladvisor.org\/de\/#\/schema\/logo\/image\/\",\"url\":\"https:\/\/exceladvisor.org\/de\/wp-content\/uploads\/2023\/11\/exceladvisor.org_.png\",\"contentUrl\":\"https:\/\/exceladvisor.org\/de\/wp-content\/uploads\/2023\/11\/exceladvisor.org_.png\",\"width\":105,\"height\":36,\"caption\":\"Excel Advisor\"},\"image\":{\"@id\":\"https:\/\/exceladvisor.org\/de\/#\/schema\/logo\/image\/\"}}]}<\/script>\n<!-- \/ Yoast SEO plugin. -->","yoast_head_json":{"title":"Wie z\u00e4hlt man die Jahre zwischen zwei Daten? - Excel-Berater","description":"In diesem Tutorial erfahren Sie, wie Sie die Anzahl der Jahre zwischen zwei Daten (einem Startdatum und einem Enddatum) z\u00e4hlen.","robots":{"index":"index","follow":"follow","max-snippet":"max-snippet:-1","max-image-preview":"max-image-preview:large","max-video-preview":"max-video-preview:-1"},"canonical":"https:\/\/exceladvisor.org\/de\/zahlen-sie-die-jahre-zwischen-zwei-daten\/","og_locale":"de_DE","og_type":"article","og_title":"Wie z\u00e4hlt man die Jahre zwischen zwei Daten? - Excel-Berater","og_description":"In diesem Tutorial erfahren Sie, wie Sie die Anzahl der Jahre zwischen zwei Daten (einem Startdatum und einem Enddatum) z\u00e4hlen.","og_url":"https:\/\/exceladvisor.org\/de\/zahlen-sie-die-jahre-zwischen-zwei-daten\/","og_site_name":"Excel Advisor","article_modified_time":"2023-12-03T13:06:01+00:00","og_image":[{"url":"https:\/\/exceladvisor.org\/wp-content\/uploads\/2023\/08\/1-ans-entre-deux-dates.png","type":"","width":"","height":""}],"twitter_card":"summary_large_image","twitter_misc":{"Gesch\u00e4tzte Lesezeit":"1\u00a0Minute"},"schema":{"@context":"https:\/\/schema.org","@graph":[{"@type":"WebPage","@id":"https:\/\/exceladvisor.org\/de\/zahlen-sie-die-jahre-zwischen-zwei-daten\/","url":"https:\/\/exceladvisor.org\/de\/zahlen-sie-die-jahre-zwischen-zwei-daten\/","name":"Wie z\u00e4hlt man die Jahre zwischen zwei Daten? - Excel-Berater","isPartOf":{"@id":"https:\/\/exceladvisor.org\/de\/#website"},"primaryImageOfPage":{"@id":"https:\/\/exceladvisor.org\/de\/zahlen-sie-die-jahre-zwischen-zwei-daten\/#primaryimage"},"image":{"@id":"https:\/\/exceladvisor.org\/de\/zahlen-sie-die-jahre-zwischen-zwei-daten\/#primaryimage"},"thumbnailUrl":"https:\/\/exceladvisor.org\/wp-content\/uploads\/2023\/08\/1-ans-entre-deux-dates.png","datePublished":"2023-11-02T03:51:32+00:00","dateModified":"2023-12-03T13:06:01+00:00","description":"In diesem Tutorial erfahren Sie, wie Sie die Anzahl der Jahre zwischen zwei Daten (einem Startdatum und einem Enddatum) z\u00e4hlen.","breadcrumb":{"@id":"https:\/\/exceladvisor.org\/de\/zahlen-sie-die-jahre-zwischen-zwei-daten\/#breadcrumb"},"inLanguage":"de","potentialAction":[{"@type":"ReadAction","target":["https:\/\/exceladvisor.org\/de\/zahlen-sie-die-jahre-zwischen-zwei-daten\/"]}]},{"@type":"ImageObject","inLanguage":"de","@id":"https:\/\/exceladvisor.org\/de\/zahlen-sie-die-jahre-zwischen-zwei-daten\/#primaryimage","url":"https:\/\/exceladvisor.org\/wp-content\/uploads\/2023\/08\/1-ans-entre-deux-dates.png","contentUrl":"https:\/\/exceladvisor.org\/wp-content\/uploads\/2023\/08\/1-ans-entre-deux-dates.png"},{"@type":"BreadcrumbList","@id":"https:\/\/exceladvisor.org\/de\/zahlen-sie-die-jahre-zwischen-zwei-daten\/#breadcrumb","itemListElement":[{"@type":"ListItem","position":1,"name":"Accueil","item":"https:\/\/exceladvisor.org\/de\/"},{"@type":"ListItem","position":2,"name":"Wie z\u00e4hlt man die jahre zwischen zwei daten?"}]},{"@type":"WebSite","@id":"https:\/\/exceladvisor.org\/de\/#website","url":"https:\/\/exceladvisor.org\/de\/","name":"Excel Advisor","description":"Ihr Leitfaden zur Datendominanz","publisher":{"@id":"https:\/\/exceladvisor.org\/de\/#organization"},"potentialAction":[{"@type":"SearchAction","target":{"@type":"EntryPoint","urlTemplate":"https:\/\/exceladvisor.org\/de\/?s={search_term_string}"},"query-input":{"@type":"PropertyValueSpecification","valueRequired":true,"valueName":"search_term_string"}}],"inLanguage":"de"},{"@type":"Organization","@id":"https:\/\/exceladvisor.org\/de\/#organization","name":"Excel Advisor","url":"https:\/\/exceladvisor.org\/de\/","logo":{"@type":"ImageObject","inLanguage":"de","@id":"https:\/\/exceladvisor.org\/de\/#\/schema\/logo\/image\/","url":"https:\/\/exceladvisor.org\/de\/wp-content\/uploads\/2023\/11\/exceladvisor.org_.png","contentUrl":"https:\/\/exceladvisor.org\/de\/wp-content\/uploads\/2023\/11\/exceladvisor.org_.png","width":105,"height":36,"caption":"Excel Advisor"},"image":{"@id":"https:\/\/exceladvisor.org\/de\/#\/schema\/logo\/image\/"}}]}},"yoast_meta":{"yoast_wpseo_title":"","yoast_wpseo_metadesc":"","yoast_wpseo_canonical":""},"_links":{"self":[{"href":"https:\/\/exceladvisor.org\/de\/wp-json\/wp\/v2\/pages\/3312","targetHints":{"allow":["GET"]}}],"collection":[{"href":"https:\/\/exceladvisor.org\/de\/wp-json\/wp\/v2\/pages"}],"about":[{"href":"https:\/\/exceladvisor.org\/de\/wp-json\/wp\/v2\/types\/page"}],"author":[{"embeddable":true,"href":"https:\/\/exceladvisor.org\/de\/wp-json\/wp\/v2\/users\/1"}],"replies":[{"embeddable":true,"href":"https:\/\/exceladvisor.org\/de\/wp-json\/wp\/v2\/comments?post=3312"}],"version-history":[{"count":1,"href":"https:\/\/exceladvisor.org\/de\/wp-json\/wp\/v2\/pages\/3312\/revisions"}],"predecessor-version":[{"id":4428,"href":"https:\/\/exceladvisor.org\/de\/wp-json\/wp\/v2\/pages\/3312\/revisions\/4428"}],"wp:attachment":[{"href":"https:\/\/exceladvisor.org\/de\/wp-json\/wp\/v2\/media?parent=3312"}],"curies":[{"name":"wp","href":"https:\/\/api.w.org\/{rel}","templated":true}]}}