{"id":3313,"date":"2023-11-02T03:40:46","date_gmt":"2023-11-02T03:40:46","guid":{"rendered":"https:\/\/exceladvisor.org\/de\/datum-in-zahl-umwandeln\/"},"modified":"2023-12-03T13:03:49","modified_gmt":"2023-12-03T13:03:49","slug":"datum-in-zahl-umwandeln","status":"publish","type":"page","link":"https:\/\/exceladvisor.org\/de\/datum-in-zahl-umwandeln\/","title":{"rendered":"Wie konvertiere ich in excel ein datum in eine zahl?"},"content":{"rendered":"<div class=\"excel-vor-dem-inhalt\" id=\"excel-717492258\"><script type=\"text\/javascript\">\r\n\tatOptions = {\r\n\t\t'key' : 'c1158f160081d6540a8409e6925dab94',\r\n\t\t'format' : 'iframe',\r\n\t\t'height' : 250,\r\n\t\t'width' : 300,\r\n\t\t'params' : {}\r\n\t};\r\n<\/script>\r\n<script type=\"text\/javascript\" src=\"\/\/www.highperformanceformat.com\/c1158f160081d6540a8409e6925dab94\/invoke.js\"><\/script><\/div> <p>Excel speichert ein Datum als Zahl. Jedes Datum hat einen eindeutigen Seriennummernwert. Wenn Sie im folgenden Beispiel sehen, haben Sie in Zelle A1 ein Datum \u201e1. Januar 2022\u201c. <\/p><div class=\"wp-block-image\"><figure class=\"aligncenter size-full is-resized\"><img loading=\"lazy\" decoding=\"async\" class=\"wp-image-64897\" src=\"https:\/\/exceladvisor.org\/wp-content\/uploads\/2023\/08\/1-date-dans-la-barre-de-formule-2.png\" sizes=\"auto, \" srcset=\"\" alt=\"Datum-in-Formelleiste\" width=\"355\" height=\"222\"><\/figure><\/div><p> Wenn Sie sich jedoch die Bearbeitungsleiste ansehen, wird dort das Datum und nicht die Seriennummer angezeigt. In diesem Tutorial erfahren Sie, wie Sie das Datum in eine Seriennummer umwandeln. <\/p><div class=\"gb-container gb-container-52dfcee1 gb-container-sample-file\"><h2 class=\"gb-headline gb-headline-e289c143 gb-headline-text gb-headline-4f7959c2\"> Holen Sie sich die Excel-Datei<\/h2> <a class=\"gb-button gb-button-e88d6bee gb-button-text gb-button-button1\" href=\"https:\/\/exceladvisor.org\/wp-content\/uploads\/2023\/11\/convertir-la-date-en-nombre-2.xlsx\" rel=\"nofollow\">Herunterladen<\/a><\/div><h2 class=\"wp-block-heading\"> Datum in Zahl umwandeln<\/h2><p> Wie ich eingangs sagte, speichert Excel Datumsangaben als fortlaufende Zahlen, und Sie k\u00f6nnen ein Datum in eine fortlaufende Zahl umwandeln, indem Sie einfach seine Formatierung \u00e4ndern. <\/p><div class=\"wp-block-image\"><figure class=\"aligncenter size-full is-resized\"><img loading=\"lazy\" decoding=\"async\" class=\"wp-image-64898\" src=\"https:\/\/exceladvisor.org\/wp-content\/uploads\/2023\/08\/2-convertir-la-date-en-nombre-2.png\" sizes=\"auto, \" srcset=\"\" alt=\"Datum-in-Zahl umwandeln\" width=\"595\" height=\"473\"><\/figure><\/div><ol><li> W\u00e4hlen Sie zun\u00e4chst die Zelle aus, in der Sie das Datum in eine Zahl umwandeln m\u00f6chten.<\/li><li> \u00d6ffnen Sie als N\u00e4chstes die benutzerdefinierte Formatierung mit der <a href=\"https:\/\/exceladvisor.org\/de\/optionen-zum-offnen-von-zellenformaten\/\">Tastenkombination Strg + 1<\/a> .<\/li><li> W\u00e4hlen Sie nun in den Kategorieoptionen das Zahlenformat aus.<\/li><li> Geben Sie abschlie\u00dfend die Dezimalstellen als Null an und klicken Sie auf OK.<\/li><\/ol><p> Sobald Sie die Formatierung \u00e4ndern, erhalten Sie die Nummer wie folgt, wobei Sie die Nummer anstelle des Datums haben. <\/p><div class=\"wp-block-image\"><figure class=\"aligncenter size-full is-resized\"><img loading=\"lazy\" decoding=\"async\" class=\"wp-image-64899\" src=\"https:\/\/exceladvisor.org\/wp-content\/uploads\/2023\/08\/3-date-comme-numero-2.png\" sizes=\"auto, \" srcset=\"\" alt=\"Datum als Zahl\" width=\"381\" height=\"237\"><\/figure><\/div><h2 class=\"wp-block-heading\"> Konvertieren Sie das Textdatum in eine Zahl<\/h2><p> Es kann vorkommen, dass Sie in einer Zelle ein Datum haben, das als Text gespeichert ist, und es nun in eine Zahl umwandeln m\u00f6chten. In diesem Fall m\u00fcssen Sie den DATEVALUE verwenden, der ein Datum in eine Reihe von Datumsangaben umwandelt. <\/p><div class=\"wp-block-image\"><figure class=\"aligncenter size-full is-resized\"><img loading=\"lazy\" decoding=\"async\" class=\"wp-image-64900\" src=\"https:\/\/exceladvisor.org\/wp-content\/uploads\/2023\/08\/4-texter-la-date-dans-le-numero-2.png\" sizes=\"auto, \" srcset=\"\" alt=\"Text-Datum-als-Nummer\" width=\"402\" height=\"264\"><\/figure><\/div><ol type=\"1\"><li> Geben Sie \u201e=DATEVALUE\u201c in eine Zelle ein.<\/li><li> Geben Sie dann die Anfangsklammern ein.<\/li><li> Sehen Sie sich die Zelle an, in der Sie das Datum haben.<\/li><li> Geben Sie nun die schlie\u00dfenden Klammern ein und dr\u00fccken Sie die Eingabetaste. <\/li><\/ol><div class=\"gb-container gb-container-d3fcd064 gb-container-sample-file\"><h2 class=\"gb-headline gb-headline-025a630b gb-headline-text gb-headline-4f7959c2\"> Holen Sie sich die Excel-Datei<\/h2> <a class=\"gb-button gb-button-be33d2c2 gb-button-text gb-button-button1\" href=\"https:\/\/exceladvisor.org\/wp-content\/uploads\/2023\/11\/convertir-la-date-en-nombre-2.xlsx\" rel=\"nofollow\">Herunterladen<\/a><\/div><div class=\"gb-container gb-container-0df56012 gb-container-mt\"> <a class=\"gb-button gb-button-f9f432f4 gb-button-text gb-button-mt-button\" href=\"https:\/\/exceladvisor.org\/de\/formeln\/\">Liste der Excel-Formeln<\/a><h2 class=\"gb-headline gb-headline-233444e8 gb-headline-text gb-headline-mt-heading\"> Verwandte Formeln <\/h2><div class=\"gb-grid-wrapper gb-grid-wrapper-a16fa65c gb-grid-wrapper-mt-grid\"><div class=\"gb-grid-column gb-grid-column-50d07e0d\"><div class=\"gb-container gb-container-50d07e0d\"><ul><li> <a href=\"https:\/\/exceladvisor.org\/de\/vergleichen-sie-zwei-daten\/\">Vergleichen Sie zwei Daten in Excel<\/a><\/li><li> <a href=\"https:\/\/exceladvisor.org\/de\/text-bis-heute\/\">Konvertieren Sie Text in Excel in ein Datum<\/a><\/li><li> <a href=\"https:\/\/exceladvisor.org\/de\/datumsbereich\/\">Erstellen Sie einen Datumsbereich in Excel<\/a><\/li><li> <a href=\"https:\/\/exceladvisor.org\/de\/benutzerdefinierte-datumsformate\/\">Benutzerdefinierte Datumsformate in Excel<\/a><\/li><li> <a href=\"https:\/\/exceladvisor.org\/de\/datum-wenn\/\">DATEDIF-Funktion in Excel<\/a> <\/li><\/ul><\/div><\/div><div class=\"gb-grid-column gb-grid-column-5b4a0cf9\"><div class=\"gb-container gb-container-5b4a0cf9\"><\/div><\/div><\/div><\/div>","protected":false},"excerpt":{"rendered":"","protected":false},"author":1,"featured_media":0,"parent":0,"menu_order":0,"comment_status":"open","ping_status":"closed","template":"","meta":{"ub_ctt_via":"","footnotes":""},"class_list":["post-3313","page","type-page","status-publish","hentry"],"featured_image_src":null,"yoast_head":"<!-- This site is optimized with the Yoast SEO plugin v25.4 - https:\/\/yoast.com\/wordpress\/plugins\/seo\/ -->\n<title>\u25b7 Wie konvertiere ich ein Datum in eine Zahl in Excel?<\/title>\n<meta name=\"description\" content=\"In diesem Tutorial erfahren Sie, wie Sie ein Datum in eine Zahl umwandeln. Excel speichert Daten als Seriennummern und Sie\" \/>\n<meta name=\"robots\" content=\"index, follow, max-snippet:-1, max-image-preview:large, max-video-preview:-1\" \/>\n<link rel=\"canonical\" href=\"https:\/\/exceladvisor.org\/de\/datum-in-zahl-umwandeln\/\" \/>\n<meta property=\"og:locale\" content=\"de_DE\" \/>\n<meta property=\"og:type\" content=\"article\" \/>\n<meta property=\"og:title\" content=\"\u25b7 Wie konvertiere ich ein Datum in eine Zahl in Excel?\" \/>\n<meta property=\"og:description\" content=\"In diesem Tutorial erfahren Sie, wie Sie ein Datum in eine Zahl umwandeln. Excel speichert Daten als Seriennummern und Sie\" \/>\n<meta property=\"og:url\" content=\"https:\/\/exceladvisor.org\/de\/datum-in-zahl-umwandeln\/\" \/>\n<meta property=\"og:site_name\" content=\"Excel Advisor\" \/>\n<meta property=\"article:modified_time\" content=\"2023-12-03T13:03:49+00:00\" \/>\n<meta property=\"og:image\" content=\"https:\/\/exceladvisor.org\/wp-content\/uploads\/2023\/08\/1-date-dans-la-barre-de-formule-2.png\" \/>\n<meta name=\"twitter:card\" content=\"summary_large_image\" \/>\n<meta name=\"twitter:label1\" content=\"Gesch\u00e4tzte Lesezeit\" \/>\n\t<meta name=\"twitter:data1\" content=\"1\u00a0Minute\" \/>\n<script type=\"application\/ld+json\" class=\"yoast-schema-graph\">{\"@context\":\"https:\/\/schema.org\",\"@graph\":[{\"@type\":\"WebPage\",\"@id\":\"https:\/\/exceladvisor.org\/de\/datum-in-zahl-umwandeln\/\",\"url\":\"https:\/\/exceladvisor.org\/de\/datum-in-zahl-umwandeln\/\",\"name\":\"\u25b7 Wie konvertiere ich ein Datum in eine Zahl in Excel?\",\"isPartOf\":{\"@id\":\"https:\/\/exceladvisor.org\/de\/#website\"},\"primaryImageOfPage\":{\"@id\":\"https:\/\/exceladvisor.org\/de\/datum-in-zahl-umwandeln\/#primaryimage\"},\"image\":{\"@id\":\"https:\/\/exceladvisor.org\/de\/datum-in-zahl-umwandeln\/#primaryimage\"},\"thumbnailUrl\":\"https:\/\/exceladvisor.org\/wp-content\/uploads\/2023\/08\/1-date-dans-la-barre-de-formule-2.png\",\"datePublished\":\"2023-11-02T03:40:46+00:00\",\"dateModified\":\"2023-12-03T13:03:49+00:00\",\"description\":\"In diesem Tutorial erfahren Sie, wie Sie ein Datum in eine Zahl umwandeln. Excel speichert Daten als Seriennummern und Sie\",\"breadcrumb\":{\"@id\":\"https:\/\/exceladvisor.org\/de\/datum-in-zahl-umwandeln\/#breadcrumb\"},\"inLanguage\":\"de\",\"potentialAction\":[{\"@type\":\"ReadAction\",\"target\":[\"https:\/\/exceladvisor.org\/de\/datum-in-zahl-umwandeln\/\"]}]},{\"@type\":\"ImageObject\",\"inLanguage\":\"de\",\"@id\":\"https:\/\/exceladvisor.org\/de\/datum-in-zahl-umwandeln\/#primaryimage\",\"url\":\"https:\/\/exceladvisor.org\/wp-content\/uploads\/2023\/08\/1-date-dans-la-barre-de-formule-2.png\",\"contentUrl\":\"https:\/\/exceladvisor.org\/wp-content\/uploads\/2023\/08\/1-date-dans-la-barre-de-formule-2.png\"},{\"@type\":\"BreadcrumbList\",\"@id\":\"https:\/\/exceladvisor.org\/de\/datum-in-zahl-umwandeln\/#breadcrumb\",\"itemListElement\":[{\"@type\":\"ListItem\",\"position\":1,\"name\":\"Accueil\",\"item\":\"https:\/\/exceladvisor.org\/de\/\"},{\"@type\":\"ListItem\",\"position\":2,\"name\":\"Wie konvertiere ich in excel ein datum in eine zahl?\"}]},{\"@type\":\"WebSite\",\"@id\":\"https:\/\/exceladvisor.org\/de\/#website\",\"url\":\"https:\/\/exceladvisor.org\/de\/\",\"name\":\"Excel Advisor\",\"description\":\"Ihr Leitfaden zur Datendominanz\",\"publisher\":{\"@id\":\"https:\/\/exceladvisor.org\/de\/#organization\"},\"potentialAction\":[{\"@type\":\"SearchAction\",\"target\":{\"@type\":\"EntryPoint\",\"urlTemplate\":\"https:\/\/exceladvisor.org\/de\/?s={search_term_string}\"},\"query-input\":{\"@type\":\"PropertyValueSpecification\",\"valueRequired\":true,\"valueName\":\"search_term_string\"}}],\"inLanguage\":\"de\"},{\"@type\":\"Organization\",\"@id\":\"https:\/\/exceladvisor.org\/de\/#organization\",\"name\":\"Excel Advisor\",\"url\":\"https:\/\/exceladvisor.org\/de\/\",\"logo\":{\"@type\":\"ImageObject\",\"inLanguage\":\"de\",\"@id\":\"https:\/\/exceladvisor.org\/de\/#\/schema\/logo\/image\/\",\"url\":\"https:\/\/exceladvisor.org\/de\/wp-content\/uploads\/2023\/11\/exceladvisor.org_.png\",\"contentUrl\":\"https:\/\/exceladvisor.org\/de\/wp-content\/uploads\/2023\/11\/exceladvisor.org_.png\",\"width\":105,\"height\":36,\"caption\":\"Excel Advisor\"},\"image\":{\"@id\":\"https:\/\/exceladvisor.org\/de\/#\/schema\/logo\/image\/\"}}]}<\/script>\n<!-- \/ Yoast SEO plugin. -->","yoast_head_json":{"title":"\u25b7 Wie konvertiere ich ein Datum in eine Zahl in Excel?","description":"In diesem Tutorial erfahren Sie, wie Sie ein Datum in eine Zahl umwandeln. Excel speichert Daten als Seriennummern und Sie","robots":{"index":"index","follow":"follow","max-snippet":"max-snippet:-1","max-image-preview":"max-image-preview:large","max-video-preview":"max-video-preview:-1"},"canonical":"https:\/\/exceladvisor.org\/de\/datum-in-zahl-umwandeln\/","og_locale":"de_DE","og_type":"article","og_title":"\u25b7 Wie konvertiere ich ein Datum in eine Zahl in Excel?","og_description":"In diesem Tutorial erfahren Sie, wie Sie ein Datum in eine Zahl umwandeln. Excel speichert Daten als Seriennummern und Sie","og_url":"https:\/\/exceladvisor.org\/de\/datum-in-zahl-umwandeln\/","og_site_name":"Excel Advisor","article_modified_time":"2023-12-03T13:03:49+00:00","og_image":[{"url":"https:\/\/exceladvisor.org\/wp-content\/uploads\/2023\/08\/1-date-dans-la-barre-de-formule-2.png","type":"","width":"","height":""}],"twitter_card":"summary_large_image","twitter_misc":{"Gesch\u00e4tzte Lesezeit":"1\u00a0Minute"},"schema":{"@context":"https:\/\/schema.org","@graph":[{"@type":"WebPage","@id":"https:\/\/exceladvisor.org\/de\/datum-in-zahl-umwandeln\/","url":"https:\/\/exceladvisor.org\/de\/datum-in-zahl-umwandeln\/","name":"\u25b7 Wie konvertiere ich ein Datum in eine Zahl in Excel?","isPartOf":{"@id":"https:\/\/exceladvisor.org\/de\/#website"},"primaryImageOfPage":{"@id":"https:\/\/exceladvisor.org\/de\/datum-in-zahl-umwandeln\/#primaryimage"},"image":{"@id":"https:\/\/exceladvisor.org\/de\/datum-in-zahl-umwandeln\/#primaryimage"},"thumbnailUrl":"https:\/\/exceladvisor.org\/wp-content\/uploads\/2023\/08\/1-date-dans-la-barre-de-formule-2.png","datePublished":"2023-11-02T03:40:46+00:00","dateModified":"2023-12-03T13:03:49+00:00","description":"In diesem Tutorial erfahren Sie, wie Sie ein Datum in eine Zahl umwandeln. Excel speichert Daten als Seriennummern und Sie","breadcrumb":{"@id":"https:\/\/exceladvisor.org\/de\/datum-in-zahl-umwandeln\/#breadcrumb"},"inLanguage":"de","potentialAction":[{"@type":"ReadAction","target":["https:\/\/exceladvisor.org\/de\/datum-in-zahl-umwandeln\/"]}]},{"@type":"ImageObject","inLanguage":"de","@id":"https:\/\/exceladvisor.org\/de\/datum-in-zahl-umwandeln\/#primaryimage","url":"https:\/\/exceladvisor.org\/wp-content\/uploads\/2023\/08\/1-date-dans-la-barre-de-formule-2.png","contentUrl":"https:\/\/exceladvisor.org\/wp-content\/uploads\/2023\/08\/1-date-dans-la-barre-de-formule-2.png"},{"@type":"BreadcrumbList","@id":"https:\/\/exceladvisor.org\/de\/datum-in-zahl-umwandeln\/#breadcrumb","itemListElement":[{"@type":"ListItem","position":1,"name":"Accueil","item":"https:\/\/exceladvisor.org\/de\/"},{"@type":"ListItem","position":2,"name":"Wie konvertiere ich in excel ein datum in eine zahl?"}]},{"@type":"WebSite","@id":"https:\/\/exceladvisor.org\/de\/#website","url":"https:\/\/exceladvisor.org\/de\/","name":"Excel Advisor","description":"Ihr Leitfaden zur Datendominanz","publisher":{"@id":"https:\/\/exceladvisor.org\/de\/#organization"},"potentialAction":[{"@type":"SearchAction","target":{"@type":"EntryPoint","urlTemplate":"https:\/\/exceladvisor.org\/de\/?s={search_term_string}"},"query-input":{"@type":"PropertyValueSpecification","valueRequired":true,"valueName":"search_term_string"}}],"inLanguage":"de"},{"@type":"Organization","@id":"https:\/\/exceladvisor.org\/de\/#organization","name":"Excel Advisor","url":"https:\/\/exceladvisor.org\/de\/","logo":{"@type":"ImageObject","inLanguage":"de","@id":"https:\/\/exceladvisor.org\/de\/#\/schema\/logo\/image\/","url":"https:\/\/exceladvisor.org\/de\/wp-content\/uploads\/2023\/11\/exceladvisor.org_.png","contentUrl":"https:\/\/exceladvisor.org\/de\/wp-content\/uploads\/2023\/11\/exceladvisor.org_.png","width":105,"height":36,"caption":"Excel Advisor"},"image":{"@id":"https:\/\/exceladvisor.org\/de\/#\/schema\/logo\/image\/"}}]}},"yoast_meta":{"yoast_wpseo_title":"","yoast_wpseo_metadesc":"","yoast_wpseo_canonical":""},"_links":{"self":[{"href":"https:\/\/exceladvisor.org\/de\/wp-json\/wp\/v2\/pages\/3313","targetHints":{"allow":["GET"]}}],"collection":[{"href":"https:\/\/exceladvisor.org\/de\/wp-json\/wp\/v2\/pages"}],"about":[{"href":"https:\/\/exceladvisor.org\/de\/wp-json\/wp\/v2\/types\/page"}],"author":[{"embeddable":true,"href":"https:\/\/exceladvisor.org\/de\/wp-json\/wp\/v2\/users\/1"}],"replies":[{"embeddable":true,"href":"https:\/\/exceladvisor.org\/de\/wp-json\/wp\/v2\/comments?post=3313"}],"version-history":[{"count":1,"href":"https:\/\/exceladvisor.org\/de\/wp-json\/wp\/v2\/pages\/3313\/revisions"}],"predecessor-version":[{"id":4121,"href":"https:\/\/exceladvisor.org\/de\/wp-json\/wp\/v2\/pages\/3313\/revisions\/4121"}],"wp:attachment":[{"href":"https:\/\/exceladvisor.org\/de\/wp-json\/wp\/v2\/media?parent=3313"}],"curies":[{"name":"wp","href":"https:\/\/api.w.org\/{rel}","templated":true}]}}